{"id":13613,"date":"2020-11-25T08:30:40","date_gmt":"2020-11-25T11:30:40","guid":{"rendered":"https:\/\/fjsp.org.br\/fjsp\/?page_id=13613"},"modified":"2020-11-24T14:35:40","modified_gmt":"2020-11-24T17:35:40","slug":"traducaoemfoco_jaqueline_nabeta_mishima_brasil","status":"publish","type":"page","link":"https:\/\/fjsp.org.br\/fjsp\/traducaoemfoco_jaqueline_nabeta_mishima_brasil\/","title":{"rendered":"Jaqueline Mami Nabeta &#8211; Mishima no Brasil"},"content":{"rendered":"<h5 style=\"text-align: right\"><a href=\"https:\/\/fjsp.org.br\/fjsp\/traducaoemfoco\/\">Tradu\u00e7\u00e3o em Foco<\/a> &gt; Mishima no Brasil<\/h5>\n<p><img fetchpriority=\"high\" decoding=\"async\" class=\"img-responsive img-fluid alignnone size-full wp-image-13614\" src=\"https:\/\/fjsp.org.br\/fjsp\/wp-content\/uploads\/2020\/11\/banner-site-04.jpg\" alt=\"\" width=\"2501\" height=\"448\" srcset=\"https:\/\/fjsp.org.br\/fjsp\/wp-content\/uploads\/2020\/11\/banner-site-04.jpg 2501w, https:\/\/fjsp.org.br\/fjsp\/wp-content\/uploads\/2020\/11\/banner-site-04-280x50.jpg 280w, https:\/\/fjsp.org.br\/fjsp\/wp-content\/uploads\/2020\/11\/banner-site-04-768x138.jpg 768w, https:\/\/fjsp.org.br\/fjsp\/wp-content\/uploads\/2020\/11\/banner-site-04-1536x275.jpg 1536w, https:\/\/fjsp.org.br\/fjsp\/wp-content\/uploads\/2020\/11\/banner-site-04-2048x367.jpg 2048w, https:\/\/fjsp.org.br\/fjsp\/wp-content\/uploads\/2020\/11\/banner-site-04-340x61.jpg 340w, https:\/\/fjsp.org.br\/fjsp\/wp-content\/uploads\/2020\/11\/banner-site-04-220x39.jpg 220w, https:\/\/fjsp.org.br\/fjsp\/wp-content\/uploads\/2020\/11\/banner-site-04-100x18.jpg 100w, https:\/\/fjsp.org.br\/fjsp\/wp-content\/uploads\/2020\/11\/banner-site-04-130x23.jpg 130w, https:\/\/fjsp.org.br\/fjsp\/wp-content\/uploads\/2020\/11\/banner-site-04-460x82.jpg 460w\" sizes=\"(max-width: 2501px) 100vw, 2501px\" \/><\/p>\n<p>&nbsp;<\/p>\n<p>No dia 27 de janeiro de 1952, Mishima desembarca no Rio de Janeiro. Viera na miss\u00e3o de correspondente do <em>Asahi Shimbun<\/em>, um dos cinco maiores peri\u00f3dicos japoneses. Havia passado pelos Estados Unidos antes, e depois ainda visitaria alguns pa\u00edses da Europa.<\/p>\n<p>Ficou cerca de um m\u00eas no Brasil, conheceu as cidades do Rio de Janeiro e de S\u00e3o Paulo. Chegou a ir a Lins, no interior do estado paulista, onde um amigo de inf\u00e2ncia tinha uma fazenda.<\/p>\n<p>Essa viagem ao noroeste paulista, al\u00e9m de v\u00e1rias cr\u00f4nicas, rendeu uma pe\u00e7a, a <em>Toca dos cupins<\/em> e a opereta <em>Bom dia, senhora.<\/em><\/p>\n<p>Foi sua experi\u00eancia no carnaval carioca, por\u00e9m, provavelmente um dos raros momentos em que despiu sua alma da m\u00e1scara:<\/p>\n<blockquote>\n<p style=\"text-align: left\">O \u00eaxtase do carnaval n\u00e3o tem valor algum aos olhos dos que desejam apenas contemplar. Quero confessar francamente que eu me extasiei.<br \/>\n(KUSANO, 2006, p. 84)<\/p>\n<\/blockquote>\n<p>Ap\u00f3s dois dias hesitando, no terceiro n\u00e3o resistiu \u00e0 energia contagiante do mar humano, caindo, como se diz popularmente, na folia.<\/p>\n<p>&nbsp;<\/p>\n<div id=\"attachment_13812\" style=\"width: 360px\" class=\"wp-caption aligncenter\"><img decoding=\"async\" aria-describedby=\"caption-attachment-13812\" class=\"img-responsive img-fluid wp-image-13812\" src=\"https:\/\/fjsp.org.br\/fjsp\/wp-content\/uploads\/2020\/11\/imagem-2-yukio-mishima.jpg\" alt=\"\" width=\"350\" height=\"284\" srcset=\"https:\/\/fjsp.org.br\/fjsp\/wp-content\/uploads\/2020\/11\/imagem-2-yukio-mishima.jpg 449w, https:\/\/fjsp.org.br\/fjsp\/wp-content\/uploads\/2020\/11\/imagem-2-yukio-mishima-280x227.jpg 280w, https:\/\/fjsp.org.br\/fjsp\/wp-content\/uploads\/2020\/11\/imagem-2-yukio-mishima-340x276.jpg 340w, https:\/\/fjsp.org.br\/fjsp\/wp-content\/uploads\/2020\/11\/imagem-2-yukio-mishima-220x178.jpg 220w, https:\/\/fjsp.org.br\/fjsp\/wp-content\/uploads\/2020\/11\/imagem-2-yukio-mishima-100x81.jpg 100w, https:\/\/fjsp.org.br\/fjsp\/wp-content\/uploads\/2020\/11\/imagem-2-yukio-mishima-130x105.jpg 130w\" sizes=\"(max-width: 350px) 100vw, 350px\" \/><p id=\"caption-attachment-13812\" class=\"wp-caption-text\">Imagem 2 &#8211; Yukio Mishima (1956)<\/p><\/div>\n<p>&nbsp;<\/p>\n<h3><strong>O reencontro<\/strong><\/h3>\n<p>Certa manh\u00e3, o telefone toca. Era a Yuko Takeda, saudosa amiga, tradutora e int\u00e9rprete. Depois dos usuais cumprimentos me perguntou:<\/p>\n<blockquote><p>\u2015 Voc\u00ea n\u00e3o gostaria de traduzir um livro de Yukio Mishima?<br \/>\n\u2015 Eu? \u2013 respondi surpresa. Qual \u00e9 a obra?<br \/>\n\u2015 <em>Confiss\u00f5es de uma m\u00e1scara<\/em>.<\/p><\/blockquote>\n<p>Continuamos ainda a conversar por um tempo, enquanto tentava decidir se gostaria ou n\u00e3o, pois sabia que seria um \u00e1rduo trabalho, uma longa gesta\u00e7\u00e3o, inclusive com alta probabilidade de ser de risco (risos).<\/p>\n<p>Mas, como s\u00e3o os desafios que me movem, at\u00e9 hoje, e como toda tradutora e professora devem concordar comigo que a melhor maneira de continuar aprendendo \u00e9 traduzindo e dando aulas, respondi:<\/p>\n<blockquote><p>\u2015 Bem, se a editora me conceder um tempo razo\u00e1vel, pois as aulas de japon\u00eas me tomam muito o tempo, posso tentar.<\/p><\/blockquote>\n<p>Assim, participei do processo seletivo da editora que consistia em traduzir algumas p\u00e1ginas do primeiro cap\u00edtulo. Fui a selecionada, e depois de alguns dias estava com o original em japon\u00eas em minhas m\u00e3os.<\/p>\n<p>Passados mais de trinta anos desde aquele tr\u00e1gico primeiro encontro, confesso (na acep\u00e7\u00e3o literal da palavra e n\u00e3o \u201cmishimiana\u201d) que jamais imaginara que pudesse traduzir uma obra de Yukio Mishima.<\/p>\n<p>Coisas da vida, como diriam alguns.<\/p>\n<p>&nbsp;<\/p>\n<p>&nbsp;<\/p>\n<hr \/>\n<h4 style=\"text-align: center\"><strong><a href=\"https:\/\/fjsp.org.br\/fjsp\/traducaoemfoco_jaqueline_nabeta\/\">&lt;&lt; 1. Jaqueline Mami Nabeta &#8211; 50 anos sem Yukio Mishima<\/a>\u00a0 \/\/\u00a0 <a href=\"https:\/\/fjsp.org.br\/fjsp\/traducaoemfoco_jaqueline_nabeta_trabalho_do_tradutor\/\">3. O trabalho do tradutor &gt;&gt;<\/a><\/strong><\/h4>\n<p style=\"text-align: center\"><a href=\"https:\/\/fjsp.org.br\/fjsp\/traducaoemfoco_jaqueline_nabeta\/\">1\u00a0<\/a>\u30fb\u00a0<strong> [ 2 ]\u00a0<\/strong> \u30fb <a href=\"https:\/\/fjsp.org.br\/fjsp\/traducaoemfoco_jaqueline_nabeta_trabalho_do_tradutor\/\">3<\/a> \u30fb <a href=\"https:\/\/fjsp.org.br\/fjsp\/traducaoemfoco_jaqueline_nabeta_entrelinhas_da_traducao\/\">4<\/a>\u30fb <a href=\"https:\/\/fjsp.org.br\/fjsp\/traducaoemfoco_jaqueline_nabeta_palavras_finais\/\">5<\/a><\/p>\n<p>&nbsp;<\/p>\n<h6 style=\"text-align: left\"><span style=\"color: #000000\">*Os usos de imagens e conte\u00fados desta p\u00e1gina s\u00e3o exclusivamente para fins educacionais e de divulga\u00e7\u00e3o de cultura japonesa, sem fins comerciais.<\/span><\/h6>\n","protected":false},"excerpt":{"rendered":"<p>Tradu\u00e7\u00e3o em Foco &gt; Mishima no Brasil &nbsp; No dia 27 de janeiro de 1952, Mishima desembarca no Rio de Janeiro. Viera na miss\u00e3o de correspondente do Asahi Shimbun, um dos cinco maiores peri\u00f3dicos japoneses. Havia passado pelos Estados Unidos antes, e depois ainda visitaria alguns pa\u00edses da Europa. Ficou cerca de um m\u00eas no [&hellip;]<\/p>\n","protected":false},"author":34,"featured_media":0,"parent":0,"menu_order":0,"comment_status":"closed","ping_status":"closed","template":"","meta":{"_acf_changed":false,"footnotes":""},"class_list":["post-13613","page","type-page","status-publish","hentry"],"acf":[],"_links":{"self":[{"href":"https:\/\/fjsp.org.br\/fjsp\/wp-json\/wp\/v2\/pages\/13613","targetHints":{"allow":["GET"]}}],"collection":[{"href":"https:\/\/fjsp.org.br\/fjsp\/wp-json\/wp\/v2\/pages"}],"about":[{"href":"https:\/\/fjsp.org.br\/fjsp\/wp-json\/wp\/v2\/types\/page"}],"author":[{"embeddable":true,"href":"https:\/\/fjsp.org.br\/fjsp\/wp-json\/wp\/v2\/users\/34"}],"replies":[{"embeddable":true,"href":"https:\/\/fjsp.org.br\/fjsp\/wp-json\/wp\/v2\/comments?post=13613"}],"version-history":[{"count":3,"href":"https:\/\/fjsp.org.br\/fjsp\/wp-json\/wp\/v2\/pages\/13613\/revisions"}],"predecessor-version":[{"id":13849,"href":"https:\/\/fjsp.org.br\/fjsp\/wp-json\/wp\/v2\/pages\/13613\/revisions\/13849"}],"wp:attachment":[{"href":"https:\/\/fjsp.org.br\/fjsp\/wp-json\/wp\/v2\/media?parent=13613"}],"curies":[{"name":"wp","href":"https:\/\/api.w.org\/{rel}","templated":true}]}}