{"id":14001,"date":"2020-12-18T09:00:52","date_gmt":"2020-12-18T12:00:52","guid":{"rendered":"https:\/\/fjsp.org.br\/fjsp\/?page_id=14001"},"modified":"2020-12-17T16:33:49","modified_gmt":"2020-12-17T19:33:49","slug":"dossie_mukashi_banashi","status":"publish","type":"page","link":"https:\/\/fjsp.org.br\/fjsp\/dossie_mukashi_banashi\/","title":{"rendered":"Dossi\u00ea Mukashi banashi"},"content":{"rendered":"<p style=\"text-align: right\"><strong><a href=\"https:\/\/fjsp.org.br\/fjsp\/dossie_literario\/\">Dossi\u00ea Liter\u00e1rio<\/a> &gt; Dossi\u00ea <em>Mukashi banashi <\/em><\/strong><\/p>\n<p><img fetchpriority=\"high\" decoding=\"async\" class=\"img-responsive img-fluid wp-image-14138 aligncenter\" src=\"https:\/\/fjsp.org.br\/fjsp\/wp-content\/uploads\/2020\/12\/citacao.jpg\" alt=\"\" width=\"800\" height=\"379\" srcset=\"https:\/\/fjsp.org.br\/fjsp\/wp-content\/uploads\/2020\/12\/citacao.jpg 1279w, https:\/\/fjsp.org.br\/fjsp\/wp-content\/uploads\/2020\/12\/citacao-280x133.jpg 280w, https:\/\/fjsp.org.br\/fjsp\/wp-content\/uploads\/2020\/12\/citacao-768x364.jpg 768w, https:\/\/fjsp.org.br\/fjsp\/wp-content\/uploads\/2020\/12\/citacao-340x161.jpg 340w, https:\/\/fjsp.org.br\/fjsp\/wp-content\/uploads\/2020\/12\/citacao-220x104.jpg 220w, https:\/\/fjsp.org.br\/fjsp\/wp-content\/uploads\/2020\/12\/citacao-100x47.jpg 100w, https:\/\/fjsp.org.br\/fjsp\/wp-content\/uploads\/2020\/12\/citacao-130x62.jpg 130w, https:\/\/fjsp.org.br\/fjsp\/wp-content\/uploads\/2020\/12\/citacao-460x218.jpg 460w\" sizes=\"(max-width: 800px) 100vw, 800px\" \/><\/p>\n<p>&nbsp;<\/p>\n<p>Neste terceiro dossi\u00ea liter\u00e1rio, convidamos a <a href=\"https:\/\/fjsp.org.br\/fjsp\/wp-content\/uploads\/2020\/12\/marcia-hitomi-namekata-perfil.jpg\" target=\"_blank\" rel=\"noopener noreferrer\">Prof\u00aa Dr\u00aa M\u00e1rcia Namekata<\/a>, da Universidade Federal do Paran\u00e1, para falar um pouco sobre os <em>mukashi banashi<\/em> japoneses ou o que comumente chamamos, de forma gen\u00e9rica, de lendas japonesas. Ela descreve a rela\u00e7\u00e3o entre os <em>mukashi banashi<\/em> e os contos infantis ocidentais, suas caracter\u00edsticas e particularidades, etc. Ao final deste especial, a Biblioteca sugere ainda a leitura de dois renomados escritores japoneses que mantiveram rela\u00e7\u00e3o pr\u00f3xima com os <em>mukashi banashi<\/em> em sua bibliografia: Lafcadio Hearn e Ryunosuke Akutagawa. Boa leitura!<\/p>\n<p>&nbsp;<\/p>\n<hr \/>\n<p>&nbsp;<\/p>\n<p><a href=\"https:\/\/fjsp.org.br\/fjsp\/dossie_mukashi_banashi_1_mukashi_banashi\/\"><img decoding=\"async\" class=\"img-responsive img-fluid alignnone wp-image-14111\" src=\"https:\/\/fjsp.org.br\/fjsp\/wp-content\/uploads\/2020\/12\/botao-site-prancheta-1.png\" alt=\"\" width=\"300\" height=\"286\" srcset=\"https:\/\/fjsp.org.br\/fjsp\/wp-content\/uploads\/2020\/12\/botao-site-prancheta-1.png 625w, https:\/\/fjsp.org.br\/fjsp\/wp-content\/uploads\/2020\/12\/botao-site-prancheta-1-280x267.png 280w, https:\/\/fjsp.org.br\/fjsp\/wp-content\/uploads\/2020\/12\/botao-site-prancheta-1-340x324.png 340w, https:\/\/fjsp.org.br\/fjsp\/wp-content\/uploads\/2020\/12\/botao-site-prancheta-1-220x210.png 220w, https:\/\/fjsp.org.br\/fjsp\/wp-content\/uploads\/2020\/12\/botao-site-prancheta-1-100x95.png 100w, https:\/\/fjsp.org.br\/fjsp\/wp-content\/uploads\/2020\/12\/botao-site-prancheta-1-130x124.png 130w, https:\/\/fjsp.org.br\/fjsp\/wp-content\/uploads\/2020\/12\/botao-site-prancheta-1-460x439.png 460w\" sizes=\"(max-width: 300px) 100vw, 300px\" \/><\/a> <a href=\"https:\/\/fjsp.org.br\/fjsp\/dossie_mukashi_banashi_2_mukashibanashi_contosocidentais\/\"><img decoding=\"async\" class=\"img-responsive img-fluid alignnone wp-image-14165\" src=\"https:\/\/fjsp.org.br\/fjsp\/wp-content\/uploads\/2020\/12\/botao-site-b-02.png\" alt=\"\" width=\"300\" height=\"286\" srcset=\"https:\/\/fjsp.org.br\/fjsp\/wp-content\/uploads\/2020\/12\/botao-site-b-02.png 626w, https:\/\/fjsp.org.br\/fjsp\/wp-content\/uploads\/2020\/12\/botao-site-b-02-280x267.png 280w, https:\/\/fjsp.org.br\/fjsp\/wp-content\/uploads\/2020\/12\/botao-site-b-02-340x324.png 340w, https:\/\/fjsp.org.br\/fjsp\/wp-content\/uploads\/2020\/12\/botao-site-b-02-220x209.png 220w, https:\/\/fjsp.org.br\/fjsp\/wp-content\/uploads\/2020\/12\/botao-site-b-02-100x95.png 100w, https:\/\/fjsp.org.br\/fjsp\/wp-content\/uploads\/2020\/12\/botao-site-b-02-130x124.png 130w, https:\/\/fjsp.org.br\/fjsp\/wp-content\/uploads\/2020\/12\/botao-site-b-02-460x438.png 460w\" sizes=\"(max-width: 300px) 100vw, 300px\" \/><\/a>\u00a0<a href=\"https:\/\/fjsp.org.br\/fjsp\/dossie_mukashi_banashi_3_particularidades_mukashi_banashi\/\"><img loading=\"lazy\" decoding=\"async\" class=\"img-responsive img-fluid alignnone wp-image-14113\" src=\"https:\/\/fjsp.org.br\/fjsp\/wp-content\/uploads\/2020\/12\/botao-site-03.png\" alt=\"\" width=\"300\" height=\"286\" srcset=\"https:\/\/fjsp.org.br\/fjsp\/wp-content\/uploads\/2020\/12\/botao-site-03.png 626w, https:\/\/fjsp.org.br\/fjsp\/wp-content\/uploads\/2020\/12\/botao-site-03-280x267.png 280w, https:\/\/fjsp.org.br\/fjsp\/wp-content\/uploads\/2020\/12\/botao-site-03-340x324.png 340w, https:\/\/fjsp.org.br\/fjsp\/wp-content\/uploads\/2020\/12\/botao-site-03-220x209.png 220w, https:\/\/fjsp.org.br\/fjsp\/wp-content\/uploads\/2020\/12\/botao-site-03-100x95.png 100w, https:\/\/fjsp.org.br\/fjsp\/wp-content\/uploads\/2020\/12\/botao-site-03-130x124.png 130w, https:\/\/fjsp.org.br\/fjsp\/wp-content\/uploads\/2020\/12\/botao-site-03-460x438.png 460w\" sizes=\"(max-width: 300px) 100vw, 300px\" \/><\/a> <a href=\"https:\/\/fjsp.org.br\/fjsp\/dossie_mukashi_banashi_4_final_infeliz\/\"><img loading=\"lazy\" decoding=\"async\" class=\"img-responsive img-fluid alignnone wp-image-14114\" src=\"https:\/\/fjsp.org.br\/fjsp\/wp-content\/uploads\/2020\/12\/botao-site-04.png\" alt=\"\" width=\"300\" height=\"286\" srcset=\"https:\/\/fjsp.org.br\/fjsp\/wp-content\/uploads\/2020\/12\/botao-site-04.png 625w, https:\/\/fjsp.org.br\/fjsp\/wp-content\/uploads\/2020\/12\/botao-site-04-280x267.png 280w, https:\/\/fjsp.org.br\/fjsp\/wp-content\/uploads\/2020\/12\/botao-site-04-340x324.png 340w, https:\/\/fjsp.org.br\/fjsp\/wp-content\/uploads\/2020\/12\/botao-site-04-220x210.png 220w, https:\/\/fjsp.org.br\/fjsp\/wp-content\/uploads\/2020\/12\/botao-site-04-100x95.png 100w, https:\/\/fjsp.org.br\/fjsp\/wp-content\/uploads\/2020\/12\/botao-site-04-130x124.png 130w, https:\/\/fjsp.org.br\/fjsp\/wp-content\/uploads\/2020\/12\/botao-site-04-460x439.png 460w\" sizes=\"(max-width: 300px) 100vw, 300px\" \/><\/a> <a href=\"https:\/\/fjsp.org.br\/fjsp\/dossie_mukashi_banashi_5_sugestoes_biblioteca\/\"><img loading=\"lazy\" decoding=\"async\" class=\"img-responsive img-fluid alignnone wp-image-14115\" src=\"https:\/\/fjsp.org.br\/fjsp\/wp-content\/uploads\/2020\/12\/botao-site-05.png\" alt=\"\" width=\"300\" height=\"286\" srcset=\"https:\/\/fjsp.org.br\/fjsp\/wp-content\/uploads\/2020\/12\/botao-site-05.png 626w, https:\/\/fjsp.org.br\/fjsp\/wp-content\/uploads\/2020\/12\/botao-site-05-280x267.png 280w, https:\/\/fjsp.org.br\/fjsp\/wp-content\/uploads\/2020\/12\/botao-site-05-340x324.png 340w, https:\/\/fjsp.org.br\/fjsp\/wp-content\/uploads\/2020\/12\/botao-site-05-220x209.png 220w, https:\/\/fjsp.org.br\/fjsp\/wp-content\/uploads\/2020\/12\/botao-site-05-100x95.png 100w, https:\/\/fjsp.org.br\/fjsp\/wp-content\/uploads\/2020\/12\/botao-site-05-130x124.png 130w, https:\/\/fjsp.org.br\/fjsp\/wp-content\/uploads\/2020\/12\/botao-site-05-460x438.png 460w\" sizes=\"(max-width: 300px) 100vw, 300px\" \/><\/a><\/p>\n<p>&nbsp;<\/p>\n<p><img loading=\"lazy\" decoding=\"async\" class=\"img-responsive alignnone wp-image-11642 size-full\" src=\"https:\/\/fjsp.org.br\/fjsp\/wp-content\/uploads\/2020\/07\/pattern-v1-03-1.png\" alt=\"\" width=\"4032\" height=\"223\" srcset=\"https:\/\/fjsp.org.br\/fjsp\/wp-content\/uploads\/2020\/07\/pattern-v1-03-1.png 4032w, https:\/\/fjsp.org.br\/fjsp\/wp-content\/uploads\/2020\/07\/pattern-v1-03-1-280x15.png 280w, https:\/\/fjsp.org.br\/fjsp\/wp-content\/uploads\/2020\/07\/pattern-v1-03-1-768x42.png 768w, https:\/\/fjsp.org.br\/fjsp\/wp-content\/uploads\/2020\/07\/pattern-v1-03-1-340x19.png 340w, https:\/\/fjsp.org.br\/fjsp\/wp-content\/uploads\/2020\/07\/pattern-v1-03-1-220x12.png 220w, https:\/\/fjsp.org.br\/fjsp\/wp-content\/uploads\/2020\/07\/pattern-v1-03-1-100x6.png 100w, https:\/\/fjsp.org.br\/fjsp\/wp-content\/uploads\/2020\/07\/pattern-v1-03-1-130x7.png 130w, https:\/\/fjsp.org.br\/fjsp\/wp-content\/uploads\/2020\/07\/pattern-v1-03-1-460x25.png 460w\" sizes=\"(max-width: 4032px) 100vw, 4032px\" \/><\/p>\n","protected":false},"excerpt":{"rendered":"<p>Dossi\u00ea Liter\u00e1rio &gt; Dossi\u00ea Mukashi banashi &nbsp; Neste terceiro dossi\u00ea liter\u00e1rio, convidamos a Prof\u00aa Dr\u00aa M\u00e1rcia Namekata, da Universidade Federal do Paran\u00e1, para falar um pouco sobre os mukashi banashi japoneses ou o que comumente chamamos, de forma gen\u00e9rica, de lendas japonesas. Ela descreve a rela\u00e7\u00e3o entre os mukashi banashi e os contos infantis ocidentais, [&hellip;]<\/p>\n","protected":false},"author":34,"featured_media":0,"parent":0,"menu_order":0,"comment_status":"closed","ping_status":"closed","template":"","meta":{"_acf_changed":false,"footnotes":""},"class_list":["post-14001","page","type-page","status-publish","hentry"],"acf":[],"_links":{"self":[{"href":"https:\/\/fjsp.org.br\/fjsp\/wp-json\/wp\/v2\/pages\/14001","targetHints":{"allow":["GET"]}}],"collection":[{"href":"https:\/\/fjsp.org.br\/fjsp\/wp-json\/wp\/v2\/pages"}],"about":[{"href":"https:\/\/fjsp.org.br\/fjsp\/wp-json\/wp\/v2\/types\/page"}],"author":[{"embeddable":true,"href":"https:\/\/fjsp.org.br\/fjsp\/wp-json\/wp\/v2\/users\/34"}],"replies":[{"embeddable":true,"href":"https:\/\/fjsp.org.br\/fjsp\/wp-json\/wp\/v2\/comments?post=14001"}],"version-history":[{"count":2,"href":"https:\/\/fjsp.org.br\/fjsp\/wp-json\/wp\/v2\/pages\/14001\/revisions"}],"predecessor-version":[{"id":14166,"href":"https:\/\/fjsp.org.br\/fjsp\/wp-json\/wp\/v2\/pages\/14001\/revisions\/14166"}],"wp:attachment":[{"href":"https:\/\/fjsp.org.br\/fjsp\/wp-json\/wp\/v2\/media?parent=14001"}],"curies":[{"name":"wp","href":"https:\/\/api.w.org\/{rel}","templated":true}]}}