{"id":14080,"date":"2020-12-14T09:37:36","date_gmt":"2020-12-14T12:37:36","guid":{"rendered":"https:\/\/fjsp.org.br\/fjsp\/?page_id=14080"},"modified":"2021-04-22T05:44:57","modified_gmt":"2021-04-22T08:44:57","slug":"musica-no-castelo-andre-mehmari","status":"publish","type":"page","link":"https:\/\/fjsp.org.br\/fjsp\/musica-no-castelo-andre-mehmari\/","title":{"rendered":"Andr\u00e9 Mehmari (Piano)"},"content":{"rendered":"<h5 style=\"text-align: right;\"><a href=\"https:\/\/fjsp.org.br\/fjsp\/musica-no-castelo-andre-mehmari-jap\/\">\u65e5\u672c\u8a9e<\/a>\u00a0|\u00a0<a href=\"https:\/\/fjsp.org.br\/fjsp\/musica-no-castelo-andre-mehmari-ing\/\">English<\/a>\u00a0|\u00a0<a href=\"https:\/\/fjsp.org.br\/fjsp\/musica-no-castelo-andre-mehmari-esp\/\">Espa\u00f1ol<\/a><\/h5>\n<p>&nbsp;<\/p>\n<p>Neste nono programa da s\u00e9rie de concertos solos \u201cM\u00fasica no Castelo\u201d, apresentaremos o piano, com o pianista, arranjador e compositor Andr\u00e9 Mehmari. Este instrumento \u00e9 muito conhecido em todas as culturas, mas possui uma hist\u00f3ria que pode nos surpreender.<\/p>\n<p>&nbsp;<\/p>\n<p><img fetchpriority=\"high\" decoding=\"async\" class=\"img-responsive img-fluid size-full wp-image-14117 aligncenter\" src=\"https:\/\/fjsp.org.br\/fjsp\/wp-content\/uploads\/2020\/12\/andre-mehmari-site1.jpg\" alt=\"\" width=\"700\" height=\"467\" srcset=\"https:\/\/fjsp.org.br\/fjsp\/wp-content\/uploads\/2020\/12\/andre-mehmari-site1.jpg 700w, https:\/\/fjsp.org.br\/fjsp\/wp-content\/uploads\/2020\/12\/andre-mehmari-site1-280x187.jpg 280w, https:\/\/fjsp.org.br\/fjsp\/wp-content\/uploads\/2020\/12\/andre-mehmari-site1-340x227.jpg 340w, https:\/\/fjsp.org.br\/fjsp\/wp-content\/uploads\/2020\/12\/andre-mehmari-site1-220x147.jpg 220w, https:\/\/fjsp.org.br\/fjsp\/wp-content\/uploads\/2020\/12\/andre-mehmari-site1-100x67.jpg 100w, https:\/\/fjsp.org.br\/fjsp\/wp-content\/uploads\/2020\/12\/andre-mehmari-site1-130x87.jpg 130w, https:\/\/fjsp.org.br\/fjsp\/wp-content\/uploads\/2020\/12\/andre-mehmari-site1-460x307.jpg 460w\" sizes=\"(max-width: 700px) 100vw, 700px\" \/><\/p>\n<p>&nbsp;<\/p>\n<h3><strong>O Piano<\/strong><\/h3>\n<p>O ancestral do piano foi um monoc\u00f3rdio, isso mesmo, um instrumento de uma s\u00f3 corda.<\/p>\n<p>Os instrumentos podem ser divididos em tr\u00eas categorias baseadas e como eles produzem os sons. As categorias s\u00e3o os instrumentos de corda, sopro e percuss\u00e3o.<\/p>\n<p>O ancestral do piano pode ser rastreado por v\u00e1rios instrumentos, tais como clavic\u00f3rdio, clavecino e salt\u00e9rio. Mas se fosse rastreado at\u00e9 mesmo depois disso, algu\u00e9m consideraria que o piano \u00e9 descendente do monoc\u00f3rdio em outras palavras e baseado em sua ancestralidade o piano pode ser classificado como um instrumento de corda.<\/p>\n<p>&nbsp;<\/p>\n<p><img decoding=\"async\" class=\"img-responsive img-fluid size-full wp-image-14126 aligncenter\" src=\"https:\/\/fjsp.org.br\/fjsp\/wp-content\/uploads\/2020\/12\/piano1.jpg\" alt=\"\" width=\"700\" height=\"440\" srcset=\"https:\/\/fjsp.org.br\/fjsp\/wp-content\/uploads\/2020\/12\/piano1.jpg 700w, https:\/\/fjsp.org.br\/fjsp\/wp-content\/uploads\/2020\/12\/piano1-280x176.jpg 280w, https:\/\/fjsp.org.br\/fjsp\/wp-content\/uploads\/2020\/12\/piano1-340x214.jpg 340w, https:\/\/fjsp.org.br\/fjsp\/wp-content\/uploads\/2020\/12\/piano1-220x138.jpg 220w, https:\/\/fjsp.org.br\/fjsp\/wp-content\/uploads\/2020\/12\/piano1-100x63.jpg 100w, https:\/\/fjsp.org.br\/fjsp\/wp-content\/uploads\/2020\/12\/piano1-130x82.jpg 130w, https:\/\/fjsp.org.br\/fjsp\/wp-content\/uploads\/2020\/12\/piano1-460x289.jpg 460w\" sizes=\"(max-width: 700px) 100vw, 700px\" \/><\/p>\n<p>&nbsp;<\/p>\n<p>Embora o piano possa ser classificado como um instrumento de corda devido ao fato que os sons v\u00eam das vibra\u00e7\u00f5es das cordas, pode ser tamb\u00e9m classificado como um instrumento de percuss\u00e3o porque o martelo bate nas cordas, pode-se dizer que o piano tem o mesmo mecanismo de um \u201csalt\u00e9rio\u201d.<\/p>\n<p>O salt\u00e9rio \u00e9 um instrumento que originou-se no Oriente M\u00e9dio e se espalhou na Europa no s\u00e9culo XI e caracteriza-se por uma caixa simples de resson\u00e2ncia com cordas esticadas na parte superior. Parecido com o piano, um pequeno martelo \u00e9 usado para bater nas cordas, que \u00e9 a raz\u00e3o pela qual o salt\u00e9rio \u00e9 considerado o ancestral direto do piano.<\/p>\n<p>&nbsp;<\/p>\n<div id=\"attachment_14123\" style=\"width: 710px\" class=\"wp-caption aligncenter\"><img decoding=\"async\" aria-describedby=\"caption-attachment-14123\" class=\"img-responsive img-fluid size-full wp-image-14123\" src=\"https:\/\/fjsp.org.br\/fjsp\/wp-content\/uploads\/2020\/12\/salterio-site.jpg\" alt=\"\" width=\"700\" height=\"330\" srcset=\"https:\/\/fjsp.org.br\/fjsp\/wp-content\/uploads\/2020\/12\/salterio-site.jpg 700w, https:\/\/fjsp.org.br\/fjsp\/wp-content\/uploads\/2020\/12\/salterio-site-280x132.jpg 280w, https:\/\/fjsp.org.br\/fjsp\/wp-content\/uploads\/2020\/12\/salterio-site-340x160.jpg 340w, https:\/\/fjsp.org.br\/fjsp\/wp-content\/uploads\/2020\/12\/salterio-site-220x104.jpg 220w, https:\/\/fjsp.org.br\/fjsp\/wp-content\/uploads\/2020\/12\/salterio-site-100x47.jpg 100w, https:\/\/fjsp.org.br\/fjsp\/wp-content\/uploads\/2020\/12\/salterio-site-130x61.jpg 130w, https:\/\/fjsp.org.br\/fjsp\/wp-content\/uploads\/2020\/12\/salterio-site-460x217.jpg 460w\" sizes=\"(max-width: 700px) 100vw, 700px\" \/><p id=\"caption-attachment-14123\" class=\"wp-caption-text\">Salt\u00e9rio<\/p><\/div>\n<p>&nbsp;<\/p>\n<p>O piano \u00e9 tamb\u00e9m considerado uma parte da fam\u00edlia da mesa de som. A hist\u00f3ria dos instrumentos com mesa de som data de muito tempo e origina-se do \u00f3rg\u00e3o, que envia um disparo de ar pela tubula\u00e7\u00e3o para produzir o som. Os artes\u00e3os melhoraram o \u00f3rg\u00e3o para desenvolver um instrumento que foi um passo mais pr\u00f3ximo do piano, o clavic\u00f3rdio.<\/p>\n<p>O clavic\u00f3rdio primeiro apareceu no s\u00e9culo XIV e tornou-se popular durante a era do Renascimento. Pressionar uma tecla que leva a uma haste de bronze, chamada tangente, para bater na corda e causar vibra\u00e7\u00f5es que emitem som acima de uma faixa de quatro a cinco oitavas. O clavic\u00f3rdio se tornou um instrumento inspirador para o desenvolvimento do piano moderno.<\/p>\n<p>&nbsp;<\/p>\n<div id=\"attachment_14125\" style=\"width: 710px\" class=\"wp-caption aligncenter\"><img loading=\"lazy\" decoding=\"async\" aria-describedby=\"caption-attachment-14125\" class=\"img-responsive img-fluid wp-image-14125 size-full\" src=\"https:\/\/fjsp.org.br\/fjsp\/wp-content\/uploads\/2020\/12\/clavecin-site.jpg\" alt=\"\" width=\"700\" height=\"740\" srcset=\"https:\/\/fjsp.org.br\/fjsp\/wp-content\/uploads\/2020\/12\/clavecin-site.jpg 700w, https:\/\/fjsp.org.br\/fjsp\/wp-content\/uploads\/2020\/12\/clavecin-site-280x296.jpg 280w, https:\/\/fjsp.org.br\/fjsp\/wp-content\/uploads\/2020\/12\/clavecin-site-340x359.jpg 340w, https:\/\/fjsp.org.br\/fjsp\/wp-content\/uploads\/2020\/12\/clavecin-site-220x233.jpg 220w, https:\/\/fjsp.org.br\/fjsp\/wp-content\/uploads\/2020\/12\/clavecin-site-100x106.jpg 100w, https:\/\/fjsp.org.br\/fjsp\/wp-content\/uploads\/2020\/12\/clavecin-site-130x137.jpg 130w, https:\/\/fjsp.org.br\/fjsp\/wp-content\/uploads\/2020\/12\/clavecin-site-460x486.jpg 460w\" sizes=\"(max-width: 700px) 100vw, 700px\" \/><p id=\"caption-attachment-14125\" class=\"wp-caption-text\">Clavecino<\/p><\/div>\n<p>&nbsp;<\/p>\n<p>Mas antes do piano moderno ainda tivemos \u201cclavecino\u201d um instrumento muito parecido com o cravo, criado na It\u00e1lia por volta de 1500, o clavecino mais tarde se disseminou na Fran\u00e7a, Alemanha, Flandres e Inglaterra. Quando uma tecla \u00e9 pressionada, um espectro ligado a uma corda longa de madeira chato de conector dedilha a corda para produzir som.<\/p>\n<p>Este sistema de cordas e mesa de som, al\u00e9m da estrutura global do instrumento parece com aquela que pode ser encontrada em um piano.<\/p>\n<p>O piano foi inventado por Bartolomeo Cristofori (1655-1731) na It\u00e1lia. Cristofori estava insatisfeito com a falta de controle que os m\u00fasicos tinham acima do n\u00edvel de volume do clavecino, ele reconheceu que a altera\u00e7\u00e3o do mecanismo de dedilhamento com um martelo criaria o piano moderno no ano de 1709.<\/p>\n<p>Na verdade, o instrumento foi primeiro denominado \u201cclavicembalo col piano e forte\u201d (literalmente, um clavecino que pode tocar ru\u00eddos suaves e altos). Isso foi reduzido para o nome comum agora, \u201cpiano\u201d.<\/p>\n<p>O piano a partir de ent\u00e3o tem v\u00e1rias altera\u00e7\u00f5es para poder aperfei\u00e7oar seu projeto original at\u00e9 chegarmos ao piano moderno que conhecemos hoje. O piano torna-se objeto de desejo de v\u00e1rios compositores e instrumentistas pelo seu recurso sonoros e timbristicos.<\/p>\n<p>&nbsp;<\/p>\n<p><img loading=\"lazy\" decoding=\"async\" class=\"img-responsive img-fluid size-full wp-image-14127 aligncenter\" src=\"https:\/\/fjsp.org.br\/fjsp\/wp-content\/uploads\/2020\/12\/piano2.jpg\" alt=\"\" width=\"700\" height=\"394\" srcset=\"https:\/\/fjsp.org.br\/fjsp\/wp-content\/uploads\/2020\/12\/piano2.jpg 700w, https:\/\/fjsp.org.br\/fjsp\/wp-content\/uploads\/2020\/12\/piano2-280x158.jpg 280w, https:\/\/fjsp.org.br\/fjsp\/wp-content\/uploads\/2020\/12\/piano2-340x191.jpg 340w, https:\/\/fjsp.org.br\/fjsp\/wp-content\/uploads\/2020\/12\/piano2-220x124.jpg 220w, https:\/\/fjsp.org.br\/fjsp\/wp-content\/uploads\/2020\/12\/piano2-100x56.jpg 100w, https:\/\/fjsp.org.br\/fjsp\/wp-content\/uploads\/2020\/12\/piano2-130x73.jpg 130w, https:\/\/fjsp.org.br\/fjsp\/wp-content\/uploads\/2020\/12\/piano2-460x259.jpg 460w\" sizes=\"(max-width: 700px) 100vw, 700px\" \/><\/p>\n<p>&nbsp;<\/p>\n<p>Desde os primeiros concertos para piano e orquestra pe\u00e7as solos e estudos tanto no\u00a0 universo popular e jazz\u00edstico o piano se torna\u00a0 a principal ferramenta de composi\u00e7\u00e3o musical.<\/p>\n<p>No Jap\u00e3o a hist\u00f3ria do piano tem como data importante o ano 1887, a abertura da f\u00e1brica de piano e \u00f3rg\u00e3o Nippon Gakki que posteriormente se nominaria Yamaha, tamb\u00e9m temos os piano Kawai e marcas menores, muito difundido no Jap\u00e3o, diz-se que quase todas as casas tem seu piano de arm\u00e1rio.<\/p>\n<p>Hoje o Jap\u00e3o conta com importantes nomes no cen\u00e1rio internacional no g\u00eanero erudito e jazz\u00edstico.<\/p>\n<p>No Brasil, o piano chega no s\u00e9culo XIX, mas os primeiros registros fonogr\u00e1ficos s\u00e3o datados da primeira d\u00e9cada do s\u00e9culo XX.<\/p>\n<p>Chiquinha Gonzaga foi um das primeiras interpretes do piano brasileiro seguida de grandes nomes Ernesto Nazareth e muitos outros.<\/p>\n<p>O nosso convidado o pianista, arranjador \u00e9 compositor Andr\u00e9 Mehmari, um grande exemplo da diversidade pianistica e musical no Brasil.<\/p>\n<p>&nbsp;<\/p>\n<h3><strong>Andr\u00e9 Mehmari<\/strong><\/h3>\n<p>Pianista, arranjador e compositor, nasceu na cidade de Niter\u00f3i (RJ), em 22 de abril de 1977. Considerado pela cr\u00edtica \u2018um artista singular de imagina\u00e7\u00e3o vibrante e generosa\u2019,\u00a0Mehmari teve seus primeiros contatos com a m\u00fasica atrav\u00e9s de sua m\u00e3e, em Ribeir\u00e3o\u00a0Preto, no interior de S\u00e3o Paulo. \u00a0Mudou-se para a capital em 1995, quando ingressou no curso de piano da\u00a0ECA-USP.<\/p>\n<p>&nbsp;<\/p>\n<p><img loading=\"lazy\" decoding=\"async\" class=\"img-responsive img-fluid size-full wp-image-14128 aligncenter\" src=\"https:\/\/fjsp.org.br\/fjsp\/wp-content\/uploads\/2020\/12\/andre-mehmari-site2.jpg\" alt=\"\" width=\"700\" height=\"467\" srcset=\"https:\/\/fjsp.org.br\/fjsp\/wp-content\/uploads\/2020\/12\/andre-mehmari-site2.jpg 700w, https:\/\/fjsp.org.br\/fjsp\/wp-content\/uploads\/2020\/12\/andre-mehmari-site2-280x187.jpg 280w, https:\/\/fjsp.org.br\/fjsp\/wp-content\/uploads\/2020\/12\/andre-mehmari-site2-340x227.jpg 340w, https:\/\/fjsp.org.br\/fjsp\/wp-content\/uploads\/2020\/12\/andre-mehmari-site2-220x147.jpg 220w, https:\/\/fjsp.org.br\/fjsp\/wp-content\/uploads\/2020\/12\/andre-mehmari-site2-100x67.jpg 100w, https:\/\/fjsp.org.br\/fjsp\/wp-content\/uploads\/2020\/12\/andre-mehmari-site2-130x87.jpg 130w, https:\/\/fjsp.org.br\/fjsp\/wp-content\/uploads\/2020\/12\/andre-mehmari-site2-460x307.jpg 460w\" sizes=\"(max-width: 700px) 100vw, 700px\" \/><\/p>\n<p>&nbsp;<\/p>\n<p>Compositor prol\u00edfico e requisitado, apontado como um dos mais originais e\u00a0completos m\u00fasicos brasileiros de sua gera\u00e7\u00e3o, foi premiado tanto na \u00e1rea erudita quanto\u00a0popular. Suas composi\u00e7\u00f5es e arranjos foram tocados por grupos orquestrais e\u00a0de c\u00e2mara, entre eles OSESP, OSB, Filarm\u00f4nica de Minas Gerais, Miami Symphony, Orchestre de Normandie, Quarteto da Cidade de S\u00e3o Paulo e\u00a0Quinteto Villa-Lobos.<\/p>\n<p>Recentes trabalhos incluem obras para o violoncelista\u00a0Ant\u00f4nio Meneses e a\u00a0trilha sonora da primeira s\u00e9rie brasileira produzida para a plataforma Netflix.<\/p>\n<p>Al\u00e9m de uma vasta e premiada discografia, Mehmari possui ativa carreira internacional como solista. Criou\u00a0duos expressivos ao lado de m\u00fasicos como Antonio Meneses, M\u00e1rio Laginha, Gabriele Mirabassi, Antonio Loureiro, Danilo Brito, Maria Jo\u00e3o, Hamilton de\u00a0Holanda, Marilia Vargas, N\u00e1 Ozzetti, Maria Beth\u00e2nia e M\u00f4nica Salmaso.<\/p>\n<p>Apresentou-se em pa\u00edses como It\u00e1lia, Estados Unidos, Jap\u00e3o, China, Canad\u00e1, Argentina, Chile, Equador, Col\u00f4mbia, Guiana Francesa, Noruega, Holanda, Finl\u00e2ndia, Su\u00ed\u00e7a, Luxemburgo, Alemanha, Fran\u00e7a, \u00c1ustria, Irlanda, B\u00e9lgica, Portugal, Espanha, Dinamarca e Angola, al\u00e9m de todos os principais festivais brasileiros, e em espa\u00e7os como Salle Gaveau (Paris), Kennedy Center (Washington), Lincoln Center (Nova Iorque), Umbria Jazz, Sala S\u00e3o Paulo e Sala Cecilia Meirelles, entre muitos outros.<\/p>\n<p>&nbsp;<\/p>\n<h3><strong>As M\u00fasicas<\/strong><\/h3>\n<p>Andr\u00e9, que ja fez v\u00e1rias viagens para o Jap\u00e3o, sempre levou em sua bagagem musical estes dois lindos temas e comp\u00f4s esta vers\u00e3o original para piano solo especialmente para a s\u00e9rie \u201cM\u00fasica no Castelo\u201d em maio de 2020 em meio ao isolamento social que fomos acometidos.<br \/>\n<em>Kojo no tsuki<\/em> (O luar no castelo em ru\u00ednas) -Rentaro Taki- e Furusato (Terra natal) -Teiichi Okano- Tema e varia\u00e7\u00f5es &#8211; arranjo de Andr\u00e9 Mehmari.<\/p>\n<p>&nbsp;<\/p>\n<h3><span style=\"color: #333399;\"><strong><em>Kojo no Tsuki<\/em><\/strong><\/span><\/h3>\n<p>Composi\u00e7\u00e3o de 1901, foi inspirada nas ru\u00ednas do Castelo Oka e a letra escrita por Bansui Doi e foi inspirada nas ru\u00ednas dos castelos Aoba e Aizuwakamatsu.<\/p>\n<p>\u6625\u9ad8\u697c\uff08\u3053\u3046\u308d\u3046\uff09\u306e\u82b1\u306e\u5bb4\uff08\u3048\u3093\uff09<br \/>\n\u5de1\u308b\u76c3\uff08\u3055\u304b\u3065\u304d\uff09\u5f71\u3055\u3057\u3066<br \/>\n\u5343\u4ee3\u306e\u677e\u304c\u679d\uff08\u3048\uff09\u5206\u3051\u51fa\uff08\u3044\uff09\u3067\u3057<br \/>\n\u6614\u306e\u5149\u4eca\u3044\u305a\u3053<\/p>\n<p>\u79cb\u9663\u55b6\u306e\u971c\u306e\u8272<br \/>\n\u9cf4\u304d\u3086\u304f\u96c1\uff08\u304b\u308a\uff09\u306e\u6570\u898b\u305b\u3066<br \/>\n\u690d\u3046\u308b\u5263\uff08\u3064\u308b\u304e\uff09\u306b\u7167\u308a\u6cbf\u3044\u3057<br \/>\n\u6614\u306e\u5149\u4eca\u3044\u305a\u3053<\/p>\n<p>\u4eca\u8352\u57ce\u306e\u591c\u534a\uff08\u3088\u308f\uff09\u306e\u6708<br \/>\n\u5909\u308f\u3089\u306c\u5149\u8ab0\uff08\u305f\uff09\u304c\u305f\u3081\u305e<br \/>\n\u57a3\u306b\u6b8b\u308b\u306f\u305f\u3060\u845b\uff08\u304b\u305a\u3089\uff09<br \/>\n\u677e\u306b\u6b4c\uff08\u3046\u3068\uff09\u3046\u306f\u305f\u3060\u5d50\uff08\u3042\u3089\u3057\uff09<\/p>\n<p>\u5929\u4e0a\u5f71\u306f\u5909\u308f\u3089\u306d\u3069<br \/>\n\u6804\u67af\uff08\u3048\u3044\u3053\uff09\u306f\u79fb\u308b\u4e16\u306e\u59ff<br \/>\n\u6620\uff08\u3046\u3064\uff09\u3055\u3093\u3068\u3066\u304b\u4eca\u3082\u5c1a<br \/>\n\u3042\u3042\u8352\u57ce\u306e\u591c\u534a\u306e\u6708<\/p>\n<p>&nbsp;<\/p>\n<p><em>Haru koro no hana no en<\/em><br \/>\n<em>Meguru sakazuki kagesashite<\/em><br \/>\n<em>Chiyo no matsu ga e wakeideshi<\/em><br \/>\n<em>Mukashi no hikari Ima izuko<\/em><\/p>\n<p><em>Aki jinei no schimo no iro<\/em><br \/>\n<em>Nakiyuku kari no kazu misete<\/em><br \/>\n<em>Uuru tsurugi ni terisoishi<\/em><br \/>\n<em>Mukashi no hikari ima izuko<br \/>\n<\/em><\/p>\n<p><em>Ima kojo no yowa no tsuki<\/em><br \/>\n<em>Kawaranu hikari ta ga tame zo<\/em><br \/>\n<em>Kaki ni nokoru wa tada kazura<\/em><br \/>\n<em>Matsu ni uto wa tada arashi<\/em><\/p>\n<p><em>Tenjokage wa kawaranedo<\/em><br \/>\n<em>Eiko wa utsuru yo no sugata<\/em><br \/>\n<em>Utsusan toteka ima mo nao<\/em><br \/>\n<em>Ah! Kojo no yowa no tsuki<\/em><\/p>\n<p>&nbsp;<\/p>\n<p>Festa florida na primavera no alto do castelo<br \/>\nX\u00edcaras de saqu\u00ea foram distribu\u00eddas<br \/>\nIluminado pelo luar atrav\u00e9s dos velhos ramos de pinheiro<br \/>\nOnde est\u00e1 aquele velho luar agora?<\/p>\n<p>O acampamento no outono era branco coberto de geada<br \/>\nV\u00e1rios gansos grasnaram enquanto voavam pelo c\u00e9u<br \/>\nA luz da lua brilhou nas espadas colocadas eretas no ch\u00e3o<br \/>\nOnde est\u00e1 aquele velho luar agora?<\/p>\n<p>Agora \u00e0 meia-noite a lua est\u00e1 logo acima<br \/>\nPara quem brilha como no passado?<br \/>\nNada permanece na muralha, mas um pouco de hera<br \/>\nNada para ouvir, exceto o farfalhar de galhos de pinheiro na tempestade<\/p>\n<p>No c\u00e9u, a lua e as estrelas permanecem inalteradas<br \/>\nMas na vida terrena, sobe e desce vem e vai<br \/>\nA lua est\u00e1 pendurada l\u00e1 para refletir essas mudan\u00e7as?<br \/>\nAh! A lua da meia-noite sobre o castelo em ru\u00ednas<\/p>\n<hr \/>\n<h3><span style=\"color: #333399;\"><em><strong>Furusato<\/strong><\/em><\/span><\/h3>\n<p>Composi\u00e7\u00e3o de 1914, com letra de Tatsuyuki Takano, descreve uma pessoa que esta trabalhando em uma terra distante expressando seus sentimentos de nostalgia pelas colinas e campos de sua casa da inf\u00e2ncia.<\/p>\n<p>\u514e\u8ffd\u3044\u3057\u3000\u5f7c\u306e\u5c71<br \/>\n\u5c0f\u9b92\u91e3\u308a\u3057\u3000\u5f7c\u306e\u5ddd<br \/>\n\u5922\u306f\u4eca\u3082\u3000\u5de1\u308a\u3066<br \/>\n\u5fd8\u308c\u96e3\u304d\u3000\u6545\u90f7<\/p>\n<p>\u5982\u4f55\u306b\u3044\u307e\u3059\u3000\u7236\u6bcd<br \/>\n\u6059\u7121\u3057\u3084\u3000\u53cb\u304c\u304d<br \/>\n\u96e8\u306b\u98a8\u306b\u3000\u3064\u3051\u3066\u3082<br \/>\n\u601d\u3044\u51fa\u3065\u308b\u3000\u6545\u90f7<\/p>\n<p>\u5fd7\u3092\u3000\u679c\u305f\u3057\u3066<br \/>\n\u3044\u3064\u306e\u65e5\u306b\u304b\u3000\u5e30\u3089\u3093<br \/>\n\u5c71\u306f\u9751\u304d\u3000\u6545\u90f7<br \/>\n\u6c34\u306f\u6df8\u304d\u3000\u6545\u90f7<\/p>\n<p>&nbsp;<\/p>\n<p><em>Usagi oishi ka no yama<\/em><br \/>\n<em>Ko-buna tsurishi ka no kawa<\/em><br \/>\n<em>Yume wa ima mo megurite<\/em><br \/>\n<em>Wasure-gataki furusato<\/em><\/p>\n<p><em>Ika ni imasu chichi-haha<\/em><br \/>\n<em>Tsutsuganashi ya tomogaki<\/em><br \/>\n<em>Ame ni, kaze ni tsukete mo<\/em><br \/>\n<em>Omoi-izuru furusato<\/em><\/p>\n<p><em>Kokorozashi o hata shite<\/em><br \/>\n<em>Itsu no hi ni ka kaeran<\/em><br \/>\n<em>Yama wa aoki furusato<\/em><br \/>\n<em>Mizu wa kiyoki furusato<\/em><\/p>\n<p>&nbsp;<\/p>\n<p>Eu persegui coelhos naquela montanha.<br \/>\nPesquei peixinhos naquele rio.<br \/>\nEu ainda sonho com aqueles dias at\u00e9 agora.<br \/>\nOh, como sinto falta da minha antiga casa de campo.<\/p>\n<p>Pai e m\u00e3e &#8211; eles est\u00e3o bem?<br \/>\nEst\u00e1 tudo bem com meus velhos amigos?<br \/>\nQuando a chuva cai, quando o vento sopra.<br \/>\nEu paro e me lembro de minha antiga casa de campo.<\/p>\n<p>Algum dia, quando eu tiver feito o que me propus a fazer.<br \/>\nEu voltarei para casa um dia desses.<br \/>\nOnde as montanhas s\u00e3o verdes, minha antiga casa de campo.<br \/>\nOnde as \u00e1guas s\u00e3o claras, minha antiga casa de campo.<\/p>\n<p>&nbsp;<\/p>\n<h4 style=\"text-align: center;\"><strong><a href=\"https:\/\/www.youtube.com\/watch?v=bxhTBhoxc44\" target=\"_blank\" rel=\"noopener noreferrer\">Assista a apresenta\u00e7\u00e3o do Andr\u00e9 Mehmari no projeto M\u00fasica no Castelo.<\/a><\/strong><\/h4>\n<p>&nbsp;<\/p>\n<p><img loading=\"lazy\" decoding=\"async\" class=\"img-responsive img-fluid size-full wp-image-14129 aligncenter\" src=\"https:\/\/fjsp.org.br\/fjsp\/wp-content\/uploads\/2020\/12\/andre-mehmari-site3.jpg\" alt=\"\" width=\"700\" height=\"467\" srcset=\"https:\/\/fjsp.org.br\/fjsp\/wp-content\/uploads\/2020\/12\/andre-mehmari-site3.jpg 700w, https:\/\/fjsp.org.br\/fjsp\/wp-content\/uploads\/2020\/12\/andre-mehmari-site3-280x187.jpg 280w, https:\/\/fjsp.org.br\/fjsp\/wp-content\/uploads\/2020\/12\/andre-mehmari-site3-340x227.jpg 340w, https:\/\/fjsp.org.br\/fjsp\/wp-content\/uploads\/2020\/12\/andre-mehmari-site3-220x147.jpg 220w, https:\/\/fjsp.org.br\/fjsp\/wp-content\/uploads\/2020\/12\/andre-mehmari-site3-100x67.jpg 100w, https:\/\/fjsp.org.br\/fjsp\/wp-content\/uploads\/2020\/12\/andre-mehmari-site3-130x87.jpg 130w, https:\/\/fjsp.org.br\/fjsp\/wp-content\/uploads\/2020\/12\/andre-mehmari-site3-460x307.jpg 460w\" sizes=\"(max-width: 700px) 100vw, 700px\" \/><\/p>\n<p>&nbsp;<\/p>\n<h3 style=\"text-align: center;\"><a href=\"https:\/\/fjsp.org.br\/fjsp\/agenda\/musica-no-castelo\/\"><strong>M\u00fasica no Castelo<\/strong><\/a><\/h3>\n<script type=\"text\/javascript\"> toolTips('.classtoolTips77','<span class=\"TextRun  BCX0 SCXW127757320\" lang=\"PT-BR\" xml:lang=\"PT-BR\" data-contrast=\"auto\"><span class=\"NormalTextRun  BCX0 SCXW127757320\"><em>Lato sensu<\/em>,\u00a0<\/span><\/span><span class=\"TextRun  BCX0 SCXW127757320\" lang=\"PT-BR\" xml:lang=\"PT-BR\" data-contrast=\"auto\"><span class=\"NormalTextRun  BCX0 SCXW127757320\">\u201cpoesia em japon\u00eas\u201d.\u00a0<\/span><\/span><span class=\"TextRun  BCX0 SCXW127757320\" lang=\"PT-BR\" xml:lang=\"PT-BR\" data-contrast=\"auto\"><span class=\"NormalTextRun  BCX0 SCXW127757320\"><em>Stricto sensu<\/em>,\u00a0<\/span><\/span><span class=\"TextRun  BCX0 SCXW127757320\" lang=\"PT-BR\" xml:lang=\"PT-BR\" data-contrast=\"auto\"><span class=\"NormalTextRun  BCX0 SCXW127757320\">o mesmo que\u00a0<\/span><\/span><span class=\"TextRun  BCX0 SCXW127757320\" lang=\"PT-BR\" xml:lang=\"PT-BR\" data-contrast=\"auto\"><em><span class=\"NormalTextRun SpellingErrorV2  BCX0 DefaultHighlightTransition SCXW127757320\"><span class='tooltipsall tooltipsincontent classtoolTips75'>tanka<\/span><\/span><\/em><span class=\"NormalTextRun  BCX0 SCXW127757320\">.<\/span><\/span>'); <\/script>","protected":false},"excerpt":{"rendered":"<p>\u65e5\u672c\u8a9e\u00a0|\u00a0English\u00a0|\u00a0Espa\u00f1ol &nbsp; Neste nono programa da s\u00e9rie de concertos solos \u201cM\u00fasica no Castelo\u201d, apresentaremos o piano, com o pianista, arranjador e compositor Andr\u00e9 Mehmari. Este instrumento \u00e9 muito conhecido em todas as culturas, mas possui uma hist\u00f3ria que pode nos surpreender. &nbsp; &nbsp; O Piano O ancestral do piano foi um monoc\u00f3rdio, isso mesmo, um [&hellip;]<\/p>\n","protected":false},"author":33,"featured_media":0,"parent":0,"menu_order":0,"comment_status":"closed","ping_status":"closed","template":"","meta":{"_acf_changed":false,"footnotes":""},"class_list":["post-14080","page","type-page","status-publish","hentry"],"acf":[],"_links":{"self":[{"href":"https:\/\/fjsp.org.br\/fjsp\/wp-json\/wp\/v2\/pages\/14080","targetHints":{"allow":["GET"]}}],"collection":[{"href":"https:\/\/fjsp.org.br\/fjsp\/wp-json\/wp\/v2\/pages"}],"about":[{"href":"https:\/\/fjsp.org.br\/fjsp\/wp-json\/wp\/v2\/types\/page"}],"author":[{"embeddable":true,"href":"https:\/\/fjsp.org.br\/fjsp\/wp-json\/wp\/v2\/users\/33"}],"replies":[{"embeddable":true,"href":"https:\/\/fjsp.org.br\/fjsp\/wp-json\/wp\/v2\/comments?post=14080"}],"version-history":[{"count":2,"href":"https:\/\/fjsp.org.br\/fjsp\/wp-json\/wp\/v2\/pages\/14080\/revisions"}],"predecessor-version":[{"id":16412,"href":"https:\/\/fjsp.org.br\/fjsp\/wp-json\/wp\/v2\/pages\/14080\/revisions\/16412"}],"wp:attachment":[{"href":"https:\/\/fjsp.org.br\/fjsp\/wp-json\/wp\/v2\/media?parent=14080"}],"curies":[{"name":"wp","href":"https:\/\/api.w.org\/{rel}","templated":true}]}}