{"id":14253,"date":"2020-12-29T11:00:49","date_gmt":"2020-12-29T14:00:49","guid":{"rendered":"https:\/\/fjsp.org.br\/fjsp\/?page_id=14253"},"modified":"2020-12-29T11:16:35","modified_gmt":"2020-12-29T14:16:35","slug":"traducaoemfoco_eunice_suenaga_ookayama","status":"publish","type":"page","link":"https:\/\/fjsp.org.br\/fjsp\/traducaoemfoco_eunice_suenaga_ookayama\/","title":{"rendered":"Eunice Suenaga &#8211; Ookayama"},"content":{"rendered":"<h5 style=\"text-align: right\"><a href=\"https:\/\/fjsp.org.br\/fjsp\/traducaoemfoco\/\">Tradu\u00e7\u00e3o em Foco<\/a> &gt; Ookayama<\/h5>\n<p><img fetchpriority=\"high\" decoding=\"async\" class=\"img-responsive img-fluid alignnone size-full wp-image-14304\" src=\"https:\/\/fjsp.org.br\/fjsp\/wp-content\/uploads\/2020\/12\/banner-site-b-prancheta-1.png\" alt=\"\" width=\"2500\" height=\"510\" srcset=\"https:\/\/fjsp.org.br\/fjsp\/wp-content\/uploads\/2020\/12\/banner-site-b-prancheta-1.png 2500w, https:\/\/fjsp.org.br\/fjsp\/wp-content\/uploads\/2020\/12\/banner-site-b-prancheta-1-280x57.png 280w, https:\/\/fjsp.org.br\/fjsp\/wp-content\/uploads\/2020\/12\/banner-site-b-prancheta-1-768x157.png 768w, https:\/\/fjsp.org.br\/fjsp\/wp-content\/uploads\/2020\/12\/banner-site-b-prancheta-1-1536x313.png 1536w, https:\/\/fjsp.org.br\/fjsp\/wp-content\/uploads\/2020\/12\/banner-site-b-prancheta-1-2048x418.png 2048w, https:\/\/fjsp.org.br\/fjsp\/wp-content\/uploads\/2020\/12\/banner-site-b-prancheta-1-340x69.png 340w, https:\/\/fjsp.org.br\/fjsp\/wp-content\/uploads\/2020\/12\/banner-site-b-prancheta-1-220x45.png 220w, https:\/\/fjsp.org.br\/fjsp\/wp-content\/uploads\/2020\/12\/banner-site-b-prancheta-1-100x20.png 100w, https:\/\/fjsp.org.br\/fjsp\/wp-content\/uploads\/2020\/12\/banner-site-b-prancheta-1-130x27.png 130w, https:\/\/fjsp.org.br\/fjsp\/wp-content\/uploads\/2020\/12\/banner-site-b-prancheta-1-460x94.png 460w\" sizes=\"(max-width: 2500px) 100vw, 2500px\" \/><\/p>\n<p>&nbsp;<\/p>\n<p>No romance \u00e9 citado v\u00e1rias vezes que Tsukuru cursou num renomado instituto tecnol\u00f3gico em T\u00f3quio. N\u00e3o sei se o autor tinha alguma faculdade especial em mente, mas a duas esta\u00e7\u00f5es de Jiy\u00fbgaoka, na linha Tokyu Oimachi, fica a esta\u00e7\u00e3o de Ookayama onde se localiza um dos campi do Tokyo Institute of Technology,\u00a0\u00a0, uma institui\u00e7\u00e3o p\u00fablica de ensino de renome. Logo ao sair da catraca principal de Ookayama, podemos avistar o port\u00e3o principal do campus na diagonal esquerda. Assim como a maioria das universidades de T\u00f3quio, nesse instituto tamb\u00e9m as aulas s\u00e3o ministradas apenas online desde mar\u00e7o, e o campus est\u00e1 relativamente vazio.<\/p>\n<p>&nbsp;<\/p>\n<div id=\"attachment_14256\" style=\"width: 410px\" class=\"wp-caption aligncenter\"><img decoding=\"async\" aria-describedby=\"caption-attachment-14256\" class=\"img-responsive img-fluid wp-image-14256\" src=\"https:\/\/fjsp.org.br\/fjsp\/wp-content\/uploads\/2020\/12\/2a-ookayama-tokyo-institute-of-technology.jpg\" alt=\"\" width=\"400\" height=\"300\" srcset=\"https:\/\/fjsp.org.br\/fjsp\/wp-content\/uploads\/2020\/12\/2a-ookayama-tokyo-institute-of-technology.jpg 671w, https:\/\/fjsp.org.br\/fjsp\/wp-content\/uploads\/2020\/12\/2a-ookayama-tokyo-institute-of-technology-280x210.jpg 280w, https:\/\/fjsp.org.br\/fjsp\/wp-content\/uploads\/2020\/12\/2a-ookayama-tokyo-institute-of-technology-340x255.jpg 340w, https:\/\/fjsp.org.br\/fjsp\/wp-content\/uploads\/2020\/12\/2a-ookayama-tokyo-institute-of-technology-220x165.jpg 220w, https:\/\/fjsp.org.br\/fjsp\/wp-content\/uploads\/2020\/12\/2a-ookayama-tokyo-institute-of-technology-100x75.jpg 100w, https:\/\/fjsp.org.br\/fjsp\/wp-content\/uploads\/2020\/12\/2a-ookayama-tokyo-institute-of-technology-130x98.jpg 130w, https:\/\/fjsp.org.br\/fjsp\/wp-content\/uploads\/2020\/12\/2a-ookayama-tokyo-institute-of-technology-460x346.jpg 460w\" sizes=\"(max-width: 400px) 100vw, 400px\" \/><p id=\"caption-attachment-14256\" class=\"wp-caption-text\">Port\u00e3o principal do campus de Ookayama do Tokyo Institute of Technology. Foto \u00a9 Eunice Suenaga<\/p><\/div>\n<p>&nbsp;<\/p>\n<p>Ao entrar pelo port\u00e3o principal, vejo \u00e0 esquerda degraus que seguem do ch\u00e3o at\u00e9 o alto, que n\u00e3o havia antes. Na verdade trata-se de um pr\u00e9dio rec\u00e9m-constru\u00eddo, Taki Plaza, projetado pelo escrit\u00f3rio de arquitetura de Kengo Kuma e previsto para ser inaugurado em dezembro como um hub de interc\u00e2mbio cultural e acad\u00eamico.<\/p>\n<p>&nbsp;<\/p>\n<div id=\"attachment_14257\" style=\"width: 410px\" class=\"wp-caption aligncenter\"><img decoding=\"async\" aria-describedby=\"caption-attachment-14257\" class=\"img-responsive img-fluid wp-image-14257\" src=\"https:\/\/fjsp.org.br\/fjsp\/wp-content\/uploads\/2020\/12\/2b-ookayama-tokyo-institute-of-technology.jpg\" alt=\"\" width=\"400\" height=\"297\" srcset=\"https:\/\/fjsp.org.br\/fjsp\/wp-content\/uploads\/2020\/12\/2b-ookayama-tokyo-institute-of-technology.jpg 679w, https:\/\/fjsp.org.br\/fjsp\/wp-content\/uploads\/2020\/12\/2b-ookayama-tokyo-institute-of-technology-280x208.jpg 280w, https:\/\/fjsp.org.br\/fjsp\/wp-content\/uploads\/2020\/12\/2b-ookayama-tokyo-institute-of-technology-340x253.jpg 340w, https:\/\/fjsp.org.br\/fjsp\/wp-content\/uploads\/2020\/12\/2b-ookayama-tokyo-institute-of-technology-220x164.jpg 220w, https:\/\/fjsp.org.br\/fjsp\/wp-content\/uploads\/2020\/12\/2b-ookayama-tokyo-institute-of-technology-100x74.jpg 100w, https:\/\/fjsp.org.br\/fjsp\/wp-content\/uploads\/2020\/12\/2b-ookayama-tokyo-institute-of-technology-130x97.jpg 130w, https:\/\/fjsp.org.br\/fjsp\/wp-content\/uploads\/2020\/12\/2b-ookayama-tokyo-institute-of-technology-460x342.jpg 460w\" sizes=\"(max-width: 400px) 100vw, 400px\" \/><p id=\"caption-attachment-14257\" class=\"wp-caption-text\">Taki Plaza, campus de Ookayama. Foto \u00a9 Eunice Suenaga<\/p><\/div>\n<p>&nbsp;<\/p>\n<p>Os degraus formam um telhado inclinado e aparentemente \u00e9 poss\u00edvel subir at\u00e9 certo ponto. Mas como o pr\u00e9dio ainda estava fechado e n\u00e3o pude subir os degraus, contornei-o e cheguei ao p\u00e1tio de deck de madeira ladeado por p\u00e9s de cerejeira, na frente do pr\u00e9dio principal com a torre do rel\u00f3gio. As flores de cerejeira colorem a paisagem na primavera, mas nessa \u00e9poca do ano as suas \u00e1rvores est\u00e3o sem flores e sem folhas. Outono \u00e9 \u00e9poca de ginkgo, com suas folhas amarelas colorindo a paisagem universit\u00e1ria.<\/p>\n<p>&nbsp;<\/p>\n<div id=\"attachment_14258\" style=\"width: 410px\" class=\"wp-caption aligncenter\"><img loading=\"lazy\" decoding=\"async\" aria-describedby=\"caption-attachment-14258\" class=\"img-responsive img-fluid wp-image-14258\" src=\"https:\/\/fjsp.org.br\/fjsp\/wp-content\/uploads\/2020\/12\/2c-ookayama-tokyo-institute-of-technology.jpg\" alt=\"\" width=\"400\" height=\"300\" srcset=\"https:\/\/fjsp.org.br\/fjsp\/wp-content\/uploads\/2020\/12\/2c-ookayama-tokyo-institute-of-technology.jpg 606w, https:\/\/fjsp.org.br\/fjsp\/wp-content\/uploads\/2020\/12\/2c-ookayama-tokyo-institute-of-technology-280x210.jpg 280w, https:\/\/fjsp.org.br\/fjsp\/wp-content\/uploads\/2020\/12\/2c-ookayama-tokyo-institute-of-technology-340x255.jpg 340w, https:\/\/fjsp.org.br\/fjsp\/wp-content\/uploads\/2020\/12\/2c-ookayama-tokyo-institute-of-technology-220x165.jpg 220w, https:\/\/fjsp.org.br\/fjsp\/wp-content\/uploads\/2020\/12\/2c-ookayama-tokyo-institute-of-technology-100x75.jpg 100w, https:\/\/fjsp.org.br\/fjsp\/wp-content\/uploads\/2020\/12\/2c-ookayama-tokyo-institute-of-technology-130x98.jpg 130w, https:\/\/fjsp.org.br\/fjsp\/wp-content\/uploads\/2020\/12\/2c-ookayama-tokyo-institute-of-technology-460x345.jpg 460w\" sizes=\"(max-width: 400px) 100vw, 400px\" \/><p id=\"caption-attachment-14258\" class=\"wp-caption-text\">Campus de Ookayama do Tokyo Institute of Technology. Pr\u00e9dio principal com torre do rel\u00f3gio ao fundo, p\u00e1tio com p\u00e9s de cerejeira \u00e0 direita e p\u00e9s de ginkgo \u00e0 esquerda. Foto \u00a9 Eunice Suenaga<\/p><\/div>\n<p>&nbsp;<\/p>\n<p>&nbsp;<\/p>\n<hr \/>\n<p>&nbsp;<\/p>\n<h4 style=\"text-align: center\"><strong><a href=\"https:\/\/fjsp.org.br\/fjsp\/traducaoemfoco_eunice_suenaga\/\">&lt;&lt; 1. Ginkgo, arquitetura e trens: seguindo as pistas de Tsukuru Tazaki\u00a0<\/a> \/\/\u00a0 <a href=\"https:\/\/fjsp.org.br\/fjsp\/traducaoemfoco_eunice_suenaga_ebisu\/\">3. Ebisu &gt;&gt;<\/a><\/strong><\/h4>\n<p style=\"text-align: center\"><a href=\"https:\/\/fjsp.org.br\/fjsp\/traducaoemfoco_eunice_suenaga\/\">1\u00a0<\/a>\u30fb\u00a0<strong> [ 2 ]\u00a0<\/strong> \u30fb <a href=\"https:\/\/fjsp.org.br\/fjsp\/traducaoemfoco_eunice_suenaga_ebisu\/\">3<\/a> \u30fb <a href=\"https:\/\/fjsp.org.br\/fjsp\/traducaoemfoco_eunice_suenaga_shinjuku\/\">4<\/a><\/p>\n<h6 style=\"text-align: left\"><span style=\"color: #000000\">*Os usos de imagens e conte\u00fados desta p\u00e1gina s\u00e3o exclusivamente para fins educacionais e de divulga\u00e7\u00e3o de cultura japonesa, sem fins comerciais.<\/span><\/h6>\n","protected":false},"excerpt":{"rendered":"<p>Tradu\u00e7\u00e3o em Foco &gt; Ookayama &nbsp; No romance \u00e9 citado v\u00e1rias vezes que Tsukuru cursou num renomado instituto tecnol\u00f3gico em T\u00f3quio. N\u00e3o sei se o autor tinha alguma faculdade especial em mente, mas a duas esta\u00e7\u00f5es de Jiy\u00fbgaoka, na linha Tokyu Oimachi, fica a esta\u00e7\u00e3o de Ookayama onde se localiza um dos campi do Tokyo [&hellip;]<\/p>\n","protected":false},"author":34,"featured_media":0,"parent":0,"menu_order":0,"comment_status":"closed","ping_status":"closed","template":"","meta":{"_acf_changed":false,"footnotes":""},"class_list":["post-14253","page","type-page","status-publish","hentry"],"acf":[],"_links":{"self":[{"href":"https:\/\/fjsp.org.br\/fjsp\/wp-json\/wp\/v2\/pages\/14253","targetHints":{"allow":["GET"]}}],"collection":[{"href":"https:\/\/fjsp.org.br\/fjsp\/wp-json\/wp\/v2\/pages"}],"about":[{"href":"https:\/\/fjsp.org.br\/fjsp\/wp-json\/wp\/v2\/types\/page"}],"author":[{"embeddable":true,"href":"https:\/\/fjsp.org.br\/fjsp\/wp-json\/wp\/v2\/users\/34"}],"replies":[{"embeddable":true,"href":"https:\/\/fjsp.org.br\/fjsp\/wp-json\/wp\/v2\/comments?post=14253"}],"version-history":[{"count":2,"href":"https:\/\/fjsp.org.br\/fjsp\/wp-json\/wp\/v2\/pages\/14253\/revisions"}],"predecessor-version":[{"id":14455,"href":"https:\/\/fjsp.org.br\/fjsp\/wp-json\/wp\/v2\/pages\/14253\/revisions\/14455"}],"wp:attachment":[{"href":"https:\/\/fjsp.org.br\/fjsp\/wp-json\/wp\/v2\/media?parent=14253"}],"curies":[{"name":"wp","href":"https:\/\/api.w.org\/{rel}","templated":true}]}}