{"id":14260,"date":"2020-12-29T11:00:50","date_gmt":"2020-12-29T14:00:50","guid":{"rendered":"https:\/\/fjsp.org.br\/fjsp\/?page_id=14260"},"modified":"2020-12-29T10:09:45","modified_gmt":"2020-12-29T13:09:45","slug":"traducaoemfoco_eunice_suenaga_ebisu","status":"publish","type":"page","link":"https:\/\/fjsp.org.br\/fjsp\/traducaoemfoco_eunice_suenaga_ebisu\/","title":{"rendered":"Eunice Suenaga &#8211; Ebisu"},"content":{"rendered":"<h5 style=\"text-align: right\"><a href=\"https:\/\/fjsp.org.br\/fjsp\/traducaoemfoco\/\">Tradu\u00e7\u00e3o em Foco<\/a> &gt; Ebisu<\/h5>\n<p><img fetchpriority=\"high\" decoding=\"async\" class=\"img-responsive img-fluid alignnone size-full wp-image-14302\" src=\"https:\/\/fjsp.org.br\/fjsp\/wp-content\/uploads\/2020\/12\/banner-site-b-03.png\" alt=\"\" width=\"2501\" height=\"447\" srcset=\"https:\/\/fjsp.org.br\/fjsp\/wp-content\/uploads\/2020\/12\/banner-site-b-03.png 2501w, https:\/\/fjsp.org.br\/fjsp\/wp-content\/uploads\/2020\/12\/banner-site-b-03-280x50.png 280w, https:\/\/fjsp.org.br\/fjsp\/wp-content\/uploads\/2020\/12\/banner-site-b-03-768x137.png 768w, https:\/\/fjsp.org.br\/fjsp\/wp-content\/uploads\/2020\/12\/banner-site-b-03-1536x275.png 1536w, https:\/\/fjsp.org.br\/fjsp\/wp-content\/uploads\/2020\/12\/banner-site-b-03-2048x366.png 2048w, https:\/\/fjsp.org.br\/fjsp\/wp-content\/uploads\/2020\/12\/banner-site-b-03-340x61.png 340w, https:\/\/fjsp.org.br\/fjsp\/wp-content\/uploads\/2020\/12\/banner-site-b-03-220x39.png 220w, https:\/\/fjsp.org.br\/fjsp\/wp-content\/uploads\/2020\/12\/banner-site-b-03-100x18.png 100w, https:\/\/fjsp.org.br\/fjsp\/wp-content\/uploads\/2020\/12\/banner-site-b-03-130x23.png 130w, https:\/\/fjsp.org.br\/fjsp\/wp-content\/uploads\/2020\/12\/banner-site-b-03-460x82.png 460w\" sizes=\"(max-width: 2501px) 100vw, 2501px\" \/><\/p>\n<p>&nbsp;<\/p>\n<p>Depois segui a Ebisu, onde Tsukuru tem um encontro com Sara no in\u00edcio do romance. Voltei uma vez a Jiy\u00fbgaoka e peguei a linha Tokyu Toyoko at\u00e9 a esta\u00e7\u00e3o de Nakameguro, onde fiz baldea\u00e7\u00e3o para o metr\u00f4 Hibiya.<\/p>\n<p>Na noite em que Tsukuru conta a Sara o que se passou h\u00e1 mais de dezesseis anos, quando os seus melhores amigos da sua cidade natal, Nagoia, romperam a rela\u00e7\u00e3o com ele, os dois est\u00e3o \u201cem um pequeno bar afastado da esta\u00e7\u00e3o de Ebisu\u201d (p. 20). Depois do encontro, eles \u201cse despediram na entrada da esta\u00e7\u00e3o do metr\u00f4. Ela subiu a escada rolante para pegar a linha Yamanote, ele desceu para a linha Hibiya, e cada um voltou para sua casa\u201d (p. 42).<\/p>\n<p>&nbsp;<\/p>\n<div id=\"attachment_14262\" style=\"width: 410px\" class=\"wp-caption aligncenter\"><img decoding=\"async\" aria-describedby=\"caption-attachment-14262\" class=\"img-responsive img-fluid wp-image-14262\" src=\"https:\/\/fjsp.org.br\/fjsp\/wp-content\/uploads\/2020\/12\/3a-ebisu.jpg\" alt=\"\" width=\"400\" height=\"300\" srcset=\"https:\/\/fjsp.org.br\/fjsp\/wp-content\/uploads\/2020\/12\/3a-ebisu.jpg 789w, https:\/\/fjsp.org.br\/fjsp\/wp-content\/uploads\/2020\/12\/3a-ebisu-280x210.jpg 280w, https:\/\/fjsp.org.br\/fjsp\/wp-content\/uploads\/2020\/12\/3a-ebisu-768x575.jpg 768w, https:\/\/fjsp.org.br\/fjsp\/wp-content\/uploads\/2020\/12\/3a-ebisu-340x255.jpg 340w, https:\/\/fjsp.org.br\/fjsp\/wp-content\/uploads\/2020\/12\/3a-ebisu-220x165.jpg 220w, https:\/\/fjsp.org.br\/fjsp\/wp-content\/uploads\/2020\/12\/3a-ebisu-100x75.jpg 100w, https:\/\/fjsp.org.br\/fjsp\/wp-content\/uploads\/2020\/12\/3a-ebisu-130x97.jpg 130w, https:\/\/fjsp.org.br\/fjsp\/wp-content\/uploads\/2020\/12\/3a-ebisu-460x345.jpg 460w\" sizes=\"(max-width: 400px) 100vw, 400px\" \/><p id=\"caption-attachment-14262\" class=\"wp-caption-text\">Esta\u00e7\u00e3o de Ebisu. Escadaria para a linha Hibiya, \u00e0 esquerda, e escada rolante para a sa\u00edda leste da JR Ebisu, \u00e0 direita. Foto \u00a9 Eunice Suenaga<\/p><\/div>\n<p>&nbsp;<\/p>\n<p>Ao chegar a Ebisu, subi a escadaria que Tsukuru desceu no romance: ele\u00a0pegou o metr\u00f4 para fazer o percurso inverso ao que eu tinha feito, ou seja, seguir de Hibiya a Jiy\u00fbgaoka. Chegando ao piso t\u00e9rreo, vi diante de mim a longa escada rolante que d\u00e1 para a entrada leste da esta\u00e7\u00e3o JR Ebisu. Assim como Sara, subi a escada rolante para pegar a linha Yamanote.<\/p>\n<p>&nbsp;<\/p>\n<div id=\"attachment_14264\" style=\"width: 410px\" class=\"wp-caption aligncenter\"><img decoding=\"async\" aria-describedby=\"caption-attachment-14264\" class=\"img-responsive img-fluid wp-image-14264\" src=\"https:\/\/fjsp.org.br\/fjsp\/wp-content\/uploads\/2020\/12\/3c-ebisu.jpg\" alt=\"\" width=\"400\" height=\"300\" srcset=\"https:\/\/fjsp.org.br\/fjsp\/wp-content\/uploads\/2020\/12\/3c-ebisu.jpg 728w, https:\/\/fjsp.org.br\/fjsp\/wp-content\/uploads\/2020\/12\/3c-ebisu-280x210.jpg 280w, https:\/\/fjsp.org.br\/fjsp\/wp-content\/uploads\/2020\/12\/3c-ebisu-340x255.jpg 340w, https:\/\/fjsp.org.br\/fjsp\/wp-content\/uploads\/2020\/12\/3c-ebisu-220x165.jpg 220w, https:\/\/fjsp.org.br\/fjsp\/wp-content\/uploads\/2020\/12\/3c-ebisu-100x75.jpg 100w, https:\/\/fjsp.org.br\/fjsp\/wp-content\/uploads\/2020\/12\/3c-ebisu-130x98.jpg 130w, https:\/\/fjsp.org.br\/fjsp\/wp-content\/uploads\/2020\/12\/3c-ebisu-460x345.jpg 460w\" sizes=\"(max-width: 400px) 100vw, 400px\" \/><p id=\"caption-attachment-14264\" class=\"wp-caption-text\">Esta\u00e7\u00e3o de Ebisu, escada rolante para a sa\u00edda leste da JR Ebisu. Foto \u00a9 Eunice Suenaga<\/p><\/div>\n<p>&nbsp;<\/p>\n<p>Enquanto esperava o trem, caminhei ao longo da plataforma 1 e 2 tirando algumas fotos de trens e da plataforma, e cheguei \u00e0 extremidade pr\u00f3xima \u00e0 esta\u00e7\u00e3o de Meguro. Um rapaz que tinha uma c\u00e2mera com uma lente longa perguntou se eu pretendia tirar alguma foto em \u00a0especial, e respondi que n\u00e3o, que s\u00f3 queria tirar fotos de trem. Ele ent\u00e3o apontou a plataforma 3 e 4 e disse que naquela plataforma, na extremidade pr\u00f3xima a Shibuya, era poss\u00edvel tirar fotos boas com at\u00e9 quatro trens alinhados, pois nessa esta\u00e7\u00e3o os dois trilhos da linha Yamanote e os dois trilhos da linha Saiky\u00f4 passavam paralelos. Na verdade n\u00e3o tinha nenhuma pretens\u00e3o de tirar fotos incr\u00edveis com o meu celular velho, mas para n\u00e3o desapont\u00e1-lo, agradeci e subi a escadaria para atravessar para a plataforma 3 e 4. Aguardei alguns minutos, mas a melhor foto que consegui tirar foi a de dois trens alinhados. Desisti, voltei para a plataforma 1 e 2 e peguei a linha Yamanote no sentido Shinjunku.<\/p>\n<p>&nbsp;<\/p>\n<div id=\"attachment_14265\" style=\"width: 570px\" class=\"wp-caption aligncenter\"><img loading=\"lazy\" decoding=\"async\" aria-describedby=\"caption-attachment-14265\" class=\"img-responsive img-fluid wp-image-14265\" src=\"https:\/\/fjsp.org.br\/fjsp\/wp-content\/uploads\/2020\/12\/3d-ebisu.jpg\" alt=\"\" width=\"560\" height=\"300\" srcset=\"https:\/\/fjsp.org.br\/fjsp\/wp-content\/uploads\/2020\/12\/3d-ebisu.jpg 685w, https:\/\/fjsp.org.br\/fjsp\/wp-content\/uploads\/2020\/12\/3d-ebisu-280x150.jpg 280w, https:\/\/fjsp.org.br\/fjsp\/wp-content\/uploads\/2020\/12\/3d-ebisu-340x182.jpg 340w, https:\/\/fjsp.org.br\/fjsp\/wp-content\/uploads\/2020\/12\/3d-ebisu-220x118.jpg 220w, https:\/\/fjsp.org.br\/fjsp\/wp-content\/uploads\/2020\/12\/3d-ebisu-100x54.jpg 100w, https:\/\/fjsp.org.br\/fjsp\/wp-content\/uploads\/2020\/12\/3d-ebisu-130x70.jpg 130w, https:\/\/fjsp.org.br\/fjsp\/wp-content\/uploads\/2020\/12\/3d-ebisu-460x246.jpg 460w\" sizes=\"(max-width: 560px) 100vw, 560px\" \/><p id=\"caption-attachment-14265\" class=\"wp-caption-text\">Esta\u00e7\u00e3o de Ebisu, dois trens alinhados que consegui capturar. Foto \u00a9 Eunice Suenaga<\/p><\/div>\n<p>&nbsp;<\/p>\n<p>&nbsp;<\/p>\n<hr \/>\n<p>&nbsp;<\/p>\n<h4 style=\"text-align: center\"><strong><a href=\"https:\/\/fjsp.org.br\/fjsp\/traducaoemfoco_eunice_suenaga_ookayama\/\">&lt;&lt; 2. Ookayama<\/a>\u00a0 \/\/\u00a0 <a href=\"https:\/\/fjsp.org.br\/fjsp\/traducaoemfoco_eunice_suenaga_shinjuku\/\">4. Shinjuku &gt;&gt;<\/a><\/strong><\/h4>\n<p style=\"text-align: center\"><a href=\"https:\/\/fjsp.org.br\/fjsp\/traducaoemfoco_eunice_suenaga\/\">1\u00a0<\/a>\u30fb<a href=\"https:\/\/fjsp.org.br\/fjsp\/traducaoemfoco_eunice_suenaga_ookayama\/\">2<\/a> \u30fb <strong>[ 3 ]<\/strong> \u30fb <a href=\"https:\/\/fjsp.org.br\/fjsp\/traducaoemfoco_eunice_suenaga_shinjuku\/\">4<\/a><\/p>\n<h6 style=\"text-align: left\"><span style=\"color: #000000\">*Os usos de imagens e conte\u00fados desta p\u00e1gina s\u00e3o exclusivamente para fins educacionais e de divulga\u00e7\u00e3o de cultura japonesa, sem fins comerciais.<\/span><\/h6>\n","protected":false},"excerpt":{"rendered":"<p>Tradu\u00e7\u00e3o em Foco &gt; Ebisu &nbsp; Depois segui a Ebisu, onde Tsukuru tem um encontro com Sara no in\u00edcio do romance. Voltei uma vez a Jiy\u00fbgaoka e peguei a linha Tokyu Toyoko at\u00e9 a esta\u00e7\u00e3o de Nakameguro, onde fiz baldea\u00e7\u00e3o para o metr\u00f4 Hibiya. Na noite em que Tsukuru conta a Sara o que se [&hellip;]<\/p>\n","protected":false},"author":34,"featured_media":0,"parent":0,"menu_order":0,"comment_status":"closed","ping_status":"closed","template":"","meta":{"_acf_changed":false,"footnotes":""},"class_list":["post-14260","page","type-page","status-publish","hentry"],"acf":[],"_links":{"self":[{"href":"https:\/\/fjsp.org.br\/fjsp\/wp-json\/wp\/v2\/pages\/14260","targetHints":{"allow":["GET"]}}],"collection":[{"href":"https:\/\/fjsp.org.br\/fjsp\/wp-json\/wp\/v2\/pages"}],"about":[{"href":"https:\/\/fjsp.org.br\/fjsp\/wp-json\/wp\/v2\/types\/page"}],"author":[{"embeddable":true,"href":"https:\/\/fjsp.org.br\/fjsp\/wp-json\/wp\/v2\/users\/34"}],"replies":[{"embeddable":true,"href":"https:\/\/fjsp.org.br\/fjsp\/wp-json\/wp\/v2\/comments?post=14260"}],"version-history":[{"count":2,"href":"https:\/\/fjsp.org.br\/fjsp\/wp-json\/wp\/v2\/pages\/14260\/revisions"}],"predecessor-version":[{"id":14397,"href":"https:\/\/fjsp.org.br\/fjsp\/wp-json\/wp\/v2\/pages\/14260\/revisions\/14397"}],"wp:attachment":[{"href":"https:\/\/fjsp.org.br\/fjsp\/wp-json\/wp\/v2\/media?parent=14260"}],"curies":[{"name":"wp","href":"https:\/\/api.w.org\/{rel}","templated":true}]}}