{"id":14523,"date":"2020-12-29T18:04:41","date_gmt":"2020-12-29T21:04:41","guid":{"rendered":"https:\/\/fjsp.org.br\/fjsp\/?page_id=14523"},"modified":"2020-12-29T18:20:42","modified_gmt":"2020-12-29T21:20:42","slug":"novos_facilitadores_2020_bambu","status":"publish","type":"page","link":"https:\/\/fjsp.org.br\/fjsp\/novos_facilitadores_2020_bambu\/","title":{"rendered":"Forma\u00e7\u00e3o de Novos Facilitadores para o interc\u00e2mbio Jap\u00e3o-Brasil &#8211; Bambu: a revitaliza\u00e7\u00e3o de uma comunidade &#8211;"},"content":{"rendered":"<h5 style=\"text-align: center\"><a href=\"https:\/\/fjsp.org.br\/fjsp\/novos_facilitadores_2020_bambu_jp\/\"><span style=\"color: #0000ff\"><strong>[\u65e5\u672c\u8a9e]<\/strong><\/span><\/a><\/h5>\n<p>&nbsp;<\/p>\n<p><img fetchpriority=\"high\" decoding=\"async\" class=\"img-responsive img-fluid aligncenter wp-image-14498\" src=\"https:\/\/fjsp.org.br\/fjsp\/wp-content\/uploads\/2020\/12\/slider-relatorio-bambu.jpg\" alt=\"\" width=\"1200\" height=\"652\" srcset=\"https:\/\/fjsp.org.br\/fjsp\/wp-content\/uploads\/2020\/12\/slider-relatorio-bambu.jpg 850w, https:\/\/fjsp.org.br\/fjsp\/wp-content\/uploads\/2020\/12\/slider-relatorio-bambu-280x152.jpg 280w, https:\/\/fjsp.org.br\/fjsp\/wp-content\/uploads\/2020\/12\/slider-relatorio-bambu-768x417.jpg 768w, https:\/\/fjsp.org.br\/fjsp\/wp-content\/uploads\/2020\/12\/slider-relatorio-bambu-340x185.jpg 340w, https:\/\/fjsp.org.br\/fjsp\/wp-content\/uploads\/2020\/12\/slider-relatorio-bambu-220x120.jpg 220w, https:\/\/fjsp.org.br\/fjsp\/wp-content\/uploads\/2020\/12\/slider-relatorio-bambu-100x54.jpg 100w, https:\/\/fjsp.org.br\/fjsp\/wp-content\/uploads\/2020\/12\/slider-relatorio-bambu-130x71.jpg 130w, https:\/\/fjsp.org.br\/fjsp\/wp-content\/uploads\/2020\/12\/slider-relatorio-bambu-460x250.jpg 460w\" sizes=\"(max-width: 1200px) 100vw, 1200px\" \/><\/p>\n<p>&nbsp;<\/p>\n<p>O projeto \u00e9 uma iniciativa para forma\u00e7\u00e3o de novos facilitadores que ser\u00e3o a ponte entre o Jap\u00e3o e o Brasil, abordando quest\u00f5es comuns entre ambos. Para essa primeira edi\u00e7\u00e3o de Bambu: a revitaliza\u00e7\u00e3o de uma comunidade, trabalhou-se com o tema sustentabilidade e design social, para a conscientiza\u00e7\u00e3o sobre a import\u00e2ncia da preserva\u00e7\u00e3o do meio ambiente e da revitaliza\u00e7\u00e3o das comunidades locais. Assim, foi feita uma parceria com o Projeto Bambu\/UNESP, que j\u00e1 vem desenvolvendo um trabalho com um grupo de artes\u00e3os do Assentamento Horto Aimor\u00e9s, a Associa\u00e7\u00e3o Agroecol\u00f3gica Viverde. O processo de capacita\u00e7\u00e3o desse grupo de artes\u00e3os na cadeia produtiva do bambu e na confec\u00e7\u00e3o de produtos e constru\u00e7\u00f5es j\u00e1 vem sendo realizado por anos, por\u00e9m, ainda h\u00e1 problemas no sistema empregado, o que impede que se tornem totalmente independentes.<\/p>\n<p>Assim, foram selecionados 12 jovens de diversas \u00e1reas, das regi\u00f5es de S\u00e3o Paulo, Sorocaba e Bauru, com a finalidade de se tornarem novos facilitadores e apresentarem novas ideias sobre a utiliza\u00e7\u00e3o do bambu, que fa\u00e7am o projeto da associa\u00e7\u00e3o progredir novamente, baseando-se nas realidades dessa comunidade e na vis\u00e3o das suas pr\u00f3prias especializa\u00e7\u00f5es.<\/p>\n<p>O projeto foi dividido em parte te\u00f3rica e pr\u00e1tica. A parte te\u00f3rica foi elaborada de forma que fosse construtiva aos 12 jovens facilitadores, para que primeiramente os participantes conhecessem a realidade do projeto desenvolvido com a comunidade (visita t\u00e9cnica), sobre o potencial do bambu em diversas \u00e1reas (mini palestras sobre a utiliza\u00e7\u00e3o do bambu), e com essas bases, realizaram discuss\u00f5es e apresentaram novas ideias de projetos para essa comunidade (roda de conversa).<br \/>\nA parte pr\u00e1tica foi a realiza\u00e7\u00e3o de um workshop de lanternas de bambu, ministrado pelo nosso convidado do Jap\u00e3o, o especialista Kenshi Mishiro, da empresa CHIKAKEN, que ao final, foi realizado um Festival de Lanternas de Bambu, no qual foram expostas as pe\u00e7as confeccionadas durante o workshop. Como complemento, foi realizada a palestra \u201cDiversidade da Utiliza\u00e7\u00e3o de Bambu\u201d, ministrada pelo nosso convidado do Jap\u00e3o, o pesquisador em cultura de bambu, Hiroyuki Hashiguchi.<\/p>\n<p>&nbsp;<\/p>\n<h3><strong><span style=\"color: #339966\">Clique nos \u00edcones abaixo e veja como foram as atividades<\/span><\/strong><\/h3>\n<p><a href=\"https:\/\/fjsp.org.br\/fjsp\/novos_facilitadores_2020_bambu_visitas_tecnicas\/\"><img decoding=\"async\" class=\"img-responsive alignnone wp-image-11394\" src=\"https:\/\/fjsp.org.br\/fjsp\/wp-content\/uploads\/2020\/06\/botao-visitas-tecnicas-new.png\" alt=\"\" width=\"155\" height=\"155\" srcset=\"https:\/\/fjsp.org.br\/fjsp\/wp-content\/uploads\/2020\/06\/botao-visitas-tecnicas-new.png 283w, https:\/\/fjsp.org.br\/fjsp\/wp-content\/uploads\/2020\/06\/botao-visitas-tecnicas-new-280x280.png 280w, https:\/\/fjsp.org.br\/fjsp\/wp-content\/uploads\/2020\/06\/botao-visitas-tecnicas-new-220x220.png 220w, https:\/\/fjsp.org.br\/fjsp\/wp-content\/uploads\/2020\/06\/botao-visitas-tecnicas-new-100x100.png 100w, https:\/\/fjsp.org.br\/fjsp\/wp-content\/uploads\/2020\/06\/botao-visitas-tecnicas-new-130x130.png 130w, https:\/\/fjsp.org.br\/fjsp\/wp-content\/uploads\/2020\/06\/botao-visitas-tecnicas-new-150x150.png 150w\" sizes=\"(max-width: 155px) 100vw, 155px\" \/><\/a>\u00a0<a href=\"https:\/\/fjsp.org.br\/fjsp\/novos_facilitadores_2020_bambu_palestras\/\"><img decoding=\"async\" class=\"img-responsive alignnone wp-image-11395\" src=\"https:\/\/fjsp.org.br\/fjsp\/wp-content\/uploads\/2020\/06\/botao-palestras-new.png\" alt=\"\" width=\"155\" height=\"155\" srcset=\"https:\/\/fjsp.org.br\/fjsp\/wp-content\/uploads\/2020\/06\/botao-palestras-new.png 283w, https:\/\/fjsp.org.br\/fjsp\/wp-content\/uploads\/2020\/06\/botao-palestras-new-280x280.png 280w, https:\/\/fjsp.org.br\/fjsp\/wp-content\/uploads\/2020\/06\/botao-palestras-new-220x220.png 220w, https:\/\/fjsp.org.br\/fjsp\/wp-content\/uploads\/2020\/06\/botao-palestras-new-100x100.png 100w, https:\/\/fjsp.org.br\/fjsp\/wp-content\/uploads\/2020\/06\/botao-palestras-new-130x130.png 130w, https:\/\/fjsp.org.br\/fjsp\/wp-content\/uploads\/2020\/06\/botao-palestras-new-150x150.png 150w\" sizes=\"(max-width: 155px) 100vw, 155px\" \/><\/a><a href=\"https:\/\/fjsp.org.br\/fjsp\/novos_facilitadores_2020_bambu_rodaconversa\/\"><img loading=\"lazy\" decoding=\"async\" class=\"img-responsive alignnone wp-image-11396\" src=\"https:\/\/fjsp.org.br\/fjsp\/wp-content\/uploads\/2020\/06\/botao-roda-conversa-new.png\" alt=\"\" width=\"155\" height=\"155\" srcset=\"https:\/\/fjsp.org.br\/fjsp\/wp-content\/uploads\/2020\/06\/botao-roda-conversa-new.png 283w, https:\/\/fjsp.org.br\/fjsp\/wp-content\/uploads\/2020\/06\/botao-roda-conversa-new-280x280.png 280w, https:\/\/fjsp.org.br\/fjsp\/wp-content\/uploads\/2020\/06\/botao-roda-conversa-new-220x220.png 220w, https:\/\/fjsp.org.br\/fjsp\/wp-content\/uploads\/2020\/06\/botao-roda-conversa-new-100x100.png 100w, https:\/\/fjsp.org.br\/fjsp\/wp-content\/uploads\/2020\/06\/botao-roda-conversa-new-130x130.png 130w, https:\/\/fjsp.org.br\/fjsp\/wp-content\/uploads\/2020\/06\/botao-roda-conversa-new-150x150.png 150w\" sizes=\"(max-width: 155px) 100vw, 155px\" \/><\/a><a href=\"https:\/\/fjsp.org.br\/fjsp\/novos_facilitadores_2020_bambu_workshop\/\"><img loading=\"lazy\" decoding=\"async\" class=\"img-responsive alignnone wp-image-11183\" src=\"https:\/\/fjsp.org.br\/fjsp\/wp-content\/uploads\/2020\/06\/botao-workshop-new.png\" alt=\"\" width=\"155\" height=\"155\" srcset=\"https:\/\/fjsp.org.br\/fjsp\/wp-content\/uploads\/2020\/06\/botao-workshop-new.png 283w, https:\/\/fjsp.org.br\/fjsp\/wp-content\/uploads\/2020\/06\/botao-workshop-new-280x280.png 280w, https:\/\/fjsp.org.br\/fjsp\/wp-content\/uploads\/2020\/06\/botao-workshop-new-220x220.png 220w, https:\/\/fjsp.org.br\/fjsp\/wp-content\/uploads\/2020\/06\/botao-workshop-new-100x100.png 100w, https:\/\/fjsp.org.br\/fjsp\/wp-content\/uploads\/2020\/06\/botao-workshop-new-130x130.png 130w, https:\/\/fjsp.org.br\/fjsp\/wp-content\/uploads\/2020\/06\/botao-workshop-new-150x150.png 150w\" sizes=\"(max-width: 155px) 100vw, 155px\" \/><\/a><a href=\"https:\/\/fjsp.org.br\/fjsp\/novos_facilitadores_2020_bambu_palestra_diversidade_utilizacao_bambu\/\"><img loading=\"lazy\" decoding=\"async\" class=\"img-responsive alignnone wp-image-11176\" src=\"https:\/\/fjsp.org.br\/fjsp\/wp-content\/uploads\/2020\/06\/botao-palestra-complementar.png\" alt=\"\" width=\"155\" height=\"155\" srcset=\"https:\/\/fjsp.org.br\/fjsp\/wp-content\/uploads\/2020\/06\/botao-palestra-complementar.png 283w, https:\/\/fjsp.org.br\/fjsp\/wp-content\/uploads\/2020\/06\/botao-palestra-complementar-280x280.png 280w, https:\/\/fjsp.org.br\/fjsp\/wp-content\/uploads\/2020\/06\/botao-palestra-complementar-220x220.png 220w, https:\/\/fjsp.org.br\/fjsp\/wp-content\/uploads\/2020\/06\/botao-palestra-complementar-100x100.png 100w, https:\/\/fjsp.org.br\/fjsp\/wp-content\/uploads\/2020\/06\/botao-palestra-complementar-130x130.png 130w, https:\/\/fjsp.org.br\/fjsp\/wp-content\/uploads\/2020\/06\/botao-palestra-complementar-150x150.png 150w\" sizes=\"(max-width: 155px) 100vw, 155px\" \/><\/a><\/p>\n<p>&nbsp;<\/p>\n<h3><strong><span style=\"color: #339966\">Videos<\/span><\/strong><\/h3>\n<p><a href=\"https:\/\/www.youtube.com\/watch?v=3A20J2XYgcM&amp;\" target=\"_blank\" rel=\"noopener noreferrer\"><img loading=\"lazy\" decoding=\"async\" class=\"img-responsive alignnone wp-image-11348\" src=\"https:\/\/fjsp.org.br\/fjsp\/wp-content\/uploads\/2020\/06\/video1-new2.jpg\" alt=\"\" width=\"340\" height=\"271\" srcset=\"https:\/\/fjsp.org.br\/fjsp\/wp-content\/uploads\/2020\/06\/video1-new2.jpg 300w, https:\/\/fjsp.org.br\/fjsp\/wp-content\/uploads\/2020\/06\/video1-new2-280x223.jpg 280w, https:\/\/fjsp.org.br\/fjsp\/wp-content\/uploads\/2020\/06\/video1-new2-220x175.jpg 220w, https:\/\/fjsp.org.br\/fjsp\/wp-content\/uploads\/2020\/06\/video1-new2-100x80.jpg 100w, https:\/\/fjsp.org.br\/fjsp\/wp-content\/uploads\/2020\/06\/video1-new2-130x104.jpg 130w\" sizes=\"(max-width: 340px) 100vw, 340px\" \/><\/a>\u00a0 \u00a0 \u00a0 <a href=\"https:\/\/www.youtube.com\/watch?v=JMwrtkWyuA4&amp;\" target=\"_blank\" rel=\"noopener noreferrer\"><img loading=\"lazy\" decoding=\"async\" class=\"img-responsive alignnone wp-image-11346\" src=\"https:\/\/fjsp.org.br\/fjsp\/wp-content\/uploads\/2020\/06\/video2-new.jpg\" alt=\"\" width=\"340\" height=\"271\" srcset=\"https:\/\/fjsp.org.br\/fjsp\/wp-content\/uploads\/2020\/06\/video2-new.jpg 300w, https:\/\/fjsp.org.br\/fjsp\/wp-content\/uploads\/2020\/06\/video2-new-280x223.jpg 280w, https:\/\/fjsp.org.br\/fjsp\/wp-content\/uploads\/2020\/06\/video2-new-220x175.jpg 220w, https:\/\/fjsp.org.br\/fjsp\/wp-content\/uploads\/2020\/06\/video2-new-100x80.jpg 100w, https:\/\/fjsp.org.br\/fjsp\/wp-content\/uploads\/2020\/06\/video2-new-130x104.jpg 130w\" sizes=\"(max-width: 340px) 100vw, 340px\" \/><\/a><\/p>\n<p>&nbsp;<\/p>\n<h3><strong><span style=\"color: #339966\">Temos tamb\u00e9m a vers\u00e3o completa em pdf<\/span><\/strong><\/h3>\n<p><span style=\"color: #ff6600\"><strong><a style=\"color: #ff6600\" href=\"https:\/\/fjsp.org.br\/fjsp\/wp-content\/uploads\/2020\/07\/novos-facilitadores-paginadupla.pdf\" target=\"_blank\" rel=\"noopener noreferrer\">[p\u00e1gina dupla]<\/a>\u00a0 \u00a0 <a style=\"color: #ff6600\" href=\"https:\/\/fjsp.org.br\/fjsp\/wp-content\/uploads\/2020\/07\/novos-facilitadores-paginaindividuall.pdf\" target=\"_blank\" rel=\"noopener noreferrer\">[p\u00e1gina individual]<\/a><\/strong><\/span><\/p>\n<p><img loading=\"lazy\" decoding=\"async\" class=\"img-responsive alignnone wp-image-11397\" src=\"https:\/\/fjsp.org.br\/fjsp\/wp-content\/uploads\/2020\/06\/versao-em-pdf.jpg\" alt=\"\" width=\"1080\" height=\"710\" srcset=\"https:\/\/fjsp.org.br\/fjsp\/wp-content\/uploads\/2020\/06\/versao-em-pdf.jpg 1080w, https:\/\/fjsp.org.br\/fjsp\/wp-content\/uploads\/2020\/06\/versao-em-pdf-280x184.jpg 280w, https:\/\/fjsp.org.br\/fjsp\/wp-content\/uploads\/2020\/06\/versao-em-pdf-768x505.jpg 768w, https:\/\/fjsp.org.br\/fjsp\/wp-content\/uploads\/2020\/06\/versao-em-pdf-340x224.jpg 340w, https:\/\/fjsp.org.br\/fjsp\/wp-content\/uploads\/2020\/06\/versao-em-pdf-220x145.jpg 220w, https:\/\/fjsp.org.br\/fjsp\/wp-content\/uploads\/2020\/06\/versao-em-pdf-100x66.jpg 100w, https:\/\/fjsp.org.br\/fjsp\/wp-content\/uploads\/2020\/06\/versao-em-pdf-130x85.jpg 130w, https:\/\/fjsp.org.br\/fjsp\/wp-content\/uploads\/2020\/06\/versao-em-pdf-460x302.jpg 460w\" sizes=\"(max-width: 1080px) 100vw, 1080px\" \/><\/p>\n<p>&nbsp;<\/p>\n<hr \/>\n<h4><strong>RODA DE CONVERSA<\/strong><\/h4>\n<p><strong>Realiza\u00e7\u00e3o:<\/strong> Funda\u00e7\u00e3o Jap\u00e3o em S\u00e3o Paulo \/ Unesp Bauru &#8211; FEB Unesp<br \/>\n<strong>Apoios:<\/strong> Sesc &#8211; Unidade Bauru e Clube Cultural Nipo Brasileiro &#8211; Bauru<br \/>\n<strong>Coordena\u00e7\u00e3o:<\/strong> Silvia Sasaoka<br \/>\n<strong>Facilitadores da atividade:<\/strong> Kyoko Hirano e Silvia Sasaoka<br \/>\n<strong>Agradecimentos:<\/strong> Prof. Luttgard de Oliveira Neto, S\u00e9rgio Ishikava, Shozo Nakamine, Kyoko Hirano, Etsu Munhoz e Associa\u00e7\u00e3o Agroecol\u00f3gica Viverde.<\/p>\n<p><strong><span style=\"color: #800080\">NOVOS FACILITADORES BRASIL-JAP\u00c3O<br \/>\n<\/span><\/strong><strong>Hayato Fujii<\/strong> (Gerente de projeto do Brasil da Kengo Kuma &amp; Associates)<br \/>\n<strong>Leonardo Inomata<\/strong> (Advogado \/ diretor da JCI Brasil-Jap\u00e3o)<br \/>\n<strong>Murilo Furlan Mellio<\/strong> (Mestrando em L\u00edngua, Literatura e Cultura Japonesa \u2013 USP)<br \/>\n<strong>Mateus Gambaro Ramos<\/strong> (Prestador de servi\u00e7os no SMART CAMPUS FACENS)<br \/>\n<strong>Rafaela Yumi Tanaka<\/strong> (Estudante de Arquitetura e Urbanismo &#8211; USP)<br \/>\n<strong>Gabriel Fernandes dos Santos<\/strong> (Doutorando em Design na linha de pesquisa Planejamento de Produto &#8211; Unesp)<br \/>\n<strong>Eduardo Miguel<\/strong> (Engenheiro Projetista)<br \/>\n<strong>Jo\u00e3o Victor Gomes dos Santos<\/strong> (Designer\/Doutorando em Ergonomia PPGD Unesp)<br \/>\n<strong>Laura Camargo Ribeiro da Silva<\/strong> (Designer\/Fot\u00f3grafa)<br \/>\n<strong>Anderson Augusto Fabri<\/strong> (Estudante do curso de Arquitura e membro da Associa\u00e7\u00e3o Comunit\u00e1rio Angico do Cerrado )<br \/>\n<strong>Cibele Mion<\/strong> (Animadora Cultural do SESC)<br \/>\n<strong>Amy Maitland<\/strong> (Designer)<\/p>\n<p><strong><span style=\"color: #800080\">PALESTRANTES<br \/>\n<\/span><\/strong><strong>Marco Antonio dos Reis Pereira<\/strong> (Professor Adjunto (Livre Docente) \/ Faculdade de Engenharia, C\u00e2mpus Bauru &#8211; Departamento de Engenharia Mec\u00e2nica)<br \/>\n<strong>Danilo Candia Barbosa<\/strong> (S\u00f3cio Diretor do Bambu Carbono Zero)<br \/>\n<strong>Kenshi Mishiro<\/strong> (Diretor de Takeakari e Representante da Empresa CHIKAKEN)<br \/>\n<strong>Akiko Ishizu<\/strong> (Pesquisadora de Culin\u00e1ria \/ Nutricionista \/ Coordenadora de Alimentos \/ Especializa\u00e7\u00e3o em Comidas Caseiras Brasileiras e Japonesas)<\/p>\n<p><span style=\"color: #800080\"><strong>CONVIDADO ESPECIAL<br \/>\n<\/strong><\/span><strong>Hiroyuki Hashiguchi<\/strong> (Pesquisador da Cultura de Bambu, Escritor)<\/p>\n<p>&nbsp;<\/p>\n<h4><strong>WORKSHOP DE LANTERNAS DE BAMBU<\/strong><\/h4>\n<p><strong>Realiza\u00e7\u00e3o:<\/strong> Funda\u00e7\u00e3o Jap\u00e3o em S\u00e3o Paulo \/ Unesp Bauru &#8211; FEB Unesp<br \/>\n<strong>Apoios:<\/strong> Laborat\u00f3rio Did\u00e1tico de Materiais e Prot\u00f3tipos &#8211; LDMP, Faac Unesp Bauru, Clube Cultural Nipo Brasileiro &#8211; Bauru<br \/>\n<strong>Elabora\u00e7\u00e3o do projeto:<\/strong> Silvia Sasaoka<br \/>\n<strong>Coordena\u00e7\u00e3o do workshop:<\/strong> Kenshi Mishiro<br \/>\n<strong>Assistente de coordena\u00e7\u00e3o:<\/strong> Hiroyuki Hashiguchi<br \/>\n<strong>Equipe t\u00e9cnico de apoio do Projeto Bambu:<\/strong> Gabriel Fernandes dos Santos, Jo\u00e3o Victor Gomes dos Santos, Rafael M. Sette, T\u00falio Sacchi dos Santos e Laura Camargo Ribeiro da Silva<br \/>\n<strong>Agradecimentos:<\/strong> Prof. Luttgard de Oliveira Neto, Prof. Marco Antonio dos Reis Pereira, Prof. Tom\u00e1s Barata, Kyoko Hirano, Kiyomi Ishikawa, Etsu Munhoz.<\/p>\n<p>&nbsp;<\/p>\n<h4><strong>PALESTRA: DIVERSIDADE DA UTILIZA\u00c7\u00c3O DE BAMBU<\/strong><\/h4>\n<p><strong>Realiza\u00e7\u00e3o:<\/strong> Funda\u00e7\u00e3o Jap\u00e3o em S\u00e3o Paulo<br \/>\n<strong>Apoio:<\/strong> SESC &#8211; Unidade Bauru<br \/>\n<strong>Palestrante:<\/strong> Hiroyuki Hashiguchi<\/p>\n<script type=\"text\/javascript\"> toolTips('.classtoolTips76','A palavra <em><span class='tooltipsall tooltipsincontent classtoolTips76'>kami<\/span><\/em> significa \u201cm\u00edstico\u201d, \u201csuperior\u201d, \u201cdivino\u201d, estando normalmente ligada ao poder sagrado ou divino.'); <\/script>","protected":false},"excerpt":{"rendered":"<p>[\u65e5\u672c\u8a9e] &nbsp; &nbsp; O projeto \u00e9 uma iniciativa para forma\u00e7\u00e3o de novos facilitadores que ser\u00e3o a ponte entre o Jap\u00e3o e o Brasil, abordando quest\u00f5es comuns entre ambos. Para essa primeira edi\u00e7\u00e3o de Bambu: a revitaliza\u00e7\u00e3o de uma comunidade, trabalhou-se com o tema sustentabilidade e design social, para a conscientiza\u00e7\u00e3o sobre a import\u00e2ncia da preserva\u00e7\u00e3o [&hellip;]<\/p>\n","protected":false},"author":34,"featured_media":0,"parent":0,"menu_order":0,"comment_status":"closed","ping_status":"closed","template":"","meta":{"_acf_changed":false,"footnotes":""},"class_list":["post-14523","page","type-page","status-publish","hentry"],"acf":[],"_links":{"self":[{"href":"https:\/\/fjsp.org.br\/fjsp\/wp-json\/wp\/v2\/pages\/14523","targetHints":{"allow":["GET"]}}],"collection":[{"href":"https:\/\/fjsp.org.br\/fjsp\/wp-json\/wp\/v2\/pages"}],"about":[{"href":"https:\/\/fjsp.org.br\/fjsp\/wp-json\/wp\/v2\/types\/page"}],"author":[{"embeddable":true,"href":"https:\/\/fjsp.org.br\/fjsp\/wp-json\/wp\/v2\/users\/34"}],"replies":[{"embeddable":true,"href":"https:\/\/fjsp.org.br\/fjsp\/wp-json\/wp\/v2\/comments?post=14523"}],"version-history":[{"count":3,"href":"https:\/\/fjsp.org.br\/fjsp\/wp-json\/wp\/v2\/pages\/14523\/revisions"}],"predecessor-version":[{"id":15545,"href":"https:\/\/fjsp.org.br\/fjsp\/wp-json\/wp\/v2\/pages\/14523\/revisions\/15545"}],"wp:attachment":[{"href":"https:\/\/fjsp.org.br\/fjsp\/wp-json\/wp\/v2\/media?parent=14523"}],"curies":[{"name":"wp","href":"https:\/\/api.w.org\/{rel}","templated":true}]}}