{"id":14839,"date":"2021-01-26T21:01:57","date_gmt":"2021-01-27T00:01:57","guid":{"rendered":"https:\/\/fjsp.org.br\/fjsp\/?page_id=14839"},"modified":"2021-02-03T17:01:42","modified_gmt":"2021-02-03T20:01:42","slug":"jff-plus-online-festival-railways","status":"publish","type":"page","link":"https:\/\/fjsp.org.br\/fjsp\/jff-plus-online-festival-railways\/","title":{"rendered":"JFF Plus Online Festival &#8211; RAILWAYS"},"content":{"rendered":"<h5 style=\"text-align: center\"><a href=\"https:\/\/fjsp.org.br\/fjsp\/agenda\/jff-plus-online-festival\/\"><strong>P\u00e1gina inicial<\/strong><\/a><\/h5>\n<p><img fetchpriority=\"high\" decoding=\"async\" class=\"img-responsive img-fluid wp-image-14934 alignleft\" src=\"https:\/\/fjsp.org.br\/fjsp\/wp-content\/uploads\/2021\/01\/railways-main-poster-scaled.jpg\" alt=\"\" width=\"533\" height=\"756\" srcset=\"https:\/\/fjsp.org.br\/fjsp\/wp-content\/uploads\/2021\/01\/railways-main-poster-scaled.jpg 1805w, https:\/\/fjsp.org.br\/fjsp\/wp-content\/uploads\/2021\/01\/railways-main-poster-280x397.jpg 280w, https:\/\/fjsp.org.br\/fjsp\/wp-content\/uploads\/2021\/01\/railways-main-poster-768x1090.jpg 768w, https:\/\/fjsp.org.br\/fjsp\/wp-content\/uploads\/2021\/01\/railways-main-poster-1083x1536.jpg 1083w, https:\/\/fjsp.org.br\/fjsp\/wp-content\/uploads\/2021\/01\/railways-main-poster-1444x2048.jpg 1444w, https:\/\/fjsp.org.br\/fjsp\/wp-content\/uploads\/2021\/01\/railways-main-poster-340x482.jpg 340w, https:\/\/fjsp.org.br\/fjsp\/wp-content\/uploads\/2021\/01\/railways-main-poster-220x312.jpg 220w, https:\/\/fjsp.org.br\/fjsp\/wp-content\/uploads\/2021\/01\/railways-main-poster-100x142.jpg 100w, https:\/\/fjsp.org.br\/fjsp\/wp-content\/uploads\/2021\/01\/railways-main-poster-130x184.jpg 130w, https:\/\/fjsp.org.br\/fjsp\/wp-content\/uploads\/2021\/01\/railways-main-poster-460x653.jpg 460w\" sizes=\"(max-width: 533px) 100vw, 533px\" \/><\/p>\n<p><strong>Data da exibi\u00e7\u00e3o<\/strong><br \/>\n10\/2 (qua)<\/p>\n<p><strong>T\u00edtulo original em japon\u00eas<\/strong><br \/>\nRAILWAYS<br \/>\n49\u6b73\u3067\u96fb\u8eca\u306e\u904b\u8ee2\u58eb\u306b\u306a\u3063\u305f\u7537\u306e\u7269\u8a9e<br \/>\n(RAILWAYS yonjyukyusai de densha no untenshi ni natta otoko no monogatari)<\/p>\n<p><strong>T\u00edtulo em ingl\u00eas<\/strong><br \/>\nRAILWAYS<\/p>\n<p><strong>G\u00eanero<\/strong><br \/>\nDrama<\/p>\n<p><strong>Sinopse<\/strong><br \/>\nHajime est\u00e1 prestes a ser o pr\u00f3ximo chefe de uma conceituada empresa de eletr\u00f4nicos. Ele trabalha dia e noite no seu emprego e n\u00e3o tem tempo para a sua fam\u00edlia. Mas, um dia, sua m\u00e3e em Shimane adoece, e seu melhor amigo morre em um acidente. Aflito, Hajime volta para casa, onde enfrenta as mem\u00f3rias de seus sonhos de inf\u00e2ncia. Ele sempre quis ser um maquinista e conduzir o &#8220;bataden&#8221; \u2014 um trem local da Ichibata Electric Railway.<\/p>\n<p><strong>Dura\u00e7\u00e3o<\/strong><br \/>\n130 minutos<\/p>\n<p><strong>Diretor<\/strong><br \/>\nNISHIKORI Yoshinari<\/p>\n<p><strong>Elenco<\/strong><br \/>\nNAKAI Kiichi<br \/>\nTAKASHIMA Reiko<br \/>\nMOTOKARIYA Yuika<\/p>\n<p><strong>Ano<\/strong><br \/>\n2010<\/p>\n<p>&nbsp;<\/p>\n<hr \/>\n<h4 style=\"text-align: center\"><span style=\"color: #000000\"><strong>Para assistir ao filme acesse <span style=\"color: #3366ff\"><a style=\"color: #3366ff\" href=\"https:\/\/watch.jff.jpf.go.jp\/page\/brazil\/\" target=\"_blank\" rel=\"noopener\">https:\/\/watch.jff.jpf.go.jp\/page\/brazil\/<\/a><\/span><\/strong><\/span><\/h4>\n<hr \/>\n<p>&nbsp;<\/p>\n<h3><strong>Programa\u00e7\u00e3o<\/strong><\/h3>\n<p><strong>1\u00ba dia &#8211; 5 de fevereiro<\/strong><br \/>\n<strong>Dispon\u00edvel a partir de 21:00 (hor\u00e1rio de Bras\u00edlia)<\/strong><\/p>\n<p><a href=\"https:\/\/fjsp.org.br\/fjsp\/jff-plus-online-festival-project-dreams-how-to-build-mazinger-zs-hangar\/\"><img decoding=\"async\" class=\"img-responsive img-fluid alignnone wp-image-15137 size-full\" src=\"https:\/\/fjsp.org.br\/fjsp\/wp-content\/uploads\/2021\/01\/img01.jpg\" alt=\"\" width=\"170\" height=\"331\" srcset=\"https:\/\/fjsp.org.br\/fjsp\/wp-content\/uploads\/2021\/01\/img01.jpg 170w, https:\/\/fjsp.org.br\/fjsp\/wp-content\/uploads\/2021\/01\/img01-100x195.jpg 100w, https:\/\/fjsp.org.br\/fjsp\/wp-content\/uploads\/2021\/01\/img01-130x253.jpg 130w\" sizes=\"(max-width: 170px) 100vw, 170px\" \/><\/a><a href=\"https:\/\/fjsp.org.br\/fjsp\/jff-plus-online-festival-a-story-of-yonosuke\/\"><img decoding=\"async\" class=\"img-responsive img-fluid alignnone wp-image-15138 size-full\" src=\"https:\/\/fjsp.org.br\/fjsp\/wp-content\/uploads\/2021\/01\/img02.jpg\" alt=\"\" width=\"170\" height=\"331\" srcset=\"https:\/\/fjsp.org.br\/fjsp\/wp-content\/uploads\/2021\/01\/img02.jpg 170w, https:\/\/fjsp.org.br\/fjsp\/wp-content\/uploads\/2021\/01\/img02-100x195.jpg 100w, https:\/\/fjsp.org.br\/fjsp\/wp-content\/uploads\/2021\/01\/img02-130x253.jpg 130w\" sizes=\"(max-width: 170px) 100vw, 170px\" \/><\/a><a href=\"https:\/\/fjsp.org.br\/fjsp\/jff-plus-online-festival-gon-the-little-fox\/\"><img loading=\"lazy\" decoding=\"async\" class=\"img-responsive img-fluid alignnone wp-image-15139 size-full\" src=\"https:\/\/fjsp.org.br\/fjsp\/wp-content\/uploads\/2021\/01\/img03.jpg\" alt=\"\" width=\"170\" height=\"331\" srcset=\"https:\/\/fjsp.org.br\/fjsp\/wp-content\/uploads\/2021\/01\/img03.jpg 170w, https:\/\/fjsp.org.br\/fjsp\/wp-content\/uploads\/2021\/01\/img03-100x195.jpg 100w, https:\/\/fjsp.org.br\/fjsp\/wp-content\/uploads\/2021\/01\/img03-130x253.jpg 130w\" sizes=\"(max-width: 170px) 100vw, 170px\" \/><\/a><\/p>\n<p><strong>2\u00ba dia &#8211; 6 de fevereiro<\/strong><br \/>\n<strong>Dispon\u00edvel a partir de 21:00 (hor\u00e1rio de Bras\u00edlia)<\/strong><\/p>\n<p><a href=\"https:\/\/fjsp.org.br\/fjsp\/jff-plus-online-festival-stolen-identity\/\"><img loading=\"lazy\" decoding=\"async\" class=\"img-responsive img-fluid alignnone wp-image-15140 size-full\" src=\"https:\/\/fjsp.org.br\/fjsp\/wp-content\/uploads\/2021\/01\/img04.jpg\" alt=\"\" width=\"170\" height=\"331\" srcset=\"https:\/\/fjsp.org.br\/fjsp\/wp-content\/uploads\/2021\/01\/img04.jpg 170w, https:\/\/fjsp.org.br\/fjsp\/wp-content\/uploads\/2021\/01\/img04-100x195.jpg 100w, https:\/\/fjsp.org.br\/fjsp\/wp-content\/uploads\/2021\/01\/img04-130x253.jpg 130w\" sizes=\"(max-width: 170px) 100vw, 170px\" \/><\/a><a href=\"https:\/\/fjsp.org.br\/fjsp\/jff-plus-online-festival-key-of-life\/\"><img loading=\"lazy\" decoding=\"async\" class=\"img-responsive img-fluid alignnone wp-image-15141 size-full\" src=\"https:\/\/fjsp.org.br\/fjsp\/wp-content\/uploads\/2021\/01\/img05.jpg\" alt=\"\" width=\"170\" height=\"331\" srcset=\"https:\/\/fjsp.org.br\/fjsp\/wp-content\/uploads\/2021\/01\/img05.jpg 170w, https:\/\/fjsp.org.br\/fjsp\/wp-content\/uploads\/2021\/01\/img05-100x195.jpg 100w, https:\/\/fjsp.org.br\/fjsp\/wp-content\/uploads\/2021\/01\/img05-130x253.jpg 130w\" sizes=\"(max-width: 170px) 100vw, 170px\" \/><\/a><a href=\"https:\/\/fjsp.org.br\/fjsp\/jff-plus-online-festival-sumikkogurashi-good-to-be-in-the-corner\/\"><img loading=\"lazy\" decoding=\"async\" class=\"img-responsive img-fluid alignnone wp-image-15142 size-full\" src=\"https:\/\/fjsp.org.br\/fjsp\/wp-content\/uploads\/2021\/01\/img06.jpg\" alt=\"\" width=\"170\" height=\"331\" srcset=\"https:\/\/fjsp.org.br\/fjsp\/wp-content\/uploads\/2021\/01\/img06.jpg 170w, https:\/\/fjsp.org.br\/fjsp\/wp-content\/uploads\/2021\/01\/img06-100x195.jpg 100w, https:\/\/fjsp.org.br\/fjsp\/wp-content\/uploads\/2021\/01\/img06-130x253.jpg 130w\" sizes=\"(max-width: 170px) 100vw, 170px\" \/><\/a><a href=\"https:\/\/fjsp.org.br\/fjsp\/jff-plus-online-festival-production-i-g-short-animation-drawer-hobs\/\"><img loading=\"lazy\" decoding=\"async\" class=\"img-responsive img-fluid alignnone wp-image-15143 size-full\" src=\"https:\/\/fjsp.org.br\/fjsp\/wp-content\/uploads\/2021\/01\/img07.jpg\" alt=\"\" width=\"170\" height=\"331\" srcset=\"https:\/\/fjsp.org.br\/fjsp\/wp-content\/uploads\/2021\/01\/img07.jpg 170w, https:\/\/fjsp.org.br\/fjsp\/wp-content\/uploads\/2021\/01\/img07-100x195.jpg 100w, https:\/\/fjsp.org.br\/fjsp\/wp-content\/uploads\/2021\/01\/img07-130x253.jpg 130w\" sizes=\"(max-width: 170px) 100vw, 170px\" \/><\/a><\/p>\n<p><strong>3\u00ba dia &#8211; 7 de fevereiro<\/strong><br \/>\n<strong>Dispon\u00edvel a partir de 21:00 (hor\u00e1rio de Bras\u00edlia)<\/strong><\/p>\n<p><a href=\"https:\/\/fjsp.org.br\/fjsp\/jff-plus-online-festival-one-night\/\"><img loading=\"lazy\" decoding=\"async\" class=\"img-responsive img-fluid alignnone wp-image-15144 size-full\" src=\"https:\/\/fjsp.org.br\/fjsp\/wp-content\/uploads\/2021\/01\/img08.jpg\" alt=\"\" width=\"170\" height=\"331\" srcset=\"https:\/\/fjsp.org.br\/fjsp\/wp-content\/uploads\/2021\/01\/img08.jpg 170w, https:\/\/fjsp.org.br\/fjsp\/wp-content\/uploads\/2021\/01\/img08-100x195.jpg 100w, https:\/\/fjsp.org.br\/fjsp\/wp-content\/uploads\/2021\/01\/img08-130x253.jpg 130w\" sizes=\"(max-width: 170px) 100vw, 170px\" \/><\/a><a href=\"https:\/\/fjsp.org.br\/fjsp\/jff-plus-online-festival-peace\/\"><img loading=\"lazy\" decoding=\"async\" class=\"img-responsive img-fluid alignnone wp-image-15145 size-full\" src=\"https:\/\/fjsp.org.br\/fjsp\/wp-content\/uploads\/2021\/01\/img09.jpg\" alt=\"\" width=\"170\" height=\"331\" srcset=\"https:\/\/fjsp.org.br\/fjsp\/wp-content\/uploads\/2021\/01\/img09.jpg 170w, https:\/\/fjsp.org.br\/fjsp\/wp-content\/uploads\/2021\/01\/img09-100x195.jpg 100w, https:\/\/fjsp.org.br\/fjsp\/wp-content\/uploads\/2021\/01\/img09-130x253.jpg 130w\" sizes=\"(max-width: 170px) 100vw, 170px\" \/><\/a><a href=\"https:\/\/fjsp.org.br\/fjsp\/jff-plus-online-festival-production-i-g-short-animation-pigtails\/\"><img loading=\"lazy\" decoding=\"async\" class=\"img-responsive img-fluid alignnone wp-image-15146 size-full\" src=\"https:\/\/fjsp.org.br\/fjsp\/wp-content\/uploads\/2021\/01\/img10.jpg\" alt=\"\" width=\"170\" height=\"331\" srcset=\"https:\/\/fjsp.org.br\/fjsp\/wp-content\/uploads\/2021\/01\/img10.jpg 170w, https:\/\/fjsp.org.br\/fjsp\/wp-content\/uploads\/2021\/01\/img10-100x195.jpg 100w, https:\/\/fjsp.org.br\/fjsp\/wp-content\/uploads\/2021\/01\/img10-130x253.jpg 130w\" sizes=\"(max-width: 170px) 100vw, 170px\" \/><\/a><\/p>\n<p><strong>4\u00ba dia &#8211; 8 de fevereiro<\/strong><br \/>\n<strong>Dispon\u00edvel a partir de 21:00 (hor\u00e1rio de Bras\u00edlia)<\/strong><\/p>\n<p><a href=\"https:\/\/fjsp.org.br\/fjsp\/jff-plus-online-festival-tremble-all-you-want\/\"><img loading=\"lazy\" decoding=\"async\" class=\"img-responsive img-fluid alignnone wp-image-15147 size-full\" src=\"https:\/\/fjsp.org.br\/fjsp\/wp-content\/uploads\/2021\/01\/img11.jpg\" alt=\"\" width=\"170\" height=\"331\" srcset=\"https:\/\/fjsp.org.br\/fjsp\/wp-content\/uploads\/2021\/01\/img11.jpg 170w, https:\/\/fjsp.org.br\/fjsp\/wp-content\/uploads\/2021\/01\/img11-100x195.jpg 100w, https:\/\/fjsp.org.br\/fjsp\/wp-content\/uploads\/2021\/01\/img11-130x253.jpg 130w\" sizes=\"(max-width: 170px) 100vw, 170px\" \/><\/a><a href=\"https:\/\/fjsp.org.br\/fjsp\/jff-plus-online-festival-lady-maiko\/\"><img loading=\"lazy\" decoding=\"async\" class=\"img-responsive img-fluid alignnone wp-image-15148 size-full\" src=\"https:\/\/fjsp.org.br\/fjsp\/wp-content\/uploads\/2021\/01\/img12.jpg\" alt=\"\" width=\"170\" height=\"331\" srcset=\"https:\/\/fjsp.org.br\/fjsp\/wp-content\/uploads\/2021\/01\/img12.jpg 170w, https:\/\/fjsp.org.br\/fjsp\/wp-content\/uploads\/2021\/01\/img12-100x195.jpg 100w, https:\/\/fjsp.org.br\/fjsp\/wp-content\/uploads\/2021\/01\/img12-130x253.jpg 130w\" sizes=\"(max-width: 170px) 100vw, 170px\" \/><\/a><a href=\"https:\/\/fjsp.org.br\/fjsp\/jff-plus-online-festival-takeshi-yashiro-stop-motion-animation-norman-the-snowman-the-northern-light\/\"><img loading=\"lazy\" decoding=\"async\" class=\"img-responsive img-fluid alignnone wp-image-15149 size-full\" src=\"https:\/\/fjsp.org.br\/fjsp\/wp-content\/uploads\/2021\/01\/img13.jpg\" alt=\"\" width=\"170\" height=\"331\" srcset=\"https:\/\/fjsp.org.br\/fjsp\/wp-content\/uploads\/2021\/01\/img13.jpg 170w, https:\/\/fjsp.org.br\/fjsp\/wp-content\/uploads\/2021\/01\/img13-100x195.jpg 100w, https:\/\/fjsp.org.br\/fjsp\/wp-content\/uploads\/2021\/01\/img13-130x253.jpg 130w\" sizes=\"(max-width: 170px) 100vw, 170px\" \/><\/a><\/p>\n<p><strong>5\u00ba dia &#8211; 9 de fevereiro<\/strong><br \/>\n<strong>Dispon\u00edvel a partir de 21:00 (hor\u00e1rio de Bras\u00edlia)<\/strong><\/p>\n<p><a href=\"https:\/\/fjsp.org.br\/fjsp\/jff-plus-online-festival-tora-san-in-goto\/\"><img loading=\"lazy\" decoding=\"async\" class=\"img-responsive img-fluid alignnone wp-image-15150 size-full\" src=\"https:\/\/fjsp.org.br\/fjsp\/wp-content\/uploads\/2021\/01\/img14.jpg\" alt=\"\" width=\"170\" height=\"331\" srcset=\"https:\/\/fjsp.org.br\/fjsp\/wp-content\/uploads\/2021\/01\/img14.jpg 170w, https:\/\/fjsp.org.br\/fjsp\/wp-content\/uploads\/2021\/01\/img14-100x195.jpg 100w, https:\/\/fjsp.org.br\/fjsp\/wp-content\/uploads\/2021\/01\/img14-130x253.jpg 130w\" sizes=\"(max-width: 170px) 100vw, 170px\" \/><\/a><a href=\"https:\/\/fjsp.org.br\/fjsp\/jff-plus-online-festival-production-i-g-short-animation-kick-heart\/\"><img loading=\"lazy\" decoding=\"async\" class=\"img-responsive img-fluid alignnone wp-image-15151 size-full\" src=\"https:\/\/fjsp.org.br\/fjsp\/wp-content\/uploads\/2021\/01\/img15.jpg\" alt=\"\" width=\"170\" height=\"331\" srcset=\"https:\/\/fjsp.org.br\/fjsp\/wp-content\/uploads\/2021\/01\/img15.jpg 170w, https:\/\/fjsp.org.br\/fjsp\/wp-content\/uploads\/2021\/01\/img15-100x195.jpg 100w, https:\/\/fjsp.org.br\/fjsp\/wp-content\/uploads\/2021\/01\/img15-130x253.jpg 130w\" sizes=\"(max-width: 170px) 100vw, 170px\" \/><\/a><a href=\"https:\/\/fjsp.org.br\/fjsp\/jff-plus-online-festival-the-flavor-of-green-tea-over-rice\/\"><img loading=\"lazy\" decoding=\"async\" class=\"img-responsive img-fluid alignnone wp-image-15152 size-full\" src=\"https:\/\/fjsp.org.br\/fjsp\/wp-content\/uploads\/2021\/01\/img16.jpg\" alt=\"\" width=\"170\" height=\"331\" srcset=\"https:\/\/fjsp.org.br\/fjsp\/wp-content\/uploads\/2021\/01\/img16.jpg 170w, https:\/\/fjsp.org.br\/fjsp\/wp-content\/uploads\/2021\/01\/img16-100x195.jpg 100w, https:\/\/fjsp.org.br\/fjsp\/wp-content\/uploads\/2021\/01\/img16-130x253.jpg 130w\" sizes=\"(max-width: 170px) 100vw, 170px\" \/><\/a><\/p>\n<p><strong>6\u00ba dia &#8211; 10 de fevereiro<\/strong><br \/>\n<strong>Dispon\u00edvel a partir de 21:00 (hor\u00e1rio de Bras\u00edlia)<\/strong><\/p>\n<p><a href=\"https:\/\/fjsp.org.br\/fjsp\/jff-plus-online-festival-ecotherapy-getaway-holiday\/\"><img loading=\"lazy\" decoding=\"async\" class=\"img-responsive img-fluid alignnone wp-image-15153 size-full\" src=\"https:\/\/fjsp.org.br\/fjsp\/wp-content\/uploads\/2021\/01\/img17.jpg\" alt=\"\" width=\"170\" height=\"331\" srcset=\"https:\/\/fjsp.org.br\/fjsp\/wp-content\/uploads\/2021\/01\/img17.jpg 170w, https:\/\/fjsp.org.br\/fjsp\/wp-content\/uploads\/2021\/01\/img17-100x195.jpg 100w, https:\/\/fjsp.org.br\/fjsp\/wp-content\/uploads\/2021\/01\/img17-130x253.jpg 130w\" sizes=\"(max-width: 170px) 100vw, 170px\" \/><\/a><a href=\"https:\/\/fjsp.org.br\/fjsp\/jff-plus-online-festival-railways\/\"><img loading=\"lazy\" decoding=\"async\" class=\"img-responsive img-fluid alignnone wp-image-15154 size-full\" src=\"https:\/\/fjsp.org.br\/fjsp\/wp-content\/uploads\/2021\/01\/img18.jpg\" alt=\"\" width=\"170\" height=\"331\" srcset=\"https:\/\/fjsp.org.br\/fjsp\/wp-content\/uploads\/2021\/01\/img18.jpg 170w, https:\/\/fjsp.org.br\/fjsp\/wp-content\/uploads\/2021\/01\/img18-100x195.jpg 100w, https:\/\/fjsp.org.br\/fjsp\/wp-content\/uploads\/2021\/01\/img18-130x253.jpg 130w\" sizes=\"(max-width: 170px) 100vw, 170px\" \/><\/a><a href=\"https:\/\/fjsp.org.br\/fjsp\/jff-plus-online-festival-takeshi-yashiro-stop-motion-animation-norman-the-snowman-on-a-night-of-shooting-stars\/\"><img loading=\"lazy\" decoding=\"async\" class=\"img-responsive img-fluid alignnone wp-image-15155 size-full\" src=\"https:\/\/fjsp.org.br\/fjsp\/wp-content\/uploads\/2021\/01\/img19.jpg\" alt=\"\" width=\"170\" height=\"331\" srcset=\"https:\/\/fjsp.org.br\/fjsp\/wp-content\/uploads\/2021\/01\/img19.jpg 170w, https:\/\/fjsp.org.br\/fjsp\/wp-content\/uploads\/2021\/01\/img19-100x195.jpg 100w, https:\/\/fjsp.org.br\/fjsp\/wp-content\/uploads\/2021\/01\/img19-130x253.jpg 130w\" sizes=\"(max-width: 170px) 100vw, 170px\" \/><\/a><\/p>\n<p><strong>7\u00ba dia &#8211; 11 de fevereiro<\/strong><br \/>\n<strong>Dispon\u00edvel a partir de 21:00 (hor\u00e1rio de Bras\u00edlia)<\/strong><\/p>\n<p><a href=\"https:\/\/fjsp.org.br\/fjsp\/jff-plus-online-festival-cafe-funiculi-funicula\/\"><img loading=\"lazy\" decoding=\"async\" class=\"img-responsive img-fluid alignnone wp-image-15156 size-full\" src=\"https:\/\/fjsp.org.br\/fjsp\/wp-content\/uploads\/2021\/01\/img20.jpg\" alt=\"\" width=\"170\" height=\"331\" srcset=\"https:\/\/fjsp.org.br\/fjsp\/wp-content\/uploads\/2021\/01\/img20.jpg 170w, https:\/\/fjsp.org.br\/fjsp\/wp-content\/uploads\/2021\/01\/img20-100x195.jpg 100w, https:\/\/fjsp.org.br\/fjsp\/wp-content\/uploads\/2021\/01\/img20-130x253.jpg 130w\" sizes=\"(max-width: 170px) 100vw, 170px\" \/><\/a><a href=\"https:\/\/fjsp.org.br\/fjsp\/jff-plus-online-festival-production-i-g-animation-tokyo-marble-chocolate\/\"><img loading=\"lazy\" decoding=\"async\" class=\"img-responsive img-fluid alignnone wp-image-15157 size-full\" src=\"https:\/\/fjsp.org.br\/fjsp\/wp-content\/uploads\/2021\/01\/img21.jpg\" alt=\"\" width=\"170\" height=\"331\" srcset=\"https:\/\/fjsp.org.br\/fjsp\/wp-content\/uploads\/2021\/01\/img21.jpg 170w, https:\/\/fjsp.org.br\/fjsp\/wp-content\/uploads\/2021\/01\/img21-100x195.jpg 100w, https:\/\/fjsp.org.br\/fjsp\/wp-content\/uploads\/2021\/01\/img21-130x253.jpg 130w\" sizes=\"(max-width: 170px) 100vw, 170px\" \/><\/a><a href=\"https:\/\/fjsp.org.br\/fjsp\/jff-plus-online-festival-production-i-g-short-animation-the-girl-from-the-other-side\/\"><img loading=\"lazy\" decoding=\"async\" class=\"img-responsive img-fluid alignnone wp-image-15158 size-full\" src=\"https:\/\/fjsp.org.br\/fjsp\/wp-content\/uploads\/2021\/01\/img22.jpg\" alt=\"\" width=\"170\" height=\"331\" srcset=\"https:\/\/fjsp.org.br\/fjsp\/wp-content\/uploads\/2021\/01\/img22.jpg 170w, https:\/\/fjsp.org.br\/fjsp\/wp-content\/uploads\/2021\/01\/img22-100x195.jpg 100w, https:\/\/fjsp.org.br\/fjsp\/wp-content\/uploads\/2021\/01\/img22-130x253.jpg 130w\" sizes=\"(max-width: 170px) 100vw, 170px\" \/><\/a><\/p>\n<p><strong>8\u00ba dia &#8211; 12 de fevereiro<\/strong><br \/>\n<strong>Dispon\u00edvel a partir de 21:00 (hor\u00e1rio de Bras\u00edlia)<\/strong><\/p>\n<p><a href=\"https:\/\/fjsp.org.br\/fjsp\/jff-plus-online-festival-0-5mm\/\"><img loading=\"lazy\" decoding=\"async\" class=\"img-responsive img-fluid alignnone wp-image-15159 size-full\" src=\"https:\/\/fjsp.org.br\/fjsp\/wp-content\/uploads\/2021\/01\/img23.jpg\" alt=\"\" width=\"170\" height=\"331\" srcset=\"https:\/\/fjsp.org.br\/fjsp\/wp-content\/uploads\/2021\/01\/img23.jpg 170w, https:\/\/fjsp.org.br\/fjsp\/wp-content\/uploads\/2021\/01\/img23-100x195.jpg 100w, https:\/\/fjsp.org.br\/fjsp\/wp-content\/uploads\/2021\/01\/img23-130x253.jpg 130w\" sizes=\"(max-width: 170px) 100vw, 170px\" \/><\/a><a href=\"https:\/\/fjsp.org.br\/fjsp\/jff-plus-online-festival-tsukiji-wonderland\/\"><img loading=\"lazy\" decoding=\"async\" class=\"img-responsive img-fluid alignnone wp-image-15160 size-full\" src=\"https:\/\/fjsp.org.br\/fjsp\/wp-content\/uploads\/2021\/01\/img24.jpg\" alt=\"\" width=\"170\" height=\"331\" srcset=\"https:\/\/fjsp.org.br\/fjsp\/wp-content\/uploads\/2021\/01\/img24.jpg 170w, https:\/\/fjsp.org.br\/fjsp\/wp-content\/uploads\/2021\/01\/img24-100x195.jpg 100w, https:\/\/fjsp.org.br\/fjsp\/wp-content\/uploads\/2021\/01\/img24-130x253.jpg 130w\" sizes=\"(max-width: 170px) 100vw, 170px\" \/><\/a><a href=\"https:\/\/fjsp.org.br\/fjsp\/jff-plus-online-festival-moon-of-a-sleepless-night\/\"><img loading=\"lazy\" decoding=\"async\" class=\"img-responsive img-fluid alignnone wp-image-15161 size-full\" src=\"https:\/\/fjsp.org.br\/fjsp\/wp-content\/uploads\/2021\/01\/img25.jpg\" alt=\"\" width=\"170\" height=\"331\" srcset=\"https:\/\/fjsp.org.br\/fjsp\/wp-content\/uploads\/2021\/01\/img25.jpg 170w, https:\/\/fjsp.org.br\/fjsp\/wp-content\/uploads\/2021\/01\/img25-100x195.jpg 100w, https:\/\/fjsp.org.br\/fjsp\/wp-content\/uploads\/2021\/01\/img25-130x253.jpg 130w\" sizes=\"(max-width: 170px) 100vw, 170px\" \/><\/a><\/p>\n<p><strong>9\u00ba dia &#8211; 13 de fevereiro<\/strong><br \/>\n<strong>Dispon\u00edvel a partir de 21:00 (hor\u00e1rio de Bras\u00edlia)<\/strong><\/p>\n<p><a href=\"https:\/\/fjsp.org.br\/fjsp\/jff-plus-online-festival-dance-with-me\/\"><img loading=\"lazy\" decoding=\"async\" class=\"img-responsive img-fluid alignnone wp-image-15162 size-full\" src=\"https:\/\/fjsp.org.br\/fjsp\/wp-content\/uploads\/2021\/01\/img26.jpg\" alt=\"\" width=\"170\" height=\"331\" srcset=\"https:\/\/fjsp.org.br\/fjsp\/wp-content\/uploads\/2021\/01\/img26.jpg 170w, https:\/\/fjsp.org.br\/fjsp\/wp-content\/uploads\/2021\/01\/img26-100x195.jpg 100w, https:\/\/fjsp.org.br\/fjsp\/wp-content\/uploads\/2021\/01\/img26-130x253.jpg 130w\" sizes=\"(max-width: 170px) 100vw, 170px\" \/><\/a><a href=\"https:\/\/fjsp.org.br\/fjsp\/jff-plus-online-festival-the-great-passage\/\"><img loading=\"lazy\" decoding=\"async\" class=\"img-responsive img-fluid alignnone wp-image-15163 size-full\" src=\"https:\/\/fjsp.org.br\/fjsp\/wp-content\/uploads\/2021\/01\/img27.jpg\" alt=\"\" width=\"170\" height=\"331\" srcset=\"https:\/\/fjsp.org.br\/fjsp\/wp-content\/uploads\/2021\/01\/img27.jpg 170w, https:\/\/fjsp.org.br\/fjsp\/wp-content\/uploads\/2021\/01\/img27-100x195.jpg 100w, https:\/\/fjsp.org.br\/fjsp\/wp-content\/uploads\/2021\/01\/img27-130x253.jpg 130w\" sizes=\"(max-width: 170px) 100vw, 170px\" \/><\/a><a href=\"https:\/\/fjsp.org.br\/fjsp\/jff-plus-online-festival-production-i-g-short-animation-lil-spider-girl\/\"><img loading=\"lazy\" decoding=\"async\" class=\"img-responsive img-fluid alignnone wp-image-15164 size-full\" src=\"https:\/\/fjsp.org.br\/fjsp\/wp-content\/uploads\/2021\/01\/img28.jpg\" alt=\"\" width=\"170\" height=\"331\" srcset=\"https:\/\/fjsp.org.br\/fjsp\/wp-content\/uploads\/2021\/01\/img28.jpg 170w, https:\/\/fjsp.org.br\/fjsp\/wp-content\/uploads\/2021\/01\/img28-100x195.jpg 100w, https:\/\/fjsp.org.br\/fjsp\/wp-content\/uploads\/2021\/01\/img28-130x253.jpg 130w\" sizes=\"(max-width: 170px) 100vw, 170px\" \/><\/a><\/p>\n<p><strong>10\u00ba dia &#8211; 14 de fevereiro<\/strong><br \/>\n<strong>Dispon\u00edvel a partir de 21:00 (hor\u00e1rio de Bras\u00edlia)<\/strong><\/p>\n<p><a href=\"https:\/\/fjsp.org.br\/fjsp\/jff-plus-online-festival-our-30-minute-sessions\/\"><img loading=\"lazy\" decoding=\"async\" class=\"img-responsive img-fluid alignnone wp-image-15165 size-full\" src=\"https:\/\/fjsp.org.br\/fjsp\/wp-content\/uploads\/2021\/01\/img29.jpg\" alt=\"\" width=\"170\" height=\"331\" srcset=\"https:\/\/fjsp.org.br\/fjsp\/wp-content\/uploads\/2021\/01\/img29.jpg 170w, https:\/\/fjsp.org.br\/fjsp\/wp-content\/uploads\/2021\/01\/img29-100x195.jpg 100w, https:\/\/fjsp.org.br\/fjsp\/wp-content\/uploads\/2021\/01\/img29-130x253.jpg 130w\" sizes=\"(max-width: 170px) 100vw, 170px\" \/><\/a><a href=\"https:\/\/fjsp.org.br\/fjsp\/jff-plus-online-festival-little-nights-little-love\/\"><img loading=\"lazy\" decoding=\"async\" class=\"img-responsive img-fluid alignnone wp-image-15166 size-full\" src=\"https:\/\/fjsp.org.br\/fjsp\/wp-content\/uploads\/2021\/01\/img30.jpg\" alt=\"\" width=\"170\" height=\"331\" srcset=\"https:\/\/fjsp.org.br\/fjsp\/wp-content\/uploads\/2021\/01\/img30.jpg 170w, https:\/\/fjsp.org.br\/fjsp\/wp-content\/uploads\/2021\/01\/img30-100x195.jpg 100w, https:\/\/fjsp.org.br\/fjsp\/wp-content\/uploads\/2021\/01\/img30-130x253.jpg 130w\" sizes=\"(max-width: 170px) 100vw, 170px\" \/><\/a><\/p>\n","protected":false},"excerpt":{"rendered":"<p>P\u00e1gina inicial Data da exibi\u00e7\u00e3o 10\/2 (qua) T\u00edtulo original em japon\u00eas RAILWAYS 49\u6b73\u3067\u96fb\u8eca\u306e\u904b\u8ee2\u58eb\u306b\u306a\u3063\u305f\u7537\u306e\u7269\u8a9e (RAILWAYS yonjyukyusai de densha no untenshi ni natta otoko no monogatari) T\u00edtulo em ingl\u00eas RAILWAYS G\u00eanero Drama Sinopse Hajime est\u00e1 prestes a ser o pr\u00f3ximo chefe de uma conceituada empresa de eletr\u00f4nicos. Ele trabalha dia e noite no seu emprego e n\u00e3o [&hellip;]<\/p>\n","protected":false},"author":34,"featured_media":0,"parent":0,"menu_order":0,"comment_status":"closed","ping_status":"closed","template":"","meta":{"_acf_changed":false,"footnotes":""},"class_list":["post-14839","page","type-page","status-publish","hentry"],"acf":[],"_links":{"self":[{"href":"https:\/\/fjsp.org.br\/fjsp\/wp-json\/wp\/v2\/pages\/14839","targetHints":{"allow":["GET"]}}],"collection":[{"href":"https:\/\/fjsp.org.br\/fjsp\/wp-json\/wp\/v2\/pages"}],"about":[{"href":"https:\/\/fjsp.org.br\/fjsp\/wp-json\/wp\/v2\/types\/page"}],"author":[{"embeddable":true,"href":"https:\/\/fjsp.org.br\/fjsp\/wp-json\/wp\/v2\/users\/34"}],"replies":[{"embeddable":true,"href":"https:\/\/fjsp.org.br\/fjsp\/wp-json\/wp\/v2\/comments?post=14839"}],"version-history":[{"count":2,"href":"https:\/\/fjsp.org.br\/fjsp\/wp-json\/wp\/v2\/pages\/14839\/revisions"}],"predecessor-version":[{"id":15440,"href":"https:\/\/fjsp.org.br\/fjsp\/wp-json\/wp\/v2\/pages\/14839\/revisions\/15440"}],"wp:attachment":[{"href":"https:\/\/fjsp.org.br\/fjsp\/wp-json\/wp\/v2\/media?parent=14839"}],"curies":[{"name":"wp","href":"https:\/\/api.w.org\/{rel}","templated":true}]}}