{"id":15442,"date":"2021-02-03T19:03:06","date_gmt":"2021-02-03T22:03:06","guid":{"rendered":"https:\/\/fjsp.org.br\/fjsp\/?page_id=15442"},"modified":"2021-02-03T19:45:52","modified_gmt":"2021-02-03T22:45:52","slug":"jff-plus-online-festival-programacao-fev2021","status":"publish","type":"page","link":"https:\/\/fjsp.org.br\/fjsp\/jff-plus-online-festival-programacao-fev2021\/","title":{"rendered":"JFF Plus Online Festival &#8211; Programa\u00e7\u00e3o"},"content":{"rendered":"<p>&nbsp;<\/p>\n<h6 style=\"text-align: center;\"><a href=\"https:\/\/fjsp.org.br\/fjsp\/agenda\/jff-plus-online-festival\/\"><strong>&lt; HOME &#8211; JFF Plus Online Festival &gt;<\/strong><\/a><\/h6>\n<p>&nbsp;<\/p>\n<p><strong>Lista dos filmes com sinopses em portugu\u00eas. Clique na imagem do cartaz.<\/strong><\/p>\n<p>&nbsp;<\/p>\n<h3><strong>1\u00ba dia: 5 de fevereiro (sexta)<\/strong><\/h3>\n<p><strong>Dispon\u00edvel a partir de 21:00 (hor\u00e1rio de Bras\u00edlia)<\/strong><\/p>\n<p><a href=\"https:\/\/fjsp.org.br\/fjsp\/jff-plus-online-festival-project-dreams-how-to-build-mazinger-zs-hangar\/\"><img fetchpriority=\"high\" decoding=\"async\" class=\"img-responsive img-fluid alignnone wp-image-15137 size-full\" src=\"https:\/\/fjsp.org.br\/fjsp\/wp-content\/uploads\/2021\/01\/img01.jpg\" alt=\"\" width=\"170\" height=\"331\" srcset=\"https:\/\/fjsp.org.br\/fjsp\/wp-content\/uploads\/2021\/01\/img01.jpg 170w, https:\/\/fjsp.org.br\/fjsp\/wp-content\/uploads\/2021\/01\/img01-100x195.jpg 100w, https:\/\/fjsp.org.br\/fjsp\/wp-content\/uploads\/2021\/01\/img01-130x253.jpg 130w\" sizes=\"(max-width: 170px) 100vw, 170px\" \/><\/a><a href=\"https:\/\/fjsp.org.br\/fjsp\/jff-plus-online-festival-a-story-of-yonosuke\/\"><img decoding=\"async\" class=\"img-responsive img-fluid alignnone wp-image-15138 size-full\" src=\"https:\/\/fjsp.org.br\/fjsp\/wp-content\/uploads\/2021\/01\/img02.jpg\" alt=\"\" width=\"170\" height=\"331\" srcset=\"https:\/\/fjsp.org.br\/fjsp\/wp-content\/uploads\/2021\/01\/img02.jpg 170w, https:\/\/fjsp.org.br\/fjsp\/wp-content\/uploads\/2021\/01\/img02-100x195.jpg 100w, https:\/\/fjsp.org.br\/fjsp\/wp-content\/uploads\/2021\/01\/img02-130x253.jpg 130w\" sizes=\"(max-width: 170px) 100vw, 170px\" \/><\/a><a href=\"https:\/\/fjsp.org.br\/fjsp\/jff-plus-online-festival-gon-the-little-fox\/\"><img decoding=\"async\" class=\"img-responsive img-fluid alignnone wp-image-15139 size-full\" src=\"https:\/\/fjsp.org.br\/fjsp\/wp-content\/uploads\/2021\/01\/img03.jpg\" alt=\"\" width=\"170\" height=\"331\" srcset=\"https:\/\/fjsp.org.br\/fjsp\/wp-content\/uploads\/2021\/01\/img03.jpg 170w, https:\/\/fjsp.org.br\/fjsp\/wp-content\/uploads\/2021\/01\/img03-100x195.jpg 100w, https:\/\/fjsp.org.br\/fjsp\/wp-content\/uploads\/2021\/01\/img03-130x253.jpg 130w\" sizes=\"(max-width: 170px) 100vw, 170px\" \/><\/a><\/p>\n<h3><strong>2\u00ba dia: 6 de fevereiro (s\u00e1bado)<\/strong><\/h3>\n<p><strong>Dispon\u00edvel a partir de 21:00 (hor\u00e1rio de Bras\u00edlia)<\/strong><\/p>\n<p><a href=\"https:\/\/fjsp.org.br\/fjsp\/jff-plus-online-festival-stolen-identity\/\"><img loading=\"lazy\" decoding=\"async\" class=\"img-responsive img-fluid alignnone wp-image-15140 size-full\" src=\"https:\/\/fjsp.org.br\/fjsp\/wp-content\/uploads\/2021\/01\/img04.jpg\" alt=\"\" width=\"170\" height=\"331\" srcset=\"https:\/\/fjsp.org.br\/fjsp\/wp-content\/uploads\/2021\/01\/img04.jpg 170w, https:\/\/fjsp.org.br\/fjsp\/wp-content\/uploads\/2021\/01\/img04-100x195.jpg 100w, https:\/\/fjsp.org.br\/fjsp\/wp-content\/uploads\/2021\/01\/img04-130x253.jpg 130w\" sizes=\"(max-width: 170px) 100vw, 170px\" \/><\/a><a href=\"https:\/\/fjsp.org.br\/fjsp\/jff-plus-online-festival-key-of-life\/\"><img loading=\"lazy\" decoding=\"async\" class=\"img-responsive img-fluid alignnone wp-image-15141 size-full\" src=\"https:\/\/fjsp.org.br\/fjsp\/wp-content\/uploads\/2021\/01\/img05.jpg\" alt=\"\" width=\"170\" height=\"331\" srcset=\"https:\/\/fjsp.org.br\/fjsp\/wp-content\/uploads\/2021\/01\/img05.jpg 170w, https:\/\/fjsp.org.br\/fjsp\/wp-content\/uploads\/2021\/01\/img05-100x195.jpg 100w, https:\/\/fjsp.org.br\/fjsp\/wp-content\/uploads\/2021\/01\/img05-130x253.jpg 130w\" sizes=\"(max-width: 170px) 100vw, 170px\" \/><\/a><a href=\"https:\/\/fjsp.org.br\/fjsp\/jff-plus-online-festival-sumikkogurashi-good-to-be-in-the-corner\/\"><img loading=\"lazy\" decoding=\"async\" class=\"img-responsive img-fluid alignnone wp-image-15142 size-full\" src=\"https:\/\/fjsp.org.br\/fjsp\/wp-content\/uploads\/2021\/01\/img06.jpg\" alt=\"\" width=\"170\" height=\"331\" srcset=\"https:\/\/fjsp.org.br\/fjsp\/wp-content\/uploads\/2021\/01\/img06.jpg 170w, https:\/\/fjsp.org.br\/fjsp\/wp-content\/uploads\/2021\/01\/img06-100x195.jpg 100w, https:\/\/fjsp.org.br\/fjsp\/wp-content\/uploads\/2021\/01\/img06-130x253.jpg 130w\" sizes=\"(max-width: 170px) 100vw, 170px\" \/><\/a><a href=\"https:\/\/fjsp.org.br\/fjsp\/jff-plus-online-festival-production-i-g-short-animation-drawer-hobs\/\"><img loading=\"lazy\" decoding=\"async\" class=\"img-responsive img-fluid alignnone wp-image-15143 size-full\" src=\"https:\/\/fjsp.org.br\/fjsp\/wp-content\/uploads\/2021\/01\/img07.jpg\" alt=\"\" width=\"170\" height=\"331\" srcset=\"https:\/\/fjsp.org.br\/fjsp\/wp-content\/uploads\/2021\/01\/img07.jpg 170w, https:\/\/fjsp.org.br\/fjsp\/wp-content\/uploads\/2021\/01\/img07-100x195.jpg 100w, https:\/\/fjsp.org.br\/fjsp\/wp-content\/uploads\/2021\/01\/img07-130x253.jpg 130w\" sizes=\"(max-width: 170px) 100vw, 170px\" \/><\/a><\/p>\n<h3><strong>3\u00ba dia: 7 de fevereiro (domingo)<\/strong><\/h3>\n<p><strong>Dispon\u00edvel a partir de 21:00 (hor\u00e1rio de Bras\u00edlia)<\/strong><\/p>\n<p><a href=\"https:\/\/fjsp.org.br\/fjsp\/jff-plus-online-festival-one-night\/\"><img loading=\"lazy\" decoding=\"async\" class=\"img-responsive img-fluid alignnone wp-image-15144 size-full\" src=\"https:\/\/fjsp.org.br\/fjsp\/wp-content\/uploads\/2021\/01\/img08.jpg\" alt=\"\" width=\"170\" height=\"331\" srcset=\"https:\/\/fjsp.org.br\/fjsp\/wp-content\/uploads\/2021\/01\/img08.jpg 170w, https:\/\/fjsp.org.br\/fjsp\/wp-content\/uploads\/2021\/01\/img08-100x195.jpg 100w, https:\/\/fjsp.org.br\/fjsp\/wp-content\/uploads\/2021\/01\/img08-130x253.jpg 130w\" sizes=\"(max-width: 170px) 100vw, 170px\" \/><\/a><a href=\"https:\/\/fjsp.org.br\/fjsp\/jff-plus-online-festival-peace\/\"><img loading=\"lazy\" decoding=\"async\" class=\"img-responsive img-fluid alignnone wp-image-15145 size-full\" src=\"https:\/\/fjsp.org.br\/fjsp\/wp-content\/uploads\/2021\/01\/img09.jpg\" alt=\"\" width=\"170\" height=\"331\" srcset=\"https:\/\/fjsp.org.br\/fjsp\/wp-content\/uploads\/2021\/01\/img09.jpg 170w, https:\/\/fjsp.org.br\/fjsp\/wp-content\/uploads\/2021\/01\/img09-100x195.jpg 100w, https:\/\/fjsp.org.br\/fjsp\/wp-content\/uploads\/2021\/01\/img09-130x253.jpg 130w\" sizes=\"(max-width: 170px) 100vw, 170px\" \/><\/a><a href=\"https:\/\/fjsp.org.br\/fjsp\/jff-plus-online-festival-production-i-g-short-animation-pigtails\/\"><img loading=\"lazy\" decoding=\"async\" class=\"img-responsive img-fluid alignnone wp-image-15146 size-full\" src=\"https:\/\/fjsp.org.br\/fjsp\/wp-content\/uploads\/2021\/01\/img10.jpg\" alt=\"\" width=\"170\" height=\"331\" srcset=\"https:\/\/fjsp.org.br\/fjsp\/wp-content\/uploads\/2021\/01\/img10.jpg 170w, https:\/\/fjsp.org.br\/fjsp\/wp-content\/uploads\/2021\/01\/img10-100x195.jpg 100w, https:\/\/fjsp.org.br\/fjsp\/wp-content\/uploads\/2021\/01\/img10-130x253.jpg 130w\" sizes=\"(max-width: 170px) 100vw, 170px\" \/><\/a><\/p>\n<h3><strong>4\u00ba dia: 8 de fevereiro (segunda)<\/strong><\/h3>\n<p><strong>Dispon\u00edvel a partir de 21:00 (hor\u00e1rio de Bras\u00edlia)<\/strong><\/p>\n<p><a href=\"https:\/\/fjsp.org.br\/fjsp\/jff-plus-online-festival-tremble-all-you-want\/\"><img loading=\"lazy\" decoding=\"async\" class=\"img-responsive img-fluid alignnone wp-image-15147 size-full\" src=\"https:\/\/fjsp.org.br\/fjsp\/wp-content\/uploads\/2021\/01\/img11.jpg\" alt=\"\" width=\"170\" height=\"331\" srcset=\"https:\/\/fjsp.org.br\/fjsp\/wp-content\/uploads\/2021\/01\/img11.jpg 170w, https:\/\/fjsp.org.br\/fjsp\/wp-content\/uploads\/2021\/01\/img11-100x195.jpg 100w, https:\/\/fjsp.org.br\/fjsp\/wp-content\/uploads\/2021\/01\/img11-130x253.jpg 130w\" sizes=\"(max-width: 170px) 100vw, 170px\" \/><\/a><a href=\"https:\/\/fjsp.org.br\/fjsp\/jff-plus-online-festival-lady-maiko\/\"><img loading=\"lazy\" decoding=\"async\" class=\"img-responsive img-fluid alignnone wp-image-15148 size-full\" src=\"https:\/\/fjsp.org.br\/fjsp\/wp-content\/uploads\/2021\/01\/img12.jpg\" alt=\"\" width=\"170\" height=\"331\" srcset=\"https:\/\/fjsp.org.br\/fjsp\/wp-content\/uploads\/2021\/01\/img12.jpg 170w, https:\/\/fjsp.org.br\/fjsp\/wp-content\/uploads\/2021\/01\/img12-100x195.jpg 100w, https:\/\/fjsp.org.br\/fjsp\/wp-content\/uploads\/2021\/01\/img12-130x253.jpg 130w\" sizes=\"(max-width: 170px) 100vw, 170px\" \/><\/a><a href=\"https:\/\/fjsp.org.br\/fjsp\/jff-plus-online-festival-takeshi-yashiro-stop-motion-animation-norman-the-snowman-the-northern-light\/\"><img loading=\"lazy\" decoding=\"async\" class=\"img-responsive img-fluid alignnone wp-image-15149 size-full\" src=\"https:\/\/fjsp.org.br\/fjsp\/wp-content\/uploads\/2021\/01\/img13.jpg\" alt=\"\" width=\"170\" height=\"331\" srcset=\"https:\/\/fjsp.org.br\/fjsp\/wp-content\/uploads\/2021\/01\/img13.jpg 170w, https:\/\/fjsp.org.br\/fjsp\/wp-content\/uploads\/2021\/01\/img13-100x195.jpg 100w, https:\/\/fjsp.org.br\/fjsp\/wp-content\/uploads\/2021\/01\/img13-130x253.jpg 130w\" sizes=\"(max-width: 170px) 100vw, 170px\" \/><\/a><\/p>\n<h3><strong>5\u00ba dia: 9 de fevereiro (ter\u00e7a)<\/strong><\/h3>\n<p><strong>Dispon\u00edvel a partir de 21:00 (hor\u00e1rio de Bras\u00edlia)<\/strong><\/p>\n<p><a href=\"https:\/\/fjsp.org.br\/fjsp\/jff-plus-online-festival-tora-san-in-goto\/\"><img loading=\"lazy\" decoding=\"async\" class=\"img-responsive img-fluid alignnone wp-image-15150 size-full\" src=\"https:\/\/fjsp.org.br\/fjsp\/wp-content\/uploads\/2021\/01\/img14.jpg\" alt=\"\" width=\"170\" height=\"331\" srcset=\"https:\/\/fjsp.org.br\/fjsp\/wp-content\/uploads\/2021\/01\/img14.jpg 170w, https:\/\/fjsp.org.br\/fjsp\/wp-content\/uploads\/2021\/01\/img14-100x195.jpg 100w, https:\/\/fjsp.org.br\/fjsp\/wp-content\/uploads\/2021\/01\/img14-130x253.jpg 130w\" sizes=\"(max-width: 170px) 100vw, 170px\" \/><\/a><a href=\"https:\/\/fjsp.org.br\/fjsp\/jff-plus-online-festival-production-i-g-short-animation-kick-heart\/\"><img loading=\"lazy\" decoding=\"async\" class=\"img-responsive img-fluid alignnone wp-image-15151 size-full\" src=\"https:\/\/fjsp.org.br\/fjsp\/wp-content\/uploads\/2021\/01\/img15.jpg\" alt=\"\" width=\"170\" height=\"331\" srcset=\"https:\/\/fjsp.org.br\/fjsp\/wp-content\/uploads\/2021\/01\/img15.jpg 170w, https:\/\/fjsp.org.br\/fjsp\/wp-content\/uploads\/2021\/01\/img15-100x195.jpg 100w, https:\/\/fjsp.org.br\/fjsp\/wp-content\/uploads\/2021\/01\/img15-130x253.jpg 130w\" sizes=\"(max-width: 170px) 100vw, 170px\" \/><\/a><a href=\"https:\/\/fjsp.org.br\/fjsp\/jff-plus-online-festival-the-flavor-of-green-tea-over-rice\/\"><img loading=\"lazy\" decoding=\"async\" class=\"img-responsive img-fluid alignnone wp-image-15152 size-full\" src=\"https:\/\/fjsp.org.br\/fjsp\/wp-content\/uploads\/2021\/01\/img16.jpg\" alt=\"\" width=\"170\" height=\"331\" srcset=\"https:\/\/fjsp.org.br\/fjsp\/wp-content\/uploads\/2021\/01\/img16.jpg 170w, https:\/\/fjsp.org.br\/fjsp\/wp-content\/uploads\/2021\/01\/img16-100x195.jpg 100w, https:\/\/fjsp.org.br\/fjsp\/wp-content\/uploads\/2021\/01\/img16-130x253.jpg 130w\" sizes=\"(max-width: 170px) 100vw, 170px\" \/><\/a><\/p>\n<h3><strong>6\u00ba dia: 10 de fevereiro (quarta)<\/strong><\/h3>\n<p><strong>Dispon\u00edvel a partir de 21:00 (hor\u00e1rio de Bras\u00edlia)<\/strong><\/p>\n<p><a href=\"https:\/\/fjsp.org.br\/fjsp\/jff-plus-online-festival-ecotherapy-getaway-holiday\/\"><img loading=\"lazy\" decoding=\"async\" class=\"img-responsive img-fluid alignnone wp-image-15153 size-full\" src=\"https:\/\/fjsp.org.br\/fjsp\/wp-content\/uploads\/2021\/01\/img17.jpg\" alt=\"\" width=\"170\" height=\"331\" srcset=\"https:\/\/fjsp.org.br\/fjsp\/wp-content\/uploads\/2021\/01\/img17.jpg 170w, https:\/\/fjsp.org.br\/fjsp\/wp-content\/uploads\/2021\/01\/img17-100x195.jpg 100w, https:\/\/fjsp.org.br\/fjsp\/wp-content\/uploads\/2021\/01\/img17-130x253.jpg 130w\" sizes=\"(max-width: 170px) 100vw, 170px\" \/><\/a><a href=\"https:\/\/fjsp.org.br\/fjsp\/jff-plus-online-festival-railways\/\"><img loading=\"lazy\" decoding=\"async\" class=\"img-responsive img-fluid alignnone wp-image-15154 size-full\" src=\"https:\/\/fjsp.org.br\/fjsp\/wp-content\/uploads\/2021\/01\/img18.jpg\" alt=\"\" width=\"170\" height=\"331\" srcset=\"https:\/\/fjsp.org.br\/fjsp\/wp-content\/uploads\/2021\/01\/img18.jpg 170w, https:\/\/fjsp.org.br\/fjsp\/wp-content\/uploads\/2021\/01\/img18-100x195.jpg 100w, https:\/\/fjsp.org.br\/fjsp\/wp-content\/uploads\/2021\/01\/img18-130x253.jpg 130w\" sizes=\"(max-width: 170px) 100vw, 170px\" \/><\/a><a href=\"https:\/\/fjsp.org.br\/fjsp\/jff-plus-online-festival-takeshi-yashiro-stop-motion-animation-norman-the-snowman-on-a-night-of-shooting-stars\/\"><img loading=\"lazy\" decoding=\"async\" class=\"img-responsive img-fluid alignnone wp-image-15155 size-full\" src=\"https:\/\/fjsp.org.br\/fjsp\/wp-content\/uploads\/2021\/01\/img19.jpg\" alt=\"\" width=\"170\" height=\"331\" srcset=\"https:\/\/fjsp.org.br\/fjsp\/wp-content\/uploads\/2021\/01\/img19.jpg 170w, https:\/\/fjsp.org.br\/fjsp\/wp-content\/uploads\/2021\/01\/img19-100x195.jpg 100w, https:\/\/fjsp.org.br\/fjsp\/wp-content\/uploads\/2021\/01\/img19-130x253.jpg 130w\" sizes=\"(max-width: 170px) 100vw, 170px\" \/><\/a><\/p>\n<h3><strong>7\u00ba dia: 11 de fevereiro (quinta)<\/strong><\/h3>\n<p><strong>Dispon\u00edvel a partir de 21:00 (hor\u00e1rio de Bras\u00edlia)<\/strong><\/p>\n<p><a href=\"https:\/\/fjsp.org.br\/fjsp\/jff-plus-online-festival-cafe-funiculi-funicula\/\"><img loading=\"lazy\" decoding=\"async\" class=\"img-responsive img-fluid alignnone wp-image-15156 size-full\" src=\"https:\/\/fjsp.org.br\/fjsp\/wp-content\/uploads\/2021\/01\/img20.jpg\" alt=\"\" width=\"170\" height=\"331\" srcset=\"https:\/\/fjsp.org.br\/fjsp\/wp-content\/uploads\/2021\/01\/img20.jpg 170w, https:\/\/fjsp.org.br\/fjsp\/wp-content\/uploads\/2021\/01\/img20-100x195.jpg 100w, https:\/\/fjsp.org.br\/fjsp\/wp-content\/uploads\/2021\/01\/img20-130x253.jpg 130w\" sizes=\"(max-width: 170px) 100vw, 170px\" \/><\/a><a href=\"https:\/\/fjsp.org.br\/fjsp\/jff-plus-online-festival-production-i-g-animation-tokyo-marble-chocolate\/\"><img loading=\"lazy\" decoding=\"async\" class=\"img-responsive img-fluid alignnone wp-image-15157 size-full\" src=\"https:\/\/fjsp.org.br\/fjsp\/wp-content\/uploads\/2021\/01\/img21.jpg\" alt=\"\" width=\"170\" height=\"331\" srcset=\"https:\/\/fjsp.org.br\/fjsp\/wp-content\/uploads\/2021\/01\/img21.jpg 170w, https:\/\/fjsp.org.br\/fjsp\/wp-content\/uploads\/2021\/01\/img21-100x195.jpg 100w, https:\/\/fjsp.org.br\/fjsp\/wp-content\/uploads\/2021\/01\/img21-130x253.jpg 130w\" sizes=\"(max-width: 170px) 100vw, 170px\" \/><\/a><a href=\"https:\/\/fjsp.org.br\/fjsp\/jff-plus-online-festival-production-i-g-short-animation-the-girl-from-the-other-side\/\"><img loading=\"lazy\" decoding=\"async\" class=\"img-responsive img-fluid alignnone wp-image-15158 size-full\" src=\"https:\/\/fjsp.org.br\/fjsp\/wp-content\/uploads\/2021\/01\/img22.jpg\" alt=\"\" width=\"170\" height=\"331\" srcset=\"https:\/\/fjsp.org.br\/fjsp\/wp-content\/uploads\/2021\/01\/img22.jpg 170w, https:\/\/fjsp.org.br\/fjsp\/wp-content\/uploads\/2021\/01\/img22-100x195.jpg 100w, https:\/\/fjsp.org.br\/fjsp\/wp-content\/uploads\/2021\/01\/img22-130x253.jpg 130w\" sizes=\"(max-width: 170px) 100vw, 170px\" \/><\/a><\/p>\n<h3><strong>8\u00ba dia: 12 de fevereiro (sexta)<\/strong><\/h3>\n<p><strong>Dispon\u00edvel a partir de 21:00 (hor\u00e1rio de Bras\u00edlia)<\/strong><\/p>\n<p><a href=\"https:\/\/fjsp.org.br\/fjsp\/jff-plus-online-festival-0-5mm\/\"><img loading=\"lazy\" decoding=\"async\" class=\"img-responsive img-fluid alignnone wp-image-15159 size-full\" src=\"https:\/\/fjsp.org.br\/fjsp\/wp-content\/uploads\/2021\/01\/img23.jpg\" alt=\"\" width=\"170\" height=\"331\" srcset=\"https:\/\/fjsp.org.br\/fjsp\/wp-content\/uploads\/2021\/01\/img23.jpg 170w, https:\/\/fjsp.org.br\/fjsp\/wp-content\/uploads\/2021\/01\/img23-100x195.jpg 100w, https:\/\/fjsp.org.br\/fjsp\/wp-content\/uploads\/2021\/01\/img23-130x253.jpg 130w\" sizes=\"(max-width: 170px) 100vw, 170px\" \/><\/a><a href=\"https:\/\/fjsp.org.br\/fjsp\/jff-plus-online-festival-tsukiji-wonderland\/\"><img loading=\"lazy\" decoding=\"async\" class=\"img-responsive img-fluid alignnone wp-image-15160 size-full\" src=\"https:\/\/fjsp.org.br\/fjsp\/wp-content\/uploads\/2021\/01\/img24.jpg\" alt=\"\" width=\"170\" height=\"331\" srcset=\"https:\/\/fjsp.org.br\/fjsp\/wp-content\/uploads\/2021\/01\/img24.jpg 170w, https:\/\/fjsp.org.br\/fjsp\/wp-content\/uploads\/2021\/01\/img24-100x195.jpg 100w, https:\/\/fjsp.org.br\/fjsp\/wp-content\/uploads\/2021\/01\/img24-130x253.jpg 130w\" sizes=\"(max-width: 170px) 100vw, 170px\" \/><\/a><a href=\"https:\/\/fjsp.org.br\/fjsp\/jff-plus-online-festival-moon-of-a-sleepless-night\/\"><img loading=\"lazy\" decoding=\"async\" class=\"img-responsive img-fluid alignnone wp-image-15161 size-full\" src=\"https:\/\/fjsp.org.br\/fjsp\/wp-content\/uploads\/2021\/01\/img25.jpg\" alt=\"\" width=\"170\" height=\"331\" srcset=\"https:\/\/fjsp.org.br\/fjsp\/wp-content\/uploads\/2021\/01\/img25.jpg 170w, https:\/\/fjsp.org.br\/fjsp\/wp-content\/uploads\/2021\/01\/img25-100x195.jpg 100w, https:\/\/fjsp.org.br\/fjsp\/wp-content\/uploads\/2021\/01\/img25-130x253.jpg 130w\" sizes=\"(max-width: 170px) 100vw, 170px\" \/><\/a><\/p>\n<h3><strong>9\u00ba dia: 13 de fevereiro (s\u00e1bado)<\/strong><\/h3>\n<p><strong>Dispon\u00edvel a partir de 21:00 (hor\u00e1rio de Bras\u00edlia)<\/strong><\/p>\n<p><a href=\"https:\/\/fjsp.org.br\/fjsp\/jff-plus-online-festival-dance-with-me\/\"><img loading=\"lazy\" decoding=\"async\" class=\"img-responsive img-fluid alignnone wp-image-15162 size-full\" src=\"https:\/\/fjsp.org.br\/fjsp\/wp-content\/uploads\/2021\/01\/img26.jpg\" alt=\"\" width=\"170\" height=\"331\" srcset=\"https:\/\/fjsp.org.br\/fjsp\/wp-content\/uploads\/2021\/01\/img26.jpg 170w, https:\/\/fjsp.org.br\/fjsp\/wp-content\/uploads\/2021\/01\/img26-100x195.jpg 100w, https:\/\/fjsp.org.br\/fjsp\/wp-content\/uploads\/2021\/01\/img26-130x253.jpg 130w\" sizes=\"(max-width: 170px) 100vw, 170px\" \/><\/a><a href=\"https:\/\/fjsp.org.br\/fjsp\/jff-plus-online-festival-the-great-passage\/\"><img loading=\"lazy\" decoding=\"async\" class=\"img-responsive img-fluid alignnone wp-image-15163 size-full\" src=\"https:\/\/fjsp.org.br\/fjsp\/wp-content\/uploads\/2021\/01\/img27.jpg\" alt=\"\" width=\"170\" height=\"331\" srcset=\"https:\/\/fjsp.org.br\/fjsp\/wp-content\/uploads\/2021\/01\/img27.jpg 170w, https:\/\/fjsp.org.br\/fjsp\/wp-content\/uploads\/2021\/01\/img27-100x195.jpg 100w, https:\/\/fjsp.org.br\/fjsp\/wp-content\/uploads\/2021\/01\/img27-130x253.jpg 130w\" sizes=\"(max-width: 170px) 100vw, 170px\" \/><\/a><a href=\"https:\/\/fjsp.org.br\/fjsp\/jff-plus-online-festival-production-i-g-short-animation-lil-spider-girl\/\"><img loading=\"lazy\" decoding=\"async\" class=\"img-responsive img-fluid alignnone wp-image-15164 size-full\" src=\"https:\/\/fjsp.org.br\/fjsp\/wp-content\/uploads\/2021\/01\/img28.jpg\" alt=\"\" width=\"170\" height=\"331\" srcset=\"https:\/\/fjsp.org.br\/fjsp\/wp-content\/uploads\/2021\/01\/img28.jpg 170w, https:\/\/fjsp.org.br\/fjsp\/wp-content\/uploads\/2021\/01\/img28-100x195.jpg 100w, https:\/\/fjsp.org.br\/fjsp\/wp-content\/uploads\/2021\/01\/img28-130x253.jpg 130w\" sizes=\"(max-width: 170px) 100vw, 170px\" \/><\/a><\/p>\n<h3><strong>10\u00ba dia: 14 de fevereiro (domingo)<\/strong><\/h3>\n<p><strong>Dispon\u00edvel a partir de 21:00 (hor\u00e1rio de Bras\u00edlia)<\/strong><\/p>\n<p><a href=\"https:\/\/fjsp.org.br\/fjsp\/jff-plus-online-festival-our-30-minute-sessions\/\"><img loading=\"lazy\" decoding=\"async\" class=\"img-responsive img-fluid alignnone wp-image-15165 size-full\" src=\"https:\/\/fjsp.org.br\/fjsp\/wp-content\/uploads\/2021\/01\/img29.jpg\" alt=\"\" width=\"170\" height=\"331\" srcset=\"https:\/\/fjsp.org.br\/fjsp\/wp-content\/uploads\/2021\/01\/img29.jpg 170w, https:\/\/fjsp.org.br\/fjsp\/wp-content\/uploads\/2021\/01\/img29-100x195.jpg 100w, https:\/\/fjsp.org.br\/fjsp\/wp-content\/uploads\/2021\/01\/img29-130x253.jpg 130w\" sizes=\"(max-width: 170px) 100vw, 170px\" \/><\/a><a href=\"https:\/\/fjsp.org.br\/fjsp\/jff-plus-online-festival-little-nights-little-love\/\"><img loading=\"lazy\" decoding=\"async\" class=\"img-responsive img-fluid alignnone wp-image-15166 size-full\" src=\"https:\/\/fjsp.org.br\/fjsp\/wp-content\/uploads\/2021\/01\/img30.jpg\" alt=\"\" width=\"170\" height=\"331\" srcset=\"https:\/\/fjsp.org.br\/fjsp\/wp-content\/uploads\/2021\/01\/img30.jpg 170w, https:\/\/fjsp.org.br\/fjsp\/wp-content\/uploads\/2021\/01\/img30-100x195.jpg 100w, https:\/\/fjsp.org.br\/fjsp\/wp-content\/uploads\/2021\/01\/img30-130x253.jpg 130w\" sizes=\"(max-width: 170px) 100vw, 170px\" \/><\/a><\/p>\n<h6 style=\"text-align: center;\"><a href=\"https:\/\/fjsp.org.br\/fjsp\/agenda\/jff-plus-online-festival\/\"><strong>&lt; HOME &#8211; JFF Plus Online Festival &gt;<\/strong><\/a><\/h6>\n<p>&nbsp;<\/p>\n","protected":false},"excerpt":{"rendered":"<p>&nbsp; &lt; HOME &#8211; JFF Plus Online Festival &gt; &nbsp; Lista dos filmes com sinopses em portugu\u00eas. Clique na imagem do cartaz. &nbsp; 1\u00ba dia: 5 de fevereiro (sexta) Dispon\u00edvel a partir de 21:00 (hor\u00e1rio de Bras\u00edlia) 2\u00ba dia: 6 de fevereiro (s\u00e1bado) Dispon\u00edvel a partir de 21:00 (hor\u00e1rio de Bras\u00edlia) 3\u00ba dia: 7 de [&hellip;]<\/p>\n","protected":false},"author":33,"featured_media":0,"parent":0,"menu_order":0,"comment_status":"closed","ping_status":"closed","template":"","meta":{"_acf_changed":false,"footnotes":""},"class_list":["post-15442","page","type-page","status-publish","hentry"],"acf":[],"_links":{"self":[{"href":"https:\/\/fjsp.org.br\/fjsp\/wp-json\/wp\/v2\/pages\/15442","targetHints":{"allow":["GET"]}}],"collection":[{"href":"https:\/\/fjsp.org.br\/fjsp\/wp-json\/wp\/v2\/pages"}],"about":[{"href":"https:\/\/fjsp.org.br\/fjsp\/wp-json\/wp\/v2\/types\/page"}],"author":[{"embeddable":true,"href":"https:\/\/fjsp.org.br\/fjsp\/wp-json\/wp\/v2\/users\/33"}],"replies":[{"embeddable":true,"href":"https:\/\/fjsp.org.br\/fjsp\/wp-json\/wp\/v2\/comments?post=15442"}],"version-history":[{"count":2,"href":"https:\/\/fjsp.org.br\/fjsp\/wp-json\/wp\/v2\/pages\/15442\/revisions"}],"predecessor-version":[{"id":15449,"href":"https:\/\/fjsp.org.br\/fjsp\/wp-json\/wp\/v2\/pages\/15442\/revisions\/15449"}],"wp:attachment":[{"href":"https:\/\/fjsp.org.br\/fjsp\/wp-json\/wp\/v2\/media?parent=15442"}],"curies":[{"name":"wp","href":"https:\/\/api.w.org\/{rel}","templated":true}]}}