{"id":15771,"date":"2021-03-03T10:06:06","date_gmt":"2021-03-03T13:06:06","guid":{"rendered":"https:\/\/fjsp.org.br\/fjsp\/?page_id=15771"},"modified":"2021-03-08T09:22:13","modified_gmt":"2021-03-08T12:22:13","slug":"dossie_literatura_feminina","status":"publish","type":"page","link":"https:\/\/fjsp.org.br\/fjsp\/dossie_literatura_feminina\/","title":{"rendered":"Dossi\u00ea Literatura de autoria feminina no Jap\u00e3o moderno"},"content":{"rendered":"<p style=\"text-align: right\"><strong><a href=\"https:\/\/fjsp.org.br\/fjsp\/dossie_literario\/\">Dossi\u00ea Liter\u00e1rio<\/a> &gt; Dossi\u00ea Literatura de autoria feminina no Jap\u00e3o moderno<\/strong><\/p>\n<p><img fetchpriority=\"high\" decoding=\"async\" class=\"img-responsive img-fluid aligncenter wp-image-15815\" src=\"https:\/\/fjsp.org.br\/fjsp\/wp-content\/uploads\/2021\/03\/citacao.jpg\" alt=\"\" width=\"1000\" height=\"474\" srcset=\"https:\/\/fjsp.org.br\/fjsp\/wp-content\/uploads\/2021\/03\/citacao.jpg 1279w, https:\/\/fjsp.org.br\/fjsp\/wp-content\/uploads\/2021\/03\/citacao-280x133.jpg 280w, https:\/\/fjsp.org.br\/fjsp\/wp-content\/uploads\/2021\/03\/citacao-768x364.jpg 768w, https:\/\/fjsp.org.br\/fjsp\/wp-content\/uploads\/2021\/03\/citacao-340x161.jpg 340w, https:\/\/fjsp.org.br\/fjsp\/wp-content\/uploads\/2021\/03\/citacao-220x104.jpg 220w, https:\/\/fjsp.org.br\/fjsp\/wp-content\/uploads\/2021\/03\/citacao-100x47.jpg 100w, https:\/\/fjsp.org.br\/fjsp\/wp-content\/uploads\/2021\/03\/citacao-130x62.jpg 130w, https:\/\/fjsp.org.br\/fjsp\/wp-content\/uploads\/2021\/03\/citacao-460x218.jpg 460w\" sizes=\"(max-width: 1000px) 100vw, 1000px\" \/><\/p>\n<p>&nbsp;<\/p>\n<p>No Dia Internacional da Mulher, a Funda\u00e7\u00e3o Jap\u00e3o convida a pesquisadora e professora <strong><a href=\"https:\/\/fjsp.org.br\/fjsp\/wp-content\/uploads\/2021\/03\/joy-nascimento-afonso.jpg\" target=\"_blank\" rel=\"noopener\">Joy Afonso<\/a><\/strong>, da UNESP\/Assis, para refletir sobre a produ\u00e7\u00e3o liter\u00e1ria de autoria feminina no Jap\u00e3o moderno, que corresponde ao Per\u00edodo Meiji (1968-1912) e Per\u00edodo\u00a0Taish\u00f4\u00a0(1912-1926). Isso porque, embora a produ\u00e7\u00e3o feminina do per\u00edodo cl\u00e1ssico seja conhecida e reconhecida pelo c\u00e2none liter\u00e1rio tendo nomes como\u00a0Murasaki\u00a0Shikibu, Sei\u00a0Sh\u00f4nagon\u00a0e Izumi\u00a0Shikibu, sendo citadas e lidas, as escritoras do per\u00edodo moderno, que mantiveram essa longa tradi\u00e7\u00e3o liter\u00e1ria e desenvolveram um estilo liter\u00e1rio \u00fanico, que ainda hoje influencia as grandes escritoras contempor\u00e2neas, n\u00e3o s\u00e3o conhecidas levando-nos a pensar de maneira err\u00f4nea que n\u00e3o houve produ\u00e7\u00f5es significativas nesse momento. Boa leitura e reflex\u00e3o!<\/p>\n<p>&nbsp;<\/p>\n<div class='cleaner'><\/div>\n<div class='videoWrapper embed-responsive embed-responsive-16by9 ratio ratio-16x9'><iframe title=\"Dossi\u00ea Liter\u00e1rio especial - Joy Afonso, pesquisadora e professora- UNESP Assis\" width=\"700\" height=\"394\" src=\"https:\/\/www.youtube.com\/embed\/VOSWwARQzfo?feature=oembed\" frameborder=\"0\" allow=\"accelerometer; autoplay; clipboard-write; encrypted-media; gyroscope; picture-in-picture\" allowfullscreen><\/iframe><\/div>\n<p>&nbsp;<\/p>\n<hr \/>\n<p>&nbsp;<\/p>\n<p><a href=\"https:\/\/fjsp.org.br\/fjsp\/dossie_literatura_feminina_1_introducao\/\"><img decoding=\"async\" class=\"img-responsive img-fluid alignnone wp-image-15779\" src=\"https:\/\/fjsp.org.br\/fjsp\/wp-content\/uploads\/2021\/03\/botao-site-prancheta-1.png\" alt=\"\" width=\"300\" height=\"286\" srcset=\"https:\/\/fjsp.org.br\/fjsp\/wp-content\/uploads\/2021\/03\/botao-site-prancheta-1.png 625w, https:\/\/fjsp.org.br\/fjsp\/wp-content\/uploads\/2021\/03\/botao-site-prancheta-1-280x267.png 280w, https:\/\/fjsp.org.br\/fjsp\/wp-content\/uploads\/2021\/03\/botao-site-prancheta-1-340x324.png 340w, https:\/\/fjsp.org.br\/fjsp\/wp-content\/uploads\/2021\/03\/botao-site-prancheta-1-220x210.png 220w, https:\/\/fjsp.org.br\/fjsp\/wp-content\/uploads\/2021\/03\/botao-site-prancheta-1-100x95.png 100w, https:\/\/fjsp.org.br\/fjsp\/wp-content\/uploads\/2021\/03\/botao-site-prancheta-1-130x124.png 130w, https:\/\/fjsp.org.br\/fjsp\/wp-content\/uploads\/2021\/03\/botao-site-prancheta-1-460x439.png 460w\" sizes=\"(max-width: 300px) 100vw, 300px\" \/><\/a> <a href=\"https:\/\/fjsp.org.br\/fjsp\/dossie_literatura_feminina_2_revistas_literarias_publicacoes\/\" rel=\"noopener\"><img decoding=\"async\" class=\"img-responsive img-fluid alignnone wp-image-15780\" src=\"https:\/\/fjsp.org.br\/fjsp\/wp-content\/uploads\/2021\/03\/botao-site-02.png\" alt=\"\" width=\"300\" height=\"286\" srcset=\"https:\/\/fjsp.org.br\/fjsp\/wp-content\/uploads\/2021\/03\/botao-site-02.png 626w, https:\/\/fjsp.org.br\/fjsp\/wp-content\/uploads\/2021\/03\/botao-site-02-280x267.png 280w, https:\/\/fjsp.org.br\/fjsp\/wp-content\/uploads\/2021\/03\/botao-site-02-340x324.png 340w, https:\/\/fjsp.org.br\/fjsp\/wp-content\/uploads\/2021\/03\/botao-site-02-220x209.png 220w, https:\/\/fjsp.org.br\/fjsp\/wp-content\/uploads\/2021\/03\/botao-site-02-100x95.png 100w, https:\/\/fjsp.org.br\/fjsp\/wp-content\/uploads\/2021\/03\/botao-site-02-130x124.png 130w, https:\/\/fjsp.org.br\/fjsp\/wp-content\/uploads\/2021\/03\/botao-site-02-460x438.png 460w\" sizes=\"(max-width: 300px) 100vw, 300px\" \/><\/a> <a href=\"https:\/\/fjsp.org.br\/fjsp\/dossie_literatura_feminina_3_higuchi_ichiyo\/\"><img loading=\"lazy\" decoding=\"async\" class=\"img-responsive img-fluid alignnone wp-image-15781\" src=\"https:\/\/fjsp.org.br\/fjsp\/wp-content\/uploads\/2021\/03\/botao-site-03.png\" alt=\"\" width=\"300\" height=\"286\" srcset=\"https:\/\/fjsp.org.br\/fjsp\/wp-content\/uploads\/2021\/03\/botao-site-03.png 626w, https:\/\/fjsp.org.br\/fjsp\/wp-content\/uploads\/2021\/03\/botao-site-03-280x267.png 280w, https:\/\/fjsp.org.br\/fjsp\/wp-content\/uploads\/2021\/03\/botao-site-03-340x324.png 340w, https:\/\/fjsp.org.br\/fjsp\/wp-content\/uploads\/2021\/03\/botao-site-03-220x209.png 220w, https:\/\/fjsp.org.br\/fjsp\/wp-content\/uploads\/2021\/03\/botao-site-03-100x95.png 100w, https:\/\/fjsp.org.br\/fjsp\/wp-content\/uploads\/2021\/03\/botao-site-03-130x124.png 130w, https:\/\/fjsp.org.br\/fjsp\/wp-content\/uploads\/2021\/03\/botao-site-03-460x438.png 460w\" sizes=\"(max-width: 300px) 100vw, 300px\" \/><\/a><a href=\"https:\/\/fjsp.org.br\/fjsp\/dossie_literatura_feminina_4_conclusao\/\"><img loading=\"lazy\" decoding=\"async\" class=\"img-responsive img-fluid alignnone wp-image-15777\" src=\"https:\/\/fjsp.org.br\/fjsp\/wp-content\/uploads\/2021\/03\/botao-site-04.png\" alt=\"\" width=\"300\" height=\"286\" srcset=\"https:\/\/fjsp.org.br\/fjsp\/wp-content\/uploads\/2021\/03\/botao-site-04.png 625w, https:\/\/fjsp.org.br\/fjsp\/wp-content\/uploads\/2021\/03\/botao-site-04-280x267.png 280w, https:\/\/fjsp.org.br\/fjsp\/wp-content\/uploads\/2021\/03\/botao-site-04-340x324.png 340w, https:\/\/fjsp.org.br\/fjsp\/wp-content\/uploads\/2021\/03\/botao-site-04-220x210.png 220w, https:\/\/fjsp.org.br\/fjsp\/wp-content\/uploads\/2021\/03\/botao-site-04-100x95.png 100w, https:\/\/fjsp.org.br\/fjsp\/wp-content\/uploads\/2021\/03\/botao-site-04-130x124.png 130w, https:\/\/fjsp.org.br\/fjsp\/wp-content\/uploads\/2021\/03\/botao-site-04-460x439.png 460w\" sizes=\"(max-width: 300px) 100vw, 300px\" \/><\/a><a href=\"https:\/\/fjsp.org.br\/fjsp\/dossie_literatura_feminina_5_sugestoes_biblioteca\/\"><img loading=\"lazy\" decoding=\"async\" class=\"img-responsive img-fluid alignnone wp-image-15778\" src=\"https:\/\/fjsp.org.br\/fjsp\/wp-content\/uploads\/2021\/03\/botao-site-05.png\" alt=\"\" width=\"300\" height=\"286\" srcset=\"https:\/\/fjsp.org.br\/fjsp\/wp-content\/uploads\/2021\/03\/botao-site-05.png 626w, https:\/\/fjsp.org.br\/fjsp\/wp-content\/uploads\/2021\/03\/botao-site-05-280x267.png 280w, https:\/\/fjsp.org.br\/fjsp\/wp-content\/uploads\/2021\/03\/botao-site-05-340x324.png 340w, https:\/\/fjsp.org.br\/fjsp\/wp-content\/uploads\/2021\/03\/botao-site-05-220x209.png 220w, https:\/\/fjsp.org.br\/fjsp\/wp-content\/uploads\/2021\/03\/botao-site-05-100x95.png 100w, https:\/\/fjsp.org.br\/fjsp\/wp-content\/uploads\/2021\/03\/botao-site-05-130x124.png 130w, https:\/\/fjsp.org.br\/fjsp\/wp-content\/uploads\/2021\/03\/botao-site-05-460x438.png 460w\" sizes=\"(max-width: 300px) 100vw, 300px\" \/><\/a><\/p>\n<p>&nbsp;<\/p>\n<p><strong>NOTAS IMPORTANTES<\/strong><\/p>\n<p><em>\u30fbToda a bibliografia utilizada nesse artigo, exceto Miner (1968), Miyamoto (1994) e Keene (1994) foram adquiridas ou acessadas durante nosso per\u00edodo de Bolsista &#8211; Doutoranda pelo \u201cJapan Foundation Studies Fellowship Program (Japanese Studies Overseas and Intellectual Exchange)\u201d, de novembro de 2019 a mar\u00e7o de 2020, na Kyoto University of Education. Sendo assim o presente artigo e pesquisa de dados s\u00f3 se tornou poss\u00edvel gra\u00e7as ao apoio e financiamento da Japan Foundation.<\/em><br \/>\n<em>\u30fbTodos os nomes japoneses s\u00e3o utilizados na ordem japonesa (Sobrenome, Nome). Ex. Yosano Akiko<\/em><br \/>\n<em>\u30fbA romaniza\u00e7\u00e3o de termos japoneses utiliza o acento circunflexo para representar vogais longas. Ex. jory\u00fb bungaku<\/em><\/p>\n<p>&nbsp;<\/p>\n<p><img loading=\"lazy\" decoding=\"async\" class=\"img-responsive alignnone wp-image-11642 size-full\" src=\"https:\/\/fjsp.org.br\/fjsp\/wp-content\/uploads\/2020\/07\/pattern-v1-03-1.png\" alt=\"\" width=\"4032\" height=\"223\" srcset=\"https:\/\/fjsp.org.br\/fjsp\/wp-content\/uploads\/2020\/07\/pattern-v1-03-1.png 4032w, https:\/\/fjsp.org.br\/fjsp\/wp-content\/uploads\/2020\/07\/pattern-v1-03-1-280x15.png 280w, https:\/\/fjsp.org.br\/fjsp\/wp-content\/uploads\/2020\/07\/pattern-v1-03-1-768x42.png 768w, https:\/\/fjsp.org.br\/fjsp\/wp-content\/uploads\/2020\/07\/pattern-v1-03-1-340x19.png 340w, https:\/\/fjsp.org.br\/fjsp\/wp-content\/uploads\/2020\/07\/pattern-v1-03-1-220x12.png 220w, https:\/\/fjsp.org.br\/fjsp\/wp-content\/uploads\/2020\/07\/pattern-v1-03-1-100x6.png 100w, https:\/\/fjsp.org.br\/fjsp\/wp-content\/uploads\/2020\/07\/pattern-v1-03-1-130x7.png 130w, https:\/\/fjsp.org.br\/fjsp\/wp-content\/uploads\/2020\/07\/pattern-v1-03-1-460x25.png 460w\" sizes=\"(max-width: 4032px) 100vw, 4032px\" \/><\/p>\n<p>&nbsp;<\/p>\n<p>*Os usos de imagens e conte\u00fados desta p\u00e1gina s\u00e3o exclusivamente para fins educacionais e de divulga\u00e7\u00e3o de cultura japonesa, sem fins comerciais.<\/p>\n","protected":false},"excerpt":{"rendered":"<p>Dossi\u00ea Liter\u00e1rio &gt; Dossi\u00ea Literatura de autoria feminina no Jap\u00e3o moderno &nbsp; No Dia Internacional da Mulher, a Funda\u00e7\u00e3o Jap\u00e3o convida a pesquisadora e professora Joy Afonso, da UNESP\/Assis, para refletir sobre a produ\u00e7\u00e3o liter\u00e1ria de autoria feminina no Jap\u00e3o moderno, que corresponde ao Per\u00edodo Meiji (1968-1912) e Per\u00edodo\u00a0Taish\u00f4\u00a0(1912-1926). Isso porque, embora a produ\u00e7\u00e3o feminina [&hellip;]<\/p>\n","protected":false},"author":34,"featured_media":0,"parent":0,"menu_order":0,"comment_status":"closed","ping_status":"closed","template":"","meta":{"_acf_changed":false,"footnotes":""},"class_list":["post-15771","page","type-page","status-publish","hentry"],"acf":[],"_links":{"self":[{"href":"https:\/\/fjsp.org.br\/fjsp\/wp-json\/wp\/v2\/pages\/15771","targetHints":{"allow":["GET"]}}],"collection":[{"href":"https:\/\/fjsp.org.br\/fjsp\/wp-json\/wp\/v2\/pages"}],"about":[{"href":"https:\/\/fjsp.org.br\/fjsp\/wp-json\/wp\/v2\/types\/page"}],"author":[{"embeddable":true,"href":"https:\/\/fjsp.org.br\/fjsp\/wp-json\/wp\/v2\/users\/34"}],"replies":[{"embeddable":true,"href":"https:\/\/fjsp.org.br\/fjsp\/wp-json\/wp\/v2\/comments?post=15771"}],"version-history":[{"count":3,"href":"https:\/\/fjsp.org.br\/fjsp\/wp-json\/wp\/v2\/pages\/15771\/revisions"}],"predecessor-version":[{"id":15919,"href":"https:\/\/fjsp.org.br\/fjsp\/wp-json\/wp\/v2\/pages\/15771\/revisions\/15919"}],"wp:attachment":[{"href":"https:\/\/fjsp.org.br\/fjsp\/wp-json\/wp\/v2\/media?parent=15771"}],"curies":[{"name":"wp","href":"https:\/\/api.w.org\/{rel}","templated":true}]}}