{"id":16042,"date":"2021-03-25T09:00:13","date_gmt":"2021-03-25T12:00:13","guid":{"rendered":"https:\/\/fjsp.org.br\/fjsp\/?page_id=16042"},"modified":"2021-08-27T09:28:05","modified_gmt":"2021-08-27T12:28:05","slug":"traducaoemfoco_thiago_nojiri_posfacio","status":"publish","type":"page","link":"https:\/\/fjsp.org.br\/fjsp\/traducaoemfoco_thiago_nojiri_posfacio\/","title":{"rendered":"Thiago Nojiri &#8211; Posf\u00e1cio"},"content":{"rendered":"<h5 style=\"text-align: right\"><a href=\"https:\/\/fjsp.org.br\/fjsp\/traducaoemfoco\/\">Tradu\u00e7\u00e3o em Foco<\/a> &gt; Posf\u00e1cio<\/h5>\n<p><img fetchpriority=\"high\" decoding=\"async\" class=\"img-responsive img-fluid alignnone wp-image-16061 size-full\" src=\"https:\/\/fjsp.org.br\/fjsp\/wp-content\/uploads\/2021\/03\/banner-site-05.jpg\" alt=\"\" width=\"2501\" height=\"447\" srcset=\"https:\/\/fjsp.org.br\/fjsp\/wp-content\/uploads\/2021\/03\/banner-site-05.jpg 2501w, https:\/\/fjsp.org.br\/fjsp\/wp-content\/uploads\/2021\/03\/banner-site-05-280x50.jpg 280w, https:\/\/fjsp.org.br\/fjsp\/wp-content\/uploads\/2021\/03\/banner-site-05-768x137.jpg 768w, https:\/\/fjsp.org.br\/fjsp\/wp-content\/uploads\/2021\/03\/banner-site-05-1536x275.jpg 1536w, https:\/\/fjsp.org.br\/fjsp\/wp-content\/uploads\/2021\/03\/banner-site-05-2048x366.jpg 2048w, https:\/\/fjsp.org.br\/fjsp\/wp-content\/uploads\/2021\/03\/banner-site-05-340x61.jpg 340w, https:\/\/fjsp.org.br\/fjsp\/wp-content\/uploads\/2021\/03\/banner-site-05-220x39.jpg 220w, https:\/\/fjsp.org.br\/fjsp\/wp-content\/uploads\/2021\/03\/banner-site-05-100x18.jpg 100w, https:\/\/fjsp.org.br\/fjsp\/wp-content\/uploads\/2021\/03\/banner-site-05-130x23.jpg 130w, https:\/\/fjsp.org.br\/fjsp\/wp-content\/uploads\/2021\/03\/banner-site-05-460x82.jpg 460w\" sizes=\"(max-width: 2501px) 100vw, 2501px\" \/><\/p>\n<p>&nbsp;<\/p>\n<p>Primeiramente, gostaria de agradecer do fundo do meu cora\u00e7\u00e3o a todos que leram at\u00e9 aqui. Apesar de ter sido um espa\u00e7o gentilmente cedido pela Funda\u00e7\u00e3o Jap\u00e3o, eu praticamente fiz um blog pessoal do que um artigo informativo. Infelizmente, tenho plena consci\u00eancia de que meus textos acabam ficando confusos, principalmente nas passagens onde fa\u00e7o explica\u00e7\u00f5es mais t\u00e9cnicas, ent\u00e3o, agrade\u00e7o tamb\u00e9m pela paci\u00eancia de quem tentou entender.<\/p>\n<p>Inicialmente, eu pretendia fazer algo bem mais t\u00e9cnico e explicativo, como se fosse um pequeno guia de curiosidades sobre a tradu\u00e7\u00e3o de mang\u00e1s do japon\u00eas para o portugu\u00eas. No entanto, visto que j\u00e1 fiz isso em diversas outras ocasi\u00f5es, seja em entrevistas, v\u00eddeos ou podcasts, preferi trazer um relato mais intimista para esta ocasi\u00e3o.<\/p>\n<p>Apesar disso, espero que o meu texto tenha trazido ao menos alguns <em>insights<\/em> novos para quem est\u00e1 (ou n\u00e3o) familiarizado com o of\u00edcio da tradu\u00e7\u00e3o de mang\u00e1s e <em>light novels<\/em>. Se deixei qualquer coisa mal explicada ou qualquer outra d\u00favida, por favor, entre em contato comigo pelas minhas redes sociais (<a href=\"https:\/\/www.instagram.com\/nojiri_s\/\" target=\"_blank\" rel=\"noopener\">@nojiri_s<\/a>) ou pelo e-mail: <strong>nojiri.silva@gmail.com<\/strong>.<\/p>\n<p>Por fim, gostaria de agradecer mais uma vez \u00e0 Funda\u00e7\u00e3o Jap\u00e3o por esta oportunidade, e tamb\u00e9m \u00e0 minha amiga Drik Sada por ter me indicado. Muito, muito obrigado.<\/p>\n<p>&nbsp;<\/p>\n<p>&nbsp;<\/p>\n<hr \/>\n<p>&nbsp;<\/p>\n<h4 style=\"text-align: center\"><strong><a href=\"https:\/\/fjsp.org.br\/fjsp\/traducaoemfoco_thiago_nojiri_agora_sim\/\">&lt;&lt; 4. Agora, sim, &#8220;bot\u00e3o a m\u00e3o na massa&#8221; pra valer<\/a><\/strong><\/h4>\n<p style=\"text-align: center\"><a href=\"https:\/\/fjsp.org.br\/fjsp\/traducaoemfoco_thiago_nojiri\/\">1\u00a0<\/a>\u30fb\u00a0<strong><a href=\"https:\/\/fjsp.org.br\/fjsp\/traducaoemfoco_thiago_nojiri_paixao_frustracao\/\"> 2<\/a>\u00a0<\/strong> \u30fb \u00a0<a href=\"https:\/\/fjsp.org.br\/fjsp\/traducaoemfoco_thiago_nojiri_deconsumidor\/\">3<\/a> \u30fb <a href=\"https:\/\/fjsp.org.br\/fjsp\/traducaoemfoco_thiago_nojiri_agora_sim\/\">4<\/a>\u30fb <strong>[ 5 ]<\/strong><\/p>\n<p>&nbsp;<\/p>\n<hr \/>\n<p>&nbsp;<\/p>\n<h3>Para retornar,<\/h3>\n<p><a href=\"https:\/\/fjsp.org.br\/fjsp\/traducaoemfoco_thiago_nojiri\/\"><img decoding=\"async\" class=\"img-responsive img-fluid alignnone wp-image-16069\" src=\"https:\/\/fjsp.org.br\/fjsp\/wp-content\/uploads\/2021\/03\/identidade-botao-retornar-branco.jpg\" alt=\"\" width=\"265\" height=\"233\" srcset=\"https:\/\/fjsp.org.br\/fjsp\/wp-content\/uploads\/2021\/03\/identidade-botao-retornar-branco.jpg 522w, https:\/\/fjsp.org.br\/fjsp\/wp-content\/uploads\/2021\/03\/identidade-botao-retornar-branco-280x246.jpg 280w, https:\/\/fjsp.org.br\/fjsp\/wp-content\/uploads\/2021\/03\/identidade-botao-retornar-branco-340x299.jpg 340w, https:\/\/fjsp.org.br\/fjsp\/wp-content\/uploads\/2021\/03\/identidade-botao-retornar-branco-220x193.jpg 220w, https:\/\/fjsp.org.br\/fjsp\/wp-content\/uploads\/2021\/03\/identidade-botao-retornar-branco-100x88.jpg 100w, https:\/\/fjsp.org.br\/fjsp\/wp-content\/uploads\/2021\/03\/identidade-botao-retornar-branco-130x114.jpg 130w, https:\/\/fjsp.org.br\/fjsp\/wp-content\/uploads\/2021\/03\/identidade-botao-retornar-branco-460x404.jpg 460w\" sizes=\"(max-width: 265px) 100vw, 265px\" \/><\/a><a href=\"https:\/\/fjsp.org.br\/fjsp\/traducaoemfoco_thiago_nojiri_paixao_frustracao\/\"><img decoding=\"async\" class=\"img-responsive img-fluid alignnone wp-image-16066\" src=\"https:\/\/fjsp.org.br\/fjsp\/wp-content\/uploads\/2021\/03\/identidade-botao-retornar-vermelho.jpg\" alt=\"\" width=\"265\" height=\"233\" srcset=\"https:\/\/fjsp.org.br\/fjsp\/wp-content\/uploads\/2021\/03\/identidade-botao-retornar-vermelho.jpg 522w, https:\/\/fjsp.org.br\/fjsp\/wp-content\/uploads\/2021\/03\/identidade-botao-retornar-vermelho-280x246.jpg 280w, https:\/\/fjsp.org.br\/fjsp\/wp-content\/uploads\/2021\/03\/identidade-botao-retornar-vermelho-340x299.jpg 340w, https:\/\/fjsp.org.br\/fjsp\/wp-content\/uploads\/2021\/03\/identidade-botao-retornar-vermelho-220x193.jpg 220w, https:\/\/fjsp.org.br\/fjsp\/wp-content\/uploads\/2021\/03\/identidade-botao-retornar-vermelho-100x88.jpg 100w, https:\/\/fjsp.org.br\/fjsp\/wp-content\/uploads\/2021\/03\/identidade-botao-retornar-vermelho-130x114.jpg 130w, https:\/\/fjsp.org.br\/fjsp\/wp-content\/uploads\/2021\/03\/identidade-botao-retornar-vermelho-460x404.jpg 460w\" sizes=\"(max-width: 265px) 100vw, 265px\" \/><\/a> \u00a0\u00a0\u00a0<a href=\"https:\/\/fjsp.org.br\/fjsp\/traducaoemfoco_thiago_nojiri_deconsumidor\/\"><img loading=\"lazy\" decoding=\"async\" class=\"img-responsive img-fluid alignnone wp-image-16071\" src=\"https:\/\/fjsp.org.br\/fjsp\/wp-content\/uploads\/2021\/03\/identidade-botao-retornar-verde.jpg\" alt=\"\" width=\"265\" height=\"233\" srcset=\"https:\/\/fjsp.org.br\/fjsp\/wp-content\/uploads\/2021\/03\/identidade-botao-retornar-verde.jpg 522w, https:\/\/fjsp.org.br\/fjsp\/wp-content\/uploads\/2021\/03\/identidade-botao-retornar-verde-280x246.jpg 280w, https:\/\/fjsp.org.br\/fjsp\/wp-content\/uploads\/2021\/03\/identidade-botao-retornar-verde-340x299.jpg 340w, https:\/\/fjsp.org.br\/fjsp\/wp-content\/uploads\/2021\/03\/identidade-botao-retornar-verde-220x193.jpg 220w, https:\/\/fjsp.org.br\/fjsp\/wp-content\/uploads\/2021\/03\/identidade-botao-retornar-verde-100x88.jpg 100w, https:\/\/fjsp.org.br\/fjsp\/wp-content\/uploads\/2021\/03\/identidade-botao-retornar-verde-130x114.jpg 130w, https:\/\/fjsp.org.br\/fjsp\/wp-content\/uploads\/2021\/03\/identidade-botao-retornar-verde-460x404.jpg 460w\" sizes=\"(max-width: 265px) 100vw, 265px\" \/><\/a><a href=\"https:\/\/fjsp.org.br\/fjsp\/traducaoemfoco_thiago_nojiri_agora_sim\/\"><img loading=\"lazy\" decoding=\"async\" class=\"img-responsive img-fluid alignnone wp-image-16068\" src=\"https:\/\/fjsp.org.br\/fjsp\/wp-content\/uploads\/2021\/03\/identidade-botao-retornar-azul.jpg\" alt=\"\" width=\"265\" height=\"233\" srcset=\"https:\/\/fjsp.org.br\/fjsp\/wp-content\/uploads\/2021\/03\/identidade-botao-retornar-azul.jpg 522w, https:\/\/fjsp.org.br\/fjsp\/wp-content\/uploads\/2021\/03\/identidade-botao-retornar-azul-280x246.jpg 280w, https:\/\/fjsp.org.br\/fjsp\/wp-content\/uploads\/2021\/03\/identidade-botao-retornar-azul-340x299.jpg 340w, https:\/\/fjsp.org.br\/fjsp\/wp-content\/uploads\/2021\/03\/identidade-botao-retornar-azul-220x193.jpg 220w, https:\/\/fjsp.org.br\/fjsp\/wp-content\/uploads\/2021\/03\/identidade-botao-retornar-azul-100x88.jpg 100w, https:\/\/fjsp.org.br\/fjsp\/wp-content\/uploads\/2021\/03\/identidade-botao-retornar-azul-130x114.jpg 130w, https:\/\/fjsp.org.br\/fjsp\/wp-content\/uploads\/2021\/03\/identidade-botao-retornar-azul-460x404.jpg 460w\" sizes=\"(max-width: 265px) 100vw, 265px\" \/><\/a><a href=\"https:\/\/fjsp.org.br\/fjsp\/traducaoemfoco_thiago_nojiri_posfacio\/\"><img loading=\"lazy\" decoding=\"async\" class=\"img-responsive img-fluid alignnone wp-image-16067\" src=\"https:\/\/fjsp.org.br\/fjsp\/wp-content\/uploads\/2021\/03\/identidade-botao-retornar-amarelo.jpg\" alt=\"\" width=\"265\" height=\"233\" srcset=\"https:\/\/fjsp.org.br\/fjsp\/wp-content\/uploads\/2021\/03\/identidade-botao-retornar-amarelo.jpg 522w, https:\/\/fjsp.org.br\/fjsp\/wp-content\/uploads\/2021\/03\/identidade-botao-retornar-amarelo-280x246.jpg 280w, https:\/\/fjsp.org.br\/fjsp\/wp-content\/uploads\/2021\/03\/identidade-botao-retornar-amarelo-340x299.jpg 340w, https:\/\/fjsp.org.br\/fjsp\/wp-content\/uploads\/2021\/03\/identidade-botao-retornar-amarelo-220x193.jpg 220w, https:\/\/fjsp.org.br\/fjsp\/wp-content\/uploads\/2021\/03\/identidade-botao-retornar-amarelo-100x88.jpg 100w, https:\/\/fjsp.org.br\/fjsp\/wp-content\/uploads\/2021\/03\/identidade-botao-retornar-amarelo-130x114.jpg 130w, https:\/\/fjsp.org.br\/fjsp\/wp-content\/uploads\/2021\/03\/identidade-botao-retornar-amarelo-460x404.jpg 460w\" sizes=\"(max-width: 265px) 100vw, 265px\" \/><\/a><\/p>\n<p>&nbsp;<\/p>\n<p><a href=\"https:\/\/fjsp.org.br\/fjsp\/traducaoemfoco\/\"><img loading=\"lazy\" decoding=\"async\" class=\"img-responsive img-fluid wp-image-12452 aligncenter\" src=\"https:\/\/fjsp.org.br\/fjsp\/wp-content\/uploads\/2020\/08\/identidade-botao-09-09-09-09.png\" alt=\"\" width=\"387\" height=\"90\" srcset=\"https:\/\/fjsp.org.br\/fjsp\/wp-content\/uploads\/2020\/08\/identidade-botao-09-09-09-09.png 1158w, https:\/\/fjsp.org.br\/fjsp\/wp-content\/uploads\/2020\/08\/identidade-botao-09-09-09-09-280x65.png 280w, https:\/\/fjsp.org.br\/fjsp\/wp-content\/uploads\/2020\/08\/identidade-botao-09-09-09-09-768x178.png 768w, https:\/\/fjsp.org.br\/fjsp\/wp-content\/uploads\/2020\/08\/identidade-botao-09-09-09-09-340x79.png 340w, https:\/\/fjsp.org.br\/fjsp\/wp-content\/uploads\/2020\/08\/identidade-botao-09-09-09-09-220x51.png 220w, https:\/\/fjsp.org.br\/fjsp\/wp-content\/uploads\/2020\/08\/identidade-botao-09-09-09-09-100x23.png 100w, https:\/\/fjsp.org.br\/fjsp\/wp-content\/uploads\/2020\/08\/identidade-botao-09-09-09-09-130x30.png 130w, https:\/\/fjsp.org.br\/fjsp\/wp-content\/uploads\/2020\/08\/identidade-botao-09-09-09-09-460x107.png 460w\" sizes=\"(max-width: 387px) 100vw, 387px\" \/><\/a><\/p>\n<hr \/>\n<p><a href=\"https:\/\/fjsp.org.br\/fjsp\/traducaoemfoco_driksada\/\"><img loading=\"lazy\" decoding=\"async\" class=\"img-responsive img-fluid alignnone wp-image-13011\" src=\"https:\/\/fjsp.org.br\/fjsp\/wp-content\/uploads\/2020\/09\/identidade-botao-drik-2-01-01.png\" alt=\"\" width=\"270\" height=\"137\" srcset=\"https:\/\/fjsp.org.br\/fjsp\/wp-content\/uploads\/2020\/09\/identidade-botao-drik-2-01-01.png 1206w, https:\/\/fjsp.org.br\/fjsp\/wp-content\/uploads\/2020\/09\/identidade-botao-drik-2-01-01-280x142.png 280w, https:\/\/fjsp.org.br\/fjsp\/wp-content\/uploads\/2020\/09\/identidade-botao-drik-2-01-01-768x388.png 768w, https:\/\/fjsp.org.br\/fjsp\/wp-content\/uploads\/2020\/09\/identidade-botao-drik-2-01-01-340x172.png 340w, https:\/\/fjsp.org.br\/fjsp\/wp-content\/uploads\/2020\/09\/identidade-botao-drik-2-01-01-220x111.png 220w, https:\/\/fjsp.org.br\/fjsp\/wp-content\/uploads\/2020\/09\/identidade-botao-drik-2-01-01-100x51.png 100w, https:\/\/fjsp.org.br\/fjsp\/wp-content\/uploads\/2020\/09\/identidade-botao-drik-2-01-01-130x66.png 130w, https:\/\/fjsp.org.br\/fjsp\/wp-content\/uploads\/2020\/09\/identidade-botao-drik-2-01-01-460x233.png 460w\" sizes=\"(max-width: 270px) 100vw, 270px\" \/><\/a><a href=\"https:\/\/fjsp.org.br\/fjsp\/traducaoemfoco_licahashimoto\/\"><img loading=\"lazy\" decoding=\"async\" class=\"img-responsive img-fluid alignnone wp-image-13012\" src=\"https:\/\/fjsp.org.br\/fjsp\/wp-content\/uploads\/2020\/09\/identidade-botao-lica-2-01.png\" alt=\"\" width=\"270\" height=\"137\" srcset=\"https:\/\/fjsp.org.br\/fjsp\/wp-content\/uploads\/2020\/09\/identidade-botao-lica-2-01.png 1206w, https:\/\/fjsp.org.br\/fjsp\/wp-content\/uploads\/2020\/09\/identidade-botao-lica-2-01-280x142.png 280w, https:\/\/fjsp.org.br\/fjsp\/wp-content\/uploads\/2020\/09\/identidade-botao-lica-2-01-768x388.png 768w, https:\/\/fjsp.org.br\/fjsp\/wp-content\/uploads\/2020\/09\/identidade-botao-lica-2-01-340x172.png 340w, https:\/\/fjsp.org.br\/fjsp\/wp-content\/uploads\/2020\/09\/identidade-botao-lica-2-01-220x111.png 220w, https:\/\/fjsp.org.br\/fjsp\/wp-content\/uploads\/2020\/09\/identidade-botao-lica-2-01-100x51.png 100w, https:\/\/fjsp.org.br\/fjsp\/wp-content\/uploads\/2020\/09\/identidade-botao-lica-2-01-130x66.png 130w, https:\/\/fjsp.org.br\/fjsp\/wp-content\/uploads\/2020\/09\/identidade-botao-lica-2-01-460x233.png 460w\" sizes=\"(max-width: 270px) 100vw, 270px\" \/><\/a><a href=\"https:\/\/fjsp.org.br\/fjsp\/traducaoemfoco_stephaniehavir\/\"><img loading=\"lazy\" decoding=\"async\" class=\"img-responsive img-fluid alignnone wp-image-13159\" src=\"https:\/\/fjsp.org.br\/fjsp\/wp-content\/uploads\/2020\/10\/identidade-botao-stephanie-01.jpg\" alt=\"\" width=\"270\" height=\"137\" srcset=\"https:\/\/fjsp.org.br\/fjsp\/wp-content\/uploads\/2020\/10\/identidade-botao-stephanie-01.jpg 1206w, https:\/\/fjsp.org.br\/fjsp\/wp-content\/uploads\/2020\/10\/identidade-botao-stephanie-01-280x142.jpg 280w, https:\/\/fjsp.org.br\/fjsp\/wp-content\/uploads\/2020\/10\/identidade-botao-stephanie-01-768x388.jpg 768w, https:\/\/fjsp.org.br\/fjsp\/wp-content\/uploads\/2020\/10\/identidade-botao-stephanie-01-340x172.jpg 340w, https:\/\/fjsp.org.br\/fjsp\/wp-content\/uploads\/2020\/10\/identidade-botao-stephanie-01-220x111.jpg 220w, https:\/\/fjsp.org.br\/fjsp\/wp-content\/uploads\/2020\/10\/identidade-botao-stephanie-01-100x51.jpg 100w, https:\/\/fjsp.org.br\/fjsp\/wp-content\/uploads\/2020\/10\/identidade-botao-stephanie-01-130x66.jpg 130w, https:\/\/fjsp.org.br\/fjsp\/wp-content\/uploads\/2020\/10\/identidade-botao-stephanie-01-460x233.jpg 460w\" sizes=\"(max-width: 270px) 100vw, 270px\" \/><\/a><a href=\"https:\/\/fjsp.org.br\/fjsp\/traducaoemfoco_jaqueline_nabeta\/\"><img loading=\"lazy\" decoding=\"async\" class=\"img-responsive img-fluid alignnone wp-image-14288\" src=\"https:\/\/fjsp.org.br\/fjsp\/wp-content\/uploads\/2020\/12\/identidade-botao-jaqueline-nabeta-01.png\" alt=\"\" width=\"270\" height=\"137\" srcset=\"https:\/\/fjsp.org.br\/fjsp\/wp-content\/uploads\/2020\/12\/identidade-botao-jaqueline-nabeta-01.png 1206w, https:\/\/fjsp.org.br\/fjsp\/wp-content\/uploads\/2020\/12\/identidade-botao-jaqueline-nabeta-01-280x142.png 280w, https:\/\/fjsp.org.br\/fjsp\/wp-content\/uploads\/2020\/12\/identidade-botao-jaqueline-nabeta-01-768x388.png 768w, https:\/\/fjsp.org.br\/fjsp\/wp-content\/uploads\/2020\/12\/identidade-botao-jaqueline-nabeta-01-340x172.png 340w, https:\/\/fjsp.org.br\/fjsp\/wp-content\/uploads\/2020\/12\/identidade-botao-jaqueline-nabeta-01-220x111.png 220w, https:\/\/fjsp.org.br\/fjsp\/wp-content\/uploads\/2020\/12\/identidade-botao-jaqueline-nabeta-01-100x51.png 100w, https:\/\/fjsp.org.br\/fjsp\/wp-content\/uploads\/2020\/12\/identidade-botao-jaqueline-nabeta-01-130x66.png 130w, https:\/\/fjsp.org.br\/fjsp\/wp-content\/uploads\/2020\/12\/identidade-botao-jaqueline-nabeta-01-460x233.png 460w\" sizes=\"(max-width: 270px) 100vw, 270px\" \/><\/a><a href=\"https:\/\/fjsp.org.br\/fjsp\/traducaoemfoco_eunice_suenaga\/\"><img loading=\"lazy\" decoding=\"async\" class=\"img-responsive img-fluid alignnone wp-image-14445\" src=\"https:\/\/fjsp.org.br\/fjsp\/wp-content\/uploads\/2020\/12\/identidade-botao-eunice-suenaga-01.png\" alt=\"\" width=\"270\" height=\"137\" srcset=\"https:\/\/fjsp.org.br\/fjsp\/wp-content\/uploads\/2020\/12\/identidade-botao-eunice-suenaga-01.png 1206w, https:\/\/fjsp.org.br\/fjsp\/wp-content\/uploads\/2020\/12\/identidade-botao-eunice-suenaga-01-280x142.png 280w, https:\/\/fjsp.org.br\/fjsp\/wp-content\/uploads\/2020\/12\/identidade-botao-eunice-suenaga-01-768x388.png 768w, https:\/\/fjsp.org.br\/fjsp\/wp-content\/uploads\/2020\/12\/identidade-botao-eunice-suenaga-01-340x172.png 340w, https:\/\/fjsp.org.br\/fjsp\/wp-content\/uploads\/2020\/12\/identidade-botao-eunice-suenaga-01-220x111.png 220w, https:\/\/fjsp.org.br\/fjsp\/wp-content\/uploads\/2020\/12\/identidade-botao-eunice-suenaga-01-100x51.png 100w, https:\/\/fjsp.org.br\/fjsp\/wp-content\/uploads\/2020\/12\/identidade-botao-eunice-suenaga-01-130x66.png 130w, https:\/\/fjsp.org.br\/fjsp\/wp-content\/uploads\/2020\/12\/identidade-botao-eunice-suenaga-01-460x233.png 460w\" sizes=\"(max-width: 270px) 100vw, 270px\" \/><\/a><a href=\"https:\/\/fjsp.org.br\/fjsp\/traducaoemfoco_andrei_cunha\/\" target=\"_blank\" rel=\"noopener\"><img loading=\"lazy\" decoding=\"async\" class=\"img-responsive img-fluid alignnone wp-image-15285\" src=\"https:\/\/fjsp.org.br\/fjsp\/wp-content\/uploads\/2021\/01\/identidade-botao-andrei-cunha-01.png\" alt=\"\" width=\"270\" height=\"137\" srcset=\"https:\/\/fjsp.org.br\/fjsp\/wp-content\/uploads\/2021\/01\/identidade-botao-andrei-cunha-01.png 1206w, https:\/\/fjsp.org.br\/fjsp\/wp-content\/uploads\/2021\/01\/identidade-botao-andrei-cunha-01-280x142.png 280w, https:\/\/fjsp.org.br\/fjsp\/wp-content\/uploads\/2021\/01\/identidade-botao-andrei-cunha-01-768x388.png 768w, https:\/\/fjsp.org.br\/fjsp\/wp-content\/uploads\/2021\/01\/identidade-botao-andrei-cunha-01-340x172.png 340w, https:\/\/fjsp.org.br\/fjsp\/wp-content\/uploads\/2021\/01\/identidade-botao-andrei-cunha-01-220x111.png 220w, https:\/\/fjsp.org.br\/fjsp\/wp-content\/uploads\/2021\/01\/identidade-botao-andrei-cunha-01-100x51.png 100w, https:\/\/fjsp.org.br\/fjsp\/wp-content\/uploads\/2021\/01\/identidade-botao-andrei-cunha-01-130x66.png 130w, https:\/\/fjsp.org.br\/fjsp\/wp-content\/uploads\/2021\/01\/identidade-botao-andrei-cunha-01-460x233.png 460w\" sizes=\"(max-width: 270px) 100vw, 270px\" \/><\/a><a href=\"https:\/\/fjsp.org.br\/fjsp\/traducaoemfoco_rita_kohl\/\" target=\"_blank\" rel=\"noopener\"><img loading=\"lazy\" decoding=\"async\" class=\"img-responsive img-fluid alignnone wp-image-15741\" src=\"https:\/\/fjsp.org.br\/fjsp\/wp-content\/uploads\/2021\/02\/identidade-botao-rita-kohl.jpg\" alt=\"\" width=\"270\" height=\"136\" srcset=\"https:\/\/fjsp.org.br\/fjsp\/wp-content\/uploads\/2021\/02\/identidade-botao-rita-kohl.jpg 578w, https:\/\/fjsp.org.br\/fjsp\/wp-content\/uploads\/2021\/02\/identidade-botao-rita-kohl-280x141.jpg 280w, https:\/\/fjsp.org.br\/fjsp\/wp-content\/uploads\/2021\/02\/identidade-botao-rita-kohl-340x172.jpg 340w, https:\/\/fjsp.org.br\/fjsp\/wp-content\/uploads\/2021\/02\/identidade-botao-rita-kohl-220x111.jpg 220w, https:\/\/fjsp.org.br\/fjsp\/wp-content\/uploads\/2021\/02\/identidade-botao-rita-kohl-100x51.jpg 100w, https:\/\/fjsp.org.br\/fjsp\/wp-content\/uploads\/2021\/02\/identidade-botao-rita-kohl-130x66.jpg 130w, https:\/\/fjsp.org.br\/fjsp\/wp-content\/uploads\/2021\/02\/identidade-botao-rita-kohl-460x232.jpg 460w\" sizes=\"(max-width: 270px) 100vw, 270px\" \/><\/a><a href=\"https:\/\/fjsp.org.br\/fjsp\/traducaoemfoco_lidia_ivasa\/\"><img loading=\"lazy\" decoding=\"async\" class=\"img-responsive img-fluid alignnone wp-image-16542\" src=\"https:\/\/fjsp.org.br\/fjsp\/wp-content\/uploads\/2021\/04\/identidade-botao-lidia-ivasa.png\" alt=\"\" width=\"270\" height=\"136\" srcset=\"https:\/\/fjsp.org.br\/fjsp\/wp-content\/uploads\/2021\/04\/identidade-botao-lidia-ivasa.png 578w, https:\/\/fjsp.org.br\/fjsp\/wp-content\/uploads\/2021\/04\/identidade-botao-lidia-ivasa-280x141.png 280w, https:\/\/fjsp.org.br\/fjsp\/wp-content\/uploads\/2021\/04\/identidade-botao-lidia-ivasa-340x172.png 340w, https:\/\/fjsp.org.br\/fjsp\/wp-content\/uploads\/2021\/04\/identidade-botao-lidia-ivasa-220x111.png 220w, https:\/\/fjsp.org.br\/fjsp\/wp-content\/uploads\/2021\/04\/identidade-botao-lidia-ivasa-100x51.png 100w, https:\/\/fjsp.org.br\/fjsp\/wp-content\/uploads\/2021\/04\/identidade-botao-lidia-ivasa-130x66.png 130w, https:\/\/fjsp.org.br\/fjsp\/wp-content\/uploads\/2021\/04\/identidade-botao-lidia-ivasa-460x232.png 460w\" sizes=\"(max-width: 270px) 100vw, 270px\" \/><\/a><a href=\"https:\/\/fjsp.org.br\/fjsp\/traducaoemfoco_dirce_miyamura\/\"><img loading=\"lazy\" decoding=\"async\" class=\"img-responsive img-fluid alignnone wp-image-16696\" src=\"https:\/\/fjsp.org.br\/fjsp\/wp-content\/uploads\/2021\/05\/identidade-botao-dirce-miyamura.png\" alt=\"\" width=\"270\" height=\"136\" srcset=\"https:\/\/fjsp.org.br\/fjsp\/wp-content\/uploads\/2021\/05\/identidade-botao-dirce-miyamura.png 578w, https:\/\/fjsp.org.br\/fjsp\/wp-content\/uploads\/2021\/05\/identidade-botao-dirce-miyamura-280x141.png 280w, https:\/\/fjsp.org.br\/fjsp\/wp-content\/uploads\/2021\/05\/identidade-botao-dirce-miyamura-340x172.png 340w, https:\/\/fjsp.org.br\/fjsp\/wp-content\/uploads\/2021\/05\/identidade-botao-dirce-miyamura-220x111.png 220w, https:\/\/fjsp.org.br\/fjsp\/wp-content\/uploads\/2021\/05\/identidade-botao-dirce-miyamura-100x51.png 100w, https:\/\/fjsp.org.br\/fjsp\/wp-content\/uploads\/2021\/05\/identidade-botao-dirce-miyamura-130x66.png 130w, https:\/\/fjsp.org.br\/fjsp\/wp-content\/uploads\/2021\/05\/identidade-botao-dirce-miyamura-460x232.png 460w\" sizes=\"(max-width: 270px) 100vw, 270px\" \/><\/a><a href=\"https:\/\/fjsp.org.br\/fjsp\/traducaoemfoco_monica_okamoto\/\"><img loading=\"lazy\" decoding=\"async\" class=\"img-responsive img-fluid alignnone wp-image-16959\" src=\"https:\/\/fjsp.org.br\/fjsp\/wp-content\/uploads\/2021\/06\/identidade-botao-identidade-botao-monica-okamoto.png\" alt=\"\" width=\"270\" height=\"136\" srcset=\"https:\/\/fjsp.org.br\/fjsp\/wp-content\/uploads\/2021\/06\/identidade-botao-identidade-botao-monica-okamoto.png 578w, https:\/\/fjsp.org.br\/fjsp\/wp-content\/uploads\/2021\/06\/identidade-botao-identidade-botao-monica-okamoto-280x141.png 280w, https:\/\/fjsp.org.br\/fjsp\/wp-content\/uploads\/2021\/06\/identidade-botao-identidade-botao-monica-okamoto-340x172.png 340w, https:\/\/fjsp.org.br\/fjsp\/wp-content\/uploads\/2021\/06\/identidade-botao-identidade-botao-monica-okamoto-220x111.png 220w, https:\/\/fjsp.org.br\/fjsp\/wp-content\/uploads\/2021\/06\/identidade-botao-identidade-botao-monica-okamoto-100x51.png 100w, https:\/\/fjsp.org.br\/fjsp\/wp-content\/uploads\/2021\/06\/identidade-botao-identidade-botao-monica-okamoto-130x66.png 130w, https:\/\/fjsp.org.br\/fjsp\/wp-content\/uploads\/2021\/06\/identidade-botao-identidade-botao-monica-okamoto-460x232.png 460w\" sizes=\"(max-width: 270px) 100vw, 270px\" \/><\/a><a href=\"https:\/\/fjsp.org.br\/fjsp\/traducaoemfoco_diogo_kaupatez\/\"><img loading=\"lazy\" decoding=\"async\" class=\"img-responsive img-fluid alignnone wp-image-17145\" src=\"https:\/\/fjsp.org.br\/fjsp\/wp-content\/uploads\/2021\/07\/identidade-botao-identidade-botao-diogo-kaupatez.png\" alt=\"\" width=\"270\" height=\"136\" srcset=\"https:\/\/fjsp.org.br\/fjsp\/wp-content\/uploads\/2021\/07\/identidade-botao-identidade-botao-diogo-kaupatez.png 578w, https:\/\/fjsp.org.br\/fjsp\/wp-content\/uploads\/2021\/07\/identidade-botao-identidade-botao-diogo-kaupatez-280x141.png 280w, https:\/\/fjsp.org.br\/fjsp\/wp-content\/uploads\/2021\/07\/identidade-botao-identidade-botao-diogo-kaupatez-340x172.png 340w, https:\/\/fjsp.org.br\/fjsp\/wp-content\/uploads\/2021\/07\/identidade-botao-identidade-botao-diogo-kaupatez-220x111.png 220w, https:\/\/fjsp.org.br\/fjsp\/wp-content\/uploads\/2021\/07\/identidade-botao-identidade-botao-diogo-kaupatez-100x51.png 100w, https:\/\/fjsp.org.br\/fjsp\/wp-content\/uploads\/2021\/07\/identidade-botao-identidade-botao-diogo-kaupatez-130x66.png 130w, https:\/\/fjsp.org.br\/fjsp\/wp-content\/uploads\/2021\/07\/identidade-botao-identidade-botao-diogo-kaupatez-460x232.png 460w\" sizes=\"(max-width: 270px) 100vw, 270px\" \/><\/a><a href=\"https:\/\/fjsp.org.br\/fjsp\/traducaoemfoco_felipe_monte\/\"><img loading=\"lazy\" decoding=\"async\" class=\"img-responsive img-fluid  alignnone wp-image-17409\" src=\"https:\/\/fjsp.org.br\/fjsp\/wp-content\/uploads\/2021\/08\/identidade-botao-identidade-botao-felipe-monte-01.png\" alt=\"\" width=\"270\" height=\"137\" srcset=\"https:\/\/fjsp.org.br\/fjsp\/wp-content\/uploads\/2021\/08\/identidade-botao-identidade-botao-felipe-monte-01.png 579w, https:\/\/fjsp.org.br\/fjsp\/wp-content\/uploads\/2021\/08\/identidade-botao-identidade-botao-felipe-monte-01-280x142.png 280w, https:\/\/fjsp.org.br\/fjsp\/wp-content\/uploads\/2021\/08\/identidade-botao-identidade-botao-felipe-monte-01-340x172.png 340w, https:\/\/fjsp.org.br\/fjsp\/wp-content\/uploads\/2021\/08\/identidade-botao-identidade-botao-felipe-monte-01-220x111.png 220w, https:\/\/fjsp.org.br\/fjsp\/wp-content\/uploads\/2021\/08\/identidade-botao-identidade-botao-felipe-monte-01-100x51.png 100w, https:\/\/fjsp.org.br\/fjsp\/wp-content\/uploads\/2021\/08\/identidade-botao-identidade-botao-felipe-monte-01-130x66.png 130w, https:\/\/fjsp.org.br\/fjsp\/wp-content\/uploads\/2021\/08\/identidade-botao-identidade-botao-felipe-monte-01-460x233.png 460w\" sizes=\"(max-width: 270px) 100vw, 270px\" \/><\/a><\/p>\n<p>&nbsp;<\/p>\n<p>&nbsp;<\/p>\n<h6 style=\"text-align: left\"><span style=\"color: #000000\">*Os usos de imagens e conte\u00fados desta p\u00e1gina s\u00e3o exclusivamente para fins educacionais e de divulga\u00e7\u00e3o de cultura japonesa, sem fins comerciais.<\/span><\/h6>\n","protected":false},"excerpt":{"rendered":"<p>Tradu\u00e7\u00e3o em Foco &gt; Posf\u00e1cio &nbsp; Primeiramente, gostaria de agradecer do fundo do meu cora\u00e7\u00e3o a todos que leram at\u00e9 aqui. Apesar de ter sido um espa\u00e7o gentilmente cedido pela Funda\u00e7\u00e3o Jap\u00e3o, eu praticamente fiz um blog pessoal do que um artigo informativo. Infelizmente, tenho plena consci\u00eancia de que meus textos acabam ficando confusos, principalmente [&hellip;]<\/p>\n","protected":false},"author":34,"featured_media":0,"parent":0,"menu_order":0,"comment_status":"closed","ping_status":"closed","template":"","meta":{"_acf_changed":false,"footnotes":""},"class_list":["post-16042","page","type-page","status-publish","hentry"],"acf":[],"_links":{"self":[{"href":"https:\/\/fjsp.org.br\/fjsp\/wp-json\/wp\/v2\/pages\/16042","targetHints":{"allow":["GET"]}}],"collection":[{"href":"https:\/\/fjsp.org.br\/fjsp\/wp-json\/wp\/v2\/pages"}],"about":[{"href":"https:\/\/fjsp.org.br\/fjsp\/wp-json\/wp\/v2\/types\/page"}],"author":[{"embeddable":true,"href":"https:\/\/fjsp.org.br\/fjsp\/wp-json\/wp\/v2\/users\/34"}],"replies":[{"embeddable":true,"href":"https:\/\/fjsp.org.br\/fjsp\/wp-json\/wp\/v2\/comments?post=16042"}],"version-history":[{"count":2,"href":"https:\/\/fjsp.org.br\/fjsp\/wp-json\/wp\/v2\/pages\/16042\/revisions"}],"predecessor-version":[{"id":17414,"href":"https:\/\/fjsp.org.br\/fjsp\/wp-json\/wp\/v2\/pages\/16042\/revisions\/17414"}],"wp:attachment":[{"href":"https:\/\/fjsp.org.br\/fjsp\/wp-json\/wp\/v2\/media?parent=16042"}],"curies":[{"name":"wp","href":"https:\/\/api.w.org\/{rel}","templated":true}]}}