{"id":16216,"date":"2021-04-01T11:20:52","date_gmt":"2021-04-01T14:20:52","guid":{"rendered":"https:\/\/fjsp.org.br\/fjsp\/?page_id=16216"},"modified":"2021-04-01T13:10:51","modified_gmt":"2021-04-01T16:10:51","slug":"musica-no-castelo-jumei-tokumaru-ing","status":"publish","type":"page","link":"https:\/\/fjsp.org.br\/fjsp\/musica-no-castelo-jumei-tokumaru-ing\/","title":{"rendered":"Jumei Tokumaru (Shakuhachi)\u00a0"},"content":{"rendered":"<h5 style=\"text-align: right;\"><a href=\"https:\/\/fjsp.org.br\/fjsp\/musica-no-castelo-jumei-tokumaru\/\">Portugu\u00eas<\/a> | <a href=\"https:\/\/fjsp.org.br\/fjsp\/musica-no-castelo-jumei-tokumaru-jap\/\">\u65e5\u672c\u8a9e<\/a> | <a href=\"https:\/\/fjsp.org.br\/fjsp\/musica-no-castelo-jumei-tokumaru-esp\/\">Espa\u00f1ol<\/a><\/h5>\n<p>&nbsp;<\/p>\n<p><img fetchpriority=\"high\" decoding=\"async\" class=\"img-responsive img-fluid wp-image-12587 aligncenter\" src=\"https:\/\/fjsp.org.br\/fjsp\/wp-content\/uploads\/2020\/08\/jumei-site1.jpg\" sizes=\"(max-width: 600px) 100vw, 600px\" srcset=\"https:\/\/fjsp.org.br\/fjsp\/wp-content\/uploads\/2020\/08\/jumei-site1.jpg 1000w, https:\/\/fjsp.org.br\/fjsp\/wp-content\/uploads\/2020\/08\/jumei-site1-280x187.jpg 280w, https:\/\/fjsp.org.br\/fjsp\/wp-content\/uploads\/2020\/08\/jumei-site1-768x512.jpg 768w, https:\/\/fjsp.org.br\/fjsp\/wp-content\/uploads\/2020\/08\/jumei-site1-340x227.jpg 340w, https:\/\/fjsp.org.br\/fjsp\/wp-content\/uploads\/2020\/08\/jumei-site1-220x147.jpg 220w, https:\/\/fjsp.org.br\/fjsp\/wp-content\/uploads\/2020\/08\/jumei-site1-100x67.jpg 100w, https:\/\/fjsp.org.br\/fjsp\/wp-content\/uploads\/2020\/08\/jumei-site1-130x87.jpg 130w, https:\/\/fjsp.org.br\/fjsp\/wp-content\/uploads\/2020\/08\/jumei-site1-460x307.jpg 460w\" alt=\"\" width=\"600\" height=\"400\" \/><\/p>\n<p>&nbsp;<\/p>\n<p><span data-contrast=\"auto\">The first concert of the <\/span><span data-contrast=\"auto\">Music in the Castle<\/span> <span data-contrast=\"auto\">(<\/span><i><span data-contrast=\"auto\">M\u00fasica no Castel<\/span><\/i><i><span data-contrast=\"auto\">o<\/span><\/i><span data-contrast=\"auto\">) <\/span><span data-contrast=\"auto\">project, held by <\/span><i><span data-contrast=\"auto\">Funda\u00e7\u00e3o Jap\u00e3o<\/span><\/i> <span data-contrast=\"auto\">(<\/span><span data-contrast=\"auto\">The <\/span><span data-contrast=\"auto\">Japan Foundation<\/span><span data-contrast=\"auto\">)<\/span><span data-contrast=\"auto\">, will be dedicated to the \u201c<\/span><i><span data-contrast=\"auto\">shakuhachi<\/span><\/i><span data-contrast=\"auto\">\u201d, a traditional Japanese bamboo flute, <\/span><span data-contrast=\"auto\">performed by<\/span><span data-contrast=\"auto\"> the Japanese master Jumei Tokumaru.<\/span><span data-ccp-props=\"{&quot;335551550&quot;:6,&quot;335551620&quot;:6}\">\u00a0<\/span><\/p>\n<p><span data-contrast=\"auto\">This rustic instrument, with five holes, was introduced in Japan<\/span><span data-contrast=\"auto\"> along<\/span><span data-contrast=\"auto\"> with<\/span><span data-contrast=\"auto\"> the imperial<\/span><span data-contrast=\"auto\"> court music, which we call \u201c<\/span><i><span data-contrast=\"auto\">Gagaku<\/span><\/i><span data-contrast=\"auto\">\u201d.<\/span><span data-ccp-props=\"{&quot;335551550&quot;:6,&quot;335551620&quot;:6}\">\u00a0<\/span><\/p>\n<p><span data-contrast=\"auto\">Gagaku is a t<\/span><span data-contrast=\"auto\">ype of classical Japanese music, as well as <\/span><span data-contrast=\"auto\">a term used for the court o<\/span><span data-contrast=\"auto\">rchestra formed by wind, string,<\/span><span data-contrast=\"auto\"> and percussion<\/span><span data-contrast=\"auto\"> instruments<\/span><span data-contrast=\"auto\">, which was performed at the Imperial Court in Kyoto for several centuries.<\/span><span data-ccp-props=\"{&quot;335551550&quot;:6,&quot;335551620&quot;:6}\">\u00a0<\/span><\/p>\n<p><span data-contrast=\"auto\">Gagaku music consists of native Shinto songs, religious and folk dances called <\/span><i><span data-contrast=\"auto\">kuniburi no utamai<\/span><\/i><span data-contrast=\"auto\">, a <\/span><i><span data-contrast=\"auto\">koguryo<\/span><\/i><span data-contrast=\"auto\"> or <\/span><i><span data-contrast=\"auto\">goguryo<\/span><\/i><span data-contrast=\"auto\"> form, which was an ancient Korean kingdom, located in the central-northern regions of the Korean peninsula <\/span><span data-contrast=\"auto\">in the south of <\/span><span data-contrast=\"auto\">Manchuria.<\/span><span data-ccp-props=\"{&quot;335551550&quot;:6,&quot;335551620&quot;:6}\">\u00a0<\/span><\/p>\n<p><span data-contrast=\"auto\">But the <\/span><i><span data-contrast=\"auto\">Gagaku<\/span><\/i><span data-contrast=\"auto\"> that entered Japan arrived through<\/span><span data-contrast=\"auto\"> China, at the same time that new <\/span><span data-contrast=\"auto\">rice cultivation <\/span><span data-contrast=\"auto\">techniques <\/span><span data-contrast=\"auto\">and Buddhism <\/span><span data-contrast=\"auto\">composed<\/span><span data-contrast=\"auto\"> this Chinese cultural package, which would change Japanese society.<\/span><span data-ccp-props=\"{&quot;335551550&quot;:6,&quot;335551620&quot;:6}\">\u00a0<\/span><\/p>\n<p><span data-contrast=\"auto\">\u00a0<\/span><span data-ccp-props=\"{&quot;335551550&quot;:6,&quot;335551620&quot;:6}\">\u00a0<\/span><\/p>\n<h3><strong>Shakuhachi\u00a0<\/strong><\/h3>\n<p><span data-contrast=\"auto\">The <\/span><i><span data-contrast=\"auto\">shakuhachi<\/span><\/i><span data-contrast=\"auto\"> was one of the wind instruments in this musical <\/span><span data-contrast=\"auto\">set<\/span><span data-contrast=\"auto\">. The most common size is 1.8 <\/span><i><span data-contrast=\"auto\">shaku<\/span><\/i><span data-contrast=\"auto\"> (1 <\/span><i><span data-contrast=\"auto\">shaku<\/span><\/i><span data-contrast=\"auto\"> = 30 centimeters). The type of bamboo used is <\/span><span data-contrast=\"auto\">the <\/span><span data-contrast=\"auto\">\u201c<\/span><i><span data-contrast=\"auto\">Madake<\/span><\/i><span data-contrast=\"auto\">\u201d, a very rigid bamboo quality, with thick walls, <\/span><span data-contrast=\"auto\">rendering<\/span><span data-contrast=\"auto\"> the instrument <\/span><span data-contrast=\"auto\">sound quality and depth<\/span><span data-contrast=\"auto\">.<\/span><span data-ccp-props=\"{&quot;335551550&quot;:6,&quot;335551620&quot;:6}\">\u00a0<\/span><\/p>\n<p>&nbsp;<\/p>\n<p><span data-ccp-props=\"{&quot;335551550&quot;:6,&quot;335551620&quot;:6}\"> <img decoding=\"async\" class=\"img-responsive img-fluid wp-image-12586 aligncenter\" src=\"https:\/\/fjsp.org.br\/fjsp\/wp-content\/uploads\/2020\/08\/shakuhachi-vertical.jpeg\" sizes=\"(max-width: 300px) 100vw, 300px\" srcset=\"https:\/\/fjsp.org.br\/fjsp\/wp-content\/uploads\/2020\/08\/shakuhachi-vertical.jpeg 960w, https:\/\/fjsp.org.br\/fjsp\/wp-content\/uploads\/2020\/08\/shakuhachi-vertical-280x373.jpeg 280w, https:\/\/fjsp.org.br\/fjsp\/wp-content\/uploads\/2020\/08\/shakuhachi-vertical-768x1024.jpeg 768w, https:\/\/fjsp.org.br\/fjsp\/wp-content\/uploads\/2020\/08\/shakuhachi-vertical-340x453.jpeg 340w, https:\/\/fjsp.org.br\/fjsp\/wp-content\/uploads\/2020\/08\/shakuhachi-vertical-220x293.jpeg 220w, https:\/\/fjsp.org.br\/fjsp\/wp-content\/uploads\/2020\/08\/shakuhachi-vertical-100x133.jpeg 100w, https:\/\/fjsp.org.br\/fjsp\/wp-content\/uploads\/2020\/08\/shakuhachi-vertical-130x173.jpeg 130w, https:\/\/fjsp.org.br\/fjsp\/wp-content\/uploads\/2020\/08\/shakuhachi-vertical-460x613.jpeg 460w\" alt=\"\" width=\"300\" height=\"400\" \/><\/span><\/p>\n<p>&nbsp;<\/p>\n<p><span data-contrast=\"auto\">Its<\/span><span data-contrast=\"auto\"> natural scale is a D<\/span><span data-contrast=\"auto\"> pentatonic, that is, we have D\/F\/G\/A\/<\/span><span data-contrast=\"auto\">C, but it is pos<\/span><span data-contrast=\"auto\">sible to play other scales by changing <\/span><span data-contrast=\"auto\">the angle of the<\/span><span data-contrast=\"auto\"> emboucher<\/span><span data-contrast=\"auto\"> and different finger positions.<\/span><span data-ccp-props=\"{&quot;335551550&quot;:6,&quot;335551620&quot;:6}\">\u00a0<\/span><\/p>\n<p><span data-contrast=\"auto\">There are also other types of <\/span><i><span data-contrast=\"auto\">s<\/span><\/i><i><span data-contrast=\"auto\">hakuhachi<\/span><\/i><i><span data-contrast=\"auto\">s<\/span><\/i><span data-contrast=\"auto\">, with different lengths, <\/span><span data-contrast=\"auto\">that produce<\/span><span data-contrast=\"auto\"> the same pentatonic scale in<\/span><span data-contrast=\"auto\"> different<\/span><span data-contrast=\"auto\"> note<\/span><span data-contrast=\"auto\"> pitches.<\/span><span data-ccp-props=\"{&quot;335551550&quot;:6,&quot;335551620&quot;:6}\">\u00a0<\/span><\/p>\n<p><span data-contrast=\"auto\">In addition to the <\/span><span data-contrast=\"auto\">court <\/span><span data-contrast=\"auto\">songs, which were not <\/span><span data-contrast=\"auto\">performed<\/span><span data-contrast=\"auto\"> in public, there are compositions for <\/span><span data-contrast=\"auto\">the <\/span><i><span data-contrast=\"auto\">shakuhachi<\/span><\/i><span data-contrast=\"auto\"> dating from the Nara era, <\/span><span data-contrast=\"auto\">in the <\/span><span data-contrast=\"auto\">7<\/span><span data-contrast=\"auto\">th<\/span> <span data-contrast=\"auto\">century. <\/span><span data-contrast=\"auto\">The <\/span><i><span data-contrast=\"auto\">s<\/span><\/i><i><span data-contrast=\"auto\">hakuhachi<\/span><\/i><span data-contrast=\"auto\"> was played as part of Zen Buddhism ceremonies and practices, more specifically in the Japanese <\/span><span data-contrast=\"auto\">Fuke sect<\/span><span data-contrast=\"auto\">. It was the favorite instrument of the pilgrim <\/span><span data-contrast=\"auto\">monks,<\/span> <span data-contrast=\"auto\">known <\/span><span data-contrast=\"auto\">as<\/span><span data-contrast=\"auto\"> \u201c<\/span><i><span data-contrast=\"auto\">komuso<\/span><\/i><span data-contrast=\"auto\">\u201d, who wore a large basket-shaped hat. On<\/span><span data-contrast=\"auto\">e of the translations for these players<\/span><span data-contrast=\"auto\"> would be: \u201cpriests of <\/span><span data-contrast=\"auto\">nothingness<\/span><span data-contrast=\"auto\">\u201d, that is, <\/span><span data-contrast=\"auto\">no showing of their face a<\/span><span data-contrast=\"auto\"> total<\/span><span data-contrast=\"auto\"> lack<\/span><span data-contrast=\"auto\"> of ego.<\/span><span data-ccp-props=\"{&quot;335551550&quot;:6,&quot;335551620&quot;:6}\">\u00a0<\/span><\/p>\n<p><span data-contrast=\"auto\">At the beginning of the Edo period, in the 17<\/span><span data-contrast=\"auto\">th<\/span><span data-contrast=\"auto\"> century, the Kinko school emerged, which, without losing <\/span><span data-contrast=\"auto\">its <\/span><span data-contrast=\"auto\">religious aspects, started to use the instrument purely for music.<\/span><span data-ccp-props=\"{&quot;335551550&quot;:6,&quot;335551620&quot;:6}\">\u00a0<\/span><\/p>\n<p><span data-contrast=\"auto\">Samurai Monk Kinko Kurosawa is the founder of this school. He <\/span><span data-contrast=\"auto\">traveled across<\/span><span data-contrast=\"auto\"> Japan visiting and collecting songs in different Zen Buddhist t<\/span><span data-contrast=\"auto\">emples and, from these records, the first notes then<\/span><span data-contrast=\"auto\"> became music<\/span><span data-contrast=\"auto\">al scores<\/span><span data-contrast=\"auto\">, creating <\/span><span data-contrast=\"auto\">the <\/span><span data-contrast=\"auto\">\u201c<\/span><i><span data-contrast=\"auto\">Honkyoku<\/span><\/i><span data-contrast=\"auto\">\u201d, the original <\/span><span data-contrast=\"auto\">music<\/span><span data-contrast=\"auto\"> for<\/span><span data-contrast=\"auto\"> the<\/span> <i><span data-contrast=\"auto\">shakuhachi<\/span><\/i><span data-contrast=\"auto\">. Altogether, there are 36 songs or solo songs.<\/span><span data-ccp-props=\"{&quot;335551550&quot;:6,&quot;335551620&quot;:6}\">\u00a0<\/span><\/p>\n<p>&nbsp;<\/p>\n<p><span data-ccp-props=\"{&quot;335551550&quot;:6,&quot;335551620&quot;:6}\"> <img decoding=\"async\" class=\"img-responsive img-fluid wp-image-12592 aligncenter\" src=\"https:\/\/fjsp.org.br\/fjsp\/wp-content\/uploads\/2020\/08\/shakuhachi-lateral.jpg\" sizes=\"(max-width: 520px) 100vw, 520px\" srcset=\"https:\/\/fjsp.org.br\/fjsp\/wp-content\/uploads\/2020\/08\/shakuhachi-lateral.jpg 567w, https:\/\/fjsp.org.br\/fjsp\/wp-content\/uploads\/2020\/08\/shakuhachi-lateral-280x119.jpg 280w, https:\/\/fjsp.org.br\/fjsp\/wp-content\/uploads\/2020\/08\/shakuhachi-lateral-340x145.jpg 340w, https:\/\/fjsp.org.br\/fjsp\/wp-content\/uploads\/2020\/08\/shakuhachi-lateral-220x94.jpg 220w, https:\/\/fjsp.org.br\/fjsp\/wp-content\/uploads\/2020\/08\/shakuhachi-lateral-100x43.jpg 100w, https:\/\/fjsp.org.br\/fjsp\/wp-content\/uploads\/2020\/08\/shakuhachi-lateral-130x55.jpg 130w, https:\/\/fjsp.org.br\/fjsp\/wp-content\/uploads\/2020\/08\/shakuhachi-lateral-460x196.jpg 460w\" alt=\"\" width=\"520\" height=\"221\" \/><\/span><\/p>\n<p><span data-ccp-props=\"{&quot;335551550&quot;:6,&quot;335551620&quot;:6}\">\u00a0<\/span><\/p>\n<p><span data-contrast=\"auto\">About a hundred years ago, a new school, \u201c<\/span><i><span data-contrast=\"auto\">Tozan Ryu<\/span><\/i><span data-contrast=\"auto\">\u201d,<\/span><span data-contrast=\"auto\"> came along<\/span><span data-contrast=\"auto\">. There are differences in the techn<\/span><span data-contrast=\"auto\">ique of playing the instruments, as well as <\/span><span data-contrast=\"auto\">in the structure, such as placing the fifth hole in a lower position.<\/span><span data-ccp-props=\"{&quot;335551550&quot;:6,&quot;335551620&quot;:6}\">\u00a0<\/span><\/p>\n<p><span data-contrast=\"auto\">T<\/span><span data-contrast=\"auto\">his more modern style was responsible for <\/span><span data-contrast=\"auto\">broadening <\/span><span data-contrast=\"auto\">the <\/span><i><span data-contrast=\"auto\">shakuhachi<\/span><\/i><span data-contrast=\"auto\"> repertoire beyond traditional songs. It is worth remembering the great master of the <\/span><i><span data-contrast=\"auto\">tozan<\/span><\/i><span data-contrast=\"auto\"> style, Yamamoto Hoza<\/span><span data-contrast=\"auto\">n, who released an album<\/span> <span data-contrast=\"auto\">in the 70s <\/span><span data-contrast=\"auto\">playing jazz <\/span><span data-contrast=\"auto\">with<\/span><span data-contrast=\"auto\"> the<\/span> <i><span data-contrast=\"auto\">shakuhachi<\/span><\/i><span data-contrast=\"auto\">. The <\/span><span data-contrast=\"auto\">album, an <\/span><span data-contrast=\"auto\">LP, released in the United States and Japan, in addition t<\/span><span data-contrast=\"auto\">o the novelty of this <\/span><span data-contrast=\"auto\">\u201c<\/span><span data-contrast=\"auto\">fusion<\/span><span data-contrast=\"auto\">\u201d<\/span><span data-contrast=\"auto\">, was responsible for <\/span><span data-contrast=\"auto\">promoting<\/span><span data-contrast=\"auto\"> of <\/span><i><span data-contrast=\"auto\">shakuhachi<\/span><\/i><span data-contrast=\"auto\"> outside Japan.<\/span><span data-ccp-props=\"{&quot;335551550&quot;:6,&quot;335551620&quot;:6}\">\u00a0<\/span><\/p>\n<p><span data-ccp-props=\"{&quot;335551550&quot;:6,&quot;335551620&quot;:6}\">\u00a0<\/span><\/p>\n<h3><strong>Jumei Tokumaru\u00a0<\/strong><\/h3>\n<p><span data-contrast=\"auto\">\u00a0<\/span><span data-ccp-props=\"{&quot;335551550&quot;:6,&quot;335551620&quot;:6}\"><img loading=\"lazy\" decoding=\"async\" class=\"img-responsive img-fluid alignnone wp-image-12588\" src=\"https:\/\/fjsp.org.br\/fjsp\/wp-content\/uploads\/2020\/08\/jumei-site2.jpg\" sizes=\"(max-width: 300px) 100vw, 300px\" srcset=\"https:\/\/fjsp.org.br\/fjsp\/wp-content\/uploads\/2020\/08\/jumei-site2.jpg 1000w, https:\/\/fjsp.org.br\/fjsp\/wp-content\/uploads\/2020\/08\/jumei-site2-280x420.jpg 280w, https:\/\/fjsp.org.br\/fjsp\/wp-content\/uploads\/2020\/08\/jumei-site2-768x1152.jpg 768w, https:\/\/fjsp.org.br\/fjsp\/wp-content\/uploads\/2020\/08\/jumei-site2-340x510.jpg 340w, https:\/\/fjsp.org.br\/fjsp\/wp-content\/uploads\/2020\/08\/jumei-site2-220x330.jpg 220w, https:\/\/fjsp.org.br\/fjsp\/wp-content\/uploads\/2020\/08\/jumei-site2-100x150.jpg 100w, https:\/\/fjsp.org.br\/fjsp\/wp-content\/uploads\/2020\/08\/jumei-site2-130x195.jpg 130w, https:\/\/fjsp.org.br\/fjsp\/wp-content\/uploads\/2020\/08\/jumei-site2-460x690.jpg 460w\" alt=\"\" width=\"300\" height=\"450\" \/><\/span><\/p>\n<p>&nbsp;<\/p>\n<p><span data-contrast=\"auto\">Master Jumei Tokumaru learned to play <\/span><span data-contrast=\"auto\">the <\/span><i><span data-contrast=\"auto\">Kinko-ryu shakuhachi<\/span><\/i><span data-contrast=\"auto\"> with his father <\/span><span data-contrast=\"auto\">as<\/span><span data-contrast=\"auto\"> a child. He graduated from Tokyo University of Fine Arts, with a <\/span><span data-contrast=\"auto\">Master&#8217;s <\/span><span data-contrast=\"auto\">degree in <\/span><i><span data-contrast=\"auto\">shakuhachi<\/span><\/i><span data-contrast=\"auto\">. As a student, he studied with Goro Yamaguchi, a <\/span><span data-contrast=\"auto\">Living National Treasure<\/span><span data-contrast=\"auto\">. He <\/span><span data-contrast=\"auto\">has<\/span><span data-contrast=\"auto\"> already<\/span><span data-contrast=\"auto\"> performed in Europe, <\/span><span data-contrast=\"auto\">the USA<\/span><span data-contrast=\"auto\">, Russia, India, Africa<\/span><span data-contrast=\"auto\">,<\/span><span data-contrast=\"auto\"> and many other countries around the world. He also teaches younger students at<\/span><span data-contrast=\"auto\"> the<\/span><span data-contrast=\"auto\"> Tokyo University of Arts, in the Department of Traditional Japanese <\/span><i><span data-contrast=\"auto\">Shakuhachi<\/span><\/i> <span data-contrast=\"auto\">Music. <\/span><span data-contrast=\"auto\">In 2007, h<\/span><span data-contrast=\"auto\">e received the 58<\/span><span data-contrast=\"auto\">th<\/span><span data-contrast=\"auto\"> Art Incentive Award from the Minister of Education, Culture, Sports, Science and Technology<\/span><span data-contrast=\"auto\"> and in 2008, h<\/span><span data-contrast=\"auto\">e was <\/span><span data-contrast=\"auto\">granted<\/span><span data-contrast=\"auto\"> the <\/span><span data-contrast=\"auto\">Culture Incentive Award\u00a0<\/span><span data-contrast=\"auto\"> of the City of <\/span><span data-contrast=\"auto\">Edogawa in 2008, <\/span><span data-contrast=\"auto\">and the <\/span><span data-contrast=\"auto\">\u201cKinko-Ryu Shakuhachi Tokumaru Jumei\u201d <\/span><span data-contrast=\"auto\">CD <\/span><span data-contrast=\"auto\">(Traditional Culture Victor Foundation) and <\/span><span data-contrast=\"auto\">\u201c<\/span><span data-contrast=\"auto\">Yugen naru Hibiki: Shakuhachi<\/span><span data-contrast=\"auto\"> by Yamaguchi Goro and his life<\/span><span data-contrast=\"auto\">\u201d<\/span><span data-contrast=\"auto\"> (Geijutsu Shuppan-S<\/span><span data-contrast=\"auto\">ha). <\/span><span data-contrast=\"auto\">Master Jumei Tokumaru<\/span><span data-contrast=\"auto\"> is the leader of the Kinko style of <\/span><i><span data-contrast=\"auto\">shakuhachi-Gado-ka<\/span><\/i><span data-contrast=\"auto\">.<\/span><span data-ccp-props=\"{&quot;335551550&quot;:6,&quot;335551620&quot;:6}\">\u00a0<\/span><\/p>\n<p><span data-contrast=\"auto\">T<\/span><span data-contrast=\"auto\">okumaru was one of the <\/span><span data-contrast=\"auto\">foremost<\/span><span data-contrast=\"auto\"> students of maste<\/span><span data-contrast=\"auto\">r Goro Yamaguchi and an expert i<\/span><span data-contrast=\"auto\">n \u201c<\/span><i><span data-contrast=\"auto\">Honkyoku<\/span><\/i><span data-contrast=\"auto\">\u201d, the original <\/span><span data-contrast=\"auto\">music<\/span><span data-contrast=\"auto\"> for <\/span><i><span data-contrast=\"auto\">shakuhachi<\/span><\/i><span data-contrast=\"auto\">. He is a member of the Chikumeisha Association of Japan. In this concert, he will <\/span><span data-contrast=\"auto\">perform<\/span><span data-contrast=\"auto\"> two pieces from the Honkyoku repertoire: \u201cHifumi Hachigaeshi no Shirabe\u201d, the first Honkyoku piece we learned, and \u201cSokaku Reibo\u201d, a<\/span> <span data-contrast=\"auto\">difficult<\/span> <span data-contrast=\"auto\">piece<\/span><span data-contrast=\"auto\"> to interpret, which was recorded by the master Goro Yamaguchi<\/span><span data-contrast=\"auto\">; it<\/span><span data-contrast=\"auto\"> is traveling in outer space, on the Voyager II spacecraft, launched on August 20, 1977.<\/span><span data-ccp-props=\"{&quot;335551550&quot;:6,&quot;335551620&quot;:6}\">\u00a0<\/span><\/p>\n<p><span data-ccp-props=\"{&quot;335551550&quot;:6,&quot;335551620&quot;:6}\">\u00a0<\/span><\/p>\n<p><img loading=\"lazy\" decoding=\"async\" class=\"img-responsive img-fluid wp-image-12591 aligncenter\" src=\"https:\/\/fjsp.org.br\/fjsp\/wp-content\/uploads\/2020\/08\/jumei-site5.jpg\" sizes=\"(max-width: 600px) 100vw, 600px\" srcset=\"https:\/\/fjsp.org.br\/fjsp\/wp-content\/uploads\/2020\/08\/jumei-site5.jpg 1000w, https:\/\/fjsp.org.br\/fjsp\/wp-content\/uploads\/2020\/08\/jumei-site5-280x187.jpg 280w, https:\/\/fjsp.org.br\/fjsp\/wp-content\/uploads\/2020\/08\/jumei-site5-768x512.jpg 768w, https:\/\/fjsp.org.br\/fjsp\/wp-content\/uploads\/2020\/08\/jumei-site5-340x227.jpg 340w, https:\/\/fjsp.org.br\/fjsp\/wp-content\/uploads\/2020\/08\/jumei-site5-220x147.jpg 220w, https:\/\/fjsp.org.br\/fjsp\/wp-content\/uploads\/2020\/08\/jumei-site5-100x67.jpg 100w, https:\/\/fjsp.org.br\/fjsp\/wp-content\/uploads\/2020\/08\/jumei-site5-130x87.jpg 130w, https:\/\/fjsp.org.br\/fjsp\/wp-content\/uploads\/2020\/08\/jumei-site5-460x307.jpg 460w\" alt=\"\" width=\"600\" height=\"400\" \/><\/p>\n<p>&nbsp;<\/p>\n<p><span data-contrast=\"auto\">Watch Jumei Tokumaru<\/span><span data-contrast=\"auto\">&#8216;s <\/span><span data-contrast=\"auto\">performance<\/span><span data-contrast=\"auto\"> in the <\/span><span data-contrast=\"auto\">Music in the Castle<\/span> <span data-contrast=\"auto\">project.<\/span><span data-ccp-props=\"{&quot;335551550&quot;:6,&quot;335551620&quot;:6}\">\u00a0<\/span><\/p>\n<p>&nbsp;<\/p>\n<div class='cleaner'><\/div>\n<div class='videoWrapper embed-responsive embed-responsive-16by9 ratio ratio-16x9'><iframe title=\"Projeto M\u00fasica no Castelo - JUMEI TOKUMARU (Shakuhachi)\" width=\"700\" height=\"394\" src=\"https:\/\/www.youtube.com\/embed\/7ClLfCWx3QA?feature=oembed\" frameborder=\"0\" allow=\"accelerometer; autoplay; clipboard-write; encrypted-media; gyroscope; picture-in-picture\" allowfullscreen><\/iframe><\/div>\n<p>&nbsp;<\/p>\n<h3 style=\"text-align: center;\"><a href=\"https:\/\/fjsp.org.br\/fjsp\/agenda\/music-in-the-castle\/\"><strong>Music in the Castle<\/strong><\/a><\/h3>\n","protected":false},"excerpt":{"rendered":"<p>Portugu\u00eas | \u65e5\u672c\u8a9e | Espa\u00f1ol &nbsp; &nbsp; The first concert of the Music in the Castle (M\u00fasica no Castelo) project, held by Funda\u00e7\u00e3o Jap\u00e3o (The Japan Foundation), will be dedicated to the \u201cshakuhachi\u201d, a traditional Japanese bamboo flute, performed by the Japanese master Jumei Tokumaru.\u00a0 This rustic instrument, with five holes, was introduced in Japan [&hellip;]<\/p>\n","protected":false},"author":1,"featured_media":0,"parent":0,"menu_order":0,"comment_status":"closed","ping_status":"closed","template":"","meta":{"_acf_changed":false,"footnotes":""},"class_list":["post-16216","page","type-page","status-publish","hentry"],"acf":[],"_links":{"self":[{"href":"https:\/\/fjsp.org.br\/fjsp\/wp-json\/wp\/v2\/pages\/16216","targetHints":{"allow":["GET"]}}],"collection":[{"href":"https:\/\/fjsp.org.br\/fjsp\/wp-json\/wp\/v2\/pages"}],"about":[{"href":"https:\/\/fjsp.org.br\/fjsp\/wp-json\/wp\/v2\/types\/page"}],"author":[{"embeddable":true,"href":"https:\/\/fjsp.org.br\/fjsp\/wp-json\/wp\/v2\/users\/1"}],"replies":[{"embeddable":true,"href":"https:\/\/fjsp.org.br\/fjsp\/wp-json\/wp\/v2\/comments?post=16216"}],"version-history":[{"count":2,"href":"https:\/\/fjsp.org.br\/fjsp\/wp-json\/wp\/v2\/pages\/16216\/revisions"}],"predecessor-version":[{"id":16237,"href":"https:\/\/fjsp.org.br\/fjsp\/wp-json\/wp\/v2\/pages\/16216\/revisions\/16237"}],"wp:attachment":[{"href":"https:\/\/fjsp.org.br\/fjsp\/wp-json\/wp\/v2\/media?parent=16216"}],"curies":[{"name":"wp","href":"https:\/\/api.w.org\/{rel}","templated":true}]}}