{"id":16220,"date":"2021-04-01T11:33:18","date_gmt":"2021-04-01T14:33:18","guid":{"rendered":"https:\/\/fjsp.org.br\/fjsp\/?page_id=16220"},"modified":"2021-04-01T12:53:18","modified_gmt":"2021-04-01T15:53:18","slug":"musica-no-castelo-jumei-tokumaru-esp","status":"publish","type":"page","link":"https:\/\/fjsp.org.br\/fjsp\/musica-no-castelo-jumei-tokumaru-esp\/","title":{"rendered":"Jumei Tokumaru (Shakuhachi)"},"content":{"rendered":"<h5 style=\"text-align: right;\"><a href=\"https:\/\/fjsp.org.br\/fjsp\/musica-no-castelo-jumei-tokumaru-jap\/\">\u65e5\u672c\u8a9e<\/a> | <a href=\"https:\/\/fjsp.org.br\/fjsp\/musica-no-castelo-jumei-tokumaru-ing\/\">English<\/a> | <a href=\"https:\/\/fjsp.org.br\/fjsp\/musica-no-castelo-jumei-tokumaru\/\">Portugu\u00eas<\/a><\/h5>\n<p>&nbsp;<\/p>\n<p><img fetchpriority=\"high\" decoding=\"async\" class=\"img-responsive img-fluid wp-image-12587 aligncenter\" src=\"https:\/\/fjsp.org.br\/fjsp\/wp-content\/uploads\/2020\/08\/jumei-site1.jpg\" sizes=\"(max-width: 600px) 100vw, 600px\" srcset=\"https:\/\/fjsp.org.br\/fjsp\/wp-content\/uploads\/2020\/08\/jumei-site1.jpg 1000w, https:\/\/fjsp.org.br\/fjsp\/wp-content\/uploads\/2020\/08\/jumei-site1-280x187.jpg 280w, https:\/\/fjsp.org.br\/fjsp\/wp-content\/uploads\/2020\/08\/jumei-site1-768x512.jpg 768w, https:\/\/fjsp.org.br\/fjsp\/wp-content\/uploads\/2020\/08\/jumei-site1-340x227.jpg 340w, https:\/\/fjsp.org.br\/fjsp\/wp-content\/uploads\/2020\/08\/jumei-site1-220x147.jpg 220w, https:\/\/fjsp.org.br\/fjsp\/wp-content\/uploads\/2020\/08\/jumei-site1-100x67.jpg 100w, https:\/\/fjsp.org.br\/fjsp\/wp-content\/uploads\/2020\/08\/jumei-site1-130x87.jpg 130w, https:\/\/fjsp.org.br\/fjsp\/wp-content\/uploads\/2020\/08\/jumei-site1-460x307.jpg 460w\" alt=\"\" width=\"600\" height=\"400\" \/><\/p>\n<p>&nbsp;<\/p>\n<p>El primer concierto del proyecto M\u00fasica en el Castillo, a ser realizado por la Fundaci\u00f3n Jap\u00f3n, ser\u00e1 dedicado al \u201cshakuhachi\u201d, flauta tradicional japonesa de bamb\u00fa, con el maestro japon\u00e9s Jumei Tokumaru.<\/p>\n<p>Ese instrumento r\u00fastico, con cinco orificios, fue introducido en Jap\u00f3n con la m\u00fasica de la Corte, que llamamos de \u201cGagaku\u201d.<\/p>\n<p>El Gagaku es un tipo de m\u00fasica cl\u00e1sica japonesa y tambi\u00e9n es un t\u00e9rmino usado para la orquesta de la Corte formada por instrumentos de soplo, de cuerdas y por percusi\u00f3n, que se presentaba en la Corte Imperial durante varios siglos.<\/p>\n<p>La m\u00fasica del Gagaku consiste en canciones, danzas religiosas y folcl\u00f3ricas nativas sinto\u00edstas llamadas de kuniburi en el utamai, una forma koguryo o goguryo, que fue un antiguo reino coreano, localizado en las regiones centro-septentrionales de la Pen\u00ednsula de Corea en el sur de Manchuria.<\/p>\n<p>Pero el Gagaku que entr\u00f3 en Jap\u00f3n, lleg\u00f3 v\u00eda China, en el mismo per\u00edodo cuando nuevas t\u00e9cnicas de cultivo del arroz y el budismo fueron parte de ese paquete cultural chino, lo que cambi\u00f3 a la sociedad japonesa.<\/p>\n<p>&nbsp;<\/p>\n<h3><strong>El shakuhachi<\/strong><\/h3>\n<p>El shakuhachi era uno de los instrumentos de soplo de ese conjunto musical. El tama\u00f1o m\u00e1s com\u00fan es 1,8 shaku (1 shaku = 30 cent\u00edmetros).\u00a0 El tipo de bamb\u00fa usado es el \u201cMadake\u201d, una calidad de bamb\u00fa muy r\u00edgida, con paredes gruesas, lo que da al instrumento calidad y profundidad en el sonido.<\/p>\n<p>&nbsp;<\/p>\n<p><img decoding=\"async\" class=\"img-responsive img-fluid wp-image-12586 aligncenter\" src=\"https:\/\/fjsp.org.br\/fjsp\/wp-content\/uploads\/2020\/08\/shakuhachi-vertical.jpeg\" sizes=\"(max-width: 300px) 100vw, 300px\" srcset=\"https:\/\/fjsp.org.br\/fjsp\/wp-content\/uploads\/2020\/08\/shakuhachi-vertical.jpeg 960w, https:\/\/fjsp.org.br\/fjsp\/wp-content\/uploads\/2020\/08\/shakuhachi-vertical-280x373.jpeg 280w, https:\/\/fjsp.org.br\/fjsp\/wp-content\/uploads\/2020\/08\/shakuhachi-vertical-768x1024.jpeg 768w, https:\/\/fjsp.org.br\/fjsp\/wp-content\/uploads\/2020\/08\/shakuhachi-vertical-340x453.jpeg 340w, https:\/\/fjsp.org.br\/fjsp\/wp-content\/uploads\/2020\/08\/shakuhachi-vertical-220x293.jpeg 220w, https:\/\/fjsp.org.br\/fjsp\/wp-content\/uploads\/2020\/08\/shakuhachi-vertical-100x133.jpeg 100w, https:\/\/fjsp.org.br\/fjsp\/wp-content\/uploads\/2020\/08\/shakuhachi-vertical-130x173.jpeg 130w, https:\/\/fjsp.org.br\/fjsp\/wp-content\/uploads\/2020\/08\/shakuhachi-vertical-460x613.jpeg 460w\" alt=\"\" width=\"300\" height=\"400\" \/><\/p>\n<p>&nbsp;<\/p>\n<p>La escala natural es una pentat\u00f3nica de re, o sea, tenemos re\/fa\/sol\/la\/do, pero es posible tocar en otras escalas con modificaci\u00f3n en el \u00e1ngulo de la embocadura y diferentes posiciones de dedos.<\/p>\n<p>Existen tambi\u00e9n otros tipos de Shakuhachi, con longitudes diferentes, produciendo la misma escala pentat\u00f3nica en diferentes alturas de las notas.<\/p>\n<p>Adem\u00e1s de las m\u00fasicas de la Corte, que no eran tocadas en p\u00fablico, hay composiciones para el shakuhachi datadas de la era Nara, siglo VII. El shakuhachi era tocado como parte de las ceremonias y pr\u00e1cticas del Zen Budismo, m\u00e1s espec\u00edficamente en la facci\u00f3n Fuke japonesa. Era el instrumento preferido de los sacerdotes peregrinos, que llamamos de \u201ckomuso\u201d, quienes usaban un sombrero grande en forma de cesto. Una de las traducciones para estos instrumentistas ser\u00eda: \u00a0\u201csacerdotes del vac\u00edo\u201d, o sea, no mostrar el rostro y la total ausencia de ego.<\/p>\n<p>En el inicio del per\u00edodo Edo, siglo XVII, surge la escuela Kinko, que sin perder los aspectos religiosos, comenz\u00f3 a utilizar el instrumento totalmente para la m\u00fasica.<\/p>\n<p>El Monje-samurai Kinko Kurosawa es el fundador de esa escuela. \u00c9l recorri\u00f3 Jap\u00f3n visitando y recolectando cantos en los diferentes templos zen budistas y, a partir de esos registros, tuvimos las primeras anotaciones que se transformaron en partituras, creando el \u201cHonkyoku\u201d, la m\u00fasica original para shakuhachi. En total, son 36 m\u00fasicas o cantos solistas.<\/p>\n<p>&nbsp;<\/p>\n<p><img decoding=\"async\" class=\"img-responsive img-fluid wp-image-12592 aligncenter\" src=\"https:\/\/fjsp.org.br\/fjsp\/wp-content\/uploads\/2020\/08\/shakuhachi-lateral.jpg\" sizes=\"(max-width: 520px) 100vw, 520px\" srcset=\"https:\/\/fjsp.org.br\/fjsp\/wp-content\/uploads\/2020\/08\/shakuhachi-lateral.jpg 567w, https:\/\/fjsp.org.br\/fjsp\/wp-content\/uploads\/2020\/08\/shakuhachi-lateral-280x119.jpg 280w, https:\/\/fjsp.org.br\/fjsp\/wp-content\/uploads\/2020\/08\/shakuhachi-lateral-340x145.jpg 340w, https:\/\/fjsp.org.br\/fjsp\/wp-content\/uploads\/2020\/08\/shakuhachi-lateral-220x94.jpg 220w, https:\/\/fjsp.org.br\/fjsp\/wp-content\/uploads\/2020\/08\/shakuhachi-lateral-100x43.jpg 100w, https:\/\/fjsp.org.br\/fjsp\/wp-content\/uploads\/2020\/08\/shakuhachi-lateral-130x55.jpg 130w, https:\/\/fjsp.org.br\/fjsp\/wp-content\/uploads\/2020\/08\/shakuhachi-lateral-460x196.jpg 460w\" alt=\"\" width=\"520\" height=\"221\" \/><\/p>\n<p>&nbsp;<\/p>\n<p>Hace cerca de cien a\u00f1os, surgi\u00f3 una nueva escuela, \u201cTozan Ryu\u201d. Hay diferencias en la t\u00e9cnica de ejecuci\u00f3n de los instrumentos y aun en la estructura, como la colocaci\u00f3n del quinto orificio en una posici\u00f3n m\u00e1s abajo.<\/p>\n<p>Este estilo m\u00e1s moderno fue responsable por la ampliaci\u00f3n del repertorio del shakuhachi adem\u00e1s de las m\u00fasicas tradicionales. Corresponde recordar al gran maestro del estilo tozan, Yamamoto Hozan, quien, en la d\u00e9cada de 70, lanz\u00f3 un LP tocando jazz con el shakuhachi. El LP, lanzado en los Estados Unidos y en Jap\u00f3n, adem\u00e1s de la novedad de esa \u201cfusi\u00f3n\u201d, fue responsable por la divulgaci\u00f3n del shakuhachi fuera de Jap\u00f3n.<\/p>\n<p>&nbsp;<\/p>\n<h3><strong>Jumei Tokumaru<\/strong><\/h3>\n<p><img loading=\"lazy\" decoding=\"async\" class=\"img-responsive img-fluid alignnone wp-image-12588\" src=\"https:\/\/fjsp.org.br\/fjsp\/wp-content\/uploads\/2020\/08\/jumei-site2.jpg\" sizes=\"(max-width: 300px) 100vw, 300px\" srcset=\"https:\/\/fjsp.org.br\/fjsp\/wp-content\/uploads\/2020\/08\/jumei-site2.jpg 1000w, https:\/\/fjsp.org.br\/fjsp\/wp-content\/uploads\/2020\/08\/jumei-site2-280x420.jpg 280w, https:\/\/fjsp.org.br\/fjsp\/wp-content\/uploads\/2020\/08\/jumei-site2-768x1152.jpg 768w, https:\/\/fjsp.org.br\/fjsp\/wp-content\/uploads\/2020\/08\/jumei-site2-340x510.jpg 340w, https:\/\/fjsp.org.br\/fjsp\/wp-content\/uploads\/2020\/08\/jumei-site2-220x330.jpg 220w, https:\/\/fjsp.org.br\/fjsp\/wp-content\/uploads\/2020\/08\/jumei-site2-100x150.jpg 100w, https:\/\/fjsp.org.br\/fjsp\/wp-content\/uploads\/2020\/08\/jumei-site2-130x195.jpg 130w, https:\/\/fjsp.org.br\/fjsp\/wp-content\/uploads\/2020\/08\/jumei-site2-460x690.jpg 460w\" alt=\"\" width=\"300\" height=\"450\" \/><\/p>\n<p>&nbsp;<\/p>\n<p>El maestro Jumei Tokumaru\u00a0 aprendi\u00f3 a tocar el Kinko-ryu shakuhachi con el padre, desde ni\u00f1o. Se gradu\u00f3 en la Universidad de Bellas Artes de Tokio, con maestr\u00eda en shakuhachi. Mientras que era estudiante, estudi\u00f3 con Goro Yamaguchi, un tesoro nacional vivo. Ya se present\u00f3 en Europa, Am\u00e9rica, Rusia, India, \u00c1frica y en muchos otros pa\u00edses alrededor del mundo. Tambi\u00e9n ense\u00f1a a alumnos m\u00e1s j\u00f3venes como profesor en la Universidade de Bellas Artes de Tokio, en el Departamento de M\u00fasica Japonesa Tradicional Shakuhachi. Recibi\u00f3 el 58\u00ba Premio de Incentivo al Arte del Ministro de Educaci\u00f3n, Cultura, Deportes, Ciencia y Tecnolog\u00eda en 2007. Fue agraciado con el Premio de Incentivo a la Cultura de la Ciudad de Edogawa, en 2008, y con los CDs \u201cKinko-Ryu Shakuhachi Tokumaru Jumei\u201d (Cultura Tradicional, Fundaci\u00f3n V\u00edctor) y \u201cYugen naru Hibiki: Shakuhachi de Yamaguchi Goro y su vida\u201d (Geijutsu Shuppan-Sha). Es l\u00edder del estilo Kinko de shakuhachi-Gado-ka.<\/p>\n<p>Tokumaru fue uno de los principales alumnos del maestro Goro Yamaguchi y es especialista en \u201cHonkyoku\u201d, la m\u00fasica original para shakuhachi. Es miembro de la Asociaci\u00f3n Chikumeisha de Jap\u00f3n. En este concierto tocar\u00e1 dos piezas del repertorio Honkyoku: \u201cHifumi Hachigaeshi en el Shirabe\u201d, la primera pieza de Honkyoku que aprendemos, y \u201cSokaku Reibo\u201d, una pieza de dif\u00edcil interpretaci\u00f3n, que fue grabada por el maestro Goro Yamaguchi. Esta pieza est\u00e1 viajando en el espacio sideral, en la nave Voyager II, lanzada el 20 de agosto de 1977.<\/p>\n<p>&nbsp;<\/p>\n<p><img loading=\"lazy\" decoding=\"async\" class=\"img-responsive img-fluid wp-image-12591 aligncenter\" src=\"https:\/\/fjsp.org.br\/fjsp\/wp-content\/uploads\/2020\/08\/jumei-site5.jpg\" sizes=\"(max-width: 600px) 100vw, 600px\" srcset=\"https:\/\/fjsp.org.br\/fjsp\/wp-content\/uploads\/2020\/08\/jumei-site5.jpg 1000w, https:\/\/fjsp.org.br\/fjsp\/wp-content\/uploads\/2020\/08\/jumei-site5-280x187.jpg 280w, https:\/\/fjsp.org.br\/fjsp\/wp-content\/uploads\/2020\/08\/jumei-site5-768x512.jpg 768w, https:\/\/fjsp.org.br\/fjsp\/wp-content\/uploads\/2020\/08\/jumei-site5-340x227.jpg 340w, https:\/\/fjsp.org.br\/fjsp\/wp-content\/uploads\/2020\/08\/jumei-site5-220x147.jpg 220w, https:\/\/fjsp.org.br\/fjsp\/wp-content\/uploads\/2020\/08\/jumei-site5-100x67.jpg 100w, https:\/\/fjsp.org.br\/fjsp\/wp-content\/uploads\/2020\/08\/jumei-site5-130x87.jpg 130w, https:\/\/fjsp.org.br\/fjsp\/wp-content\/uploads\/2020\/08\/jumei-site5-460x307.jpg 460w\" alt=\"\" width=\"600\" height=\"400\" \/><\/p>\n<p>&nbsp;<\/p>\n<p>Asista a la presentaci\u00f3n de Jumei Tokumaru en el proyecto M\u00fasica en el Castillo.<\/p>\n<p>&nbsp;<\/p>\n<div class='cleaner'><\/div>\n<div class='videoWrapper embed-responsive embed-responsive-16by9 ratio ratio-16x9'><iframe title=\"Projeto M\u00fasica no Castelo - JUMEI TOKUMARU (Shakuhachi)\" width=\"700\" height=\"394\" src=\"https:\/\/www.youtube.com\/embed\/7ClLfCWx3QA?feature=oembed\" frameborder=\"0\" allow=\"accelerometer; autoplay; clipboard-write; encrypted-media; gyroscope; picture-in-picture\" allowfullscreen><\/iframe><\/div>\n<p>&nbsp;<\/p>\n<h3 style=\"text-align: center;\"><a href=\"https:\/\/fjsp.org.br\/fjsp\/agenda\/musica-en-el-castillo\/\"><strong>M\u00fasica en el Castillo<\/strong><\/a><\/h3>\n","protected":false},"excerpt":{"rendered":"<p>\u65e5\u672c\u8a9e | English | Portugu\u00eas &nbsp; &nbsp; El primer concierto del proyecto M\u00fasica en el Castillo, a ser realizado por la Fundaci\u00f3n Jap\u00f3n, ser\u00e1 dedicado al \u201cshakuhachi\u201d, flauta tradicional japonesa de bamb\u00fa, con el maestro japon\u00e9s Jumei Tokumaru. Ese instrumento r\u00fastico, con cinco orificios, fue introducido en Jap\u00f3n con la m\u00fasica de la Corte, que [&hellip;]<\/p>\n","protected":false},"author":1,"featured_media":0,"parent":0,"menu_order":0,"comment_status":"closed","ping_status":"closed","template":"","meta":{"_acf_changed":false,"footnotes":""},"class_list":["post-16220","page","type-page","status-publish","hentry"],"acf":[],"_links":{"self":[{"href":"https:\/\/fjsp.org.br\/fjsp\/wp-json\/wp\/v2\/pages\/16220","targetHints":{"allow":["GET"]}}],"collection":[{"href":"https:\/\/fjsp.org.br\/fjsp\/wp-json\/wp\/v2\/pages"}],"about":[{"href":"https:\/\/fjsp.org.br\/fjsp\/wp-json\/wp\/v2\/types\/page"}],"author":[{"embeddable":true,"href":"https:\/\/fjsp.org.br\/fjsp\/wp-json\/wp\/v2\/users\/1"}],"replies":[{"embeddable":true,"href":"https:\/\/fjsp.org.br\/fjsp\/wp-json\/wp\/v2\/comments?post=16220"}],"version-history":[{"count":2,"href":"https:\/\/fjsp.org.br\/fjsp\/wp-json\/wp\/v2\/pages\/16220\/revisions"}],"predecessor-version":[{"id":16235,"href":"https:\/\/fjsp.org.br\/fjsp\/wp-json\/wp\/v2\/pages\/16220\/revisions\/16235"}],"wp:attachment":[{"href":"https:\/\/fjsp.org.br\/fjsp\/wp-json\/wp\/v2\/media?parent=16220"}],"curies":[{"name":"wp","href":"https:\/\/api.w.org\/{rel}","templated":true}]}}