{"id":16292,"date":"2021-04-02T17:40:33","date_gmt":"2021-04-02T20:40:33","guid":{"rendered":"https:\/\/fjsp.org.br\/fjsp\/?page_id=16292"},"modified":"2021-06-01T10:43:53","modified_gmt":"2021-06-01T13:43:53","slug":"musica-no-castelo-chie-hanawa-esp","status":"publish","type":"page","link":"https:\/\/fjsp.org.br\/fjsp\/musica-no-castelo-chie-hanawa-esp\/","title":{"rendered":"Chie Hanawa (Shamisen)"},"content":{"rendered":"<h5 style=\"text-align: right;\"><a href=\"https:\/\/fjsp.org.br\/fjsp\/musica-no-castelo-chie-hanawa-jap\/\">\u65e5\u672c\u8a9e<\/a> | <a href=\"https:\/\/fjsp.org.br\/fjsp\/musica-no-castelo-chie-hanawa-ing\/\">English<\/a> | <a href=\"https:\/\/fjsp.org.br\/fjsp\/musica-no-castelo-chie-hanawa\/\">Portugu\u00eas<\/a><\/h5>\n<p>&nbsp;<\/p>\n<p><img fetchpriority=\"high\" decoding=\"async\" class=\"img-responsive img-fluid aligncenter wp-image-13247\" src=\"https:\/\/fjsp.org.br\/fjsp\/wp-content\/uploads\/2020\/10\/02-nikko-fotografia.jpg\" sizes=\"(max-width: 600px) 100vw, 600px\" srcset=\"https:\/\/fjsp.org.br\/fjsp\/wp-content\/uploads\/2020\/10\/02-nikko-fotografia.jpg 1000w, https:\/\/fjsp.org.br\/fjsp\/wp-content\/uploads\/2020\/10\/02-nikko-fotografia-280x187.jpg 280w, https:\/\/fjsp.org.br\/fjsp\/wp-content\/uploads\/2020\/10\/02-nikko-fotografia-768x512.jpg 768w, https:\/\/fjsp.org.br\/fjsp\/wp-content\/uploads\/2020\/10\/02-nikko-fotografia-340x227.jpg 340w, https:\/\/fjsp.org.br\/fjsp\/wp-content\/uploads\/2020\/10\/02-nikko-fotografia-220x147.jpg 220w, https:\/\/fjsp.org.br\/fjsp\/wp-content\/uploads\/2020\/10\/02-nikko-fotografia-100x67.jpg 100w, https:\/\/fjsp.org.br\/fjsp\/wp-content\/uploads\/2020\/10\/02-nikko-fotografia-130x87.jpg 130w, https:\/\/fjsp.org.br\/fjsp\/wp-content\/uploads\/2020\/10\/02-nikko-fotografia-460x307.jpg 460w\" alt=\"\" width=\"600\" height=\"400\" \/><\/p>\n<p>&nbsp;<\/p>\n<p>En este sexto programa de la serie de conciertos solistas \u201cM\u00fasica en el Castillo\u201d, realizado por la Fundaci\u00f3n Jap\u00f3n, presentaremos el shamisen. El instrumento ser\u00e1 presentado por la int\u00e9rprete musical Chie Hanawa, en el estilo Tsugaru shamisen, que es diferente de aquel tocado por la Profesora Tamie Kitahara en el segundo concierto de esta serie.<\/p>\n<p>&nbsp;<\/p>\n<h3><strong>Tsugaru Shamisen<\/strong><\/h3>\n<p>Tsugaru jamisen (kanji: \u6d25 \u8efd \u4e09\u5473 \u7dda, hiragana: \u3064 \u304c \u308b \u3058 \u3083 \u307f \u305b \u3093) o Tsugaru shamisen (hiragana: \u3064 \u304c \u308b \u3057 \u3083 \u307f \u305b \u3093) se refiere al g\u00e9nero japon\u00e9s de la m\u00fasica de shamisen de la actual pen\u00ednsula de Tsugaru. Muy tocado en el \u00e1rea municipal de Aomori, y en todo Jap\u00f3n, es considerado uno de los m\u00e1s importantes para el repertorio del shamisen.<\/p>\n<p>En el per\u00edodo Edo, la pen\u00ednsula era parte del dominio de Hirosaki y era gobernada por el clan Tsugaru. Tradicionalmente, una de las \u00e1reas m\u00e1s pobres y remotas de Jap\u00f3n, Tsugaru es m\u00e1s conocida como el lugar de nacimiento del escritor Osamu Dazai, quien escribi\u00f3 un diario de viaje sobre sus viajes por la pen\u00ednsula y acerca del Tsugaru shamisen, un instrumento local y diferente de los dem\u00e1s instrumentos de cuerdas japoneses.<\/p>\n<p>&nbsp;<\/p>\n<p><img decoding=\"async\" class=\"img-responsive img-fluid aligncenter wp-image-13253\" src=\"https:\/\/fjsp.org.br\/fjsp\/wp-content\/uploads\/2020\/10\/08-wagakki-media.jpg\" sizes=\"(max-width: 450px) 100vw, 450px\" srcset=\"https:\/\/fjsp.org.br\/fjsp\/wp-content\/uploads\/2020\/10\/08-wagakki-media.jpg 1024w, https:\/\/fjsp.org.br\/fjsp\/wp-content\/uploads\/2020\/10\/08-wagakki-media-280x158.jpg 280w, https:\/\/fjsp.org.br\/fjsp\/wp-content\/uploads\/2020\/10\/08-wagakki-media-768x432.jpg 768w, https:\/\/fjsp.org.br\/fjsp\/wp-content\/uploads\/2020\/10\/08-wagakki-media-340x191.jpg 340w, https:\/\/fjsp.org.br\/fjsp\/wp-content\/uploads\/2020\/10\/08-wagakki-media-220x124.jpg 220w, https:\/\/fjsp.org.br\/fjsp\/wp-content\/uploads\/2020\/10\/08-wagakki-media-100x56.jpg 100w, https:\/\/fjsp.org.br\/fjsp\/wp-content\/uploads\/2020\/10\/08-wagakki-media-130x73.jpg 130w, https:\/\/fjsp.org.br\/fjsp\/wp-content\/uploads\/2020\/10\/08-wagakki-media-460x259.jpg 460w\" alt=\"\" width=\"450\" height=\"253\" \/><\/p>\n<p>&nbsp;<\/p>\n<p>Despu\u00e9s de la derrota de Aizu, durante la Guerra de Boshin (1868), muchos de los \u00faltimos samurais fueron enviados a campos de prisioneros de guerra, en la pen\u00ednsula de Tsugaru.<\/p>\n<p>Aunque sea claro que el instrumento se origin\u00f3 en China, llegando a Okinawa en el siglo 16 d.C., los constructores espec\u00edficos del Tsugaru shamisen no son conocidos con certeza, pues no fueron guardados los <span class='tooltipsall tooltipsincontent classtoolTips34'>registros escritos<\/span> sobre su construcci\u00f3n, ni fueron formalmente reconocidos por el gobierno japon\u00e9s.<\/p>\n<p>Lo que se sabe es que el Tsugaru shamisen se origin\u00f3 en una peque\u00f1a pen\u00ednsula al Oeste de la actual provincia de Aomori, llamada Tsugaru. Adem\u00e1s de esto, algunos investigadores se basaron sobre los or\u00edgenes del estilo con fundamento en las evidencias disponibles. Hay alg\u00fan consenso de que el estilo fue desarrollado por moradores en la calle y ciegos, llamados bosama.<\/p>\n<p>El estudioso Daij\u014d Kazuo dijo que el estilo se origin\u00f3 de un bosama llamado Nitab\u014d, con base en entrevistas a m\u00fasicos y sus familias. De acuerdo con su investigaci\u00f3n, Nitab\u014d adquiri\u00f3 y modific\u00f3 un shamisen en 1877, para el cual adopt\u00f3 un estilo de tocar diferente. Nitab\u014d redonde\u00f3 la leng\u00fceta del instrumento de manera que tuviese el contorno de una cuchara de arroz en forma de palita. Adem\u00e1s de esto, adopt\u00f3 un estilo de tocar con el shamisen en la posici\u00f3n vertical, incluy\u00f3 como \u00e1rea de tocar el \u00e1rea que queda alrededor del caballete e incorpor\u00f3 golpes de percusi\u00f3n en las cuerdas, en contraste con el uso exclusivo del plectro. Aun considerando esto, otros estudiosos argumentan que, debido a la falta de documentaci\u00f3n, el relato presentado por Kazuo puede no ser totalmente preciso.<\/p>\n<p>&nbsp;<\/p>\n<p><img decoding=\"async\" class=\"img-responsive img-fluid aligncenter wp-image-13254\" src=\"https:\/\/fjsp.org.br\/fjsp\/wp-content\/uploads\/2020\/10\/010-wagakki-media.jpg\" sizes=\"(max-width: 450px) 100vw, 450px\" srcset=\"https:\/\/fjsp.org.br\/fjsp\/wp-content\/uploads\/2020\/10\/010-wagakki-media.jpg 1000w, https:\/\/fjsp.org.br\/fjsp\/wp-content\/uploads\/2020\/10\/010-wagakki-media-280x176.jpg 280w, https:\/\/fjsp.org.br\/fjsp\/wp-content\/uploads\/2020\/10\/010-wagakki-media-768x484.jpg 768w, https:\/\/fjsp.org.br\/fjsp\/wp-content\/uploads\/2020\/10\/010-wagakki-media-340x214.jpg 340w, https:\/\/fjsp.org.br\/fjsp\/wp-content\/uploads\/2020\/10\/010-wagakki-media-220x139.jpg 220w, https:\/\/fjsp.org.br\/fjsp\/wp-content\/uploads\/2020\/10\/010-wagakki-media-100x63.jpg 100w, https:\/\/fjsp.org.br\/fjsp\/wp-content\/uploads\/2020\/10\/010-wagakki-media-130x82.jpg 130w, https:\/\/fjsp.org.br\/fjsp\/wp-content\/uploads\/2020\/10\/010-wagakki-media-460x290.jpg 460w\" alt=\"\" width=\"450\" height=\"284\" \/><\/p>\n<p>&nbsp;<\/p>\n<p>Nitab\u014d tuvo varios alumnos ciegos, como Kinobo y Ch\u014dsakubo, que contribuyeron para el \u00a0desarrollo del estilo. El \u00faltimo alumno de Nitab\u014d, Shirakawa Gunpachir\u014d, se present\u00f3 fuera de la regi\u00f3n de Tsugaru, como parte de un grupo de presentaciones folcl\u00f3ricas. Gunpachir\u014d tambi\u00e9n se present\u00f3 en ambientes profesionales, como por ejemplo en salas de conciertos en Tokio. Como resultado de su \u00e9xito, el Tsugaru shamisen se hizo popular en la d\u00e9cada de 1920, pero su popularidad disminuy\u00f3 con el inicio de la Segunda Guerra Sinojaponesa en el final de la d\u00e9cada.<\/p>\n<p>Entre 1955 y 1965, muchos artistas del g\u00e9nero se mudaron para centros urbanos en Jap\u00f3n, como Tokio. Esta migraci\u00f3n fue parte de un movimiento mayor, debido al \u00e9xito de las artes tradicionales en Jap\u00f3n. El Tsugaru shamisen disfrut\u00f3 de otro per\u00edodo de \u00e9xito y popularidad cuando Gunpachir\u014d se present\u00f3 con la estrella del enka, estilo de m\u00fasica popular japonesa, Michiya Mihashi, en el Teatro Nacional de Tokio, en 1959. Como resultado de esa exposici\u00f3n en masa al g\u00e9nero, comenzaron a surgir j\u00f3venes practicantes del mismo.<\/p>\n<p>Takahashi Chikuzan, tambi\u00e9n un bosama, artista muy bien considerado del g\u00e9nero, comenz\u00f3 a viajar por Jap\u00f3n en 1964. En febrero de 2004, fue lanzada la pel\u00edcula Nitaboh sobre la historia de ese maestro en Tsugaru shamisen, dirigida por el director Akio Nishizawa.<\/p>\n<p>&nbsp;<\/p>\n<p style=\"text-align: center;\"><img loading=\"lazy\" decoding=\"async\" class=\"img-responsive img-fluid wp-image-13256 size-full aligncenter\" src=\"https:\/\/fjsp.org.br\/fjsp\/wp-content\/uploads\/2020\/10\/nitaboh-waoworld.jpg\" sizes=\"(max-width: 225px) 100vw, 225px\" srcset=\"https:\/\/fjsp.org.br\/fjsp\/wp-content\/uploads\/2020\/10\/nitaboh-waoworld.jpg 225w, https:\/\/fjsp.org.br\/fjsp\/wp-content\/uploads\/2020\/10\/nitaboh-waoworld-220x307.jpg 220w, https:\/\/fjsp.org.br\/fjsp\/wp-content\/uploads\/2020\/10\/nitaboh-waoworld-100x140.jpg 100w, https:\/\/fjsp.org.br\/fjsp\/wp-content\/uploads\/2020\/10\/nitaboh-waoworld-130x181.jpg 130w\" alt=\"\" width=\"225\" height=\"314\" aria-describedby=\"caption-attachment-13256\" \/>\u00a9 WAO! World<\/p>\n<p>&nbsp;<\/p>\n<p>El Tsugaru shamisen es tocado en un shamisen m\u00e1s grande, llamado \u201cfutazao\u201d, con un brazo y cuerdas m\u00e1s gruesas que aquellos usados en la mayor\u00eda de los otros estilos. Es f\u00e1cil reconocerlo \u00a0por su caracter\u00edstica de percusi\u00f3n: la leng\u00fceta golpeando al cuerpo del instrumento y la cadencia de los ritmos ejecutados.<\/p>\n<p>Ese estilo de tocar se compone de muchas frases y estilos diferentes. En la t\u00e9cnica acrob\u00e1tica (kyokubiki), improvisar es la caracter\u00edstica principal. El m\u00fasico golpea las cuerdas y la piel con el bachi (plecto) con mucha fuerza y rapidez, usando solo el dedo indicador izquierdo, el dedo medio y el dedo anular. La escala es b\u00e1sicamente pentat\u00f3nica.<\/p>\n<p>Otra t\u00e9cnica exclusiva del estilo Tsugaru shamisen, en los \u00faltimos a\u00f1os, es el tremolo, un tipo de vibrato tocado con la parte de atr\u00e1s del bachi, sin alcanzar a la piel.<\/p>\n<p>Al contrario de la mayor\u00eda de las otras m\u00fasicas japonesas, algunas piezas de Tsugaru shamisen est\u00e1n en comp\u00e1s ternario 3\/4, aunque los tres golpes de los tiempos no sean acentuados seg\u00fan la manera de la m\u00fasica occidental, o sea, no tienen el acento de un vals, por ejemplo.<\/p>\n<p>El repertorio del Tsugaru shamisen es grande y est\u00e1 en constante crecimiento. Entrevistas con artistas notables, como Takahashi Chikuzan y Yamada Chisato, y grabaciones hechas por estrellas del pasado permiten que se produzcan dos formas. La forma de canci\u00f3n, que consiste en una l\u00ednea vocal con acompa\u00f1amiento de shamisen y taiko, o como una pieza solista de shamisen.<\/p>\n<p>&nbsp;<\/p>\n<p><img loading=\"lazy\" decoding=\"async\" class=\"img-responsive img-fluid aligncenter wp-image-13259\" src=\"https:\/\/fjsp.org.br\/fjsp\/wp-content\/uploads\/2020\/10\/07-wagakki-media.jpg\" sizes=\"(max-width: 300px) 100vw, 300px\" srcset=\"https:\/\/fjsp.org.br\/fjsp\/wp-content\/uploads\/2020\/10\/07-wagakki-media.jpg 668w, https:\/\/fjsp.org.br\/fjsp\/wp-content\/uploads\/2020\/10\/07-wagakki-media-280x419.jpg 280w, https:\/\/fjsp.org.br\/fjsp\/wp-content\/uploads\/2020\/10\/07-wagakki-media-340x509.jpg 340w, https:\/\/fjsp.org.br\/fjsp\/wp-content\/uploads\/2020\/10\/07-wagakki-media-220x329.jpg 220w, https:\/\/fjsp.org.br\/fjsp\/wp-content\/uploads\/2020\/10\/07-wagakki-media-100x150.jpg 100w, https:\/\/fjsp.org.br\/fjsp\/wp-content\/uploads\/2020\/10\/07-wagakki-media-130x195.jpg 130w, https:\/\/fjsp.org.br\/fjsp\/wp-content\/uploads\/2020\/10\/07-wagakki-media-460x689.jpg 460w\" alt=\"\" width=\"300\" height=\"449\" \/><\/p>\n<p>&nbsp;<\/p>\n<p>Recientemente, m\u00fasicos m\u00e1s j\u00f3venes han intentado combinar estilos o motivos de tocar Tsugaru shamisen con jazz, rock y otras formas de m\u00fasica m\u00e1s comercial. Con la excepci\u00f3n de los arreglos clasificados como \u201cshin min\u2019y\u014d\u201d (nuevo folclore), esas piezas generalmente son consideradas como tradicionales o folcl\u00f3ricas.<\/p>\n<p>&nbsp;<\/p>\n<p>&nbsp;<\/p>\n<h3><strong>Chie Hanawa (Tsugaru shamisen)<\/strong><\/h3>\n<p>&nbsp;<\/p>\n<p><img loading=\"lazy\" decoding=\"async\" class=\"img-responsive img-fluid wp-image-13244 aligncenter\" src=\"https:\/\/fjsp.org.br\/fjsp\/wp-content\/uploads\/2020\/10\/01-nikko-fotografia.jpg\" sizes=\"(max-width: 450px) 100vw, 450px\" srcset=\"https:\/\/fjsp.org.br\/fjsp\/wp-content\/uploads\/2020\/10\/01-nikko-fotografia.jpg 1000w, https:\/\/fjsp.org.br\/fjsp\/wp-content\/uploads\/2020\/10\/01-nikko-fotografia-280x187.jpg 280w, https:\/\/fjsp.org.br\/fjsp\/wp-content\/uploads\/2020\/10\/01-nikko-fotografia-768x512.jpg 768w, https:\/\/fjsp.org.br\/fjsp\/wp-content\/uploads\/2020\/10\/01-nikko-fotografia-340x227.jpg 340w, https:\/\/fjsp.org.br\/fjsp\/wp-content\/uploads\/2020\/10\/01-nikko-fotografia-220x147.jpg 220w, https:\/\/fjsp.org.br\/fjsp\/wp-content\/uploads\/2020\/10\/01-nikko-fotografia-100x67.jpg 100w, https:\/\/fjsp.org.br\/fjsp\/wp-content\/uploads\/2020\/10\/01-nikko-fotografia-130x87.jpg 130w, https:\/\/fjsp.org.br\/fjsp\/wp-content\/uploads\/2020\/10\/01-nikko-fotografia-460x307.jpg 460w\" alt=\"\" width=\"450\" height=\"300\" \/><\/p>\n<p>&nbsp;<\/p>\n<p>Nacida en la ciudad de Hitachi, provincia de Ibaraki, a los nueve a\u00f1os de edad inici\u00f3 el aprendizaje del Tsugaru shamisen, con el maestro Mitsuyoshi Sasaki. En 2000, a los 17 a\u00f1os, se torn\u00f3 la m\u00e1s joven a conquistar el premio del Nivel A en la categor\u00eda femenina del Concurso Nacional de Tsugaru shamisen.<\/p>\n<p>En 2004, durante sus estudios en el Curso de M\u00fasica Tradicional Japonesa del Departamento de M\u00fasica de la Universidad de Bellas Artes de Tokio, lanz\u00f3 su primer \u00e1lbum, Tsuki no Usagi (Conejo de la Luna), por la Nippon Columbia. A partir de esa fecha, pas\u00f3 a presentarse en casas de espect\u00e1culos en la regi\u00f3n, dando inicio a una carrera solista y de grupo.<\/p>\n<p>Adem\u00e1s del tr\u00edo YUI, integra el d\u00fao Hanamas, al lado de la violinista Natsumi Okimasu. Con la repercusi\u00f3n de su actuaci\u00f3n, se present\u00f3 en el Tokagakudo Concert Hall, en el Palacio Imperial y en el extranjero, en pa\u00edses como Alemania, Argentina, B\u00e9lgica, Brun\u00e9i, Chile, Estados Unidos, Francia, Georgia, Hong Kong, Italia, Malasia, entre otros.<\/p>\n<p>&nbsp;<\/p>\n<p><img loading=\"lazy\" decoding=\"async\" class=\"img-responsive img-fluid wp-image-13246 aligncenter\" src=\"https:\/\/fjsp.org.br\/fjsp\/wp-content\/uploads\/2020\/10\/03-nikko-fotografia.jpg\" sizes=\"(max-width: 450px) 100vw, 450px\" srcset=\"https:\/\/fjsp.org.br\/fjsp\/wp-content\/uploads\/2020\/10\/03-nikko-fotografia.jpg 1000w, https:\/\/fjsp.org.br\/fjsp\/wp-content\/uploads\/2020\/10\/03-nikko-fotografia-280x187.jpg 280w, https:\/\/fjsp.org.br\/fjsp\/wp-content\/uploads\/2020\/10\/03-nikko-fotografia-768x512.jpg 768w, https:\/\/fjsp.org.br\/fjsp\/wp-content\/uploads\/2020\/10\/03-nikko-fotografia-340x227.jpg 340w, https:\/\/fjsp.org.br\/fjsp\/wp-content\/uploads\/2020\/10\/03-nikko-fotografia-220x147.jpg 220w, https:\/\/fjsp.org.br\/fjsp\/wp-content\/uploads\/2020\/10\/03-nikko-fotografia-100x67.jpg 100w, https:\/\/fjsp.org.br\/fjsp\/wp-content\/uploads\/2020\/10\/03-nikko-fotografia-130x87.jpg 130w, https:\/\/fjsp.org.br\/fjsp\/wp-content\/uploads\/2020\/10\/03-nikko-fotografia-460x307.jpg 460w\" alt=\"\" width=\"450\" height=\"300\" \/><\/p>\n<p>&nbsp;<\/p>\n<p>Ya con fuerte reconocimiento en el universo de la m\u00fasica japonesa tradicional, tambi\u00e9n como int\u00e9rprete musical de Tsugaru shamisen, particip\u00f3 en anuncios comerciales para televisi\u00f3n. En febrero de 2014, lanz\u00f3 su segundo \u00e1lbum, CoLoRful, por la King Records.<\/p>\n<p>&nbsp;<\/p>\n<h3><strong>M\u00fasicas<\/strong><\/h3>\n<p><strong>Tsugaru-Yosare Bushi<br \/>\n<\/strong>Podemos considerar a esta composici\u00f3n\u00a0 como una m\u00fasica para olvidarse de alg\u00fan deseo. Por ejemplo, tener apetito y estar tocando, el deseo es de olvidarse y continuar tocando sin importarse de la situaci\u00f3n.<\/p>\n<p><strong>Tosa-no-sunayama<br \/>\n<\/strong>La \u00a0ciudad portuaria de Tosa fue destruida por la inundaci\u00f3n en una noche, cre\u00e1ndose una monta\u00f1a de arena. Esta canci\u00f3n trae el anhelo de que esa monta\u00f1a de arena sea transformada en una monta\u00f1a de arroz, para alimentar a los afectados por la inundaci\u00f3n.<\/p>\n<p><strong>Tsugaru-Jongara Bushi<br \/>\n<\/strong>La canci\u00f3n folcl\u00f3rica m\u00e1s famosa del Tsugaru shamisen, una versi\u00f3n improvisada, como jazz. Inserci\u00f3n de una frase de la m\u00fasica \u201cSakura Sakura\u201d, con arreglo original de Chie.<\/p>\n<p><strong>Akita-Nikata Bushi<br \/>\n<\/strong>La canci\u00f3n folcl\u00f3rica de la regi\u00f3n municipal de Akita tiene un sentido de ritmo compasado y continuo.<\/p>\n<p><strong>Experience<br \/>\n<\/strong>Composici\u00f3n de Chie para el anuncio comercial de TV de SONY \u201cXperia\u201d, en que grab\u00f3 y particip\u00f3 con una actriz. La idea fue la fusi\u00f3n de lo tradicional con la innovaci\u00f3n.<\/p>\n<p>&nbsp;<\/p>\n<p><img loading=\"lazy\" decoding=\"async\" class=\"img-responsive img-fluid aligncenter wp-image-13248\" src=\"https:\/\/fjsp.org.br\/fjsp\/wp-content\/uploads\/2020\/10\/05-wagakki-media.jpg\" sizes=\"(max-width: 600px) 100vw, 600px\" srcset=\"https:\/\/fjsp.org.br\/fjsp\/wp-content\/uploads\/2020\/10\/05-wagakki-media.jpg 1280w, https:\/\/fjsp.org.br\/fjsp\/wp-content\/uploads\/2020\/10\/05-wagakki-media-280x164.jpg 280w, https:\/\/fjsp.org.br\/fjsp\/wp-content\/uploads\/2020\/10\/05-wagakki-media-768x450.jpg 768w, https:\/\/fjsp.org.br\/fjsp\/wp-content\/uploads\/2020\/10\/05-wagakki-media-340x199.jpg 340w, https:\/\/fjsp.org.br\/fjsp\/wp-content\/uploads\/2020\/10\/05-wagakki-media-220x129.jpg 220w, https:\/\/fjsp.org.br\/fjsp\/wp-content\/uploads\/2020\/10\/05-wagakki-media-100x59.jpg 100w, https:\/\/fjsp.org.br\/fjsp\/wp-content\/uploads\/2020\/10\/05-wagakki-media-130x76.jpg 130w, https:\/\/fjsp.org.br\/fjsp\/wp-content\/uploads\/2020\/10\/05-wagakki-media-460x270.jpg 460w\" alt=\"\" width=\"600\" height=\"352\" \/><\/p>\n<p>&nbsp;<\/p>\n<p>Asista a la presentaci\u00f3n de Chie Hanawa en el proyecto \u201cM\u00fasica en el Castillo\u201d.<\/p>\n<p>&nbsp;<\/p>\n<div class='cleaner'><\/div>\n<div class='videoWrapper embed-responsive embed-responsive-16by9 ratio ratio-16x9'><iframe title=\"Projeto M\u00fasica no Castelo - CHIE HANAWA (Shamisen)\" width=\"700\" height=\"394\" src=\"https:\/\/www.youtube.com\/embed\/VAVoJiznip8?feature=oembed\" frameborder=\"0\" allow=\"accelerometer; autoplay; clipboard-write; encrypted-media; gyroscope; picture-in-picture\" allowfullscreen><\/iframe><\/div>\n<p>&nbsp;<\/p>\n<h3 style=\"text-align: center;\"><a href=\"https:\/\/fjsp.org.br\/fjsp\/agenda\/musica-en-el-castillo\/\"><strong>M\u00fasica en el Castillo<\/strong><\/a><\/h3>\n<script type=\"text\/javascript\"> toolTips('.classtoolTips34','A primeira obra escrita da literatura japonesa \u00e9 o <em>Kojiki <\/em>(\u201cRegistro de Fatos Antigos\u201d), comp\u00eandio de mitos datado do ano 712 d.C.'); <\/script>","protected":false},"excerpt":{"rendered":"<p>\u65e5\u672c\u8a9e | English | Portugu\u00eas &nbsp; &nbsp; En este sexto programa de la serie de conciertos solistas \u201cM\u00fasica en el Castillo\u201d, realizado por la Fundaci\u00f3n Jap\u00f3n, presentaremos el shamisen. El instrumento ser\u00e1 presentado por la int\u00e9rprete musical Chie Hanawa, en el estilo Tsugaru shamisen, que es diferente de aquel tocado por la Profesora Tamie Kitahara [&hellip;]<\/p>\n","protected":false},"author":1,"featured_media":0,"parent":0,"menu_order":0,"comment_status":"closed","ping_status":"closed","template":"","meta":{"_acf_changed":false,"footnotes":""},"class_list":["post-16292","page","type-page","status-publish","hentry"],"acf":[],"_links":{"self":[{"href":"https:\/\/fjsp.org.br\/fjsp\/wp-json\/wp\/v2\/pages\/16292","targetHints":{"allow":["GET"]}}],"collection":[{"href":"https:\/\/fjsp.org.br\/fjsp\/wp-json\/wp\/v2\/pages"}],"about":[{"href":"https:\/\/fjsp.org.br\/fjsp\/wp-json\/wp\/v2\/types\/page"}],"author":[{"embeddable":true,"href":"https:\/\/fjsp.org.br\/fjsp\/wp-json\/wp\/v2\/users\/1"}],"replies":[{"embeddable":true,"href":"https:\/\/fjsp.org.br\/fjsp\/wp-json\/wp\/v2\/comments?post=16292"}],"version-history":[{"count":2,"href":"https:\/\/fjsp.org.br\/fjsp\/wp-json\/wp\/v2\/pages\/16292\/revisions"}],"predecessor-version":[{"id":16773,"href":"https:\/\/fjsp.org.br\/fjsp\/wp-json\/wp\/v2\/pages\/16292\/revisions\/16773"}],"wp:attachment":[{"href":"https:\/\/fjsp.org.br\/fjsp\/wp-json\/wp\/v2\/media?parent=16292"}],"curies":[{"name":"wp","href":"https:\/\/api.w.org\/{rel}","templated":true}]}}