{"id":16296,"date":"2021-04-02T18:00:44","date_gmt":"2021-04-02T21:00:44","guid":{"rendered":"https:\/\/fjsp.org.br\/fjsp\/?page_id=16296"},"modified":"2021-04-21T14:32:58","modified_gmt":"2021-04-21T17:32:58","slug":"musica-no-castelo-camilo-carrara-ing","status":"publish","type":"page","link":"https:\/\/fjsp.org.br\/fjsp\/musica-no-castelo-camilo-carrara-ing\/","title":{"rendered":"Camilo Carrara (Guitar)"},"content":{"rendered":"<h5 style=\"text-align: right;\"><a href=\"https:\/\/fjsp.org.br\/fjsp\/musica-no-castelo-camilo-carrara\/\">Portugu\u00eas<\/a> | <a href=\"https:\/\/fjsp.org.br\/fjsp\/musica-no-castelo-camilo-carrara-jap\/\">\u65e5\u672c\u8a9e<\/a> | <a href=\"https:\/\/fjsp.org.br\/fjsp\/musica-no-castelo-camilo-carrara-esp\/\">Espa\u00f1ol<\/a><\/h5>\n<p>&nbsp;<\/p>\n<p>In this seventh program of the solo concerts of the &#8220;Music in the Castle&#8221; series, we will present the guitar with the musician, guitarist and music producer Camilo Carrara, interpreting songs from his renowned work \u201c<em>Can\u00e7\u00f5es do Sol Nascente<\/em>\u201d (Songs of the Rising Sun).<\/p>\n<p>&nbsp;<\/p>\n<p><img fetchpriority=\"high\" decoding=\"async\" class=\"img-responsive img-fluid wp-image-13522 aligncenter\" src=\"https:\/\/fjsp.org.br\/fjsp\/wp-content\/uploads\/2020\/11\/foto-site-camilo-perfil.jpg\" sizes=\"(max-width: 500px) 100vw, 500px\" srcset=\"https:\/\/fjsp.org.br\/fjsp\/wp-content\/uploads\/2020\/11\/foto-site-camilo-perfil.jpg 900w, https:\/\/fjsp.org.br\/fjsp\/wp-content\/uploads\/2020\/11\/foto-site-camilo-perfil-280x195.jpg 280w, https:\/\/fjsp.org.br\/fjsp\/wp-content\/uploads\/2020\/11\/foto-site-camilo-perfil-768x536.jpg 768w, https:\/\/fjsp.org.br\/fjsp\/wp-content\/uploads\/2020\/11\/foto-site-camilo-perfil-340x237.jpg 340w, https:\/\/fjsp.org.br\/fjsp\/wp-content\/uploads\/2020\/11\/foto-site-camilo-perfil-220x154.jpg 220w, https:\/\/fjsp.org.br\/fjsp\/wp-content\/uploads\/2020\/11\/foto-site-camilo-perfil-100x70.jpg 100w, https:\/\/fjsp.org.br\/fjsp\/wp-content\/uploads\/2020\/11\/foto-site-camilo-perfil-130x91.jpg 130w, https:\/\/fjsp.org.br\/fjsp\/wp-content\/uploads\/2020\/11\/foto-site-camilo-perfil-460x321.jpg 460w\" alt=\"\" width=\"500\" height=\"349\" \/><\/p>\n<p>&nbsp;<\/p>\n<h3><strong>The Guitar<\/strong><\/h3>\n<p>The guitar is a string instrument with a box, usually made of wood, which generates acoustics that facilitates the propagation of sound. In some Spanish-speaking countries, it is known as the Spanish guitar.<\/p>\n<p>The history of the guitar takes us back to approximately 2,000 B.C. It underwent a major transformation until it became the instrument we know today. Records of the ancestor of the guitar were found in Greece, consisting of a turtle shell closed with ox leather, with strings made of stretched sheep intestines. This is the most remote record of the guitar.<\/p>\n<p>Originating from the Arab lute, it was introduced to the Iberian Peninsula by the Muslims, adapting very well to the court&#8217;s activities. There is also the hypothesis that attributes its origin to the Roman zither, which then expanded with the domination of the Roman Empire.<\/p>\n<p>Another relative is the <em>vihuela de mano<\/em> or vihuela, an Iberian string instrument similar to the Renaissance lute, though not an ancestor of the guitar (guitar), with which it coexisted, although they share a similar format.<\/p>\n<p>&nbsp;<\/p>\n<p style=\"text-align: center;\"><img decoding=\"async\" class=\"img-responsive img-fluid wp-image-13536 aligncenter\" src=\"https:\/\/fjsp.org.br\/fjsp\/wp-content\/uploads\/2020\/11\/whatsapp-image-2020-11-13-at-152536.jpeg\" sizes=\"(max-width: 500px) 100vw, 500px\" srcset=\"https:\/\/fjsp.org.br\/fjsp\/wp-content\/uploads\/2020\/11\/whatsapp-image-2020-11-13-at-152536.jpeg 600w, https:\/\/fjsp.org.br\/fjsp\/wp-content\/uploads\/2020\/11\/whatsapp-image-2020-11-13-at-152536-280x198.jpeg 280w, https:\/\/fjsp.org.br\/fjsp\/wp-content\/uploads\/2020\/11\/whatsapp-image-2020-11-13-at-152536-340x241.jpeg 340w, https:\/\/fjsp.org.br\/fjsp\/wp-content\/uploads\/2020\/11\/whatsapp-image-2020-11-13-at-152536-220x156.jpeg 220w, https:\/\/fjsp.org.br\/fjsp\/wp-content\/uploads\/2020\/11\/whatsapp-image-2020-11-13-at-152536-100x71.jpeg 100w, https:\/\/fjsp.org.br\/fjsp\/wp-content\/uploads\/2020\/11\/whatsapp-image-2020-11-13-at-152536-130x92.jpeg 130w, https:\/\/fjsp.org.br\/fjsp\/wp-content\/uploads\/2020\/11\/whatsapp-image-2020-11-13-at-152536-460x326.jpeg 460w\" alt=\"\" width=\"500\" height=\"354\" aria-describedby=\"caption-attachment-13536\" \/>Vihuela<\/p>\n<p>&nbsp;<\/p>\n<p>By the end of the 16<sup>th<\/sup> century, the vihuela fell into disuse and the baroque five-string guitar became popular, with frequent changes being made to it in order to adapt it to new requirements. This may have influenced the fact that very few original vihuelas have been preserved.<\/p>\n<p>In 1832, Louis Panormo built an instrument very similar to what we know today as the classical guitar, although smaller and with a more accentuated waist. In 1859, the Spanish luthier Antonio de Torres Jurado created the instrument that currently defines its history, and has become the classical guitar.<\/p>\n<p>The first news about this instrument in Brazil dates back to the 17<sup>th<\/sup> century, in S\u00e3o Paulo. The confusion between the Brazilian <em>viola<\/em> and the guitar starts in the middle of the 19<sup>th<\/sup> century, when this <em>viola<\/em> is tuned the same as the guitar, that is, the notes A, D, G, B, E.<\/p>\n<p>Within this context of colonization we have the introduction of the Brazilian <em>viola<\/em> (an instrument with 10 or 5 double strings), brought by the Portuguese to Brazil. For some time, there was still confusion regarding the terms <em>viola<\/em>\/guitar in the country. Today, however, the discrepancy between these two instruments is significant.<\/p>\n<p>&nbsp;<\/p>\n<p><img decoding=\"async\" class=\"img-responsive img-fluid aligncenter wp-image-13523\" src=\"https:\/\/fjsp.org.br\/fjsp\/wp-content\/uploads\/2020\/11\/foto-site-camilo-violao.jpg\" sizes=\"(max-width: 500px) 100vw, 500px\" srcset=\"https:\/\/fjsp.org.br\/fjsp\/wp-content\/uploads\/2020\/11\/foto-site-camilo-violao.jpg 1000w, https:\/\/fjsp.org.br\/fjsp\/wp-content\/uploads\/2020\/11\/foto-site-camilo-violao-280x210.jpg 280w, https:\/\/fjsp.org.br\/fjsp\/wp-content\/uploads\/2020\/11\/foto-site-camilo-violao-768x576.jpg 768w, https:\/\/fjsp.org.br\/fjsp\/wp-content\/uploads\/2020\/11\/foto-site-camilo-violao-340x255.jpg 340w, https:\/\/fjsp.org.br\/fjsp\/wp-content\/uploads\/2020\/11\/foto-site-camilo-violao-220x165.jpg 220w, https:\/\/fjsp.org.br\/fjsp\/wp-content\/uploads\/2020\/11\/foto-site-camilo-violao-100x75.jpg 100w, https:\/\/fjsp.org.br\/fjsp\/wp-content\/uploads\/2020\/11\/foto-site-camilo-violao-130x98.jpg 130w, https:\/\/fjsp.org.br\/fjsp\/wp-content\/uploads\/2020\/11\/foto-site-camilo-violao-460x345.jpg 460w\" alt=\"\" width=\"500\" height=\"375\" \/><\/p>\n<p>&nbsp;<\/p>\n<p>The use of the guitar is one of the most diverse, which can be used both in instrumental music (orchestras), and to accompany voice (solo songs). During a period in history, the guitar had a bad reputation, as it was the preferred instrument of bohemians and serenaders. The title of \u201cmarginal instrument\u201d, \u201cinstrument for bums\u201d, however, is no longer used.<\/p>\n<p>The Brazilian music for guitar is based on the small work of Heitor Villa-Lobos, a major national guitarist. The musician is the author, among other works, of &#8216;Twelve \u00c9tudes for Guitar&#8217;, with his\u00a0 life having been adapted for the cinema (Villa-Lobos &#8211; <em>Uma Vida de Paix\u00e3o<\/em> [Villa-Lobos &#8211; A Life of Passion] \u00a02000).<\/p>\n<p>The country has cultivated its own group of guitarists, including, among them, Clementino Lisboa, who started his guitar public performances introducing the instrument to the elite of the city of Rio de Janeiro; Joaquim Santos, founder of <em>&#8216;O Guitar&#8217;<\/em> magazine; An\u00edbal Sardinha, precursor to the bossa nova; Jorge do Fusa; Am\u00e9rico Jacomino; Nicanor Teixeira; among others. In Japan, the guitar has become a very popular instrument, widely used in both classical and popular Japanese music. It is worth noting the beautiful luthier work developed by the Japanese, with big names in the world music scene today.<\/p>\n<p>&nbsp;<\/p>\n<h3><strong>Camilo Carrara<\/strong><\/h3>\n<p>Music director and producer, guitarist, multi-instrumentalist, arranger, composer, teacher, and sound branding consultant. B.A. from the Music Department at ECA-USP and specialist in Strategic Marketing Management, with an MBA from FEA-USP. Guitar teacher at the Nacional Music Festival, in Maryland (United States) and at the Music Department of Faculdade Cantareira, in S\u00e3o Paulo. Carrara&#8217;s discography is made up of more than 80 CDs, including collaborations and solo works.<\/p>\n<p>&nbsp;<\/p>\n<h3><img loading=\"lazy\" decoding=\"async\" class=\"img-responsive img-fluid aligncenter wp-image-13521\" src=\"https:\/\/fjsp.org.br\/fjsp\/wp-content\/uploads\/2020\/11\/foto-site-camilo-2-tiago-sormani.jpg\" sizes=\"(max-width: 500px) 100vw, 500px\" srcset=\"https:\/\/fjsp.org.br\/fjsp\/wp-content\/uploads\/2020\/11\/foto-site-camilo-2-tiago-sormani.jpg 1000w, https:\/\/fjsp.org.br\/fjsp\/wp-content\/uploads\/2020\/11\/foto-site-camilo-2-tiago-sormani-280x194.jpg 280w, https:\/\/fjsp.org.br\/fjsp\/wp-content\/uploads\/2020\/11\/foto-site-camilo-2-tiago-sormani-768x532.jpg 768w, https:\/\/fjsp.org.br\/fjsp\/wp-content\/uploads\/2020\/11\/foto-site-camilo-2-tiago-sormani-340x236.jpg 340w, https:\/\/fjsp.org.br\/fjsp\/wp-content\/uploads\/2020\/11\/foto-site-camilo-2-tiago-sormani-220x152.jpg 220w, https:\/\/fjsp.org.br\/fjsp\/wp-content\/uploads\/2020\/11\/foto-site-camilo-2-tiago-sormani-100x69.jpg 100w, https:\/\/fjsp.org.br\/fjsp\/wp-content\/uploads\/2020\/11\/foto-site-camilo-2-tiago-sormani-130x90.jpg 130w, https:\/\/fjsp.org.br\/fjsp\/wp-content\/uploads\/2020\/11\/foto-site-camilo-2-tiago-sormani-460x319.jpg 460w\" alt=\"\" width=\"500\" height=\"347\" \/><\/h3>\n<p>&nbsp;<\/p>\n<h3><strong>The Songs<\/strong><\/h3>\n<p>The idea of recording a CD with Japanese music emerged in January 2002, in Po\u00e7os de Caldas-MG. I had been invited by my friend F\u00e1bio Zanon to work as his assistant at the III <em>Festival M\u00fasica nas Montanha<\/em> (Music in the Mountains Festival). During the festival, I first heard an arrangement of a Japanese song composed for guitar solo. It was an arrangement of &#8220;Sakura&#8221;, a traditional song composed in the late 19<sup>th<\/sup>\u00a0 century. I was really impressed &#8211; the atmosphere created by the union of that melody with the guitar sound attracted me. For a long time, could not get that sound out of my mind.<\/p>\n<p>Back in S\u00e3o Paulo, I searched the city for Japanese music scores and didn\u2019t find much. After much research, I received a gift from my friend Akira Joko, a collection of songs brought directly from Japan. The book, entirely written in Japanese, featured 189 melodies and their musical notations. On the same day, I started reading the melodies of the album, one by one, selecting those that touched me the most. After a few months, I decided to test myself: I made an appointment at the studio and recorded, impromptu, several of the chosen songs. At that time, I had been researching a type of alternative tuning for one of my guitars. I had mixed steel and nylon strings and tuned the instrument two tones below the usual tuning. The solution surprised me and I took the opportunity to apply this in the recordings.<\/p>\n<p>For the recording, I have selected 24 melodies among children&#8217;s songs, songs of remembrance, songs of students, and folk songs. These are songs that the Japanese would like to be sung for generations in a row and remain in the hearts of people over the centuries. Part of them is played in schools in order to assist in the training of students. Themes like the moon, the sea, the night, the four seasons, homeland, among many others, are sung not only by teachers, but also by parents and grandparents, helping to maintain the musical tradition in the homes of the country of the rising sun.<\/p>\n<p>The option for the \u201cSong\u201d, as a musical genre, favored a differential: the use of melodies originally composed to be sung. The essence of the \u201cSong\u201d is in the alchemy necessary for the fusion between melody and text. Due to this union and technical factors, such as the small extension of the human vocal apparatus, for instance, the difference between the melody of a song and a melody composed for an instrument other than the voice is striking. Using this melodic differential, I tried, through the arrangements, to translate more directly and without the interference of the text the distinctive qualities of each song.<\/p>\n<blockquote><p>\u201cJapanese compositions are relatively little known by our general public, and are more restricted to the environment of the Japanese community in the country.\u00a0 Through this very particular reading, I hope I can contribute in some way to the dissemination and perpetuation of this splendid repertoire.\u201d<\/p><\/blockquote>\n<p>&nbsp;<\/p>\n<h3><strong>The Program<\/strong><\/h3>\n<p><span style=\"color: #666699;\"><strong>1 \u2013 <em>Momiji<\/em> <\/strong><\/span>(T. Takano\/T. Okano)<br \/>\nAutumn Leaf<\/p>\n<p><span style=\"color: #666699;\"><strong>2 \u2013 <em>Medakanogakkou<\/em> <\/strong><\/span>(S. Chaki\/Y. Nakada)<br \/>\nSchool of Small Fish<\/p>\n<p><span style=\"color: #666699;\"><strong>3 \u2013 <em>Sato no Aki<\/em><\/strong><\/span> (N. Saito\/M. Uminuma)<br \/>\n<em>Autumn in the Field<\/em><\/p>\n<p><strong><span style=\"color: #666699;\">4 \u2013 <em>Yuricago no Uta<\/em><\/span><\/strong> (H. Kitahara\/S. Kusakawa)<br \/>\nCradle Song<\/p>\n<p><strong><span style=\"color: #666699;\">5 \u2013 <em>Konomichi<\/em><\/span><\/strong> (T. Takano\/T. Okano)<br \/>\nThis Way<\/p>\n<p><strong><span style=\"color: #666699;\">6 \u2013 <em>Kojo no<\/em> <em>Tsuki<\/em><\/span><\/strong> (B. Doir\/R. Taki)<br \/>\nMoonlight over a Ruined Castle<\/p>\n<p><span style=\"color: #666699;\"><strong>7 \u2013 <em>Haha no Uta<\/em><\/strong><\/span> (Y. Nogami\/K. Simofusa)<br \/>\nMom&#8217;s Song<\/p>\n<p><strong><span style=\"color: #666699;\">8 \u2013 <em>Akatombo<\/em><\/span><\/strong> (R. Miki\/K. Yamada)<br \/>\nDragonflies at Dusk<\/p>\n<p><strong><span style=\"color: #666699;\">9 \u2013 <em>Sakura Sakura<\/em><\/span><\/strong> (traditional)<br \/>\nCherry Blossoms<\/p>\n<p><strong><span style=\"color: #666699;\">10 \u2013 <em>Sunayama<\/em><\/span><\/strong> (H. Kitahara\/S. Nakayama)<br \/>\nDunes<\/p>\n<p><span style=\"color: #666699;\"><strong>11 \u2013 <em>Nanatsu no ko<\/em><\/strong><\/span> (U. Noguchi\/N. Motoi)<br \/>\nSeven Baby Crows<\/p>\n<p>&nbsp;<\/p>\n<p><img loading=\"lazy\" decoding=\"async\" class=\"img-responsive img-fluid aligncenter wp-image-13520\" src=\"https:\/\/fjsp.org.br\/fjsp\/wp-content\/uploads\/2020\/11\/foto-site-camilo-1-tiago-sormani.jpg\" sizes=\"(max-width: 500px) 100vw, 500px\" srcset=\"https:\/\/fjsp.org.br\/fjsp\/wp-content\/uploads\/2020\/11\/foto-site-camilo-1-tiago-sormani.jpg 1000w, https:\/\/fjsp.org.br\/fjsp\/wp-content\/uploads\/2020\/11\/foto-site-camilo-1-tiago-sormani-280x194.jpg 280w, https:\/\/fjsp.org.br\/fjsp\/wp-content\/uploads\/2020\/11\/foto-site-camilo-1-tiago-sormani-768x532.jpg 768w, https:\/\/fjsp.org.br\/fjsp\/wp-content\/uploads\/2020\/11\/foto-site-camilo-1-tiago-sormani-340x236.jpg 340w, https:\/\/fjsp.org.br\/fjsp\/wp-content\/uploads\/2020\/11\/foto-site-camilo-1-tiago-sormani-220x152.jpg 220w, https:\/\/fjsp.org.br\/fjsp\/wp-content\/uploads\/2020\/11\/foto-site-camilo-1-tiago-sormani-100x69.jpg 100w, https:\/\/fjsp.org.br\/fjsp\/wp-content\/uploads\/2020\/11\/foto-site-camilo-1-tiago-sormani-130x90.jpg 130w, https:\/\/fjsp.org.br\/fjsp\/wp-content\/uploads\/2020\/11\/foto-site-camilo-1-tiago-sormani-460x319.jpg 460w\" alt=\"\" width=\"500\" height=\"347\" \/><\/p>\n<p>&nbsp;<\/p>\n<p><span data-contrast=\"auto\">Watch Camilo Carrara<\/span><span data-contrast=\"auto\">\u2018s\u00a0<\/span><span data-contrast=\"auto\">performance<\/span><span data-contrast=\"auto\">\u00a0in the\u00a0<\/span><span data-contrast=\"auto\">Music in the Castle<\/span>\u00a0<span data-contrast=\"auto\">project.<\/span><span data-ccp-props=\"{&quot;335551550&quot;:6,&quot;335551620&quot;:6}\">\u00a0<\/span><\/p>\n<p>&nbsp;<\/p>\n<div class='cleaner'><\/div>\n<div class='videoWrapper embed-responsive embed-responsive-16by9 ratio ratio-16x9'><iframe title=\"Projeto M\u00fasica no Castelo - CAMILO CARRARA (Viol\u00e3o)\" width=\"700\" height=\"394\" src=\"https:\/\/www.youtube.com\/embed\/EYCCgrk9aSo?feature=oembed\" frameborder=\"0\" allow=\"accelerometer; autoplay; clipboard-write; encrypted-media; gyroscope; picture-in-picture\" allowfullscreen><\/iframe><\/div>\n<p>&nbsp;<\/p>\n<h3 style=\"text-align: center;\"><strong><a href=\"https:\/\/fjsp.org.br\/fjsp\/agenda\/music-in-the-castle\/\">Music in the Castle<\/a><\/strong><\/h3>\n","protected":false},"excerpt":{"rendered":"<p>Portugu\u00eas | \u65e5\u672c\u8a9e | Espa\u00f1ol &nbsp; In this seventh program of the solo concerts of the &#8220;Music in the Castle&#8221; series, we will present the guitar with the musician, guitarist and music producer Camilo Carrara, interpreting songs from his renowned work \u201cCan\u00e7\u00f5es do Sol Nascente\u201d (Songs of the Rising Sun). &nbsp; &nbsp; The Guitar The [&hellip;]<\/p>\n","protected":false},"author":1,"featured_media":0,"parent":0,"menu_order":0,"comment_status":"closed","ping_status":"closed","template":"","meta":{"_acf_changed":false,"footnotes":""},"class_list":["post-16296","page","type-page","status-publish","hentry"],"acf":[],"_links":{"self":[{"href":"https:\/\/fjsp.org.br\/fjsp\/wp-json\/wp\/v2\/pages\/16296","targetHints":{"allow":["GET"]}}],"collection":[{"href":"https:\/\/fjsp.org.br\/fjsp\/wp-json\/wp\/v2\/pages"}],"about":[{"href":"https:\/\/fjsp.org.br\/fjsp\/wp-json\/wp\/v2\/types\/page"}],"author":[{"embeddable":true,"href":"https:\/\/fjsp.org.br\/fjsp\/wp-json\/wp\/v2\/users\/1"}],"replies":[{"embeddable":true,"href":"https:\/\/fjsp.org.br\/fjsp\/wp-json\/wp\/v2\/comments?post=16296"}],"version-history":[{"count":2,"href":"https:\/\/fjsp.org.br\/fjsp\/wp-json\/wp\/v2\/pages\/16296\/revisions"}],"predecessor-version":[{"id":16354,"href":"https:\/\/fjsp.org.br\/fjsp\/wp-json\/wp\/v2\/pages\/16296\/revisions\/16354"}],"wp:attachment":[{"href":"https:\/\/fjsp.org.br\/fjsp\/wp-json\/wp\/v2\/media?parent=16296"}],"curies":[{"name":"wp","href":"https:\/\/api.w.org\/{rel}","templated":true}]}}