{"id":16299,"date":"2021-04-02T18:10:37","date_gmt":"2021-04-02T21:10:37","guid":{"rendered":"https:\/\/fjsp.org.br\/fjsp\/?page_id=16299"},"modified":"2021-04-21T14:32:20","modified_gmt":"2021-04-21T17:32:20","slug":"musica-no-castelo-camilo-carrara-esp","status":"publish","type":"page","link":"https:\/\/fjsp.org.br\/fjsp\/musica-no-castelo-camilo-carrara-esp\/","title":{"rendered":"Camilo Carrara (Guitarra)"},"content":{"rendered":"<h5 style=\"text-align: right;\"><a href=\"https:\/\/fjsp.org.br\/fjsp\/musica-no-castelo-camilo-carrara-jap\/\">\u65e5\u672c\u8a9e<\/a> | <a href=\"https:\/\/fjsp.org.br\/fjsp\/musica-no-castelo-camilo-carrara-ing\/\">English<\/a> | <a href=\"https:\/\/fjsp.org.br\/fjsp\/musica-no-castelo-camilo-carrara\/\">Portugu\u00eas<\/a><\/h5>\n<p>&nbsp;<\/p>\n<p>En este s\u00e9ptimo programa de la serie de conciertos solistas \u201cM\u00fasica en el Castillo\u201d presentaremos la guitarra, con el m\u00fasico, guitarrista y productor musical Camilo Carrara, interpretando canciones de su consagrado trabajo \u201cCanciones del Sol Naciente\u201d.<\/p>\n<p>&nbsp;<\/p>\n<p><img fetchpriority=\"high\" decoding=\"async\" class=\"img-responsive img-fluid wp-image-13522 aligncenter\" src=\"https:\/\/fjsp.org.br\/fjsp\/wp-content\/uploads\/2020\/11\/foto-site-camilo-perfil.jpg\" sizes=\"(max-width: 500px) 100vw, 500px\" srcset=\"https:\/\/fjsp.org.br\/fjsp\/wp-content\/uploads\/2020\/11\/foto-site-camilo-perfil.jpg 900w, https:\/\/fjsp.org.br\/fjsp\/wp-content\/uploads\/2020\/11\/foto-site-camilo-perfil-280x195.jpg 280w, https:\/\/fjsp.org.br\/fjsp\/wp-content\/uploads\/2020\/11\/foto-site-camilo-perfil-768x536.jpg 768w, https:\/\/fjsp.org.br\/fjsp\/wp-content\/uploads\/2020\/11\/foto-site-camilo-perfil-340x237.jpg 340w, https:\/\/fjsp.org.br\/fjsp\/wp-content\/uploads\/2020\/11\/foto-site-camilo-perfil-220x154.jpg 220w, https:\/\/fjsp.org.br\/fjsp\/wp-content\/uploads\/2020\/11\/foto-site-camilo-perfil-100x70.jpg 100w, https:\/\/fjsp.org.br\/fjsp\/wp-content\/uploads\/2020\/11\/foto-site-camilo-perfil-130x91.jpg 130w, https:\/\/fjsp.org.br\/fjsp\/wp-content\/uploads\/2020\/11\/foto-site-camilo-perfil-460x321.jpg 460w\" alt=\"\" width=\"500\" height=\"349\" \/><\/p>\n<p>&nbsp;<\/p>\n<h3><strong>La Guitarra<\/strong><\/h3>\n<p>La guitarra es un instrumento de cuerdas, con una caja, hecha generalmente de madera, que genera una ac\u00fastica facilitando la propagaci\u00f3n del sonido.<\/p>\n<p>La historia de la guitarra nos remite a aproximadamente el a\u00f1o 2.000 a.C. Tuvo una gran transformaci\u00f3n hasta llegar al instrumento que conocemos en los d\u00edas de hoy. Fue en Grecia, el registro del antepasado de la guitarra, un caparaz\u00f3n de tortuga cerrado con cuero de buey, teniendo como cuerdas tripas de carnero estiradas. Ese es el m\u00e1s remoto registro de la guitarra.<\/p>\n<p>Derivada del la\u00fad \u00e1rabe, fue llevada por los musulmanes a la Pen\u00ednsula Ib\u00e9rica, adapt\u00e1ndose muy bien a las actividades de la Corte. Hay tambi\u00e9n la hip\u00f3tesis que atribuye su origen a la c\u00edtara romana, habi\u00e9ndose expandido su uso con la dominaci\u00f3n del Imperio Romano.<\/p>\n<p>Otro pariente es la viola de mano o vihuela, un instrumento de cuerdas ib\u00e9rico parecido con el la\u00fad renacentista, pero que no es un antepasado de la guitarra, con la cual coexist\u00eda, aunque comparten un formato parecido.<\/p>\n<p>&nbsp;<\/p>\n<p style=\"text-align: center;\"><img decoding=\"async\" class=\"img-responsive img-fluid wp-image-13536 aligncenter\" src=\"https:\/\/fjsp.org.br\/fjsp\/wp-content\/uploads\/2020\/11\/whatsapp-image-2020-11-13-at-152536.jpeg\" sizes=\"(max-width: 500px) 100vw, 500px\" srcset=\"https:\/\/fjsp.org.br\/fjsp\/wp-content\/uploads\/2020\/11\/whatsapp-image-2020-11-13-at-152536.jpeg 600w, https:\/\/fjsp.org.br\/fjsp\/wp-content\/uploads\/2020\/11\/whatsapp-image-2020-11-13-at-152536-280x198.jpeg 280w, https:\/\/fjsp.org.br\/fjsp\/wp-content\/uploads\/2020\/11\/whatsapp-image-2020-11-13-at-152536-340x241.jpeg 340w, https:\/\/fjsp.org.br\/fjsp\/wp-content\/uploads\/2020\/11\/whatsapp-image-2020-11-13-at-152536-220x156.jpeg 220w, https:\/\/fjsp.org.br\/fjsp\/wp-content\/uploads\/2020\/11\/whatsapp-image-2020-11-13-at-152536-100x71.jpeg 100w, https:\/\/fjsp.org.br\/fjsp\/wp-content\/uploads\/2020\/11\/whatsapp-image-2020-11-13-at-152536-130x92.jpeg 130w, https:\/\/fjsp.org.br\/fjsp\/wp-content\/uploads\/2020\/11\/whatsapp-image-2020-11-13-at-152536-460x326.jpeg 460w\" alt=\"\" width=\"500\" height=\"354\" aria-describedby=\"caption-attachment-13536\" \/>Vihuela<\/p>\n<p>&nbsp;<\/p>\n<p>A fines del siglo 16, la viola de mano cay\u00f3 en desuso y entr\u00f3 en la moda la guitarra barroca de cinco cuerdas, para la cual fueron frecuentes las modificaciones a fin de adaptarla a las nuevas exigencias; un hecho que posiblemente haya influenciado para que pocas vihuelas originales se hayan conservado.<\/p>\n<p>En 1832, Louis Panormo construy\u00f3 un instrumento muy pr\u00f3ximo al que conocemos en la actualidad como guitarra cl\u00e1sica, aunque menor y con cintura m\u00e1s acentuada. En 1859, el luthier espa\u00f1ol Antonio de Torres Jurado cre\u00f3 el instrumento que, actualmente, define su historia, torn\u00e1ndose la guitarra cl\u00e1sica.<\/p>\n<p>La primera noticia que se tiene sobre este instrumento en Brasil ocurre en el siglo 17, en San Pablo. La confusi\u00f3n entre la viola y la guitarra comienza en mediados del siglo 19, cuando la viola es usada con una afinaci\u00f3n propia de la guitarra, es decir, la, re, sol, si, mi.<\/p>\n<p>En este contexto de la colonizaci\u00f3n tenemos la introducci\u00f3n de la viola (instrumento de 10 o 5 cuerdas dobles), tra\u00edda por los portugueses a Brasil. Durante cierto tiempo, tambi\u00e9n hubo una confusi\u00f3n en relaci\u00f3n con los t\u00e9rminos viola \/ guitarra en Brasil. Hoy en d\u00eda, sin embargo, la discrepancia entre los dos instrumentos es notoria.<\/p>\n<p>&nbsp;<\/p>\n<p><img decoding=\"async\" class=\"img-responsive img-fluid aligncenter wp-image-13523\" src=\"https:\/\/fjsp.org.br\/fjsp\/wp-content\/uploads\/2020\/11\/foto-site-camilo-violao.jpg\" sizes=\"(max-width: 500px) 100vw, 500px\" srcset=\"https:\/\/fjsp.org.br\/fjsp\/wp-content\/uploads\/2020\/11\/foto-site-camilo-violao.jpg 1000w, https:\/\/fjsp.org.br\/fjsp\/wp-content\/uploads\/2020\/11\/foto-site-camilo-violao-280x210.jpg 280w, https:\/\/fjsp.org.br\/fjsp\/wp-content\/uploads\/2020\/11\/foto-site-camilo-violao-768x576.jpg 768w, https:\/\/fjsp.org.br\/fjsp\/wp-content\/uploads\/2020\/11\/foto-site-camilo-violao-340x255.jpg 340w, https:\/\/fjsp.org.br\/fjsp\/wp-content\/uploads\/2020\/11\/foto-site-camilo-violao-220x165.jpg 220w, https:\/\/fjsp.org.br\/fjsp\/wp-content\/uploads\/2020\/11\/foto-site-camilo-violao-100x75.jpg 100w, https:\/\/fjsp.org.br\/fjsp\/wp-content\/uploads\/2020\/11\/foto-site-camilo-violao-130x98.jpg 130w, https:\/\/fjsp.org.br\/fjsp\/wp-content\/uploads\/2020\/11\/foto-site-camilo-violao-460x345.jpg 460w\" alt=\"\" width=\"500\" height=\"375\" \/><\/p>\n<p>&nbsp;<\/p>\n<p>La utilizaci\u00f3n de la guitarra es una de las m\u00e1s diversificadas, pudiendo ser utilizada tanto en la m\u00fasica instrumental (orquestas) como en acompa\u00f1amiento de la voz (canciones solistas). Durante un per\u00edodo de la historia, la guitarra fue difamada, por el hecho de ser el instrumento preferido de los bohemios y cantores de serenatas. No obstante, el t\u00edtulo de \u201cinstrumento marginal\u201d, \u201ccosa de vagabundo\u201d, ya fue superado.<\/p>\n<p>La m\u00fasica brasileira para guitarra tiene como base la peque\u00f1a obra de Heitor Villa-Lobos, importante guitarrista nacional. Habiendo su vida sido adaptada para el cine (Villa-Lobos \u2013 Una Vida de Pasi\u00f3n, 2000), el m\u00fasico es autor, entre otras obras, de Doce Estudios para Guitarra.<\/p>\n<p>Brasil cultiv\u00f3 su propia escuela de guitarristas, pudi\u00e9ndose citar, entre ellos, a Clementino Lisboa, quien inici\u00f3 conciertos de guitarra en p\u00fablico, presentando el instrumento para la elite de la ciudad de Rio de Janeiro; Joaquim Santos, fundador de la revista O Viol\u00e3o (La Guitarra); An\u00edbal Sardinha, precursor de la bossa-nova; Jorge do Fusa; Am\u00e9rico Jacomino; Nicanor Teixeira; entre otros.<\/p>\n<p>En Jap\u00f3n, la guitarra se torn\u00f3 un instrumento muy popular, muy utilizado tanto en la m\u00fasica erudita como en la popular japonesa. Corresponde recordar el bello trabajo de luter\u00eda realizado por japoneses, quienes, actualmente, tienen grandes nombres en el escenario musical mundial.<\/p>\n<p>&nbsp;<\/p>\n<h3><strong>Camilo Carrara<\/strong><\/h3>\n<p>Director y productor musical, guitarrista, multiinstrumentista, arreglador, compositor, profesor y consultor de sound branding (identidad sonora de las marcas). Licenciado por el Departamento de M\u00fasica de la Escuela de Comunicaciones y Artes de la Universidad de San Pablo y Especialista en Gesti\u00f3n de Marketing Estrat\u00e9gico, con Maestr\u00eda, por la Facultad de Econom\u00eda y Administraci\u00f3n de la Universidad de San Pablo. Profesor de guitarra del National Music Festival, en Maryland (Estados Unidos de Am\u00e9rica) y del Departamento de M\u00fasica de la Facultad Cantareira, en San Pablo. Su discograf\u00eda consiste en m\u00e1s de 80 CDs, entre colaboraciones y trabajos solista.<\/p>\n<p>&nbsp;<\/p>\n<p><img loading=\"lazy\" decoding=\"async\" class=\"img-responsive img-fluid aligncenter wp-image-13521\" src=\"https:\/\/fjsp.org.br\/fjsp\/wp-content\/uploads\/2020\/11\/foto-site-camilo-2-tiago-sormani.jpg\" sizes=\"(max-width: 500px) 100vw, 500px\" srcset=\"https:\/\/fjsp.org.br\/fjsp\/wp-content\/uploads\/2020\/11\/foto-site-camilo-2-tiago-sormani.jpg 1000w, https:\/\/fjsp.org.br\/fjsp\/wp-content\/uploads\/2020\/11\/foto-site-camilo-2-tiago-sormani-280x194.jpg 280w, https:\/\/fjsp.org.br\/fjsp\/wp-content\/uploads\/2020\/11\/foto-site-camilo-2-tiago-sormani-768x532.jpg 768w, https:\/\/fjsp.org.br\/fjsp\/wp-content\/uploads\/2020\/11\/foto-site-camilo-2-tiago-sormani-340x236.jpg 340w, https:\/\/fjsp.org.br\/fjsp\/wp-content\/uploads\/2020\/11\/foto-site-camilo-2-tiago-sormani-220x152.jpg 220w, https:\/\/fjsp.org.br\/fjsp\/wp-content\/uploads\/2020\/11\/foto-site-camilo-2-tiago-sormani-100x69.jpg 100w, https:\/\/fjsp.org.br\/fjsp\/wp-content\/uploads\/2020\/11\/foto-site-camilo-2-tiago-sormani-130x90.jpg 130w, https:\/\/fjsp.org.br\/fjsp\/wp-content\/uploads\/2020\/11\/foto-site-camilo-2-tiago-sormani-460x319.jpg 460w\" alt=\"\" width=\"500\" height=\"347\" \/><\/p>\n<p>&nbsp;<\/p>\n<h3><strong>Las m\u00fasicas<\/strong><\/h3>\n<p>\u201cLa idea de grabar un CD con m\u00fasicas japonesas naci\u00f3 en enero de 2002, en Po\u00e7os de Caldas-Estado de Minas Gerais, Brasil. Yo hab\u00eda sido invitado por mi amigo F\u00e1bio Zanon para trabajar como su asistente en el III Festival de M\u00fasica en las Monta\u00f1as. Durante el Festival, o\u00ed, por la primera vez, un arreglo de una canci\u00f3n japonesa hecho para guitarra solista. Era un arreglo de Sakura, canci\u00f3n tradicional compuesta a fines del siglo 19. Me qued\u00e9 realmente impresionado \u2013 me sedujo el ambiente creado por el casamiento de aquella melod\u00eda con la sonoridad de la guitarra. Durante un buen tiempo, aquel sonido no sali\u00f3 de mi cabeza.<\/p>\n<p>De vuelta a San Pablo, busqu\u00e9 much\u00edsimo en la ciudad partituras de m\u00fasicas japonesas y encontr\u00e9 poco. Despu\u00e9s de mucha investigaci\u00f3n, gan\u00e9 como regalo, del amigo Akira Joko, una colecci\u00f3n de canciones tra\u00eddas directamente de Jap\u00f3n. El libro, totalmente escrito en japon\u00e9s, presentaba 189 melod\u00edas cifradas. En el mismo d\u00eda, inici\u00e9 el trabajo de leer, una a una, las melod\u00edas del \u00e1lbum, seleccionando las que m\u00e1s me impactaban. Transcurridos algunos meses, decid\u00ed hacer una prueba: reserv\u00e9 una hora en el estudio y grab\u00e9, como improvisaci\u00f3n, varias de las canciones seleccionadas. En esa \u00e9poca, estaba investigando un tipo de afinaci\u00f3n alternativa para una de mis guitarras. Mezcl\u00e9 encordaduras de acero y nailon, y afin\u00e9 el instrumento dos tonos abajo de la afinaci\u00f3n usual. La soluci\u00f3n me sorprendi\u00f3 y aprovech\u00e9 para utilizar en las grabaciones.<\/p>\n<p>Para hacer la grabaci\u00f3n, seleccion\u00e9 24 melod\u00edas entre cantigas infantiles, canciones de recuerdos, canciones de estudiantes y canciones folcl\u00f3ricas. Son canciones que los japoneses gustar\u00edan que fuesen cantadas por las generaciones siguientes y que permaneciesen en el coraz\u00f3n del pueblo a lo largo de los siglos. Parte de ellas se utiliza en las escuelas con el objetivo de ayudar en la formaci\u00f3n de los estudiantes. Temas como la luna, el mar, la noche, las cuatro estaciones, la tierra natal, entre muchos otros, son cantados no solo por profesores, sino tamb\u00e9m por padres y abuelos, ayudando a mantener la tradici\u00f3n musical en los hogares del pa\u00eds del sol naciente.<\/p>\n<p>La opci\u00f3n por la selecci\u00f3n de la \u201cCanci\u00f3n\u201d, como g\u00e9nero musical, privilegi\u00f3 un diferencial: la utilizaci\u00f3n de melod\u00edas compuestas, originalmente, para ser cantadas. La esencia de la \u201cCanci\u00f3n\u201d est\u00e1 en la alquimia necesaria para la fusi\u00f3n entre melod\u00eda y texto. Por cuenta de esa uni\u00f3n y de factores t\u00e9cnicos, como la peque\u00f1a extensi\u00f3n del aparato vocal humano, por ejemplo, es notoria la diferencia entre la melod\u00eda de una canci\u00f3n y una melod\u00eda compuesta para otro instrumento que no sea la voz. Vali\u00e9ndose de ese diferencial mel\u00f3dico, procur\u00e9, mediante los arreglos, traducir de forma m\u00e1s directa, sin la interferencia del texto, las cualidades caracter\u00edsticas de cada m\u00fasica.<\/p>\n<blockquote><p>La composici\u00f3n japonesa es relativamente poco conocida por nuestro p\u00fablico en general, qued\u00e1ndose m\u00e1s restricta al ambiente de la comunidad nip\u00f3nica en Brasil. Espero, por medio de esta lectura muy especial, poder contribuir, de alguna manera, para la divulgaci\u00f3n y perpetuaci\u00f3n de ese admirable repertorio.\u201d<\/p><\/blockquote>\n<p>&nbsp;<\/p>\n<h3><strong>El Programa<\/strong><\/h3>\n<p><em><span style=\"color: #666699;\"><strong>1 \u2013 Momiji<\/strong> <\/span><\/em>(T. Takano\/T. Okano)<br \/>\nHoja de oto\u00f1o<\/p>\n<p><span style=\"color: #666699;\"><em><strong>2 \u2013 Medakano gakkou<\/strong><\/em><\/span> (S. Chaki\/Y. Nakada)<br \/>\nEscuela de peces peque\u00f1os<\/p>\n<p><span style=\"color: #666699;\"><em><strong>3 \u2013 Sato no aki<\/strong> <\/em><\/span>(N. Saito\/M. Uminuma)<br \/>\nOto\u00f1o en el campo<\/p>\n<p><span style=\"color: #666699;\"><em><strong>4 \u2013 Yuricago no uta<\/strong><\/em><\/span> (H. Kitahara\/S. Kusakawa)<br \/>\nCanci\u00f3n de la cuna<\/p>\n<p><em><strong><span style=\"color: #666699;\">5 \u2013 Kono michi<\/span> <\/strong><\/em>(T. Takano\/T. Okano)<br \/>\nEste camino<\/p>\n<p><em><strong><span style=\"color: #666699;\">6 \u2013 Kojo no tsuki<\/span><\/strong><\/em> (B. Doir\/R. Taki)<br \/>\nClaro de luna sobre castillo en ruinas<\/p>\n<p><span style=\"color: #666699;\"><em><strong>7 \u2013 Haha no uta<\/strong><\/em><\/span> (Y. Nogami\/K. Simofusa)<br \/>\nCanci\u00f3n de la mamita<\/p>\n<p><span style=\"color: #666699;\"><em><strong>8 \u2013 Akatombo<\/strong><\/em> <\/span>(R. Miki\/K. Yamada)<br \/>\nLib\u00e9lulas al atardecer<\/p>\n<p><em><strong><span style=\"color: #666699;\">9 \u2013 Sakura sakura<\/span> <\/strong><\/em>(tradicional)<br \/>\nCerezos en flor<\/p>\n<p><span style=\"color: #666699;\"><em><strong>10 \u2013 Sunayama<\/strong><\/em><\/span> (H. Kitahara\/S. Nakayama)<br \/>\nDunas<\/p>\n<p><span style=\"color: #666699;\"><strong><em>11 \u2013 Nanatsu no ko<\/em><\/strong><\/span> (U. Noguchi\/N. Motoi)<br \/>\nSiete hijitos<\/p>\n<p>&nbsp;<\/p>\n<p><img loading=\"lazy\" decoding=\"async\" class=\"img-responsive img-fluid aligncenter wp-image-13520\" src=\"https:\/\/fjsp.org.br\/fjsp\/wp-content\/uploads\/2020\/11\/foto-site-camilo-1-tiago-sormani.jpg\" sizes=\"(max-width: 500px) 100vw, 500px\" srcset=\"https:\/\/fjsp.org.br\/fjsp\/wp-content\/uploads\/2020\/11\/foto-site-camilo-1-tiago-sormani.jpg 1000w, https:\/\/fjsp.org.br\/fjsp\/wp-content\/uploads\/2020\/11\/foto-site-camilo-1-tiago-sormani-280x194.jpg 280w, https:\/\/fjsp.org.br\/fjsp\/wp-content\/uploads\/2020\/11\/foto-site-camilo-1-tiago-sormani-768x532.jpg 768w, https:\/\/fjsp.org.br\/fjsp\/wp-content\/uploads\/2020\/11\/foto-site-camilo-1-tiago-sormani-340x236.jpg 340w, https:\/\/fjsp.org.br\/fjsp\/wp-content\/uploads\/2020\/11\/foto-site-camilo-1-tiago-sormani-220x152.jpg 220w, https:\/\/fjsp.org.br\/fjsp\/wp-content\/uploads\/2020\/11\/foto-site-camilo-1-tiago-sormani-100x69.jpg 100w, https:\/\/fjsp.org.br\/fjsp\/wp-content\/uploads\/2020\/11\/foto-site-camilo-1-tiago-sormani-130x90.jpg 130w, https:\/\/fjsp.org.br\/fjsp\/wp-content\/uploads\/2020\/11\/foto-site-camilo-1-tiago-sormani-460x319.jpg 460w\" alt=\"\" width=\"500\" height=\"347\" \/><\/p>\n<p>&nbsp;<\/p>\n<p>Asista a la presentaci\u00f3n de Camilo Carrara en el proyecto \u201cM\u00fasica en el Castillo\u201d.<\/p>\n<p>&nbsp;<\/p>\n<div class='cleaner'><\/div>\n<div class='videoWrapper embed-responsive embed-responsive-16by9 ratio ratio-16x9'><iframe title=\"Projeto M\u00fasica no Castelo - CAMILO CARRARA (Viol\u00e3o)\" width=\"700\" height=\"394\" src=\"https:\/\/www.youtube.com\/embed\/EYCCgrk9aSo?feature=oembed\" frameborder=\"0\" allow=\"accelerometer; autoplay; clipboard-write; encrypted-media; gyroscope; picture-in-picture\" allowfullscreen><\/iframe><\/div>\n<p>&nbsp;<\/p>\n<h3 style=\"text-align: center;\"><a href=\"https:\/\/fjsp.org.br\/fjsp\/agenda\/musica-en-el-castillo\/\"><strong>M\u00fasica en el Castillo<\/strong><\/a><\/h3>\n","protected":false},"excerpt":{"rendered":"<p>\u65e5\u672c\u8a9e | English | Portugu\u00eas &nbsp; En este s\u00e9ptimo programa de la serie de conciertos solistas \u201cM\u00fasica en el Castillo\u201d presentaremos la guitarra, con el m\u00fasico, guitarrista y productor musical Camilo Carrara, interpretando canciones de su consagrado trabajo \u201cCanciones del Sol Naciente\u201d. &nbsp; &nbsp; La Guitarra La guitarra es un instrumento de cuerdas, con una [&hellip;]<\/p>\n","protected":false},"author":1,"featured_media":0,"parent":0,"menu_order":0,"comment_status":"closed","ping_status":"closed","template":"","meta":{"_acf_changed":false,"footnotes":""},"class_list":["post-16299","page","type-page","status-publish","hentry"],"acf":[],"_links":{"self":[{"href":"https:\/\/fjsp.org.br\/fjsp\/wp-json\/wp\/v2\/pages\/16299","targetHints":{"allow":["GET"]}}],"collection":[{"href":"https:\/\/fjsp.org.br\/fjsp\/wp-json\/wp\/v2\/pages"}],"about":[{"href":"https:\/\/fjsp.org.br\/fjsp\/wp-json\/wp\/v2\/types\/page"}],"author":[{"embeddable":true,"href":"https:\/\/fjsp.org.br\/fjsp\/wp-json\/wp\/v2\/users\/1"}],"replies":[{"embeddable":true,"href":"https:\/\/fjsp.org.br\/fjsp\/wp-json\/wp\/v2\/comments?post=16299"}],"version-history":[{"count":2,"href":"https:\/\/fjsp.org.br\/fjsp\/wp-json\/wp\/v2\/pages\/16299\/revisions"}],"predecessor-version":[{"id":16304,"href":"https:\/\/fjsp.org.br\/fjsp\/wp-json\/wp\/v2\/pages\/16299\/revisions\/16304"}],"wp:attachment":[{"href":"https:\/\/fjsp.org.br\/fjsp\/wp-json\/wp\/v2\/media?parent=16299"}],"curies":[{"name":"wp","href":"https:\/\/api.w.org\/{rel}","templated":true}]}}