{"id":16306,"date":"2021-04-02T18:32:47","date_gmt":"2021-04-02T21:32:47","guid":{"rendered":"https:\/\/fjsp.org.br\/fjsp\/?page_id=16306"},"modified":"2021-04-21T20:59:46","modified_gmt":"2021-04-21T23:59:46","slug":"musica-no-castelo-yoko-nishi-esp","status":"publish","type":"page","link":"https:\/\/fjsp.org.br\/fjsp\/musica-no-castelo-yoko-nishi-esp\/","title":{"rendered":"Yoko Nishi (Koto)"},"content":{"rendered":"<h5 style=\"text-align: right;\"><a href=\"https:\/\/fjsp.org.br\/fjsp\/musica-no-castelo-yoko-nishi-jap\/\">\u65e5\u672c\u8a9e<\/a> | <a href=\"https:\/\/fjsp.org.br\/fjsp\/musica-no-castelo-yoko-nishi-ing\/\">English<\/a> | <a href=\"https:\/\/fjsp.org.br\/fjsp\/musica-no-castelo-yoko-nishi\/\">Portugu\u00eas<\/a><\/h5>\n<p>&nbsp;<\/p>\n<p>En esta octava edici\u00f3n de la serie de conciertos solistas \u201cM\u00fasica en el Castillo\u201d tendremos, de vuelta, el noble instrumento koto, un instrumento con muchos recursos t\u00e9cnicos y de timbres, que se fueron desarrollando a lo largo de los a\u00f1os. Compositores e int\u00e9rpretes crearon nuevos repertorios musicales para el instrumento tradicional, como es el caso de este concierto, en el cual el compositor Tadao Sawai y la instrumentista Yoko Nishi traen una visi\u00f3n de un universo moderno y contempor\u00e1neo.<\/p>\n<p>&nbsp;<\/p>\n<p><img fetchpriority=\"high\" decoding=\"async\" class=\"img-responsive img-fluid aligncenter wp-image-13734\" src=\"https:\/\/fjsp.org.br\/fjsp\/wp-content\/uploads\/2020\/11\/110701yokonishi0634-scaled.jpg\" sizes=\"(max-width: 500px) 100vw, 500px\" srcset=\"https:\/\/fjsp.org.br\/fjsp\/wp-content\/uploads\/2020\/11\/110701yokonishi0634-scaled.jpg 2560w, https:\/\/fjsp.org.br\/fjsp\/wp-content\/uploads\/2020\/11\/110701yokonishi0634-280x186.jpg 280w, https:\/\/fjsp.org.br\/fjsp\/wp-content\/uploads\/2020\/11\/110701yokonishi0634-768x511.jpg 768w, https:\/\/fjsp.org.br\/fjsp\/wp-content\/uploads\/2020\/11\/110701yokonishi0634-1536x1022.jpg 1536w, https:\/\/fjsp.org.br\/fjsp\/wp-content\/uploads\/2020\/11\/110701yokonishi0634-2048x1363.jpg 2048w, https:\/\/fjsp.org.br\/fjsp\/wp-content\/uploads\/2020\/11\/110701yokonishi0634-340x226.jpg 340w, https:\/\/fjsp.org.br\/fjsp\/wp-content\/uploads\/2020\/11\/110701yokonishi0634-220x146.jpg 220w, https:\/\/fjsp.org.br\/fjsp\/wp-content\/uploads\/2020\/11\/110701yokonishi0634-100x67.jpg 100w, https:\/\/fjsp.org.br\/fjsp\/wp-content\/uploads\/2020\/11\/110701yokonishi0634-130x87.jpg 130w, https:\/\/fjsp.org.br\/fjsp\/wp-content\/uploads\/2020\/11\/110701yokonishi0634-460x306.jpg 460w\" alt=\"\" width=\"500\" height=\"333\" \/><\/p>\n<p>&nbsp;<\/p>\n<p>El arpa horizontal japonesa, o una c\u00edtara grande, ya pas\u00f3 por el proyecto tocada por la Profesora Tamie Kitahara, en el segundo concierto de la serie, trayendo piezas del repertorio cl\u00e1sico de la m\u00fasica japonesa.<\/p>\n<p>&nbsp;<\/p>\n<h3><strong>El koto<\/strong><\/h3>\n<p>El koto moderno tiene trece cuerdas que pueden ser de seda o nailon. Las cuerdas son afinadas mediante trastes m\u00f3viles, que permiten el cambio de afinaci\u00f3n durante la ejecuci\u00f3n de la m\u00fasica.<\/p>\n<p>&nbsp;<\/p>\n<p><img decoding=\"async\" class=\"img-responsive img-fluid aligncenter wp-image-13747\" src=\"https:\/\/fjsp.org.br\/fjsp\/wp-content\/uploads\/2020\/11\/wagakkimedia03-scaled.jpg\" sizes=\"(max-width: 500px) 100vw, 500px\" srcset=\"https:\/\/fjsp.org.br\/fjsp\/wp-content\/uploads\/2020\/11\/wagakkimedia03-scaled.jpg 2560w, https:\/\/fjsp.org.br\/fjsp\/wp-content\/uploads\/2020\/11\/wagakkimedia03-280x187.jpg 280w, https:\/\/fjsp.org.br\/fjsp\/wp-content\/uploads\/2020\/11\/wagakkimedia03-768x512.jpg 768w, https:\/\/fjsp.org.br\/fjsp\/wp-content\/uploads\/2020\/11\/wagakkimedia03-1536x1025.jpg 1536w, https:\/\/fjsp.org.br\/fjsp\/wp-content\/uploads\/2020\/11\/wagakkimedia03-2048x1366.jpg 2048w, https:\/\/fjsp.org.br\/fjsp\/wp-content\/uploads\/2020\/11\/wagakkimedia03-340x227.jpg 340w, https:\/\/fjsp.org.br\/fjsp\/wp-content\/uploads\/2020\/11\/wagakkimedia03-220x147.jpg 220w, https:\/\/fjsp.org.br\/fjsp\/wp-content\/uploads\/2020\/11\/wagakkimedia03-100x67.jpg 100w, https:\/\/fjsp.org.br\/fjsp\/wp-content\/uploads\/2020\/11\/wagakkimedia03-130x87.jpg 130w, https:\/\/fjsp.org.br\/fjsp\/wp-content\/uploads\/2020\/11\/wagakkimedia03-460x307.jpg 460w\" alt=\"\" width=\"500\" height=\"334\" \/><\/p>\n<p>&nbsp;<\/p>\n<p>El cuerpo est\u00e1 formado por dos planchas de Kiri, el \u00e1rbol de la Imperatriz, con aproximadamente 180 cent\u00edmetros, formando una caja de resonancia. Hay variaciones en el instrumento, como el koto de diecis\u00e9is cuerdas, idealizado por Michio Miyagui, que tendremos la oportunidad de o\u00edr en la m\u00fasica \u201cEl claro de luna sobre el mar\u201d. Esta composici\u00f3n, de Yoko Nishi, ser\u00e1 ejecutada en ese koto de 17 cuerdas, que tambi\u00e9n tiene la funci\u00f3n de tocar el bajo de las m\u00fasicas. Tambi\u00e9n hay otros modelos con 21 y con 80 cuerdas. La mayor\u00eda de las personas, que tocan el koto, son mujeres, por el hecho de que su sonido es suave y gentil, considerado un sonido m\u00e1s dulce. Eso no significa que no haya hombres que tocan el instrumento, no hay preconcepto en relaci\u00f3n a eso. Por ejemplo, en nuestro concierto de la serie \u201cM\u00fasica en el Castillo\u201d tendremos una composici\u00f3n de un profesor e int\u00e9rprete de koto, Tadao Sawai. Actualmente, aument\u00f3 considerablemente el n\u00famero de hombres que tocan koto.<\/p>\n<p>&nbsp;<\/p>\n<p><img decoding=\"async\" class=\"img-responsive img-fluid aligncenter wp-image-13742\" src=\"https:\/\/fjsp.org.br\/fjsp\/wp-content\/uploads\/2020\/11\/instrum-cordas.jpg\" sizes=\"(max-width: 500px) 100vw, 500px\" srcset=\"https:\/\/fjsp.org.br\/fjsp\/wp-content\/uploads\/2020\/11\/instrum-cordas.jpg 640w, https:\/\/fjsp.org.br\/fjsp\/wp-content\/uploads\/2020\/11\/instrum-cordas-280x210.jpg 280w, https:\/\/fjsp.org.br\/fjsp\/wp-content\/uploads\/2020\/11\/instrum-cordas-340x255.jpg 340w, https:\/\/fjsp.org.br\/fjsp\/wp-content\/uploads\/2020\/11\/instrum-cordas-220x165.jpg 220w, https:\/\/fjsp.org.br\/fjsp\/wp-content\/uploads\/2020\/11\/instrum-cordas-100x75.jpg 100w, https:\/\/fjsp.org.br\/fjsp\/wp-content\/uploads\/2020\/11\/instrum-cordas-130x98.jpg 130w, https:\/\/fjsp.org.br\/fjsp\/wp-content\/uploads\/2020\/11\/instrum-cordas-460x345.jpg 460w\" alt=\"\" width=\"500\" height=\"375\" \/><\/p>\n<p>&nbsp;<\/p>\n<p>Durante siglos, la m\u00fasica de koto fue cultivada por la nobleza. En el siglo 17, cuando la popularidad del instrumento comenz\u00f3 a crecer mucho, Yatsuhashi Kengyo fund\u00f3 un estilo independiente, el Yatsuhashi Ryu. En 1664, se imprimi\u00f3 un libro escrito por Sosan Nakamura, Shichiku Shoshin Shu, en el cual constan las partituras de las principales m\u00fasicas de Yatsuhashi Kengyo, Rokudan no Shirabe, Hachidan no Shirabe y Midare, ejecutadas hasta la actualidad. Yatsuhashi cre\u00f3 las afinaciones consideradas las m\u00e1s tradicionales para el koto, el Hira y el \u00a0Kumoi. En aquel siglo, tambi\u00e9n, ocurri\u00f3 la popularizaci\u00f3n del instrumento como acompa\u00f1amiento de danza y como conjunto, formado conjuntamente con shakuhachi y sangen.<\/p>\n<p>Actualmente, existen dos corrientes, la Ikuta Ryu y la Yamada Ryu. La escuela Ikuta fue fundada por Ikuta Kengyo (1757 a 1817), a fines del siglo 17, basada en la transposici\u00f3n de las f\u00f3rmulas existentes del shamisen (sangen) para el koto, principalmente en la alternancia de cantos con instrumentos originados del Jiuta. La caracter\u00edstica fundamental de esta escuela est\u00e1 en su \u00e9nfasis en las t\u00e9cnicas instrumentales.<\/p>\n<p>&nbsp;<\/p>\n<p><img loading=\"lazy\" decoding=\"async\" class=\"img-responsive img-fluid aligncenter wp-image-13737\" src=\"https:\/\/fjsp.org.br\/fjsp\/wp-content\/uploads\/2020\/11\/brasilia.jpg\" sizes=\"(max-width: 500px) 100vw, 500px\" srcset=\"https:\/\/fjsp.org.br\/fjsp\/wp-content\/uploads\/2020\/11\/brasilia.jpg 1280w, https:\/\/fjsp.org.br\/fjsp\/wp-content\/uploads\/2020\/11\/brasilia-280x158.jpg 280w, https:\/\/fjsp.org.br\/fjsp\/wp-content\/uploads\/2020\/11\/brasilia-768x432.jpg 768w, https:\/\/fjsp.org.br\/fjsp\/wp-content\/uploads\/2020\/11\/brasilia-340x191.jpg 340w, https:\/\/fjsp.org.br\/fjsp\/wp-content\/uploads\/2020\/11\/brasilia-220x124.jpg 220w, https:\/\/fjsp.org.br\/fjsp\/wp-content\/uploads\/2020\/11\/brasilia-100x56.jpg 100w, https:\/\/fjsp.org.br\/fjsp\/wp-content\/uploads\/2020\/11\/brasilia-130x73.jpg 130w, https:\/\/fjsp.org.br\/fjsp\/wp-content\/uploads\/2020\/11\/brasilia-460x259.jpg 460w\" alt=\"\" width=\"500\" height=\"281\" \/><\/p>\n<p>&nbsp;<\/p>\n<p>A fines del siglo 18, surgi\u00f3 la escuela Yamada, fundada por Yamada Kengyo (1757 a 1817), basada en narraciones, con m\u00e1s destaque para el canto. Aun considerando algunas piezas de repertorio en com\u00fan, los estilos se diferencian en su orientaci\u00f3n, en la t\u00e9cnica y en el estilo de ejecuci\u00f3n. El formato de la u\u00f1a es diferente. El estilo Ikuta usa el formato rectangular, mientras que el estilo Yamada adopta la forma oval, haciendo con que los instrumentistas se sienten de manera diferente en relaci\u00f3n con el instrumento. El instrumentista de la escuela Ikuta se sienta en un \u00e1ngulo oblicuo, mientras que el de la escuela Yamada se sienta en \u00e1ngulo recto. La posici\u00f3n con la que la mano toca las cuerdas tambi\u00e9n difiere; la escuela Ikuta toca con la mano inclinada en relaci\u00f3n con las cuerdas y la escuela Yamada toca con la mano en la posici\u00f3n vertical.<\/p>\n<p>&nbsp;<\/p>\n<h3><strong>Yoko Nishi<\/strong><\/h3>\n<p>Naci\u00f3 en la ciudad de Wakayama, en Jap\u00f3n, Yoko Nishi transita tanto en el repertorio tradicional como el contempor\u00e1neo de koto. Inici\u00f3 su aprendizaje en el estilo Ikuta, a los cuatro a\u00f1os de edad, bajo la tutela de los m\u00fasicos y compositores Tadao Sawai y Kazue Sawai.<\/p>\n<p>&nbsp;<\/p>\n<p><img loading=\"lazy\" decoding=\"async\" class=\"img-responsive img-fluid aligncenter wp-image-13743\" src=\"https:\/\/fjsp.org.br\/fjsp\/wp-content\/uploads\/2020\/11\/koto-panfleto.jpg\" sizes=\"(max-width: 500px) 100vw, 500px\" srcset=\"https:\/\/fjsp.org.br\/fjsp\/wp-content\/uploads\/2020\/11\/koto-panfleto.jpg 1747w, https:\/\/fjsp.org.br\/fjsp\/wp-content\/uploads\/2020\/11\/koto-panfleto-280x187.jpg 280w, https:\/\/fjsp.org.br\/fjsp\/wp-content\/uploads\/2020\/11\/koto-panfleto-768x512.jpg 768w, https:\/\/fjsp.org.br\/fjsp\/wp-content\/uploads\/2020\/11\/koto-panfleto-1536x1024.jpg 1536w, https:\/\/fjsp.org.br\/fjsp\/wp-content\/uploads\/2020\/11\/koto-panfleto-340x227.jpg 340w, https:\/\/fjsp.org.br\/fjsp\/wp-content\/uploads\/2020\/11\/koto-panfleto-220x147.jpg 220w, https:\/\/fjsp.org.br\/fjsp\/wp-content\/uploads\/2020\/11\/koto-panfleto-100x67.jpg 100w, https:\/\/fjsp.org.br\/fjsp\/wp-content\/uploads\/2020\/11\/koto-panfleto-130x87.jpg 130w, https:\/\/fjsp.org.br\/fjsp\/wp-content\/uploads\/2020\/11\/koto-panfleto-460x307.jpg 460w\" alt=\"\" width=\"500\" height=\"333\" \/><\/p>\n<p>&nbsp;<\/p>\n<p>En 1980, a los 16 a\u00f1os, fue premiada en el concurso de Sankyoku. Despu\u00e9s de graduarse en la Universidad de Bellas Artes de Tokio, se present\u00f3 en el Palacio Imperial, como representante de la Universidad, en un evento organizado por la Agencia de la Casa Imperial. En 1993, se torn\u00f3 trainee de arte para la Agencia de Asuntos Culturales y dio su primer recital solista en Tokio. A partir de 2008, se present\u00f3 en festivales internacionales alrededor del mundo, incluyendo pa\u00edses como Suiza, Reino Unido, Estados Unidos de Am\u00e9rica, Alemania, China, Hungr\u00eda y Lituania.<\/p>\n<p>En 2013, lanz\u00f3 el \u00e1lbum \u201cEl Drag\u00f3n M\u00e1gico\u201d, un trabajo de canciones propias. Desde el punto de vista, m\u00e1s fundamental, entre la tradici\u00f3n y la modernidad, mira hacia el koto y trata la m\u00fasica con pensamientos libres y sensibilidad. Viene promoviendo el intercambio internacional de la m\u00fasica de koto y actividades \u00edntimamente relacionadas con el \u00e1rea y su provincia natal. Sus actividades de creaci\u00f3n y ense\u00f1anza de koto son divulgadas en una nueva forma, pudiendo conectarse profundamente con el mundo y la sociedad.<\/p>\n<p>&nbsp;<\/p>\n<p><img loading=\"lazy\" decoding=\"async\" class=\"img-responsive img-fluid aligncenter wp-image-13736\" src=\"https:\/\/fjsp.org.br\/fjsp\/wp-content\/uploads\/2020\/11\/amigoscachuera.jpg\" sizes=\"(max-width: 500px) 100vw, 500px\" srcset=\"https:\/\/fjsp.org.br\/fjsp\/wp-content\/uploads\/2020\/11\/amigoscachuera.jpg 640w, https:\/\/fjsp.org.br\/fjsp\/wp-content\/uploads\/2020\/11\/amigoscachuera-280x210.jpg 280w, https:\/\/fjsp.org.br\/fjsp\/wp-content\/uploads\/2020\/11\/amigoscachuera-340x255.jpg 340w, https:\/\/fjsp.org.br\/fjsp\/wp-content\/uploads\/2020\/11\/amigoscachuera-220x165.jpg 220w, https:\/\/fjsp.org.br\/fjsp\/wp-content\/uploads\/2020\/11\/amigoscachuera-100x75.jpg 100w, https:\/\/fjsp.org.br\/fjsp\/wp-content\/uploads\/2020\/11\/amigoscachuera-130x98.jpg 130w, https:\/\/fjsp.org.br\/fjsp\/wp-content\/uploads\/2020\/11\/amigoscachuera-460x345.jpg 460w\" alt=\"\" width=\"500\" height=\"375\" \/><\/p>\n<p>&nbsp;<\/p>\n<p>Yoko Nishi tiene una relaci\u00f3n con Brasil, donde ya realiz\u00f3 diversos conciertos y master classes, habiendo incluido el g\u00e9nero lloro en su repertorio de koto. Desarroll\u00f3, a partir de eso, una nueva escuela para tocar koto, en comuni\u00f3n con un estilo genuinamente brasile\u00f1o.<\/p>\n<p>&nbsp;<\/p>\n<h3><strong>Las M\u00fasicas<\/strong><\/h3>\n<p>&nbsp;<\/p>\n<h4><span style=\"color: #0000ff;\"><strong><em>Gaku<\/em><\/strong><\/span><\/h4>\n<h5>(Tadao Sawai)<\/h5>\n<p>Es una obra compuesta en 1988, con tres movimientos:<\/p>\n<ol>\n<li>Mukyudo (movimiento perpetuo)<\/li>\n<li>Hensokyoku (variaciones)<\/li>\n<li>Rondo<\/li>\n<\/ol>\n<blockquote><p>\u201cApreciamos el sonido, su ritmo, como la fluidez de una danza suelta. La m\u00fasica, con su belleza y liviandad, a veces vibra mediante intensan emociones que corren por el cuerpo\u201d, describe el autor.<\/p><\/blockquote>\n<p>&nbsp;<\/p>\n<p><img loading=\"lazy\" decoding=\"async\" class=\"img-responsive img-fluid aligncenter wp-image-13744\" src=\"https:\/\/fjsp.org.br\/fjsp\/wp-content\/uploads\/2020\/11\/koto-tambor.jpg\" sizes=\"(max-width: 600px) 100vw, 600px\" srcset=\"https:\/\/fjsp.org.br\/fjsp\/wp-content\/uploads\/2020\/11\/koto-tambor.jpg 640w, https:\/\/fjsp.org.br\/fjsp\/wp-content\/uploads\/2020\/11\/koto-tambor-280x187.jpg 280w, https:\/\/fjsp.org.br\/fjsp\/wp-content\/uploads\/2020\/11\/koto-tambor-340x227.jpg 340w, https:\/\/fjsp.org.br\/fjsp\/wp-content\/uploads\/2020\/11\/koto-tambor-220x147.jpg 220w, https:\/\/fjsp.org.br\/fjsp\/wp-content\/uploads\/2020\/11\/koto-tambor-100x67.jpg 100w, https:\/\/fjsp.org.br\/fjsp\/wp-content\/uploads\/2020\/11\/koto-tambor-130x87.jpg 130w, https:\/\/fjsp.org.br\/fjsp\/wp-content\/uploads\/2020\/11\/koto-tambor-460x308.jpg 460w\" alt=\"\" width=\"600\" height=\"401\" \/><\/p>\n<p>&nbsp;<\/p>\n<p>El compositor, Tadao Sawai (1937-1997), bajo la influencia de su padre, quien apreciaba el shakuhachi, se inici\u00f3 en el arte desde joven y concluy\u00f3 la graduaci\u00f3n en koto en el Departamento de M\u00fasica de la Universidad de Bellas Artes de Tokio. Su t\u00e9cnica v\u00edvida y el sonido de mucha belleza est\u00e1n presentes en la interpretaci\u00f3n po\u00e9tica e intensa que transita libremente entre el movimiento y la quietud que conquistaron al mundo.<\/p>\n<p>Como compositor, con ra\u00edces en la tradici\u00f3n de la m\u00fasica japonesa, innova por medio de muchas obras vers\u00e1tiles, influenciadas por la m\u00fasica contempor\u00e1nea del siglo 20.<\/p>\n<p>Tadao Sawai muestra, mediante sus composiciones, toda la versatilidad que el koto puede tener en un repertorio moderno, usando una t\u00e9cnica que no encontramos en el repertorio tradicional y cl\u00e1sico.<\/p>\n<p>&nbsp;<\/p>\n<p><img loading=\"lazy\" decoding=\"async\" class=\"img-responsive img-fluid wp-image-13739 aligncenter\" src=\"https:\/\/fjsp.org.br\/fjsp\/wp-content\/uploads\/2020\/11\/colombia-university-scaled.jpg\" sizes=\"(max-width: 600px) 100vw, 600px\" srcset=\"https:\/\/fjsp.org.br\/fjsp\/wp-content\/uploads\/2020\/11\/colombia-university-scaled.jpg 2560w, https:\/\/fjsp.org.br\/fjsp\/wp-content\/uploads\/2020\/11\/colombia-university-280x210.jpg 280w, https:\/\/fjsp.org.br\/fjsp\/wp-content\/uploads\/2020\/11\/colombia-university-768x576.jpg 768w, https:\/\/fjsp.org.br\/fjsp\/wp-content\/uploads\/2020\/11\/colombia-university-1536x1152.jpg 1536w, https:\/\/fjsp.org.br\/fjsp\/wp-content\/uploads\/2020\/11\/colombia-university-2048x1536.jpg 2048w, https:\/\/fjsp.org.br\/fjsp\/wp-content\/uploads\/2020\/11\/colombia-university-340x255.jpg 340w, https:\/\/fjsp.org.br\/fjsp\/wp-content\/uploads\/2020\/11\/colombia-university-220x165.jpg 220w, https:\/\/fjsp.org.br\/fjsp\/wp-content\/uploads\/2020\/11\/colombia-university-100x75.jpg 100w, https:\/\/fjsp.org.br\/fjsp\/wp-content\/uploads\/2020\/11\/colombia-university-130x98.jpg 130w, https:\/\/fjsp.org.br\/fjsp\/wp-content\/uploads\/2020\/11\/colombia-university-460x345.jpg 460w\" alt=\"\" width=\"600\" height=\"450\" \/><\/p>\n<p>&nbsp;<\/p>\n<h4><strong><em><span style=\"color: #0000ff;\">The Sea in a Moonlight Night (El mar en una noche de claro de luna)<\/span><\/em><\/strong><\/h4>\n<h5>(Yoko Nishi)<\/h5>\n<p>Presentado, por la primera vez, en la Expo 2010 Shangh\u00e1i, en junio de 2010.<br \/>\nEn una noche de verano, camin\u00e9 sobre la arena en la playa de Okinawa.<br \/>\nLa luna, en ese d\u00eda, brillaba de forma excepcionalmente bella.<br \/>\nEl brillo de la luna se desparrama por el mar, como un eterno puente sobre las olas.<\/p>\n<p>Escrib\u00ed un poema basado en una f\u00e1bula y compuse esta m\u00fasica:<\/p>\n<blockquote>\n<p style=\"text-align: center;\">Noche azul<br \/>\nMar quieto<br \/>\nL\u00e1grimas doradas derramadas por la luna<br \/>\nEl tempo para<br \/>\nLas gotas corren sobre las olas<br \/>\nEl puente de luz desciende y la puerta se abre<br \/>\nD\u00e9 las manos, sonr\u00eda para el m\u00e1s all\u00e1<\/p>\n<\/blockquote>\n<p>&nbsp;<\/p>\n<p><img loading=\"lazy\" decoding=\"async\" class=\"img-responsive img-fluid wp-image-13735 aligncenter\" src=\"https:\/\/fjsp.org.br\/fjsp\/wp-content\/uploads\/2020\/11\/110701yokonishi0709-scaled.jpg\" sizes=\"(max-width: 600px) 100vw, 600px\" srcset=\"https:\/\/fjsp.org.br\/fjsp\/wp-content\/uploads\/2020\/11\/110701yokonishi0709-scaled.jpg 2560w, https:\/\/fjsp.org.br\/fjsp\/wp-content\/uploads\/2020\/11\/110701yokonishi0709-280x186.jpg 280w, https:\/\/fjsp.org.br\/fjsp\/wp-content\/uploads\/2020\/11\/110701yokonishi0709-768x511.jpg 768w, https:\/\/fjsp.org.br\/fjsp\/wp-content\/uploads\/2020\/11\/110701yokonishi0709-1536x1022.jpg 1536w, https:\/\/fjsp.org.br\/fjsp\/wp-content\/uploads\/2020\/11\/110701yokonishi0709-2048x1363.jpg 2048w, https:\/\/fjsp.org.br\/fjsp\/wp-content\/uploads\/2020\/11\/110701yokonishi0709-340x226.jpg 340w, https:\/\/fjsp.org.br\/fjsp\/wp-content\/uploads\/2020\/11\/110701yokonishi0709-220x146.jpg 220w, https:\/\/fjsp.org.br\/fjsp\/wp-content\/uploads\/2020\/11\/110701yokonishi0709-100x67.jpg 100w, https:\/\/fjsp.org.br\/fjsp\/wp-content\/uploads\/2020\/11\/110701yokonishi0709-130x87.jpg 130w, https:\/\/fjsp.org.br\/fjsp\/wp-content\/uploads\/2020\/11\/110701yokonishi0709-460x306.jpg 460w\" alt=\"\" width=\"600\" height=\"399\" \/><\/p>\n<p>&nbsp;<\/p>\n<p>Asista a la presentaci\u00f3n de Yoko Nishi en el Proyecto \u201cM\u00fasica en el Castillo\u201d.<\/p>\n<p>&nbsp;<\/p>\n<div class='cleaner'><\/div>\n<div class='videoWrapper embed-responsive embed-responsive-16by9 ratio ratio-16x9'><iframe title=\"Projeto M\u00fasica no Castelo - YOKO NISHI (Koto)\" width=\"700\" height=\"394\" src=\"https:\/\/www.youtube.com\/embed\/mm3M7Ef--qk?feature=oembed\" frameborder=\"0\" allow=\"accelerometer; autoplay; clipboard-write; encrypted-media; gyroscope; picture-in-picture\" allowfullscreen><\/iframe><\/div>\n<p>&nbsp;<\/p>\n<h3 style=\"text-align: center;\"><a href=\"https:\/\/fjsp.org.br\/fjsp\/agenda\/musica-en-el-castillo\/\"><strong>M\u00fasica en el Castillo<\/strong><\/a><\/h3>\n<script type=\"text\/javascript\"> toolTips('.classtoolTips77','<span class=\"TextRun  BCX0 SCXW127757320\" lang=\"PT-BR\" xml:lang=\"PT-BR\" data-contrast=\"auto\"><span class=\"NormalTextRun  BCX0 SCXW127757320\"><em>Lato sensu<\/em>,\u00a0<\/span><\/span><span class=\"TextRun  BCX0 SCXW127757320\" lang=\"PT-BR\" xml:lang=\"PT-BR\" data-contrast=\"auto\"><span class=\"NormalTextRun  BCX0 SCXW127757320\">\u201cpoesia em japon\u00eas\u201d.\u00a0<\/span><\/span><span class=\"TextRun  BCX0 SCXW127757320\" lang=\"PT-BR\" xml:lang=\"PT-BR\" data-contrast=\"auto\"><span class=\"NormalTextRun  BCX0 SCXW127757320\"><em>Stricto sensu<\/em>,\u00a0<\/span><\/span><span class=\"TextRun  BCX0 SCXW127757320\" lang=\"PT-BR\" xml:lang=\"PT-BR\" data-contrast=\"auto\"><span class=\"NormalTextRun  BCX0 SCXW127757320\">o mesmo que\u00a0<\/span><\/span><span class=\"TextRun  BCX0 SCXW127757320\" lang=\"PT-BR\" xml:lang=\"PT-BR\" data-contrast=\"auto\"><em><span class=\"NormalTextRun SpellingErrorV2  BCX0 DefaultHighlightTransition SCXW127757320\"><span class='tooltipsall tooltipsincontent classtoolTips75'>tanka<\/span><\/span><\/em><span class=\"NormalTextRun  BCX0 SCXW127757320\">.<\/span><\/span>'); <\/script>","protected":false},"excerpt":{"rendered":"<p>\u65e5\u672c\u8a9e | English | Portugu\u00eas &nbsp; En esta octava edici\u00f3n de la serie de conciertos solistas \u201cM\u00fasica en el Castillo\u201d tendremos, de vuelta, el noble instrumento koto, un instrumento con muchos recursos t\u00e9cnicos y de timbres, que se fueron desarrollando a lo largo de los a\u00f1os. Compositores e int\u00e9rpretes crearon nuevos repertorios musicales para el [&hellip;]<\/p>\n","protected":false},"author":1,"featured_media":0,"parent":0,"menu_order":0,"comment_status":"closed","ping_status":"closed","template":"","meta":{"_acf_changed":false,"footnotes":""},"class_list":["post-16306","page","type-page","status-publish","hentry"],"acf":[],"_links":{"self":[{"href":"https:\/\/fjsp.org.br\/fjsp\/wp-json\/wp\/v2\/pages\/16306","targetHints":{"allow":["GET"]}}],"collection":[{"href":"https:\/\/fjsp.org.br\/fjsp\/wp-json\/wp\/v2\/pages"}],"about":[{"href":"https:\/\/fjsp.org.br\/fjsp\/wp-json\/wp\/v2\/types\/page"}],"author":[{"embeddable":true,"href":"https:\/\/fjsp.org.br\/fjsp\/wp-json\/wp\/v2\/users\/1"}],"replies":[{"embeddable":true,"href":"https:\/\/fjsp.org.br\/fjsp\/wp-json\/wp\/v2\/comments?post=16306"}],"version-history":[{"count":2,"href":"https:\/\/fjsp.org.br\/fjsp\/wp-json\/wp\/v2\/pages\/16306\/revisions"}],"predecessor-version":[{"id":16308,"href":"https:\/\/fjsp.org.br\/fjsp\/wp-json\/wp\/v2\/pages\/16306\/revisions\/16308"}],"wp:attachment":[{"href":"https:\/\/fjsp.org.br\/fjsp\/wp-json\/wp\/v2\/media?parent=16306"}],"curies":[{"name":"wp","href":"https:\/\/api.w.org\/{rel}","templated":true}]}}