{"id":16378,"date":"2021-04-11T16:09:52","date_gmt":"2021-04-11T19:09:52","guid":{"rendered":"https:\/\/fjsp.org.br\/fjsp\/?page_id=16378"},"modified":"2021-04-22T05:44:51","modified_gmt":"2021-04-22T08:44:51","slug":"musica-no-castelo-andre-mehmari-ing","status":"publish","type":"page","link":"https:\/\/fjsp.org.br\/fjsp\/musica-no-castelo-andre-mehmari-ing\/","title":{"rendered":"Andr\u00e9 Mehmari (Piano)"},"content":{"rendered":"<h5 style=\"text-align: right;\"><a href=\"https:\/\/fjsp.org.br\/fjsp\/musica-no-castelo-andre-mehmari\/\">Portugu\u00eas<\/a> | <a href=\"https:\/\/fjsp.org.br\/fjsp\/musica-no-castelo-andre-mehmari-jap\/\">\u65e5\u672c\u8a9e<\/a> | <a href=\"https:\/\/fjsp.org.br\/fjsp\/musica-no-castelo-andre-mehmari-esp\/\">Espa\u00f1ol<\/a><\/h5>\n<p>&nbsp;<\/p>\n<p>In this ninth program of the \u201cMusic in the Castle\u201d solo concert series, we will present the piano, with pianist, arranger and composer Andr\u00e9 Mehmari. This instrument is well known in all cultures, but it has a history that might surprise us.<\/p>\n<p>&nbsp;<\/p>\n<p><img fetchpriority=\"high\" decoding=\"async\" class=\"img-responsive img-fluid size-full wp-image-14117 aligncenter\" src=\"https:\/\/fjsp.org.br\/fjsp\/wp-content\/uploads\/2020\/12\/andre-mehmari-site1.jpg\" alt=\"\" width=\"700\" height=\"467\" srcset=\"https:\/\/fjsp.org.br\/fjsp\/wp-content\/uploads\/2020\/12\/andre-mehmari-site1.jpg 700w, https:\/\/fjsp.org.br\/fjsp\/wp-content\/uploads\/2020\/12\/andre-mehmari-site1-280x187.jpg 280w, https:\/\/fjsp.org.br\/fjsp\/wp-content\/uploads\/2020\/12\/andre-mehmari-site1-340x227.jpg 340w, https:\/\/fjsp.org.br\/fjsp\/wp-content\/uploads\/2020\/12\/andre-mehmari-site1-220x147.jpg 220w, https:\/\/fjsp.org.br\/fjsp\/wp-content\/uploads\/2020\/12\/andre-mehmari-site1-100x67.jpg 100w, https:\/\/fjsp.org.br\/fjsp\/wp-content\/uploads\/2020\/12\/andre-mehmari-site1-130x87.jpg 130w, https:\/\/fjsp.org.br\/fjsp\/wp-content\/uploads\/2020\/12\/andre-mehmari-site1-460x307.jpg 460w\" sizes=\"(max-width: 700px) 100vw, 700px\" \/><\/p>\n<p>&nbsp;<\/p>\n<h3>The Piano<\/h3>\n<p>The ancestor of the piano was a monochord, that&#8217;s right, a single-string instrument.<\/p>\n<p>Instruments can be divided into three categories, based on how they produce sounds. The categories are string, wind and percussion instruments.<\/p>\n<p>The ancestor of the piano can be traced back to several instruments, such as the clavichord, the clavisymbalum, and the psaltery. But if it were tracked even after that, someone would consider the piano to descend from the monochord, in other words; and based on its ancestry the piano can be classified as a string instrument.<\/p>\n<p>&nbsp;<\/p>\n<p><img decoding=\"async\" class=\"img-responsive img-fluid size-full wp-image-14126 aligncenter\" src=\"https:\/\/fjsp.org.br\/fjsp\/wp-content\/uploads\/2020\/12\/piano1.jpg\" alt=\"\" width=\"700\" height=\"440\" srcset=\"https:\/\/fjsp.org.br\/fjsp\/wp-content\/uploads\/2020\/12\/piano1.jpg 700w, https:\/\/fjsp.org.br\/fjsp\/wp-content\/uploads\/2020\/12\/piano1-280x176.jpg 280w, https:\/\/fjsp.org.br\/fjsp\/wp-content\/uploads\/2020\/12\/piano1-340x214.jpg 340w, https:\/\/fjsp.org.br\/fjsp\/wp-content\/uploads\/2020\/12\/piano1-220x138.jpg 220w, https:\/\/fjsp.org.br\/fjsp\/wp-content\/uploads\/2020\/12\/piano1-100x63.jpg 100w, https:\/\/fjsp.org.br\/fjsp\/wp-content\/uploads\/2020\/12\/piano1-130x82.jpg 130w, https:\/\/fjsp.org.br\/fjsp\/wp-content\/uploads\/2020\/12\/piano1-460x289.jpg 460w\" sizes=\"(max-width: 700px) 100vw, 700px\" \/><\/p>\n<p>&nbsp;<\/p>\n<p>Although the piano can be classified as a string instrument, given that the sounds come from the vibrations of the strings, it can also be classified as a percussion instrument, since the hammer strikes the strings, so it can be said that the piano has the same mechanism as that of a \u201cpsaltery\u201d.<\/p>\n<p>The psaltery is an instrument that originated in the Middle East, which spread to Europe in the 11th century. It is characterized by a simple resonance box with strings stretched across the top. Similar to the piano, a small hammer is used to hit the strings, which is why the psaltery is considered the direct ancestor of the piano.<\/p>\n<p>&nbsp;<\/p>\n<div id=\"attachment_14123\" style=\"width: 710px\" class=\"wp-caption aligncenter\"><img decoding=\"async\" aria-describedby=\"caption-attachment-14123\" class=\"img-responsive img-fluid size-full wp-image-14123\" src=\"https:\/\/fjsp.org.br\/fjsp\/wp-content\/uploads\/2020\/12\/salterio-site.jpg\" alt=\"\" width=\"700\" height=\"330\" srcset=\"https:\/\/fjsp.org.br\/fjsp\/wp-content\/uploads\/2020\/12\/salterio-site.jpg 700w, https:\/\/fjsp.org.br\/fjsp\/wp-content\/uploads\/2020\/12\/salterio-site-280x132.jpg 280w, https:\/\/fjsp.org.br\/fjsp\/wp-content\/uploads\/2020\/12\/salterio-site-340x160.jpg 340w, https:\/\/fjsp.org.br\/fjsp\/wp-content\/uploads\/2020\/12\/salterio-site-220x104.jpg 220w, https:\/\/fjsp.org.br\/fjsp\/wp-content\/uploads\/2020\/12\/salterio-site-100x47.jpg 100w, https:\/\/fjsp.org.br\/fjsp\/wp-content\/uploads\/2020\/12\/salterio-site-130x61.jpg 130w, https:\/\/fjsp.org.br\/fjsp\/wp-content\/uploads\/2020\/12\/salterio-site-460x217.jpg 460w\" sizes=\"(max-width: 700px) 100vw, 700px\" \/><p id=\"caption-attachment-14123\" class=\"wp-caption-text\">Psaltery<\/p><\/div>\n<p>&nbsp;<\/p>\n<p>The piano is also considered a part of the family of soundboard instruments. The history of instruments with a soundboard dates back a long time and originates from the organ, which sends a shot of air through the pipe to produce the sound. Artisans then improved the organ to develop an instrument that was a step closer to the piano, the clavichord.<\/p>\n<p>The clavichord first appeared in the 14th century and became popular during the Renaissance period. A key is pressed, which leads to a bronze rod, called a tangent, which hits the string and cause vibrations emitting a sound above a range of four to five octaves. The clavichord has become an inspiring instrument for the development of the modern piano.<\/p>\n<p>&nbsp;<\/p>\n<div id=\"attachment_14125\" style=\"width: 710px\" class=\"wp-caption aligncenter\"><img loading=\"lazy\" decoding=\"async\" aria-describedby=\"caption-attachment-14125\" class=\"img-responsive img-fluid wp-image-14125 size-full\" src=\"https:\/\/fjsp.org.br\/fjsp\/wp-content\/uploads\/2020\/12\/clavecin-site.jpg\" alt=\"\" width=\"700\" height=\"740\" srcset=\"https:\/\/fjsp.org.br\/fjsp\/wp-content\/uploads\/2020\/12\/clavecin-site.jpg 700w, https:\/\/fjsp.org.br\/fjsp\/wp-content\/uploads\/2020\/12\/clavecin-site-280x296.jpg 280w, https:\/\/fjsp.org.br\/fjsp\/wp-content\/uploads\/2020\/12\/clavecin-site-340x359.jpg 340w, https:\/\/fjsp.org.br\/fjsp\/wp-content\/uploads\/2020\/12\/clavecin-site-220x233.jpg 220w, https:\/\/fjsp.org.br\/fjsp\/wp-content\/uploads\/2020\/12\/clavecin-site-100x106.jpg 100w, https:\/\/fjsp.org.br\/fjsp\/wp-content\/uploads\/2020\/12\/clavecin-site-130x137.jpg 130w, https:\/\/fjsp.org.br\/fjsp\/wp-content\/uploads\/2020\/12\/clavecin-site-460x486.jpg 460w\" sizes=\"(max-width: 700px) 100vw, 700px\" \/><p id=\"caption-attachment-14125\" class=\"wp-caption-text\">Clavisymbalum<\/p><\/div>\n<p>&nbsp;<\/p>\n<p>Before the modern piano, though, we still had \u201cclavisymbalum\u201d, an instrument very similar to the harpsichord. Created in Italy around 1500, the clavisymbalum later spread to France, Germany, Flanders , and England. When a key is pressed, a flat wooden spectrum connected to a long chord strums the string to produce sound.<\/p>\n<p>This system of strings and soundboard, in addition to the overall structure of the instrument, resembles that of a piano.<\/p>\n<p>The piano was invented by Bartolomeo Cristofori (1655-1731) in Italy. Cristofori was dissatisfied with the lack of control that musicians had above the volume level of the clavisymbalum. He had recognized that changing the strumming mechanism with a hammer would create the modern piano, in 1709.<\/p>\n<p>In fact, the instrument was first called a \u201cclavicembalo col piano e forte\u201d (literally, a clavisymbalum that can play soft and loud sounds). This has been reduced to the common name now known as the &#8220;piano&#8221;.<\/p>\n<p>The piano since then has gone through several changes to be able to perfect its original design until reaching the modern piano as we know it today. The piano became an object of desire for several composers and instrumentalists for its sound and timbral resources.<\/p>\n<p>&nbsp;<\/p>\n<p><img loading=\"lazy\" decoding=\"async\" class=\"img-responsive img-fluid size-full wp-image-14127 aligncenter\" src=\"https:\/\/fjsp.org.br\/fjsp\/wp-content\/uploads\/2020\/12\/piano2.jpg\" alt=\"\" width=\"700\" height=\"394\" srcset=\"https:\/\/fjsp.org.br\/fjsp\/wp-content\/uploads\/2020\/12\/piano2.jpg 700w, https:\/\/fjsp.org.br\/fjsp\/wp-content\/uploads\/2020\/12\/piano2-280x158.jpg 280w, https:\/\/fjsp.org.br\/fjsp\/wp-content\/uploads\/2020\/12\/piano2-340x191.jpg 340w, https:\/\/fjsp.org.br\/fjsp\/wp-content\/uploads\/2020\/12\/piano2-220x124.jpg 220w, https:\/\/fjsp.org.br\/fjsp\/wp-content\/uploads\/2020\/12\/piano2-100x56.jpg 100w, https:\/\/fjsp.org.br\/fjsp\/wp-content\/uploads\/2020\/12\/piano2-130x73.jpg 130w, https:\/\/fjsp.org.br\/fjsp\/wp-content\/uploads\/2020\/12\/piano2-460x259.jpg 460w\" sizes=\"(max-width: 700px) 100vw, 700px\" \/><\/p>\n<p>&nbsp;<\/p>\n<p>Since the first concerts for piano and orchestra, solo pieces and studies, both in the popular and jazz world, the piano has become the main tool of musical composition.<\/p>\n<p>In Japan, the history of the piano has as its important date the year of 1887, with the opening of the piano and organ factory Nippon Gakki, which would be later named Yamaha. We also have the Kawai and smaller brands, very widespread in Japan, and it is said that almost all households have their own upright piano.<\/p>\n<p>Today, Japan has important names in the international classical and jazz genre scene.<\/p>\n<p>In Brazil, the piano arrived in the 19th century, but the first phonographic records date back to the first decade of the 20th century.<\/p>\n<p>Chiquinha Gonzaga was one of the first interpreters of the Brazilian piano, followed by great names such as Ernesto Nazareth and many others.<\/p>\n<p>Our guest is the pianist, arranger, and composer Andr\u00e9 Mehmari, a fine example of pianistic and musical diversity in Brazil.<\/p>\n<p>&nbsp;<\/p>\n<h3><strong>Andr\u00e9 Mehmari<\/strong><\/h3>\n<p>Pianist, arranger, and composer, Mehmari was born in the city of Niter\u00f3i (RJ), on April 22, 1977. Considered by critics &#8216;a unique artist of vibrant and generous imagination&#8217;, Mehmari had his first contacts with music through his mother, in Ribeir\u00e3o Preto, in the interior of S\u00e3o Paulo. In 1995, he moved to the capital, when he joined the piano course at the School of Communications and Arts of the University of S\u00e3o Paulo (ECA-USP).<\/p>\n<p>&nbsp;<\/p>\n<p><img loading=\"lazy\" decoding=\"async\" class=\"img-responsive img-fluid size-full wp-image-14128 aligncenter\" src=\"https:\/\/fjsp.org.br\/fjsp\/wp-content\/uploads\/2020\/12\/andre-mehmari-site2.jpg\" alt=\"\" width=\"700\" height=\"467\" srcset=\"https:\/\/fjsp.org.br\/fjsp\/wp-content\/uploads\/2020\/12\/andre-mehmari-site2.jpg 700w, https:\/\/fjsp.org.br\/fjsp\/wp-content\/uploads\/2020\/12\/andre-mehmari-site2-280x187.jpg 280w, https:\/\/fjsp.org.br\/fjsp\/wp-content\/uploads\/2020\/12\/andre-mehmari-site2-340x227.jpg 340w, https:\/\/fjsp.org.br\/fjsp\/wp-content\/uploads\/2020\/12\/andre-mehmari-site2-220x147.jpg 220w, https:\/\/fjsp.org.br\/fjsp\/wp-content\/uploads\/2020\/12\/andre-mehmari-site2-100x67.jpg 100w, https:\/\/fjsp.org.br\/fjsp\/wp-content\/uploads\/2020\/12\/andre-mehmari-site2-130x87.jpg 130w, https:\/\/fjsp.org.br\/fjsp\/wp-content\/uploads\/2020\/12\/andre-mehmari-site2-460x307.jpg 460w\" sizes=\"(max-width: 700px) 100vw, 700px\" \/><\/p>\n<p>&nbsp;<\/p>\n<p>Prolific and sought after composer, considered one of the most original and complete Brazilian musicians of his generation, he was awarded both in the classical and popular fields. His compositions and arrangements have been performed by orchestral and chamber groups, including OSESP, OSB, the Minas Gerais Philharmonic orchestra, the Miami Symphony Orchestra, Orchestre de Normandie, S\u00e3o Paulo City Quartet, and the Villa-Lobos Quintet.<\/p>\n<p>His recent works include pieces for cellist Ant\u00f4nio Meneses and the soundtrack of the first Brazilian series produced for the Netflix platform.<\/p>\n<p>In addition to an extensive and award-winning discography, Mehmari has an active international career as a soloist. He has created expressive duos alongside musicians, such as Antonio Meneses, M\u00e1rio Laginha, Gabriele Mirabassi, Antonio Loureiro, Danilo Brito, Maria Jo\u00e3o, Hamilton de Holanda, Marilia Vargas, N\u00e1 Ozzetti, Maria Beth\u00e2nia, and M\u00f4nica Salmaso.<\/p>\n<p>He has performed in such countries as Italy, the United States, Japan, China, Canada, Argentina, Chile, Ecuador, Colombia, French Guiana, Norway, the Netherlands, Finland, Switzerland, Luxembourg, Germany, France, Austria, Ireland, Belgium, Portugal, Spain,<\/p>\n<p>Denmark, and Angola, in addition to all the main Brazilian festivals, and in spaces such as Salle Gaveau (Paris), Kennedy Center (Washington), Lincoln Center (New York), Umbria Jazz, Sala S\u00e3o Paulo, and Sala Cecilia Meirelles, to name a few.<\/p>\n<p>&nbsp;<\/p>\n<h3>The Songs<\/h3>\n<p>Andr\u00e9, who has already made several trips to Japan, has always carried these two beautiful themes in his musical baggage, and composed this original version for solo piano especially for the \u201cMusic in the Castle\u201d series in May 2020, amid the social isolation that has affected us all .<\/p>\n<p>Kojo no Tsuki (Moonlight in the Ruined castle) -RentaroTaki- and Furusato (Homeland) \u2013Teiichi Okano- Theme and variations &#8211; arrangement by Andr\u00e9 Mehmari.<\/p>\n<p>&nbsp;<\/p>\n<h3><span style=\"color: #333399;\"><strong><em>Kojo no Tsuki<\/em><\/strong><\/span><\/h3>\n<p>A 1901 composition, it was inspired by the ruins of Castle Oka, with lyrics written by Bansui Doi, and by the ruins of the Aoba and Aizuwakamatsu castles.<\/p>\n<p>\u6625\u9ad8\u697c\uff08\u3053\u3046\u308d\u3046\uff09\u306e\u82b1\u306e\u5bb4\uff08\u3048\u3093\uff09<br \/>\n\u5de1\u308b\u76c3\uff08\u3055\u304b\u3065\u304d\uff09\u5f71\u3055\u3057\u3066<br \/>\n\u5343\u4ee3\u306e\u677e\u304c\u679d\uff08\u3048\uff09\u5206\u3051\u51fa\uff08\u3044\uff09\u3067\u3057<br \/>\n\u6614\u306e\u5149\u4eca\u3044\u305a\u3053<\/p>\n<p>\u79cb\u9663\u55b6\u306e\u971c\u306e\u8272<br \/>\n\u9cf4\u304d\u3086\u304f\u96c1\uff08\u304b\u308a\uff09\u306e\u6570\u898b\u305b\u3066<br \/>\n\u690d\u3046\u308b\u5263\uff08\u3064\u308b\u304e\uff09\u306b\u7167\u308a\u6cbf\u3044\u3057<br \/>\n\u6614\u306e\u5149\u4eca\u3044\u305a\u3053<\/p>\n<p>\u4eca\u8352\u57ce\u306e\u591c\u534a\uff08\u3088\u308f\uff09\u306e\u6708<br \/>\n\u5909\u308f\u3089\u306c\u5149\u8ab0\uff08\u305f\uff09\u304c\u305f\u3081\u305e<br \/>\n\u57a3\u306b\u6b8b\u308b\u306f\u305f\u3060\u845b\uff08\u304b\u305a\u3089\uff09<br \/>\n\u677e\u306b\u6b4c\uff08\u3046\u3068\uff09\u3046\u306f\u305f\u3060\u5d50\uff08\u3042\u3089\u3057\uff09<\/p>\n<p>\u5929\u4e0a\u5f71\u306f\u5909\u308f\u3089\u306d\u3069<br \/>\n\u6804\u67af\uff08\u3048\u3044\u3053\uff09\u306f\u79fb\u308b\u4e16\u306e\u59ff<br \/>\n\u6620\uff08\u3046\u3064\uff09\u3055\u3093\u3068\u3066\u304b\u4eca\u3082\u5c1a<br \/>\n\u3042\u3042\u8352\u57ce\u306e\u591c\u534a\u306e\u6708<\/p>\n<p>&nbsp;<\/p>\n<p><em>Haru koro no hana no en<\/em><br \/>\n<em>Meguru sakazuki kagesashite<\/em><br \/>\n<em>Chiyo no matsu ga e wakeideshi<\/em><br \/>\n<em>Mukashi no hikari Ima izuko<\/em><\/p>\n<p><em>Aki jinei no schimo no iro<\/em><br \/>\n<em>Nakiyuku kari no kazu misete<\/em><br \/>\n<em>Uuru tsurugi ni terisoishi<\/em><br \/>\n<em>Mukashi no hikari ima izuko<br \/>\n<\/em><\/p>\n<p><em>Ima kojo no yowa no tsuki<\/em><br \/>\n<em>Kawaranu hikari ta ga tame zo<\/em><br \/>\n<em>Kaki ni nokoru wa tada kazura<\/em><br \/>\n<em>Matsu ni uto wa tada arashi<\/em><\/p>\n<p><em>Tenjokage wa kawaranedo<\/em><br \/>\n<em>Eiko wa utsuru yo no sugata<\/em><br \/>\n<em>Utsusan toteka ima mo nao<\/em><br \/>\n<em>Ah! Kojo no yowa no tsuki<\/em><\/p>\n<p>&nbsp;<\/p>\n<p>Flower party in spring at the top of the castle<br \/>\nSake cups were distributed<br \/>\nMoonlit through the old pine branches<br \/>\nWhere is that old moonlight now?<\/p>\n<p>The camp in the fall was white, covered with frost<br \/>\nSeveral geese quacked as they flew across the sky<br \/>\nThe moonlight shone on the swords placed upright on the ground<br \/>\nWhere is that old moonlight now?<\/p>\n<p>Now at midnight the moon is just high above<br \/>\nTo whom does it shine, like in the past?<br \/>\nNothing remains on the wall, but some ivy<br \/>\nNothing to hear, except the rustling of pine branches in the storm<\/p>\n<p>In the sky, the moon and stars remain unchanged<br \/>\nBut in earthly life, things come and go, come and go<br \/>\nIs the moon hanging there to reflect these changes?<br \/>\nAh! The midnight moon over the ruined castle<\/p>\n<p>&nbsp;<\/p>\n<hr \/>\n<h3><span style=\"color: #333399;\"><em><strong>Furusato<\/strong><\/em><\/span><\/h3>\n<p>A composition of 1914, with lyrics by Tatsuyuki Takano, describing a person who is working in a distant land and expressing his feelings of nostalgia for the hills and fields of his childhood home.<\/p>\n<p>\u514e\u8ffd\u3044\u3057\u3000\u5f7c\u306e\u5c71<br \/>\n\u5c0f\u9b92\u91e3\u308a\u3057\u3000\u5f7c\u306e\u5ddd<br \/>\n\u5922\u306f\u4eca\u3082\u3000\u5de1\u308a\u3066<br \/>\n\u5fd8\u308c\u96e3\u304d\u3000\u6545\u90f7<\/p>\n<p>\u5982\u4f55\u306b\u3044\u307e\u3059\u3000\u7236\u6bcd<br \/>\n\u6059\u7121\u3057\u3084\u3000\u53cb\u304c\u304d<br \/>\n\u96e8\u306b\u98a8\u306b\u3000\u3064\u3051\u3066\u3082<br \/>\n\u601d\u3044\u51fa\u3065\u308b\u3000\u6545\u90f7<\/p>\n<p>\u5fd7\u3092\u3000\u679c\u305f\u3057\u3066<br \/>\n\u3044\u3064\u306e\u65e5\u306b\u304b\u3000\u5e30\u3089\u3093<br \/>\n\u5c71\u306f\u9751\u304d\u3000\u6545\u90f7<br \/>\n\u6c34\u306f\u6df8\u304d\u3000\u6545\u90f7<\/p>\n<p>&nbsp;<\/p>\n<p><em>Usagi oishi ka no yama<\/em><br \/>\n<em>Ko-buna tsurishi ka no kawa<\/em><br \/>\n<em>Yume wa ima mo megurite<\/em><br \/>\n<em>Wasure-gataki furusato<\/em><\/p>\n<p><em>Ika ni imasu chichi-haha<\/em><br \/>\n<em>Tsutsuganashi ya tomogaki<\/em><br \/>\n<em>Ame ni, kaze ni tsukete mo<\/em><br \/>\n<em>Omoi-izuru furusato<\/em><\/p>\n<p><em>Kokorozashi o hata shite<\/em><br \/>\n<em>Itsu no hi ni ka kaeran<\/em><br \/>\n<em>Yama wa aoki furusato<\/em><br \/>\n<em>Mizu wa kiyoki furusato<\/em><\/p>\n<p>&nbsp;<\/p>\n<p>I chased rabbits on that mountain.<br \/>\nI fished fish in that river.<br \/>\nI still dream about those days until today.<br \/>\nOh, how I miss my old country house.<\/p>\n<p>Dad and mom &#8211; are they well?<br \/>\nIs everything fine with my old friends?<br \/>\nWhen the rain falls, when the wind blows.<br \/>\nI stop and remember my old country house.<\/p>\n<p>Someday, when I have done what I set out to do.<br \/>\nI will go back home one of these days.<br \/>\nWhere the mountains are green, my old country house.<br \/>\nWhere the waters are clear, my old country house.<\/p>\n<p>&nbsp;<\/p>\n<p><img loading=\"lazy\" decoding=\"async\" class=\"img-responsive img-fluid size-full wp-image-14129 aligncenter\" src=\"https:\/\/fjsp.org.br\/fjsp\/wp-content\/uploads\/2020\/12\/andre-mehmari-site3.jpg\" alt=\"\" width=\"700\" height=\"467\" srcset=\"https:\/\/fjsp.org.br\/fjsp\/wp-content\/uploads\/2020\/12\/andre-mehmari-site3.jpg 700w, https:\/\/fjsp.org.br\/fjsp\/wp-content\/uploads\/2020\/12\/andre-mehmari-site3-280x187.jpg 280w, https:\/\/fjsp.org.br\/fjsp\/wp-content\/uploads\/2020\/12\/andre-mehmari-site3-340x227.jpg 340w, https:\/\/fjsp.org.br\/fjsp\/wp-content\/uploads\/2020\/12\/andre-mehmari-site3-220x147.jpg 220w, https:\/\/fjsp.org.br\/fjsp\/wp-content\/uploads\/2020\/12\/andre-mehmari-site3-100x67.jpg 100w, https:\/\/fjsp.org.br\/fjsp\/wp-content\/uploads\/2020\/12\/andre-mehmari-site3-130x87.jpg 130w, https:\/\/fjsp.org.br\/fjsp\/wp-content\/uploads\/2020\/12\/andre-mehmari-site3-460x307.jpg 460w\" sizes=\"(max-width: 700px) 100vw, 700px\" \/><\/p>\n<p>&nbsp;<\/p>\n<p><span data-contrast=\"auto\">Watch Andr\u00e9 Mehmari<\/span><span data-contrast=\"auto\">\u2019s performance<\/span><span data-contrast=\"auto\">\u00a0in the\u00a0<\/span><span data-contrast=\"auto\">Music in the Castle<\/span>\u00a0<span data-contrast=\"auto\">project.<\/span><span data-ccp-props=\"{&quot;335551550&quot;:6,&quot;335551620&quot;:6}\">\u00a0<\/span><\/p>\n<p>&nbsp;<\/p>\n<div class='cleaner'><\/div>\n<div class='videoWrapper embed-responsive embed-responsive-16by9 ratio ratio-16x9'><iframe title=\"Projeto M\u00fasica no Castelo - ANDR\u00c9 MEHMARI (Piano)\" width=\"700\" height=\"394\" src=\"https:\/\/www.youtube.com\/embed\/bxhTBhoxc44?feature=oembed\" frameborder=\"0\" allow=\"accelerometer; autoplay; clipboard-write; encrypted-media; gyroscope; picture-in-picture\" allowfullscreen><\/iframe><\/div>\n<p>&nbsp;<\/p>\n<h3 style=\"text-align: center;\"><a href=\"https:\/\/fjsp.org.br\/fjsp\/agenda\/music-in-the-castle\/\"><strong>Music in the Castle<\/strong><\/a><\/h3>\n<script type=\"text\/javascript\"> toolTips('.classtoolTips77','<span class=\"TextRun  BCX0 SCXW127757320\" lang=\"PT-BR\" xml:lang=\"PT-BR\" data-contrast=\"auto\"><span class=\"NormalTextRun  BCX0 SCXW127757320\"><em>Lato sensu<\/em>,\u00a0<\/span><\/span><span class=\"TextRun  BCX0 SCXW127757320\" lang=\"PT-BR\" xml:lang=\"PT-BR\" data-contrast=\"auto\"><span class=\"NormalTextRun  BCX0 SCXW127757320\">\u201cpoesia em japon\u00eas\u201d.\u00a0<\/span><\/span><span class=\"TextRun  BCX0 SCXW127757320\" lang=\"PT-BR\" xml:lang=\"PT-BR\" data-contrast=\"auto\"><span class=\"NormalTextRun  BCX0 SCXW127757320\"><em>Stricto sensu<\/em>,\u00a0<\/span><\/span><span class=\"TextRun  BCX0 SCXW127757320\" lang=\"PT-BR\" xml:lang=\"PT-BR\" data-contrast=\"auto\"><span class=\"NormalTextRun  BCX0 SCXW127757320\">o mesmo que\u00a0<\/span><\/span><span class=\"TextRun  BCX0 SCXW127757320\" lang=\"PT-BR\" xml:lang=\"PT-BR\" data-contrast=\"auto\"><em><span class=\"NormalTextRun SpellingErrorV2  BCX0 DefaultHighlightTransition SCXW127757320\"><span class='tooltipsall tooltipsincontent classtoolTips75'>tanka<\/span><\/span><\/em><span class=\"NormalTextRun  BCX0 SCXW127757320\">.<\/span><\/span>'); <\/script>","protected":false},"excerpt":{"rendered":"<p>Portugu\u00eas | \u65e5\u672c\u8a9e | Espa\u00f1ol &nbsp; In this ninth program of the \u201cMusic in the Castle\u201d solo concert series, we will present the piano, with pianist, arranger and composer Andr\u00e9 Mehmari. This instrument is well known in all cultures, but it has a history that might surprise us. &nbsp; &nbsp; The Piano The ancestor of [&hellip;]<\/p>\n","protected":false},"author":1,"featured_media":0,"parent":0,"menu_order":0,"comment_status":"closed","ping_status":"closed","template":"","meta":{"_acf_changed":false,"footnotes":""},"class_list":["post-16378","page","type-page","status-publish","hentry"],"acf":[],"_links":{"self":[{"href":"https:\/\/fjsp.org.br\/fjsp\/wp-json\/wp\/v2\/pages\/16378","targetHints":{"allow":["GET"]}}],"collection":[{"href":"https:\/\/fjsp.org.br\/fjsp\/wp-json\/wp\/v2\/pages"}],"about":[{"href":"https:\/\/fjsp.org.br\/fjsp\/wp-json\/wp\/v2\/types\/page"}],"author":[{"embeddable":true,"href":"https:\/\/fjsp.org.br\/fjsp\/wp-json\/wp\/v2\/users\/1"}],"replies":[{"embeddable":true,"href":"https:\/\/fjsp.org.br\/fjsp\/wp-json\/wp\/v2\/comments?post=16378"}],"version-history":[{"count":2,"href":"https:\/\/fjsp.org.br\/fjsp\/wp-json\/wp\/v2\/pages\/16378\/revisions"}],"predecessor-version":[{"id":16414,"href":"https:\/\/fjsp.org.br\/fjsp\/wp-json\/wp\/v2\/pages\/16378\/revisions\/16414"}],"wp:attachment":[{"href":"https:\/\/fjsp.org.br\/fjsp\/wp-json\/wp\/v2\/media?parent=16378"}],"curies":[{"name":"wp","href":"https:\/\/api.w.org\/{rel}","templated":true}]}}