{"id":16433,"date":"2021-04-23T11:15:12","date_gmt":"2021-04-23T14:15:12","guid":{"rendered":"https:\/\/fjsp.org.br\/fjsp\/?page_id=16433"},"modified":"2021-04-23T19:12:19","modified_gmt":"2021-04-23T22:12:19","slug":"destaques-da-biblioteca-abril-2021","status":"publish","type":"page","link":"https:\/\/fjsp.org.br\/fjsp\/destaques-da-biblioteca-abril-2021\/","title":{"rendered":"DESTAQUES DA BIBLIOTECA \u2013 Abril\/2021\u00a0"},"content":{"rendered":"<p>Neste m\u00eas t\u00e3o significativo aos crist\u00e3os, a Biblioteca da Funda\u00e7\u00e3o Jap\u00e3o em S\u00e3o Paulo destaca, do seu acervo, livros sobre a hist\u00f3ria do cristianismo no Jap\u00e3o.<\/p>\n<p>As atividades mission\u00e1rias no Jap\u00e3o iniciaram-se de fato em 1549 quando os primeiros jesu\u00edtas chegaram \u00e0 prov\u00edncia de Kagoshima. Entre eles estavam os jesu\u00edtas Francisco Xavier, Cosme de Torres e o padre Jo\u00e3o Fernandes com a esperan\u00e7a de levar o cristianismo e o catolicismo ao Jap\u00e3o. Dos 95 jesu\u00edtas que trabalharam no pa\u00eds at\u00e9 o ano 1600, 57 eram portugueses, 20 espanh\u00f3is e 18 italianos. De in\u00edcio, tiveram um enorme sucesso estabelecendo v\u00e1rias congrega\u00e7\u00f5es e estima-se ter chegado a 300 mil crist\u00e3os. Mas, com medo da intromiss\u00e3o estrangeira, as autoridades locais come\u00e7aram a reprimir o catolicismo at\u00e9 a sua proibi\u00e7\u00e3o ap\u00f3s 1638. Os mission\u00e1rios franceses que chegaram em 1859, descobriram cerca de 60 mil japoneses que praticavam o cristianismo na clandestinidade, sendo conhecidos como <em>kakure kirishitan<\/em> (crist\u00e3o escondido), comunidades que criaram um modo pr\u00f3prio de conduzir sua f\u00e9 e que sobrevivem at\u00e9 os dias atuais.<\/p>\n<p>A nossa sugest\u00e3o de leitura segue essa linha com o livro <em>Sil\u00eancio<\/em> de Shusaku Endo, escritor japon\u00eas e cat\u00f3lico, que retrata a saga dos mission\u00e1rios portugueses no Jap\u00e3o no s\u00e9culo XVII, com a opress\u00e3o dos crist\u00e3os locais. O livro ganhou o Pr\u00eamio Tanizaki e teve uma adapta\u00e7\u00e3o para o cinema pelo cineasta Martin Scorsese.<\/p>\n<p>&nbsp;<\/p>\n<h2><span style=\"color: #ff0000;\"><strong>\u25cf\u00a0<\/strong><strong>LIVROS<\/strong><\/span><\/h2>\n<p>&nbsp;<\/p>\n<p><img fetchpriority=\"high\" decoding=\"async\" class=\"img-responsive img-fluid alignleft wp-image-16472\" src=\"https:\/\/fjsp.org.br\/fjsp\/wp-content\/uploads\/2021\/04\/001.jpg\" alt=\"\" width=\"330\" height=\"513\" srcset=\"https:\/\/fjsp.org.br\/fjsp\/wp-content\/uploads\/2021\/04\/001.jpg 383w, https:\/\/fjsp.org.br\/fjsp\/wp-content\/uploads\/2021\/04\/001-280x435.jpg 280w, https:\/\/fjsp.org.br\/fjsp\/wp-content\/uploads\/2021\/04\/001-340x528.jpg 340w, https:\/\/fjsp.org.br\/fjsp\/wp-content\/uploads\/2021\/04\/001-220x342.jpg 220w, https:\/\/fjsp.org.br\/fjsp\/wp-content\/uploads\/2021\/04\/001-100x155.jpg 100w, https:\/\/fjsp.org.br\/fjsp\/wp-content\/uploads\/2021\/04\/001-130x202.jpg 130w\" sizes=\"(max-width: 330px) 100vw, 330px\" \/><span style=\"color: #333399;\"><strong>History of Christianity in Japan: Roman Catholic, Greek Orthodox, and Protestant Missions<\/strong><\/span><\/p>\n<p>Otis Cary<br \/>\nTuttle Publishing, 1976.<br \/>\nEm ingl\u00eas.<br \/>\nISBN 0-8048-1177-6<br \/>\n[209.52 Ca]<\/p>\n<p>Segundo o autor a hist\u00f3ria das miss\u00f5es crist\u00e3s no Jap\u00e3o pode ser dividida em quatro grandes per\u00edodos. O primeiro foi a introdu\u00e7\u00e3o do cristianismo cat\u00f3lico no s\u00e9culo 16, sua r\u00e1pida propaga\u00e7\u00e3o e sua quase extin\u00e7\u00e3o durante a primeira metade do s\u00e9culo 17. O segundo veio com a reintrodu\u00e7\u00e3o e o sucesso inicial do cristianismo protestante e ortodoxo, assim como o cat\u00f3lico, na segunda metade do s\u00e9culo 19.\u00a0 O terceiro per\u00edodo, vai dos anos 1890 at\u00e9 o in\u00edcio da Segunda Guerra Mundial, uma continua\u00e7\u00e3o do movimento mission\u00e1rio sob condi\u00e7\u00f5es cada vez mais complexas e adversas, quando a hist\u00f3ria principal do cristianismo no Jap\u00e3o mudou o foco do esfor\u00e7o mission\u00e1rio para as igrejas japonesas e os fi\u00e9is individuais. O \u00faltimo per\u00edodo \u00e9 a fase p\u00f3s-guerra, no qual o movimento mission\u00e1rio, embora relativamente grande em n\u00famero, \u00e9 somente um elemento perif\u00e9rico no cristianismo japon\u00eas. Esta obra \u00e9 a jun\u00e7\u00e3o em um volume da obra original escrita em dois volumes, que se iniciou em 1909, cobrindo em seu primeiro volume, \u201cRoman Catholic and Greek Orthodox Missions\u201d, a primeira e a segunda fase, que continuou no segundo volume \u201cProtestant Missions\u201d. Neste volume tamb\u00e9m traz um princ\u00edpio de an\u00e1lise do terceiro per\u00edodo. A republica\u00e7\u00e3o deste trabalho foi de responsabilidade de seu neto, tamb\u00e9m chamado Otis Cary, professor na Doshisha University em Quioto (1975).<\/p>\n<p><strong>Sobre o autor:<\/strong><br \/>\nOtis Cary foi testemunha ocular e participante da hist\u00f3ria do cristianismo no Jap\u00e3o. Sua carreira come\u00e7ou no segundo per\u00edodo e continuou at\u00e9 o terceiro per\u00edodo. Retornou ao trabalho ativo com comunidades japonesas na Calif\u00f3rnia e Utah e ajudou a estabelecer uma igreja em Ogen. Retirou-se em meados dos anos 1920, mas continuou com a pesquisa hist\u00f3rica e teol\u00f3gica.<\/p>\n<hr \/>\n<p>&nbsp;<\/p>\n<p><span data-ccp-props=\"{&quot;201341983&quot;:0,&quot;335559739&quot;:0,&quot;335559740&quot;:240}\"><img decoding=\"async\" class=\"img-responsive img-fluid alignleft wp-image-16473\" src=\"https:\/\/fjsp.org.br\/fjsp\/wp-content\/uploads\/2021\/04\/002b.jpg\" alt=\"\" width=\"330\" height=\"553\" srcset=\"https:\/\/fjsp.org.br\/fjsp\/wp-content\/uploads\/2021\/04\/002b.jpg 518w, https:\/\/fjsp.org.br\/fjsp\/wp-content\/uploads\/2021\/04\/002b-280x469.jpg 280w, https:\/\/fjsp.org.br\/fjsp\/wp-content\/uploads\/2021\/04\/002b-340x570.jpg 340w, https:\/\/fjsp.org.br\/fjsp\/wp-content\/uploads\/2021\/04\/002b-220x369.jpg 220w, https:\/\/fjsp.org.br\/fjsp\/wp-content\/uploads\/2021\/04\/002b-100x168.jpg 100w, https:\/\/fjsp.org.br\/fjsp\/wp-content\/uploads\/2021\/04\/002b-130x218.jpg 130w, https:\/\/fjsp.org.br\/fjsp\/wp-content\/uploads\/2021\/04\/002b-460x771.jpg 460w\" sizes=\"(max-width: 330px) 100vw, 330px\" \/><\/span><span style=\"color: #333399;\"><strong>The Japanese and the Jesuits: Alessandro Valignano in sixteenth century Japan<\/strong><\/span><\/p>\n<p>F. Moran<br \/>\nRoutledge, 1992.<br \/>\nEm ingl\u00eas.<br \/>\nISBN 0-415-08813-5<br \/>\n[209.52 Mo]<\/p>\n<p><a href=\"https:\/\/www.routledge.com\/The-Japanese-and-the-Jesuits-Aless-and-ro-Valignano-in-Sixteenth\/Moran-Moran\/p\/book\/9780415756075\">The Japanese and the Jesuits: Alessandro Valignano in Sixteenth Centur (routledge.com)<\/a><\/p>\n<p>O livro examina o esfor\u00e7o dos jesu\u00edtas em converter os japoneses ao cristianismo no s\u00e9culo 16, tendo como l\u00edder Alessandro Valignano. Seus escritos s\u00e3o a base deste relato de um dos mais extraordin\u00e1rios encontros entre o leste e o oeste. Vallignano chegou ao Jap\u00e3o em 1549, sempre buscou o apoio das classes dominantes, mas um ponto importante de sua estrat\u00e9gia \u00e9 ter os mission\u00e1rios totalmente adaptados aos costumes, \u00e0 etiqueta e \u00e0 cultura japonesa. Insistia que deveriam dominar a l\u00edngua japonesa, produziu livros de gram\u00e1tica e dicion\u00e1rios para os mission\u00e1rios e livros de instru\u00e7\u00e3o e devo\u00e7\u00e3o para os crist\u00e3os japoneses. Entendeu que os mission\u00e1rios estrangeiros sozinhos n\u00e3o conseguiriam converter o pa\u00eds ao cristianismo, por isso uma de suas preocupa\u00e7\u00f5es era treinar os jesu\u00edtas e padres japoneses, derrubando as barreiras entre eles e os europeus. Com sua morte, o cristianismo foi proscrito e banido do Jap\u00e3o.<\/p>\n<p><strong>Sobre o autor:<\/strong><br \/>\nJ. F. Moran \u00e9 chefe do Departamento de Japon\u00eas da Universidade de Stirling.<\/p>\n<p>&nbsp;<\/p>\n<p>&nbsp;<\/p>\n<p>&nbsp;<\/p>\n<hr \/>\n<p>&nbsp;<\/p>\n<p><img decoding=\"async\" class=\"img-responsive img-fluid alignleft wp-image-16474\" src=\"https:\/\/fjsp.org.br\/fjsp\/wp-content\/uploads\/2021\/04\/003.jpg\" alt=\"\" width=\"330\" height=\"514\" srcset=\"https:\/\/fjsp.org.br\/fjsp\/wp-content\/uploads\/2021\/04\/003.jpg 1644w, https:\/\/fjsp.org.br\/fjsp\/wp-content\/uploads\/2021\/04\/003-280x436.jpg 280w, https:\/\/fjsp.org.br\/fjsp\/wp-content\/uploads\/2021\/04\/003-768x1196.jpg 768w, https:\/\/fjsp.org.br\/fjsp\/wp-content\/uploads\/2021\/04\/003-986x1536.jpg 986w, https:\/\/fjsp.org.br\/fjsp\/wp-content\/uploads\/2021\/04\/003-1315x2048.jpg 1315w, https:\/\/fjsp.org.br\/fjsp\/wp-content\/uploads\/2021\/04\/003-340x529.jpg 340w, https:\/\/fjsp.org.br\/fjsp\/wp-content\/uploads\/2021\/04\/003-220x343.jpg 220w, https:\/\/fjsp.org.br\/fjsp\/wp-content\/uploads\/2021\/04\/003-100x156.jpg 100w, https:\/\/fjsp.org.br\/fjsp\/wp-content\/uploads\/2021\/04\/003-130x202.jpg 130w, https:\/\/fjsp.org.br\/fjsp\/wp-content\/uploads\/2021\/04\/003-460x716.jpg 460w\" sizes=\"(max-width: 330px) 100vw, 330px\" \/><span style=\"color: #333399;\"><strong>In search of Japan\u2019s hidden Christians: a story of suppression, secrecy and survival<\/strong><\/span><\/p>\n<p>John Dougill<br \/>\nTuttle Publishing, 2012.<br \/>\nEm ingl\u00eas.<br \/>\nISBN 978-4-8053-1147-9<br \/>\n[209.52 Do]<\/p>\n<p><a href=\"https:\/\/www.ebookmakes.com\/pdf\/in-search-of-japan-s-hidden-christians\/\">PDF In Search Of Japan S Hidden Christians eBook Download Full \u2013 eBook Makes<\/a><\/p>\n<p>Os primeiros mission\u00e1rios crist\u00e3os chegaram no Jap\u00e3o em 1549. Nos sessenta anos seguintes conseguiram converter cerca de 300 mil japoneses, incluindo algumas pessoas poderosas do pa\u00eds. Mas, nesse processo fizeram muitos inimigos e em 1614 foram proibidos e perseguidos, o que for\u00e7ou os fi\u00e9is \u00e0 reclus\u00e3o. Por sete gera\u00e7\u00f5es, os <em>Hidden Christians<\/em> (crist\u00e3os escondidos), ou <em>Kakure <\/em>, preservaram uma f\u00e9 que havia sido proibido sob pena de morte. Camponeses analfabetos transmitiram o catolicismo que haviam aprendido com seus antepassados, mesmo sem B\u00edblia, sem padres e sem sacramentos, al\u00e9m do batismo. O que os motivava? Os descendentes dos <em>Hidden Christians<\/em> continuaram a praticar sua pr\u00f3pria religi\u00e3o, recusando a seguir a Igreja Cat\u00f3lica. Por que? E o que h\u00e1 no cristianismo que \u00e9 t\u00e3o antag\u00f4nico \u00e0 cultura japonesa? Na tentativa de responder a essas quest\u00f5es, o autor fez uma viagem de descobertas que cobriu cerca de 200 milhas atrav\u00e9s de 450 anos de hist\u00f3ria. Reconstruindo a hist\u00f3ria dos <em>Hidden Christians<\/em>, este livro \u00e9 uma jornada geogr\u00e1fica a uma viagem no tempo. Redescobre um choque entre civiliza\u00e7\u00f5es do leste e oeste que ressoam at\u00e9 hoje e oferece conhecimento sobre a tenacidade de cren\u00e7as e aspectos imut\u00e1veis da cultura japonesa.<\/p>\n<p><strong>Sobre o autor:<\/strong><br \/>\nJohn Dougill nasceu em Yorkshire, Reino Unido. Estudou l\u00ednguas modernas em Leed e cursou p\u00f3s-gradua\u00e7\u00e3o em estudos eslavos em Oxford University. Em 1986 foi ao Jap\u00e3o como professor visitante na Kanazawa University. Durante sua estadia completou o PhD em literatura inglesa e se transferiu para a Ryukoku University em Kyoto. Tem interesse especial em rela\u00e7\u00f5es interculturais e religi\u00f5es japonesas.<\/p>\n<hr \/>\n<p>&nbsp;<\/p>\n<p><img loading=\"lazy\" decoding=\"async\" class=\"img-responsive img-fluid alignleft wp-image-16475\" src=\"https:\/\/fjsp.org.br\/fjsp\/wp-content\/uploads\/2021\/04\/004.jpg\" alt=\"\" width=\"330\" height=\"497\" srcset=\"https:\/\/fjsp.org.br\/fjsp\/wp-content\/uploads\/2021\/04\/004.jpg 332w, https:\/\/fjsp.org.br\/fjsp\/wp-content\/uploads\/2021\/04\/004-280x422.jpg 280w, https:\/\/fjsp.org.br\/fjsp\/wp-content\/uploads\/2021\/04\/004-220x331.jpg 220w, https:\/\/fjsp.org.br\/fjsp\/wp-content\/uploads\/2021\/04\/004-100x151.jpg 100w, https:\/\/fjsp.org.br\/fjsp\/wp-content\/uploads\/2021\/04\/004-130x196.jpg 130w\" sizes=\"(max-width: 330px) 100vw, 330px\" \/><span style=\"color: #333399;\"><strong>The kakure kirishitan of Japan: a study of their development, beliefs and rituals to the present day<\/strong><\/span><\/p>\n<p>Stephen R. Turnbull<br \/>\nPsychology Press, 1998.<br \/>\nEm ingl\u00eas.<br \/>\nISBN 1-873410-70-0<br \/>\n[209.52 Tu]<\/p>\n<p><a href=\"https:\/\/books.google.com.br\/books\/about\/The_Kakure_Kirishitan_of_Japan.html?id=DxhxciusgF4C&amp;redir_esc=y\">The Kakure Kirishitan of Japan: A Study of Their Development, Beliefs and &#8230; &#8211; Stephen R. Turnbull, Turnbull Stephe &#8211; Google Livros<\/a><\/p>\n<p>Em certas \u00e1reas remotas da prov\u00edncia de Nagasaki, ao sul do Jap\u00e3o, vive um n\u00famero de comunidades que mant\u00eam uma f\u00e9 religiosa que parece a um estrangeiro uma estranha mistura de cristianismo, xinto\u00edsmo e budismo. Eles referem-se a si mesmos como \u201c<em>Kakure<\/em>\u201d (escondidos), ou \u201c<em>Kakure Kirishitan<\/em>\u201d (crist\u00e3os escondidos), um nome que identifica com os crist\u00e3os japoneses que mantiveram a f\u00e9 como uma igreja secreta durante dois s\u00e9culos e meio de persegui\u00e7\u00e3o.<\/p>\n<p>Quando os mission\u00e1rios europeus retornaram durante os anos 1860 e 1870, a maioria destes \u201ccrist\u00e3os\u201d secretos escolheu se reconciliar com a igreja cat\u00f3lica. Outros n\u00e3o, preferiram o caminho da separa\u00e7\u00e3o e do sigilo, similar \u00e0quele escolhido pelos seus ancestrais, preservando e desenvolvendo uma seita distinta de cren\u00e7as, rituais e tradi\u00e7\u00f5es que transformaram a f\u00e9 <em>Kakure<\/em> de hoje.<\/p>\n<p>Este livro, o primeiro grande estudo deste tipo em ingl\u00eas baseado na pesquisa prim\u00e1ria, tra\u00e7a a hist\u00f3ria completa do fen\u00f4meno <em>Kakure<\/em>, da sua funda\u00e7\u00e3o no s\u00e9culo 16, atrav\u00e9s dos s\u00e9culos de persegui\u00e7\u00e3o at\u00e9 \u00e0s pr\u00e1ticas e rituais dos dias atuais.<\/p>\n<p><strong>Sobre o autor:<\/strong><br \/>\nStephen Turnbull graduado em Cambridge, mestre em teologia e PhD pela Leeds University. Seu interesse pelo Jap\u00e3o vem desde seus tempos de estudante quando fez sua primeira visita em 1970. Escreve livros sobre hist\u00f3ria militar e estudos religiosos.<\/p>\n<hr \/>\n<p>&nbsp;<\/p>\n<p><img loading=\"lazy\" decoding=\"async\" class=\"img-responsive img-fluid alignleft wp-image-16476 size-full\" src=\"https:\/\/fjsp.org.br\/fjsp\/wp-content\/uploads\/2021\/04\/005.jpg\" alt=\"\" width=\"330\" height=\"500\" srcset=\"https:\/\/fjsp.org.br\/fjsp\/wp-content\/uploads\/2021\/04\/005.jpg 330w, https:\/\/fjsp.org.br\/fjsp\/wp-content\/uploads\/2021\/04\/005-280x424.jpg 280w, https:\/\/fjsp.org.br\/fjsp\/wp-content\/uploads\/2021\/04\/005-220x333.jpg 220w, https:\/\/fjsp.org.br\/fjsp\/wp-content\/uploads\/2021\/04\/005-100x152.jpg 100w, https:\/\/fjsp.org.br\/fjsp\/wp-content\/uploads\/2021\/04\/005-130x197.jpg 130w\" sizes=\"(max-width: 330px) 100vw, 330px\" \/><span style=\"color: #333399;\"><strong>Japan\u2019s modern prophet: Uchimura Kenzo, 1591 \u2013 1930<\/strong><\/span><\/p>\n<p>John F. Howes<br \/>\nUBC Press, 2005.<br \/>\nEm ingl\u00eas.<br \/>\nISBN 0-7748-1145-5<br \/>\n[209.2 Uc]<\/p>\n<p><a href=\"http:\/\/www.ubcpress.ca\/japans-modern-prophet\">UBC Press | Japan&#8217;s Modern Prophet &#8211; Uchimura Kanz\u00f4, 1861-1930, By John F. Howes<\/a><\/p>\n<p>Uchimura Kanzo foi um dos principais pensadores do Jap\u00e3o, cujas ideias influenciaram escritores contempor\u00e2neos, estadistas, reformistas e l\u00edderes religiosos. Nasceu em 1861 e morreu em 1930, viveu na \u00e9poca da moderniza\u00e7\u00e3o e da r\u00e1pida mudan\u00e7a social. Conhecido como fundador de uma forma particular de cristianismo japon\u00eas, conhecido como <em>mukyokai<\/em> (no church), lutou com as tens\u00f5es entre seu amor pelos sem teto e seu amor por Deus. Articulado, prol\u00edfico, passional e profundo, mereceu a reputa\u00e7\u00e3o de cr\u00edtico mais consistente de sua sociedade e o mais inteligente interprete japon\u00eas do cristianismo e da B\u00edblia. Al\u00e9m de seus ensinamentos e palestras p\u00fablicas, escreveu numerosos livros e artigos, em ingl\u00eas e japon\u00eas, foi editor de jornais e peri\u00f3dicos, e fundou v\u00e1rias revistas. Atrav\u00e9s da vida deste extraordin\u00e1rio homem o autor mostra a vida durante a introdu\u00e7\u00e3o do cristianismo no Jap\u00e3o.<\/p>\n<p>Pr\u00eamios: Canada-Japan Literary Award (2006); Outstanding Academic Title, Choice Magazine (2006).<\/p>\n<p><strong>Sobre o autor:<br \/>\n<\/strong>John F. Howes, professor em\u00e9rito da Asian Studies at the University of British Columbia, foi agraciado com a \u201cOrder of the Rising Sun\u201d pelo governo japon\u00eas em 2004.<\/p>\n<p>&nbsp;<\/p>\n<h3><strong>Sites relacionados<\/strong><\/h3>\n<p><a href=\"https:\/\/pt.wikipedia.org\/wiki\/Hist%C3%B3ria_do_Catolicismo_Romano_no_Jap%C3%A3o\">Hist\u00f3ria do Catolicismo Romano no Jap\u00e3o \u2013 Wikip\u00e9dia, a enciclop\u00e9dia livre (wikipedia.org)<\/a><\/p>\n<p><a href=\"http:\/\/www.culturajaponesa.com.br\/index.php\/religiao\/cristianismo-no-japao\/\">Cristianismo no Jap\u00e3o &#8211; Cultura Japonesa<\/a><\/p>\n<p><a href=\"http:\/\/www.culturajaponesa.com.br\/index.php\/a-verdade-sobre-kakure-kuristan-os-cristaos-ocultos-no-japao\/\">A verdade sobre Kakure Kirisutan, os Crist\u00e3os Ocultos no Jap\u00e3o &#8211; Cultura Japonesa<\/a><\/p>\n<p><a href=\"https:\/\/www.cambridge.org\/core\/journals\/bulletin-of-the-school-of-oriental-and-african-studies\/article\/abs\/j-f-moran-the-japanese-and-the-jesuits-alessandro-valignano-in-sixteenthcentury-japan-xii-238-pp-london-and-new-york-routledge1993-35\/9113C5586308D31CF9A1693EDB493628\">https:\/\/www.cambridge.org\/core\/journals\/bulletin-of-the-school-of-oriental-and-african-studies\/article\/abs\/j-f-moran-the-japanese-and-the-jesuits-alessandro-valignano-in-sixteenthcentury-japan-xii-238-pp-london-and-new-york-routledge1993-35\/9113C5586308D31CF9A1693EDB493628<\/a><\/p>\n<hr \/>\n<p>&nbsp;<\/p>\n<h2><span style=\"color: #ff0000;\"><strong>\u25cf SUGEST\u00c3O DE LEITURA<\/strong><\/span><span data-ccp-props=\"{&quot;201341983&quot;:0,&quot;335559739&quot;:0,&quot;335559740&quot;:240}\">\u00a0<\/span><\/h2>\n<p>A sugest\u00e3o deste m\u00eas segue a linha religiosa com o premiado livro <em>Sil\u00eancio<\/em> (\u6c88\u9ed9\/Chinmoku) de Shusaku Endo e que foi adaptado ao cinema pelo cineasta Martin Scorsese.<\/p>\n<p>\u201c<em>Sil\u00eancio<\/em> \u00e9 uma hist\u00f3ria ficcional, baseada em fatos reais, sobre um mission\u00e1rio idealista, o jesu\u00edta portugu\u00eas Sebasti\u00e3o Rodrigues. No fim da d\u00e9cada de 1630, ele embarca para o Jap\u00e3o para ajudar os crist\u00e3os locais e descobrir a verdade sobre seu antigo mentor, um te\u00f3logo que teria recusado o \u201cmart\u00edrio glorioso\u201d e preferido renegar a f\u00e9. Depois confrontado com a realidade da persegui\u00e7\u00e3o religiosa, o pr\u00f3prio jesu\u00edta tem de fazer uma escolha terr\u00edvel: abandonar seu rebanho ou seu Deus.<\/p>\n<p>Publicado pela primeira vez em 1966 no Jap\u00e3o, <em>Sil\u00eancio<\/em> fez enorme sucesso ao revelar os duros acontecimentos do s\u00e9culo XVII naquele pa\u00eds e ao levar o leitor a refletir sobre a capacidade de adapta\u00e7\u00e3o que o cristianismo precisou desenvolver em sua expans\u00e3o pelo mundo. A for\u00e7a do enredo atraiu o cineasta Martin Scorsese, que tentou trabalhar numa primeira vers\u00e3o de roteiro em 1990, e s\u00f3 em 2016, mais de um quarto de s\u00e9culo depois, viu o filme chegar aos cinemas.<\/p>\n<p>Al\u00e9m do pref\u00e1cio de Scorsese, esta edi\u00e7\u00e3o inclui um texto introdut\u00f3rio do jesu\u00edta William Johnston (1925-2010), o tradutor da vers\u00e3o inglesa e primeiro respons\u00e1vel pela difus\u00e3o da obra no Ocidente, que contextualiza os personagens e os acontecimentos citados pelo autor, al\u00e9m de levantar as discuss\u00f5es que envolvem o romance desde sua publica\u00e7\u00e3o\u201d.<\/p>\n<p>(Retirado da orelha da capa do livro <em>Sil\u00eancio<\/em>)<\/p>\n<p>A Biblioteca da Funda\u00e7\u00e3o Jap\u00e3o em S\u00e3o Paulo possui al\u00e9m do livro original, as suas vers\u00f5es em portugu\u00eas e em ingl\u00eas.<\/p>\n<p>&nbsp;<\/p>\n<h4><strong>Ficha t\u00e9cnica<\/strong><\/h4>\n<p><img loading=\"lazy\" decoding=\"async\" class=\"img-responsive img-fluid alignleft wp-image-16482\" src=\"https:\/\/fjsp.org.br\/fjsp\/wp-content\/uploads\/2021\/04\/shusakuendo.png\" alt=\"\" width=\"330\" height=\"496\" srcset=\"https:\/\/fjsp.org.br\/fjsp\/wp-content\/uploads\/2021\/04\/shusakuendo.png 250w, https:\/\/fjsp.org.br\/fjsp\/wp-content\/uploads\/2021\/04\/shusakuendo-220x331.png 220w, https:\/\/fjsp.org.br\/fjsp\/wp-content\/uploads\/2021\/04\/shusakuendo-100x150.png 100w, https:\/\/fjsp.org.br\/fjsp\/wp-content\/uploads\/2021\/04\/shusakuendo-130x196.png 130w\" sizes=\"(max-width: 330px) 100vw, 330px\" \/><span style=\"color: #333399;\"><strong>Sil\u00eancio (<\/strong><strong>\u6c88\u9ed9<\/strong><strong>\/<em>Chinmoku<\/em>)<\/strong><\/span><\/p>\n<p>Shusaku Endo (\u9060\u85e4\u5468\u4f5c); tradu\u00e7\u00e3o de M\u00e1rio Vilela<br \/>\nPlaneta, 2016. 2. ed.<br \/>\nEm portugu\u00eas.<br \/>\nISBN 978-85-422-0892-4<br \/>\n[895.63 En]<\/p>\n<p><strong>Sobre o autor:<\/strong><br \/>\nShusaku Endo (1923-1996) nasceu em T\u00f3quio, foi batizado aos 12 anos de idade recebendo o nome crist\u00e3o de Paul. Reconhecido como um dos mais brilhantes romancistas do s\u00e9culo XX, sua obra apresenta a perspectiva peculiar de ser japon\u00eas e cat\u00f3lico praticante. Ap\u00f3s o fim da Segunda Guerra Mundial decidiu continuar seus estudos no Ocidente. Estudou literatura francesa e obras de autores franceses cat\u00f3licos na Universidade de Lyon. Na Fran\u00e7a sofreu forte discrimina\u00e7\u00e3o racial, teve depress\u00e3o, contraiu tuberculose e ficou no hospital por meses. Acreditando que o cristianismo havia precipitado sua doen\u00e7a, colocou sua f\u00e9 em d\u00favida e antes de voltar para o Jap\u00e3o, foi para a Palestina realizar pesquisas, o que transformou a sua percep\u00e7\u00e3o do cristianismo, levando-o \u00e0 conclus\u00e3o de que Cristo tamb\u00e9m havia conhecido a rejei\u00e7\u00e3o. De volta ao Jap\u00e3o, usou essas experi\u00eancias em suas obras, que passaram a questionar o passado hist\u00f3rico em contraste com o mundo moderno, explorando os dilemas entre Ocidente e Oriente, f\u00e9 e descren\u00e7a, tradi\u00e7\u00e3o e modernidade. A maioria de seus personagens lutam contra complexos dilemas morais e as suas escolhas, muitas vezes, provocam resultados tr\u00e1gicos. Publicou tamb\u00e9m estudos teol\u00f3gicos, ensaios, pe\u00e7as de teatro e filmes. Recebeu o <span class='tooltipsall tooltipsincontent classtoolTips36'>Pr\u00eamio AKUTAGAWA<\/span> em 1955 por <em>Shiroi hito (<\/em><em>\u767d\u3044\u4eba)<\/em> e o Pr\u00eamio Tanizaki em 1966 por <em>Chinmoku (<\/em><em>\u6c88\u9ed9)<\/em>.<\/p>\n<p><span data-ccp-props=\"{&quot;201341983&quot;:0,&quot;335559739&quot;:0,&quot;335559740&quot;:240}\">\u00a0<\/span><\/p>\n<h3><strong>Sites relacionados<\/strong><\/h3>\n<p><a href=\"https:\/\/www.planetadelivros.com.br\/livro-silencio-2-edicao\/246067\">Sil\u00eancio 2\u00ba edi\u00e7\u00e3o &#8211; Shusaku Endo | Planeta de Livros<\/a><\/p>\n<p><a href=\"https:\/\/www.planetadelivros.com.br\/autor\/shusaku-endo\/000037236\">Shusaku Endo | Planeta de Livros<\/a><\/p>\n<p><a href=\"https:\/\/pt.wikipedia.org\/wiki\/Shusaku_End%C5%8D\">Shusaku End\u014d \u2013 Wikip\u00e9dia, a enciclop\u00e9dia livre (wikipedia.org)<\/a><\/p>\n<p><span data-ccp-props=\"{&quot;201341983&quot;:0,&quot;335559739&quot;:0,&quot;335559740&quot;:240}\">\u00a0<\/span><\/p>\n<p><a href=\"https:\/\/fjsp.org.br\/fjsp\/destaques-da-biblioteca\/\"><img loading=\"lazy\" decoding=\"async\" class=\"img-responsive img-fluid size-full wp-image-14773 aligncenter\" src=\"https:\/\/fjsp.org.br\/fjsp\/wp-content\/uploads\/2021\/01\/botao-site-destaquebbca-rodape-voltar.jpg\" alt=\"\" width=\"320\" height=\"134\" srcset=\"https:\/\/fjsp.org.br\/fjsp\/wp-content\/uploads\/2021\/01\/botao-site-destaquebbca-rodape-voltar.jpg 320w, https:\/\/fjsp.org.br\/fjsp\/wp-content\/uploads\/2021\/01\/botao-site-destaquebbca-rodape-voltar-280x117.jpg 280w, https:\/\/fjsp.org.br\/fjsp\/wp-content\/uploads\/2021\/01\/botao-site-destaquebbca-rodape-voltar-220x92.jpg 220w, https:\/\/fjsp.org.br\/fjsp\/wp-content\/uploads\/2021\/01\/botao-site-destaquebbca-rodape-voltar-100x42.jpg 100w, https:\/\/fjsp.org.br\/fjsp\/wp-content\/uploads\/2021\/01\/botao-site-destaquebbca-rodape-voltar-130x54.jpg 130w\" sizes=\"(max-width: 320px) 100vw, 320px\" \/><\/a><\/p>\n<script type=\"text\/javascript\"> toolTips('.classtoolTips36','Criado em 1935 por Kan Kikuchi, ent\u00e3o editor da revista\u00a0 Bungeishunj\u016b, em mem\u00f3ria ao escritor Ry\u016bnosuke Akutagawa. \u00c9 considerado um dos mais prestigiados pr\u00eamios liter\u00e1rios japoneses.<br\/><br\/><a href=\"https:\/\/www.bunshun.co.jp\/shinkoukai\/award\/akutagawa\/\" target=\"_blank\" rel=\"noopener noreferrer\">https:\/\/www.bunshun.co.jp\/shinkoukai\/award\/akutagawa\/<\/a>'); <\/script>","protected":false},"excerpt":{"rendered":"<p>Neste m\u00eas t\u00e3o significativo aos crist\u00e3os, a Biblioteca da Funda\u00e7\u00e3o Jap\u00e3o em S\u00e3o Paulo destaca, do seu acervo, livros sobre a hist\u00f3ria do cristianismo no Jap\u00e3o. As atividades mission\u00e1rias no Jap\u00e3o iniciaram-se de fato em 1549 quando os primeiros jesu\u00edtas chegaram \u00e0 prov\u00edncia de Kagoshima. Entre eles estavam os jesu\u00edtas Francisco Xavier, Cosme de Torres [&hellip;]<\/p>\n","protected":false},"author":1,"featured_media":0,"parent":0,"menu_order":0,"comment_status":"closed","ping_status":"closed","template":"","meta":{"_acf_changed":false,"footnotes":""},"class_list":["post-16433","page","type-page","status-publish","hentry"],"acf":[],"_links":{"self":[{"href":"https:\/\/fjsp.org.br\/fjsp\/wp-json\/wp\/v2\/pages\/16433","targetHints":{"allow":["GET"]}}],"collection":[{"href":"https:\/\/fjsp.org.br\/fjsp\/wp-json\/wp\/v2\/pages"}],"about":[{"href":"https:\/\/fjsp.org.br\/fjsp\/wp-json\/wp\/v2\/types\/page"}],"author":[{"embeddable":true,"href":"https:\/\/fjsp.org.br\/fjsp\/wp-json\/wp\/v2\/users\/1"}],"replies":[{"embeddable":true,"href":"https:\/\/fjsp.org.br\/fjsp\/wp-json\/wp\/v2\/comments?post=16433"}],"version-history":[{"count":3,"href":"https:\/\/fjsp.org.br\/fjsp\/wp-json\/wp\/v2\/pages\/16433\/revisions"}],"predecessor-version":[{"id":16483,"href":"https:\/\/fjsp.org.br\/fjsp\/wp-json\/wp\/v2\/pages\/16433\/revisions\/16483"}],"wp:attachment":[{"href":"https:\/\/fjsp.org.br\/fjsp\/wp-json\/wp\/v2\/media?parent=16433"}],"curies":[{"name":"wp","href":"https:\/\/api.w.org\/{rel}","templated":true}]}}