{"id":16711,"date":"2021-05-28T16:28:55","date_gmt":"2021-05-28T19:28:55","guid":{"rendered":"https:\/\/fjsp.org.br\/fjsp\/?page_id=16711"},"modified":"2022-04-04T18:03:29","modified_gmt":"2022-04-04T21:03:29","slug":"ensaios-japao-e-catastrofes","status":"publish","type":"page","link":"https:\/\/fjsp.org.br\/fjsp\/ensaios-japao-e-catastrofes\/","title":{"rendered":"I S\u00c9RIE ESPECIAL DE ENSAIOS"},"content":{"rendered":"<h3><em><strong>Jap\u00e3o e cat\u00e1strofes: para refletir sobre o Jap\u00e3o frente \u00e0s adversidades, em tempos de pandemia do coronav\u00edrus<\/strong><\/em><\/h3>\n<h4><span style=\"color: #333333;\">A Funda\u00e7\u00e3o Jap\u00e3o em S\u00e3o Paulo apresenta uma s\u00e9rie de ensaios de 13 pesquisadores de Estudos Japoneses, reunidos desde o in\u00edcio da pandemia da Covid-19 no mundo.<\/span><\/h4>\n<p>&nbsp;<\/p>\n<p style=\"text-align: left;\"><a href=\"https:\/\/fjsp.org.br\/fjsp\/estudos-japoneses\/artigo\/serie-especial-de-ensaios-catastrofes-o-limite-da-natureza-e-a-reinvencao-da-vida-coletiva-em-cidades-do-japao\/\"><img fetchpriority=\"high\" decoding=\"async\" class=\"img-responsive img-fluid alignnone wp-image-16827\" src=\"https:\/\/fjsp.org.br\/fjsp\/wp-content\/uploads\/2021\/06\/01-andrea-ensaio-ok.jpg\" alt=\"\" width=\"360\" height=\"200\" srcset=\"https:\/\/fjsp.org.br\/fjsp\/wp-content\/uploads\/2021\/06\/01-andrea-ensaio-ok.jpg 450w, https:\/\/fjsp.org.br\/fjsp\/wp-content\/uploads\/2021\/06\/01-andrea-ensaio-ok-280x156.jpg 280w, https:\/\/fjsp.org.br\/fjsp\/wp-content\/uploads\/2021\/06\/01-andrea-ensaio-ok-340x189.jpg 340w, https:\/\/fjsp.org.br\/fjsp\/wp-content\/uploads\/2021\/06\/01-andrea-ensaio-ok-220x122.jpg 220w, https:\/\/fjsp.org.br\/fjsp\/wp-content\/uploads\/2021\/06\/01-andrea-ensaio-ok-100x56.jpg 100w, https:\/\/fjsp.org.br\/fjsp\/wp-content\/uploads\/2021\/06\/01-andrea-ensaio-ok-130x72.jpg 130w\" sizes=\"(max-width: 360px) 100vw, 360px\" \/><\/a> <a href=\"https:\/\/fjsp.org.br\/fjsp\/estudos-japoneses\/artigo\/cultura_japonesa_e_imaginacao_catastrofe\/\"><img decoding=\"async\" class=\"img-responsive img-fluid alignnone wp-image-16828\" src=\"https:\/\/fjsp.org.br\/fjsp\/wp-content\/uploads\/2021\/06\/02-andrei-ensaio-ok.jpg\" alt=\"\" width=\"360\" height=\"200\" srcset=\"https:\/\/fjsp.org.br\/fjsp\/wp-content\/uploads\/2021\/06\/02-andrei-ensaio-ok.jpg 450w, https:\/\/fjsp.org.br\/fjsp\/wp-content\/uploads\/2021\/06\/02-andrei-ensaio-ok-280x156.jpg 280w, https:\/\/fjsp.org.br\/fjsp\/wp-content\/uploads\/2021\/06\/02-andrei-ensaio-ok-340x189.jpg 340w, https:\/\/fjsp.org.br\/fjsp\/wp-content\/uploads\/2021\/06\/02-andrei-ensaio-ok-220x122.jpg 220w, https:\/\/fjsp.org.br\/fjsp\/wp-content\/uploads\/2021\/06\/02-andrei-ensaio-ok-100x56.jpg 100w, https:\/\/fjsp.org.br\/fjsp\/wp-content\/uploads\/2021\/06\/02-andrei-ensaio-ok-130x72.jpg 130w\" sizes=\"(max-width: 360px) 100vw, 360px\" \/><\/a> <a href=\"https:\/\/fjsp.org.br\/fjsp\/estudos-japoneses\/artigo\/arte_em_tempos_de_crise\/\"><img decoding=\"async\" class=\"img-responsive img-fluid alignnone wp-image-16829\" src=\"https:\/\/fjsp.org.br\/fjsp\/wp-content\/uploads\/2021\/06\/03-christine-ensaio-ok.jpg\" alt=\"\" width=\"360\" height=\"200\" srcset=\"https:\/\/fjsp.org.br\/fjsp\/wp-content\/uploads\/2021\/06\/03-christine-ensaio-ok.jpg 450w, https:\/\/fjsp.org.br\/fjsp\/wp-content\/uploads\/2021\/06\/03-christine-ensaio-ok-280x156.jpg 280w, https:\/\/fjsp.org.br\/fjsp\/wp-content\/uploads\/2021\/06\/03-christine-ensaio-ok-340x189.jpg 340w, https:\/\/fjsp.org.br\/fjsp\/wp-content\/uploads\/2021\/06\/03-christine-ensaio-ok-220x122.jpg 220w, https:\/\/fjsp.org.br\/fjsp\/wp-content\/uploads\/2021\/06\/03-christine-ensaio-ok-100x56.jpg 100w, https:\/\/fjsp.org.br\/fjsp\/wp-content\/uploads\/2021\/06\/03-christine-ensaio-ok-130x72.jpg 130w\" sizes=\"(max-width: 360px) 100vw, 360px\" \/><\/a><\/p>\n<p style=\"text-align: left;\"><a href=\"https:\/\/fjsp.org.br\/fjsp\/estudos-japoneses\/artigo\/serie-especial-de-ensaios-sobrevivencia-solidariedade-resistencia-responsabilidade-social\/\"><img loading=\"lazy\" decoding=\"async\" class=\"img-responsive img-fluid alignnone wp-image-16830\" src=\"https:\/\/fjsp.org.br\/fjsp\/wp-content\/uploads\/2021\/06\/04-cristiane-ensaio-ok.jpg\" alt=\"\" width=\"360\" height=\"200\" srcset=\"https:\/\/fjsp.org.br\/fjsp\/wp-content\/uploads\/2021\/06\/04-cristiane-ensaio-ok.jpg 450w, https:\/\/fjsp.org.br\/fjsp\/wp-content\/uploads\/2021\/06\/04-cristiane-ensaio-ok-280x156.jpg 280w, https:\/\/fjsp.org.br\/fjsp\/wp-content\/uploads\/2021\/06\/04-cristiane-ensaio-ok-340x189.jpg 340w, https:\/\/fjsp.org.br\/fjsp\/wp-content\/uploads\/2021\/06\/04-cristiane-ensaio-ok-220x122.jpg 220w, https:\/\/fjsp.org.br\/fjsp\/wp-content\/uploads\/2021\/06\/04-cristiane-ensaio-ok-100x56.jpg 100w, https:\/\/fjsp.org.br\/fjsp\/wp-content\/uploads\/2021\/06\/04-cristiane-ensaio-ok-130x72.jpg 130w\" sizes=\"(max-width: 360px) 100vw, 360px\" \/><\/a> <a href=\"https:\/\/fjsp.org.br\/fjsp\/estudos-japoneses\/artigo\/mascaras-e-a-filosofia-japonesa\/\"><img loading=\"lazy\" decoding=\"async\" class=\"img-responsive img-fluid alignnone wp-image-16831\" src=\"https:\/\/fjsp.org.br\/fjsp\/wp-content\/uploads\/2021\/06\/05-diogo-ensaio-ok.jpg\" alt=\"\" width=\"360\" height=\"200\" srcset=\"https:\/\/fjsp.org.br\/fjsp\/wp-content\/uploads\/2021\/06\/05-diogo-ensaio-ok.jpg 450w, https:\/\/fjsp.org.br\/fjsp\/wp-content\/uploads\/2021\/06\/05-diogo-ensaio-ok-280x156.jpg 280w, https:\/\/fjsp.org.br\/fjsp\/wp-content\/uploads\/2021\/06\/05-diogo-ensaio-ok-340x189.jpg 340w, https:\/\/fjsp.org.br\/fjsp\/wp-content\/uploads\/2021\/06\/05-diogo-ensaio-ok-220x122.jpg 220w, https:\/\/fjsp.org.br\/fjsp\/wp-content\/uploads\/2021\/06\/05-diogo-ensaio-ok-100x56.jpg 100w, https:\/\/fjsp.org.br\/fjsp\/wp-content\/uploads\/2021\/06\/05-diogo-ensaio-ok-130x72.jpg 130w\" sizes=\"(max-width: 360px) 100vw, 360px\" \/><\/a> <a href=\"https:\/\/fjsp.org.br\/fjsp\/estudos-japoneses\/artigo\/serie-especial-de-ensaios-um-olhar-para-o-passado\/\"><img loading=\"lazy\" decoding=\"async\" class=\"img-responsive img-fluid alignnone wp-image-16832\" src=\"https:\/\/fjsp.org.br\/fjsp\/wp-content\/uploads\/2021\/06\/06-donatella-ensaio-ok.jpg\" alt=\"\" width=\"360\" height=\"200\" srcset=\"https:\/\/fjsp.org.br\/fjsp\/wp-content\/uploads\/2021\/06\/06-donatella-ensaio-ok.jpg 450w, https:\/\/fjsp.org.br\/fjsp\/wp-content\/uploads\/2021\/06\/06-donatella-ensaio-ok-280x156.jpg 280w, https:\/\/fjsp.org.br\/fjsp\/wp-content\/uploads\/2021\/06\/06-donatella-ensaio-ok-340x189.jpg 340w, https:\/\/fjsp.org.br\/fjsp\/wp-content\/uploads\/2021\/06\/06-donatella-ensaio-ok-220x122.jpg 220w, https:\/\/fjsp.org.br\/fjsp\/wp-content\/uploads\/2021\/06\/06-donatella-ensaio-ok-100x56.jpg 100w, https:\/\/fjsp.org.br\/fjsp\/wp-content\/uploads\/2021\/06\/06-donatella-ensaio-ok-130x72.jpg 130w\" sizes=\"(max-width: 360px) 100vw, 360px\" \/><\/a><\/p>\n<p style=\"text-align: left;\"><a href=\"https:\/\/fjsp.org.br\/fjsp\/estudos-japoneses\/artigo\/serie-especial-de-ensaios-reinventando-o-japao\/\"><img loading=\"lazy\" decoding=\"async\" class=\"img-responsive img-fluid alignnone wp-image-16833\" src=\"https:\/\/fjsp.org.br\/fjsp\/wp-content\/uploads\/2021\/06\/07-joao-ensaio-ok.jpg\" alt=\"\" width=\"360\" height=\"200\" srcset=\"https:\/\/fjsp.org.br\/fjsp\/wp-content\/uploads\/2021\/06\/07-joao-ensaio-ok.jpg 450w, https:\/\/fjsp.org.br\/fjsp\/wp-content\/uploads\/2021\/06\/07-joao-ensaio-ok-280x156.jpg 280w, https:\/\/fjsp.org.br\/fjsp\/wp-content\/uploads\/2021\/06\/07-joao-ensaio-ok-340x189.jpg 340w, https:\/\/fjsp.org.br\/fjsp\/wp-content\/uploads\/2021\/06\/07-joao-ensaio-ok-220x122.jpg 220w, https:\/\/fjsp.org.br\/fjsp\/wp-content\/uploads\/2021\/06\/07-joao-ensaio-ok-100x56.jpg 100w, https:\/\/fjsp.org.br\/fjsp\/wp-content\/uploads\/2021\/06\/07-joao-ensaio-ok-130x72.jpg 130w\" sizes=\"(max-width: 360px) 100vw, 360px\" \/><\/a> <a href=\"https:\/\/fjsp.org.br\/fjsp\/estudos-japoneses\/artigo\/serie-especial-de-ensaios-pandemias-no-japao-estrutura-juridica-de-combate-a-covid-19\/\"><img loading=\"lazy\" decoding=\"async\" class=\"img-responsive img-fluid alignnone wp-image-16834\" src=\"https:\/\/fjsp.org.br\/fjsp\/wp-content\/uploads\/2021\/06\/08-masato-ensaio-ok.jpg\" alt=\"\" width=\"360\" height=\"200\" srcset=\"https:\/\/fjsp.org.br\/fjsp\/wp-content\/uploads\/2021\/06\/08-masato-ensaio-ok.jpg 450w, https:\/\/fjsp.org.br\/fjsp\/wp-content\/uploads\/2021\/06\/08-masato-ensaio-ok-280x156.jpg 280w, https:\/\/fjsp.org.br\/fjsp\/wp-content\/uploads\/2021\/06\/08-masato-ensaio-ok-340x189.jpg 340w, https:\/\/fjsp.org.br\/fjsp\/wp-content\/uploads\/2021\/06\/08-masato-ensaio-ok-220x122.jpg 220w, https:\/\/fjsp.org.br\/fjsp\/wp-content\/uploads\/2021\/06\/08-masato-ensaio-ok-100x56.jpg 100w, https:\/\/fjsp.org.br\/fjsp\/wp-content\/uploads\/2021\/06\/08-masato-ensaio-ok-130x72.jpg 130w\" sizes=\"(max-width: 360px) 100vw, 360px\" \/><\/a> <a href=\"https:\/\/fjsp.org.br\/fjsp\/estudos-japoneses\/artigo\/serie-especial-de-ensaios-a-imagem-do-japao-desenhada-em-epocas-de-catastrofes\/\"><img loading=\"lazy\" decoding=\"async\" class=\"img-responsive img-fluid alignnone wp-image-16835\" src=\"https:\/\/fjsp.org.br\/fjsp\/wp-content\/uploads\/2021\/06\/09-patricia-ensaio-ok.jpg\" alt=\"\" width=\"360\" height=\"200\" srcset=\"https:\/\/fjsp.org.br\/fjsp\/wp-content\/uploads\/2021\/06\/09-patricia-ensaio-ok.jpg 450w, https:\/\/fjsp.org.br\/fjsp\/wp-content\/uploads\/2021\/06\/09-patricia-ensaio-ok-280x156.jpg 280w, https:\/\/fjsp.org.br\/fjsp\/wp-content\/uploads\/2021\/06\/09-patricia-ensaio-ok-340x189.jpg 340w, https:\/\/fjsp.org.br\/fjsp\/wp-content\/uploads\/2021\/06\/09-patricia-ensaio-ok-220x122.jpg 220w, https:\/\/fjsp.org.br\/fjsp\/wp-content\/uploads\/2021\/06\/09-patricia-ensaio-ok-100x56.jpg 100w, https:\/\/fjsp.org.br\/fjsp\/wp-content\/uploads\/2021\/06\/09-patricia-ensaio-ok-130x72.jpg 130w\" sizes=\"(max-width: 360px) 100vw, 360px\" \/><\/a><\/p>\n<p style=\"text-align: left;\"><a href=\"https:\/\/fjsp.org.br\/fjsp\/estudos-japoneses\/artigo\/serie-especial-de-ensaios-2020-o-ano-que-nao-terminou\/\"><img loading=\"lazy\" decoding=\"async\" class=\"img-responsive img-fluid alignnone wp-image-16836\" src=\"https:\/\/fjsp.org.br\/fjsp\/wp-content\/uploads\/2021\/06\/10-renato-ensaio-ok.jpg\" alt=\"\" width=\"360\" height=\"200\" srcset=\"https:\/\/fjsp.org.br\/fjsp\/wp-content\/uploads\/2021\/06\/10-renato-ensaio-ok.jpg 450w, https:\/\/fjsp.org.br\/fjsp\/wp-content\/uploads\/2021\/06\/10-renato-ensaio-ok-280x156.jpg 280w, https:\/\/fjsp.org.br\/fjsp\/wp-content\/uploads\/2021\/06\/10-renato-ensaio-ok-340x189.jpg 340w, https:\/\/fjsp.org.br\/fjsp\/wp-content\/uploads\/2021\/06\/10-renato-ensaio-ok-220x122.jpg 220w, https:\/\/fjsp.org.br\/fjsp\/wp-content\/uploads\/2021\/06\/10-renato-ensaio-ok-100x56.jpg 100w, https:\/\/fjsp.org.br\/fjsp\/wp-content\/uploads\/2021\/06\/10-renato-ensaio-ok-130x72.jpg 130w\" sizes=\"(max-width: 360px) 100vw, 360px\" \/><\/a> <a href=\"https:\/\/fjsp.org.br\/fjsp\/estudos-japoneses\/artigo\/efeitos_economicos_coronavirus_japao\/\"><img loading=\"lazy\" decoding=\"async\" class=\"img-responsive img-fluid alignnone wp-image-16837\" src=\"https:\/\/fjsp.org.br\/fjsp\/wp-content\/uploads\/2021\/06\/11-silvio-ensaio-ok.jpg\" alt=\"\" width=\"360\" height=\"200\" srcset=\"https:\/\/fjsp.org.br\/fjsp\/wp-content\/uploads\/2021\/06\/11-silvio-ensaio-ok.jpg 450w, https:\/\/fjsp.org.br\/fjsp\/wp-content\/uploads\/2021\/06\/11-silvio-ensaio-ok-280x156.jpg 280w, https:\/\/fjsp.org.br\/fjsp\/wp-content\/uploads\/2021\/06\/11-silvio-ensaio-ok-340x189.jpg 340w, https:\/\/fjsp.org.br\/fjsp\/wp-content\/uploads\/2021\/06\/11-silvio-ensaio-ok-220x122.jpg 220w, https:\/\/fjsp.org.br\/fjsp\/wp-content\/uploads\/2021\/06\/11-silvio-ensaio-ok-100x56.jpg 100w, https:\/\/fjsp.org.br\/fjsp\/wp-content\/uploads\/2021\/06\/11-silvio-ensaio-ok-130x72.jpg 130w\" sizes=\"(max-width: 360px) 100vw, 360px\" \/><\/a> <a href=\"https:\/\/fjsp.org.br\/fjsp\/estudos-japoneses\/artigo\/serie-especial-de-ensaios-reflexoes-de-outra-natureza\/\"><img loading=\"lazy\" decoding=\"async\" class=\"img-responsive img-fluid alignnone wp-image-16838\" src=\"https:\/\/fjsp.org.br\/fjsp\/wp-content\/uploads\/2021\/06\/12-victor-ensaio-ok.jpg\" alt=\"\" width=\"360\" height=\"200\" srcset=\"https:\/\/fjsp.org.br\/fjsp\/wp-content\/uploads\/2021\/06\/12-victor-ensaio-ok.jpg 450w, https:\/\/fjsp.org.br\/fjsp\/wp-content\/uploads\/2021\/06\/12-victor-ensaio-ok-280x156.jpg 280w, https:\/\/fjsp.org.br\/fjsp\/wp-content\/uploads\/2021\/06\/12-victor-ensaio-ok-340x189.jpg 340w, https:\/\/fjsp.org.br\/fjsp\/wp-content\/uploads\/2021\/06\/12-victor-ensaio-ok-220x122.jpg 220w, https:\/\/fjsp.org.br\/fjsp\/wp-content\/uploads\/2021\/06\/12-victor-ensaio-ok-100x56.jpg 100w, https:\/\/fjsp.org.br\/fjsp\/wp-content\/uploads\/2021\/06\/12-victor-ensaio-ok-130x72.jpg 130w\" sizes=\"(max-width: 360px) 100vw, 360px\" \/><\/a><\/p>\n<p><a href=\"https:\/\/fjsp.org.br\/fjsp\/estudos-japoneses\/artigo\/serie-especial-de-ensaios-as-mulheres-em-tempos-de-crise\/\"><img loading=\"lazy\" decoding=\"async\" class=\"img-responsive img-fluid alignnone wp-image-16839 aligncenter\" src=\"https:\/\/fjsp.org.br\/fjsp\/wp-content\/uploads\/2021\/06\/13-yumi-ensaio-ok.jpg\" alt=\"\" width=\"360\" height=\"200\" srcset=\"https:\/\/fjsp.org.br\/fjsp\/wp-content\/uploads\/2021\/06\/13-yumi-ensaio-ok.jpg 450w, https:\/\/fjsp.org.br\/fjsp\/wp-content\/uploads\/2021\/06\/13-yumi-ensaio-ok-280x156.jpg 280w, https:\/\/fjsp.org.br\/fjsp\/wp-content\/uploads\/2021\/06\/13-yumi-ensaio-ok-340x189.jpg 340w, https:\/\/fjsp.org.br\/fjsp\/wp-content\/uploads\/2021\/06\/13-yumi-ensaio-ok-220x122.jpg 220w, https:\/\/fjsp.org.br\/fjsp\/wp-content\/uploads\/2021\/06\/13-yumi-ensaio-ok-100x56.jpg 100w, https:\/\/fjsp.org.br\/fjsp\/wp-content\/uploads\/2021\/06\/13-yumi-ensaio-ok-130x72.jpg 130w\" sizes=\"(max-width: 360px) 100vw, 360px\" \/><\/a><\/p>\n<blockquote>\n<h4 style=\"text-align: center;\"><span style=\"color: #333333;\">Expressamos nosso profundo agradecimento aos 13 pesquisadores, que desenvolveram os textos especialmente para publica\u00e7\u00e3o em nosso site. <\/span><\/h4>\n<\/blockquote>\n","protected":false},"excerpt":{"rendered":"<p>Jap\u00e3o e cat\u00e1strofes: para refletir sobre o Jap\u00e3o frente \u00e0s adversidades, em tempos de pandemia do coronav\u00edrus A Funda\u00e7\u00e3o Jap\u00e3o em S\u00e3o Paulo apresenta uma s\u00e9rie de ensaios de 13 pesquisadores de Estudos Japoneses, reunidos desde o in\u00edcio da pandemia da Covid-19 no mundo. &nbsp; Expressamos nosso profundo agradecimento aos 13 pesquisadores, que desenvolveram os [&hellip;]<\/p>\n","protected":false},"author":1,"featured_media":0,"parent":0,"menu_order":0,"comment_status":"closed","ping_status":"closed","template":"","meta":{"_acf_changed":false,"footnotes":""},"class_list":["post-16711","page","type-page","status-publish","hentry"],"acf":[],"_links":{"self":[{"href":"https:\/\/fjsp.org.br\/fjsp\/wp-json\/wp\/v2\/pages\/16711","targetHints":{"allow":["GET"]}}],"collection":[{"href":"https:\/\/fjsp.org.br\/fjsp\/wp-json\/wp\/v2\/pages"}],"about":[{"href":"https:\/\/fjsp.org.br\/fjsp\/wp-json\/wp\/v2\/types\/page"}],"author":[{"embeddable":true,"href":"https:\/\/fjsp.org.br\/fjsp\/wp-json\/wp\/v2\/users\/1"}],"replies":[{"embeddable":true,"href":"https:\/\/fjsp.org.br\/fjsp\/wp-json\/wp\/v2\/comments?post=16711"}],"version-history":[{"count":4,"href":"https:\/\/fjsp.org.br\/fjsp\/wp-json\/wp\/v2\/pages\/16711\/revisions"}],"predecessor-version":[{"id":20817,"href":"https:\/\/fjsp.org.br\/fjsp\/wp-json\/wp\/v2\/pages\/16711\/revisions\/20817"}],"wp:attachment":[{"href":"https:\/\/fjsp.org.br\/fjsp\/wp-json\/wp\/v2\/media?parent=16711"}],"curies":[{"name":"wp","href":"https:\/\/api.w.org\/{rel}","templated":true}]}}