{"id":16758,"date":"2021-06-04T09:00:38","date_gmt":"2021-06-04T12:00:38","guid":{"rendered":"https:\/\/fjsp.org.br\/fjsp\/?page_id=16758"},"modified":"2021-06-02T16:10:46","modified_gmt":"2021-06-02T19:10:46","slug":"dossie_junichiro_tanizaki_1_junichiro_tanizaki","status":"publish","type":"page","link":"https:\/\/fjsp.org.br\/fjsp\/dossie_junichiro_tanizaki_1_junichiro_tanizaki\/","title":{"rendered":"1. Jun\u2019ichiro Tanizaki"},"content":{"rendered":"<p style=\"text-align: right\"><strong><a href=\"https:\/\/fjsp.org.br\/fjsp\/dossie_literario\/\">Dossi\u00ea Liter\u00e1rio<\/a> &gt; <a href=\"https:\/\/fjsp.org.br\/fjsp\/dossie_junichiro_tanizaki\/\">Dossi\u00ea Jun&#8217;ichiro Tanizaki<\/a> &gt; 1. Jun\u2019ichiro Tanizaki<\/strong><\/p>\n<p><img fetchpriority=\"high\" decoding=\"async\" class=\"img-responsive alignnone wp-image-11642 size-full\" src=\"https:\/\/fjsp.org.br\/fjsp\/wp-content\/uploads\/2020\/07\/pattern-v1-03-1.png\" alt=\"\" width=\"4032\" height=\"223\" srcset=\"https:\/\/fjsp.org.br\/fjsp\/wp-content\/uploads\/2020\/07\/pattern-v1-03-1.png 4032w, https:\/\/fjsp.org.br\/fjsp\/wp-content\/uploads\/2020\/07\/pattern-v1-03-1-280x15.png 280w, https:\/\/fjsp.org.br\/fjsp\/wp-content\/uploads\/2020\/07\/pattern-v1-03-1-768x42.png 768w, https:\/\/fjsp.org.br\/fjsp\/wp-content\/uploads\/2020\/07\/pattern-v1-03-1-340x19.png 340w, https:\/\/fjsp.org.br\/fjsp\/wp-content\/uploads\/2020\/07\/pattern-v1-03-1-220x12.png 220w, https:\/\/fjsp.org.br\/fjsp\/wp-content\/uploads\/2020\/07\/pattern-v1-03-1-100x6.png 100w, https:\/\/fjsp.org.br\/fjsp\/wp-content\/uploads\/2020\/07\/pattern-v1-03-1-130x7.png 130w, https:\/\/fjsp.org.br\/fjsp\/wp-content\/uploads\/2020\/07\/pattern-v1-03-1-460x25.png 460w\" sizes=\"(max-width: 4032px) 100vw, 4032px\" \/><\/p>\n<p>Nascido em 24 de julho de 1886 em Nihonbashi, um distrito comercial, que nos s\u00e9culos XVIII e XIX, foi tamb\u00e9m um importante centro art\u00edstico, testemunha de cenas da vida cortes\u00e3, cotidiana, er\u00f3tica. Nasceu numa \u00e9poca de intensa transforma\u00e7\u00e3o do pa\u00eds, que se abria para o Ocidente.<\/p>\n<p>&nbsp;<\/p>\n<div id=\"attachment_16774\" style=\"width: 730px\" class=\"wp-caption aligncenter\"><img decoding=\"async\" aria-describedby=\"caption-attachment-16774\" class=\"img-responsive img-fluid wp-image-16774\" src=\"https:\/\/fjsp.org.br\/fjsp\/wp-content\/uploads\/2021\/06\/foto2-tokyo-electric-railway-running-at-ginza-street-in-meiji-era-in-1912.png\" alt=\"\" width=\"720\" height=\"450\" srcset=\"https:\/\/fjsp.org.br\/fjsp\/wp-content\/uploads\/2021\/06\/foto2-tokyo-electric-railway-running-at-ginza-street-in-meiji-era-in-1912.png 2745w, https:\/\/fjsp.org.br\/fjsp\/wp-content\/uploads\/2021\/06\/foto2-tokyo-electric-railway-running-at-ginza-street-in-meiji-era-in-1912-280x175.png 280w, https:\/\/fjsp.org.br\/fjsp\/wp-content\/uploads\/2021\/06\/foto2-tokyo-electric-railway-running-at-ginza-street-in-meiji-era-in-1912-768x480.png 768w, https:\/\/fjsp.org.br\/fjsp\/wp-content\/uploads\/2021\/06\/foto2-tokyo-electric-railway-running-at-ginza-street-in-meiji-era-in-1912-1536x960.png 1536w, https:\/\/fjsp.org.br\/fjsp\/wp-content\/uploads\/2021\/06\/foto2-tokyo-electric-railway-running-at-ginza-street-in-meiji-era-in-1912-2048x1280.png 2048w, https:\/\/fjsp.org.br\/fjsp\/wp-content\/uploads\/2021\/06\/foto2-tokyo-electric-railway-running-at-ginza-street-in-meiji-era-in-1912-340x213.png 340w, https:\/\/fjsp.org.br\/fjsp\/wp-content\/uploads\/2021\/06\/foto2-tokyo-electric-railway-running-at-ginza-street-in-meiji-era-in-1912-220x138.png 220w, https:\/\/fjsp.org.br\/fjsp\/wp-content\/uploads\/2021\/06\/foto2-tokyo-electric-railway-running-at-ginza-street-in-meiji-era-in-1912-100x63.png 100w, https:\/\/fjsp.org.br\/fjsp\/wp-content\/uploads\/2021\/06\/foto2-tokyo-electric-railway-running-at-ginza-street-in-meiji-era-in-1912-130x81.png 130w, https:\/\/fjsp.org.br\/fjsp\/wp-content\/uploads\/2021\/06\/foto2-tokyo-electric-railway-running-at-ginza-street-in-meiji-era-in-1912-460x288.png 460w\" sizes=\"(max-width: 720px) 100vw, 720px\" \/><p id=\"caption-attachment-16774\" class=\"wp-caption-text\">Ginza, Tokyo (1912). Nobuyuki Sato. \u201c90 anos de \u00f4nibus metropolitano\u201d Gran Prix Ed. Tokyo Metropolitan Bureau Transportation. Fonte:<a href=\"https:\/\/commons.wikimedia.org\/wiki\/File:Tokyo_electric_railway_running_at_Ginza_street_in_Meiji_Era_in_1912.png\" target=\"_blank\" rel=\"noopener\"> wikimedia commons<\/a><\/p><\/div>\n<p>&nbsp;<\/p>\n<p>Filho de comerciantes de Edo, atual T\u00f3quio, come\u00e7ou a escrever cedo e em 1909 j\u00e1 publicava seus primeiros textos. Estudou literatura na Universidade Imperial de T\u00f3quio, por\u00e9m sem concluir o curso. Com fortes influ\u00eancias de Charles Baudelaire e Edgar Allan Poe no in\u00edcio de sua carreira, participou do movimento esteticista, que priorizava os valores est\u00e9ticos em detrimento de temas sociais.<\/p>\n<p>A import\u00e2ncia de Tanizaki para a literatura japonesa, al\u00e9m de ser um escritor multifacetado e de excepcional talento, tamb\u00e9m reside no fato de ter criado pontes entre o Jap\u00e3o e o Ocidente. Foi extremamente prol\u00edfico e continuou escrevendo por mais de meio s\u00e9culo. Sua bibliografia coleciona romances, pe\u00e7as de teatro, ensaios, poesias, cartas, tradu\u00e7\u00f5es, incluindo a tradu\u00e7\u00e3o de <em>Genji Monogatari<\/em> para l\u00edngua japonesa moderna. Faleceu aos 79 anos em T\u00f3quio, em 30 de julho de 1965 v\u00edtima de um ataque card\u00edaco.<\/p>\n<p>A obra que o lan\u00e7ou de fato para o mundo liter\u00e1rio foi <em>Shisei<\/em> (\u201cTatuagem\u201d), ainda sem tradu\u00e7\u00e3o para o portugu\u00eas, no qual j\u00e1 demonstra sua admira\u00e7\u00e3o pela beleza feminina, um certo fetiche pelos p\u00e9s femininos. \u00c9 muito inspirado por quest\u00f5es sensuais, er\u00f3ticas, e por vezes, a figura feminina possui tra\u00e7os ocidentalizados.<\/p>\n<p>In\u00fameros acontecimentos da hist\u00f3ria japonesa marcaram a trajet\u00f3ria do escritor. Em 1923, o Grande Terremoto de Kanto mudaria os rumos de sua vida pessoal e profissional. Tendo sua casa na regi\u00e3o de T\u00f3quio destru\u00edda, mudou-se para Quioto, onde voltou-se mais \u00e0 cultura japonesa tradicional, em detrimento de sua paix\u00e3o pelo ocidente e a modernidade.<\/p>\n<p>&nbsp;<\/p>\n<div id=\"attachment_16775\" style=\"width: 652px\" class=\"wp-caption aligncenter\"><img decoding=\"async\" aria-describedby=\"caption-attachment-16775\" class=\"img-responsive img-fluid wp-image-16775\" src=\"https:\/\/fjsp.org.br\/fjsp\/wp-content\/uploads\/2021\/06\/foto3-the-great-kanto-earthquake-3767766524-scaled.jpg\" alt=\"\" width=\"642\" height=\"450\" srcset=\"https:\/\/fjsp.org.br\/fjsp\/wp-content\/uploads\/2021\/06\/foto3-the-great-kanto-earthquake-3767766524-scaled.jpg 2560w, https:\/\/fjsp.org.br\/fjsp\/wp-content\/uploads\/2021\/06\/foto3-the-great-kanto-earthquake-3767766524-280x196.jpg 280w, https:\/\/fjsp.org.br\/fjsp\/wp-content\/uploads\/2021\/06\/foto3-the-great-kanto-earthquake-3767766524-768x539.jpg 768w, https:\/\/fjsp.org.br\/fjsp\/wp-content\/uploads\/2021\/06\/foto3-the-great-kanto-earthquake-3767766524-1536x1077.jpg 1536w, https:\/\/fjsp.org.br\/fjsp\/wp-content\/uploads\/2021\/06\/foto3-the-great-kanto-earthquake-3767766524-2048x1436.jpg 2048w, https:\/\/fjsp.org.br\/fjsp\/wp-content\/uploads\/2021\/06\/foto3-the-great-kanto-earthquake-3767766524-340x238.jpg 340w, https:\/\/fjsp.org.br\/fjsp\/wp-content\/uploads\/2021\/06\/foto3-the-great-kanto-earthquake-3767766524-220x154.jpg 220w, https:\/\/fjsp.org.br\/fjsp\/wp-content\/uploads\/2021\/06\/foto3-the-great-kanto-earthquake-3767766524-100x70.jpg 100w, https:\/\/fjsp.org.br\/fjsp\/wp-content\/uploads\/2021\/06\/foto3-the-great-kanto-earthquake-3767766524-130x91.jpg 130w, https:\/\/fjsp.org.br\/fjsp\/wp-content\/uploads\/2021\/06\/foto3-the-great-kanto-earthquake-3767766524-460x323.jpg 460w\" sizes=\"(max-width: 642px) 100vw, 642px\" \/><p id=\"caption-attachment-16775\" class=\"wp-caption-text\">Grande Terremoto de Kanto em 1923, T\u00f3quio. Fonte:<a href=\"https:\/\/commons.wikimedia.org\/wiki\/File:The_Great_Kanto_Earthquake_(3767766524).jpg\" target=\"_blank\" rel=\"noopener\"> wikimedia commons<\/a><\/p><\/div>\n<p>&nbsp;<\/p>\n<p>Lan\u00e7ou entre 1943 e 1948, pela revista Chuo Koron, a obra <em>Sasameyuki<\/em> (\u201cAs Irm\u00e3s Makioka\u201d), que retrata a hist\u00f3ria de quatro mulheres de uma fam\u00edlia conservadora de comerciantes da regi\u00e3o de Quioto e Osaka, durante o per\u00edodo da Segunda Guerra Mundial. O romance causou alarde a \u00e9poca, sendo considerado pelo governo como n\u00e3o apropriada para o momento em que o pa\u00eds passava. Nele, Tanizaki discute de modo sutil sobre os costumes, a cultura e as rela\u00e7\u00f5es sociais japonesas mais tradicionais; aborda conflitos de valores com a ocidentaliza\u00e7\u00e3o do pa\u00eds e o impacto da moderniza\u00e7\u00e3o na vida dos japoneses, nas suas rela\u00e7\u00f5es pessoais, na sua autoconsci\u00eancia.<\/p>\n<p>&nbsp;<\/p>\n<p>Venha conhecer um pouco mais sobre o escritor, acessando as dicas dispon\u00edveis online:<\/p>\n<p>&nbsp;<\/p>\n<p>&nbsp;<\/p>\n<hr \/>\n<p>&nbsp;<\/p>\n<p style=\"text-align: center\"><strong><a href=\"https:\/\/fjsp.org.br\/fjsp\/dossie_junichiro_tanizaki\/\">&lt;&lt; Dossi\u00ea Jun&#8217;ichiro Tanizaki<\/a> \/\/ <\/strong><strong><a href=\"https:\/\/fjsp.org.br\/fjsp\/dossie_junichiro_tanizaki_2_disponiveis_biblioteca\/\">2. Obras em portugu\u00eas dispon\u00edveis na Biblioteca &gt;&gt;\u00a0<\/a><\/strong><\/p>\n<p>&nbsp;<\/p>\n","protected":false},"excerpt":{"rendered":"<p>Dossi\u00ea Liter\u00e1rio &gt; Dossi\u00ea Jun&#8217;ichiro Tanizaki &gt; 1. Jun\u2019ichiro Tanizaki Nascido em 24 de julho de 1886 em Nihonbashi, um distrito comercial, que nos s\u00e9culos XVIII e XIX, foi tamb\u00e9m um importante centro art\u00edstico, testemunha de cenas da vida cortes\u00e3, cotidiana, er\u00f3tica. Nasceu numa \u00e9poca de intensa transforma\u00e7\u00e3o do pa\u00eds, que se abria para o [&hellip;]<\/p>\n","protected":false},"author":34,"featured_media":0,"parent":0,"menu_order":0,"comment_status":"closed","ping_status":"closed","template":"","meta":{"_acf_changed":false,"footnotes":""},"class_list":["post-16758","page","type-page","status-publish","hentry"],"acf":[],"_links":{"self":[{"href":"https:\/\/fjsp.org.br\/fjsp\/wp-json\/wp\/v2\/pages\/16758","targetHints":{"allow":["GET"]}}],"collection":[{"href":"https:\/\/fjsp.org.br\/fjsp\/wp-json\/wp\/v2\/pages"}],"about":[{"href":"https:\/\/fjsp.org.br\/fjsp\/wp-json\/wp\/v2\/types\/page"}],"author":[{"embeddable":true,"href":"https:\/\/fjsp.org.br\/fjsp\/wp-json\/wp\/v2\/users\/34"}],"replies":[{"embeddable":true,"href":"https:\/\/fjsp.org.br\/fjsp\/wp-json\/wp\/v2\/comments?post=16758"}],"version-history":[{"count":2,"href":"https:\/\/fjsp.org.br\/fjsp\/wp-json\/wp\/v2\/pages\/16758\/revisions"}],"predecessor-version":[{"id":16802,"href":"https:\/\/fjsp.org.br\/fjsp\/wp-json\/wp\/v2\/pages\/16758\/revisions\/16802"}],"wp:attachment":[{"href":"https:\/\/fjsp.org.br\/fjsp\/wp-json\/wp\/v2\/media?parent=16758"}],"curies":[{"name":"wp","href":"https:\/\/api.w.org\/{rel}","templated":true}]}}