{"id":16780,"date":"2021-06-04T09:00:39","date_gmt":"2021-06-04T12:00:39","guid":{"rendered":"https:\/\/fjsp.org.br\/fjsp\/?page_id=16780"},"modified":"2021-06-02T16:10:30","modified_gmt":"2021-06-02T19:10:30","slug":"dossie_junichiro_tanizaki_2_disponiveis_biblioteca","status":"publish","type":"page","link":"https:\/\/fjsp.org.br\/fjsp\/dossie_junichiro_tanizaki_2_disponiveis_biblioteca\/","title":{"rendered":"2. Obras em portugu\u00eas dispon\u00edveis na Biblioteca"},"content":{"rendered":"<p style=\"text-align: right\"><strong><a href=\"https:\/\/fjsp.org.br\/fjsp\/dossie_literario\/\">Dossi\u00ea Liter\u00e1rio<\/a> &gt; <a href=\"https:\/\/fjsp.org.br\/fjsp\/dossie_junichiro_tanizaki\/\">Dossi\u00ea Jun&#8217;ichiro Tanizaki<\/a> &gt; 2. Obras em portugu\u00eas dispon\u00edveis na Biblioteca<\/strong><\/p>\n<p><img fetchpriority=\"high\" decoding=\"async\" class=\"img-responsive alignnone wp-image-11642 size-full\" src=\"https:\/\/fjsp.org.br\/fjsp\/wp-content\/uploads\/2020\/07\/pattern-v1-03-1.png\" alt=\"\" width=\"4032\" height=\"223\" srcset=\"https:\/\/fjsp.org.br\/fjsp\/wp-content\/uploads\/2020\/07\/pattern-v1-03-1.png 4032w, https:\/\/fjsp.org.br\/fjsp\/wp-content\/uploads\/2020\/07\/pattern-v1-03-1-280x15.png 280w, https:\/\/fjsp.org.br\/fjsp\/wp-content\/uploads\/2020\/07\/pattern-v1-03-1-768x42.png 768w, https:\/\/fjsp.org.br\/fjsp\/wp-content\/uploads\/2020\/07\/pattern-v1-03-1-340x19.png 340w, https:\/\/fjsp.org.br\/fjsp\/wp-content\/uploads\/2020\/07\/pattern-v1-03-1-220x12.png 220w, https:\/\/fjsp.org.br\/fjsp\/wp-content\/uploads\/2020\/07\/pattern-v1-03-1-100x6.png 100w, https:\/\/fjsp.org.br\/fjsp\/wp-content\/uploads\/2020\/07\/pattern-v1-03-1-130x7.png 130w, https:\/\/fjsp.org.br\/fjsp\/wp-content\/uploads\/2020\/07\/pattern-v1-03-1-460x25.png 460w\" sizes=\"(max-width: 4032px) 100vw, 4032px\" \/><\/p>\n<p>Para iniciar sua aventura pelo mundo de Tanizaki, a biblioteca disponibiliza in\u00fameras obras traduzidas para o portugu\u00eas:<\/p>\n<p>&nbsp;<\/p>\n<div id=\"attachment_16781\" style=\"width: 748px\" class=\"wp-caption aligncenter\"><img decoding=\"async\" aria-describedby=\"caption-attachment-16781\" class=\"img-responsive img-fluid wp-image-16781\" src=\"https:\/\/fjsp.org.br\/fjsp\/wp-content\/uploads\/2021\/06\/foto4-tanizaki-scaled.jpg\" alt=\"\" width=\"738\" height=\"450\" srcset=\"https:\/\/fjsp.org.br\/fjsp\/wp-content\/uploads\/2021\/06\/foto4-tanizaki-scaled.jpg 2560w, https:\/\/fjsp.org.br\/fjsp\/wp-content\/uploads\/2021\/06\/foto4-tanizaki-280x171.jpg 280w, https:\/\/fjsp.org.br\/fjsp\/wp-content\/uploads\/2021\/06\/foto4-tanizaki-768x468.jpg 768w, https:\/\/fjsp.org.br\/fjsp\/wp-content\/uploads\/2021\/06\/foto4-tanizaki-1536x936.jpg 1536w, https:\/\/fjsp.org.br\/fjsp\/wp-content\/uploads\/2021\/06\/foto4-tanizaki-2048x1248.jpg 2048w, https:\/\/fjsp.org.br\/fjsp\/wp-content\/uploads\/2021\/06\/foto4-tanizaki-340x207.jpg 340w, https:\/\/fjsp.org.br\/fjsp\/wp-content\/uploads\/2021\/06\/foto4-tanizaki-220x134.jpg 220w, https:\/\/fjsp.org.br\/fjsp\/wp-content\/uploads\/2021\/06\/foto4-tanizaki-100x61.jpg 100w, https:\/\/fjsp.org.br\/fjsp\/wp-content\/uploads\/2021\/06\/foto4-tanizaki-130x79.jpg 130w, https:\/\/fjsp.org.br\/fjsp\/wp-content\/uploads\/2021\/06\/foto4-tanizaki-460x280.jpg 460w\" sizes=\"(max-width: 738px) 100vw, 738px\" \/><p id=\"caption-attachment-16781\" class=\"wp-caption-text\">Biblioteca Funda\u00e7\u00e3o Jap\u00e3o. As irm\u00e3s Makioka e A chave. \u00a9 Esta\u00e7\u00e3o Liberdade \/ Foto: FJSP<\/p><\/div>\n<p>&nbsp;<\/p>\n<p><strong>Amor insensato.<\/strong> Tradu\u00e7\u00e3o de Jefferson Jos\u00e9 Teixeira. S\u00e3o Paulo: Companhia das Letras, 2004. 277 p.<\/p>\n<p><strong>Chave, A.<\/strong> Tradu\u00e7\u00e3o de Jefferson Jos\u00e9 Teixeira. S\u00e3o Paulo: Companhia das Letras, 2000. 134 p.<\/p>\n<p><strong>Di\u00e1rio de um velho louco.<\/strong> Tradu\u00e7\u00e3o de Leiko Gotoda. S\u00e3o Paulo: Esta\u00e7\u00e3o Liberdade, 2002. 204 p.<\/p>\n<p><strong>Em louvor da sombra. <\/strong>Tradu\u00e7\u00e3o de Leiko Gotoda. S\u00e3o Paulo: Penguin Classics Companhia das Letras, 2017. 66 p.<\/p>\n<p><strong>Gata, um homem e duas mulheres e o cortador de juncos, A.<\/strong> Tradu\u00e7\u00e3o de Andrei Cunha, et al. S\u00e3o Paulo: Esta\u00e7\u00e3o Liberdade, 2016. 192 p.<\/p>\n<p><strong>H\u00e1 Quem Prefira Urtigas.<\/strong> Tradu\u00e7\u00e3o de Leiko Gotoda. S\u00e3o Paulo: Companhia das Letras, 2003. 191 p.<\/p>\n<p><strong>Irm\u00e3s Makioka, As. <\/strong>Tradu\u00e7\u00e3o de Leiko Gotoda et al. S\u00e3o Paulo: Esta\u00e7\u00e3o Liberdade, 2005. 744 p.<\/p>\n<p><strong>Naomi.<\/strong> Tradu\u00e7\u00e3o de S\u00f4nia Coutinho. S\u00e3o Paulo: Brasiliense, 1986. 256 p.<\/p>\n<p><strong>Vida secreta do senhor de Musashi, A \/ Kuzu: duas novelas.<\/strong> Tradu\u00e7\u00e3o de <a href=\"https:\/\/fjsp.org.br\/fjsp\/traducaoemfoco_dirce_miyamura\/\" target=\"_blank\" rel=\"noopener\">Dirce\u00a0 Miyamura<\/a>. S\u00e3o Paulo: Companhia das Letras, 2009. 218 p.<\/p>\n<p><strong>Voragem.<\/strong> Tradu\u00e7\u00e3o de Leiko Gotoda. S\u00e3o Paulo: Companhia das Letras, 2001. 240 p.<\/p>\n<p>&nbsp;<\/p>\n<p>Al\u00e9m de tradu\u00e7\u00f5es para o portugu\u00eas e originais em japon\u00eas, a biblioteca disponibiliza tamb\u00e9m tradu\u00e7\u00f5es para outros idiomas. Para saber mais, acesse nosso <a href=\"http:\/\/179.191.86.52:8080\/sophia_web\/\" target=\"_blank\" rel=\"noopener\">Cat\u00e1logo Online<\/a>.<\/p>\n<p>&nbsp;<\/p>\n<div id=\"attachment_16782\" style=\"width: 319px\" class=\"wp-caption aligncenter\"><img decoding=\"async\" aria-describedby=\"caption-attachment-16782\" class=\"img-responsive img-fluid wp-image-16782\" src=\"https:\/\/fjsp.org.br\/fjsp\/wp-content\/uploads\/2021\/06\/foto5-tanizaki-scaled.jpg\" alt=\"\" width=\"309\" height=\"450\" srcset=\"https:\/\/fjsp.org.br\/fjsp\/wp-content\/uploads\/2021\/06\/foto5-tanizaki-scaled.jpg 1756w, https:\/\/fjsp.org.br\/fjsp\/wp-content\/uploads\/2021\/06\/foto5-tanizaki-280x408.jpg 280w, https:\/\/fjsp.org.br\/fjsp\/wp-content\/uploads\/2021\/06\/foto5-tanizaki-768x1120.jpg 768w, https:\/\/fjsp.org.br\/fjsp\/wp-content\/uploads\/2021\/06\/foto5-tanizaki-1053x1536.jpg 1053w, https:\/\/fjsp.org.br\/fjsp\/wp-content\/uploads\/2021\/06\/foto5-tanizaki-1405x2048.jpg 1405w, https:\/\/fjsp.org.br\/fjsp\/wp-content\/uploads\/2021\/06\/foto5-tanizaki-340x496.jpg 340w, https:\/\/fjsp.org.br\/fjsp\/wp-content\/uploads\/2021\/06\/foto5-tanizaki-220x321.jpg 220w, https:\/\/fjsp.org.br\/fjsp\/wp-content\/uploads\/2021\/06\/foto5-tanizaki-100x146.jpg 100w, https:\/\/fjsp.org.br\/fjsp\/wp-content\/uploads\/2021\/06\/foto5-tanizaki-130x190.jpg 130w, https:\/\/fjsp.org.br\/fjsp\/wp-content\/uploads\/2021\/06\/foto5-tanizaki-460x671.jpg 460w\" sizes=\"(max-width: 309px) 100vw, 309px\" \/><p id=\"caption-attachment-16782\" class=\"wp-caption-text\">Biblioteca Funda\u00e7\u00e3o Jap\u00e3o. Foto: FJSP<\/p><\/div>\n<p>&nbsp;<\/p>\n<p>&nbsp;<\/p>\n<hr \/>\n<p>&nbsp;<\/p>\n<p style=\"text-align: center\"><strong><a href=\"https:\/\/fjsp.org.br\/fjsp\/dossie_junichiro_tanizaki_1_junichiro_tanizaki\/\">&lt;&lt; 1. Jun\u2019ichiro Tanizaki<\/a> \/\/ <\/strong><strong><a href=\"https:\/\/fjsp.org.br\/fjsp\/dossie_junichiro_tanizaki_3_destaques\/\">3. Destaques &gt;&gt;\u00a0<\/a><\/strong><\/p>\n<p>&nbsp;<\/p>\n","protected":false},"excerpt":{"rendered":"<p>Dossi\u00ea Liter\u00e1rio &gt; Dossi\u00ea Jun&#8217;ichiro Tanizaki &gt; 2. Obras em portugu\u00eas dispon\u00edveis na Biblioteca Para iniciar sua aventura pelo mundo de Tanizaki, a biblioteca disponibiliza in\u00fameras obras traduzidas para o portugu\u00eas: &nbsp; &nbsp; Amor insensato. Tradu\u00e7\u00e3o de Jefferson Jos\u00e9 Teixeira. S\u00e3o Paulo: Companhia das Letras, 2004. 277 p. Chave, A. Tradu\u00e7\u00e3o de Jefferson Jos\u00e9 Teixeira. [&hellip;]<\/p>\n","protected":false},"author":34,"featured_media":0,"parent":0,"menu_order":0,"comment_status":"closed","ping_status":"closed","template":"","meta":{"_acf_changed":false,"footnotes":""},"class_list":["post-16780","page","type-page","status-publish","hentry"],"acf":[],"_links":{"self":[{"href":"https:\/\/fjsp.org.br\/fjsp\/wp-json\/wp\/v2\/pages\/16780","targetHints":{"allow":["GET"]}}],"collection":[{"href":"https:\/\/fjsp.org.br\/fjsp\/wp-json\/wp\/v2\/pages"}],"about":[{"href":"https:\/\/fjsp.org.br\/fjsp\/wp-json\/wp\/v2\/types\/page"}],"author":[{"embeddable":true,"href":"https:\/\/fjsp.org.br\/fjsp\/wp-json\/wp\/v2\/users\/34"}],"replies":[{"embeddable":true,"href":"https:\/\/fjsp.org.br\/fjsp\/wp-json\/wp\/v2\/comments?post=16780"}],"version-history":[{"count":2,"href":"https:\/\/fjsp.org.br\/fjsp\/wp-json\/wp\/v2\/pages\/16780\/revisions"}],"predecessor-version":[{"id":16801,"href":"https:\/\/fjsp.org.br\/fjsp\/wp-json\/wp\/v2\/pages\/16780\/revisions\/16801"}],"wp:attachment":[{"href":"https:\/\/fjsp.org.br\/fjsp\/wp-json\/wp\/v2\/media?parent=16780"}],"curies":[{"name":"wp","href":"https:\/\/api.w.org\/{rel}","templated":true}]}}