{"id":16784,"date":"2021-06-04T09:00:41","date_gmt":"2021-06-04T12:00:41","guid":{"rendered":"https:\/\/fjsp.org.br\/fjsp\/?page_id=16784"},"modified":"2021-06-02T16:10:22","modified_gmt":"2021-06-02T19:10:22","slug":"dossie_junichiro_tanizaki_3_destaques","status":"publish","type":"page","link":"https:\/\/fjsp.org.br\/fjsp\/dossie_junichiro_tanizaki_3_destaques\/","title":{"rendered":"3. Destaques"},"content":{"rendered":"<p style=\"text-align: right\"><strong><a href=\"https:\/\/fjsp.org.br\/fjsp\/dossie_literario\/\">Dossi\u00ea Liter\u00e1rio<\/a> &gt; <a href=\"https:\/\/fjsp.org.br\/fjsp\/dossie_junichiro_tanizaki\/\">Dossi\u00ea Jun&#8217;ichiro Tanizaki<\/a> &gt; 3. Destaques<\/strong><\/p>\n<p><img fetchpriority=\"high\" decoding=\"async\" class=\"img-responsive alignnone wp-image-11642 size-full\" src=\"https:\/\/fjsp.org.br\/fjsp\/wp-content\/uploads\/2020\/07\/pattern-v1-03-1.png\" alt=\"\" width=\"4032\" height=\"223\" srcset=\"https:\/\/fjsp.org.br\/fjsp\/wp-content\/uploads\/2020\/07\/pattern-v1-03-1.png 4032w, https:\/\/fjsp.org.br\/fjsp\/wp-content\/uploads\/2020\/07\/pattern-v1-03-1-280x15.png 280w, https:\/\/fjsp.org.br\/fjsp\/wp-content\/uploads\/2020\/07\/pattern-v1-03-1-768x42.png 768w, https:\/\/fjsp.org.br\/fjsp\/wp-content\/uploads\/2020\/07\/pattern-v1-03-1-340x19.png 340w, https:\/\/fjsp.org.br\/fjsp\/wp-content\/uploads\/2020\/07\/pattern-v1-03-1-220x12.png 220w, https:\/\/fjsp.org.br\/fjsp\/wp-content\/uploads\/2020\/07\/pattern-v1-03-1-100x6.png 100w, https:\/\/fjsp.org.br\/fjsp\/wp-content\/uploads\/2020\/07\/pattern-v1-03-1-130x7.png 130w, https:\/\/fjsp.org.br\/fjsp\/wp-content\/uploads\/2020\/07\/pattern-v1-03-1-460x25.png 460w\" sizes=\"(max-width: 4032px) 100vw, 4032px\" \/><\/p>\n<h3><span style=\"color: #ff0000\"><strong>ASSISTA! V\u00cdDEO EM DESTAQUE<\/strong><\/span><\/h3>\n<p style=\"text-align: center\"><a href=\"https:\/\/youtu.be\/kE12458DyOA\" target=\"_blank\" rel=\"noopener\"><strong>LITERATURA FUNDAMENTAL 57<\/strong><\/a><\/p>\n<p style=\"text-align: center\">Sobre Jun\u2019ichiro Tanizaki, obra <strong>As Irm\u00e3s Makioka<\/strong>, com Neide Hissae Nagae.<\/p>\n<p><a href=\"https:\/\/youtu.be\/kE12458DyOA\" target=\"_blank\" rel=\"noopener\"><img decoding=\"async\" class=\"img-responsive img-fluid aligncenter wp-image-16785\" src=\"https:\/\/fjsp.org.br\/fjsp\/wp-content\/uploads\/2021\/06\/video.png\" alt=\"\" width=\"725\" height=\"450\" srcset=\"https:\/\/fjsp.org.br\/fjsp\/wp-content\/uploads\/2021\/06\/video.png 863w, https:\/\/fjsp.org.br\/fjsp\/wp-content\/uploads\/2021\/06\/video-280x174.png 280w, https:\/\/fjsp.org.br\/fjsp\/wp-content\/uploads\/2021\/06\/video-768x477.png 768w, https:\/\/fjsp.org.br\/fjsp\/wp-content\/uploads\/2021\/06\/video-340x211.png 340w, https:\/\/fjsp.org.br\/fjsp\/wp-content\/uploads\/2021\/06\/video-220x137.png 220w, https:\/\/fjsp.org.br\/fjsp\/wp-content\/uploads\/2021\/06\/video-100x62.png 100w, https:\/\/fjsp.org.br\/fjsp\/wp-content\/uploads\/2021\/06\/video-130x81.png 130w, https:\/\/fjsp.org.br\/fjsp\/wp-content\/uploads\/2021\/06\/video-460x286.png 460w\" sizes=\"(max-width: 725px) 100vw, 725px\" \/><\/a><\/p>\n<p>\u201cPrograma sobre o trabalho do autor japon\u00eas Jun&#8217;ichiro Tanizaki, principalmente sobre o livro <em>As Irm\u00e3s Makioka<\/em>, publicado entre 1943 e 1948 que fala sobre a vida no Jap\u00e3o da d\u00e9cada de 1930 e influ\u00eancia da cultura ocidental numa sociedade carregada de tradi\u00e7\u00f5es seculares. As explica\u00e7\u00f5es s\u00e3o da pesquisadora e professora Neide Hissae Nagae, do curso de l\u00edngua, literatura e cultura japonesa da Faculdade de Filosofia, Letras e Ci\u00eancias Humanas da USP.\u201d<\/p>\n<p>&nbsp;<\/p>\n<h3><span style=\"color: #ff0000\"><strong>OU\u00c7A! PODCAST EM DESTAQUE<\/strong><\/span><\/h3>\n<p style=\"text-align: center\"><a href=\"https:\/\/www.blogdacompanhia.com.br\/conteudos\/visualizar\/Radio-Companhia-44-Junichiro-Tanizaki\" target=\"_blank\" rel=\"noopener\"><strong>R\u00c1DIO COMPANHIA #44<\/strong><\/a><\/p>\n<p style=\"text-align: center\">Sobre Jun\u2019ichiro Tanizaki, obra <strong>Em louvor da sombra<\/strong>, com Leiko Gotoda.<\/p>\n<p><a href=\"https:\/\/www.blogdacompanhia.com.br\/conteudos\/visualizar\/Radio-Companhia-44-Junichiro-Tanizaki\" target=\"_blank\" rel=\"noopener\"><img decoding=\"async\" class=\"img-responsive img-fluid wp-image-16786 aligncenter\" src=\"https:\/\/fjsp.org.br\/fjsp\/wp-content\/uploads\/2021\/06\/radio.png\" alt=\"\" width=\"712\" height=\"450\" srcset=\"https:\/\/fjsp.org.br\/fjsp\/wp-content\/uploads\/2021\/06\/radio.png 1002w, https:\/\/fjsp.org.br\/fjsp\/wp-content\/uploads\/2021\/06\/radio-280x177.png 280w, https:\/\/fjsp.org.br\/fjsp\/wp-content\/uploads\/2021\/06\/radio-768x485.png 768w, https:\/\/fjsp.org.br\/fjsp\/wp-content\/uploads\/2021\/06\/radio-340x215.png 340w, https:\/\/fjsp.org.br\/fjsp\/wp-content\/uploads\/2021\/06\/radio-220x139.png 220w, https:\/\/fjsp.org.br\/fjsp\/wp-content\/uploads\/2021\/06\/radio-100x63.png 100w, https:\/\/fjsp.org.br\/fjsp\/wp-content\/uploads\/2021\/06\/radio-130x82.png 130w, https:\/\/fjsp.org.br\/fjsp\/wp-content\/uploads\/2021\/06\/radio-460x291.png 460w\" sizes=\"(max-width: 712px) 100vw, 712px\" \/><\/a><\/p>\n<p>\u201cNo programa #44 da R\u00e1dio Companhia, falamos de um dos grandes autores japoneses: <strong>Jun\u2019ichiro Tanizaki<\/strong>. Temos como convidada a tradutora <strong>Leiko Gotoda<\/strong>, refer\u00eancia em tradu\u00e7\u00e3o do japon\u00eas no Brasil, e tamb\u00e9m temos a participa\u00e7\u00e3o da editora Alice Sant\u2019anna. Falaremos principalmente sobre o livro Em louvor da sombra, lan\u00e7ado pelo selo Penguin-Companhia, um elogio sens\u00edvel e delicado \u00e0 tradi\u00e7\u00e3o japonesa, mas tamb\u00e9m sobre a cultura, tradu\u00e7\u00e3o e outros tantos temas neste programa do nosso podcast.\u201d<\/p>\n<p>&nbsp;<\/p>\n<p>&nbsp;<\/p>\n<hr \/>\n<p>&nbsp;<\/p>\n<p style=\"text-align: center\"><strong><a href=\"https:\/\/fjsp.org.br\/fjsp\/dossie_junichiro_tanizaki_2_disponiveis_biblioteca\/\">&lt;&lt; 2. Obras em portugu\u00eas dispon\u00edveis na Biblioteca<\/a> \/\/ <\/strong><strong><a href=\"https:\/\/fjsp.org.br\/fjsp\/dossie_junichiro_tanizaki_4_palavras_tradutor\/\">4. Palavras do Tradutor &gt;&gt;\u00a0<\/a><\/strong><\/p>\n<p>&nbsp;<\/p>\n","protected":false},"excerpt":{"rendered":"<p>Dossi\u00ea Liter\u00e1rio &gt; Dossi\u00ea Jun&#8217;ichiro Tanizaki &gt; 3. Destaques ASSISTA! V\u00cdDEO EM DESTAQUE LITERATURA FUNDAMENTAL 57 Sobre Jun\u2019ichiro Tanizaki, obra As Irm\u00e3s Makioka, com Neide Hissae Nagae. \u201cPrograma sobre o trabalho do autor japon\u00eas Jun&#8217;ichiro Tanizaki, principalmente sobre o livro As Irm\u00e3s Makioka, publicado entre 1943 e 1948 que fala sobre a vida no Jap\u00e3o [&hellip;]<\/p>\n","protected":false},"author":34,"featured_media":0,"parent":0,"menu_order":0,"comment_status":"closed","ping_status":"closed","template":"","meta":{"_acf_changed":false,"footnotes":""},"class_list":["post-16784","page","type-page","status-publish","hentry"],"acf":[],"_links":{"self":[{"href":"https:\/\/fjsp.org.br\/fjsp\/wp-json\/wp\/v2\/pages\/16784","targetHints":{"allow":["GET"]}}],"collection":[{"href":"https:\/\/fjsp.org.br\/fjsp\/wp-json\/wp\/v2\/pages"}],"about":[{"href":"https:\/\/fjsp.org.br\/fjsp\/wp-json\/wp\/v2\/types\/page"}],"author":[{"embeddable":true,"href":"https:\/\/fjsp.org.br\/fjsp\/wp-json\/wp\/v2\/users\/34"}],"replies":[{"embeddable":true,"href":"https:\/\/fjsp.org.br\/fjsp\/wp-json\/wp\/v2\/comments?post=16784"}],"version-history":[{"count":2,"href":"https:\/\/fjsp.org.br\/fjsp\/wp-json\/wp\/v2\/pages\/16784\/revisions"}],"predecessor-version":[{"id":16804,"href":"https:\/\/fjsp.org.br\/fjsp\/wp-json\/wp\/v2\/pages\/16784\/revisions\/16804"}],"wp:attachment":[{"href":"https:\/\/fjsp.org.br\/fjsp\/wp-json\/wp\/v2\/media?parent=16784"}],"curies":[{"name":"wp","href":"https:\/\/api.w.org\/{rel}","templated":true}]}}