{"id":17090,"date":"2021-07-27T09:00:27","date_gmt":"2021-07-27T12:00:27","guid":{"rendered":"https:\/\/fjsp.org.br\/fjsp\/?page_id=17090"},"modified":"2021-07-23T17:32:47","modified_gmt":"2021-07-23T20:32:47","slug":"traducaoemfoco_diogo_kaupatez","status":"publish","type":"page","link":"https:\/\/fjsp.org.br\/fjsp\/traducaoemfoco_diogo_kaupatez\/","title":{"rendered":"Diogo Kaupatez &#8211; Coragem para seguir viagem"},"content":{"rendered":"<h5 style=\"text-align: right\"><a href=\"https:\/\/fjsp.org.br\/fjsp\/traducaoemfoco\/\">Tradu\u00e7\u00e3o em Foco<\/a> &gt; <strong>Diogo Kaupatez <\/strong><\/h5>\n<p><img fetchpriority=\"high\" decoding=\"async\" class=\"img-responsive img-fluid alignnone wp-image-17091 size-full\" src=\"https:\/\/fjsp.org.br\/fjsp\/wp-content\/uploads\/2021\/07\/banner-site-01.png\" alt=\"\" width=\"2501\" height=\"447\" srcset=\"https:\/\/fjsp.org.br\/fjsp\/wp-content\/uploads\/2021\/07\/banner-site-01.png 2501w, https:\/\/fjsp.org.br\/fjsp\/wp-content\/uploads\/2021\/07\/banner-site-01-280x50.png 280w, https:\/\/fjsp.org.br\/fjsp\/wp-content\/uploads\/2021\/07\/banner-site-01-768x137.png 768w, https:\/\/fjsp.org.br\/fjsp\/wp-content\/uploads\/2021\/07\/banner-site-01-1536x275.png 1536w, https:\/\/fjsp.org.br\/fjsp\/wp-content\/uploads\/2021\/07\/banner-site-01-2048x366.png 2048w, https:\/\/fjsp.org.br\/fjsp\/wp-content\/uploads\/2021\/07\/banner-site-01-340x61.png 340w, https:\/\/fjsp.org.br\/fjsp\/wp-content\/uploads\/2021\/07\/banner-site-01-220x39.png 220w, https:\/\/fjsp.org.br\/fjsp\/wp-content\/uploads\/2021\/07\/banner-site-01-100x18.png 100w, https:\/\/fjsp.org.br\/fjsp\/wp-content\/uploads\/2021\/07\/banner-site-01-130x23.png 130w, https:\/\/fjsp.org.br\/fjsp\/wp-content\/uploads\/2021\/07\/banner-site-01-460x82.png 460w\" sizes=\"(max-width: 2501px) 100vw, 2501px\" \/><\/p>\n<p>&nbsp;<\/p>\n<h3><strong>Coragem para seguir viagem<\/strong><\/h3>\n<p>Quando era adolescente, traduzir n\u00e3o estava nos meus planos. Jap\u00e3o tampouco, admito. \u00c9 que, certa vez, encasquetei que queria aprender caligrafia japonesa. Mas, para isso, era necess\u00e1rio alguma no\u00e7\u00e3o de escrita. E foi assim que tudo come\u00e7ou.<\/p>\n<p>Anos depois, agora na faculdade de Letras, recebi o convite de uma colega.<\/p>\n<blockquote><p>\u201cEu e alguns s\u00f3cios abrimos uma editora. De in\u00edcio, pretendemos publicar autores de dom\u00ednio p\u00fablico. Pensamos no Ryunosuke Akutagawa. Voc\u00ea teria interesse em traduzir? \u201d<\/p><\/blockquote>\n<p>N\u00e3o. Claro que n\u00e3o. Quem era eu na fila do p\u00e3o, com meu japon\u00eas claudicante?<\/p>\n<p>Mais tarde, reconsiderei. Por que n\u00e3o?<\/p>\n<p>E assim surgiu <em>Contos fant\u00e1sticos<\/em>, da finada editora Z. Nele, cl\u00e1ssicos como \u201cRashomon\u201d e \u201cDentro da mata\u201d, mais tarde adaptados para o cinema por Akira Kurosawa, e releituras de antigas lendas budistas como \u201cO fio da aranha\u201d.<\/p>\n<p>&nbsp;<\/p>\n<div id=\"attachment_17100\" style=\"width: 278px\" class=\"wp-caption aligncenter\"><img decoding=\"async\" aria-describedby=\"caption-attachment-17100\" class=\"img-responsive img-fluid wp-image-17100\" src=\"https:\/\/fjsp.org.br\/fjsp\/wp-content\/uploads\/2021\/07\/01-capa4.jpg\" alt=\"\" width=\"268\" height=\"400\" srcset=\"https:\/\/fjsp.org.br\/fjsp\/wp-content\/uploads\/2021\/07\/01-capa4.jpg 1100w, https:\/\/fjsp.org.br\/fjsp\/wp-content\/uploads\/2021\/07\/01-capa4-280x418.jpg 280w, https:\/\/fjsp.org.br\/fjsp\/wp-content\/uploads\/2021\/07\/01-capa4-768x1148.jpg 768w, https:\/\/fjsp.org.br\/fjsp\/wp-content\/uploads\/2021\/07\/01-capa4-1028x1536.jpg 1028w, https:\/\/fjsp.org.br\/fjsp\/wp-content\/uploads\/2021\/07\/01-capa4-340x508.jpg 340w, https:\/\/fjsp.org.br\/fjsp\/wp-content\/uploads\/2021\/07\/01-capa4-220x329.jpg 220w, https:\/\/fjsp.org.br\/fjsp\/wp-content\/uploads\/2021\/07\/01-capa4-100x149.jpg 100w, https:\/\/fjsp.org.br\/fjsp\/wp-content\/uploads\/2021\/07\/01-capa4-130x194.jpg 130w, https:\/\/fjsp.org.br\/fjsp\/wp-content\/uploads\/2021\/07\/01-capa4-460x687.jpg 460w\" sizes=\"(max-width: 268px) 100vw, 268px\" \/><p id=\"caption-attachment-17100\" class=\"wp-caption-text\">Foto Diogo Kaupatez<\/p><\/div>\n<p>&nbsp;<\/p>\n<p>Algum tempo depois, trabalhava como vendedor no setor de literatura de uma livraria na zona oeste. Calhou de serem os dez anos da Cosac Naify. A editora agendou com a gerente da unidade uma apresenta\u00e7\u00e3o, onde compartilharia um pouco da sua hist\u00f3ria e as a\u00e7\u00f5es comemorativas planejadas. Assim, ter\u00edamos que chegar algumas horas antes do in\u00edcio do expediente e, enquanto todos amaldi\u00e7oavam o destino, que os obrigava a tamanha prova\u00e7\u00e3o, considerei levar um exemplar do Akutagawa, devidamente entregue ao editor-chefe, que calhou de estar presente.<\/p>\n<p>Tempos depois, o telefonema.<\/p>\n<blockquote><p>\u201cVoc\u00ea gostaria de traduzir obras infantis?\u201d<\/p><\/blockquote>\n<p>Ent\u00e3o, foram publicados <em>Balan\u00e7o<\/em>, da Keiko Maeo, <em>Aprendendo com meus amigos<\/em> e <em>Rabiscos<\/em>, ambos do Taro Gomi. Trata-se de obras com pouqu\u00edssimo texto e bastante ilustra\u00e7\u00f5es, com o intuito de fazer brilhar os olhos das crian\u00e7as, que ent\u00e3o puxariam as barras das saias das m\u00e3es e pediriam com cara de gato do Shrek: compra, compra, por favor.<\/p>\n<p>&nbsp;<\/p>\n<div id=\"attachment_17102\" style=\"width: 650px\" class=\"wp-caption aligncenter\"><img decoding=\"async\" aria-describedby=\"caption-attachment-17102\" class=\"img-responsive img-fluid wp-image-17102\" src=\"https:\/\/fjsp.org.br\/fjsp\/wp-content\/uploads\/2021\/07\/02-capa2-capa3-scaled.jpg\" alt=\"\" width=\"640\" height=\"400\" srcset=\"https:\/\/fjsp.org.br\/fjsp\/wp-content\/uploads\/2021\/07\/02-capa2-capa3-scaled.jpg 2560w, https:\/\/fjsp.org.br\/fjsp\/wp-content\/uploads\/2021\/07\/02-capa2-capa3-280x175.jpg 280w, https:\/\/fjsp.org.br\/fjsp\/wp-content\/uploads\/2021\/07\/02-capa2-capa3-768x480.jpg 768w, https:\/\/fjsp.org.br\/fjsp\/wp-content\/uploads\/2021\/07\/02-capa2-capa3-1536x960.jpg 1536w, https:\/\/fjsp.org.br\/fjsp\/wp-content\/uploads\/2021\/07\/02-capa2-capa3-2048x1281.jpg 2048w, https:\/\/fjsp.org.br\/fjsp\/wp-content\/uploads\/2021\/07\/02-capa2-capa3-340x213.jpg 340w, https:\/\/fjsp.org.br\/fjsp\/wp-content\/uploads\/2021\/07\/02-capa2-capa3-220x138.jpg 220w, https:\/\/fjsp.org.br\/fjsp\/wp-content\/uploads\/2021\/07\/02-capa2-capa3-100x63.jpg 100w, https:\/\/fjsp.org.br\/fjsp\/wp-content\/uploads\/2021\/07\/02-capa2-capa3-130x81.jpg 130w, https:\/\/fjsp.org.br\/fjsp\/wp-content\/uploads\/2021\/07\/02-capa2-capa3-460x288.jpg 460w\" sizes=\"(max-width: 640px) 100vw, 640px\" \/><p id=\"caption-attachment-17102\" class=\"wp-caption-text\">\u00a9 Cosac Naify \/ Foto Diogo Kaupatez<\/p><\/div>\n<p>&nbsp;<\/p>\n<p>Enquanto isso, seguia firme e forte na livraria. Minto, fui demitido tempos depois. Agora, garantia a ra\u00e7\u00e3o dos cachorros como revisor em uma ag\u00eancia de comunica\u00e7\u00e3o. Minha tradu\u00e7\u00e3o \u00e9 lenta e arrastada, imposs\u00edvel transformar em emprego de tempo integral.<\/p>\n<p>Da\u00ed, meses antes de uma edi\u00e7\u00e3o da Mostra Internacional de Cinema de S\u00e3o Paulo, fui novamente procurado pela Cosac Naify.<\/p>\n<blockquote><p>\u201cO homenageado da Mostra ser\u00e1 o Akira Kurosawa. Estamos com uma biografia do diretor, escrita por uma de suas principais assessoras, que vir\u00e1 ao Brasil participar das homenagens. Entramos em contato com outras tradutoras, por\u00e9m ningu\u00e9m aceitou em decorr\u00eancia do prazo, que \u00e9 super curto. Aceita?\u201d<\/p><\/blockquote>\n<p>Senti no convite uma esp\u00e9cie de s\u00f3 tem tu, vai tu mesmo. Compreens\u00edvel. Mas, quando no inferno, abrace o diabo, n\u00e3o \u00e9 mesmo? Aceitei. E <em>\u00c0 espera do tempo<\/em>, da Teruyo Nogami, ficou dispon\u00edvel ao leitor brasileiro.<\/p>\n<p>&nbsp;<\/p>\n<div id=\"attachment_17103\" style=\"width: 295px\" class=\"wp-caption aligncenter\"><img loading=\"lazy\" decoding=\"async\" aria-describedby=\"caption-attachment-17103\" class=\"img-responsive img-fluid wp-image-17103\" src=\"https:\/\/fjsp.org.br\/fjsp\/wp-content\/uploads\/2021\/07\/03-capa1.jpg\" alt=\"\" width=\"285\" height=\"400\" srcset=\"https:\/\/fjsp.org.br\/fjsp\/wp-content\/uploads\/2021\/07\/03-capa1.jpg 1264w, https:\/\/fjsp.org.br\/fjsp\/wp-content\/uploads\/2021\/07\/03-capa1-280x393.jpg 280w, https:\/\/fjsp.org.br\/fjsp\/wp-content\/uploads\/2021\/07\/03-capa1-768x1079.jpg 768w, https:\/\/fjsp.org.br\/fjsp\/wp-content\/uploads\/2021\/07\/03-capa1-1093x1536.jpg 1093w, https:\/\/fjsp.org.br\/fjsp\/wp-content\/uploads\/2021\/07\/03-capa1-340x478.jpg 340w, https:\/\/fjsp.org.br\/fjsp\/wp-content\/uploads\/2021\/07\/03-capa1-220x309.jpg 220w, https:\/\/fjsp.org.br\/fjsp\/wp-content\/uploads\/2021\/07\/03-capa1-100x141.jpg 100w, https:\/\/fjsp.org.br\/fjsp\/wp-content\/uploads\/2021\/07\/03-capa1-130x183.jpg 130w, https:\/\/fjsp.org.br\/fjsp\/wp-content\/uploads\/2021\/07\/03-capa1-460x646.jpg 460w\" sizes=\"(max-width: 285px) 100vw, 285px\" \/><p id=\"caption-attachment-17103\" class=\"wp-caption-text\">\u00a9 Cosac Naify \/ Foto Diogo Kaupatez<\/p><\/div>\n<p>&nbsp;<\/p>\n<p>Foi quest\u00e3o de tempo at\u00e9 a Cosac Naify encerrar as atividades. Culpa do alto custo de produ\u00e7\u00e3o do seu acervo? Do baixo n\u00edvel de leitura da popula\u00e7\u00e3o? Ou, quem sabe, teria eu um dedo podre?<\/p>\n<p>O desdobramento seguinte mudaria minha vida para sempre.<\/p>\n<p>&nbsp;<\/p>\n<p>&nbsp;<\/p>\n<hr \/>\n<p>&nbsp;<\/p>\n<p><img loading=\"lazy\" decoding=\"async\" class=\"img-responsive img-fluid wp-image-17093 alignleft\" src=\"https:\/\/fjsp.org.br\/fjsp\/wp-content\/uploads\/2021\/07\/foto-diogo1.jpg\" alt=\"\" width=\"199\" height=\"200\" srcset=\"https:\/\/fjsp.org.br\/fjsp\/wp-content\/uploads\/2021\/07\/foto-diogo1.jpg 598w, https:\/\/fjsp.org.br\/fjsp\/wp-content\/uploads\/2021\/07\/foto-diogo1-280x281.jpg 280w, https:\/\/fjsp.org.br\/fjsp\/wp-content\/uploads\/2021\/07\/foto-diogo1-340x341.jpg 340w, https:\/\/fjsp.org.br\/fjsp\/wp-content\/uploads\/2021\/07\/foto-diogo1-220x221.jpg 220w, https:\/\/fjsp.org.br\/fjsp\/wp-content\/uploads\/2021\/07\/foto-diogo1-100x100.jpg 100w, https:\/\/fjsp.org.br\/fjsp\/wp-content\/uploads\/2021\/07\/foto-diogo1-130x130.jpg 130w, https:\/\/fjsp.org.br\/fjsp\/wp-content\/uploads\/2021\/07\/foto-diogo1-460x462.jpg 460w, https:\/\/fjsp.org.br\/fjsp\/wp-content\/uploads\/2021\/07\/foto-diogo1-150x150.jpg 150w\" sizes=\"(max-width: 199px) 100vw, 199px\" \/><\/p>\n<p>&nbsp;<\/p>\n<p><span style=\"color: #800080\"><strong>Diogo Kaupatez<\/strong><\/span><\/p>\n<p><span style=\"color: #800080\">Graduado em Letras Japon\u00eas, pela FFLCH-USP (Faculdade de Filosofia Letras e Ci\u00eancias Humanas da Universidade de S\u00e3o Paulo), e Publicidade e Propaganda, pela PUC-SP (Pontif\u00edcia Universidade Cat\u00f3lica de S\u00e3o Paulo). \u00c9 Mestre em Cultura Japonesa pela FFLCH-USP e tradutor do japon\u00eas e do ingl\u00eas. Traduziu obras de Ryunosuke Akutagawa, Keiko Maeo, Taro Gomi, Koichi Kimura, entre outros. Em 2016, fundou a editora C.3.3, que se dedica \u00e0 literatura e cultura japonesas.<\/span><\/p>\n<p>&nbsp;<\/p>\n<hr \/>\n<p>&nbsp;<\/p>\n<h4 style=\"text-align: center\"><strong>\u00a0<a href=\"https:\/\/fjsp.org.br\/fjsp\/traducaoemfoco_diogo_kaupatez_zona_leste_planeta\/\">2. Na zona leste do planeta &gt;&gt;<\/a><\/strong><\/h4>\n<p style=\"text-align: center\"><strong>\u00a0[ 1 ]<\/strong> \u30fb<a href=\"https:\/\/fjsp.org.br\/fjsp\/traducaoemfoco_diogo_kaupatez_zona_leste_planeta\/\">2<\/a> \u30fb <a href=\"https:\/\/fjsp.org.br\/fjsp\/traducaoemfoco_diogo_kaupatez_engatinhando\/\">3<\/a><\/p>\n<h6 style=\"text-align: left\"><span style=\"color: #000000\">*Os usos de imagens e conte\u00fados desta p\u00e1gina s\u00e3o exclusivamente para fins educacionais e de divulga\u00e7\u00e3o de cultura japonesa, sem fins comerciais.<\/span><\/h6>\n","protected":false},"excerpt":{"rendered":"<p>Tradu\u00e7\u00e3o em Foco &gt; Diogo Kaupatez &nbsp; Coragem para seguir viagem Quando era adolescente, traduzir n\u00e3o estava nos meus planos. Jap\u00e3o tampouco, admito. \u00c9 que, certa vez, encasquetei que queria aprender caligrafia japonesa. Mas, para isso, era necess\u00e1rio alguma no\u00e7\u00e3o de escrita. E foi assim que tudo come\u00e7ou. Anos depois, agora na faculdade de Letras, [&hellip;]<\/p>\n","protected":false},"author":34,"featured_media":0,"parent":0,"menu_order":0,"comment_status":"closed","ping_status":"closed","template":"","meta":{"_acf_changed":false,"footnotes":""},"class_list":["post-17090","page","type-page","status-publish","hentry"],"acf":[],"_links":{"self":[{"href":"https:\/\/fjsp.org.br\/fjsp\/wp-json\/wp\/v2\/pages\/17090","targetHints":{"allow":["GET"]}}],"collection":[{"href":"https:\/\/fjsp.org.br\/fjsp\/wp-json\/wp\/v2\/pages"}],"about":[{"href":"https:\/\/fjsp.org.br\/fjsp\/wp-json\/wp\/v2\/types\/page"}],"author":[{"embeddable":true,"href":"https:\/\/fjsp.org.br\/fjsp\/wp-json\/wp\/v2\/users\/34"}],"replies":[{"embeddable":true,"href":"https:\/\/fjsp.org.br\/fjsp\/wp-json\/wp\/v2\/comments?post=17090"}],"version-history":[{"count":3,"href":"https:\/\/fjsp.org.br\/fjsp\/wp-json\/wp\/v2\/pages\/17090\/revisions"}],"predecessor-version":[{"id":17132,"href":"https:\/\/fjsp.org.br\/fjsp\/wp-json\/wp\/v2\/pages\/17090\/revisions\/17132"}],"wp:attachment":[{"href":"https:\/\/fjsp.org.br\/fjsp\/wp-json\/wp\/v2\/media?parent=17090"}],"curies":[{"name":"wp","href":"https:\/\/api.w.org\/{rel}","templated":true}]}}