{"id":17105,"date":"2021-07-27T09:00:22","date_gmt":"2021-07-27T12:00:22","guid":{"rendered":"https:\/\/fjsp.org.br\/fjsp\/?page_id=17105"},"modified":"2021-07-23T17:32:59","modified_gmt":"2021-07-23T20:32:59","slug":"traducaoemfoco_diogo_kaupatez_zona_leste_planeta","status":"publish","type":"page","link":"https:\/\/fjsp.org.br\/fjsp\/traducaoemfoco_diogo_kaupatez_zona_leste_planeta\/","title":{"rendered":"Diogo Kaupatez &#8211; Na zona leste do planeta"},"content":{"rendered":"<h5 style=\"text-align: right\"><a href=\"https:\/\/fjsp.org.br\/fjsp\/traducaoemfoco\/\">Tradu\u00e7\u00e3o em Foco<\/a> &gt; Na zona leste do planeta<\/h5>\n<p><img fetchpriority=\"high\" decoding=\"async\" class=\"img-responsive img-fluid wp-image-17106 aligncenter\" src=\"https:\/\/fjsp.org.br\/fjsp\/wp-content\/uploads\/2021\/07\/banner-site-prancheta-1.png\" alt=\"\" width=\"1200\" height=\"245\" srcset=\"https:\/\/fjsp.org.br\/fjsp\/wp-content\/uploads\/2021\/07\/banner-site-prancheta-1.png 2501w, https:\/\/fjsp.org.br\/fjsp\/wp-content\/uploads\/2021\/07\/banner-site-prancheta-1-280x57.png 280w, https:\/\/fjsp.org.br\/fjsp\/wp-content\/uploads\/2021\/07\/banner-site-prancheta-1-768x157.png 768w, https:\/\/fjsp.org.br\/fjsp\/wp-content\/uploads\/2021\/07\/banner-site-prancheta-1-1536x313.png 1536w, https:\/\/fjsp.org.br\/fjsp\/wp-content\/uploads\/2021\/07\/banner-site-prancheta-1-2048x418.png 2048w, https:\/\/fjsp.org.br\/fjsp\/wp-content\/uploads\/2021\/07\/banner-site-prancheta-1-340x69.png 340w, https:\/\/fjsp.org.br\/fjsp\/wp-content\/uploads\/2021\/07\/banner-site-prancheta-1-220x45.png 220w, https:\/\/fjsp.org.br\/fjsp\/wp-content\/uploads\/2021\/07\/banner-site-prancheta-1-100x20.png 100w, https:\/\/fjsp.org.br\/fjsp\/wp-content\/uploads\/2021\/07\/banner-site-prancheta-1-130x27.png 130w, https:\/\/fjsp.org.br\/fjsp\/wp-content\/uploads\/2021\/07\/banner-site-prancheta-1-460x94.png 460w\" sizes=\"(max-width: 1200px) 100vw, 1200px\" \/><\/p>\n<p>&nbsp;<\/p>\n<blockquote><p>\u201cOl\u00e1. Somos da Ichimannendo, uma editora japonesa voltada a assuntos budistas. Rec\u00e9m inauguramos a filial brasileira, chamada Satry, e buscamos tradutores para nosso acervo. Teria interesse em participar do processo seletivo?\u201d<\/p><\/blockquote>\n<p>&nbsp;<\/p>\n<div id=\"attachment_17107\" style=\"width: 304px\" class=\"wp-caption aligncenter\"><img decoding=\"async\" aria-describedby=\"caption-attachment-17107\" class=\"img-responsive img-fluid wp-image-17107\" src=\"https:\/\/fjsp.org.br\/fjsp\/wp-content\/uploads\/2021\/07\/04-capa.jpg\" alt=\"\" width=\"294\" height=\"400\" srcset=\"https:\/\/fjsp.org.br\/fjsp\/wp-content\/uploads\/2021\/07\/04-capa.jpg 1060w, https:\/\/fjsp.org.br\/fjsp\/wp-content\/uploads\/2021\/07\/04-capa-280x381.jpg 280w, https:\/\/fjsp.org.br\/fjsp\/wp-content\/uploads\/2021\/07\/04-capa-768x1046.jpg 768w, https:\/\/fjsp.org.br\/fjsp\/wp-content\/uploads\/2021\/07\/04-capa-340x463.jpg 340w, https:\/\/fjsp.org.br\/fjsp\/wp-content\/uploads\/2021\/07\/04-capa-220x300.jpg 220w, https:\/\/fjsp.org.br\/fjsp\/wp-content\/uploads\/2021\/07\/04-capa-100x136.jpg 100w, https:\/\/fjsp.org.br\/fjsp\/wp-content\/uploads\/2021\/07\/04-capa-130x177.jpg 130w, https:\/\/fjsp.org.br\/fjsp\/wp-content\/uploads\/2021\/07\/04-capa-460x627.jpg 460w\" sizes=\"(max-width: 294px) 100vw, 294px\" \/><p id=\"caption-attachment-17107\" class=\"wp-caption-text\">\u00a9 Satry \/ Foto Diogo Kaupatez<\/p><\/div>\n<p>&nbsp;<\/p>\n<p>Deles, traduzi <em>A bagagem dos viajantes: hist\u00f3rias de \u00e9tica e sabedoria<\/em>, <em>De m\u00e3os dadas no caminho: os la\u00e7os entre pais e filho<\/em> e <em>A arte da empatia: a considera\u00e7\u00e3o ao pr\u00f3ximo<\/em>, os tr\u00eas do Koichi Kimura. Trata-se de f\u00e1bulas ocidentais, trechos de biografias de personagens hist\u00f3ricos e lendas japonesas que, de alguma forma, refletissem valores budistas.<\/p>\n<p>&nbsp;<\/p>\n<div id=\"attachment_17108\" style=\"width: 306px\" class=\"wp-caption aligncenter\"><img decoding=\"async\" aria-describedby=\"caption-attachment-17108\" class=\"img-responsive img-fluid wp-image-17108\" src=\"https:\/\/fjsp.org.br\/fjsp\/wp-content\/uploads\/2021\/07\/05-capa6.jpg\" alt=\"\" width=\"296\" height=\"400\" srcset=\"https:\/\/fjsp.org.br\/fjsp\/wp-content\/uploads\/2021\/07\/05-capa6.jpg 1068w, https:\/\/fjsp.org.br\/fjsp\/wp-content\/uploads\/2021\/07\/05-capa6-280x379.jpg 280w, https:\/\/fjsp.org.br\/fjsp\/wp-content\/uploads\/2021\/07\/05-capa6-768x1038.jpg 768w, https:\/\/fjsp.org.br\/fjsp\/wp-content\/uploads\/2021\/07\/05-capa6-340x460.jpg 340w, https:\/\/fjsp.org.br\/fjsp\/wp-content\/uploads\/2021\/07\/05-capa6-220x297.jpg 220w, https:\/\/fjsp.org.br\/fjsp\/wp-content\/uploads\/2021\/07\/05-capa6-100x135.jpg 100w, https:\/\/fjsp.org.br\/fjsp\/wp-content\/uploads\/2021\/07\/05-capa6-130x176.jpg 130w, https:\/\/fjsp.org.br\/fjsp\/wp-content\/uploads\/2021\/07\/05-capa6-460x622.jpg 460w\" sizes=\"(max-width: 296px) 100vw, 296px\" \/><p id=\"caption-attachment-17108\" class=\"wp-caption-text\">\u00a9 Satry \/ Foto Diogo Kaupatez<\/p><\/div>\n<p>&nbsp;<\/p>\n<p>A Satry tamb\u00e9m acabou por fechar as portas. A teoria do dedo podre come\u00e7ava a ganhar for\u00e7as \u2014 e a preocupar.<\/p>\n<p>No entanto, em 2015 recebi um \u00faltimo convite, dessa vez para traduzir <em>Manual de limpeza de um monge budista<\/em>, do Keisuke Matsumoto, obra escolhida pela editora Planeta para aproveitar a febre por faxinas e arruma\u00e7\u00f5es iniciada pela Marie Kondo.<\/p>\n<p>A Planeta ainda est\u00e1 operacional. Ufa. A culpa n\u00e3o era minha, afinal.<\/p>\n<p>&nbsp;<\/p>\n<div id=\"attachment_17109\" style=\"width: 275px\" class=\"wp-caption aligncenter\"><img loading=\"lazy\" decoding=\"async\" aria-describedby=\"caption-attachment-17109\" class=\"img-responsive img-fluid wp-image-17109\" src=\"https:\/\/fjsp.org.br\/fjsp\/wp-content\/uploads\/2021\/07\/06-capa5.jpg\" alt=\"\" width=\"265\" height=\"400\" srcset=\"https:\/\/fjsp.org.br\/fjsp\/wp-content\/uploads\/2021\/07\/06-capa5.jpg 1088w, https:\/\/fjsp.org.br\/fjsp\/wp-content\/uploads\/2021\/07\/06-capa5-280x423.jpg 280w, https:\/\/fjsp.org.br\/fjsp\/wp-content\/uploads\/2021\/07\/06-capa5-768x1160.jpg 768w, https:\/\/fjsp.org.br\/fjsp\/wp-content\/uploads\/2021\/07\/06-capa5-1017x1536.jpg 1017w, https:\/\/fjsp.org.br\/fjsp\/wp-content\/uploads\/2021\/07\/06-capa5-340x514.jpg 340w, https:\/\/fjsp.org.br\/fjsp\/wp-content\/uploads\/2021\/07\/06-capa5-220x332.jpg 220w, https:\/\/fjsp.org.br\/fjsp\/wp-content\/uploads\/2021\/07\/06-capa5-100x151.jpg 100w, https:\/\/fjsp.org.br\/fjsp\/wp-content\/uploads\/2021\/07\/06-capa5-130x196.jpg 130w, https:\/\/fjsp.org.br\/fjsp\/wp-content\/uploads\/2021\/07\/06-capa5-460x695.jpg 460w\" sizes=\"(max-width: 265px) 100vw, 265px\" \/><p id=\"caption-attachment-17109\" class=\"wp-caption-text\">\u00a9 Planeta \/ Foto Diogo Kaupatez<\/p><\/div>\n<p>&nbsp;<\/p>\n<p>Comentei que o contato com a editora Satry mudou a minha vida. Isso porque, da rela\u00e7\u00e3o profissional, surgiu o convite para conhecer a matriz, localizada na prov\u00edncia de Toyama, onde permaneci praticamente um ano e descobri sabores de Pringles e H\u00e4agen-Dasz jamais imaginados. Entretanto, a grande mudan\u00e7a n\u00e3o foi causada pelas batatas ou sorvetes. \u00c9 que, durante a estadia, resolvi me libertar das restri\u00e7\u00f5es impostas ao of\u00edcio de tradutor e ampliar as atribui\u00e7\u00f5es da minha pessoa jur\u00eddica, transformando-me em editor de livros.<\/p>\n<p>&nbsp;<\/p>\n<p>&nbsp;<\/p>\n<hr \/>\n<p>&nbsp;<\/p>\n<h4 style=\"text-align: center\"><strong><a href=\"https:\/\/fjsp.org.br\/fjsp\/traducaoemfoco_diogo_kaupatez\/\">&lt;&lt; 1. Diogo Kaupatez &#8211; Coragem para seguir viagem<\/a>\u00a0\/\/\u00a0 <a href=\"https:\/\/fjsp.org.br\/fjsp\/traducaoemfoco_diogo_kaupatez_engatinhando\/\">3. Engatinhando com os pr\u00f3prios bra\u00e7os e pernas\u00a0&gt;&gt;<\/a><\/strong><\/h4>\n<p style=\"text-align: center\"><a href=\"https:\/\/fjsp.org.br\/fjsp\/traducaoemfoco_diogo_kaupatez\/\">1\u00a0<\/a>\u30fb\u00a0<strong> [ 2 ]\u00a0<\/strong> \u30fb <a href=\"https:\/\/fjsp.org.br\/fjsp\/traducaoemfoco_diogo_kaupatez_engatinhando\/\">3<\/a><\/p>\n<h6 style=\"text-align: left\"><span style=\"color: #000000\">*Os usos de imagens e conte\u00fados desta p\u00e1gina s\u00e3o exclusivamente para fins educacionais e de divulga\u00e7\u00e3o de cultura japonesa, sem fins comerciais.<\/span><\/h6>\n","protected":false},"excerpt":{"rendered":"<p>Tradu\u00e7\u00e3o em Foco &gt; Na zona leste do planeta &nbsp; \u201cOl\u00e1. Somos da Ichimannendo, uma editora japonesa voltada a assuntos budistas. Rec\u00e9m inauguramos a filial brasileira, chamada Satry, e buscamos tradutores para nosso acervo. Teria interesse em participar do processo seletivo?\u201d &nbsp; &nbsp; Deles, traduzi A bagagem dos viajantes: hist\u00f3rias de \u00e9tica e sabedoria, De [&hellip;]<\/p>\n","protected":false},"author":34,"featured_media":0,"parent":0,"menu_order":0,"comment_status":"closed","ping_status":"closed","template":"","meta":{"_acf_changed":false,"footnotes":""},"class_list":["post-17105","page","type-page","status-publish","hentry"],"acf":[],"_links":{"self":[{"href":"https:\/\/fjsp.org.br\/fjsp\/wp-json\/wp\/v2\/pages\/17105","targetHints":{"allow":["GET"]}}],"collection":[{"href":"https:\/\/fjsp.org.br\/fjsp\/wp-json\/wp\/v2\/pages"}],"about":[{"href":"https:\/\/fjsp.org.br\/fjsp\/wp-json\/wp\/v2\/types\/page"}],"author":[{"embeddable":true,"href":"https:\/\/fjsp.org.br\/fjsp\/wp-json\/wp\/v2\/users\/34"}],"replies":[{"embeddable":true,"href":"https:\/\/fjsp.org.br\/fjsp\/wp-json\/wp\/v2\/comments?post=17105"}],"version-history":[{"count":2,"href":"https:\/\/fjsp.org.br\/fjsp\/wp-json\/wp\/v2\/pages\/17105\/revisions"}],"predecessor-version":[{"id":17162,"href":"https:\/\/fjsp.org.br\/fjsp\/wp-json\/wp\/v2\/pages\/17105\/revisions\/17162"}],"wp:attachment":[{"href":"https:\/\/fjsp.org.br\/fjsp\/wp-json\/wp\/v2\/media?parent=17105"}],"curies":[{"name":"wp","href":"https:\/\/api.w.org\/{rel}","templated":true}]}}