{"id":17174,"date":"2021-07-30T15:49:31","date_gmt":"2021-07-30T18:49:31","guid":{"rendered":"https:\/\/fjsp.org.br\/fjsp\/?page_id=17174"},"modified":"2021-07-30T16:59:18","modified_gmt":"2021-07-30T19:59:18","slug":"destaques-da-biblioteca-julho-2021","status":"publish","type":"page","link":"https:\/\/fjsp.org.br\/fjsp\/destaques-da-biblioteca-julho-2021\/","title":{"rendered":"DESTAQUES DA BIBLIOTECA \u2013 Julho\/2021"},"content":{"rendered":"<p>&nbsp;<\/p>\n<p>No m\u00eas em que acontece os Jogos da 32\u00aa Olimp\u00edada de Ver\u00e3o, a Biblioteca da Funda\u00e7\u00e3o Jap\u00e3o em S\u00e3o Paulo destaca, do seu acervo, alguns mang\u00e1s originais que abordam esportes em seus enredos. Como sugest\u00e3o de leitura, indica o livro do consagrado escritor japon\u00eas Haruki Murakami, <em>Do que eu falo quando eu falo de corrida (<\/em><em>\u8d70\u308b\u3053\u3068\u306b\u3064\u3044\u3066\u8a9e\u308b\u3068\u304d\u306b\u50d5\u306e\u8a9e\u308b\u3053\u3068<\/em><em>)<\/em>, no qual al\u00e9m de relatar sua experi\u00eancia como corredor de longa dist\u00e2ncia e como triatleta, fala de si mesmo com honestidade.<\/p>\n<p>As Olimp\u00edadas tiveram origem em 776 a.C. na cidade grega de Ol\u00edmpia. Os jogos eram realizados somente por homens para homenagear os deuses gregos e estabelecer a paz entre as regi\u00f5es. Os primeiros Jogos Ol\u00edmpicos da Era Moderna, criados por Pierre de Coubertin, um historiador e pedagogo franc\u00eas, aconteceram em 1896 no Est\u00e1dio Panatenaico, em Atenas, com a participa\u00e7\u00e3o de 14 pa\u00edses. Em toda a sua hist\u00f3ria, os Jogos s\u00f3 n\u00e3o foram realizados durante as duas Guerras Mundiais, em 1916, 1940 e 1944. A bandeira ol\u00edmpica \u00e9 branca com 5 an\u00e9is de cores diferentes representando os continentes unidos pelo esp\u00edrito ol\u00edmpico. O Jap\u00e3o sedia pela segunda vez os Jogos Ol\u00edmpicos, a primeira foi em 1964. Previsto para acontecer em 2020, foi adiado para 2021, devido \u00e0 pandemia do coronav\u00edrus. De 23 de julho a 8 de agosto, as 46 modalidades esportivas acontecer\u00e3o em diversas partes da capital, T\u00f3quio, e em outras cidades como Miyagi, Saitama, Yokohama, Fukushima e Sapporo. O emblema desta Olimp\u00edada \u00e9 inspirado no <em>Ichimatsu Moyo<\/em>, formas quadriculadas caracter\u00edsticas do per\u00edodo Edo, trazendo a predomin\u00e2ncia do azul \u00edndigo para representar a \u201cexpress\u00e3o da eleg\u00e2ncia e sofistica\u00e7\u00e3o do Jap\u00e3o\u201d. \u00c9 constitu\u00eddo por tr\u00eas formas retangulares, representando diferentes pa\u00edses e culturas. O design apresenta a mensagem \u201cUnidade na Diversidade\u201d, atribuindo ao esporte a fun\u00e7\u00e3o de celebrar as diferen\u00e7as. A mascote dos jogos ol\u00edmpicos tamb\u00e9m segue a cartela de cores e formas do emblema e foi nomeada como \u201cMiraitowa\u201d, nome formado pelas palavras japonesas \u201cMirai\u201d (futuro) e \u201cTowa\u201d (eternidade), representando o desejo de um futuro cheio de esperan\u00e7as nos cora\u00e7\u00f5es de todas as pessoas do mundo. E a mascote dos Jogos Paral\u00edmpicos, Someity, \u00b4tem a cor das flores de cerejeira e possui um incr\u00edvel poder mental e for\u00e7a f\u00edsica, representando os atletas paral\u00edmpicos que superam os obst\u00e1culos, redefinindo os limites do que \u00e9 poss\u00edvel. Seu nome \u00e9 formado pela palavra japonesa \u201cSomeiyoshino\u201d, nome de uma variedade de cerejeira do Jap\u00e3o, e da palavra inglesa \u201cSo mighty\u201d que significa \u201ct\u00e3o poderosa\u201d. Os jogos paraol\u00edmpicos ser\u00e3o realizados entre os dias 24 de agosto e 5 de setembro em 22 modalidades esportivas.<\/p>\n<p>Em janeiro de 2020 a Biblioteca promoveu v\u00e1rias atividades tendo como tema as Olimp\u00edadas de T\u00f3quio:<\/p>\n<p><a href=\"https:\/\/fjsp.org.br\/fjsp\/agenda\/exposicao-desenhos2020-biblioteca\/\">Biblioteca da Funda\u00e7\u00e3o Jap\u00e3o recebe eventos culturais sobre Jogos Ol\u00edmpicos | Funda\u00e7\u00e3o Jap\u00e3o em S\u00e3o Paulo (fjsp.org.br)<\/a><br \/>\n<a href=\"https:\/\/olympics.com\/tokyo-2020\/es\/\">Juegos Ol\u00edmpicos de Tokio 2020 &#8211; P\u00e1gina de inicio de los pr\u00f3ximos Juegos (olympics.com)<\/a><br \/>\n<a href=\"https:\/\/mundoeducacao.uol.com.br\/educacao-fisica\/olimpiadas-de-toquio-2020.htm\">Olimp\u00edadas de T\u00f3quio 2020: tudo sobre os jogos &#8211; Mundo Educa\u00e7\u00e3o (uol.com.br)<\/a><br \/>\n<a href=\"https:\/\/brasilescola.uol.com.br\/educacao-fisica\/olimpiadas-toquio-2020.htm\">Olimp\u00edadas T\u00f3quio 2020: datas, mascotes e curiosidades &#8211; Brasil Escola (uol.com.br)<\/a><\/p>\n<p>&nbsp;<\/p>\n<h1><span style=\"color: #ff0000;\"><strong>\u25cf <\/strong><strong>MANG\u00c1<\/strong><\/span><\/h1>\n<p><img fetchpriority=\"high\" decoding=\"async\" class=\"img-responsive img-fluid alignnone wp-image-17182\" src=\"https:\/\/fjsp.org.br\/fjsp\/wp-content\/uploads\/2021\/07\/touch-manga1.jpg\" alt=\"\" width=\"300\" height=\"433\" srcset=\"https:\/\/fjsp.org.br\/fjsp\/wp-content\/uploads\/2021\/07\/touch-manga1.jpg 360w, https:\/\/fjsp.org.br\/fjsp\/wp-content\/uploads\/2021\/07\/touch-manga1-280x404.jpg 280w, https:\/\/fjsp.org.br\/fjsp\/wp-content\/uploads\/2021\/07\/touch-manga1-340x491.jpg 340w, https:\/\/fjsp.org.br\/fjsp\/wp-content\/uploads\/2021\/07\/touch-manga1-220x318.jpg 220w, https:\/\/fjsp.org.br\/fjsp\/wp-content\/uploads\/2021\/07\/touch-manga1-100x144.jpg 100w, https:\/\/fjsp.org.br\/fjsp\/wp-content\/uploads\/2021\/07\/touch-manga1-130x188.jpg 130w\" sizes=\"(max-width: 300px) 100vw, 300px\" \/><\/p>\n<p><span style=\"color: #333399;\"><strong>Touch<br \/>\n<\/strong>(\u30bf\u30c3\u30c1) <\/span><\/p>\n<p>Mitsuru Adachi (\u3042\u3060\u3061\u5145)<\/p>\n<p>Shogakukan\uff08\u5c0f\u5b66\u9928\uff091999-2000<br \/>\nEm japon\u00eas<br \/>\n[J726.1 Ad]<\/p>\n<p><a href=\"https:\/\/pt.wikipedia.org\/wiki\/Touch_(mang%C3%A1)\">Touch (mang\u00e1) \u2013 Wikip\u00e9dia, a enciclop\u00e9dia livre (wikipedia.org)<\/a><br \/>\n<a href=\"https:\/\/www.shogakukan.co.jp\/books\/09193251\">\u30bf\u30c3\u30c1 1 | \u5c0f\u5b66\u9928 (shogakukan.co.jp)<\/a><\/p>\n<p>&nbsp;<\/p>\n<p>\u00c9 um mang\u00e1 de esportes, no qual atrav\u00e9s do beisebol conta a hist\u00f3ria de dois irm\u00e3os g\u00eameos e da amiga de inf\u00e2ncia. O irm\u00e3o mais novo, Kazuya, leva os estudos a s\u00e9rio e \u00e9 o craque do time de beisebol da escola, j\u00e1 o mais velho, Tatsuya, embora seja bom estudante e t\u00e3o bom jogador quanto seu irm\u00e3o, \u00e9 desleixado. Os dois t\u00eam uma atra\u00e7\u00e3o pela amiga Minami. Kazuya promete levar ela e a escola a participar do maior torneio nacional de beisebol estudantil do Jap\u00e3o (Koshien). Por\u00e9m, a caminho da partida decisiva que definiria o campe\u00e3o regional, Kazuya sofre um acidente de tr\u00e2nsito e acaba falecendo. Tatsuya resolve ent\u00e3o realizar o sonho do irm\u00e3o e entra para o time de beisebol da escola na mesma posi\u00e7\u00e3o, a de arremessador (pitcher). No in\u00edcio n\u00e3o foi f\u00e1cil pois os colegas de Kazuya n\u00e3o aceitavam a presen\u00e7a dele. Por\u00e9m com o correr do tempo, viram seu esfor\u00e7o e passaram a apoi\u00e1-lo. E ap\u00f3s 2 anos de muito trabalho, Tatsuya consegue realizar o sonho do irm\u00e3o e leva a escola ao Torneio Nacional de Beisebol (Koshien). O mang\u00e1 teve v\u00e1rias adapta\u00e7\u00f5es para a TV, Cinema e Anima\u00e7\u00e3o. E a m\u00fasica tema tamb\u00e9m fez muito sucesso sendo cantada at\u00e9 hoje em karaok\u00eas.<\/p>\n<p>&nbsp;<\/p>\n<h4><strong>Sobre o autor:<\/strong><\/h4>\n<p>Mitsuru Adachi (\u3042\u3060\u3061\u5145) nasceu em 1951 na cidade de Isesaki, na prov\u00edncia de Gunma. Formou-se na Gunma Maebashi Commercial High School, em 1969 e fez sua estreia em 1970 com o mang\u00e1 <em>Kieta Bakuon<\/em>, baseado no mang\u00e1 de Satoru Ozawa. \u00c9 conhecido por com\u00e9dias rom\u00e2nticas e mang\u00e1s esportivos, e por seu \u201cdi\u00e1logo delicioso\u201d em retratar o cotidiano. A biblioteca possui outras obras como <em>H2<\/em> e <em>Cross Game<\/em>.<\/p>\n<p><a href=\"https:\/\/pt.wikipedia.org\/wiki\/Mitsuru_Adachi\">Mitsuru Adachi \u2013 Wikip\u00e9dia, a enciclop\u00e9dia livre (wikipedia.org)<\/a><\/p>\n<hr \/>\n<p>&nbsp;<\/p>\n<p><img decoding=\"async\" class=\"img-responsive img-fluid alignnone wp-image-17183 size-pequena\" src=\"https:\/\/fjsp.org.br\/fjsp\/wp-content\/uploads\/2021\/07\/1-220x324.png\" alt=\"\" width=\"220\" height=\"324\" srcset=\"https:\/\/fjsp.org.br\/fjsp\/wp-content\/uploads\/2021\/07\/1-220x324.png 220w, https:\/\/fjsp.org.br\/fjsp\/wp-content\/uploads\/2021\/07\/1-280x412.png 280w, https:\/\/fjsp.org.br\/fjsp\/wp-content\/uploads\/2021\/07\/1-340x500.png 340w, https:\/\/fjsp.org.br\/fjsp\/wp-content\/uploads\/2021\/07\/1-100x147.png 100w, https:\/\/fjsp.org.br\/fjsp\/wp-content\/uploads\/2021\/07\/1-130x191.png 130w, https:\/\/fjsp.org.br\/fjsp\/wp-content\/uploads\/2021\/07\/1-460x677.png 460w, https:\/\/fjsp.org.br\/fjsp\/wp-content\/uploads\/2021\/07\/1.png 573w\" sizes=\"(max-width: 220px) 100vw, 220px\" \/> <img decoding=\"async\" class=\"img-responsive img-fluid alignnone wp-image-17184 size-pequena\" src=\"https:\/\/fjsp.org.br\/fjsp\/wp-content\/uploads\/2021\/07\/shura-daishikimon-220x325.jpg\" alt=\"\" width=\"220\" height=\"325\" srcset=\"https:\/\/fjsp.org.br\/fjsp\/wp-content\/uploads\/2021\/07\/shura-daishikimon-220x325.jpg 220w, https:\/\/fjsp.org.br\/fjsp\/wp-content\/uploads\/2021\/07\/shura-daishikimon-280x414.jpg 280w, https:\/\/fjsp.org.br\/fjsp\/wp-content\/uploads\/2021\/07\/shura-daishikimon-340x503.jpg 340w, https:\/\/fjsp.org.br\/fjsp\/wp-content\/uploads\/2021\/07\/shura-daishikimon-100x148.jpg 100w, https:\/\/fjsp.org.br\/fjsp\/wp-content\/uploads\/2021\/07\/shura-daishikimon-130x192.jpg 130w, https:\/\/fjsp.org.br\/fjsp\/wp-content\/uploads\/2021\/07\/shura-daishikimon-460x680.jpg 460w, https:\/\/fjsp.org.br\/fjsp\/wp-content\/uploads\/2021\/07\/shura-daishikimon.jpg 500w\" sizes=\"(max-width: 220px) 100vw, 220px\" \/><\/p>\n<p><span style=\"color: #333399;\"><strong>Shura no mon\/ Shura no mon \u00a0Dai ni mon<br \/>\n<\/strong>(\u4fee\u7f85\u306e\u9580\/ \u4fee\u7f85\u306e\u9580 \u7b2c\u5f10\u9580)<\/span><\/p>\n<p>Kawahara Masatoshi (\u5ddd\u539f\u6b63\u654f)<\/p>\n<p>Kodansha (\u8b1b\u8ac7\u793e) 1988-1995\/2011-2012<br \/>\nEm japon\u00eas<br \/>\n[J726.1 Ka]<\/p>\n<p><a href=\"https:\/\/pt.abcdef.wiki\/wiki\/Shura_no_Mon\">Shura no Mon &#8211; Shura no Mon &#8211; abcdef.wiki<\/a><br \/>\n<a href=\"https:\/\/manga.fandom.com\/wiki\/Shura_no_Mon\">Shura no Mon | Manga Wiki | Fandom<\/a><\/p>\n<p>&nbsp;<\/p>\n<p><em>Shura no mon<\/em> conta a hist\u00f3ria de Mutsu Tsukumo, jovem praticante de carat\u00ea e sucessor do estilo mortal milenar, Mutsu Enmei-ryu. Para difundir e provar que o estilo \u00e9 o melhor do mundo, decide participar de v\u00e1rios torneios de luta em v\u00e1rias partes do mundo. Durante sua trajet\u00f3ria vai aprimorando sua t\u00e9cnica e sua for\u00e7a. Chega a vir ao Brasil para lutar e ap\u00f3s sua vit\u00f3ria vai \u00e0 Col\u00f4mbia para se encontra com outro lutador. Ap\u00f3s isso, por tr\u00eas anos, seus amigos e conhecidos n\u00e3o tiveram mais not\u00edcias de seu paradeiro e, mesmo no mundo da luta, seu nome passou a ser esquecido. De repente, aparece um lutador mascarado que apresenta o mesmo estilo Enmei e come\u00e7am a cogitar se n\u00e3o seria Tsukumo. E \u00e9 nesse momento que a nova s\u00e9rie come\u00e7a. No torneio de artes marciais mistas, seus amigos decidem assistir a luta deste mascarado \u201cON\u201d com o lutador de luta livre Miyamoto. Mas para surpresa de todos quem aparece no lugar deste \u00e9 o pr\u00f3prio Tsukumo. O mascarado \u201cON\u201d ent\u00e3o decide enfrentar o vencedor entre Miyamoto e Tsukumo. Este vence as duas lutas e descobre-se que o mascarado \u00e9 um outro lutador de nome Hideaki Takenami. E assim de torneio em torneio, de luta em luta, o mang\u00e1 relata a recupera\u00e7\u00e3o da mem\u00f3ria de Tsukumo, que foi perdida nesses anos de aus\u00eancia, e da raz\u00e3o de se continuar lutando.<\/p>\n<p>&nbsp;<\/p>\n<h4><strong>Sobre o autor:<\/strong><\/h4>\n<p>Masatoshi Kawahara (\u5ddd\u539f\u6b63\u654f) nasceu na cidade de Mihara, na prov\u00edncia de Hiroshima, em agosto de 1960. Iniciou sua carreira em 1985 com o mang\u00e1 <em>Paradaisu Gakuen (<\/em><em>\u30d1\u30e9\u30c0\u30a4\u30b9\u5b66\u5712<\/em><em>)<\/em>. Entre seus trabalhos mais conhecidos est\u00e3o <em>Shura no mon (<\/em><em>\u4fee\u7f85\u306e\u9580<\/em><em>)<\/em>, <em>Mutsu Enmei Gaiden (<\/em><em>\u9678\u5965\u5713\u660e\u6d41\u5916\u4f1d<\/em><em>)<\/em>, <em>Kaioki (<\/em><em>\u6d77\u7687\u7d00<\/em><em>)<\/em>. Em 1990 recebeu o 14\u00ba Pr\u00eamio Kodansha pelo mang\u00e1 <em>Shura no mon<\/em>.<\/p>\n<p><a href=\"https:\/\/en.wikipedia.org\/wiki\/Masatoshi_Kawahara#:~:text=Masatoshi%20Kawahara%20%28%E5%B7%9D%E5%8E%9F%20%E6%AD%A3%E6%95%8F%2C%20Kawahara%20Masatoshi%2C%20born%2017,the%20Kodansha%20Manga%20Award%20for%20sh%C5%8Dnen%20in%201989.\">Masatoshi Kawahara &#8211; Wikipedia<\/a><\/p>\n<hr \/>\n<p>&nbsp;<\/p>\n<p><img loading=\"lazy\" decoding=\"async\" class=\"img-responsive img-fluid alignnone wp-image-17189\" src=\"https:\/\/fjsp.org.br\/fjsp\/wp-content\/uploads\/2021\/07\/slamdunk.jpg\" alt=\"\" width=\"300\" height=\"435\" srcset=\"https:\/\/fjsp.org.br\/fjsp\/wp-content\/uploads\/2021\/07\/slamdunk.jpg 827w, https:\/\/fjsp.org.br\/fjsp\/wp-content\/uploads\/2021\/07\/slamdunk-280x406.jpg 280w, https:\/\/fjsp.org.br\/fjsp\/wp-content\/uploads\/2021\/07\/slamdunk-768x1114.jpg 768w, https:\/\/fjsp.org.br\/fjsp\/wp-content\/uploads\/2021\/07\/slamdunk-340x493.jpg 340w, https:\/\/fjsp.org.br\/fjsp\/wp-content\/uploads\/2021\/07\/slamdunk-220x319.jpg 220w, https:\/\/fjsp.org.br\/fjsp\/wp-content\/uploads\/2021\/07\/slamdunk-100x145.jpg 100w, https:\/\/fjsp.org.br\/fjsp\/wp-content\/uploads\/2021\/07\/slamdunk-130x189.jpg 130w, https:\/\/fjsp.org.br\/fjsp\/wp-content\/uploads\/2021\/07\/slamdunk-460x667.jpg 460w\" sizes=\"(max-width: 300px) 100vw, 300px\" \/><\/p>\n<p><span style=\"color: #333399;\"><strong><em>Slam Dunk kanzenban<\/em><br \/>\n<\/strong>(\u30b9\u30e9\u30e0\u30c0\u30f3\u30af\u5b8c\u5168\u7248)<\/span><\/p>\n<p>Takehiko Inoue<br \/>\nShueisha, 2001-2002<br \/>\nEm japon\u00eas<br \/>\n[J726.1 In]<\/p>\n<p><a href=\"https:\/\/books.shueisha.co.jp\/search\/search.html?seriesid=35057\">\u691c\u7d22\u7d50\u679c | \u96c6\u82f1\u793e\u306e\u672c \u516c\u5f0f (shueisha.co.jp)<\/a><br \/>\n<a href=\"https:\/\/pt.wikipedia.org\/wiki\/Slam_Dunk\">Slam Dunk \u2013 Wikip\u00e9dia, a enciclop\u00e9dia livre (wikipedia.org)<\/a><\/p>\n<p>&nbsp;<\/p>\n<p>\u00c9 uma s\u00e9rie de mang\u00e1 que conta a hist\u00f3ria de um time de basquete da escola secund\u00e1ria japonesa Shokoku. Hanamichi Sakuragi \u00e9 um colegial delinquente, de topete ruivo, que s\u00f3 leva fora das garotas que preferem os esportistas. Mas, a sua vida come\u00e7a a mudar quando se apaixona por Haruko, que o convida a jogar basquete no time da escola. A princ\u00edpio ele aceita para fazer uma m\u00e9dia com ela, mas com o passar do tempo ele realmente come\u00e7a a gostar do esporte. \u00c9 um mang\u00e1 hil\u00e1rio e emocionante que mostra o crescimento dos personagens dentro e fora das quadras. <em>Slam Dunk<\/em> atingiu em 2012, 120 milh\u00f5es de c\u00f3pias vendidas s\u00f3 no Jap\u00e3o, tendo uma adapta\u00e7\u00e3o para o anime. Segundo o autor, ele queria com a s\u00e9rie demonstrar os sentimentos de um atleta, seus pensamentos quando ganham, perdem ou melhoram seu desempenho. E se surpreendeu ao receber cartas de leitores que diziam ter come\u00e7ado a jogar basquete devido ao mang\u00e1. Virou um cl\u00e1ssico.<\/p>\n<p>&nbsp;<\/p>\n<h4><strong>Sobre o autor:<\/strong><\/h4>\n<p>Takehiko Inoue (\u4e95\u4e0a\u96c4\u5f66) nasceu em janeiro de 1967 na cidade de Isa, na prov\u00edncia de Kagoshima. Foi assistente de Tsukasa Hojo, autor do mang\u00e1 <em>City Hunter<\/em>. Sua carreira come\u00e7ou com o mang\u00e1 <em>Purple Kaede (<\/em><em>\u6953\u30d1\u30fc\u30d7\u30eb<\/em><em>)<\/em> publicado na revista de mang\u00e1 semanal Shonen Jump e com o qual ganhou o 35\u00ba Pr\u00eamio Anual Tezuka Osamu. Mas a fama veio com <em>Slam Dunk<\/em> que ganhou o 40\u00ba Pr\u00eamio Anual de Mang\u00e1 Shogakukan para shonen mang\u00e1. Gra\u00e7as \u00e0 repercuss\u00e3o de sua obra, organizou, junto com a editora Shueisha, um projeto intitulado \u201cSlam Dunk Scholarship\u201d que dava bolsa de estudo para estudantes japoneses aumentando ainda mais sua popularidade no pa\u00eds, sendo agraciado, em 2010, com a Comenda da Associa\u00e7\u00e3o de Basquetebol Japonesa por ter ajudado a popularizar o basquete no pa\u00eds.<\/p>\n<p><a href=\"https:\/\/en.wikipedia.org\/wiki\/Takehiko_Inoue\">https:\/\/en.wikipedia.org\/wiki\/Takehiko_Inoue<\/a><br \/>\nInoue Takehiko \u00a0on the web: <a href=\"https:\/\/itplanning.co.jp\/\">https:\/\/itplanning.co.jp\/<\/a><\/p>\n<p>&nbsp;<\/p>\n<h4><strong>Sites relacionados:<\/strong><\/h4>\n<p><span style=\"color: #993366;\"><a style=\"color: #993366;\" href=\"https:\/\/www.todamateria.com.br\/olimpiadas\/\">Olimp\u00edadas (Jogos Ol\u00edmpicos) &#8211; Toda Mat\u00e9ria (todamateria.com.br)<\/a><\/span><br \/>\n<span style=\"color: #993366;\"><a style=\"color: #993366;\" href=\"https:\/\/pt.wikipedia.org\/wiki\/Jogos_Ol%C3%ADmpicos#:~:text=Jogos%20Ol%C3%ADmpicos%20s%C3%A3o%20um%20evento%20multiesportivo%20global%20com,s%C3%A9culo%20VIII%20a.C.%20ao%20s%C3%A9culo%20V%20d.C%20\">Jogos Ol\u00edmpicos \u2013 Wikip\u00e9dia, a enciclop\u00e9dia livre (wikipedia.org)<\/a><\/span><br \/>\n<span style=\"color: #993366;\"><a style=\"color: #993366;\" href=\"https:\/\/www.youtube.com\/watch?v=bQo-ZZBKGlE\">\u6771\u4eac\u4e94\u8f2a\u97f3\u982d-2020- \u30df\u30e5\u30fc\u30b8\u30c3\u30af\u30d3\u30c7\u30aa \/ TOKYO GORIN ONDO 2020 (Music Video) &#8211; YouTube<\/a><\/span><br \/>\n<span style=\"color: #993366;\"><a style=\"color: #993366;\" href=\"https:\/\/ja.wikipedia.org\/wiki\/%E3%82%BF%E3%83%83%E3%83%81_(%E6%BC%AB%E7%94%BB)\">\u30bf\u30c3\u30c1 (\u6f2b\u753b) &#8211; Wikipedia<\/a><\/span><br \/>\n<span style=\"color: #993366;\"><a style=\"color: #993366;\" href=\"https:\/\/itplanning.co.jp\/works\/slamdunk\">INOUE TAKEHIKO ON THE WEB | SLAM DUNK \u30b9\u30e9\u30e0\u30c0\u30f3\u30af (itplanning.co.jp)<\/a><\/span><\/p>\n<p>&nbsp;<\/p>\n<hr \/>\n<p>&nbsp;<\/p>\n<h2><span style=\"color: #ff0000;\"><strong>\u25cf SUGEST\u00c3O DE LEITURA<\/strong><\/span><span data-ccp-props=\"{&quot;201341983&quot;:0,&quot;335559739&quot;:0,&quot;335559740&quot;:240}\">\u00a0<\/span><\/h2>\n<p>Seguindo a linha esportiva, neste m\u00eas indicamos a leitura do livro <em>Do que eu falo quando eu falo de corrida\u201d (<\/em><em>\u8d70\u308b\u3053\u3068\u306b\u3064\u3044\u3066\u8a9e\u308b\u3068\u304d\u306b\u50d5\u306e\u8a9e\u308b\u3053\u3068<\/em><em>\/Hashiru koto ni tsuite kataru toki ni boku no kataru koto)<\/em> do escritor japon\u00eas Haruki Murakami.<\/p>\n<p>&nbsp;<\/p>\n<p>Assistindo a uma partida de beisebol, Haruki Murakami sentiu que conseguiria escrever um romance. Voltou para casa, escreveu e n\u00e3o parou mais. Em 1982, decidiu se dedicar por inteiro \u00e0 carreira de romancista, mas tinha uma preocupa\u00e7\u00e3o, como manteria a sua forma f\u00edsica. Ent\u00e3o decidiu correr, pois podia fazer sozinho e n\u00e3o precisava de nenhum equipamento especial, e tornou-se um corredor de longas dist\u00e2ncias. Viu a possibilidade de escrever um livro sobre corrida, mas, <em>Correr<\/em> \u00e9 um tema vago, levou um tempo para definir o tipo de abordagem a ser usada. Enfim decidiu manter seu estilo de escrita e escrever honestamente sobre o que pensava e o que sentia sobre o tema. Este livro traz relatos escritos, em sua maioria em tempo real, entre o ver\u00e3o de 2005 e o outono de 2006. Neles, Murakami discorre sobre o in\u00edcio dos treinos, sua for\u00e7a de vontade, seus objetivos, suas tentativas em superar suas marcas, e o entendimento de seus limites. Al\u00e9m dessas narrativas t\u00e9cnicas, ele tamb\u00e9m compartilha suas sensa\u00e7\u00f5es, seus pensamentos, e suas lembran\u00e7as pessoais. Para o autor, o maratonista e o romancista s\u00e3o semelhantes pois t\u00eam que desenvolver a concentra\u00e7\u00e3o e a perseveran\u00e7a para seguir em frente. \u201cEm todo caso, fico feliz por n\u00e3o ter parado de correr em todos esses anos. O motivo \u00e9 o seguinte: gosto dos romances que escrevi. E fico de fato ansioso em descobri que tipo de romance vou produzir em seguida. Uma vez que sou um escritor limitado \u2013 uma pessoa imperfeita vivendo uma vida limitada, imperfeita -, o fato de que ainda consiga me sentir desse jeito \u00e9 uma verdadeira realiza\u00e7\u00e3o&#8230;. E se correr todo dia me ajuda a realizar isso, ent\u00e3o sou muito grato por correr\u201d. \u00c9 uma leitura \u00e1gil, bem-humorada e imprescind\u00edvel para aqueles que querem conhecer a \u201cpessoa\u201d Haruki Murakami. O t\u00edtulo do livro foi tirado do t\u00edtulo de uma colet\u00e2nea de contos de Raymond Carver, <em>What We Talk About When We Talk About Love<\/em>.<\/p>\n<h4><strong>Sobre o autor:<\/strong><\/h4>\n<p>Haruki Murakami nasceu em Kyoto, no Jap\u00e3o, em janeiro de 1949. Cresceu em Kobe, graduou-se na Universidade de Waseda, em T\u00f3quio. Viveu por quatro anos nos Estados Unidos e regressou ao pa\u00eds natal em 1999. Seu primeiro romance <em>Ou\u00e7a a can\u00e7\u00e3o do vento<\/em> ganhou o pr\u00eamio Gunzo de Literatura para escritores iniciantes. Em 1982 decidiu vender seu bar de jazz em T\u00f3quio para se dedicar \u00e0 escrita. Nesse per\u00edodo come\u00e7ou a correr para se manter em forma. Um ano mais tarde, ele completou, sozinho, o trajeto entre Atenas e a cidade de Maratona, na Gr\u00e9cia, em tr\u00eas horas e cinquenta e um minutos. \u00a0\u00c9 considerado um dos autores mais importantes da atual literatura japonesa. Sua obra foi traduzida em mais de 50 idiomas e recebeu v\u00e1rios pr\u00eamios importantes, mais recentemente o Franz Kafka Prize e o Jerusalem Prize.<\/p>\n<p>&nbsp;<\/p>\n<p><img loading=\"lazy\" decoding=\"async\" class=\"img-responsive img-fluid alignnone wp-image-17190\" src=\"https:\/\/fjsp.org.br\/fjsp\/wp-content\/uploads\/2021\/07\/corrida-murakami-haruki.jpg\" alt=\"\" width=\"300\" height=\"452\" srcset=\"https:\/\/fjsp.org.br\/fjsp\/wp-content\/uploads\/2021\/07\/corrida-murakami-haruki.jpg 1061w, https:\/\/fjsp.org.br\/fjsp\/wp-content\/uploads\/2021\/07\/corrida-murakami-haruki-280x422.jpg 280w, https:\/\/fjsp.org.br\/fjsp\/wp-content\/uploads\/2021\/07\/corrida-murakami-haruki-768x1158.jpg 768w, https:\/\/fjsp.org.br\/fjsp\/wp-content\/uploads\/2021\/07\/corrida-murakami-haruki-1019x1536.jpg 1019w, https:\/\/fjsp.org.br\/fjsp\/wp-content\/uploads\/2021\/07\/corrida-murakami-haruki-340x513.jpg 340w, https:\/\/fjsp.org.br\/fjsp\/wp-content\/uploads\/2021\/07\/corrida-murakami-haruki-220x332.jpg 220w, https:\/\/fjsp.org.br\/fjsp\/wp-content\/uploads\/2021\/07\/corrida-murakami-haruki-100x151.jpg 100w, https:\/\/fjsp.org.br\/fjsp\/wp-content\/uploads\/2021\/07\/corrida-murakami-haruki-130x196.jpg 130w, https:\/\/fjsp.org.br\/fjsp\/wp-content\/uploads\/2021\/07\/corrida-murakami-haruki-460x694.jpg 460w\" sizes=\"(max-width: 300px) 100vw, 300px\" \/><\/p>\n<h4><strong>Ficha t\u00e9cnica:<\/strong><\/h4>\n<p><span style=\"color: #333399;\"><em><strong>Do que eu falo quando eu falo de corrida<\/strong><br \/>\n(<\/em><em>\u8d70\u308b\u3053\u3068\u306b\u3064\u3044\u3066\u8a9e\u308b\u3068\u304d\u306b\u50d5\u306e\u8a9e\u308b\u3053\u3068<\/em><em>\/Hashiru koto ni tsuite kataru toki ni boku no kataru koto) <\/em><\/span><\/p>\n<p>Haruki Murakami (\u6751\u4e0a\u6625\u6a39); tradu\u00e7\u00e3o de C\u00e1ssio de Arantes Leite<\/p>\n<p>Tradu\u00e7\u00e3o do ingl\u00eas: <em>What I talk about when I talk about running.<br \/>\n<\/em>Objetiva\/Alfaguara, 2010.<br \/>\nEm portugu\u00eas.<br \/>\nISBN 978-85-7962-027-0<br \/>\n[895.64352 Mu]<\/p>\n<p><a href=\"https:\/\/www.companhiadasletras.com.br\/detalhe.php?codigo=27620270\">https:\/\/www.companhiadasletras.com.br\/detalhe.php?codigo=27620270<\/a><br \/>\n<a href=\"https:\/\/www.harukimurakami.com\/book\/what-i-talk-about-when-i-talk-about-running-a-memoir\">https:\/\/www.harukimurakami.com\/book\/what-i-talk-about-when-i-talk-about-running-a-memoir<\/a><br \/>\n<a href=\"https:\/\/www.harukimurakami.com\/author\">https:\/\/www.harukimurakami.com\/author<\/a><\/p>\n<p>&nbsp;<\/p>\n<p><a href=\"https:\/\/fjsp.org.br\/fjsp\/destaques-da-biblioteca\/\"><img loading=\"lazy\" decoding=\"async\" class=\"img-responsive img-fluid size-full wp-image-14773 aligncenter\" src=\"https:\/\/fjsp.org.br\/fjsp\/wp-content\/uploads\/2021\/01\/botao-site-destaquebbca-rodape-voltar.jpg\" alt=\"\" width=\"320\" height=\"134\" srcset=\"https:\/\/fjsp.org.br\/fjsp\/wp-content\/uploads\/2021\/01\/botao-site-destaquebbca-rodape-voltar.jpg 320w, https:\/\/fjsp.org.br\/fjsp\/wp-content\/uploads\/2021\/01\/botao-site-destaquebbca-rodape-voltar-280x117.jpg 280w, https:\/\/fjsp.org.br\/fjsp\/wp-content\/uploads\/2021\/01\/botao-site-destaquebbca-rodape-voltar-220x92.jpg 220w, https:\/\/fjsp.org.br\/fjsp\/wp-content\/uploads\/2021\/01\/botao-site-destaquebbca-rodape-voltar-100x42.jpg 100w, https:\/\/fjsp.org.br\/fjsp\/wp-content\/uploads\/2021\/01\/botao-site-destaquebbca-rodape-voltar-130x54.jpg 130w\" sizes=\"(max-width: 320px) 100vw, 320px\" \/><\/a><\/p>\n<script type=\"text\/javascript\"> toolTips('.classtoolTips76','A palavra <em><span class='tooltipsall tooltipsincontent classtoolTips76'>kami<\/span><\/em> significa \u201cm\u00edstico\u201d, \u201csuperior\u201d, \u201cdivino\u201d, estando normalmente ligada ao poder sagrado ou divino.'); <\/script>","protected":false},"excerpt":{"rendered":"<p>&nbsp; No m\u00eas em que acontece os Jogos da 32\u00aa Olimp\u00edada de Ver\u00e3o, a Biblioteca da Funda\u00e7\u00e3o Jap\u00e3o em S\u00e3o Paulo destaca, do seu acervo, alguns mang\u00e1s originais que abordam esportes em seus enredos. Como sugest\u00e3o de leitura, indica o livro do consagrado escritor japon\u00eas Haruki Murakami, Do que eu falo quando eu falo de [&hellip;]<\/p>\n","protected":false},"author":1,"featured_media":0,"parent":0,"menu_order":0,"comment_status":"closed","ping_status":"closed","template":"","meta":{"_acf_changed":false,"footnotes":""},"class_list":["post-17174","page","type-page","status-publish","hentry"],"acf":[],"_links":{"self":[{"href":"https:\/\/fjsp.org.br\/fjsp\/wp-json\/wp\/v2\/pages\/17174","targetHints":{"allow":["GET"]}}],"collection":[{"href":"https:\/\/fjsp.org.br\/fjsp\/wp-json\/wp\/v2\/pages"}],"about":[{"href":"https:\/\/fjsp.org.br\/fjsp\/wp-json\/wp\/v2\/types\/page"}],"author":[{"embeddable":true,"href":"https:\/\/fjsp.org.br\/fjsp\/wp-json\/wp\/v2\/users\/1"}],"replies":[{"embeddable":true,"href":"https:\/\/fjsp.org.br\/fjsp\/wp-json\/wp\/v2\/comments?post=17174"}],"version-history":[{"count":2,"href":"https:\/\/fjsp.org.br\/fjsp\/wp-json\/wp\/v2\/pages\/17174\/revisions"}],"predecessor-version":[{"id":17191,"href":"https:\/\/fjsp.org.br\/fjsp\/wp-json\/wp\/v2\/pages\/17174\/revisions\/17191"}],"wp:attachment":[{"href":"https:\/\/fjsp.org.br\/fjsp\/wp-json\/wp\/v2\/media?parent=17174"}],"curies":[{"name":"wp","href":"https:\/\/api.w.org\/{rel}","templated":true}]}}