{"id":17208,"date":"2021-08-06T16:00:12","date_gmt":"2021-08-06T19:00:12","guid":{"rendered":"https:\/\/fjsp.org.br\/fjsp\/?page_id=17208"},"modified":"2021-08-05T18:00:32","modified_gmt":"2021-08-05T21:00:32","slug":"dossie_ryunosuke_akutagawa_2_obras","status":"publish","type":"page","link":"https:\/\/fjsp.org.br\/fjsp\/dossie_ryunosuke_akutagawa_2_obras\/","title":{"rendered":"2. Obras em portugu\u00eas"},"content":{"rendered":"<p style=\"text-align: right\"><strong><a href=\"https:\/\/fjsp.org.br\/fjsp\/dossie_literario\/\">Dossi\u00ea Liter\u00e1rio<\/a> &gt; <a href=\"https:\/\/fjsp.org.br\/fjsp\/dossie_ryunosuke_akutagawa\/\">Dossi\u00ea Ryunosuke Akutagawa<\/a> &gt; 2. Obras em portugu\u00eas<\/strong><\/p>\n<p><img fetchpriority=\"high\" decoding=\"async\" class=\"img-responsive alignnone wp-image-11642 size-full\" src=\"https:\/\/fjsp.org.br\/fjsp\/wp-content\/uploads\/2020\/07\/pattern-v1-03-1.png\" alt=\"\" width=\"4032\" height=\"223\" srcset=\"https:\/\/fjsp.org.br\/fjsp\/wp-content\/uploads\/2020\/07\/pattern-v1-03-1.png 4032w, https:\/\/fjsp.org.br\/fjsp\/wp-content\/uploads\/2020\/07\/pattern-v1-03-1-280x15.png 280w, https:\/\/fjsp.org.br\/fjsp\/wp-content\/uploads\/2020\/07\/pattern-v1-03-1-768x42.png 768w, https:\/\/fjsp.org.br\/fjsp\/wp-content\/uploads\/2020\/07\/pattern-v1-03-1-340x19.png 340w, https:\/\/fjsp.org.br\/fjsp\/wp-content\/uploads\/2020\/07\/pattern-v1-03-1-220x12.png 220w, https:\/\/fjsp.org.br\/fjsp\/wp-content\/uploads\/2020\/07\/pattern-v1-03-1-100x6.png 100w, https:\/\/fjsp.org.br\/fjsp\/wp-content\/uploads\/2020\/07\/pattern-v1-03-1-130x7.png 130w, https:\/\/fjsp.org.br\/fjsp\/wp-content\/uploads\/2020\/07\/pattern-v1-03-1-460x25.png 460w\" sizes=\"(max-width: 4032px) 100vw, 4032px\" \/><\/p>\n<p>&nbsp;<\/p>\n<div id=\"attachment_17218\" style=\"width: 278px\" class=\"wp-caption aligncenter\"><img decoding=\"async\" aria-describedby=\"caption-attachment-17218\" class=\"img-responsive img-fluid wp-image-17218\" src=\"https:\/\/fjsp.org.br\/fjsp\/wp-content\/uploads\/2021\/08\/4-capa4-280x418-1.jpg\" alt=\"\" width=\"268\" height=\"400\" srcset=\"https:\/\/fjsp.org.br\/fjsp\/wp-content\/uploads\/2021\/08\/4-capa4-280x418-1.jpg 280w, https:\/\/fjsp.org.br\/fjsp\/wp-content\/uploads\/2021\/08\/4-capa4-280x418-1-220x328.jpg 220w, https:\/\/fjsp.org.br\/fjsp\/wp-content\/uploads\/2021\/08\/4-capa4-280x418-1-100x149.jpg 100w, https:\/\/fjsp.org.br\/fjsp\/wp-content\/uploads\/2021\/08\/4-capa4-280x418-1-130x194.jpg 130w\" sizes=\"(max-width: 268px) 100vw, 268px\" \/><p id=\"caption-attachment-17218\" class=\"wp-caption-text\">\u00a9 Editora Z<\/p><\/div>\n<h4 style=\"text-align: center\"><strong>Contos fant\u00e1sticos<\/strong><\/h4>\n<p style=\"text-align: center\">Tradu\u00e7\u00e3o de <a href=\"https:\/\/fjsp.org.br\/fjsp\/traducaoemfoco_diogo_kaupatez\/\" target=\"_blank\" rel=\"noopener\">Diogo Kaupatez<\/a>. Ilustra\u00e7\u00f5es de Hokusai Katsushika.<br \/>\nS\u00e3o Paulo: Editora Z, 2003. 95 p.<br \/>\nConte\u00fado: Rashomon (Rashomon); O nariz (Hana); Sopa de car\u00e1 (Imogayu); O fio de aranha (Kumo no ito); Dentro da mata (Yabu no naka).<\/p>\n<p>&nbsp;<\/p>\n<div id=\"attachment_17228\" style=\"width: 278px\" class=\"wp-caption aligncenter\"><img decoding=\"async\" aria-describedby=\"caption-attachment-17228\" class=\"img-responsive img-fluid wp-image-17228\" src=\"https:\/\/fjsp.org.br\/fjsp\/wp-content\/uploads\/2021\/08\/5-capa.jpg\" alt=\"\" width=\"268\" height=\"435\" srcset=\"https:\/\/fjsp.org.br\/fjsp\/wp-content\/uploads\/2021\/08\/5-capa.jpg 289w, https:\/\/fjsp.org.br\/fjsp\/wp-content\/uploads\/2021\/08\/5-capa-280x454.jpg 280w, https:\/\/fjsp.org.br\/fjsp\/wp-content\/uploads\/2021\/08\/5-capa-220x357.jpg 220w, https:\/\/fjsp.org.br\/fjsp\/wp-content\/uploads\/2021\/08\/5-capa-100x162.jpg 100w, https:\/\/fjsp.org.br\/fjsp\/wp-content\/uploads\/2021\/08\/5-capa-130x211.jpg 130w\" sizes=\"(max-width: 268px) 100vw, 268px\" \/><p id=\"caption-attachment-17228\" class=\"wp-caption-text\">\u00a9 Hedra<\/p><\/div>\n<h4 style=\"text-align: center\"><strong>RASH\u00d4MON e outros contos<\/strong><\/h4>\n<p style=\"text-align: center\">Tradu\u00e7\u00e3o de Madalena Natsuko Hashimoto Cordaro, Junko Ota.<br \/>\nS\u00e3o Paulo: Hedra, 2008. 204 p.<br \/>\nConte\u00fado: Rash\u00f4mon; Dentro do bosque; Memorando &#8220;Ry\u00f4sai Ogata&#8221;; Ogin; O m\u00e1rtir; Terra morta; Devo\u00e7\u00e3o \u00e0 literatura popular; O baile; Passagens do caderno de notas de Yasukichi; A vida de um idiota.<\/p>\n<p>&nbsp;<\/p>\n<div id=\"attachment_17229\" style=\"width: 278px\" class=\"wp-caption aligncenter\"><img loading=\"lazy\" decoding=\"async\" aria-describedby=\"caption-attachment-17229\" class=\"img-responsive img-fluid wp-image-17229\" src=\"https:\/\/fjsp.org.br\/fjsp\/wp-content\/uploads\/2021\/08\/6-kappa-levante.jpg\" alt=\"\" width=\"268\" height=\"393\" srcset=\"https:\/\/fjsp.org.br\/fjsp\/wp-content\/uploads\/2021\/08\/6-kappa-levante.jpg 680w, https:\/\/fjsp.org.br\/fjsp\/wp-content\/uploads\/2021\/08\/6-kappa-levante-280x410.jpg 280w, https:\/\/fjsp.org.br\/fjsp\/wp-content\/uploads\/2021\/08\/6-kappa-levante-340x498.jpg 340w, https:\/\/fjsp.org.br\/fjsp\/wp-content\/uploads\/2021\/08\/6-kappa-levante-220x322.jpg 220w, https:\/\/fjsp.org.br\/fjsp\/wp-content\/uploads\/2021\/08\/6-kappa-levante-100x146.jpg 100w, https:\/\/fjsp.org.br\/fjsp\/wp-content\/uploads\/2021\/08\/6-kappa-levante-130x190.jpg 130w, https:\/\/fjsp.org.br\/fjsp\/wp-content\/uploads\/2021\/08\/6-kappa-levante-460x674.jpg 460w\" sizes=\"(max-width: 268px) 100vw, 268px\" \/><p id=\"caption-attachment-17229\" class=\"wp-caption-text\">\u00a9 Esta\u00e7\u00e3o Liberdade<\/p><\/div>\n<h4 style=\"text-align: center\"><strong>Kappa e o Levante imagin\u00e1rio<\/strong><\/h4>\n<p style=\"text-align: center\">Tradu\u00e7\u00e3o de Shintaro Hayashi.<br \/>\nS\u00e3o Paulo: Esta\u00e7\u00e3o Liberdade, 2010. 346 p.<br \/>\nConte\u00fado: Kappa (Kappa); Rashomon (Rashomon); O nariz (Hana); Destino (Un); Os salteadores (Chutoh); Inferno (Jigokuhen); Drag\u00e3o (Ryu); As laranjas (Mikan); A m\u00e1gica (Majutsu); No matagal (Yabu-no-naka); Rodas dentadas (Haguruma).<\/p>\n<p>&nbsp;<\/p>\n<div id=\"attachment_17230\" style=\"width: 278px\" class=\"wp-caption aligncenter\"><img loading=\"lazy\" decoding=\"async\" aria-describedby=\"caption-attachment-17230\" class=\"img-responsive img-fluid wp-image-17230\" src=\"https:\/\/fjsp.org.br\/fjsp\/wp-content\/uploads\/2021\/08\/7-capa.jpg\" alt=\"\" width=\"268\" height=\"427\" srcset=\"https:\/\/fjsp.org.br\/fjsp\/wp-content\/uploads\/2021\/08\/7-capa.jpg 205w, https:\/\/fjsp.org.br\/fjsp\/wp-content\/uploads\/2021\/08\/7-capa-100x160.jpg 100w, https:\/\/fjsp.org.br\/fjsp\/wp-content\/uploads\/2021\/08\/7-capa-130x207.jpg 130w\" sizes=\"(max-width: 268px) 100vw, 268px\" \/><p id=\"caption-attachment-17230\" class=\"wp-caption-text\">\u00a9 FFLCH-USP<\/p><\/div>\n<h4 style=\"text-align: center\"><strong>MOMOTAR\u014c<\/strong><\/h4>\n<p style=\"text-align: center\">Tradu\u00e7\u00f5es e percursos no exerc\u00edcio de tradu\u00e7\u00e3o Japon\u00eas \u2013 Portugu\u00eas<br \/>\nS\u00e3o Paulo: FFLCH-USP, 2018. 146 p.<\/p>\n<p style=\"text-align: center\">Obra resultado dos estudos integrados da UNESP, Faculdade Messi\u00e2nica e USP, organiza\u00e7\u00e3o de Neide Hissae Nagae.<br \/>\nEmbora seja um trabalho voltado para os estudos e reflex\u00f5es acerca da tradu\u00e7\u00e3o liter\u00e1ria, \u00e9 poss\u00edvel desfrutar do texto original de Akutagawa e exemplos de tradu\u00e7\u00f5es para o portugu\u00eas.<br \/>\nEsta publica\u00e7\u00e3o recebeu apoio financeiro da Faculdade de Filosofia, Letras e Ci\u00eancias Humanas da Universidade de S\u00e3o Paulo; da Associa\u00e7\u00e3o Brasileira de Estudos Japoneses (ABEJ) e da Funda\u00e7\u00e3o Jap\u00e3o do Programa Sakura Network, edi\u00e7\u00e3o 2018.<br \/>\nPara download gratuito, acesse <a href=\"http:\/\/www.livrosabertos.sibi.usp.br\/portaldelivrosUSP\/catalog\/book\/255\" target=\"_blank\" rel=\"noopener\"><strong>AQUI<\/strong><\/a><\/p>\n<p>&nbsp;<\/p>\n<div id=\"attachment_17227\" style=\"width: 278px\" class=\"wp-caption aligncenter\"><img loading=\"lazy\" decoding=\"async\" aria-describedby=\"caption-attachment-17227\" class=\"img-responsive img-fluid wp-image-17227\" src=\"https:\/\/fjsp.org.br\/fjsp\/wp-content\/uploads\/2021\/08\/8-rashomon-outros-contos.jpg\" alt=\"\" width=\"268\" height=\"428\" srcset=\"https:\/\/fjsp.org.br\/fjsp\/wp-content\/uploads\/2021\/08\/8-rashomon-outros-contos.jpg 322w, https:\/\/fjsp.org.br\/fjsp\/wp-content\/uploads\/2021\/08\/8-rashomon-outros-contos-280x447.jpg 280w, https:\/\/fjsp.org.br\/fjsp\/wp-content\/uploads\/2021\/08\/8-rashomon-outros-contos-220x351.jpg 220w, https:\/\/fjsp.org.br\/fjsp\/wp-content\/uploads\/2021\/08\/8-rashomon-outros-contos-100x160.jpg 100w, https:\/\/fjsp.org.br\/fjsp\/wp-content\/uploads\/2021\/08\/8-rashomon-outros-contos-130x208.jpg 130w\" sizes=\"(max-width: 268px) 100vw, 268px\" \/><p id=\"caption-attachment-17227\" class=\"wp-caption-text\">\u00a9 Lebooks Editora<\/p><\/div>\n<h4 style=\"text-align: center\"><strong>RASHOMON e outros contos<\/strong><\/h4>\n<p style=\"text-align: center\">S\u00e3o Paulo: Lebooks Editora, 2020. Livro Digital.<br \/>\nConte\u00fado: Rashomon, Nariz, Kessa e Moritoo, Outono, O cristo de Nanquim, Dentro do bosque, A princesa de Rokunomiya, Kapp\u00e1.<\/p>\n<p>&nbsp;<\/p>\n<hr \/>\n<p>&nbsp;<\/p>\n<p style=\"text-align: center\"><strong><a href=\"https:\/\/fjsp.org.br\/fjsp\/dossie_ryunosuke_akutagawa_1_ryunosuke\/\">&lt;&lt; 1. Ryunosuke Akutagawa<\/a>\u00a0\/\/ <\/strong><strong><a href=\"https:\/\/fjsp.org.br\/fjsp\/dossie_ryunosuke_akutagawa_3_destaques\/\">3. Destaques &gt;&gt;\u00a0<\/a><\/strong><\/p>\n<p>&nbsp;<\/p>\n","protected":false},"excerpt":{"rendered":"<p>Dossi\u00ea Liter\u00e1rio &gt; Dossi\u00ea Ryunosuke Akutagawa &gt; 2. Obras em portugu\u00eas &nbsp; Contos fant\u00e1sticos Tradu\u00e7\u00e3o de Diogo Kaupatez. Ilustra\u00e7\u00f5es de Hokusai Katsushika. S\u00e3o Paulo: Editora Z, 2003. 95 p. Conte\u00fado: Rashomon (Rashomon); O nariz (Hana); Sopa de car\u00e1 (Imogayu); O fio de aranha (Kumo no ito); Dentro da mata (Yabu no naka). &nbsp; RASH\u00d4MON e [&hellip;]<\/p>\n","protected":false},"author":34,"featured_media":0,"parent":0,"menu_order":0,"comment_status":"closed","ping_status":"closed","template":"","meta":{"_acf_changed":false,"footnotes":""},"class_list":["post-17208","page","type-page","status-publish","hentry"],"acf":[],"_links":{"self":[{"href":"https:\/\/fjsp.org.br\/fjsp\/wp-json\/wp\/v2\/pages\/17208","targetHints":{"allow":["GET"]}}],"collection":[{"href":"https:\/\/fjsp.org.br\/fjsp\/wp-json\/wp\/v2\/pages"}],"about":[{"href":"https:\/\/fjsp.org.br\/fjsp\/wp-json\/wp\/v2\/types\/page"}],"author":[{"embeddable":true,"href":"https:\/\/fjsp.org.br\/fjsp\/wp-json\/wp\/v2\/users\/34"}],"replies":[{"embeddable":true,"href":"https:\/\/fjsp.org.br\/fjsp\/wp-json\/wp\/v2\/comments?post=17208"}],"version-history":[{"count":2,"href":"https:\/\/fjsp.org.br\/fjsp\/wp-json\/wp\/v2\/pages\/17208\/revisions"}],"predecessor-version":[{"id":17235,"href":"https:\/\/fjsp.org.br\/fjsp\/wp-json\/wp\/v2\/pages\/17208\/revisions\/17235"}],"wp:attachment":[{"href":"https:\/\/fjsp.org.br\/fjsp\/wp-json\/wp\/v2\/media?parent=17208"}],"curies":[{"name":"wp","href":"https:\/\/api.w.org\/{rel}","templated":true}]}}