{"id":17211,"date":"2021-08-06T16:00:14","date_gmt":"2021-08-06T19:00:14","guid":{"rendered":"https:\/\/fjsp.org.br\/fjsp\/?page_id=17211"},"modified":"2021-08-05T18:00:38","modified_gmt":"2021-08-05T21:00:38","slug":"dossie_ryunosuke_akutagawa_3_destaques","status":"publish","type":"page","link":"https:\/\/fjsp.org.br\/fjsp\/dossie_ryunosuke_akutagawa_3_destaques\/","title":{"rendered":"3. Destaques"},"content":{"rendered":"<p style=\"text-align: right\"><strong><a href=\"https:\/\/fjsp.org.br\/fjsp\/dossie_literario\/\">Dossi\u00ea Liter\u00e1rio<\/a> &gt; <a href=\"https:\/\/fjsp.org.br\/fjsp\/dossie_ryunosuke_akutagawa\/\">Dossi\u00ea Ryunosuke Akutagawa<\/a> &gt; 3. Destaques<\/strong><\/p>\n<p><img fetchpriority=\"high\" decoding=\"async\" class=\"img-responsive alignnone wp-image-11642 size-full\" src=\"https:\/\/fjsp.org.br\/fjsp\/wp-content\/uploads\/2020\/07\/pattern-v1-03-1.png\" alt=\"\" width=\"4032\" height=\"223\" srcset=\"https:\/\/fjsp.org.br\/fjsp\/wp-content\/uploads\/2020\/07\/pattern-v1-03-1.png 4032w, https:\/\/fjsp.org.br\/fjsp\/wp-content\/uploads\/2020\/07\/pattern-v1-03-1-280x15.png 280w, https:\/\/fjsp.org.br\/fjsp\/wp-content\/uploads\/2020\/07\/pattern-v1-03-1-768x42.png 768w, https:\/\/fjsp.org.br\/fjsp\/wp-content\/uploads\/2020\/07\/pattern-v1-03-1-340x19.png 340w, https:\/\/fjsp.org.br\/fjsp\/wp-content\/uploads\/2020\/07\/pattern-v1-03-1-220x12.png 220w, https:\/\/fjsp.org.br\/fjsp\/wp-content\/uploads\/2020\/07\/pattern-v1-03-1-100x6.png 100w, https:\/\/fjsp.org.br\/fjsp\/wp-content\/uploads\/2020\/07\/pattern-v1-03-1-130x7.png 130w, https:\/\/fjsp.org.br\/fjsp\/wp-content\/uploads\/2020\/07\/pattern-v1-03-1-460x25.png 460w\" sizes=\"(max-width: 4032px) 100vw, 4032px\" \/><\/p>\n<h3><span style=\"color: #ff0000\"><strong>OU\u00c7A! PODCAST EM DESTAQUE<\/strong><\/span><\/h3>\n<p>&nbsp;<\/p>\n<p style=\"text-align: center\"><a href=\"https:\/\/www.bbc.co.uk\/programmes\/p09q5gv6\" target=\"_blank\" rel=\"noopener\"><strong>BBC Radio 3: Arts &amp; Ideas<br \/>\n<\/strong><strong>Revisit Rash\u014dmon<\/strong><\/a><\/p>\n<p><a href=\"https:\/\/www.bbc.co.uk\/programmes\/p09q5gv6\" target=\"_blank\" rel=\"noopener\"><img decoding=\"async\" class=\"img-responsive img-fluid aligncenter wp-image-17237\" src=\"https:\/\/fjsp.org.br\/fjsp\/wp-content\/uploads\/2021\/08\/9-artsideas-e1628105022496.jpg\" alt=\"\" width=\"500\" height=\"358\" \/><\/a><\/p>\n<p style=\"text-align: left\">\u201cRy\u016bnosuke Akutagawa&#8217;s short story &#8216;In a Grove&#8217;, published in 1922, became the basis for the 1950 film from Akira Kurosawa &#8216;Rash\u014dmon&#8217;, one of the first Japanese films to gain worldwide critical acclaim. &#8216;The Rash\u014dmon Effect&#8217; has become a byword for the literary technique where the same event is presented via the different and incompatible testimonies from the characters involved. David Peace&#8217;s book &#8216;Patient X&#8217; is a novelised response to Ry\u016bnosuke Akutagawa&#8217;s last years and his death by suicide at the age of 35. Natasha Pulley is a novelist and Japanophile with a particular interest in Japanese literature of the 1920s, and in the unreliable narrator implied by use of the Rash\u014dmon Effect. Jasper Sharp is a writer and curator, author of the Historical Dictionary of Japanese Cinema. Yuna Tasaka is one of the contributors to The Japanese Cinema Book published by Bloomsbury. David Peace&#8217;s third novel in his Tokyo trilogy Tokyo Redux is out this summer. Natasha Pulley&#8217;s most recent novel is a time travel story set in Napoleonic times &#8211; The Kingdoms. Her book The Watchmaker of Filigree Street became an international best seller.\u201d<\/p>\n<p>&nbsp;<\/p>\n<h3><span style=\"color: #ff0000\"><strong>EXPLORE! BIBLIOTECA ONLINE<\/strong><\/span><\/h3>\n<p style=\"text-align: center\"><a href=\"https:\/\/www.aozora.gr.jp\/\" target=\"_blank\" rel=\"noopener\"><strong><span class='tooltipsall tooltipsincontent classtoolTips54'>AOZORA BUNKO<\/span><\/strong><\/a><\/p>\n<p><a href=\"https:\/\/www.aozora.gr.jp\/\" target=\"_blank\" rel=\"noopener\"><img decoding=\"async\" class=\"img-responsive img-fluid wp-image-17238 aligncenter\" src=\"https:\/\/fjsp.org.br\/fjsp\/wp-content\/uploads\/2021\/08\/10-aozora-bunko.jpg\" alt=\"\" width=\"500\" height=\"282\" srcset=\"https:\/\/fjsp.org.br\/fjsp\/wp-content\/uploads\/2021\/08\/10-aozora-bunko.jpg 1091w, https:\/\/fjsp.org.br\/fjsp\/wp-content\/uploads\/2021\/08\/10-aozora-bunko-280x158.jpg 280w, https:\/\/fjsp.org.br\/fjsp\/wp-content\/uploads\/2021\/08\/10-aozora-bunko-768x434.jpg 768w, https:\/\/fjsp.org.br\/fjsp\/wp-content\/uploads\/2021\/08\/10-aozora-bunko-340x192.jpg 340w, https:\/\/fjsp.org.br\/fjsp\/wp-content\/uploads\/2021\/08\/10-aozora-bunko-220x124.jpg 220w, https:\/\/fjsp.org.br\/fjsp\/wp-content\/uploads\/2021\/08\/10-aozora-bunko-100x56.jpg 100w, https:\/\/fjsp.org.br\/fjsp\/wp-content\/uploads\/2021\/08\/10-aozora-bunko-130x73.jpg 130w, https:\/\/fjsp.org.br\/fjsp\/wp-content\/uploads\/2021\/08\/10-aozora-bunko-460x260.jpg 460w\" sizes=\"(max-width: 500px) 100vw, 500px\" \/><\/a><\/p>\n<p>Biblioteca Digital, de acesso livre, criada em 1997, que re\u00fane mais de 15 mil obras de fic\u00e7\u00e3o e n\u00e3o\u2013fic\u00e7\u00e3o em l\u00edngua japonesa em dom\u00ednio p\u00fablico ou de acesso liberado pelos autores. Um \u00f3timo espa\u00e7o para entrar em contato com in\u00fameros textos em japon\u00eas. Explore as in\u00fameras obras de Ryunosuke Akutagawa gratuitamente!<\/p>\n<p>&nbsp;<\/p>\n<p>&nbsp;<\/p>\n<hr \/>\n<p>&nbsp;<\/p>\n<p style=\"text-align: center\"><strong><a href=\"https:\/\/fjsp.org.br\/fjsp\/dossie_ryunosuke_akutagawa_2_obras\/\">&lt;&lt; 2. Obras em portugu\u00eas<\/a> \/\/ <\/strong><strong><a href=\"https:\/\/fjsp.org.br\/fjsp\/dossie_ryunosuke_akutagawa_4_bibliografia\/\">4. Bibliografia dispon\u00edvel na Biblioteca e Online &gt;&gt;\u00a0<\/a><\/strong><\/p>\n<p>&nbsp;<\/p>\n<script type=\"text\/javascript\"> toolTips('.classtoolTips54','Biblioteca Digital, de acesso livre, criada em 1997, que re\u00fane mais de 15 mil obras de fic\u00e7\u00e3o e n\u00e3o\u2013fic\u00e7\u00e3o em l\u00edngua japonesa em dom\u00ednio p\u00fablico ou de acesso liberado pelos autores. Um \u00f3timo espa\u00e7o para entrar em contato com in\u00fameros textos em japon\u00eas. Explore!'); <\/script>","protected":false},"excerpt":{"rendered":"<p>Dossi\u00ea Liter\u00e1rio &gt; Dossi\u00ea Ryunosuke Akutagawa &gt; 3. Destaques OU\u00c7A! PODCAST EM DESTAQUE &nbsp; BBC Radio 3: Arts &amp; Ideas Revisit Rash\u014dmon \u201cRy\u016bnosuke Akutagawa&#8217;s short story &#8216;In a Grove&#8217;, published in 1922, became the basis for the 1950 film from Akira Kurosawa &#8216;Rash\u014dmon&#8217;, one of the first Japanese films to gain worldwide critical acclaim. &#8216;The [&hellip;]<\/p>\n","protected":false},"author":34,"featured_media":0,"parent":0,"menu_order":0,"comment_status":"closed","ping_status":"closed","template":"","meta":{"_acf_changed":false,"footnotes":""},"class_list":["post-17211","page","type-page","status-publish","hentry"],"acf":[],"_links":{"self":[{"href":"https:\/\/fjsp.org.br\/fjsp\/wp-json\/wp\/v2\/pages\/17211","targetHints":{"allow":["GET"]}}],"collection":[{"href":"https:\/\/fjsp.org.br\/fjsp\/wp-json\/wp\/v2\/pages"}],"about":[{"href":"https:\/\/fjsp.org.br\/fjsp\/wp-json\/wp\/v2\/types\/page"}],"author":[{"embeddable":true,"href":"https:\/\/fjsp.org.br\/fjsp\/wp-json\/wp\/v2\/users\/34"}],"replies":[{"embeddable":true,"href":"https:\/\/fjsp.org.br\/fjsp\/wp-json\/wp\/v2\/comments?post=17211"}],"version-history":[{"count":2,"href":"https:\/\/fjsp.org.br\/fjsp\/wp-json\/wp\/v2\/pages\/17211\/revisions"}],"predecessor-version":[{"id":17246,"href":"https:\/\/fjsp.org.br\/fjsp\/wp-json\/wp\/v2\/pages\/17211\/revisions\/17246"}],"wp:attachment":[{"href":"https:\/\/fjsp.org.br\/fjsp\/wp-json\/wp\/v2\/media?parent=17211"}],"curies":[{"name":"wp","href":"https:\/\/api.w.org\/{rel}","templated":true}]}}