{"id":17335,"date":"2021-08-27T09:00:53","date_gmt":"2021-08-27T12:00:53","guid":{"rendered":"https:\/\/fjsp.org.br\/fjsp\/?page_id=17335"},"modified":"2021-08-26T14:53:58","modified_gmt":"2021-08-26T17:53:58","slug":"traducaoemfoco_felipe_monte_one_piece","status":"publish","type":"page","link":"https:\/\/fjsp.org.br\/fjsp\/traducaoemfoco_felipe_monte_one_piece\/","title":{"rendered":"Felipe Monte &#8211; Trabalhando com o que mais se ama: One Piece"},"content":{"rendered":"<h5 style=\"text-align: right\"><a href=\"https:\/\/fjsp.org.br\/fjsp\/traducaoemfoco\/\">Tradu\u00e7\u00e3o em Foco<\/a> &gt; Trabalhando com o que mais se ama: One Piece<\/h5>\n<p><img fetchpriority=\"high\" decoding=\"async\" class=\"img-responsive img-fluid wp-image-17336 size-full aligncenter\" src=\"https:\/\/fjsp.org.br\/fjsp\/wp-content\/uploads\/2021\/08\/banner-site-03.png\" alt=\"\" width=\"1201\" height=\"215\" srcset=\"https:\/\/fjsp.org.br\/fjsp\/wp-content\/uploads\/2021\/08\/banner-site-03.png 1201w, https:\/\/fjsp.org.br\/fjsp\/wp-content\/uploads\/2021\/08\/banner-site-03-280x50.png 280w, https:\/\/fjsp.org.br\/fjsp\/wp-content\/uploads\/2021\/08\/banner-site-03-768x137.png 768w, https:\/\/fjsp.org.br\/fjsp\/wp-content\/uploads\/2021\/08\/banner-site-03-340x61.png 340w, https:\/\/fjsp.org.br\/fjsp\/wp-content\/uploads\/2021\/08\/banner-site-03-220x39.png 220w, https:\/\/fjsp.org.br\/fjsp\/wp-content\/uploads\/2021\/08\/banner-site-03-100x18.png 100w, https:\/\/fjsp.org.br\/fjsp\/wp-content\/uploads\/2021\/08\/banner-site-03-130x23.png 130w, https:\/\/fjsp.org.br\/fjsp\/wp-content\/uploads\/2021\/08\/banner-site-03-460x82.png 460w\" sizes=\"(max-width: 1201px) 100vw, 1201px\" \/><\/p>\n<p>&nbsp;<\/p>\n<p>One Piece \u00e9 pra mim, sem d\u00favida alguma, o melhor mang\u00e1 do mundo e talvez a melhor obra de fic\u00e7\u00e3o j\u00e1 produzida. Eu realmente AMO One Piece! Eu sigo em \u00eaxtase at\u00e9 hoje por poder trabalhar com essa obra fant\u00e1stica que eu leio semanalmente desde 2003. Naquele tempo, para encontrar os cap\u00edtulos em japon\u00eas, era necess\u00e1rio ficar \u201ccavucando\u201d BBS chinesas. Era bem dif\u00edcil imaginar que um dia ter\u00edamos plataformas digitais oficiais como a Jump Book Store ou o MangaPlus.<\/p>\n<p>&nbsp;<\/p>\n<div id=\"attachment_17338\" style=\"width: 610px\" class=\"wp-caption aligncenter\"><img decoding=\"async\" aria-describedby=\"caption-attachment-17338\" class=\"img-responsive img-fluid wp-image-17338\" src=\"https:\/\/fjsp.org.br\/fjsp\/wp-content\/uploads\/2021\/08\/3-felipe-mangasonepiece.jpg\" alt=\"\" width=\"600\" height=\"295\" srcset=\"https:\/\/fjsp.org.br\/fjsp\/wp-content\/uploads\/2021\/08\/3-felipe-mangasonepiece.jpg 1000w, https:\/\/fjsp.org.br\/fjsp\/wp-content\/uploads\/2021\/08\/3-felipe-mangasonepiece-280x138.jpg 280w, https:\/\/fjsp.org.br\/fjsp\/wp-content\/uploads\/2021\/08\/3-felipe-mangasonepiece-768x378.jpg 768w, https:\/\/fjsp.org.br\/fjsp\/wp-content\/uploads\/2021\/08\/3-felipe-mangasonepiece-340x167.jpg 340w, https:\/\/fjsp.org.br\/fjsp\/wp-content\/uploads\/2021\/08\/3-felipe-mangasonepiece-220x108.jpg 220w, https:\/\/fjsp.org.br\/fjsp\/wp-content\/uploads\/2021\/08\/3-felipe-mangasonepiece-100x49.jpg 100w, https:\/\/fjsp.org.br\/fjsp\/wp-content\/uploads\/2021\/08\/3-felipe-mangasonepiece-130x64.jpg 130w, https:\/\/fjsp.org.br\/fjsp\/wp-content\/uploads\/2021\/08\/3-felipe-mangasonepiece-460x226.jpg 460w\" sizes=\"(max-width: 600px) 100vw, 600px\" \/><p id=\"caption-attachment-17338\" class=\"wp-caption-text\">Foto: Felipe Monte<\/p><\/div>\n<p>&nbsp;<\/p>\n<p>Quando comecei a trabalhar com a s\u00e9rie, por eu j\u00e1 ser \u201cconhecido\u201d (com aspas mesmo, muitas aspas) gra\u00e7as a \u201cRomance Dawn\u201d (meu site de One Piece que criei em 2003 que j\u00e1 foi site, blog e hoje \u00e9 um canal em hiato no YouTube), muita gente achou que eu tinha conseguido o servi\u00e7o justamente por isso, mas n\u00e3o foi o caso.<\/p>\n<p>One Piece \u00e9 t\u00e3o importante na minha vida, que em 2017, quando finalmente tive a oportunidade de visitar o Jap\u00e3o pela primeira vez, fiz com que a viagem girasse em torno da s\u00e9rie e das suas comemora\u00e7\u00f5es de 20 anos de publica\u00e7\u00e3o. Eu consegui produzi-la com a ajuda de uma campanha de financiamento coletivo: uma web-s\u00e9rie chamada <a href=\"https:\/\/www.youtube.com\/playlist?list=PLDQDPuHU8uasuWqgAUzsgC6-OK99C2K59\" target=\"_blank\" rel=\"noopener\">\u201cEu, o Jap\u00e3o e One Piece!\u201d<\/a>. Essa foi uma viagem incr\u00edvel que eu jamais vou esquecer. Eu ainda tive a felicidade de levar diretamente na Shueisha um pacote de cartas e desenhos de f\u00e3s brasileiros e dois desses desenhos figuraram no Volume 89 do mang\u00e1!<\/p>\n<p>Ser muito f\u00e3 da s\u00e9rie foi aquele tempero especial que me ajudaria muito a enfrentar essa tarefa, que confesso quase ter recusado mesmo sendo a concretiza\u00e7\u00e3o de um sonho. Assumir uma s\u00e9rie que era traduzida pela <a href=\"https:\/\/fjsp.org.br\/fjsp\/traducaoemfoco_driksada\/\" target=\"_blank\" rel=\"noopener\">Drik Sada<\/a> desde o tempos que ela era publicada pela Editora Conrad ativou com for\u00e7a minha s\u00edndrome do impostor. Quem era eu na fila do p\u00e3o pra traduzir One Piece? S\u00f3 me restou encarar tudo com coragem e dar o meu melhor e olhando em retrospecto, acredito que fiz e ainda sigo fazendo um bom trabalho que me deixa bem orgulhoso!<\/p>\n<p>Trabalhar com One Piece significa estar sempre sob o escrut\u00ednio imenso de leitores que amam essa hist\u00f3ria e que nem sempre ficam t\u00e3o satisfeitos com certas adapta\u00e7\u00f5es que s\u00e3o feitas na obra. Muitas vezes essa insatisfa\u00e7\u00e3o vem do fato de j\u00e1 terem lido algo diferente em tradu\u00e7\u00f5es piratas. Minha filosofia de trabalho com tradu\u00e7\u00e3o de mang\u00e1s \u00e9 sempre tentar adaptar as coisas ao m\u00e1ximo. N\u00e3o creio que exista nada \u201cintraduz\u00edvel\u201d e acho que sempre temos alternativas pra passar a mensagem sem deixar as coisas no original. As vezes, isso n\u00e3o \u00e9 poss\u00edvel por uma s\u00e9rie de motivos, mas eu sempre tento.<\/p>\n<p>Como One Piece \u00e9 um mang\u00e1 extenso e repleto de personagens marcantes, eu me orgulho bastante de diversas adapta\u00e7\u00f5es que fiz durante esses quase 8 anos de trabalho. Seja a esp\u00e9cie de \u201cl\u00edngua presa\u201d do Hannyabal, o sotaque caipira do Duval, o linguajar infantil dos Tontatta, os pronomes dos Minks, as Tonalidades do Haki e at\u00e9 algumas m\u00fasicas que aparecem na s\u00e9rie que eu gostei muito do resultado (mesmo sabendo que eu nunca vou chegar perto do que a Drik Sada fez com \u201cUm Barril de Binks\u201d).<\/p>\n<p>Pra n\u00e3o ficar s\u00f3 citando exemplos sem entrar em detalhes, vou falar um pouco sobre o processo que me levou a chegar na adapta\u00e7\u00e3o do nome de um dos grupos da hierarquia do bando do vil\u00e3o mais recente da s\u00e9rie, os \u201cSeis Magn\u00e2nimos\u201d que no original s\u00e3o chamados de \u201cTobi Roppo\u201d.<\/p>\n<p>Um \u201cTobi Roppo\u201d \u00e9 um movimento especifico do Teatro Kabuki, uma esp\u00e9cie de sa\u00edda de palco onde o ator sai de cena fazendo movimentos como se estivesse saltitando. \u00c9 algo bem espec\u00edfico e inusitado como nome de grupo, mas est\u00e1 totalmente no tema do bando inimigo que usa termos do entretenimento japon\u00eas pra nomear seus grupos! Antes, j\u00e1 hav\u00edamos sido introduzidos aos \u201cGrandes Astros\u201d e as \u201cAtra\u00e7\u00f5es Principais\u201d, que no original, s\u00e3o respectivamente \u201cOkanban\u201d e \u201cShin\u2019uchi\u201d, ambos termos do usados no Rakugo! Se eu traduzi e adaptei esses termos, porque quando chegasse nos \u201cTobi Roppo\u201d eu deixaria sem tradu\u00e7\u00e3o? Seria t\u00e3o estranho quando decidir manter as nomenclaturas em ingl\u00eas de outras designa\u00e7\u00f5es do bando como \u201cWaiters\u201d, \u201cPleasures\u201d, \u201cGifters\u201d e quando surgissem os que s\u00e3o chamados de \u201cNumbers\u201d eu optasse por deix\u00e1-los como \u201cN\u00fameros\u201d.<\/p>\n<p>Ao se traduzir mang\u00e1s, manter certos termos no original poder ser um artif\u00edcio que nos ajuda bastante (e que muitos leitores gostam). Em uma obra aberta como One Piece as coisas sempre podem se mostrar tendo um duplo sentido posterior (estou olhando pra voc\u00ea mesmo, \u201cLaugh Tale\u201d!). Seria muito mais f\u00e1cil deixar o termo como \u201cTobi Roppo\u201d e pronto. Eu me isentaria de tentar adaptar qualquer coisa me arriscando tomar uma rasteira no futuro, mas, n\u00e3o \u00e9 assim que eu prefiro trabalhar. Portanto, estudei as refer\u00eancias e acho que cheguei em algo que passa um pouco da pompa e extravag\u00e2ncia do movimento do Kabuki: Os Seis Magn\u00e2nimos!<\/p>\n<p>A gente sempre acaba deixando um peda\u00e7o da gente no que traduz, e nesses mais de 50 volumes, 3 datafiles e uma colet\u00e2nea de hist\u00f3rias curtas do autor que j\u00e1 traduzi, gosto de acreditar que quando se trata de One Piece, eu sempre deixo o melhor de mim. Claro que trabalho com a mesma dedica\u00e7\u00e3o e carinho em todas as s\u00e9ries que eu fa\u00e7o, mas, One Piece \u00e9 One Piece.<\/p>\n<p>&nbsp;<\/p>\n<p>&nbsp;<\/p>\n<hr \/>\n<p>&nbsp;<\/p>\n<h4 style=\"text-align: center\"><strong><a href=\"https:\/\/fjsp.org.br\/fjsp\/traducaoemfoco_felipe_monte_interesse_traducao\/\">&lt;&lt; 2. O interesse por tradu\u00e7\u00e3o e os primeiros trabalhos<\/a>\u00a0 \/\/\u00a0 <a href=\"https:\/\/fjsp.org.br\/fjsp\/traducaoemfoco_felipe_monte_titulos_traduzidos\/\">4. T\u00edtulos Traduzidos &gt;&gt;<\/a><\/strong><\/h4>\n<p style=\"text-align: center\"><a href=\"https:\/\/fjsp.org.br\/fjsp\/traducaoemfoco_felipe_monte\/\">1\u00a0<\/a>\u30fb<a href=\"https:\/\/fjsp.org.br\/fjsp\/traducaoemfoco_felipe_monte_interesse_traducao\/\">2<\/a>\u30fb <strong>[ 3 ]<\/strong> \u30fb <a href=\"https:\/\/fjsp.org.br\/fjsp\/traducaoemfoco_felipe_monte_titulos_traduzidos\/\">4<\/a><\/p>\n<h6 style=\"text-align: left\"><span style=\"color: #000000\">*Os usos de imagens e conte\u00fados desta p\u00e1gina s\u00e3o exclusivamente para fins educacionais e de divulga\u00e7\u00e3o de cultura japonesa, sem fins comerciais.<\/span><\/h6>\n","protected":false},"excerpt":{"rendered":"<p>Tradu\u00e7\u00e3o em Foco &gt; Trabalhando com o que mais se ama: One Piece &nbsp; One Piece \u00e9 pra mim, sem d\u00favida alguma, o melhor mang\u00e1 do mundo e talvez a melhor obra de fic\u00e7\u00e3o j\u00e1 produzida. Eu realmente AMO One Piece! Eu sigo em \u00eaxtase at\u00e9 hoje por poder trabalhar com essa obra fant\u00e1stica que [&hellip;]<\/p>\n","protected":false},"author":34,"featured_media":0,"parent":0,"menu_order":0,"comment_status":"closed","ping_status":"closed","template":"","meta":{"_acf_changed":false,"footnotes":""},"class_list":["post-17335","page","type-page","status-publish","hentry"],"acf":[],"_links":{"self":[{"href":"https:\/\/fjsp.org.br\/fjsp\/wp-json\/wp\/v2\/pages\/17335","targetHints":{"allow":["GET"]}}],"collection":[{"href":"https:\/\/fjsp.org.br\/fjsp\/wp-json\/wp\/v2\/pages"}],"about":[{"href":"https:\/\/fjsp.org.br\/fjsp\/wp-json\/wp\/v2\/types\/page"}],"author":[{"embeddable":true,"href":"https:\/\/fjsp.org.br\/fjsp\/wp-json\/wp\/v2\/users\/34"}],"replies":[{"embeddable":true,"href":"https:\/\/fjsp.org.br\/fjsp\/wp-json\/wp\/v2\/comments?post=17335"}],"version-history":[{"count":2,"href":"https:\/\/fjsp.org.br\/fjsp\/wp-json\/wp\/v2\/pages\/17335\/revisions"}],"predecessor-version":[{"id":17354,"href":"https:\/\/fjsp.org.br\/fjsp\/wp-json\/wp\/v2\/pages\/17335\/revisions\/17354"}],"wp:attachment":[{"href":"https:\/\/fjsp.org.br\/fjsp\/wp-json\/wp\/v2\/media?parent=17335"}],"curies":[{"name":"wp","href":"https:\/\/api.w.org\/{rel}","templated":true}]}}