{"id":17469,"date":"2021-09-30T09:00:43","date_gmt":"2021-09-30T12:00:43","guid":{"rendered":"https:\/\/fjsp.org.br\/fjsp\/?page_id=17469"},"modified":"2021-09-10T16:59:54","modified_gmt":"2021-09-10T19:59:54","slug":"dossie_tradicao_japones","status":"publish","type":"page","link":"https:\/\/fjsp.org.br\/fjsp\/dossie_tradicao_japones\/","title":{"rendered":"Dossi\u00ea &#8211; A tradu\u00e7\u00e3o na forma\u00e7\u00e3o da tradi\u00e7\u00e3o japonesa"},"content":{"rendered":"<p style=\"text-align: right\"><strong><a href=\"https:\/\/fjsp.org.br\/fjsp\/dossie_literario\/\">Dossi\u00ea Liter\u00e1rio<\/a> &gt; Dossi\u00ea &#8211; A tradu\u00e7\u00e3o na forma\u00e7\u00e3o da tradi\u00e7\u00e3o japonesa<\/strong><\/p>\n<p>&nbsp;<\/p>\n<p><img fetchpriority=\"high\" decoding=\"async\" class=\"img-responsive img-fluid aligncenter wp-image-17502\" src=\"https:\/\/fjsp.org.br\/fjsp\/wp-content\/uploads\/2021\/09\/citacao-2.jpg\" alt=\"\" width=\"750\" height=\"470\" srcset=\"https:\/\/fjsp.org.br\/fjsp\/wp-content\/uploads\/2021\/09\/citacao-2.jpg 1279w, https:\/\/fjsp.org.br\/fjsp\/wp-content\/uploads\/2021\/09\/citacao-2-280x176.jpg 280w, https:\/\/fjsp.org.br\/fjsp\/wp-content\/uploads\/2021\/09\/citacao-2-768x482.jpg 768w, https:\/\/fjsp.org.br\/fjsp\/wp-content\/uploads\/2021\/09\/citacao-2-340x213.jpg 340w, https:\/\/fjsp.org.br\/fjsp\/wp-content\/uploads\/2021\/09\/citacao-2-220x138.jpg 220w, https:\/\/fjsp.org.br\/fjsp\/wp-content\/uploads\/2021\/09\/citacao-2-100x63.jpg 100w, https:\/\/fjsp.org.br\/fjsp\/wp-content\/uploads\/2021\/09\/citacao-2-130x82.jpg 130w, https:\/\/fjsp.org.br\/fjsp\/wp-content\/uploads\/2021\/09\/citacao-2-460x288.jpg 460w\" sizes=\"(max-width: 750px) 100vw, 750px\" \/><\/p>\n<p>&nbsp;<\/p>\n<p>No Dia Internacional da Tradu\u00e7\u00e3o, 30 de setembro, a Funda\u00e7\u00e3o Jap\u00e3o convida a pesquisadora e mestranda de Estudos de Literatura da UFRGS, <a href=\"https:\/\/fjsp.org.br\/fjsp\/wp-content\/uploads\/2021\/09\/perfil.jpg\" target=\"_blank\" rel=\"noopener\"><strong>Nath\u00e1lia da Silveira Martins<\/strong><\/a>, para refletir sobre a tradu\u00e7\u00e3o em seus diversos aspectos e sua import\u00e2ncia na forma\u00e7\u00e3o da tradi\u00e7\u00e3o japonesa. Autora do livro <a href=\"https:\/\/bestiario.com.br\/livros\/a_traducao.html\" target=\"_blank\" rel=\"noopener\"><em>A tradu\u00e7\u00e3o na forma\u00e7\u00e3o da tradi\u00e7\u00e3o japonesa: um panorama sobre tradu\u00e7\u00e3o at\u00e9 o per\u00edodo Meiji<\/em><\/a>, publicado pela Class, aborda neste especial como a hist\u00f3ria da escrita japonesa \u00e9 uma hist\u00f3ria da tradu\u00e7\u00e3o, em seus diversos momentos. Boa leitura e reflex\u00e3o!<\/p>\n<p>&nbsp;<\/p>\n<p>&nbsp;<\/p>\n<hr \/>\n<p>&nbsp;<\/p>\n<p><a href=\"https:\/\/fjsp.org.br\/fjsp\/dossie_tradicao_japones_1_comeco\/\"><img decoding=\"async\" class=\"img-responsive img-fluid alignnone wp-image-17471\" src=\"https:\/\/fjsp.org.br\/fjsp\/wp-content\/uploads\/2021\/09\/botao-site-prancheta-1.png\" alt=\"\" width=\"300\" height=\"286\" srcset=\"https:\/\/fjsp.org.br\/fjsp\/wp-content\/uploads\/2021\/09\/botao-site-prancheta-1.png 1250w, https:\/\/fjsp.org.br\/fjsp\/wp-content\/uploads\/2021\/09\/botao-site-prancheta-1-280x267.png 280w, https:\/\/fjsp.org.br\/fjsp\/wp-content\/uploads\/2021\/09\/botao-site-prancheta-1-768x732.png 768w, https:\/\/fjsp.org.br\/fjsp\/wp-content\/uploads\/2021\/09\/botao-site-prancheta-1-340x324.png 340w, https:\/\/fjsp.org.br\/fjsp\/wp-content\/uploads\/2021\/09\/botao-site-prancheta-1-220x210.png 220w, https:\/\/fjsp.org.br\/fjsp\/wp-content\/uploads\/2021\/09\/botao-site-prancheta-1-100x95.png 100w, https:\/\/fjsp.org.br\/fjsp\/wp-content\/uploads\/2021\/09\/botao-site-prancheta-1-130x124.png 130w, https:\/\/fjsp.org.br\/fjsp\/wp-content\/uploads\/2021\/09\/botao-site-prancheta-1-460x439.png 460w\" sizes=\"(max-width: 300px) 100vw, 300px\" \/><\/a> <a href=\"https:\/\/fjsp.org.br\/fjsp\/dossie_tradicao_japones_2_historia_escrita_japonesa\/\"><img decoding=\"async\" class=\"img-responsive img-fluid alignnone wp-image-17472\" src=\"https:\/\/fjsp.org.br\/fjsp\/wp-content\/uploads\/2021\/09\/botao-site-02.png\" alt=\"\" width=\"300\" height=\"286\" srcset=\"https:\/\/fjsp.org.br\/fjsp\/wp-content\/uploads\/2021\/09\/botao-site-02.png 1251w, https:\/\/fjsp.org.br\/fjsp\/wp-content\/uploads\/2021\/09\/botao-site-02-280x267.png 280w, https:\/\/fjsp.org.br\/fjsp\/wp-content\/uploads\/2021\/09\/botao-site-02-768x732.png 768w, https:\/\/fjsp.org.br\/fjsp\/wp-content\/uploads\/2021\/09\/botao-site-02-340x324.png 340w, https:\/\/fjsp.org.br\/fjsp\/wp-content\/uploads\/2021\/09\/botao-site-02-220x210.png 220w, https:\/\/fjsp.org.br\/fjsp\/wp-content\/uploads\/2021\/09\/botao-site-02-100x95.png 100w, https:\/\/fjsp.org.br\/fjsp\/wp-content\/uploads\/2021\/09\/botao-site-02-130x124.png 130w, https:\/\/fjsp.org.br\/fjsp\/wp-content\/uploads\/2021\/09\/botao-site-02-460x438.png 460w\" sizes=\"(max-width: 300px) 100vw, 300px\" \/><\/a> <a href=\"https:\/\/fjsp.org.br\/fjsp\/dossie_tradicao_japones_3_escrita_japonesa_atualmente\/\"><img loading=\"lazy\" decoding=\"async\" class=\"img-responsive img-fluid alignnone wp-image-17473\" src=\"https:\/\/fjsp.org.br\/fjsp\/wp-content\/uploads\/2021\/09\/botao-site-03.png\" alt=\"\" width=\"300\" height=\"286\" srcset=\"https:\/\/fjsp.org.br\/fjsp\/wp-content\/uploads\/2021\/09\/botao-site-03.png 1251w, https:\/\/fjsp.org.br\/fjsp\/wp-content\/uploads\/2021\/09\/botao-site-03-280x267.png 280w, https:\/\/fjsp.org.br\/fjsp\/wp-content\/uploads\/2021\/09\/botao-site-03-768x732.png 768w, https:\/\/fjsp.org.br\/fjsp\/wp-content\/uploads\/2021\/09\/botao-site-03-340x324.png 340w, https:\/\/fjsp.org.br\/fjsp\/wp-content\/uploads\/2021\/09\/botao-site-03-220x210.png 220w, https:\/\/fjsp.org.br\/fjsp\/wp-content\/uploads\/2021\/09\/botao-site-03-100x95.png 100w, https:\/\/fjsp.org.br\/fjsp\/wp-content\/uploads\/2021\/09\/botao-site-03-130x124.png 130w, https:\/\/fjsp.org.br\/fjsp\/wp-content\/uploads\/2021\/09\/botao-site-03-460x438.png 460w\" sizes=\"(max-width: 300px) 100vw, 300px\" \/><\/a><\/p>\n<p>&nbsp;<\/p>\n<p><img loading=\"lazy\" decoding=\"async\" class=\"img-responsive alignnone wp-image-11642 size-full\" src=\"https:\/\/fjsp.org.br\/fjsp\/wp-content\/uploads\/2020\/07\/pattern-v1-03-1.png\" alt=\"\" width=\"4032\" height=\"223\" srcset=\"https:\/\/fjsp.org.br\/fjsp\/wp-content\/uploads\/2020\/07\/pattern-v1-03-1.png 4032w, https:\/\/fjsp.org.br\/fjsp\/wp-content\/uploads\/2020\/07\/pattern-v1-03-1-280x15.png 280w, https:\/\/fjsp.org.br\/fjsp\/wp-content\/uploads\/2020\/07\/pattern-v1-03-1-768x42.png 768w, https:\/\/fjsp.org.br\/fjsp\/wp-content\/uploads\/2020\/07\/pattern-v1-03-1-340x19.png 340w, https:\/\/fjsp.org.br\/fjsp\/wp-content\/uploads\/2020\/07\/pattern-v1-03-1-220x12.png 220w, https:\/\/fjsp.org.br\/fjsp\/wp-content\/uploads\/2020\/07\/pattern-v1-03-1-100x6.png 100w, https:\/\/fjsp.org.br\/fjsp\/wp-content\/uploads\/2020\/07\/pattern-v1-03-1-130x7.png 130w, https:\/\/fjsp.org.br\/fjsp\/wp-content\/uploads\/2020\/07\/pattern-v1-03-1-460x25.png 460w\" sizes=\"(max-width: 4032px) 100vw, 4032px\" \/><\/p>\n<p>&nbsp;<\/p>\n<p>* Os usos de imagens e conte\u00fado desta p\u00e1gina s\u00e3o exclusivamente para fins educacionais e de divulga\u00e7\u00e3o de cultura japonesa, sem fins comerciais.<\/p>\n","protected":false},"excerpt":{"rendered":"<p>Dossi\u00ea Liter\u00e1rio &gt; Dossi\u00ea &#8211; A tradu\u00e7\u00e3o na forma\u00e7\u00e3o da tradi\u00e7\u00e3o japonesa &nbsp; &nbsp; No Dia Internacional da Tradu\u00e7\u00e3o, 30 de setembro, a Funda\u00e7\u00e3o Jap\u00e3o convida a pesquisadora e mestranda de Estudos de Literatura da UFRGS, Nath\u00e1lia da Silveira Martins, para refletir sobre a tradu\u00e7\u00e3o em seus diversos aspectos e sua import\u00e2ncia na forma\u00e7\u00e3o da [&hellip;]<\/p>\n","protected":false},"author":34,"featured_media":0,"parent":0,"menu_order":0,"comment_status":"closed","ping_status":"closed","template":"","meta":{"_acf_changed":false,"footnotes":""},"class_list":["post-17469","page","type-page","status-publish","hentry"],"acf":[],"_links":{"self":[{"href":"https:\/\/fjsp.org.br\/fjsp\/wp-json\/wp\/v2\/pages\/17469","targetHints":{"allow":["GET"]}}],"collection":[{"href":"https:\/\/fjsp.org.br\/fjsp\/wp-json\/wp\/v2\/pages"}],"about":[{"href":"https:\/\/fjsp.org.br\/fjsp\/wp-json\/wp\/v2\/types\/page"}],"author":[{"embeddable":true,"href":"https:\/\/fjsp.org.br\/fjsp\/wp-json\/wp\/v2\/users\/34"}],"replies":[{"embeddable":true,"href":"https:\/\/fjsp.org.br\/fjsp\/wp-json\/wp\/v2\/comments?post=17469"}],"version-history":[{"count":2,"href":"https:\/\/fjsp.org.br\/fjsp\/wp-json\/wp\/v2\/pages\/17469\/revisions"}],"predecessor-version":[{"id":17506,"href":"https:\/\/fjsp.org.br\/fjsp\/wp-json\/wp\/v2\/pages\/17469\/revisions\/17506"}],"wp:attachment":[{"href":"https:\/\/fjsp.org.br\/fjsp\/wp-json\/wp\/v2\/media?parent=17469"}],"curies":[{"name":"wp","href":"https:\/\/api.w.org\/{rel}","templated":true}]}}