{"id":17538,"date":"2021-09-28T06:08:39","date_gmt":"2021-09-28T09:08:39","guid":{"rendered":"https:\/\/fjsp.org.br\/fjsp\/?page_id=17538"},"modified":"2021-11-11T10:25:07","modified_gmt":"2021-11-11T13:25:07","slug":"licitacao2021-divulgacao","status":"publish","type":"page","link":"https:\/\/fjsp.org.br\/fjsp\/licitacao2021-divulgacao\/","title":{"rendered":"Licita\u00e7\u00e3o\u30fb\u7c21\u6613\u5165\u672d"},"content":{"rendered":"<h3><b>Informa\u00e7\u00f5es para contrata\u00e7\u00e3o \/ \u8abf\u9054\u60c5\u5831<\/b><\/h3>\n<p>Atualmente, n\u00e3o estamos com licita\u00e7\u00e3o aberta.<br \/>\n\u73fe\u5728\u3001\u8abf\u9054\u4e2d\u306e\u6848\u4ef6\u306f\u3042\u308a\u307e\u305b\u3093\u3002<\/p>\n<p>&nbsp;<\/p>\n","protected":false},"excerpt":{"rendered":"<p>Informa\u00e7\u00f5es para contrata\u00e7\u00e3o \/ \u8abf\u9054\u60c5\u5831 Atualmente, n\u00e3o estamos com licita\u00e7\u00e3o aberta. \u73fe\u5728\u3001\u8abf\u9054\u4e2d\u306e\u6848\u4ef6\u306f\u3042\u308a\u307e\u305b\u3093\u3002 &nbsp;<\/p>\n","protected":false},"author":1,"featured_media":0,"parent":0,"menu_order":0,"comment_status":"closed","ping_status":"closed","template":"","meta":{"_acf_changed":false,"footnotes":""},"class_list":["post-17538","page","type-page","status-publish","hentry"],"acf":[],"_links":{"self":[{"href":"https:\/\/fjsp.org.br\/fjsp\/wp-json\/wp\/v2\/pages\/17538","targetHints":{"allow":["GET"]}}],"collection":[{"href":"https:\/\/fjsp.org.br\/fjsp\/wp-json\/wp\/v2\/pages"}],"about":[{"href":"https:\/\/fjsp.org.br\/fjsp\/wp-json\/wp\/v2\/types\/page"}],"author":[{"embeddable":true,"href":"https:\/\/fjsp.org.br\/fjsp\/wp-json\/wp\/v2\/users\/1"}],"replies":[{"embeddable":true,"href":"https:\/\/fjsp.org.br\/fjsp\/wp-json\/wp\/v2\/comments?post=17538"}],"version-history":[{"count":2,"href":"https:\/\/fjsp.org.br\/fjsp\/wp-json\/wp\/v2\/pages\/17538\/revisions"}],"predecessor-version":[{"id":18087,"href":"https:\/\/fjsp.org.br\/fjsp\/wp-json\/wp\/v2\/pages\/17538\/revisions\/18087"}],"wp:attachment":[{"href":"https:\/\/fjsp.org.br\/fjsp\/wp-json\/wp\/v2\/media?parent=17538"}],"curies":[{"name":"wp","href":"https:\/\/api.w.org\/{rel}","templated":true}]}}