{"id":18022,"date":"2021-11-09T22:55:11","date_gmt":"2021-11-10T01:55:11","guid":{"rendered":"https:\/\/fjsp.org.br\/fjsp\/?page_id=18022"},"modified":"2021-11-09T23:04:06","modified_gmt":"2021-11-10T02:04:06","slug":"japao-em-casa-cogumelos","status":"publish","type":"page","link":"https:\/\/fjsp.org.br\/fjsp\/japao-em-casa-cogumelos\/","title":{"rendered":"Cogumelos e salm\u00e3o no vapor"},"content":{"rendered":"<h3><strong>Cogumelos no Jap\u00e3o<\/strong><\/h3>\n<p>Objetos em terracota no formato de cogumelos foram encontrados em s\u00edtios arqueol\u00f3gicos do per\u00edodo Jomon, sugerindo que os cogumelos t\u00eam feito parte da vida japonesa desde tempos antigos.<\/p>\n<p>Cogumelos como shimeji, shiitake, enoki, maitake e eringi, s\u00e3o considerados um dos alimentos mais consumidos hoje em dia nas fam\u00edlias japonesas.<\/p>\n<p>A maioria dos comercializados hoje no Jap\u00e3o \u00e9 cultivada em f\u00e1bricas ou fazendas e est\u00e1 dispon\u00edvel em supermercados e mercearias durante o ano todo, com sabor e pre\u00e7o est\u00e1veis.<\/p>\n<p>O cultivo artificial da variedade matsutake, por exemplo, \u00e9 muito dif\u00edcil. Como s\u00e3o encontrados na natureza, s\u00e3o valiosos e caros. \u00c9 popular pela sua fragr\u00e2ncia e \u00e9 conhecido como o rei dos cogumelos comest\u00edveis no Jap\u00e3o.<\/p>\n<p>&nbsp;<\/p>\n<p><img fetchpriority=\"high\" decoding=\"async\" class=\"img-responsive img-fluid wp-image-18023 aligncenter\" src=\"https:\/\/fjsp.org.br\/fjsp\/wp-content\/uploads\/2021\/11\/92-scaled.jpg\" alt=\"\" width=\"600\" height=\"399\" srcset=\"https:\/\/fjsp.org.br\/fjsp\/wp-content\/uploads\/2021\/11\/92-scaled.jpg 2560w, https:\/\/fjsp.org.br\/fjsp\/wp-content\/uploads\/2021\/11\/92-280x186.jpg 280w, https:\/\/fjsp.org.br\/fjsp\/wp-content\/uploads\/2021\/11\/92-768x511.jpg 768w, https:\/\/fjsp.org.br\/fjsp\/wp-content\/uploads\/2021\/11\/92-1536x1021.jpg 1536w, https:\/\/fjsp.org.br\/fjsp\/wp-content\/uploads\/2021\/11\/92-2048x1362.jpg 2048w, https:\/\/fjsp.org.br\/fjsp\/wp-content\/uploads\/2021\/11\/92-340x226.jpg 340w, https:\/\/fjsp.org.br\/fjsp\/wp-content\/uploads\/2021\/11\/92-220x146.jpg 220w, https:\/\/fjsp.org.br\/fjsp\/wp-content\/uploads\/2021\/11\/92-100x66.jpg 100w, https:\/\/fjsp.org.br\/fjsp\/wp-content\/uploads\/2021\/11\/92-130x86.jpg 130w, https:\/\/fjsp.org.br\/fjsp\/wp-content\/uploads\/2021\/11\/92-460x306.jpg 460w\" sizes=\"(max-width: 600px) 100vw, 600px\" \/><\/p>\n<p>&nbsp;<\/p>\n<h4><strong>Por que escolhemos os cogumelos como tema?<\/strong><\/h4>\n<ul>\n<li>S\u00e3o um ingrediente de f\u00e1cil acesso tamb\u00e9m no Brasil, vendidos em lojas de produtos japoneses, bem como em grandes redes de supermercados, inclusive mantendo os nomes japoneses, como os cogumelos shimeji e shiitake.<\/li>\n<li>T\u00eam poucas calorias e s\u00e3o ricos em fibras diet\u00e9ticas, assim como outros nutrientes e benef\u00edcios \u00e0 sa\u00fade. Est\u00e3o se tornando cada vez mais populares no Brasil, especialmente entre vegetarianos e pessoas que se preocupam com a sa\u00fade.<\/li>\n<li>Para as pessoas conhecerem melhor sobre suas qualidades e os pratos que podem ser feitos com ele.<\/li>\n<\/ul>\n<p>&nbsp;<\/p>\n<hr \/>\n<p>&nbsp;<\/p>\n<h3><strong>\u201cCogumelos e salm\u00e3o no vapor\u201d (em folha de alum\u00ednio)<\/strong><\/h3>\n<p>O termo &#8220;cozimento em folha de alum\u00ednio&#8221; refere-se ao processo de envolver os alimentos em folha de alum\u00ednio e vaporiz\u00e1-los. Esta \u00e9 uma \u00f3tima maneira de cozinhar cogumelos sem perder o sabor e os nutrientes.<\/p>\n<p>Os ingredientes recomendados para cozinhar em folha de alum\u00ednio: peixe branco, frango, cogumelos, cebola, repolho, cenoura, batata, etc.<\/p>\n<p>&nbsp;<\/p>\n<p><img decoding=\"async\" class=\"img-responsive img-fluid wp-image-18024 aligncenter\" src=\"https:\/\/fjsp.org.br\/fjsp\/wp-content\/uploads\/2021\/11\/img1-scaled.jpg\" alt=\"\" width=\"600\" height=\"399\" srcset=\"https:\/\/fjsp.org.br\/fjsp\/wp-content\/uploads\/2021\/11\/img1-scaled.jpg 2560w, https:\/\/fjsp.org.br\/fjsp\/wp-content\/uploads\/2021\/11\/img1-280x186.jpg 280w, https:\/\/fjsp.org.br\/fjsp\/wp-content\/uploads\/2021\/11\/img1-768x511.jpg 768w, https:\/\/fjsp.org.br\/fjsp\/wp-content\/uploads\/2021\/11\/img1-1536x1021.jpg 1536w, https:\/\/fjsp.org.br\/fjsp\/wp-content\/uploads\/2021\/11\/img1-2048x1362.jpg 2048w, https:\/\/fjsp.org.br\/fjsp\/wp-content\/uploads\/2021\/11\/img1-340x226.jpg 340w, https:\/\/fjsp.org.br\/fjsp\/wp-content\/uploads\/2021\/11\/img1-220x146.jpg 220w, https:\/\/fjsp.org.br\/fjsp\/wp-content\/uploads\/2021\/11\/img1-100x66.jpg 100w, https:\/\/fjsp.org.br\/fjsp\/wp-content\/uploads\/2021\/11\/img1-130x86.jpg 130w, https:\/\/fjsp.org.br\/fjsp\/wp-content\/uploads\/2021\/11\/img1-460x306.jpg 460w\" sizes=\"(max-width: 600px) 100vw, 600px\" \/><\/p>\n<p>&nbsp;<\/p>\n<h4>Por que escolhemos Cogumelos e salm\u00e3o no vapor?<\/h4>\n<ul>\n<li>No Jap\u00e3o, \u00e9 um dos pratos mais comuns com &#8220;cogumelos&#8221;.<\/li>\n<li>\u00c9 f\u00e1cil de preparar e requer pouco esfor\u00e7o.<\/li>\n<li>Pode ser preparado com variados tipos de ingredientes e n\u00e3o h\u00e1 perda de nutrientes dos cogumelos no preparo.<\/li>\n<li>\u00c9 muito vers\u00e1til e pode ser feito em uma frigideira, forno, e at\u00e9 numa churrasqueira.<\/li>\n<li>Acreditamos que seria do interesse para os interessados na comida japonesa, e tamb\u00e9m para vegetarianos e pessoas que procuram por pratos saud\u00e1veis.<\/li>\n<\/ul>\n<p>&nbsp;<\/p>\n<hr \/>\n<p>&nbsp;<\/p>\n<h4>Cogumelos e salm\u00e3o no vapor<\/h4>\n<p>&nbsp;<\/p>\n<div class='cleaner'><\/div>\n<div class='videoWrapper embed-responsive embed-responsive-16by9 ratio ratio-16x9'><iframe title=\"Jap\u00e3o em Casa: Cozinha da Akiko apresenta Cogumelos e salm\u00e3o no vapor\" width=\"700\" height=\"394\" src=\"https:\/\/www.youtube.com\/embed\/hDTybqbIYCU?feature=oembed\" frameborder=\"0\" allow=\"accelerometer; autoplay; clipboard-write; encrypted-media; gyroscope; picture-in-picture\" allowfullscreen><\/iframe><\/div>\n<h4 style=\"text-align: center\"><span data-ccp-props=\"{&quot;201341983&quot;:0,&quot;335559739&quot;:160,&quot;335559740&quot;:259}\">Veja tamb\u00e9m o v\u00eddeo do<strong><em> Colheita de cogumelos <\/em><\/strong>no nosso<strong> Instagram japanfoundation_sp\u00a0<\/strong><\/span><\/h4>\n<p>&nbsp;<\/p>\n<h3><strong>Cogumelos e salm\u00e3o no vapor<\/strong><\/h3>\n<h4><strong>Ingredientes (para 2 pessoas)<\/strong><\/h4>\n<p><strong>Cogumelos de sua escolha (shiitake, shimeji):<\/strong> 150g<\/p>\n<p><strong>Salm\u00e3o:<\/strong> 2 fatias<\/p>\n<p><strong>Cebola:<\/strong> 1\/2 unidade<\/p>\n<p><strong>Manteiga:<\/strong> 20g<\/p>\n<p><strong>Sal:<\/strong> uma pitada<\/p>\n<p><strong>Pimenta do reino:<\/strong> uma pitada<\/p>\n<p><strong>Molho de soja:<\/strong> a gosto<\/p>\n<p><strong>Lim\u00e3o:<\/strong> a gosto<\/p>\n<p>&nbsp;<\/p>\n<p><img decoding=\"async\" class=\"img-responsive img-fluid wp-image-18026 aligncenter\" src=\"https:\/\/fjsp.org.br\/fjsp\/wp-content\/uploads\/2021\/11\/.jpg-scaled.jpg\" alt=\"\" width=\"600\" height=\"399\" srcset=\"https:\/\/fjsp.org.br\/fjsp\/wp-content\/uploads\/2021\/11\/.jpg-scaled.jpg 2560w, https:\/\/fjsp.org.br\/fjsp\/wp-content\/uploads\/2021\/11\/.jpg-280x186.jpg 280w, https:\/\/fjsp.org.br\/fjsp\/wp-content\/uploads\/2021\/11\/.jpg-768x511.jpg 768w, https:\/\/fjsp.org.br\/fjsp\/wp-content\/uploads\/2021\/11\/.jpg-1536x1021.jpg 1536w, https:\/\/fjsp.org.br\/fjsp\/wp-content\/uploads\/2021\/11\/.jpg-2048x1362.jpg 2048w, https:\/\/fjsp.org.br\/fjsp\/wp-content\/uploads\/2021\/11\/.jpg-340x226.jpg 340w, https:\/\/fjsp.org.br\/fjsp\/wp-content\/uploads\/2021\/11\/.jpg-220x146.jpg 220w, https:\/\/fjsp.org.br\/fjsp\/wp-content\/uploads\/2021\/11\/.jpg-100x66.jpg 100w, https:\/\/fjsp.org.br\/fjsp\/wp-content\/uploads\/2021\/11\/.jpg-130x86.jpg 130w, https:\/\/fjsp.org.br\/fjsp\/wp-content\/uploads\/2021\/11\/.jpg-460x306.jpg 460w\" sizes=\"(max-width: 600px) 100vw, 600px\" \/><\/p>\n<p>&nbsp;<\/p>\n<p><em>* \u00c9 poss\u00edvel substituir o salm\u00e3o por Til\u00e1pia.<br \/>\n<\/em><em>*\u00c9 poss\u00edvel usar apenas cogumelos e substituir a manteiga por azeite de oliva para fazer dele um prato vegetariano.<br \/>\n<\/em><em>* Ao usar diferentes cogumelos, a combina\u00e7\u00e3o de sabores deixar\u00e1 o prato ainda mais saboroso.<\/em><\/p>\n<p>&nbsp;<\/p>\n<h4><em><strong>Preparo<\/strong><\/em><\/h4>\n<p><strong>1. Coloque um pouco de sal em ambos os lados do salm\u00e3o e deixe descansar por 5 a 10 minutos, e depois seque com papel toalha. Corte os cogumelos em peda\u00e7os menores e as cebolas em fatias finas, paralelas \u00e0s fibras, e, por fim, corte o lim\u00e3o no meio.<\/strong><\/p>\n<p><em>* Ao secar com papel toalha o l\u00edquido eliminado pelo peixe ao adicionar sal, elimina-se o cheiro de peixe cru.<\/em><br \/>\n<em>*O ideal \u00e9 n\u00e3o lavar os cogumelos na \u00e1gua para preservar seu sabor e delicadeza. Para limpar os cogumelos, passe papel toalha \u00famido na sua superf\u00edcie.<\/em><\/p>\n<p><strong>2. Prepare duas folhas de alum\u00ednio com aproximadamente 30 a 40cm, colocando um em cima da outra. Coloque metade dos ingredientes (suficientes para uma pessoa) no centro, colocando na ordem: cebolas, salm\u00e3o e cogumelos. Tempere com sal e pimenta e, por fim, acrescentar manteiga por cima dos ingredientes. Pegue as laterais das folhas e embrulhe os ingredientes de modo que n\u00e3o deixe nenhuma abertura. Fa\u00e7a outro da mesma forma.<\/strong><\/p>\n<p><img loading=\"lazy\" decoding=\"async\" class=\"img-responsive img-fluid wp-image-18030 aligncenter\" src=\"https:\/\/fjsp.org.br\/fjsp\/wp-content\/uploads\/2021\/11\/-4-scaled.jpg\" alt=\"\" width=\"600\" height=\"399\" srcset=\"https:\/\/fjsp.org.br\/fjsp\/wp-content\/uploads\/2021\/11\/-4-scaled.jpg 2560w, https:\/\/fjsp.org.br\/fjsp\/wp-content\/uploads\/2021\/11\/-4-280x186.jpg 280w, https:\/\/fjsp.org.br\/fjsp\/wp-content\/uploads\/2021\/11\/-4-768x511.jpg 768w, https:\/\/fjsp.org.br\/fjsp\/wp-content\/uploads\/2021\/11\/-4-1536x1021.jpg 1536w, https:\/\/fjsp.org.br\/fjsp\/wp-content\/uploads\/2021\/11\/-4-2048x1362.jpg 2048w, https:\/\/fjsp.org.br\/fjsp\/wp-content\/uploads\/2021\/11\/-4-340x226.jpg 340w, https:\/\/fjsp.org.br\/fjsp\/wp-content\/uploads\/2021\/11\/-4-220x146.jpg 220w, https:\/\/fjsp.org.br\/fjsp\/wp-content\/uploads\/2021\/11\/-4-100x66.jpg 100w, https:\/\/fjsp.org.br\/fjsp\/wp-content\/uploads\/2021\/11\/-4-130x86.jpg 130w, https:\/\/fjsp.org.br\/fjsp\/wp-content\/uploads\/2021\/11\/-4-460x306.jpg 460w\" sizes=\"(max-width: 600px) 100vw, 600px\" \/><\/p>\n<p><img loading=\"lazy\" decoding=\"async\" class=\"img-responsive img-fluid aligncenter wp-image-18028\" src=\"https:\/\/fjsp.org.br\/fjsp\/wp-content\/uploads\/2021\/11\/-2-scaled.jpg\" alt=\"\" width=\"600\" height=\"399\" srcset=\"https:\/\/fjsp.org.br\/fjsp\/wp-content\/uploads\/2021\/11\/-2-scaled.jpg 2560w, https:\/\/fjsp.org.br\/fjsp\/wp-content\/uploads\/2021\/11\/-2-280x186.jpg 280w, https:\/\/fjsp.org.br\/fjsp\/wp-content\/uploads\/2021\/11\/-2-768x511.jpg 768w, https:\/\/fjsp.org.br\/fjsp\/wp-content\/uploads\/2021\/11\/-2-1536x1021.jpg 1536w, https:\/\/fjsp.org.br\/fjsp\/wp-content\/uploads\/2021\/11\/-2-2048x1362.jpg 2048w, https:\/\/fjsp.org.br\/fjsp\/wp-content\/uploads\/2021\/11\/-2-340x226.jpg 340w, https:\/\/fjsp.org.br\/fjsp\/wp-content\/uploads\/2021\/11\/-2-220x146.jpg 220w, https:\/\/fjsp.org.br\/fjsp\/wp-content\/uploads\/2021\/11\/-2-100x66.jpg 100w, https:\/\/fjsp.org.br\/fjsp\/wp-content\/uploads\/2021\/11\/-2-130x86.jpg 130w, https:\/\/fjsp.org.br\/fjsp\/wp-content\/uploads\/2021\/11\/-2-460x306.jpg 460w\" sizes=\"(max-width: 600px) 100vw, 600px\" \/><\/p>\n<p>&nbsp;<\/p>\n<p><em>* Para cada por\u00e7\u00e3o, utilizar duas folhas de alum\u00ednio colocando uma em cima da outra para deixar mais resistente.<br \/>\n<\/em><em>* Se voc\u00ea colocar as cebolas embaixo, o salm\u00e3o n\u00e3o grudar\u00e1 nas folhas mesmo sem colocar \u00f3leo.<br \/>\n<\/em><em>* Ao embrulhar com as folhas de alum\u00ednio, tenha cuidado para que n\u00e3o rasguem. <\/em><\/p>\n<p><strong>3. Coloque os embrulhos na frigideira. Adicione \u00e1gua at\u00e9 cobrir 1cm do fundo da panela, tampe e cozinhe em fogo alto. Ap\u00f3s 2 minutos, quando estiver fervendo, reduza para fogo baixo e cozinhe por mais 15 minutos no vapor.<\/strong><\/p>\n<p><em>* Se n\u00e3o tiver uma tampa, \u00e9 poss\u00edvel usar folha de alum\u00ednio em seu lugar.<br \/>\n<\/em><em>* \u00c9 poss\u00edvel utilizar o forno ou uma churrasqueira no lugar da frigideira. Nesse caso, coloque a folha embrulhada em um local pr\u00e9-aquecido (180-200\u00b0C) e asse por 15 minutos.<br \/>\n<\/em><em>*N\u00e3o cozinhe no micro-ondas, pois pode causar um inc\u00eandio. <\/em><\/p>\n<p><strong>5. Sirva em uma tigela, e acrescente molho de soja e lim\u00e3o um pouco antes de servir.<br \/>\n<\/strong><em>* Ao abrir, tome cuidado para n\u00e3o se queimar com o vapor.<\/em><\/p>\n<p>&nbsp;<\/p>\n<p><img loading=\"lazy\" decoding=\"async\" class=\"img-responsive img-fluid aligncenter wp-image-18027\" src=\"https:\/\/fjsp.org.br\/fjsp\/wp-content\/uploads\/2021\/11\/-1-scaled.jpg\" alt=\"\" width=\"600\" height=\"399\" srcset=\"https:\/\/fjsp.org.br\/fjsp\/wp-content\/uploads\/2021\/11\/-1-scaled.jpg 2560w, https:\/\/fjsp.org.br\/fjsp\/wp-content\/uploads\/2021\/11\/-1-280x186.jpg 280w, https:\/\/fjsp.org.br\/fjsp\/wp-content\/uploads\/2021\/11\/-1-768x511.jpg 768w, https:\/\/fjsp.org.br\/fjsp\/wp-content\/uploads\/2021\/11\/-1-1536x1021.jpg 1536w, https:\/\/fjsp.org.br\/fjsp\/wp-content\/uploads\/2021\/11\/-1-2048x1362.jpg 2048w, https:\/\/fjsp.org.br\/fjsp\/wp-content\/uploads\/2021\/11\/-1-340x226.jpg 340w, https:\/\/fjsp.org.br\/fjsp\/wp-content\/uploads\/2021\/11\/-1-220x146.jpg 220w, https:\/\/fjsp.org.br\/fjsp\/wp-content\/uploads\/2021\/11\/-1-100x66.jpg 100w, https:\/\/fjsp.org.br\/fjsp\/wp-content\/uploads\/2021\/11\/-1-130x86.jpg 130w, https:\/\/fjsp.org.br\/fjsp\/wp-content\/uploads\/2021\/11\/-1-460x306.jpg 460w\" sizes=\"(max-width: 600px) 100vw, 600px\" \/><\/p>\n<p>&nbsp;<\/p>\n<p>&nbsp;<\/p>\n<p><a href=\"https:\/\/fjsp.org.br\/fjsp\/agenda\/japao-em-casa\/\"><img loading=\"lazy\" decoding=\"async\" class=\"img-responsive img-fluid aligncenter size-full wp-image-14575\" src=\"https:\/\/fjsp.org.br\/fjsp\/wp-content\/uploads\/2021\/01\/botao-home-japaoemcasa.jpg\" alt=\"\" width=\"300\" height=\"160\" srcset=\"https:\/\/fjsp.org.br\/fjsp\/wp-content\/uploads\/2021\/01\/botao-home-japaoemcasa.jpg 300w, https:\/\/fjsp.org.br\/fjsp\/wp-content\/uploads\/2021\/01\/botao-home-japaoemcasa-280x149.jpg 280w, https:\/\/fjsp.org.br\/fjsp\/wp-content\/uploads\/2021\/01\/botao-home-japaoemcasa-220x117.jpg 220w, https:\/\/fjsp.org.br\/fjsp\/wp-content\/uploads\/2021\/01\/botao-home-japaoemcasa-100x53.jpg 100w, https:\/\/fjsp.org.br\/fjsp\/wp-content\/uploads\/2021\/01\/botao-home-japaoemcasa-130x69.jpg 130w\" sizes=\"(max-width: 300px) 100vw, 300px\" \/><\/a><\/p>\n","protected":false},"excerpt":{"rendered":"<p>Cogumelos no Jap\u00e3o Objetos em terracota no formato de cogumelos foram encontrados em s\u00edtios arqueol\u00f3gicos do per\u00edodo Jomon, sugerindo que os cogumelos t\u00eam feito parte da vida japonesa desde tempos antigos. Cogumelos como shimeji, shiitake, enoki, maitake e eringi, s\u00e3o considerados um dos alimentos mais consumidos hoje em dia nas fam\u00edlias japonesas. A maioria dos [&hellip;]<\/p>\n","protected":false},"author":34,"featured_media":18068,"parent":0,"menu_order":0,"comment_status":"closed","ping_status":"closed","template":"","meta":{"_acf_changed":false,"footnotes":""},"class_list":["post-18022","page","type-page","status-publish","has-post-thumbnail","hentry"],"acf":[],"_links":{"self":[{"href":"https:\/\/fjsp.org.br\/fjsp\/wp-json\/wp\/v2\/pages\/18022","targetHints":{"allow":["GET"]}}],"collection":[{"href":"https:\/\/fjsp.org.br\/fjsp\/wp-json\/wp\/v2\/pages"}],"about":[{"href":"https:\/\/fjsp.org.br\/fjsp\/wp-json\/wp\/v2\/types\/page"}],"author":[{"embeddable":true,"href":"https:\/\/fjsp.org.br\/fjsp\/wp-json\/wp\/v2\/users\/34"}],"replies":[{"embeddable":true,"href":"https:\/\/fjsp.org.br\/fjsp\/wp-json\/wp\/v2\/comments?post=18022"}],"version-history":[{"count":2,"href":"https:\/\/fjsp.org.br\/fjsp\/wp-json\/wp\/v2\/pages\/18022\/revisions"}],"predecessor-version":[{"id":18069,"href":"https:\/\/fjsp.org.br\/fjsp\/wp-json\/wp\/v2\/pages\/18022\/revisions\/18069"}],"wp:featuredmedia":[{"embeddable":true,"href":"https:\/\/fjsp.org.br\/fjsp\/wp-json\/wp\/v2\/media\/18068"}],"wp:attachment":[{"href":"https:\/\/fjsp.org.br\/fjsp\/wp-json\/wp\/v2\/media?parent=18022"}],"curies":[{"name":"wp","href":"https:\/\/api.w.org\/{rel}","templated":true}]}}