{"id":18192,"date":"2021-11-18T23:47:38","date_gmt":"2021-11-19T02:47:38","guid":{"rendered":"https:\/\/fjsp.org.br\/fjsp\/?page_id=18192"},"modified":"2021-11-23T20:07:48","modified_gmt":"2021-11-23T23:07:48","slug":"mcj2021_its-a-summer-film","status":"publish","type":"page","link":"https:\/\/fjsp.org.br\/fjsp\/mcj2021_its-a-summer-film\/","title":{"rendered":"Mostra de Cinema Japon\u00eas &#8211; It\u2019s a Summer Film! (\u30b5\u30de\u30fc\u30d5\u30a3\u30eb\u30e0\u306b\u306e\u3063\u3066\uff01)"},"content":{"rendered":"<h5 style=\"text-align: right\"><a href=\"https:\/\/fjsp.org.br\/fjsp\/agenda\/mostra-de-cinema-japones-2021\/\"><strong>P\u00e1gina inicial<\/strong><\/a><\/h5>\n<p>&nbsp;<\/p>\n<div class='cleaner'><\/div>\n<div class='videoWrapper embed-responsive embed-responsive-16by9 ratio ratio-16x9'><iframe title=\"8\u67086\u65e5(\u91d1)\u516c\u958b\u300e\u30b5\u30de\u30fc\u30d5\u30a3\u30eb\u30e0\u306b\u306e\u3063\u3066\u300f\u672c\u4e88\u544a\" width=\"700\" height=\"394\" src=\"https:\/\/www.youtube.com\/embed\/d335TxPwOEY?feature=oembed\" frameborder=\"0\" allow=\"accelerometer; autoplay; clipboard-write; encrypted-media; gyroscope; picture-in-picture\" allowfullscreen><\/iframe><\/div>\n<p>&nbsp;<\/p>\n<h3 style=\"text-align: center\"><strong>Exibi\u00e7\u00f5es<\/strong><\/h3>\n<p style=\"text-align: center\"><strong>9 de dezembro (quinta-feira) &#8211; 16h30\u00a0<\/strong><\/p>\n<p style=\"text-align: center\"><strong>11 de dezembro (s\u00e1bado) &#8211; 14h30<\/strong><\/p>\n<p>&nbsp;<\/p>\n<h2><strong>It\u2019s a Summer Film! <\/strong><\/h2>\n<h4><strong>\u30b5\u30de\u30fc\u30d5\u30a3\u30eb\u30e0\u306b\u306e\u3063\u3066\uff01(<em>Samaa Firumu ni notte<\/em>)<\/strong><\/h4>\n<h5><strong>Um filme de ver\u00e3o!<\/strong><\/h5>\n<p>&nbsp;<\/p>\n<p>Hadashi, uma estudante do ensino m\u00e9dio, \u00e9 obcecada por antigos filmes japoneses de samurai. Quando seu clube de cinema rejeita o projeto que ela havia proposto, de um filme de samurai, ela decide reunir seus amigos e fazer a grava\u00e7\u00e3o por conta pr\u00f3pria. Ela convence um jovem relutante a ser o protagonista, por\u00e9m, conforme o desenrolar da grava\u00e7\u00e3o, eles se deparam com um problema ap\u00f3s o outro. Ser\u00e1 que eles v\u00e3o conseguir terminar o filme? Al\u00e9m disso, ser\u00e1 que esse jovem pode ter vindo do futuro?<br \/>\nUma obra-prima inovadora sobre o processo de amadurecimento, com elementos de fic\u00e7\u00e3o cient\u00edfica e uma vis\u00e3o in\u00e9dita sobre os jovens que levam o cinema a s\u00e9rio. Um filme repleto de a\u00e7\u00e3o, romance e suspense \u2014 uma obra com tanta paix\u00e3o pelo cinema que encantar\u00e1 todos os f\u00e3 da s\u00e9tima arte. Marika Ito, artista ativa que \u00e9 ex-participante de um famoso grupo de idol, interpreta a din\u00e2mica Hadashi e todo o seu charme ganha destaque no filme. Aguarde a emocionante final!<\/p>\n<p>&nbsp;<\/p>\n<p><img fetchpriority=\"high\" decoding=\"async\" class=\"img-responsive img-fluid wp-image-18194 size-full aligncenter\" src=\"https:\/\/fjsp.org.br\/fjsp\/wp-content\/uploads\/2021\/11\/imagens-its-summer-pic-1.png\" alt=\"\" width=\"2500\" height=\"522\" srcset=\"https:\/\/fjsp.org.br\/fjsp\/wp-content\/uploads\/2021\/11\/imagens-its-summer-pic-1.png 2500w, https:\/\/fjsp.org.br\/fjsp\/wp-content\/uploads\/2021\/11\/imagens-its-summer-pic-1-280x58.png 280w, https:\/\/fjsp.org.br\/fjsp\/wp-content\/uploads\/2021\/11\/imagens-its-summer-pic-1-768x160.png 768w, https:\/\/fjsp.org.br\/fjsp\/wp-content\/uploads\/2021\/11\/imagens-its-summer-pic-1-1536x321.png 1536w, https:\/\/fjsp.org.br\/fjsp\/wp-content\/uploads\/2021\/11\/imagens-its-summer-pic-1-2048x428.png 2048w, https:\/\/fjsp.org.br\/fjsp\/wp-content\/uploads\/2021\/11\/imagens-its-summer-pic-1-340x71.png 340w, https:\/\/fjsp.org.br\/fjsp\/wp-content\/uploads\/2021\/11\/imagens-its-summer-pic-1-220x46.png 220w, https:\/\/fjsp.org.br\/fjsp\/wp-content\/uploads\/2021\/11\/imagens-its-summer-pic-1-100x21.png 100w, https:\/\/fjsp.org.br\/fjsp\/wp-content\/uploads\/2021\/11\/imagens-its-summer-pic-1-130x27.png 130w, https:\/\/fjsp.org.br\/fjsp\/wp-content\/uploads\/2021\/11\/imagens-its-summer-pic-1-460x96.png 460w\" sizes=\"(max-width: 2500px) 100vw, 2500px\" \/><\/p>\n<p>&nbsp;<\/p>\n<p><strong>Ano: <\/strong>2021<\/p>\n<p><strong>Dura\u00e7\u00e3o: <\/strong>97 min<\/p>\n<p><strong>Classifica\u00e7\u00e3o: <\/strong>Livre<strong><br \/>\n<\/strong><\/p>\n<p><strong>Dire\u00e7\u00e3o:<\/strong> Soushi Matsumoto<\/p>\n<p><strong>Roteiro:<\/strong>Naoyuki Miura, Soushi Matsumoto<\/p>\n<p><strong>Elenco<\/strong><br \/>\nMarika Ito<br \/>\nDaichi Kaneko<br \/>\nYuumi Kawai<br \/>\nKilala Inori<br \/>\nShunya Itabashi<br \/>\nSeiichi Kohinata<br \/>\nEikichi Ikeda<br \/>\nRyo Shinoda<br \/>\nMahiru Coda<\/p>\n<p><strong><a href=\"http:\/\/phantom-film.com\/summerfilm\/\" target=\"_blank\" rel=\"noopener\">site<\/a><\/strong><\/p>\n<p>&nbsp;<\/p>\n<h3><strong>FILMES<\/strong><\/h3>\n<p><a href=\"https:\/\/fjsp.org.br\/fjsp\/mcj2021_the-night-beyond-the-tricornered-window\/\"><img decoding=\"async\" class=\"img-responsive img-fluid alignnone wp-image-18169\" src=\"https:\/\/fjsp.org.br\/fjsp\/wp-content\/uploads\/2021\/11\/poster-sankaku-poster.png\" alt=\"\" width=\"170\" height=\"272\" srcset=\"https:\/\/fjsp.org.br\/fjsp\/wp-content\/uploads\/2021\/11\/poster-sankaku-poster.png 1043w, https:\/\/fjsp.org.br\/fjsp\/wp-content\/uploads\/2021\/11\/poster-sankaku-poster-280x448.png 280w, https:\/\/fjsp.org.br\/fjsp\/wp-content\/uploads\/2021\/11\/poster-sankaku-poster-768x1227.png 768w, https:\/\/fjsp.org.br\/fjsp\/wp-content\/uploads\/2021\/11\/poster-sankaku-poster-961x1536.png 961w, https:\/\/fjsp.org.br\/fjsp\/wp-content\/uploads\/2021\/11\/poster-sankaku-poster-340x543.png 340w, https:\/\/fjsp.org.br\/fjsp\/wp-content\/uploads\/2021\/11\/poster-sankaku-poster-220x352.png 220w, https:\/\/fjsp.org.br\/fjsp\/wp-content\/uploads\/2021\/11\/poster-sankaku-poster-100x160.png 100w, https:\/\/fjsp.org.br\/fjsp\/wp-content\/uploads\/2021\/11\/poster-sankaku-poster-130x208.png 130w, https:\/\/fjsp.org.br\/fjsp\/wp-content\/uploads\/2021\/11\/poster-sankaku-poster-460x735.png 460w\" sizes=\"(max-width: 170px) 100vw, 170px\" \/><\/a><a href=\"https:\/\/fjsp.org.br\/fjsp\/mcj2021_under-the-open-sky\/\"><img decoding=\"async\" class=\"img-responsive img-fluid alignnone wp-image-18171\" src=\"https:\/\/fjsp.org.br\/fjsp\/wp-content\/uploads\/2021\/11\/poster-under-poster.png\" alt=\"\" width=\"170\" height=\"272\" srcset=\"https:\/\/fjsp.org.br\/fjsp\/wp-content\/uploads\/2021\/11\/poster-under-poster.png 1043w, https:\/\/fjsp.org.br\/fjsp\/wp-content\/uploads\/2021\/11\/poster-under-poster-280x448.png 280w, https:\/\/fjsp.org.br\/fjsp\/wp-content\/uploads\/2021\/11\/poster-under-poster-768x1227.png 768w, https:\/\/fjsp.org.br\/fjsp\/wp-content\/uploads\/2021\/11\/poster-under-poster-961x1536.png 961w, https:\/\/fjsp.org.br\/fjsp\/wp-content\/uploads\/2021\/11\/poster-under-poster-340x543.png 340w, https:\/\/fjsp.org.br\/fjsp\/wp-content\/uploads\/2021\/11\/poster-under-poster-220x352.png 220w, https:\/\/fjsp.org.br\/fjsp\/wp-content\/uploads\/2021\/11\/poster-under-poster-100x160.png 100w, https:\/\/fjsp.org.br\/fjsp\/wp-content\/uploads\/2021\/11\/poster-under-poster-130x208.png 130w, https:\/\/fjsp.org.br\/fjsp\/wp-content\/uploads\/2021\/11\/poster-under-poster-460x735.png 460w\" sizes=\"(max-width: 170px) 100vw, 170px\" \/><\/a><a href=\"https:\/\/fjsp.org.br\/fjsp\/mcj2021_liar-x-liar\/\"><img loading=\"lazy\" decoding=\"async\" class=\"img-responsive img-fluid alignnone wp-image-18166\" src=\"https:\/\/fjsp.org.br\/fjsp\/wp-content\/uploads\/2021\/11\/poster-liar-poster.png\" alt=\"\" width=\"170\" height=\"272\" srcset=\"https:\/\/fjsp.org.br\/fjsp\/wp-content\/uploads\/2021\/11\/poster-liar-poster.png 1042w, https:\/\/fjsp.org.br\/fjsp\/wp-content\/uploads\/2021\/11\/poster-liar-poster-280x448.png 280w, https:\/\/fjsp.org.br\/fjsp\/wp-content\/uploads\/2021\/11\/poster-liar-poster-768x1229.png 768w, https:\/\/fjsp.org.br\/fjsp\/wp-content\/uploads\/2021\/11\/poster-liar-poster-960x1536.png 960w, https:\/\/fjsp.org.br\/fjsp\/wp-content\/uploads\/2021\/11\/poster-liar-poster-340x544.png 340w, https:\/\/fjsp.org.br\/fjsp\/wp-content\/uploads\/2021\/11\/poster-liar-poster-220x352.png 220w, https:\/\/fjsp.org.br\/fjsp\/wp-content\/uploads\/2021\/11\/poster-liar-poster-100x160.png 100w, https:\/\/fjsp.org.br\/fjsp\/wp-content\/uploads\/2021\/11\/poster-liar-poster-130x208.png 130w, https:\/\/fjsp.org.br\/fjsp\/wp-content\/uploads\/2021\/11\/poster-liar-poster-460x736.png 460w\" sizes=\"(max-width: 170px) 100vw, 170px\" \/><\/a><a href=\"https:\/\/fjsp.org.br\/fjsp\/mcj2021_poupelle-of-chimney-town\/\"><img loading=\"lazy\" decoding=\"async\" class=\"img-responsive img-fluid alignnone wp-image-18168\" src=\"https:\/\/fjsp.org.br\/fjsp\/wp-content\/uploads\/2021\/11\/poster-poupele-poster.png\" alt=\"\" width=\"170\" height=\"272\" srcset=\"https:\/\/fjsp.org.br\/fjsp\/wp-content\/uploads\/2021\/11\/poster-poupele-poster.png 1042w, https:\/\/fjsp.org.br\/fjsp\/wp-content\/uploads\/2021\/11\/poster-poupele-poster-280x448.png 280w, https:\/\/fjsp.org.br\/fjsp\/wp-content\/uploads\/2021\/11\/poster-poupele-poster-768x1229.png 768w, https:\/\/fjsp.org.br\/fjsp\/wp-content\/uploads\/2021\/11\/poster-poupele-poster-960x1536.png 960w, https:\/\/fjsp.org.br\/fjsp\/wp-content\/uploads\/2021\/11\/poster-poupele-poster-340x544.png 340w, https:\/\/fjsp.org.br\/fjsp\/wp-content\/uploads\/2021\/11\/poster-poupele-poster-220x352.png 220w, https:\/\/fjsp.org.br\/fjsp\/wp-content\/uploads\/2021\/11\/poster-poupele-poster-100x160.png 100w, https:\/\/fjsp.org.br\/fjsp\/wp-content\/uploads\/2021\/11\/poster-poupele-poster-130x208.png 130w, https:\/\/fjsp.org.br\/fjsp\/wp-content\/uploads\/2021\/11\/poster-poupele-poster-460x736.png 460w\" sizes=\"(max-width: 170px) 100vw, 170px\" \/><\/a><a href=\"https:\/\/fjsp.org.br\/fjsp\/mcj2021_mios-cookbook\/\"><img loading=\"lazy\" decoding=\"async\" class=\"img-responsive img-fluid alignnone wp-image-18167\" src=\"https:\/\/fjsp.org.br\/fjsp\/wp-content\/uploads\/2021\/11\/poster-mio-poster.png\" alt=\"\" width=\"170\" height=\"272\" srcset=\"https:\/\/fjsp.org.br\/fjsp\/wp-content\/uploads\/2021\/11\/poster-mio-poster.png 1043w, https:\/\/fjsp.org.br\/fjsp\/wp-content\/uploads\/2021\/11\/poster-mio-poster-280x448.png 280w, https:\/\/fjsp.org.br\/fjsp\/wp-content\/uploads\/2021\/11\/poster-mio-poster-768x1227.png 768w, https:\/\/fjsp.org.br\/fjsp\/wp-content\/uploads\/2021\/11\/poster-mio-poster-961x1536.png 961w, https:\/\/fjsp.org.br\/fjsp\/wp-content\/uploads\/2021\/11\/poster-mio-poster-340x543.png 340w, https:\/\/fjsp.org.br\/fjsp\/wp-content\/uploads\/2021\/11\/poster-mio-poster-220x352.png 220w, https:\/\/fjsp.org.br\/fjsp\/wp-content\/uploads\/2021\/11\/poster-mio-poster-100x160.png 100w, https:\/\/fjsp.org.br\/fjsp\/wp-content\/uploads\/2021\/11\/poster-mio-poster-130x208.png 130w, https:\/\/fjsp.org.br\/fjsp\/wp-content\/uploads\/2021\/11\/poster-mio-poster-460x735.png 460w\" sizes=\"(max-width: 170px) 100vw, 170px\" \/><\/a><a href=\"https:\/\/fjsp.org.br\/fjsp\/mcj2021_hokusai\/\"><img loading=\"lazy\" decoding=\"async\" class=\"img-responsive img-fluid alignnone wp-image-18244\" src=\"https:\/\/fjsp.org.br\/fjsp\/wp-content\/uploads\/2021\/11\/poster-hokusai-poster.png\" alt=\"\" width=\"170\" height=\"272\" srcset=\"https:\/\/fjsp.org.br\/fjsp\/wp-content\/uploads\/2021\/11\/poster-hokusai-poster.png 1042w, https:\/\/fjsp.org.br\/fjsp\/wp-content\/uploads\/2021\/11\/poster-hokusai-poster-280x448.png 280w, https:\/\/fjsp.org.br\/fjsp\/wp-content\/uploads\/2021\/11\/poster-hokusai-poster-768x1229.png 768w, https:\/\/fjsp.org.br\/fjsp\/wp-content\/uploads\/2021\/11\/poster-hokusai-poster-960x1536.png 960w, https:\/\/fjsp.org.br\/fjsp\/wp-content\/uploads\/2021\/11\/poster-hokusai-poster-340x544.png 340w, https:\/\/fjsp.org.br\/fjsp\/wp-content\/uploads\/2021\/11\/poster-hokusai-poster-220x352.png 220w, https:\/\/fjsp.org.br\/fjsp\/wp-content\/uploads\/2021\/11\/poster-hokusai-poster-100x160.png 100w, https:\/\/fjsp.org.br\/fjsp\/wp-content\/uploads\/2021\/11\/poster-hokusai-poster-130x208.png 130w, https:\/\/fjsp.org.br\/fjsp\/wp-content\/uploads\/2021\/11\/poster-hokusai-poster-460x736.png 460w\" sizes=\"(max-width: 170px) 100vw, 170px\" \/><\/a><a href=\"https:\/\/fjsp.org.br\/fjsp\/mcj2021_kamen-rider-zero-one-realxtime\/\"><img loading=\"lazy\" decoding=\"async\" class=\"img-responsive img-fluid alignnone wp-image-18245\" src=\"https:\/\/fjsp.org.br\/fjsp\/wp-content\/uploads\/2021\/11\/poster-kamen-poster.png\" alt=\"\" width=\"170\" height=\"272\" srcset=\"https:\/\/fjsp.org.br\/fjsp\/wp-content\/uploads\/2021\/11\/poster-kamen-poster.png 1043w, https:\/\/fjsp.org.br\/fjsp\/wp-content\/uploads\/2021\/11\/poster-kamen-poster-280x448.png 280w, https:\/\/fjsp.org.br\/fjsp\/wp-content\/uploads\/2021\/11\/poster-kamen-poster-768x1228.png 768w, https:\/\/fjsp.org.br\/fjsp\/wp-content\/uploads\/2021\/11\/poster-kamen-poster-960x1536.png 960w, https:\/\/fjsp.org.br\/fjsp\/wp-content\/uploads\/2021\/11\/poster-kamen-poster-340x544.png 340w, https:\/\/fjsp.org.br\/fjsp\/wp-content\/uploads\/2021\/11\/poster-kamen-poster-220x352.png 220w, https:\/\/fjsp.org.br\/fjsp\/wp-content\/uploads\/2021\/11\/poster-kamen-poster-100x160.png 100w, https:\/\/fjsp.org.br\/fjsp\/wp-content\/uploads\/2021\/11\/poster-kamen-poster-130x208.png 130w, https:\/\/fjsp.org.br\/fjsp\/wp-content\/uploads\/2021\/11\/poster-kamen-poster-460x736.png 460w\" sizes=\"(max-width: 170px) 100vw, 170px\" \/><\/a><a href=\"https:\/\/fjsp.org.br\/fjsp\/mcj2021_office-royale\/\"><img loading=\"lazy\" decoding=\"async\" class=\"img-responsive img-fluid alignnone wp-image-18247\" src=\"https:\/\/fjsp.org.br\/fjsp\/wp-content\/uploads\/2021\/11\/poster-office-poster.png\" alt=\"\" width=\"170\" height=\"272\" srcset=\"https:\/\/fjsp.org.br\/fjsp\/wp-content\/uploads\/2021\/11\/poster-office-poster.png 1043w, https:\/\/fjsp.org.br\/fjsp\/wp-content\/uploads\/2021\/11\/poster-office-poster-280x448.png 280w, https:\/\/fjsp.org.br\/fjsp\/wp-content\/uploads\/2021\/11\/poster-office-poster-768x1228.png 768w, https:\/\/fjsp.org.br\/fjsp\/wp-content\/uploads\/2021\/11\/poster-office-poster-960x1536.png 960w, https:\/\/fjsp.org.br\/fjsp\/wp-content\/uploads\/2021\/11\/poster-office-poster-340x544.png 340w, https:\/\/fjsp.org.br\/fjsp\/wp-content\/uploads\/2021\/11\/poster-office-poster-220x352.png 220w, https:\/\/fjsp.org.br\/fjsp\/wp-content\/uploads\/2021\/11\/poster-office-poster-100x160.png 100w, https:\/\/fjsp.org.br\/fjsp\/wp-content\/uploads\/2021\/11\/poster-office-poster-130x208.png 130w, https:\/\/fjsp.org.br\/fjsp\/wp-content\/uploads\/2021\/11\/poster-office-poster-460x736.png 460w\" sizes=\"(max-width: 170px) 100vw, 170px\" \/><\/a><a href=\"https:\/\/fjsp.org.br\/fjsp\/mcj2021_the-promised-neverland\/\"><img loading=\"lazy\" decoding=\"async\" class=\"img-responsive img-fluid alignnone wp-image-18242\" src=\"https:\/\/fjsp.org.br\/fjsp\/wp-content\/uploads\/2021\/11\/poster-promised-poster.png\" alt=\"\" width=\"170\" height=\"272\" srcset=\"https:\/\/fjsp.org.br\/fjsp\/wp-content\/uploads\/2021\/11\/poster-promised-poster.png 1043w, https:\/\/fjsp.org.br\/fjsp\/wp-content\/uploads\/2021\/11\/poster-promised-poster-280x448.png 280w, https:\/\/fjsp.org.br\/fjsp\/wp-content\/uploads\/2021\/11\/poster-promised-poster-768x1228.png 768w, https:\/\/fjsp.org.br\/fjsp\/wp-content\/uploads\/2021\/11\/poster-promised-poster-960x1536.png 960w, https:\/\/fjsp.org.br\/fjsp\/wp-content\/uploads\/2021\/11\/poster-promised-poster-340x544.png 340w, https:\/\/fjsp.org.br\/fjsp\/wp-content\/uploads\/2021\/11\/poster-promised-poster-220x352.png 220w, https:\/\/fjsp.org.br\/fjsp\/wp-content\/uploads\/2021\/11\/poster-promised-poster-100x160.png 100w, https:\/\/fjsp.org.br\/fjsp\/wp-content\/uploads\/2021\/11\/poster-promised-poster-130x208.png 130w, https:\/\/fjsp.org.br\/fjsp\/wp-content\/uploads\/2021\/11\/poster-promised-poster-460x736.png 460w\" sizes=\"(max-width: 170px) 100vw, 170px\" \/><\/a><a href=\"https:\/\/fjsp.org.br\/fjsp\/mcj2021_the-mole-song-undercover-agent-reiji\/\"><img loading=\"lazy\" decoding=\"async\" class=\"img-responsive img-fluid alignnone wp-image-18246\" src=\"https:\/\/fjsp.org.br\/fjsp\/wp-content\/uploads\/2021\/11\/poster-mole-poster.png\" alt=\"\" width=\"170\" height=\"272\" srcset=\"https:\/\/fjsp.org.br\/fjsp\/wp-content\/uploads\/2021\/11\/poster-mole-poster.png 1042w, https:\/\/fjsp.org.br\/fjsp\/wp-content\/uploads\/2021\/11\/poster-mole-poster-280x448.png 280w, https:\/\/fjsp.org.br\/fjsp\/wp-content\/uploads\/2021\/11\/poster-mole-poster-768x1229.png 768w, https:\/\/fjsp.org.br\/fjsp\/wp-content\/uploads\/2021\/11\/poster-mole-poster-960x1536.png 960w, https:\/\/fjsp.org.br\/fjsp\/wp-content\/uploads\/2021\/11\/poster-mole-poster-340x544.png 340w, https:\/\/fjsp.org.br\/fjsp\/wp-content\/uploads\/2021\/11\/poster-mole-poster-220x352.png 220w, https:\/\/fjsp.org.br\/fjsp\/wp-content\/uploads\/2021\/11\/poster-mole-poster-100x160.png 100w, https:\/\/fjsp.org.br\/fjsp\/wp-content\/uploads\/2021\/11\/poster-mole-poster-130x208.png 130w, https:\/\/fjsp.org.br\/fjsp\/wp-content\/uploads\/2021\/11\/poster-mole-poster-460x736.png 460w\" sizes=\"(max-width: 170px) 100vw, 170px\" \/><\/a><a href=\"https:\/\/fjsp.org.br\/fjsp\/mcj2021_peaceful-death\/\" target=\"_blank\" rel=\"noopener\"><img loading=\"lazy\" decoding=\"async\" class=\"img-responsive img-fluid alignnone wp-image-18243\" src=\"https:\/\/fjsp.org.br\/fjsp\/wp-content\/uploads\/2021\/11\/poster-despedida-poster.png\" alt=\"\" width=\"170\" height=\"272\" srcset=\"https:\/\/fjsp.org.br\/fjsp\/wp-content\/uploads\/2021\/11\/poster-despedida-poster.png 1042w, https:\/\/fjsp.org.br\/fjsp\/wp-content\/uploads\/2021\/11\/poster-despedida-poster-280x448.png 280w, https:\/\/fjsp.org.br\/fjsp\/wp-content\/uploads\/2021\/11\/poster-despedida-poster-768x1229.png 768w, https:\/\/fjsp.org.br\/fjsp\/wp-content\/uploads\/2021\/11\/poster-despedida-poster-960x1536.png 960w, https:\/\/fjsp.org.br\/fjsp\/wp-content\/uploads\/2021\/11\/poster-despedida-poster-340x544.png 340w, https:\/\/fjsp.org.br\/fjsp\/wp-content\/uploads\/2021\/11\/poster-despedida-poster-220x352.png 220w, https:\/\/fjsp.org.br\/fjsp\/wp-content\/uploads\/2021\/11\/poster-despedida-poster-100x160.png 100w, https:\/\/fjsp.org.br\/fjsp\/wp-content\/uploads\/2021\/11\/poster-despedida-poster-130x208.png 130w, https:\/\/fjsp.org.br\/fjsp\/wp-content\/uploads\/2021\/11\/poster-despedida-poster-460x736.png 460w\" sizes=\"(max-width: 170px) 100vw, 170px\" \/><\/a><\/p>\n<p>&nbsp;<\/p>\n","protected":false},"excerpt":{"rendered":"<p>P\u00e1gina inicial &nbsp; &nbsp; Exibi\u00e7\u00f5es 9 de dezembro (quinta-feira) &#8211; 16h30\u00a0 11 de dezembro (s\u00e1bado) &#8211; 14h30 &nbsp; It\u2019s a Summer Film! \u30b5\u30de\u30fc\u30d5\u30a3\u30eb\u30e0\u306b\u306e\u3063\u3066\uff01(Samaa Firumu ni notte) Um filme de ver\u00e3o! &nbsp; Hadashi, uma estudante do ensino m\u00e9dio, \u00e9 obcecada por antigos filmes japoneses de samurai. Quando seu clube de cinema rejeita o projeto que ela [&hellip;]<\/p>\n","protected":false},"author":34,"featured_media":0,"parent":0,"menu_order":0,"comment_status":"closed","ping_status":"closed","template":"","meta":{"_acf_changed":false,"footnotes":""},"class_list":["post-18192","page","type-page","status-publish","hentry"],"acf":[],"_links":{"self":[{"href":"https:\/\/fjsp.org.br\/fjsp\/wp-json\/wp\/v2\/pages\/18192","targetHints":{"allow":["GET"]}}],"collection":[{"href":"https:\/\/fjsp.org.br\/fjsp\/wp-json\/wp\/v2\/pages"}],"about":[{"href":"https:\/\/fjsp.org.br\/fjsp\/wp-json\/wp\/v2\/types\/page"}],"author":[{"embeddable":true,"href":"https:\/\/fjsp.org.br\/fjsp\/wp-json\/wp\/v2\/users\/34"}],"replies":[{"embeddable":true,"href":"https:\/\/fjsp.org.br\/fjsp\/wp-json\/wp\/v2\/comments?post=18192"}],"version-history":[{"count":2,"href":"https:\/\/fjsp.org.br\/fjsp\/wp-json\/wp\/v2\/pages\/18192\/revisions"}],"predecessor-version":[{"id":18358,"href":"https:\/\/fjsp.org.br\/fjsp\/wp-json\/wp\/v2\/pages\/18192\/revisions\/18358"}],"wp:attachment":[{"href":"https:\/\/fjsp.org.br\/fjsp\/wp-json\/wp\/v2\/media?parent=18192"}],"curies":[{"name":"wp","href":"https:\/\/api.w.org\/{rel}","templated":true}]}}