{"id":18196,"date":"2021-11-18T23:47:40","date_gmt":"2021-11-19T02:47:40","guid":{"rendered":"https:\/\/fjsp.org.br\/fjsp\/?page_id=18196"},"modified":"2021-11-23T19:27:58","modified_gmt":"2021-11-23T22:27:58","slug":"mcj2021_under-the-open-sky","status":"publish","type":"page","link":"https:\/\/fjsp.org.br\/fjsp\/mcj2021_under-the-open-sky\/","title":{"rendered":"Mostra de Cinema Japon\u00eas &#8211; Under the Open Sky (\u3059\u3070\u3089\u3057\u304d\u4e16\u754c)"},"content":{"rendered":"<h5 style=\"text-align: right\"><a href=\"https:\/\/fjsp.org.br\/fjsp\/agenda\/mostra-de-cinema-japones-2021\/\"><strong>P\u00e1gina inicial<\/strong><\/a><\/h5>\n<p>&nbsp;<\/p>\n<div class='cleaner'><\/div>\n<div class='videoWrapper embed-responsive embed-responsive-16by9 ratio ratio-16x9'><iframe title=\"\u6620\u753b\u300e\u3059\u3070\u3089\u3057\u304d\u4e16\u754c\u300f\u672c\u4e88\u544a 2021\u5e742\u670811\u65e5\uff08\u6728\u30fb\u795d\uff09\u516c\u958b\" width=\"700\" height=\"394\" src=\"https:\/\/www.youtube.com\/embed\/fBmHNlypE1E?feature=oembed\" frameborder=\"0\" allow=\"accelerometer; autoplay; clipboard-write; encrypted-media; gyroscope; picture-in-picture\" allowfullscreen><\/iframe><\/div>\n<p>&nbsp;<\/p>\n<h3 style=\"text-align: center\"><strong>Exibi\u00e7\u00f5es<\/strong><\/h3>\n<p style=\"text-align: center\"><strong>5 de dezembro (domingo) &#8211; 11h30\u00a0<\/strong><\/p>\n<p style=\"text-align: center\"><strong>12 de dezembro (domingo) &#8211; 20h00<\/strong><\/p>\n<p>&nbsp;<\/p>\n<h2><strong>Under the Open Sky<\/strong><\/h2>\n<h4><strong>\u3059\u3070\u3089\u3057\u304d\u4e16\u754c (<em>Subarashiki Sekai<\/em>)<\/strong><\/h4>\n<h5><strong>Sob o c\u00e9u aberto<\/strong><\/h5>\n<p>&nbsp;<\/p>\n<p>Mikami, um ex-membro da Yakuza, \u00e9 libertado da pris\u00e3o ap\u00f3s cumprir uma pena de 13 anos. Ele est\u00e1 determinado a levar uma vida honesta, mas tem dificuldade para encontrar um emprego. Ele quer tirar sua carteira de habilita\u00e7\u00e3o, mas n\u00e3o tem dinheiro para fazer isso e seu temperamento dif\u00edcil tamb\u00e9m vive atrapalhando. Ser\u00e1 que Mikami voltar\u00e1 aos seus velhos h\u00e1bitos da Yakuza ou conseguir\u00e1 se firmar na sociedade?<br \/>\nUm drama humanista que questiona se as pessoas s\u00e3o capazes de mudar, ao mesmo tempo em que retrata corajosamente a dura realidade de uma sociedade contempor\u00e2nea intolerante. Koji Yakusho, que interpreta o protagonista, \u00e9 um dos atores ativos mais famosos do Jap\u00e3o. Tamanha \u00e9 sua desenvoltura neste papel, como um homem tomado pelas emo\u00e7\u00f5es que busca se reinventar, que essa atua\u00e7\u00e3o brilhante com certeza se tornar\u00e1 um dos destaques de sua carreira. Miwa Nishikawa tamb\u00e9m \u00e9 uma das principais diretoras do Jap\u00e3o, com lan\u00e7amentos ansiosamente aguardados por todo o mundo.<\/p>\n<p>&nbsp;<\/p>\n<p><img fetchpriority=\"high\" decoding=\"async\" class=\"img-responsive img-fluid wp-image-18199 size-full aligncenter\" src=\"https:\/\/fjsp.org.br\/fjsp\/wp-content\/uploads\/2021\/11\/imagens-under-pic.png\" alt=\"\" width=\"2500\" height=\"522\" srcset=\"https:\/\/fjsp.org.br\/fjsp\/wp-content\/uploads\/2021\/11\/imagens-under-pic.png 2500w, https:\/\/fjsp.org.br\/fjsp\/wp-content\/uploads\/2021\/11\/imagens-under-pic-280x58.png 280w, https:\/\/fjsp.org.br\/fjsp\/wp-content\/uploads\/2021\/11\/imagens-under-pic-768x160.png 768w, https:\/\/fjsp.org.br\/fjsp\/wp-content\/uploads\/2021\/11\/imagens-under-pic-1536x321.png 1536w, https:\/\/fjsp.org.br\/fjsp\/wp-content\/uploads\/2021\/11\/imagens-under-pic-2048x428.png 2048w, https:\/\/fjsp.org.br\/fjsp\/wp-content\/uploads\/2021\/11\/imagens-under-pic-340x71.png 340w, https:\/\/fjsp.org.br\/fjsp\/wp-content\/uploads\/2021\/11\/imagens-under-pic-220x46.png 220w, https:\/\/fjsp.org.br\/fjsp\/wp-content\/uploads\/2021\/11\/imagens-under-pic-100x21.png 100w, https:\/\/fjsp.org.br\/fjsp\/wp-content\/uploads\/2021\/11\/imagens-under-pic-130x27.png 130w, https:\/\/fjsp.org.br\/fjsp\/wp-content\/uploads\/2021\/11\/imagens-under-pic-460x96.png 460w\" sizes=\"(max-width: 2500px) 100vw, 2500px\" \/><\/p>\n<p>&nbsp;<\/p>\n<p><strong>Ano: <\/strong>2021<\/p>\n<p><strong>Dura\u00e7\u00e3o: <\/strong>126 min<\/p>\n<p><strong>Classifica\u00e7\u00e3o: <\/strong>14 anos<strong><br \/>\n<\/strong><\/p>\n<p><strong>Dire\u00e7\u00e3o: <\/strong>Miwa Nishikawa<\/p>\n<p><strong>Roteiro: <\/strong>Miwa Nishikawa<\/p>\n<p>Baseado no romance &#8220;Mibuncho&#8221;, escrito por Ryuzo Saki<\/p>\n<p><strong>Elenco<\/strong><br \/>\nKoji Yakusho<br \/>\nTaiga Nakano<br \/>\nSeiji Rokkaku<br \/>\nYukiya Kitamura<br \/>\nHakuryu<br \/>\nKIMURA<br \/>\nMidoriko<br \/>\nMasami Nagasawa<br \/>\nNarumi Yasuda<br \/>\nMeiko Kaji<br \/>\nIsao Hashizume<\/p>\n<p><strong><a href=\"https:\/\/wwws.warnerbros.co.jp\/subarashikisekai\/\" target=\"_blank\" rel=\"noopener\">site<\/a><\/strong><\/p>\n<p>&nbsp;<\/p>\n<h3><strong>FILMES<\/strong><\/h3>\n<p><a href=\"https:\/\/fjsp.org.br\/fjsp\/mcj2021_the-night-beyond-the-tricornered-window\/\"><img decoding=\"async\" class=\"img-responsive img-fluid alignnone wp-image-18169\" src=\"https:\/\/fjsp.org.br\/fjsp\/wp-content\/uploads\/2021\/11\/poster-sankaku-poster.png\" alt=\"\" width=\"170\" height=\"272\" srcset=\"https:\/\/fjsp.org.br\/fjsp\/wp-content\/uploads\/2021\/11\/poster-sankaku-poster.png 1043w, https:\/\/fjsp.org.br\/fjsp\/wp-content\/uploads\/2021\/11\/poster-sankaku-poster-280x448.png 280w, https:\/\/fjsp.org.br\/fjsp\/wp-content\/uploads\/2021\/11\/poster-sankaku-poster-768x1227.png 768w, https:\/\/fjsp.org.br\/fjsp\/wp-content\/uploads\/2021\/11\/poster-sankaku-poster-961x1536.png 961w, https:\/\/fjsp.org.br\/fjsp\/wp-content\/uploads\/2021\/11\/poster-sankaku-poster-340x543.png 340w, https:\/\/fjsp.org.br\/fjsp\/wp-content\/uploads\/2021\/11\/poster-sankaku-poster-220x352.png 220w, https:\/\/fjsp.org.br\/fjsp\/wp-content\/uploads\/2021\/11\/poster-sankaku-poster-100x160.png 100w, https:\/\/fjsp.org.br\/fjsp\/wp-content\/uploads\/2021\/11\/poster-sankaku-poster-130x208.png 130w, https:\/\/fjsp.org.br\/fjsp\/wp-content\/uploads\/2021\/11\/poster-sankaku-poster-460x735.png 460w\" sizes=\"(max-width: 170px) 100vw, 170px\" \/><\/a><a href=\"https:\/\/fjsp.org.br\/fjsp\/mcj2021_its-a-summer-film\/\"><img decoding=\"async\" class=\"img-responsive img-fluid alignnone wp-image-18170\" src=\"https:\/\/fjsp.org.br\/fjsp\/wp-content\/uploads\/2021\/11\/poster-summer-poster.png\" alt=\"\" width=\"170\" height=\"272\" srcset=\"https:\/\/fjsp.org.br\/fjsp\/wp-content\/uploads\/2021\/11\/poster-summer-poster.png 1042w, https:\/\/fjsp.org.br\/fjsp\/wp-content\/uploads\/2021\/11\/poster-summer-poster-280x448.png 280w, https:\/\/fjsp.org.br\/fjsp\/wp-content\/uploads\/2021\/11\/poster-summer-poster-768x1229.png 768w, https:\/\/fjsp.org.br\/fjsp\/wp-content\/uploads\/2021\/11\/poster-summer-poster-960x1536.png 960w, https:\/\/fjsp.org.br\/fjsp\/wp-content\/uploads\/2021\/11\/poster-summer-poster-340x544.png 340w, https:\/\/fjsp.org.br\/fjsp\/wp-content\/uploads\/2021\/11\/poster-summer-poster-220x352.png 220w, https:\/\/fjsp.org.br\/fjsp\/wp-content\/uploads\/2021\/11\/poster-summer-poster-100x160.png 100w, https:\/\/fjsp.org.br\/fjsp\/wp-content\/uploads\/2021\/11\/poster-summer-poster-130x208.png 130w, https:\/\/fjsp.org.br\/fjsp\/wp-content\/uploads\/2021\/11\/poster-summer-poster-460x736.png 460w\" sizes=\"(max-width: 170px) 100vw, 170px\" \/><\/a><a href=\"https:\/\/fjsp.org.br\/fjsp\/mcj2021_liar-x-liar\/\"><img loading=\"lazy\" decoding=\"async\" class=\"img-responsive img-fluid alignnone wp-image-18166\" src=\"https:\/\/fjsp.org.br\/fjsp\/wp-content\/uploads\/2021\/11\/poster-liar-poster.png\" alt=\"\" width=\"170\" height=\"272\" srcset=\"https:\/\/fjsp.org.br\/fjsp\/wp-content\/uploads\/2021\/11\/poster-liar-poster.png 1042w, https:\/\/fjsp.org.br\/fjsp\/wp-content\/uploads\/2021\/11\/poster-liar-poster-280x448.png 280w, https:\/\/fjsp.org.br\/fjsp\/wp-content\/uploads\/2021\/11\/poster-liar-poster-768x1229.png 768w, https:\/\/fjsp.org.br\/fjsp\/wp-content\/uploads\/2021\/11\/poster-liar-poster-960x1536.png 960w, https:\/\/fjsp.org.br\/fjsp\/wp-content\/uploads\/2021\/11\/poster-liar-poster-340x544.png 340w, https:\/\/fjsp.org.br\/fjsp\/wp-content\/uploads\/2021\/11\/poster-liar-poster-220x352.png 220w, https:\/\/fjsp.org.br\/fjsp\/wp-content\/uploads\/2021\/11\/poster-liar-poster-100x160.png 100w, https:\/\/fjsp.org.br\/fjsp\/wp-content\/uploads\/2021\/11\/poster-liar-poster-130x208.png 130w, https:\/\/fjsp.org.br\/fjsp\/wp-content\/uploads\/2021\/11\/poster-liar-poster-460x736.png 460w\" sizes=\"(max-width: 170px) 100vw, 170px\" \/><\/a><a href=\"https:\/\/fjsp.org.br\/fjsp\/mcj2021_poupelle-of-chimney-town\/\"><img loading=\"lazy\" decoding=\"async\" class=\"img-responsive img-fluid alignnone wp-image-18168\" src=\"https:\/\/fjsp.org.br\/fjsp\/wp-content\/uploads\/2021\/11\/poster-poupele-poster.png\" alt=\"\" width=\"170\" height=\"272\" srcset=\"https:\/\/fjsp.org.br\/fjsp\/wp-content\/uploads\/2021\/11\/poster-poupele-poster.png 1042w, https:\/\/fjsp.org.br\/fjsp\/wp-content\/uploads\/2021\/11\/poster-poupele-poster-280x448.png 280w, https:\/\/fjsp.org.br\/fjsp\/wp-content\/uploads\/2021\/11\/poster-poupele-poster-768x1229.png 768w, https:\/\/fjsp.org.br\/fjsp\/wp-content\/uploads\/2021\/11\/poster-poupele-poster-960x1536.png 960w, https:\/\/fjsp.org.br\/fjsp\/wp-content\/uploads\/2021\/11\/poster-poupele-poster-340x544.png 340w, https:\/\/fjsp.org.br\/fjsp\/wp-content\/uploads\/2021\/11\/poster-poupele-poster-220x352.png 220w, https:\/\/fjsp.org.br\/fjsp\/wp-content\/uploads\/2021\/11\/poster-poupele-poster-100x160.png 100w, https:\/\/fjsp.org.br\/fjsp\/wp-content\/uploads\/2021\/11\/poster-poupele-poster-130x208.png 130w, https:\/\/fjsp.org.br\/fjsp\/wp-content\/uploads\/2021\/11\/poster-poupele-poster-460x736.png 460w\" sizes=\"(max-width: 170px) 100vw, 170px\" \/><\/a><a href=\"https:\/\/fjsp.org.br\/fjsp\/mcj2021_mios-cookbook\/\"><img loading=\"lazy\" decoding=\"async\" class=\"img-responsive img-fluid alignnone wp-image-18167\" src=\"https:\/\/fjsp.org.br\/fjsp\/wp-content\/uploads\/2021\/11\/poster-mio-poster.png\" alt=\"\" width=\"170\" height=\"272\" srcset=\"https:\/\/fjsp.org.br\/fjsp\/wp-content\/uploads\/2021\/11\/poster-mio-poster.png 1043w, https:\/\/fjsp.org.br\/fjsp\/wp-content\/uploads\/2021\/11\/poster-mio-poster-280x448.png 280w, https:\/\/fjsp.org.br\/fjsp\/wp-content\/uploads\/2021\/11\/poster-mio-poster-768x1227.png 768w, https:\/\/fjsp.org.br\/fjsp\/wp-content\/uploads\/2021\/11\/poster-mio-poster-961x1536.png 961w, https:\/\/fjsp.org.br\/fjsp\/wp-content\/uploads\/2021\/11\/poster-mio-poster-340x543.png 340w, https:\/\/fjsp.org.br\/fjsp\/wp-content\/uploads\/2021\/11\/poster-mio-poster-220x352.png 220w, https:\/\/fjsp.org.br\/fjsp\/wp-content\/uploads\/2021\/11\/poster-mio-poster-100x160.png 100w, https:\/\/fjsp.org.br\/fjsp\/wp-content\/uploads\/2021\/11\/poster-mio-poster-130x208.png 130w, https:\/\/fjsp.org.br\/fjsp\/wp-content\/uploads\/2021\/11\/poster-mio-poster-460x735.png 460w\" sizes=\"(max-width: 170px) 100vw, 170px\" \/><\/a><a href=\"https:\/\/fjsp.org.br\/fjsp\/mcj2021_hokusai\/\"><img loading=\"lazy\" decoding=\"async\" class=\"img-responsive img-fluid alignnone wp-image-18244\" src=\"https:\/\/fjsp.org.br\/fjsp\/wp-content\/uploads\/2021\/11\/poster-hokusai-poster.png\" alt=\"\" width=\"170\" height=\"272\" srcset=\"https:\/\/fjsp.org.br\/fjsp\/wp-content\/uploads\/2021\/11\/poster-hokusai-poster.png 1042w, https:\/\/fjsp.org.br\/fjsp\/wp-content\/uploads\/2021\/11\/poster-hokusai-poster-280x448.png 280w, https:\/\/fjsp.org.br\/fjsp\/wp-content\/uploads\/2021\/11\/poster-hokusai-poster-768x1229.png 768w, https:\/\/fjsp.org.br\/fjsp\/wp-content\/uploads\/2021\/11\/poster-hokusai-poster-960x1536.png 960w, https:\/\/fjsp.org.br\/fjsp\/wp-content\/uploads\/2021\/11\/poster-hokusai-poster-340x544.png 340w, https:\/\/fjsp.org.br\/fjsp\/wp-content\/uploads\/2021\/11\/poster-hokusai-poster-220x352.png 220w, https:\/\/fjsp.org.br\/fjsp\/wp-content\/uploads\/2021\/11\/poster-hokusai-poster-100x160.png 100w, https:\/\/fjsp.org.br\/fjsp\/wp-content\/uploads\/2021\/11\/poster-hokusai-poster-130x208.png 130w, https:\/\/fjsp.org.br\/fjsp\/wp-content\/uploads\/2021\/11\/poster-hokusai-poster-460x736.png 460w\" sizes=\"(max-width: 170px) 100vw, 170px\" \/><\/a><a href=\"https:\/\/fjsp.org.br\/fjsp\/mcj2021_kamen-rider-zero-one-realxtime\/\"><img loading=\"lazy\" decoding=\"async\" class=\"img-responsive img-fluid alignnone wp-image-18245\" src=\"https:\/\/fjsp.org.br\/fjsp\/wp-content\/uploads\/2021\/11\/poster-kamen-poster.png\" alt=\"\" width=\"170\" height=\"272\" srcset=\"https:\/\/fjsp.org.br\/fjsp\/wp-content\/uploads\/2021\/11\/poster-kamen-poster.png 1043w, https:\/\/fjsp.org.br\/fjsp\/wp-content\/uploads\/2021\/11\/poster-kamen-poster-280x448.png 280w, https:\/\/fjsp.org.br\/fjsp\/wp-content\/uploads\/2021\/11\/poster-kamen-poster-768x1228.png 768w, https:\/\/fjsp.org.br\/fjsp\/wp-content\/uploads\/2021\/11\/poster-kamen-poster-960x1536.png 960w, https:\/\/fjsp.org.br\/fjsp\/wp-content\/uploads\/2021\/11\/poster-kamen-poster-340x544.png 340w, https:\/\/fjsp.org.br\/fjsp\/wp-content\/uploads\/2021\/11\/poster-kamen-poster-220x352.png 220w, https:\/\/fjsp.org.br\/fjsp\/wp-content\/uploads\/2021\/11\/poster-kamen-poster-100x160.png 100w, https:\/\/fjsp.org.br\/fjsp\/wp-content\/uploads\/2021\/11\/poster-kamen-poster-130x208.png 130w, https:\/\/fjsp.org.br\/fjsp\/wp-content\/uploads\/2021\/11\/poster-kamen-poster-460x736.png 460w\" sizes=\"(max-width: 170px) 100vw, 170px\" \/><\/a><a href=\"https:\/\/fjsp.org.br\/fjsp\/mcj2021_office-royale\/\"><img loading=\"lazy\" decoding=\"async\" class=\"img-responsive img-fluid alignnone wp-image-18247\" src=\"https:\/\/fjsp.org.br\/fjsp\/wp-content\/uploads\/2021\/11\/poster-office-poster.png\" alt=\"\" width=\"170\" height=\"272\" srcset=\"https:\/\/fjsp.org.br\/fjsp\/wp-content\/uploads\/2021\/11\/poster-office-poster.png 1043w, https:\/\/fjsp.org.br\/fjsp\/wp-content\/uploads\/2021\/11\/poster-office-poster-280x448.png 280w, https:\/\/fjsp.org.br\/fjsp\/wp-content\/uploads\/2021\/11\/poster-office-poster-768x1228.png 768w, https:\/\/fjsp.org.br\/fjsp\/wp-content\/uploads\/2021\/11\/poster-office-poster-960x1536.png 960w, https:\/\/fjsp.org.br\/fjsp\/wp-content\/uploads\/2021\/11\/poster-office-poster-340x544.png 340w, https:\/\/fjsp.org.br\/fjsp\/wp-content\/uploads\/2021\/11\/poster-office-poster-220x352.png 220w, https:\/\/fjsp.org.br\/fjsp\/wp-content\/uploads\/2021\/11\/poster-office-poster-100x160.png 100w, https:\/\/fjsp.org.br\/fjsp\/wp-content\/uploads\/2021\/11\/poster-office-poster-130x208.png 130w, https:\/\/fjsp.org.br\/fjsp\/wp-content\/uploads\/2021\/11\/poster-office-poster-460x736.png 460w\" sizes=\"(max-width: 170px) 100vw, 170px\" \/><\/a><a href=\"https:\/\/fjsp.org.br\/fjsp\/mcj2021_the-promised-neverland\/\"><img loading=\"lazy\" decoding=\"async\" class=\"img-responsive img-fluid alignnone wp-image-18242\" src=\"https:\/\/fjsp.org.br\/fjsp\/wp-content\/uploads\/2021\/11\/poster-promised-poster.png\" alt=\"\" width=\"170\" height=\"272\" srcset=\"https:\/\/fjsp.org.br\/fjsp\/wp-content\/uploads\/2021\/11\/poster-promised-poster.png 1043w, https:\/\/fjsp.org.br\/fjsp\/wp-content\/uploads\/2021\/11\/poster-promised-poster-280x448.png 280w, https:\/\/fjsp.org.br\/fjsp\/wp-content\/uploads\/2021\/11\/poster-promised-poster-768x1228.png 768w, https:\/\/fjsp.org.br\/fjsp\/wp-content\/uploads\/2021\/11\/poster-promised-poster-960x1536.png 960w, https:\/\/fjsp.org.br\/fjsp\/wp-content\/uploads\/2021\/11\/poster-promised-poster-340x544.png 340w, https:\/\/fjsp.org.br\/fjsp\/wp-content\/uploads\/2021\/11\/poster-promised-poster-220x352.png 220w, https:\/\/fjsp.org.br\/fjsp\/wp-content\/uploads\/2021\/11\/poster-promised-poster-100x160.png 100w, https:\/\/fjsp.org.br\/fjsp\/wp-content\/uploads\/2021\/11\/poster-promised-poster-130x208.png 130w, https:\/\/fjsp.org.br\/fjsp\/wp-content\/uploads\/2021\/11\/poster-promised-poster-460x736.png 460w\" sizes=\"(max-width: 170px) 100vw, 170px\" \/><\/a><a href=\"https:\/\/fjsp.org.br\/fjsp\/mcj2021_the-mole-song-undercover-agent-reiji\/\"><img loading=\"lazy\" decoding=\"async\" class=\"img-responsive img-fluid alignnone wp-image-18246\" src=\"https:\/\/fjsp.org.br\/fjsp\/wp-content\/uploads\/2021\/11\/poster-mole-poster.png\" alt=\"\" width=\"170\" height=\"272\" srcset=\"https:\/\/fjsp.org.br\/fjsp\/wp-content\/uploads\/2021\/11\/poster-mole-poster.png 1042w, https:\/\/fjsp.org.br\/fjsp\/wp-content\/uploads\/2021\/11\/poster-mole-poster-280x448.png 280w, https:\/\/fjsp.org.br\/fjsp\/wp-content\/uploads\/2021\/11\/poster-mole-poster-768x1229.png 768w, https:\/\/fjsp.org.br\/fjsp\/wp-content\/uploads\/2021\/11\/poster-mole-poster-960x1536.png 960w, https:\/\/fjsp.org.br\/fjsp\/wp-content\/uploads\/2021\/11\/poster-mole-poster-340x544.png 340w, https:\/\/fjsp.org.br\/fjsp\/wp-content\/uploads\/2021\/11\/poster-mole-poster-220x352.png 220w, https:\/\/fjsp.org.br\/fjsp\/wp-content\/uploads\/2021\/11\/poster-mole-poster-100x160.png 100w, https:\/\/fjsp.org.br\/fjsp\/wp-content\/uploads\/2021\/11\/poster-mole-poster-130x208.png 130w, https:\/\/fjsp.org.br\/fjsp\/wp-content\/uploads\/2021\/11\/poster-mole-poster-460x736.png 460w\" sizes=\"(max-width: 170px) 100vw, 170px\" \/><\/a><a href=\"https:\/\/fjsp.org.br\/fjsp\/mcj2021_peaceful-death\/\" target=\"_blank\" rel=\"noopener\"><img loading=\"lazy\" decoding=\"async\" class=\"img-responsive img-fluid alignnone wp-image-18243\" src=\"https:\/\/fjsp.org.br\/fjsp\/wp-content\/uploads\/2021\/11\/poster-despedida-poster.png\" alt=\"\" width=\"170\" height=\"272\" srcset=\"https:\/\/fjsp.org.br\/fjsp\/wp-content\/uploads\/2021\/11\/poster-despedida-poster.png 1042w, https:\/\/fjsp.org.br\/fjsp\/wp-content\/uploads\/2021\/11\/poster-despedida-poster-280x448.png 280w, https:\/\/fjsp.org.br\/fjsp\/wp-content\/uploads\/2021\/11\/poster-despedida-poster-768x1229.png 768w, https:\/\/fjsp.org.br\/fjsp\/wp-content\/uploads\/2021\/11\/poster-despedida-poster-960x1536.png 960w, https:\/\/fjsp.org.br\/fjsp\/wp-content\/uploads\/2021\/11\/poster-despedida-poster-340x544.png 340w, https:\/\/fjsp.org.br\/fjsp\/wp-content\/uploads\/2021\/11\/poster-despedida-poster-220x352.png 220w, https:\/\/fjsp.org.br\/fjsp\/wp-content\/uploads\/2021\/11\/poster-despedida-poster-100x160.png 100w, https:\/\/fjsp.org.br\/fjsp\/wp-content\/uploads\/2021\/11\/poster-despedida-poster-130x208.png 130w, https:\/\/fjsp.org.br\/fjsp\/wp-content\/uploads\/2021\/11\/poster-despedida-poster-460x736.png 460w\" sizes=\"(max-width: 170px) 100vw, 170px\" \/><\/a><\/p>\n<p>&nbsp;<\/p>\n<script type=\"text\/javascript\"> toolTips('.classtoolTips76','A palavra <em><span class='tooltipsall tooltipsincontent classtoolTips76'>kami<\/span><\/em> significa \u201cm\u00edstico\u201d, \u201csuperior\u201d, \u201cdivino\u201d, estando normalmente ligada ao poder sagrado ou divino.'); <\/script>","protected":false},"excerpt":{"rendered":"<p>P\u00e1gina inicial &nbsp; &nbsp; Exibi\u00e7\u00f5es 5 de dezembro (domingo) &#8211; 11h30\u00a0 12 de dezembro (domingo) &#8211; 20h00 &nbsp; Under the Open Sky \u3059\u3070\u3089\u3057\u304d\u4e16\u754c (Subarashiki Sekai) Sob o c\u00e9u aberto &nbsp; Mikami, um ex-membro da Yakuza, \u00e9 libertado da pris\u00e3o ap\u00f3s cumprir uma pena de 13 anos. Ele est\u00e1 determinado a levar uma vida honesta, mas [&hellip;]<\/p>\n","protected":false},"author":34,"featured_media":0,"parent":0,"menu_order":0,"comment_status":"closed","ping_status":"closed","template":"","meta":{"_acf_changed":false,"footnotes":""},"class_list":["post-18196","page","type-page","status-publish","hentry"],"acf":[],"_links":{"self":[{"href":"https:\/\/fjsp.org.br\/fjsp\/wp-json\/wp\/v2\/pages\/18196","targetHints":{"allow":["GET"]}}],"collection":[{"href":"https:\/\/fjsp.org.br\/fjsp\/wp-json\/wp\/v2\/pages"}],"about":[{"href":"https:\/\/fjsp.org.br\/fjsp\/wp-json\/wp\/v2\/types\/page"}],"author":[{"embeddable":true,"href":"https:\/\/fjsp.org.br\/fjsp\/wp-json\/wp\/v2\/users\/34"}],"replies":[{"embeddable":true,"href":"https:\/\/fjsp.org.br\/fjsp\/wp-json\/wp\/v2\/comments?post=18196"}],"version-history":[{"count":2,"href":"https:\/\/fjsp.org.br\/fjsp\/wp-json\/wp\/v2\/pages\/18196\/revisions"}],"predecessor-version":[{"id":18357,"href":"https:\/\/fjsp.org.br\/fjsp\/wp-json\/wp\/v2\/pages\/18196\/revisions\/18357"}],"wp:attachment":[{"href":"https:\/\/fjsp.org.br\/fjsp\/wp-json\/wp\/v2\/media?parent=18196"}],"curies":[{"name":"wp","href":"https:\/\/api.w.org\/{rel}","templated":true}]}}