{"id":18208,"date":"2021-11-18T23:47:44","date_gmt":"2021-11-19T02:47:44","guid":{"rendered":"https:\/\/fjsp.org.br\/fjsp\/?page_id=18208"},"modified":"2021-11-23T18:34:22","modified_gmt":"2021-11-23T21:34:22","slug":"mcj2021_poupelle-of-chimney-town","status":"publish","type":"page","link":"https:\/\/fjsp.org.br\/fjsp\/mcj2021_poupelle-of-chimney-town\/","title":{"rendered":"Mostra de Cinema Japon\u00eas &#8211; Poupelle of Chimney Town (\u6620\u753b\u3048\u3093\u3068\u3064\u753a\u306e\u30d7\u307a\u30eb)"},"content":{"rendered":"<h5 style=\"text-align: right\"><a href=\"https:\/\/fjsp.org.br\/fjsp\/agenda\/mostra-de-cinema-japones-2021\/\"><strong>P\u00e1gina inicial<\/strong><\/a><\/h5>\n<p>&nbsp;<\/p>\n<div class='cleaner'><\/div>\n<div class='videoWrapper embed-responsive embed-responsive-16by9 ratio ratio-16x9'><iframe title=\"\u300e\u6620\u753b \u3048\u3093\u3068\u3064\u753a\u306e\u30d7\u307a\u30eb\u300f\u4e88\u544a\uff11\u301012\u670825\u65e5\u516c\u958b\u3011\" width=\"700\" height=\"394\" src=\"https:\/\/www.youtube.com\/embed\/1g6Ca_UjOrs?feature=oembed\" frameborder=\"0\" allow=\"accelerometer; autoplay; clipboard-write; encrypted-media; gyroscope; picture-in-picture\" allowfullscreen><\/iframe><\/div>\n<p>&nbsp;<\/p>\n<h3 style=\"text-align: center\"><strong>Exibi\u00e7\u00f5es<\/strong><\/h3>\n<p style=\"text-align: center\"><strong>5 de dezembro (domingo) &#8211; 14h30\u00a0<\/strong><\/p>\n<p style=\"text-align: center\"><strong>12 de dezembro (domingo) &#8211; 14h30<\/strong><\/p>\n<p>&nbsp;<\/p>\n<h3><strong>Poupelle of Chimney Town<\/strong><\/h3>\n<h4><strong> \u6620\u753b\u3048\u3093\u3068\u3064\u753a\u306e\u30d7\u307a\u30eb (<em>Eiga Entotsumachi no Puperu<\/em>)<\/strong><\/h4>\n<h5>Poupelle da Cidade das Chamin\u00e9s<\/h5>\n<p>&nbsp;<\/p>\n<p>Poupelle da Cidade das Chamin\u00e9s \u00e9 a hist\u00f3ria do jovem Lubicchi, que vive em meio \u00e0 densa fuma\u00e7a das chamin\u00e9s de sua cidade isolada. Seu maior desejo \u00e9 ver as \u201cestrelas\u201d \u2014 ou seja, saber a verdade de que seu pai sempre lhe falou. Em uma noite de Dia das Bruxas, Lubicchi conhece Poupelle, um homem feito de lixo. Juntos, eles olham para o c\u00e9u e partem em uma aventura. Bel\u00edssimo, repleto de performances inspiradoras, al\u00e9m de m\u00fasicas e efeitos sonoros espl\u00eandidos, Poupelle da Cidade das Chamin\u00e9s \u00e9 uma produ\u00e7\u00e3o do famoso Studio 4\u00baC de T\u00f3quio. Uma obra que provocar\u00e1 risos, l\u00e1grimas e alegria.<\/p>\n<p>&nbsp;<\/p>\n<p><img fetchpriority=\"high\" decoding=\"async\" class=\"img-responsive img-fluid wp-image-18212 size-full aligncenter\" src=\"https:\/\/fjsp.org.br\/fjsp\/wp-content\/uploads\/2021\/11\/imagens-poupelle-pic.png\" alt=\"\" width=\"2500\" height=\"522\" srcset=\"https:\/\/fjsp.org.br\/fjsp\/wp-content\/uploads\/2021\/11\/imagens-poupelle-pic.png 2500w, https:\/\/fjsp.org.br\/fjsp\/wp-content\/uploads\/2021\/11\/imagens-poupelle-pic-280x58.png 280w, https:\/\/fjsp.org.br\/fjsp\/wp-content\/uploads\/2021\/11\/imagens-poupelle-pic-768x160.png 768w, https:\/\/fjsp.org.br\/fjsp\/wp-content\/uploads\/2021\/11\/imagens-poupelle-pic-1536x321.png 1536w, https:\/\/fjsp.org.br\/fjsp\/wp-content\/uploads\/2021\/11\/imagens-poupelle-pic-2048x428.png 2048w, https:\/\/fjsp.org.br\/fjsp\/wp-content\/uploads\/2021\/11\/imagens-poupelle-pic-340x71.png 340w, https:\/\/fjsp.org.br\/fjsp\/wp-content\/uploads\/2021\/11\/imagens-poupelle-pic-220x46.png 220w, https:\/\/fjsp.org.br\/fjsp\/wp-content\/uploads\/2021\/11\/imagens-poupelle-pic-100x21.png 100w, https:\/\/fjsp.org.br\/fjsp\/wp-content\/uploads\/2021\/11\/imagens-poupelle-pic-130x27.png 130w, https:\/\/fjsp.org.br\/fjsp\/wp-content\/uploads\/2021\/11\/imagens-poupelle-pic-460x96.png 460w\" sizes=\"(max-width: 2500px) 100vw, 2500px\" \/><\/p>\n<p>&nbsp;<\/p>\n<p><strong>Ano: <\/strong>2020<\/p>\n<p><strong>Dura\u00e7\u00e3o: <\/strong>100 min<\/p>\n<p><strong>Classifica\u00e7\u00e3o: <\/strong>Livre<strong><br \/>\n<\/strong><\/p>\n<p><strong>Dire\u00e7\u00e3o:<\/strong> Yusuke Hirota<\/p>\n<p><strong>Roteiro:<\/strong>\u00a0Akihiro Nishino<\/p>\n<p>Baseado no livro &#8220;Poupelle of Chimney Town&#8221;, de Akihiro Nishino<\/p>\n<p><strong>Elenco<\/strong><br \/>\nMasataka Kubota<br \/>\nMana Ashida<br \/>\nShinosuke Tatekawa<br \/>\nEiko Koike<br \/>\nToru Nomaguchi<br \/>\nShingo Fujimori<br \/>\nSairi Ito<br \/>\nSeiji Miyane<br \/>\nShosei Ohira<br \/>\nTakaya Yamauchi<br \/>\nJun Kunimura<\/p>\n<p><strong><a href=\"https:\/\/poupelle.com\/\" target=\"_blank\" rel=\"noopener\">site<\/a><\/strong><\/p>\n<p>&nbsp;<\/p>\n<h3><strong>FILMES<\/strong><\/h3>\n<p><a href=\"https:\/\/fjsp.org.br\/fjsp\/mcj2021_the-night-beyond-the-tricornered-window\/\"><img decoding=\"async\" class=\"img-responsive img-fluid alignnone wp-image-18169\" src=\"https:\/\/fjsp.org.br\/fjsp\/wp-content\/uploads\/2021\/11\/poster-sankaku-poster.png\" alt=\"\" width=\"170\" height=\"272\" srcset=\"https:\/\/fjsp.org.br\/fjsp\/wp-content\/uploads\/2021\/11\/poster-sankaku-poster.png 1043w, https:\/\/fjsp.org.br\/fjsp\/wp-content\/uploads\/2021\/11\/poster-sankaku-poster-280x448.png 280w, https:\/\/fjsp.org.br\/fjsp\/wp-content\/uploads\/2021\/11\/poster-sankaku-poster-768x1227.png 768w, https:\/\/fjsp.org.br\/fjsp\/wp-content\/uploads\/2021\/11\/poster-sankaku-poster-961x1536.png 961w, https:\/\/fjsp.org.br\/fjsp\/wp-content\/uploads\/2021\/11\/poster-sankaku-poster-340x543.png 340w, https:\/\/fjsp.org.br\/fjsp\/wp-content\/uploads\/2021\/11\/poster-sankaku-poster-220x352.png 220w, https:\/\/fjsp.org.br\/fjsp\/wp-content\/uploads\/2021\/11\/poster-sankaku-poster-100x160.png 100w, https:\/\/fjsp.org.br\/fjsp\/wp-content\/uploads\/2021\/11\/poster-sankaku-poster-130x208.png 130w, https:\/\/fjsp.org.br\/fjsp\/wp-content\/uploads\/2021\/11\/poster-sankaku-poster-460x735.png 460w\" sizes=\"(max-width: 170px) 100vw, 170px\" \/><\/a><a href=\"https:\/\/fjsp.org.br\/fjsp\/mcj2021_its-a-summer-film\/\"><img decoding=\"async\" class=\"img-responsive img-fluid alignnone wp-image-18170\" src=\"https:\/\/fjsp.org.br\/fjsp\/wp-content\/uploads\/2021\/11\/poster-summer-poster.png\" alt=\"\" width=\"170\" height=\"272\" srcset=\"https:\/\/fjsp.org.br\/fjsp\/wp-content\/uploads\/2021\/11\/poster-summer-poster.png 1042w, https:\/\/fjsp.org.br\/fjsp\/wp-content\/uploads\/2021\/11\/poster-summer-poster-280x448.png 280w, https:\/\/fjsp.org.br\/fjsp\/wp-content\/uploads\/2021\/11\/poster-summer-poster-768x1229.png 768w, https:\/\/fjsp.org.br\/fjsp\/wp-content\/uploads\/2021\/11\/poster-summer-poster-960x1536.png 960w, https:\/\/fjsp.org.br\/fjsp\/wp-content\/uploads\/2021\/11\/poster-summer-poster-340x544.png 340w, https:\/\/fjsp.org.br\/fjsp\/wp-content\/uploads\/2021\/11\/poster-summer-poster-220x352.png 220w, https:\/\/fjsp.org.br\/fjsp\/wp-content\/uploads\/2021\/11\/poster-summer-poster-100x160.png 100w, https:\/\/fjsp.org.br\/fjsp\/wp-content\/uploads\/2021\/11\/poster-summer-poster-130x208.png 130w, https:\/\/fjsp.org.br\/fjsp\/wp-content\/uploads\/2021\/11\/poster-summer-poster-460x736.png 460w\" sizes=\"(max-width: 170px) 100vw, 170px\" \/><\/a><a href=\"https:\/\/fjsp.org.br\/fjsp\/mcj2021_under-the-open-sky\/\"><img loading=\"lazy\" decoding=\"async\" class=\"img-responsive img-fluid alignnone wp-image-18171\" src=\"https:\/\/fjsp.org.br\/fjsp\/wp-content\/uploads\/2021\/11\/poster-under-poster.png\" alt=\"\" width=\"170\" height=\"272\" srcset=\"https:\/\/fjsp.org.br\/fjsp\/wp-content\/uploads\/2021\/11\/poster-under-poster.png 1043w, https:\/\/fjsp.org.br\/fjsp\/wp-content\/uploads\/2021\/11\/poster-under-poster-280x448.png 280w, https:\/\/fjsp.org.br\/fjsp\/wp-content\/uploads\/2021\/11\/poster-under-poster-768x1227.png 768w, https:\/\/fjsp.org.br\/fjsp\/wp-content\/uploads\/2021\/11\/poster-under-poster-961x1536.png 961w, https:\/\/fjsp.org.br\/fjsp\/wp-content\/uploads\/2021\/11\/poster-under-poster-340x543.png 340w, https:\/\/fjsp.org.br\/fjsp\/wp-content\/uploads\/2021\/11\/poster-under-poster-220x352.png 220w, https:\/\/fjsp.org.br\/fjsp\/wp-content\/uploads\/2021\/11\/poster-under-poster-100x160.png 100w, https:\/\/fjsp.org.br\/fjsp\/wp-content\/uploads\/2021\/11\/poster-under-poster-130x208.png 130w, https:\/\/fjsp.org.br\/fjsp\/wp-content\/uploads\/2021\/11\/poster-under-poster-460x735.png 460w\" sizes=\"(max-width: 170px) 100vw, 170px\" \/><\/a><a href=\"https:\/\/fjsp.org.br\/fjsp\/mcj2021_liar-x-liar\/\"><img loading=\"lazy\" decoding=\"async\" class=\"img-responsive img-fluid alignnone wp-image-18166\" src=\"https:\/\/fjsp.org.br\/fjsp\/wp-content\/uploads\/2021\/11\/poster-liar-poster.png\" alt=\"\" width=\"170\" height=\"272\" srcset=\"https:\/\/fjsp.org.br\/fjsp\/wp-content\/uploads\/2021\/11\/poster-liar-poster.png 1042w, https:\/\/fjsp.org.br\/fjsp\/wp-content\/uploads\/2021\/11\/poster-liar-poster-280x448.png 280w, https:\/\/fjsp.org.br\/fjsp\/wp-content\/uploads\/2021\/11\/poster-liar-poster-768x1229.png 768w, https:\/\/fjsp.org.br\/fjsp\/wp-content\/uploads\/2021\/11\/poster-liar-poster-960x1536.png 960w, https:\/\/fjsp.org.br\/fjsp\/wp-content\/uploads\/2021\/11\/poster-liar-poster-340x544.png 340w, https:\/\/fjsp.org.br\/fjsp\/wp-content\/uploads\/2021\/11\/poster-liar-poster-220x352.png 220w, https:\/\/fjsp.org.br\/fjsp\/wp-content\/uploads\/2021\/11\/poster-liar-poster-100x160.png 100w, https:\/\/fjsp.org.br\/fjsp\/wp-content\/uploads\/2021\/11\/poster-liar-poster-130x208.png 130w, https:\/\/fjsp.org.br\/fjsp\/wp-content\/uploads\/2021\/11\/poster-liar-poster-460x736.png 460w\" sizes=\"(max-width: 170px) 100vw, 170px\" \/><\/a><a href=\"https:\/\/fjsp.org.br\/fjsp\/mcj2021_mios-cookbook\/\"><img loading=\"lazy\" decoding=\"async\" class=\"img-responsive img-fluid alignnone wp-image-18167\" src=\"https:\/\/fjsp.org.br\/fjsp\/wp-content\/uploads\/2021\/11\/poster-mio-poster.png\" alt=\"\" width=\"170\" height=\"272\" srcset=\"https:\/\/fjsp.org.br\/fjsp\/wp-content\/uploads\/2021\/11\/poster-mio-poster.png 1043w, https:\/\/fjsp.org.br\/fjsp\/wp-content\/uploads\/2021\/11\/poster-mio-poster-280x448.png 280w, https:\/\/fjsp.org.br\/fjsp\/wp-content\/uploads\/2021\/11\/poster-mio-poster-768x1227.png 768w, https:\/\/fjsp.org.br\/fjsp\/wp-content\/uploads\/2021\/11\/poster-mio-poster-961x1536.png 961w, https:\/\/fjsp.org.br\/fjsp\/wp-content\/uploads\/2021\/11\/poster-mio-poster-340x543.png 340w, https:\/\/fjsp.org.br\/fjsp\/wp-content\/uploads\/2021\/11\/poster-mio-poster-220x352.png 220w, https:\/\/fjsp.org.br\/fjsp\/wp-content\/uploads\/2021\/11\/poster-mio-poster-100x160.png 100w, https:\/\/fjsp.org.br\/fjsp\/wp-content\/uploads\/2021\/11\/poster-mio-poster-130x208.png 130w, https:\/\/fjsp.org.br\/fjsp\/wp-content\/uploads\/2021\/11\/poster-mio-poster-460x735.png 460w\" sizes=\"(max-width: 170px) 100vw, 170px\" \/><\/a><a href=\"https:\/\/fjsp.org.br\/fjsp\/mcj2021_hokusai\/\"><img loading=\"lazy\" decoding=\"async\" class=\"img-responsive img-fluid alignnone wp-image-18244\" src=\"https:\/\/fjsp.org.br\/fjsp\/wp-content\/uploads\/2021\/11\/poster-hokusai-poster.png\" alt=\"\" width=\"170\" height=\"272\" srcset=\"https:\/\/fjsp.org.br\/fjsp\/wp-content\/uploads\/2021\/11\/poster-hokusai-poster.png 1042w, https:\/\/fjsp.org.br\/fjsp\/wp-content\/uploads\/2021\/11\/poster-hokusai-poster-280x448.png 280w, https:\/\/fjsp.org.br\/fjsp\/wp-content\/uploads\/2021\/11\/poster-hokusai-poster-768x1229.png 768w, https:\/\/fjsp.org.br\/fjsp\/wp-content\/uploads\/2021\/11\/poster-hokusai-poster-960x1536.png 960w, https:\/\/fjsp.org.br\/fjsp\/wp-content\/uploads\/2021\/11\/poster-hokusai-poster-340x544.png 340w, https:\/\/fjsp.org.br\/fjsp\/wp-content\/uploads\/2021\/11\/poster-hokusai-poster-220x352.png 220w, https:\/\/fjsp.org.br\/fjsp\/wp-content\/uploads\/2021\/11\/poster-hokusai-poster-100x160.png 100w, https:\/\/fjsp.org.br\/fjsp\/wp-content\/uploads\/2021\/11\/poster-hokusai-poster-130x208.png 130w, https:\/\/fjsp.org.br\/fjsp\/wp-content\/uploads\/2021\/11\/poster-hokusai-poster-460x736.png 460w\" sizes=\"(max-width: 170px) 100vw, 170px\" \/><\/a><a href=\"https:\/\/fjsp.org.br\/fjsp\/mcj2021_kamen-rider-zero-one-realxtime\/\"><img loading=\"lazy\" decoding=\"async\" class=\"img-responsive img-fluid alignnone wp-image-18245\" src=\"https:\/\/fjsp.org.br\/fjsp\/wp-content\/uploads\/2021\/11\/poster-kamen-poster.png\" alt=\"\" width=\"170\" height=\"272\" srcset=\"https:\/\/fjsp.org.br\/fjsp\/wp-content\/uploads\/2021\/11\/poster-kamen-poster.png 1043w, https:\/\/fjsp.org.br\/fjsp\/wp-content\/uploads\/2021\/11\/poster-kamen-poster-280x448.png 280w, https:\/\/fjsp.org.br\/fjsp\/wp-content\/uploads\/2021\/11\/poster-kamen-poster-768x1228.png 768w, https:\/\/fjsp.org.br\/fjsp\/wp-content\/uploads\/2021\/11\/poster-kamen-poster-960x1536.png 960w, https:\/\/fjsp.org.br\/fjsp\/wp-content\/uploads\/2021\/11\/poster-kamen-poster-340x544.png 340w, https:\/\/fjsp.org.br\/fjsp\/wp-content\/uploads\/2021\/11\/poster-kamen-poster-220x352.png 220w, https:\/\/fjsp.org.br\/fjsp\/wp-content\/uploads\/2021\/11\/poster-kamen-poster-100x160.png 100w, https:\/\/fjsp.org.br\/fjsp\/wp-content\/uploads\/2021\/11\/poster-kamen-poster-130x208.png 130w, https:\/\/fjsp.org.br\/fjsp\/wp-content\/uploads\/2021\/11\/poster-kamen-poster-460x736.png 460w\" sizes=\"(max-width: 170px) 100vw, 170px\" \/><\/a><a href=\"https:\/\/fjsp.org.br\/fjsp\/mcj2021_office-royale\/\"><img loading=\"lazy\" decoding=\"async\" class=\"img-responsive img-fluid alignnone wp-image-18247\" src=\"https:\/\/fjsp.org.br\/fjsp\/wp-content\/uploads\/2021\/11\/poster-office-poster.png\" alt=\"\" width=\"170\" height=\"272\" srcset=\"https:\/\/fjsp.org.br\/fjsp\/wp-content\/uploads\/2021\/11\/poster-office-poster.png 1043w, https:\/\/fjsp.org.br\/fjsp\/wp-content\/uploads\/2021\/11\/poster-office-poster-280x448.png 280w, https:\/\/fjsp.org.br\/fjsp\/wp-content\/uploads\/2021\/11\/poster-office-poster-768x1228.png 768w, https:\/\/fjsp.org.br\/fjsp\/wp-content\/uploads\/2021\/11\/poster-office-poster-960x1536.png 960w, https:\/\/fjsp.org.br\/fjsp\/wp-content\/uploads\/2021\/11\/poster-office-poster-340x544.png 340w, https:\/\/fjsp.org.br\/fjsp\/wp-content\/uploads\/2021\/11\/poster-office-poster-220x352.png 220w, https:\/\/fjsp.org.br\/fjsp\/wp-content\/uploads\/2021\/11\/poster-office-poster-100x160.png 100w, https:\/\/fjsp.org.br\/fjsp\/wp-content\/uploads\/2021\/11\/poster-office-poster-130x208.png 130w, https:\/\/fjsp.org.br\/fjsp\/wp-content\/uploads\/2021\/11\/poster-office-poster-460x736.png 460w\" sizes=\"(max-width: 170px) 100vw, 170px\" \/><\/a><a href=\"https:\/\/fjsp.org.br\/fjsp\/mcj2021_the-promised-neverland\/\"><img loading=\"lazy\" decoding=\"async\" class=\"img-responsive img-fluid alignnone wp-image-18242\" src=\"https:\/\/fjsp.org.br\/fjsp\/wp-content\/uploads\/2021\/11\/poster-promised-poster.png\" alt=\"\" width=\"170\" height=\"272\" srcset=\"https:\/\/fjsp.org.br\/fjsp\/wp-content\/uploads\/2021\/11\/poster-promised-poster.png 1043w, https:\/\/fjsp.org.br\/fjsp\/wp-content\/uploads\/2021\/11\/poster-promised-poster-280x448.png 280w, https:\/\/fjsp.org.br\/fjsp\/wp-content\/uploads\/2021\/11\/poster-promised-poster-768x1228.png 768w, https:\/\/fjsp.org.br\/fjsp\/wp-content\/uploads\/2021\/11\/poster-promised-poster-960x1536.png 960w, https:\/\/fjsp.org.br\/fjsp\/wp-content\/uploads\/2021\/11\/poster-promised-poster-340x544.png 340w, https:\/\/fjsp.org.br\/fjsp\/wp-content\/uploads\/2021\/11\/poster-promised-poster-220x352.png 220w, https:\/\/fjsp.org.br\/fjsp\/wp-content\/uploads\/2021\/11\/poster-promised-poster-100x160.png 100w, https:\/\/fjsp.org.br\/fjsp\/wp-content\/uploads\/2021\/11\/poster-promised-poster-130x208.png 130w, https:\/\/fjsp.org.br\/fjsp\/wp-content\/uploads\/2021\/11\/poster-promised-poster-460x736.png 460w\" sizes=\"(max-width: 170px) 100vw, 170px\" \/><\/a><a href=\"https:\/\/fjsp.org.br\/fjsp\/mcj2021_the-mole-song-undercover-agent-reiji\/\"><img loading=\"lazy\" decoding=\"async\" class=\"img-responsive img-fluid alignnone wp-image-18246\" src=\"https:\/\/fjsp.org.br\/fjsp\/wp-content\/uploads\/2021\/11\/poster-mole-poster.png\" alt=\"\" width=\"170\" height=\"272\" srcset=\"https:\/\/fjsp.org.br\/fjsp\/wp-content\/uploads\/2021\/11\/poster-mole-poster.png 1042w, https:\/\/fjsp.org.br\/fjsp\/wp-content\/uploads\/2021\/11\/poster-mole-poster-280x448.png 280w, https:\/\/fjsp.org.br\/fjsp\/wp-content\/uploads\/2021\/11\/poster-mole-poster-768x1229.png 768w, https:\/\/fjsp.org.br\/fjsp\/wp-content\/uploads\/2021\/11\/poster-mole-poster-960x1536.png 960w, https:\/\/fjsp.org.br\/fjsp\/wp-content\/uploads\/2021\/11\/poster-mole-poster-340x544.png 340w, https:\/\/fjsp.org.br\/fjsp\/wp-content\/uploads\/2021\/11\/poster-mole-poster-220x352.png 220w, https:\/\/fjsp.org.br\/fjsp\/wp-content\/uploads\/2021\/11\/poster-mole-poster-100x160.png 100w, https:\/\/fjsp.org.br\/fjsp\/wp-content\/uploads\/2021\/11\/poster-mole-poster-130x208.png 130w, https:\/\/fjsp.org.br\/fjsp\/wp-content\/uploads\/2021\/11\/poster-mole-poster-460x736.png 460w\" sizes=\"(max-width: 170px) 100vw, 170px\" \/><\/a><a href=\"https:\/\/fjsp.org.br\/fjsp\/mcj2021_peaceful-death\/\" target=\"_blank\" rel=\"noopener\"><img loading=\"lazy\" decoding=\"async\" class=\"img-responsive img-fluid alignnone wp-image-18243\" src=\"https:\/\/fjsp.org.br\/fjsp\/wp-content\/uploads\/2021\/11\/poster-despedida-poster.png\" alt=\"\" width=\"170\" height=\"272\" srcset=\"https:\/\/fjsp.org.br\/fjsp\/wp-content\/uploads\/2021\/11\/poster-despedida-poster.png 1042w, https:\/\/fjsp.org.br\/fjsp\/wp-content\/uploads\/2021\/11\/poster-despedida-poster-280x448.png 280w, https:\/\/fjsp.org.br\/fjsp\/wp-content\/uploads\/2021\/11\/poster-despedida-poster-768x1229.png 768w, https:\/\/fjsp.org.br\/fjsp\/wp-content\/uploads\/2021\/11\/poster-despedida-poster-960x1536.png 960w, https:\/\/fjsp.org.br\/fjsp\/wp-content\/uploads\/2021\/11\/poster-despedida-poster-340x544.png 340w, https:\/\/fjsp.org.br\/fjsp\/wp-content\/uploads\/2021\/11\/poster-despedida-poster-220x352.png 220w, https:\/\/fjsp.org.br\/fjsp\/wp-content\/uploads\/2021\/11\/poster-despedida-poster-100x160.png 100w, https:\/\/fjsp.org.br\/fjsp\/wp-content\/uploads\/2021\/11\/poster-despedida-poster-130x208.png 130w, https:\/\/fjsp.org.br\/fjsp\/wp-content\/uploads\/2021\/11\/poster-despedida-poster-460x736.png 460w\" sizes=\"(max-width: 170px) 100vw, 170px\" \/><\/a><\/p>\n<p>&nbsp;<\/p>\n","protected":false},"excerpt":{"rendered":"<p>P\u00e1gina inicial &nbsp; &nbsp; Exibi\u00e7\u00f5es 5 de dezembro (domingo) &#8211; 14h30\u00a0 12 de dezembro (domingo) &#8211; 14h30 &nbsp; Poupelle of Chimney Town \u6620\u753b\u3048\u3093\u3068\u3064\u753a\u306e\u30d7\u307a\u30eb (Eiga Entotsumachi no Puperu) Poupelle da Cidade das Chamin\u00e9s &nbsp; Poupelle da Cidade das Chamin\u00e9s \u00e9 a hist\u00f3ria do jovem Lubicchi, que vive em meio \u00e0 densa fuma\u00e7a das chamin\u00e9s de sua [&hellip;]<\/p>\n","protected":false},"author":34,"featured_media":0,"parent":0,"menu_order":0,"comment_status":"closed","ping_status":"closed","template":"","meta":{"_acf_changed":false,"footnotes":""},"class_list":["post-18208","page","type-page","status-publish","hentry"],"acf":[],"_links":{"self":[{"href":"https:\/\/fjsp.org.br\/fjsp\/wp-json\/wp\/v2\/pages\/18208","targetHints":{"allow":["GET"]}}],"collection":[{"href":"https:\/\/fjsp.org.br\/fjsp\/wp-json\/wp\/v2\/pages"}],"about":[{"href":"https:\/\/fjsp.org.br\/fjsp\/wp-json\/wp\/v2\/types\/page"}],"author":[{"embeddable":true,"href":"https:\/\/fjsp.org.br\/fjsp\/wp-json\/wp\/v2\/users\/34"}],"replies":[{"embeddable":true,"href":"https:\/\/fjsp.org.br\/fjsp\/wp-json\/wp\/v2\/comments?post=18208"}],"version-history":[{"count":2,"href":"https:\/\/fjsp.org.br\/fjsp\/wp-json\/wp\/v2\/pages\/18208\/revisions"}],"predecessor-version":[{"id":18349,"href":"https:\/\/fjsp.org.br\/fjsp\/wp-json\/wp\/v2\/pages\/18208\/revisions\/18349"}],"wp:attachment":[{"href":"https:\/\/fjsp.org.br\/fjsp\/wp-json\/wp\/v2\/media?parent=18208"}],"curies":[{"name":"wp","href":"https:\/\/api.w.org\/{rel}","templated":true}]}}