{"id":18214,"date":"2021-11-18T23:47:46","date_gmt":"2021-11-19T02:47:46","guid":{"rendered":"https:\/\/fjsp.org.br\/fjsp\/?page_id=18214"},"modified":"2021-11-23T20:09:21","modified_gmt":"2021-11-23T23:09:21","slug":"mcj2021_mios-cookbook","status":"publish","type":"page","link":"https:\/\/fjsp.org.br\/fjsp\/mcj2021_mios-cookbook\/","title":{"rendered":"Mostra de Cinema Japon\u00eas &#8211; Mio`s Cookbook (\u307f\u3092\u3064\u304f\u3057\u6599\u7406\u5e16)"},"content":{"rendered":"<h5 style=\"text-align: right\"><a href=\"https:\/\/fjsp.org.br\/fjsp\/agenda\/mostra-de-cinema-japones-2021\/\"><strong>P\u00e1gina inicial<\/strong><\/a><\/h5>\n<p>&nbsp;<\/p>\n<div class='cleaner'><\/div>\n<div class='videoWrapper embed-responsive embed-responsive-16by9 ratio ratio-16x9'><iframe title=\"\u307f\u3092\u3064\u304f\u3057\u6599\u7406\u5e16 \u4e88\u544a\u7de8\" width=\"700\" height=\"394\" src=\"https:\/\/www.youtube.com\/embed\/7OLMd1OsokI?feature=oembed\" frameborder=\"0\" allow=\"accelerometer; autoplay; clipboard-write; encrypted-media; gyroscope; picture-in-picture\" allowfullscreen><\/iframe><\/div>\n<p>&nbsp;<\/p>\n<h3 style=\"text-align: center\"><strong>Exibi\u00e7\u00f5es<\/strong><\/h3>\n<p style=\"text-align: center\"><strong>3 de dezembro (sexta-feira) &#8211; 16h30\u00a0<\/strong><\/p>\n<p style=\"text-align: center\"><strong>10 de dezembro (sexta-feira) &#8211; 13h30<\/strong><\/p>\n<p>&nbsp;<\/p>\n<h2><strong>Mio\u2019s Cookbook<\/strong><\/h2>\n<h4><strong>\u307f\u3092\u3064\u304f\u3057\u6599\u7406\u5e16 (<em>Mi wo Tsukushi Ryorich\u00f4<\/em>)<\/strong><\/h4>\n<h5><strong>O Livro de receita de Mio<\/strong><\/h5>\n<p>&nbsp;<\/p>\n<p>Ap\u00f3s uma tr\u00e1gica enchente, a jovem Mio deixa sua cidade natal, Osaka, para trabalhar em um restaurante em Edo. Extremamente talentosa, se surpreende com a diferen\u00e7a de gosto entre Osaka e Edo e tenta encontrar uma solu\u00e7\u00e3o. Nesse meio tempo, descobre que sua melhor amiga, Noe, est\u00e1 em Edo. No entanto, raramente tem permiss\u00e3o para encontr\u00e1-la, por ter um status social humilde. Ambientado no Jap\u00e3o, h\u00e1 cerca de 200 anos, o divertido drama de \u00e9poca retrata de forma revigorante o v\u00ednculo entre Mio, que aposta sua vida na culin\u00e1ria, e Noe, que se tornou uma gueixa de alto n\u00edvel em Yoshiwara, o maior distrito da luz vermelha do Jap\u00e3o. O per\u00edodo Edo, que perdurou por mais de 200 anos, do s\u00e9culo XVII ao XIX, foi uma \u00e9poca de relativa paz e maturidade cultural no Jap\u00e3o. Os pratos meticulosamente preparados no filme parecem representar o esp\u00edrito &#8220;iki&#8221; da cultura japonesa.<\/p>\n<p>&nbsp;<\/p>\n<p><img fetchpriority=\"high\" decoding=\"async\" class=\"img-responsive img-fluid wp-image-18216 size-full aligncenter\" src=\"https:\/\/fjsp.org.br\/fjsp\/wp-content\/uploads\/2021\/11\/imagens-mio-pic.png\" alt=\"\" width=\"2500\" height=\"522\" srcset=\"https:\/\/fjsp.org.br\/fjsp\/wp-content\/uploads\/2021\/11\/imagens-mio-pic.png 2500w, https:\/\/fjsp.org.br\/fjsp\/wp-content\/uploads\/2021\/11\/imagens-mio-pic-280x58.png 280w, https:\/\/fjsp.org.br\/fjsp\/wp-content\/uploads\/2021\/11\/imagens-mio-pic-768x160.png 768w, https:\/\/fjsp.org.br\/fjsp\/wp-content\/uploads\/2021\/11\/imagens-mio-pic-1536x321.png 1536w, https:\/\/fjsp.org.br\/fjsp\/wp-content\/uploads\/2021\/11\/imagens-mio-pic-2048x428.png 2048w, https:\/\/fjsp.org.br\/fjsp\/wp-content\/uploads\/2021\/11\/imagens-mio-pic-340x71.png 340w, https:\/\/fjsp.org.br\/fjsp\/wp-content\/uploads\/2021\/11\/imagens-mio-pic-220x46.png 220w, https:\/\/fjsp.org.br\/fjsp\/wp-content\/uploads\/2021\/11\/imagens-mio-pic-100x21.png 100w, https:\/\/fjsp.org.br\/fjsp\/wp-content\/uploads\/2021\/11\/imagens-mio-pic-130x27.png 130w, https:\/\/fjsp.org.br\/fjsp\/wp-content\/uploads\/2021\/11\/imagens-mio-pic-460x96.png 460w\" sizes=\"(max-width: 2500px) 100vw, 2500px\" \/><\/p>\n<p>&nbsp;<\/p>\n<p><strong>Ano: <\/strong>2020<\/p>\n<p><strong>Dura\u00e7\u00e3o: <\/strong>131 min<\/p>\n<p><strong>Classifica\u00e7\u00e3o: <\/strong>12 anos<strong><br \/>\n<\/strong><\/p>\n<p><strong>Dire\u00e7\u00e3o:<\/strong> Haruki Kadokawa<\/p>\n<p><strong>Roteiro: <\/strong>Era Itaru, Kana Matsui, Haruki Kadokawa<\/p>\n<p>Baseado na s\u00e9rie de romances &#8220;Mi wo Tsukushi Ryoricho&#8221;, de Kaoru Takada<\/p>\n<p><strong>Elenco<\/strong><br \/>\nHonoka Matsumoto<br \/>\nNao<br \/>\nMayumi Wakamura<br \/>\nAtsuko Asano<br \/>\nYosuke Kubozuka<br \/>\nYuta Koseki<br \/>\nTakashi Fujii<br \/>\nHironobu Nomura<br \/>\nMisa Eto<br \/>\nNoriko Watanabe<br \/>\nJun Murakami<br \/>\nToshiyuki Nagashima<br \/>\nKenichi Matsuyama<br \/>\nTakashi Sorimachi<br \/>\nTakaaki Enoki<br \/>\nTakeshi Kaga<br \/>\nHiroko Yakushimaru<br \/>\nKoji Ishizaka (participa\u00e7\u00e3o especial)<br \/>\nNakamura Shido<\/p>\n<p><strong><a href=\"https:\/\/www.miotsukushi-movie.jp\/\" target=\"_blank\" rel=\"noopener\">site<\/a><\/strong><\/p>\n<p>&nbsp;<\/p>\n<h3><strong>FILMES<\/strong><\/h3>\n<p><a href=\"https:\/\/fjsp.org.br\/fjsp\/mcj2021_the-night-beyond-the-tricornered-window\/\"><img decoding=\"async\" class=\"img-responsive img-fluid alignnone wp-image-18169\" src=\"https:\/\/fjsp.org.br\/fjsp\/wp-content\/uploads\/2021\/11\/poster-sankaku-poster.png\" alt=\"\" width=\"170\" height=\"272\" srcset=\"https:\/\/fjsp.org.br\/fjsp\/wp-content\/uploads\/2021\/11\/poster-sankaku-poster.png 1043w, https:\/\/fjsp.org.br\/fjsp\/wp-content\/uploads\/2021\/11\/poster-sankaku-poster-280x448.png 280w, https:\/\/fjsp.org.br\/fjsp\/wp-content\/uploads\/2021\/11\/poster-sankaku-poster-768x1227.png 768w, https:\/\/fjsp.org.br\/fjsp\/wp-content\/uploads\/2021\/11\/poster-sankaku-poster-961x1536.png 961w, https:\/\/fjsp.org.br\/fjsp\/wp-content\/uploads\/2021\/11\/poster-sankaku-poster-340x543.png 340w, https:\/\/fjsp.org.br\/fjsp\/wp-content\/uploads\/2021\/11\/poster-sankaku-poster-220x352.png 220w, https:\/\/fjsp.org.br\/fjsp\/wp-content\/uploads\/2021\/11\/poster-sankaku-poster-100x160.png 100w, https:\/\/fjsp.org.br\/fjsp\/wp-content\/uploads\/2021\/11\/poster-sankaku-poster-130x208.png 130w, https:\/\/fjsp.org.br\/fjsp\/wp-content\/uploads\/2021\/11\/poster-sankaku-poster-460x735.png 460w\" sizes=\"(max-width: 170px) 100vw, 170px\" \/><\/a><a href=\"https:\/\/fjsp.org.br\/fjsp\/mcj2021_its-a-summer-film\/\"><img decoding=\"async\" class=\"img-responsive img-fluid alignnone wp-image-18170\" src=\"https:\/\/fjsp.org.br\/fjsp\/wp-content\/uploads\/2021\/11\/poster-summer-poster.png\" alt=\"\" width=\"170\" height=\"272\" srcset=\"https:\/\/fjsp.org.br\/fjsp\/wp-content\/uploads\/2021\/11\/poster-summer-poster.png 1042w, https:\/\/fjsp.org.br\/fjsp\/wp-content\/uploads\/2021\/11\/poster-summer-poster-280x448.png 280w, https:\/\/fjsp.org.br\/fjsp\/wp-content\/uploads\/2021\/11\/poster-summer-poster-768x1229.png 768w, https:\/\/fjsp.org.br\/fjsp\/wp-content\/uploads\/2021\/11\/poster-summer-poster-960x1536.png 960w, https:\/\/fjsp.org.br\/fjsp\/wp-content\/uploads\/2021\/11\/poster-summer-poster-340x544.png 340w, https:\/\/fjsp.org.br\/fjsp\/wp-content\/uploads\/2021\/11\/poster-summer-poster-220x352.png 220w, https:\/\/fjsp.org.br\/fjsp\/wp-content\/uploads\/2021\/11\/poster-summer-poster-100x160.png 100w, https:\/\/fjsp.org.br\/fjsp\/wp-content\/uploads\/2021\/11\/poster-summer-poster-130x208.png 130w, https:\/\/fjsp.org.br\/fjsp\/wp-content\/uploads\/2021\/11\/poster-summer-poster-460x736.png 460w\" sizes=\"(max-width: 170px) 100vw, 170px\" \/><\/a><a href=\"https:\/\/fjsp.org.br\/fjsp\/mcj2021_under-the-open-sky\/\"><img loading=\"lazy\" decoding=\"async\" class=\"img-responsive img-fluid alignnone wp-image-18171\" src=\"https:\/\/fjsp.org.br\/fjsp\/wp-content\/uploads\/2021\/11\/poster-under-poster.png\" alt=\"\" width=\"170\" height=\"272\" srcset=\"https:\/\/fjsp.org.br\/fjsp\/wp-content\/uploads\/2021\/11\/poster-under-poster.png 1043w, https:\/\/fjsp.org.br\/fjsp\/wp-content\/uploads\/2021\/11\/poster-under-poster-280x448.png 280w, https:\/\/fjsp.org.br\/fjsp\/wp-content\/uploads\/2021\/11\/poster-under-poster-768x1227.png 768w, https:\/\/fjsp.org.br\/fjsp\/wp-content\/uploads\/2021\/11\/poster-under-poster-961x1536.png 961w, https:\/\/fjsp.org.br\/fjsp\/wp-content\/uploads\/2021\/11\/poster-under-poster-340x543.png 340w, https:\/\/fjsp.org.br\/fjsp\/wp-content\/uploads\/2021\/11\/poster-under-poster-220x352.png 220w, https:\/\/fjsp.org.br\/fjsp\/wp-content\/uploads\/2021\/11\/poster-under-poster-100x160.png 100w, https:\/\/fjsp.org.br\/fjsp\/wp-content\/uploads\/2021\/11\/poster-under-poster-130x208.png 130w, https:\/\/fjsp.org.br\/fjsp\/wp-content\/uploads\/2021\/11\/poster-under-poster-460x735.png 460w\" sizes=\"(max-width: 170px) 100vw, 170px\" \/><\/a><a href=\"https:\/\/fjsp.org.br\/fjsp\/mcj2021_liar-x-liar\/\"><img loading=\"lazy\" decoding=\"async\" class=\"img-responsive img-fluid alignnone wp-image-18166\" src=\"https:\/\/fjsp.org.br\/fjsp\/wp-content\/uploads\/2021\/11\/poster-liar-poster.png\" alt=\"\" width=\"170\" height=\"272\" srcset=\"https:\/\/fjsp.org.br\/fjsp\/wp-content\/uploads\/2021\/11\/poster-liar-poster.png 1042w, https:\/\/fjsp.org.br\/fjsp\/wp-content\/uploads\/2021\/11\/poster-liar-poster-280x448.png 280w, https:\/\/fjsp.org.br\/fjsp\/wp-content\/uploads\/2021\/11\/poster-liar-poster-768x1229.png 768w, https:\/\/fjsp.org.br\/fjsp\/wp-content\/uploads\/2021\/11\/poster-liar-poster-960x1536.png 960w, https:\/\/fjsp.org.br\/fjsp\/wp-content\/uploads\/2021\/11\/poster-liar-poster-340x544.png 340w, https:\/\/fjsp.org.br\/fjsp\/wp-content\/uploads\/2021\/11\/poster-liar-poster-220x352.png 220w, https:\/\/fjsp.org.br\/fjsp\/wp-content\/uploads\/2021\/11\/poster-liar-poster-100x160.png 100w, https:\/\/fjsp.org.br\/fjsp\/wp-content\/uploads\/2021\/11\/poster-liar-poster-130x208.png 130w, https:\/\/fjsp.org.br\/fjsp\/wp-content\/uploads\/2021\/11\/poster-liar-poster-460x736.png 460w\" sizes=\"(max-width: 170px) 100vw, 170px\" \/><\/a><a href=\"https:\/\/fjsp.org.br\/fjsp\/mcj2021_poupelle-of-chimney-town\/\"><img loading=\"lazy\" decoding=\"async\" class=\"img-responsive img-fluid alignnone wp-image-18168\" src=\"https:\/\/fjsp.org.br\/fjsp\/wp-content\/uploads\/2021\/11\/poster-poupele-poster.png\" alt=\"\" width=\"170\" height=\"272\" srcset=\"https:\/\/fjsp.org.br\/fjsp\/wp-content\/uploads\/2021\/11\/poster-poupele-poster.png 1042w, https:\/\/fjsp.org.br\/fjsp\/wp-content\/uploads\/2021\/11\/poster-poupele-poster-280x448.png 280w, https:\/\/fjsp.org.br\/fjsp\/wp-content\/uploads\/2021\/11\/poster-poupele-poster-768x1229.png 768w, https:\/\/fjsp.org.br\/fjsp\/wp-content\/uploads\/2021\/11\/poster-poupele-poster-960x1536.png 960w, https:\/\/fjsp.org.br\/fjsp\/wp-content\/uploads\/2021\/11\/poster-poupele-poster-340x544.png 340w, https:\/\/fjsp.org.br\/fjsp\/wp-content\/uploads\/2021\/11\/poster-poupele-poster-220x352.png 220w, https:\/\/fjsp.org.br\/fjsp\/wp-content\/uploads\/2021\/11\/poster-poupele-poster-100x160.png 100w, https:\/\/fjsp.org.br\/fjsp\/wp-content\/uploads\/2021\/11\/poster-poupele-poster-130x208.png 130w, https:\/\/fjsp.org.br\/fjsp\/wp-content\/uploads\/2021\/11\/poster-poupele-poster-460x736.png 460w\" sizes=\"(max-width: 170px) 100vw, 170px\" \/><\/a><a href=\"https:\/\/fjsp.org.br\/fjsp\/mcj2021_hokusai\/\"><img loading=\"lazy\" decoding=\"async\" class=\"img-responsive img-fluid alignnone wp-image-18244\" src=\"https:\/\/fjsp.org.br\/fjsp\/wp-content\/uploads\/2021\/11\/poster-hokusai-poster.png\" alt=\"\" width=\"170\" height=\"272\" srcset=\"https:\/\/fjsp.org.br\/fjsp\/wp-content\/uploads\/2021\/11\/poster-hokusai-poster.png 1042w, https:\/\/fjsp.org.br\/fjsp\/wp-content\/uploads\/2021\/11\/poster-hokusai-poster-280x448.png 280w, https:\/\/fjsp.org.br\/fjsp\/wp-content\/uploads\/2021\/11\/poster-hokusai-poster-768x1229.png 768w, https:\/\/fjsp.org.br\/fjsp\/wp-content\/uploads\/2021\/11\/poster-hokusai-poster-960x1536.png 960w, https:\/\/fjsp.org.br\/fjsp\/wp-content\/uploads\/2021\/11\/poster-hokusai-poster-340x544.png 340w, https:\/\/fjsp.org.br\/fjsp\/wp-content\/uploads\/2021\/11\/poster-hokusai-poster-220x352.png 220w, https:\/\/fjsp.org.br\/fjsp\/wp-content\/uploads\/2021\/11\/poster-hokusai-poster-100x160.png 100w, https:\/\/fjsp.org.br\/fjsp\/wp-content\/uploads\/2021\/11\/poster-hokusai-poster-130x208.png 130w, https:\/\/fjsp.org.br\/fjsp\/wp-content\/uploads\/2021\/11\/poster-hokusai-poster-460x736.png 460w\" sizes=\"(max-width: 170px) 100vw, 170px\" \/><\/a><a href=\"https:\/\/fjsp.org.br\/fjsp\/mcj2021_kamen-rider-zero-one-realxtime\/\"><img loading=\"lazy\" decoding=\"async\" class=\"img-responsive img-fluid alignnone wp-image-18245\" src=\"https:\/\/fjsp.org.br\/fjsp\/wp-content\/uploads\/2021\/11\/poster-kamen-poster.png\" alt=\"\" width=\"170\" height=\"272\" srcset=\"https:\/\/fjsp.org.br\/fjsp\/wp-content\/uploads\/2021\/11\/poster-kamen-poster.png 1043w, https:\/\/fjsp.org.br\/fjsp\/wp-content\/uploads\/2021\/11\/poster-kamen-poster-280x448.png 280w, https:\/\/fjsp.org.br\/fjsp\/wp-content\/uploads\/2021\/11\/poster-kamen-poster-768x1228.png 768w, https:\/\/fjsp.org.br\/fjsp\/wp-content\/uploads\/2021\/11\/poster-kamen-poster-960x1536.png 960w, https:\/\/fjsp.org.br\/fjsp\/wp-content\/uploads\/2021\/11\/poster-kamen-poster-340x544.png 340w, https:\/\/fjsp.org.br\/fjsp\/wp-content\/uploads\/2021\/11\/poster-kamen-poster-220x352.png 220w, https:\/\/fjsp.org.br\/fjsp\/wp-content\/uploads\/2021\/11\/poster-kamen-poster-100x160.png 100w, https:\/\/fjsp.org.br\/fjsp\/wp-content\/uploads\/2021\/11\/poster-kamen-poster-130x208.png 130w, https:\/\/fjsp.org.br\/fjsp\/wp-content\/uploads\/2021\/11\/poster-kamen-poster-460x736.png 460w\" sizes=\"(max-width: 170px) 100vw, 170px\" \/><\/a><a href=\"https:\/\/fjsp.org.br\/fjsp\/mcj2021_office-royale\/\"><img loading=\"lazy\" decoding=\"async\" class=\"img-responsive img-fluid alignnone wp-image-18247\" src=\"https:\/\/fjsp.org.br\/fjsp\/wp-content\/uploads\/2021\/11\/poster-office-poster.png\" alt=\"\" width=\"170\" height=\"272\" srcset=\"https:\/\/fjsp.org.br\/fjsp\/wp-content\/uploads\/2021\/11\/poster-office-poster.png 1043w, https:\/\/fjsp.org.br\/fjsp\/wp-content\/uploads\/2021\/11\/poster-office-poster-280x448.png 280w, https:\/\/fjsp.org.br\/fjsp\/wp-content\/uploads\/2021\/11\/poster-office-poster-768x1228.png 768w, https:\/\/fjsp.org.br\/fjsp\/wp-content\/uploads\/2021\/11\/poster-office-poster-960x1536.png 960w, https:\/\/fjsp.org.br\/fjsp\/wp-content\/uploads\/2021\/11\/poster-office-poster-340x544.png 340w, https:\/\/fjsp.org.br\/fjsp\/wp-content\/uploads\/2021\/11\/poster-office-poster-220x352.png 220w, https:\/\/fjsp.org.br\/fjsp\/wp-content\/uploads\/2021\/11\/poster-office-poster-100x160.png 100w, https:\/\/fjsp.org.br\/fjsp\/wp-content\/uploads\/2021\/11\/poster-office-poster-130x208.png 130w, https:\/\/fjsp.org.br\/fjsp\/wp-content\/uploads\/2021\/11\/poster-office-poster-460x736.png 460w\" sizes=\"(max-width: 170px) 100vw, 170px\" \/><\/a><a href=\"https:\/\/fjsp.org.br\/fjsp\/mcj2021_the-promised-neverland\/\"><img loading=\"lazy\" decoding=\"async\" class=\"img-responsive img-fluid alignnone wp-image-18242\" src=\"https:\/\/fjsp.org.br\/fjsp\/wp-content\/uploads\/2021\/11\/poster-promised-poster.png\" alt=\"\" width=\"170\" height=\"272\" srcset=\"https:\/\/fjsp.org.br\/fjsp\/wp-content\/uploads\/2021\/11\/poster-promised-poster.png 1043w, https:\/\/fjsp.org.br\/fjsp\/wp-content\/uploads\/2021\/11\/poster-promised-poster-280x448.png 280w, https:\/\/fjsp.org.br\/fjsp\/wp-content\/uploads\/2021\/11\/poster-promised-poster-768x1228.png 768w, https:\/\/fjsp.org.br\/fjsp\/wp-content\/uploads\/2021\/11\/poster-promised-poster-960x1536.png 960w, https:\/\/fjsp.org.br\/fjsp\/wp-content\/uploads\/2021\/11\/poster-promised-poster-340x544.png 340w, https:\/\/fjsp.org.br\/fjsp\/wp-content\/uploads\/2021\/11\/poster-promised-poster-220x352.png 220w, https:\/\/fjsp.org.br\/fjsp\/wp-content\/uploads\/2021\/11\/poster-promised-poster-100x160.png 100w, https:\/\/fjsp.org.br\/fjsp\/wp-content\/uploads\/2021\/11\/poster-promised-poster-130x208.png 130w, https:\/\/fjsp.org.br\/fjsp\/wp-content\/uploads\/2021\/11\/poster-promised-poster-460x736.png 460w\" sizes=\"(max-width: 170px) 100vw, 170px\" \/><\/a><a href=\"https:\/\/fjsp.org.br\/fjsp\/mcj2021_the-mole-song-undercover-agent-reiji\/\"><img loading=\"lazy\" decoding=\"async\" class=\"img-responsive img-fluid alignnone wp-image-18246\" src=\"https:\/\/fjsp.org.br\/fjsp\/wp-content\/uploads\/2021\/11\/poster-mole-poster.png\" alt=\"\" width=\"170\" height=\"272\" srcset=\"https:\/\/fjsp.org.br\/fjsp\/wp-content\/uploads\/2021\/11\/poster-mole-poster.png 1042w, https:\/\/fjsp.org.br\/fjsp\/wp-content\/uploads\/2021\/11\/poster-mole-poster-280x448.png 280w, https:\/\/fjsp.org.br\/fjsp\/wp-content\/uploads\/2021\/11\/poster-mole-poster-768x1229.png 768w, https:\/\/fjsp.org.br\/fjsp\/wp-content\/uploads\/2021\/11\/poster-mole-poster-960x1536.png 960w, https:\/\/fjsp.org.br\/fjsp\/wp-content\/uploads\/2021\/11\/poster-mole-poster-340x544.png 340w, https:\/\/fjsp.org.br\/fjsp\/wp-content\/uploads\/2021\/11\/poster-mole-poster-220x352.png 220w, https:\/\/fjsp.org.br\/fjsp\/wp-content\/uploads\/2021\/11\/poster-mole-poster-100x160.png 100w, https:\/\/fjsp.org.br\/fjsp\/wp-content\/uploads\/2021\/11\/poster-mole-poster-130x208.png 130w, https:\/\/fjsp.org.br\/fjsp\/wp-content\/uploads\/2021\/11\/poster-mole-poster-460x736.png 460w\" sizes=\"(max-width: 170px) 100vw, 170px\" \/><\/a><a href=\"https:\/\/fjsp.org.br\/fjsp\/mcj2021_peaceful-death\/\" target=\"_blank\" rel=\"noopener\"><img loading=\"lazy\" decoding=\"async\" class=\"img-responsive img-fluid alignnone wp-image-18243\" src=\"https:\/\/fjsp.org.br\/fjsp\/wp-content\/uploads\/2021\/11\/poster-despedida-poster.png\" alt=\"\" width=\"170\" height=\"272\" srcset=\"https:\/\/fjsp.org.br\/fjsp\/wp-content\/uploads\/2021\/11\/poster-despedida-poster.png 1042w, https:\/\/fjsp.org.br\/fjsp\/wp-content\/uploads\/2021\/11\/poster-despedida-poster-280x448.png 280w, https:\/\/fjsp.org.br\/fjsp\/wp-content\/uploads\/2021\/11\/poster-despedida-poster-768x1229.png 768w, https:\/\/fjsp.org.br\/fjsp\/wp-content\/uploads\/2021\/11\/poster-despedida-poster-960x1536.png 960w, https:\/\/fjsp.org.br\/fjsp\/wp-content\/uploads\/2021\/11\/poster-despedida-poster-340x544.png 340w, https:\/\/fjsp.org.br\/fjsp\/wp-content\/uploads\/2021\/11\/poster-despedida-poster-220x352.png 220w, https:\/\/fjsp.org.br\/fjsp\/wp-content\/uploads\/2021\/11\/poster-despedida-poster-100x160.png 100w, https:\/\/fjsp.org.br\/fjsp\/wp-content\/uploads\/2021\/11\/poster-despedida-poster-130x208.png 130w, https:\/\/fjsp.org.br\/fjsp\/wp-content\/uploads\/2021\/11\/poster-despedida-poster-460x736.png 460w\" sizes=\"(max-width: 170px) 100vw, 170px\" \/><\/a><\/p>\n<p>&nbsp;<\/p>\n<script type=\"text\/javascript\"> toolTips('.classtoolTips76','A palavra <em><span class='tooltipsall tooltipsincontent classtoolTips76'>kami<\/span><\/em> significa \u201cm\u00edstico\u201d, \u201csuperior\u201d, \u201cdivino\u201d, estando normalmente ligada ao poder sagrado ou divino.'); <\/script><script type=\"text\/javascript\"> toolTips('.classtoolTips77','<span class=\"TextRun  BCX0 SCXW127757320\" lang=\"PT-BR\" xml:lang=\"PT-BR\" data-contrast=\"auto\"><span class=\"NormalTextRun  BCX0 SCXW127757320\"><em>Lato sensu<\/em>,\u00a0<\/span><\/span><span class=\"TextRun  BCX0 SCXW127757320\" lang=\"PT-BR\" xml:lang=\"PT-BR\" data-contrast=\"auto\"><span class=\"NormalTextRun  BCX0 SCXW127757320\">\u201cpoesia em japon\u00eas\u201d.\u00a0<\/span><\/span><span class=\"TextRun  BCX0 SCXW127757320\" lang=\"PT-BR\" xml:lang=\"PT-BR\" data-contrast=\"auto\"><span class=\"NormalTextRun  BCX0 SCXW127757320\"><em>Stricto sensu<\/em>,\u00a0<\/span><\/span><span class=\"TextRun  BCX0 SCXW127757320\" lang=\"PT-BR\" xml:lang=\"PT-BR\" data-contrast=\"auto\"><span class=\"NormalTextRun  BCX0 SCXW127757320\">o mesmo que\u00a0<\/span><\/span><span class=\"TextRun  BCX0 SCXW127757320\" lang=\"PT-BR\" xml:lang=\"PT-BR\" data-contrast=\"auto\"><em><span class=\"NormalTextRun SpellingErrorV2  BCX0 DefaultHighlightTransition SCXW127757320\"><span class='tooltipsall tooltipsincontent classtoolTips75'>tanka<\/span><\/span><\/em><span class=\"NormalTextRun  BCX0 SCXW127757320\">.<\/span><\/span>'); <\/script>","protected":false},"excerpt":{"rendered":"<p>P\u00e1gina inicial &nbsp; &nbsp; Exibi\u00e7\u00f5es 3 de dezembro (sexta-feira) &#8211; 16h30\u00a0 10 de dezembro (sexta-feira) &#8211; 13h30 &nbsp; Mio\u2019s Cookbook \u307f\u3092\u3064\u304f\u3057\u6599\u7406\u5e16 (Mi wo Tsukushi Ryorich\u00f4) O Livro de receita de Mio &nbsp; Ap\u00f3s uma tr\u00e1gica enchente, a jovem Mio deixa sua cidade natal, Osaka, para trabalhar em um restaurante em Edo. Extremamente talentosa, se surpreende [&hellip;]<\/p>\n","protected":false},"author":34,"featured_media":0,"parent":0,"menu_order":0,"comment_status":"closed","ping_status":"closed","template":"","meta":{"_acf_changed":false,"footnotes":""},"class_list":["post-18214","page","type-page","status-publish","hentry"],"acf":[],"_links":{"self":[{"href":"https:\/\/fjsp.org.br\/fjsp\/wp-json\/wp\/v2\/pages\/18214","targetHints":{"allow":["GET"]}}],"collection":[{"href":"https:\/\/fjsp.org.br\/fjsp\/wp-json\/wp\/v2\/pages"}],"about":[{"href":"https:\/\/fjsp.org.br\/fjsp\/wp-json\/wp\/v2\/types\/page"}],"author":[{"embeddable":true,"href":"https:\/\/fjsp.org.br\/fjsp\/wp-json\/wp\/v2\/users\/34"}],"replies":[{"embeddable":true,"href":"https:\/\/fjsp.org.br\/fjsp\/wp-json\/wp\/v2\/comments?post=18214"}],"version-history":[{"count":2,"href":"https:\/\/fjsp.org.br\/fjsp\/wp-json\/wp\/v2\/pages\/18214\/revisions"}],"predecessor-version":[{"id":18355,"href":"https:\/\/fjsp.org.br\/fjsp\/wp-json\/wp\/v2\/pages\/18214\/revisions\/18355"}],"wp:attachment":[{"href":"https:\/\/fjsp.org.br\/fjsp\/wp-json\/wp\/v2\/media?parent=18214"}],"curies":[{"name":"wp","href":"https:\/\/api.w.org\/{rel}","templated":true}]}}