{"id":18224,"date":"2021-11-18T23:47:52","date_gmt":"2021-11-19T02:47:52","guid":{"rendered":"https:\/\/fjsp.org.br\/fjsp\/?page_id=18224"},"modified":"2021-11-26T16:14:22","modified_gmt":"2021-11-26T19:14:22","slug":"mcj2021_office-royale","status":"publish","type":"page","link":"https:\/\/fjsp.org.br\/fjsp\/mcj2021_office-royale\/","title":{"rendered":"Mostra de Cinema Japon\u00eas &#8211; Office Royale (\u5730\u7344\u306e\u82b1\u5712 )"},"content":{"rendered":"<h5 style=\"text-align: right\"><a href=\"https:\/\/fjsp.org.br\/fjsp\/agenda\/mostra-de-cinema-japones-2021\/\"><strong>P\u00e1gina inicial<\/strong><\/a><\/h5>\n<p>&nbsp;<\/p>\n<div class='cleaner'><\/div>\n<div class='videoWrapper embed-responsive embed-responsive-16by9 ratio ratio-16x9'><iframe title=\"OFFICE ROYALE | Funda\u00e7\u00e3o Jap\u00e3o em S\u00e3o Paulo (Trailer Oficial)\" width=\"700\" height=\"394\" src=\"https:\/\/www.youtube.com\/embed\/hD9kpt57qQ4?feature=oembed\" frameborder=\"0\" allow=\"accelerometer; autoplay; clipboard-write; encrypted-media; gyroscope; picture-in-picture\" allowfullscreen><\/iframe><\/div>\n<p>&nbsp;<\/p>\n<h3 style=\"text-align: center\"><strong>Exibi\u00e7\u00f5es<\/strong><\/h3>\n<p style=\"text-align: center\"><strong>5 de dezembro (domingo) &#8211; 20h00\u00a0<\/strong><\/p>\n<p style=\"text-align: center\"><strong>11 de dezembro (s\u00e1bado) &#8211; 20h00<\/strong><\/p>\n<p>&nbsp;<\/p>\n<h2><strong>Office Royale <\/strong><\/h2>\n<h4><strong>\u5730\u7344\u306e\u82b1\u5712 (<em>Jigoku no Hanazono<\/em>)\u00a0\u00a0\u00a0\u00a0\u00a0\u00a0\u00a0 <\/strong><\/h4>\n<p>&nbsp;<\/p>\n<p>Naoko Tanaka \u00e9 uma senhora de escrit\u00f3rio de 26 anos. Seu trabalho \u00e9 t\u00edp\u00edco, mas seu local de trabalho tem brigas ferozes entre diferentes grupos. Outras damas de escrit\u00f3rio est\u00e3o absortas na luta di\u00e1ria da camilha. Um dia devido a uma funcion\u00e1ria da empresa, a empresa de Naoko \u00e9 visada por uma funcion\u00e1ria de todo o Jap\u00e3o.<\/p>\n<p>&nbsp;<\/p>\n<p><img fetchpriority=\"high\" decoding=\"async\" class=\"img-responsive img-fluid size-full wp-image-18363 aligncenter\" src=\"https:\/\/fjsp.org.br\/fjsp\/wp-content\/uploads\/2021\/11\/imagens-office-img.png\" alt=\"\" width=\"2500\" height=\"522\" srcset=\"https:\/\/fjsp.org.br\/fjsp\/wp-content\/uploads\/2021\/11\/imagens-office-img.png 2500w, https:\/\/fjsp.org.br\/fjsp\/wp-content\/uploads\/2021\/11\/imagens-office-img-280x58.png 280w, https:\/\/fjsp.org.br\/fjsp\/wp-content\/uploads\/2021\/11\/imagens-office-img-768x160.png 768w, https:\/\/fjsp.org.br\/fjsp\/wp-content\/uploads\/2021\/11\/imagens-office-img-1536x321.png 1536w, https:\/\/fjsp.org.br\/fjsp\/wp-content\/uploads\/2021\/11\/imagens-office-img-2048x428.png 2048w, https:\/\/fjsp.org.br\/fjsp\/wp-content\/uploads\/2021\/11\/imagens-office-img-340x71.png 340w, https:\/\/fjsp.org.br\/fjsp\/wp-content\/uploads\/2021\/11\/imagens-office-img-220x46.png 220w, https:\/\/fjsp.org.br\/fjsp\/wp-content\/uploads\/2021\/11\/imagens-office-img-100x21.png 100w, https:\/\/fjsp.org.br\/fjsp\/wp-content\/uploads\/2021\/11\/imagens-office-img-130x27.png 130w, https:\/\/fjsp.org.br\/fjsp\/wp-content\/uploads\/2021\/11\/imagens-office-img-460x96.png 460w\" sizes=\"(max-width: 2500px) 100vw, 2500px\" \/><\/p>\n<p>&nbsp;<\/p>\n<p><strong>Ano: <\/strong>2021<\/p>\n<p><strong>Dura\u00e7\u00e3o:<\/strong> 108 min<\/p>\n<p><strong>Classifica\u00e7\u00e3o: <\/strong>14 anos<strong><br \/>\n<\/strong><\/p>\n<p><strong>Dire\u00e7\u00e3o:<\/strong> Kazuaki Seki<\/p>\n<p><strong>Roteiro:<\/strong> Yuya Takahashi<\/p>\n<p><strong>Elenco<\/strong><br \/>\nMei Nagano<br \/>\nAlice Hirose<br \/>\nNanao<br \/>\nRina Kawaei<br \/>\nMiyuki Ohshima<br \/>\nMasanobu Katsumura<br \/>\nSatoru Matsuo<br \/>\nTomomi Maruyama<br \/>\nKen&#8217;ichi End\u00f4<br \/>\nEiko Koike<\/p>\n<p><strong><a href=\"https:\/\/www.imdb.com\/title\/tt14605182\/\" target=\"_blank\" rel=\"noopener\">site<\/a><\/strong><\/p>\n<p>&nbsp;<\/p>\n<h3><strong>FILMES<\/strong><\/h3>\n<p><a href=\"https:\/\/fjsp.org.br\/fjsp\/mcj2021_the-night-beyond-the-tricornered-window\/\"><img decoding=\"async\" class=\"img-responsive img-fluid alignnone wp-image-18169\" src=\"https:\/\/fjsp.org.br\/fjsp\/wp-content\/uploads\/2021\/11\/poster-sankaku-poster.png\" alt=\"\" width=\"170\" height=\"272\" srcset=\"https:\/\/fjsp.org.br\/fjsp\/wp-content\/uploads\/2021\/11\/poster-sankaku-poster.png 1043w, https:\/\/fjsp.org.br\/fjsp\/wp-content\/uploads\/2021\/11\/poster-sankaku-poster-280x448.png 280w, https:\/\/fjsp.org.br\/fjsp\/wp-content\/uploads\/2021\/11\/poster-sankaku-poster-768x1227.png 768w, https:\/\/fjsp.org.br\/fjsp\/wp-content\/uploads\/2021\/11\/poster-sankaku-poster-961x1536.png 961w, https:\/\/fjsp.org.br\/fjsp\/wp-content\/uploads\/2021\/11\/poster-sankaku-poster-340x543.png 340w, https:\/\/fjsp.org.br\/fjsp\/wp-content\/uploads\/2021\/11\/poster-sankaku-poster-220x352.png 220w, https:\/\/fjsp.org.br\/fjsp\/wp-content\/uploads\/2021\/11\/poster-sankaku-poster-100x160.png 100w, https:\/\/fjsp.org.br\/fjsp\/wp-content\/uploads\/2021\/11\/poster-sankaku-poster-130x208.png 130w, https:\/\/fjsp.org.br\/fjsp\/wp-content\/uploads\/2021\/11\/poster-sankaku-poster-460x735.png 460w\" sizes=\"(max-width: 170px) 100vw, 170px\" \/><\/a><a href=\"https:\/\/fjsp.org.br\/fjsp\/mcj2021_its-a-summer-film\/\"><img decoding=\"async\" class=\"img-responsive img-fluid alignnone wp-image-18170\" src=\"https:\/\/fjsp.org.br\/fjsp\/wp-content\/uploads\/2021\/11\/poster-summer-poster.png\" alt=\"\" width=\"170\" height=\"272\" srcset=\"https:\/\/fjsp.org.br\/fjsp\/wp-content\/uploads\/2021\/11\/poster-summer-poster.png 1042w, https:\/\/fjsp.org.br\/fjsp\/wp-content\/uploads\/2021\/11\/poster-summer-poster-280x448.png 280w, https:\/\/fjsp.org.br\/fjsp\/wp-content\/uploads\/2021\/11\/poster-summer-poster-768x1229.png 768w, https:\/\/fjsp.org.br\/fjsp\/wp-content\/uploads\/2021\/11\/poster-summer-poster-960x1536.png 960w, https:\/\/fjsp.org.br\/fjsp\/wp-content\/uploads\/2021\/11\/poster-summer-poster-340x544.png 340w, https:\/\/fjsp.org.br\/fjsp\/wp-content\/uploads\/2021\/11\/poster-summer-poster-220x352.png 220w, https:\/\/fjsp.org.br\/fjsp\/wp-content\/uploads\/2021\/11\/poster-summer-poster-100x160.png 100w, https:\/\/fjsp.org.br\/fjsp\/wp-content\/uploads\/2021\/11\/poster-summer-poster-130x208.png 130w, https:\/\/fjsp.org.br\/fjsp\/wp-content\/uploads\/2021\/11\/poster-summer-poster-460x736.png 460w\" sizes=\"(max-width: 170px) 100vw, 170px\" \/><\/a><a href=\"https:\/\/fjsp.org.br\/fjsp\/mcj2021_under-the-open-sky\/\"><img loading=\"lazy\" decoding=\"async\" class=\"img-responsive img-fluid alignnone wp-image-18171\" src=\"https:\/\/fjsp.org.br\/fjsp\/wp-content\/uploads\/2021\/11\/poster-under-poster.png\" alt=\"\" width=\"170\" height=\"272\" srcset=\"https:\/\/fjsp.org.br\/fjsp\/wp-content\/uploads\/2021\/11\/poster-under-poster.png 1043w, https:\/\/fjsp.org.br\/fjsp\/wp-content\/uploads\/2021\/11\/poster-under-poster-280x448.png 280w, https:\/\/fjsp.org.br\/fjsp\/wp-content\/uploads\/2021\/11\/poster-under-poster-768x1227.png 768w, https:\/\/fjsp.org.br\/fjsp\/wp-content\/uploads\/2021\/11\/poster-under-poster-961x1536.png 961w, https:\/\/fjsp.org.br\/fjsp\/wp-content\/uploads\/2021\/11\/poster-under-poster-340x543.png 340w, https:\/\/fjsp.org.br\/fjsp\/wp-content\/uploads\/2021\/11\/poster-under-poster-220x352.png 220w, https:\/\/fjsp.org.br\/fjsp\/wp-content\/uploads\/2021\/11\/poster-under-poster-100x160.png 100w, https:\/\/fjsp.org.br\/fjsp\/wp-content\/uploads\/2021\/11\/poster-under-poster-130x208.png 130w, https:\/\/fjsp.org.br\/fjsp\/wp-content\/uploads\/2021\/11\/poster-under-poster-460x735.png 460w\" sizes=\"(max-width: 170px) 100vw, 170px\" \/><\/a><a href=\"https:\/\/fjsp.org.br\/fjsp\/mcj2021_liar-x-liar\/\"><img loading=\"lazy\" decoding=\"async\" class=\"img-responsive img-fluid alignnone wp-image-18166\" src=\"https:\/\/fjsp.org.br\/fjsp\/wp-content\/uploads\/2021\/11\/poster-liar-poster.png\" alt=\"\" width=\"170\" height=\"272\" srcset=\"https:\/\/fjsp.org.br\/fjsp\/wp-content\/uploads\/2021\/11\/poster-liar-poster.png 1042w, https:\/\/fjsp.org.br\/fjsp\/wp-content\/uploads\/2021\/11\/poster-liar-poster-280x448.png 280w, https:\/\/fjsp.org.br\/fjsp\/wp-content\/uploads\/2021\/11\/poster-liar-poster-768x1229.png 768w, https:\/\/fjsp.org.br\/fjsp\/wp-content\/uploads\/2021\/11\/poster-liar-poster-960x1536.png 960w, https:\/\/fjsp.org.br\/fjsp\/wp-content\/uploads\/2021\/11\/poster-liar-poster-340x544.png 340w, https:\/\/fjsp.org.br\/fjsp\/wp-content\/uploads\/2021\/11\/poster-liar-poster-220x352.png 220w, https:\/\/fjsp.org.br\/fjsp\/wp-content\/uploads\/2021\/11\/poster-liar-poster-100x160.png 100w, https:\/\/fjsp.org.br\/fjsp\/wp-content\/uploads\/2021\/11\/poster-liar-poster-130x208.png 130w, https:\/\/fjsp.org.br\/fjsp\/wp-content\/uploads\/2021\/11\/poster-liar-poster-460x736.png 460w\" sizes=\"(max-width: 170px) 100vw, 170px\" \/><\/a><a href=\"https:\/\/fjsp.org.br\/fjsp\/mcj2021_poupelle-of-chimney-town\/\"><img loading=\"lazy\" decoding=\"async\" class=\"img-responsive img-fluid alignnone wp-image-18168\" src=\"https:\/\/fjsp.org.br\/fjsp\/wp-content\/uploads\/2021\/11\/poster-poupele-poster.png\" alt=\"\" width=\"170\" height=\"272\" srcset=\"https:\/\/fjsp.org.br\/fjsp\/wp-content\/uploads\/2021\/11\/poster-poupele-poster.png 1042w, https:\/\/fjsp.org.br\/fjsp\/wp-content\/uploads\/2021\/11\/poster-poupele-poster-280x448.png 280w, https:\/\/fjsp.org.br\/fjsp\/wp-content\/uploads\/2021\/11\/poster-poupele-poster-768x1229.png 768w, https:\/\/fjsp.org.br\/fjsp\/wp-content\/uploads\/2021\/11\/poster-poupele-poster-960x1536.png 960w, https:\/\/fjsp.org.br\/fjsp\/wp-content\/uploads\/2021\/11\/poster-poupele-poster-340x544.png 340w, https:\/\/fjsp.org.br\/fjsp\/wp-content\/uploads\/2021\/11\/poster-poupele-poster-220x352.png 220w, https:\/\/fjsp.org.br\/fjsp\/wp-content\/uploads\/2021\/11\/poster-poupele-poster-100x160.png 100w, https:\/\/fjsp.org.br\/fjsp\/wp-content\/uploads\/2021\/11\/poster-poupele-poster-130x208.png 130w, https:\/\/fjsp.org.br\/fjsp\/wp-content\/uploads\/2021\/11\/poster-poupele-poster-460x736.png 460w\" sizes=\"(max-width: 170px) 100vw, 170px\" \/><\/a><a href=\"https:\/\/fjsp.org.br\/fjsp\/mcj2021_mios-cookbook\/\"><img loading=\"lazy\" decoding=\"async\" class=\"img-responsive img-fluid alignnone wp-image-18167\" src=\"https:\/\/fjsp.org.br\/fjsp\/wp-content\/uploads\/2021\/11\/poster-mio-poster.png\" alt=\"\" width=\"170\" height=\"272\" srcset=\"https:\/\/fjsp.org.br\/fjsp\/wp-content\/uploads\/2021\/11\/poster-mio-poster.png 1043w, https:\/\/fjsp.org.br\/fjsp\/wp-content\/uploads\/2021\/11\/poster-mio-poster-280x448.png 280w, https:\/\/fjsp.org.br\/fjsp\/wp-content\/uploads\/2021\/11\/poster-mio-poster-768x1227.png 768w, https:\/\/fjsp.org.br\/fjsp\/wp-content\/uploads\/2021\/11\/poster-mio-poster-961x1536.png 961w, https:\/\/fjsp.org.br\/fjsp\/wp-content\/uploads\/2021\/11\/poster-mio-poster-340x543.png 340w, https:\/\/fjsp.org.br\/fjsp\/wp-content\/uploads\/2021\/11\/poster-mio-poster-220x352.png 220w, https:\/\/fjsp.org.br\/fjsp\/wp-content\/uploads\/2021\/11\/poster-mio-poster-100x160.png 100w, https:\/\/fjsp.org.br\/fjsp\/wp-content\/uploads\/2021\/11\/poster-mio-poster-130x208.png 130w, https:\/\/fjsp.org.br\/fjsp\/wp-content\/uploads\/2021\/11\/poster-mio-poster-460x735.png 460w\" sizes=\"(max-width: 170px) 100vw, 170px\" \/><\/a><a href=\"https:\/\/fjsp.org.br\/fjsp\/mcj2021_hokusai\/\"><img loading=\"lazy\" decoding=\"async\" class=\"img-responsive img-fluid alignnone wp-image-18244\" src=\"https:\/\/fjsp.org.br\/fjsp\/wp-content\/uploads\/2021\/11\/poster-hokusai-poster.png\" alt=\"\" width=\"170\" height=\"272\" srcset=\"https:\/\/fjsp.org.br\/fjsp\/wp-content\/uploads\/2021\/11\/poster-hokusai-poster.png 1042w, https:\/\/fjsp.org.br\/fjsp\/wp-content\/uploads\/2021\/11\/poster-hokusai-poster-280x448.png 280w, https:\/\/fjsp.org.br\/fjsp\/wp-content\/uploads\/2021\/11\/poster-hokusai-poster-768x1229.png 768w, https:\/\/fjsp.org.br\/fjsp\/wp-content\/uploads\/2021\/11\/poster-hokusai-poster-960x1536.png 960w, https:\/\/fjsp.org.br\/fjsp\/wp-content\/uploads\/2021\/11\/poster-hokusai-poster-340x544.png 340w, https:\/\/fjsp.org.br\/fjsp\/wp-content\/uploads\/2021\/11\/poster-hokusai-poster-220x352.png 220w, https:\/\/fjsp.org.br\/fjsp\/wp-content\/uploads\/2021\/11\/poster-hokusai-poster-100x160.png 100w, https:\/\/fjsp.org.br\/fjsp\/wp-content\/uploads\/2021\/11\/poster-hokusai-poster-130x208.png 130w, https:\/\/fjsp.org.br\/fjsp\/wp-content\/uploads\/2021\/11\/poster-hokusai-poster-460x736.png 460w\" sizes=\"(max-width: 170px) 100vw, 170px\" \/><\/a><a href=\"https:\/\/fjsp.org.br\/fjsp\/mcj2021_kamen-rider-zero-one-realxtime\/\"><img loading=\"lazy\" decoding=\"async\" class=\"img-responsive img-fluid alignnone wp-image-18245\" src=\"https:\/\/fjsp.org.br\/fjsp\/wp-content\/uploads\/2021\/11\/poster-kamen-poster.png\" alt=\"\" width=\"170\" height=\"272\" srcset=\"https:\/\/fjsp.org.br\/fjsp\/wp-content\/uploads\/2021\/11\/poster-kamen-poster.png 1043w, https:\/\/fjsp.org.br\/fjsp\/wp-content\/uploads\/2021\/11\/poster-kamen-poster-280x448.png 280w, https:\/\/fjsp.org.br\/fjsp\/wp-content\/uploads\/2021\/11\/poster-kamen-poster-768x1228.png 768w, https:\/\/fjsp.org.br\/fjsp\/wp-content\/uploads\/2021\/11\/poster-kamen-poster-960x1536.png 960w, https:\/\/fjsp.org.br\/fjsp\/wp-content\/uploads\/2021\/11\/poster-kamen-poster-340x544.png 340w, https:\/\/fjsp.org.br\/fjsp\/wp-content\/uploads\/2021\/11\/poster-kamen-poster-220x352.png 220w, https:\/\/fjsp.org.br\/fjsp\/wp-content\/uploads\/2021\/11\/poster-kamen-poster-100x160.png 100w, https:\/\/fjsp.org.br\/fjsp\/wp-content\/uploads\/2021\/11\/poster-kamen-poster-130x208.png 130w, https:\/\/fjsp.org.br\/fjsp\/wp-content\/uploads\/2021\/11\/poster-kamen-poster-460x736.png 460w\" sizes=\"(max-width: 170px) 100vw, 170px\" \/><\/a><a href=\"https:\/\/fjsp.org.br\/fjsp\/mcj2021_the-promised-neverland\/\"><img loading=\"lazy\" decoding=\"async\" class=\"img-responsive img-fluid alignnone wp-image-18242\" src=\"https:\/\/fjsp.org.br\/fjsp\/wp-content\/uploads\/2021\/11\/poster-promised-poster.png\" alt=\"\" width=\"170\" height=\"272\" srcset=\"https:\/\/fjsp.org.br\/fjsp\/wp-content\/uploads\/2021\/11\/poster-promised-poster.png 1043w, https:\/\/fjsp.org.br\/fjsp\/wp-content\/uploads\/2021\/11\/poster-promised-poster-280x448.png 280w, https:\/\/fjsp.org.br\/fjsp\/wp-content\/uploads\/2021\/11\/poster-promised-poster-768x1228.png 768w, https:\/\/fjsp.org.br\/fjsp\/wp-content\/uploads\/2021\/11\/poster-promised-poster-960x1536.png 960w, https:\/\/fjsp.org.br\/fjsp\/wp-content\/uploads\/2021\/11\/poster-promised-poster-340x544.png 340w, https:\/\/fjsp.org.br\/fjsp\/wp-content\/uploads\/2021\/11\/poster-promised-poster-220x352.png 220w, https:\/\/fjsp.org.br\/fjsp\/wp-content\/uploads\/2021\/11\/poster-promised-poster-100x160.png 100w, https:\/\/fjsp.org.br\/fjsp\/wp-content\/uploads\/2021\/11\/poster-promised-poster-130x208.png 130w, https:\/\/fjsp.org.br\/fjsp\/wp-content\/uploads\/2021\/11\/poster-promised-poster-460x736.png 460w\" sizes=\"(max-width: 170px) 100vw, 170px\" \/><\/a><a href=\"https:\/\/fjsp.org.br\/fjsp\/mcj2021_the-mole-song-undercover-agent-reiji\/\"><img loading=\"lazy\" decoding=\"async\" class=\"img-responsive img-fluid alignnone wp-image-18246\" src=\"https:\/\/fjsp.org.br\/fjsp\/wp-content\/uploads\/2021\/11\/poster-mole-poster.png\" alt=\"\" width=\"170\" height=\"272\" srcset=\"https:\/\/fjsp.org.br\/fjsp\/wp-content\/uploads\/2021\/11\/poster-mole-poster.png 1042w, https:\/\/fjsp.org.br\/fjsp\/wp-content\/uploads\/2021\/11\/poster-mole-poster-280x448.png 280w, https:\/\/fjsp.org.br\/fjsp\/wp-content\/uploads\/2021\/11\/poster-mole-poster-768x1229.png 768w, https:\/\/fjsp.org.br\/fjsp\/wp-content\/uploads\/2021\/11\/poster-mole-poster-960x1536.png 960w, https:\/\/fjsp.org.br\/fjsp\/wp-content\/uploads\/2021\/11\/poster-mole-poster-340x544.png 340w, https:\/\/fjsp.org.br\/fjsp\/wp-content\/uploads\/2021\/11\/poster-mole-poster-220x352.png 220w, https:\/\/fjsp.org.br\/fjsp\/wp-content\/uploads\/2021\/11\/poster-mole-poster-100x160.png 100w, https:\/\/fjsp.org.br\/fjsp\/wp-content\/uploads\/2021\/11\/poster-mole-poster-130x208.png 130w, https:\/\/fjsp.org.br\/fjsp\/wp-content\/uploads\/2021\/11\/poster-mole-poster-460x736.png 460w\" sizes=\"(max-width: 170px) 100vw, 170px\" \/><\/a><a href=\"https:\/\/fjsp.org.br\/fjsp\/mcj2021_peaceful-death\/\" target=\"_blank\" rel=\"noopener\"><img loading=\"lazy\" decoding=\"async\" class=\"img-responsive img-fluid alignnone wp-image-18243\" src=\"https:\/\/fjsp.org.br\/fjsp\/wp-content\/uploads\/2021\/11\/poster-despedida-poster.png\" alt=\"\" width=\"170\" height=\"272\" srcset=\"https:\/\/fjsp.org.br\/fjsp\/wp-content\/uploads\/2021\/11\/poster-despedida-poster.png 1042w, https:\/\/fjsp.org.br\/fjsp\/wp-content\/uploads\/2021\/11\/poster-despedida-poster-280x448.png 280w, https:\/\/fjsp.org.br\/fjsp\/wp-content\/uploads\/2021\/11\/poster-despedida-poster-768x1229.png 768w, https:\/\/fjsp.org.br\/fjsp\/wp-content\/uploads\/2021\/11\/poster-despedida-poster-960x1536.png 960w, https:\/\/fjsp.org.br\/fjsp\/wp-content\/uploads\/2021\/11\/poster-despedida-poster-340x544.png 340w, https:\/\/fjsp.org.br\/fjsp\/wp-content\/uploads\/2021\/11\/poster-despedida-poster-220x352.png 220w, https:\/\/fjsp.org.br\/fjsp\/wp-content\/uploads\/2021\/11\/poster-despedida-poster-100x160.png 100w, https:\/\/fjsp.org.br\/fjsp\/wp-content\/uploads\/2021\/11\/poster-despedida-poster-130x208.png 130w, https:\/\/fjsp.org.br\/fjsp\/wp-content\/uploads\/2021\/11\/poster-despedida-poster-460x736.png 460w\" sizes=\"(max-width: 170px) 100vw, 170px\" \/><\/a><\/p>\n<p>&nbsp;<\/p>\n","protected":false},"excerpt":{"rendered":"<p>P\u00e1gina inicial &nbsp; &nbsp; Exibi\u00e7\u00f5es 5 de dezembro (domingo) &#8211; 20h00\u00a0 11 de dezembro (s\u00e1bado) &#8211; 20h00 &nbsp; Office Royale \u5730\u7344\u306e\u82b1\u5712 (Jigoku no Hanazono)\u00a0\u00a0\u00a0\u00a0\u00a0\u00a0\u00a0 &nbsp; Naoko Tanaka \u00e9 uma senhora de escrit\u00f3rio de 26 anos. Seu trabalho \u00e9 t\u00edp\u00edco, mas seu local de trabalho tem brigas ferozes entre diferentes grupos. Outras damas de escrit\u00f3rio est\u00e3o [&hellip;]<\/p>\n","protected":false},"author":34,"featured_media":0,"parent":0,"menu_order":0,"comment_status":"closed","ping_status":"closed","template":"","meta":{"_acf_changed":false,"footnotes":""},"class_list":["post-18224","page","type-page","status-publish","hentry"],"acf":[],"_links":{"self":[{"href":"https:\/\/fjsp.org.br\/fjsp\/wp-json\/wp\/v2\/pages\/18224","targetHints":{"allow":["GET"]}}],"collection":[{"href":"https:\/\/fjsp.org.br\/fjsp\/wp-json\/wp\/v2\/pages"}],"about":[{"href":"https:\/\/fjsp.org.br\/fjsp\/wp-json\/wp\/v2\/types\/page"}],"author":[{"embeddable":true,"href":"https:\/\/fjsp.org.br\/fjsp\/wp-json\/wp\/v2\/users\/34"}],"replies":[{"embeddable":true,"href":"https:\/\/fjsp.org.br\/fjsp\/wp-json\/wp\/v2\/comments?post=18224"}],"version-history":[{"count":2,"href":"https:\/\/fjsp.org.br\/fjsp\/wp-json\/wp\/v2\/pages\/18224\/revisions"}],"predecessor-version":[{"id":18406,"href":"https:\/\/fjsp.org.br\/fjsp\/wp-json\/wp\/v2\/pages\/18224\/revisions\/18406"}],"wp:attachment":[{"href":"https:\/\/fjsp.org.br\/fjsp\/wp-json\/wp\/v2\/media?parent=18224"}],"curies":[{"name":"wp","href":"https:\/\/api.w.org\/{rel}","templated":true}]}}