{"id":18576,"date":"2021-12-15T05:42:28","date_gmt":"2021-12-15T08:42:28","guid":{"rendered":"https:\/\/fjsp.org.br\/fjsp\/?page_id=18576"},"modified":"2021-12-15T08:44:58","modified_gmt":"2021-12-15T11:44:58","slug":"concurso-desenhos-2021-galeria-8-9","status":"publish","type":"page","link":"https:\/\/fjsp.org.br\/fjsp\/concurso-desenhos-2021-galeria-8-9\/","title":{"rendered":"Men\u00e7\u00e3o Honrosa &#8211; Categoria 8 a 9 anos"},"content":{"rendered":"<style>.gallery-item{float:left;width:160px;margin-right:10px;padding:0 10px 0 0;!important}.gallery-caption{text-align:justify;font-size:11px;}<\/style>\n<p>&nbsp;<\/p>\n\n\t\t<div id='gallery-1' class='gallery galleryid-18576 gallery-columns-6 gallery-size-marugoto_foto row-fluid'><dl class='gallery-item span3'>\n\t\t\t<dt class='gallery-icon'>\n\t\t\t\t<a href='https:\/\/fjsp.org.br\/fjsp\/wp-content\/uploads\/2021\/12\/cen-8-leticiamiranda-1.png' target='_blank' data-sizes='2406x2406'><img src='https:\/\/fjsp.org.br\/fjsp\/wp-content\/uploads\/2021\/12\/cen-8-leticiamiranda-1-150x150.png' class='img-polaroid img-responsive img-thumbnail' alt='' \/><\/a>\n\t\t\t<\/dt>\n\t\t\t\t<dd class='wp-caption-text gallery-caption'>\n\t\t\t\t\u300c\u307e\u300dLeticia Paiva Miranda, 8 anos (Cenibras, Suzano &#8211; SP)\n\t\t\t\t<\/dd><\/dl><dl class='gallery-item span3'>\n\t\t\t<dt class='gallery-icon'>\n\t\t\t\t<a href='https:\/\/fjsp.org.br\/fjsp\/wp-content\/uploads\/2021\/12\/cen-8-paolafarine-1.png' target='_blank' data-sizes='2406x2406'><img src='https:\/\/fjsp.org.br\/fjsp\/wp-content\/uploads\/2021\/12\/cen-8-paolafarine-1-150x150.png' class='img-polaroid img-responsive img-thumbnail' alt='' \/><\/a>\n\t\t\t<\/dt>\n\t\t\t\t<dd class='wp-caption-text gallery-caption'>\n\t\t\t\t\u300c\u3068\u300dPaola Nakazwa Farine, 8 anos (Cenibras, Suzano &#8211; SP)\n\t\t\t\t<\/dd><\/dl><dl class='gallery-item span3'>\n\t\t\t<dt class='gallery-icon'>\n\t\t\t\t<a href='https:\/\/fjsp.org.br\/fjsp\/wp-content\/uploads\/2021\/12\/cen-9-annabinotti-1.png' target='_blank' data-sizes='2406x2406'><img src='https:\/\/fjsp.org.br\/fjsp\/wp-content\/uploads\/2021\/12\/cen-9-annabinotti-1-150x150.png' class='img-polaroid img-responsive img-thumbnail' alt='' \/><\/a>\n\t\t\t<\/dt>\n\t\t\t\t<dd class='wp-caption-text gallery-caption'>\n\t\t\t\t\u300c\u3053\u300dAnna Beatryz dos Santos Binotti, 9 anos (Cenibras, Suzano &#8211; SP)\n\t\t\t\t<\/dd><\/dl><dl class='gallery-item span3'>\n\t\t\t<dt class='gallery-icon'>\n\t\t\t\t<a href='https:\/\/fjsp.org.br\/fjsp\/wp-content\/uploads\/2021\/12\/cen-9-helenameireles-1.png' target='_blank' data-sizes='2406x2406'><img src='https:\/\/fjsp.org.br\/fjsp\/wp-content\/uploads\/2021\/12\/cen-9-helenameireles-1-150x150.png' class='img-polaroid img-responsive img-thumbnail' alt='' \/><\/a>\n\t\t\t<\/dt>\n\t\t\t\t<dd class='wp-caption-text gallery-caption'>\n\t\t\t\t\u300c\u3053\u300dHelena Guijarro Meireles, 9 anos (Cenibras, Suzano &#8211; SP)\n\t\t\t\t<\/dd><\/dl><dl class='gallery-item span3'>\n\t\t\t<dt class='gallery-icon'>\n\t\t\t\t<a href='https:\/\/fjsp.org.br\/fjsp\/wp-content\/uploads\/2021\/12\/cen-9-hellensaito-1.png' target='_blank' data-sizes='2406x2406'><img src='https:\/\/fjsp.org.br\/fjsp\/wp-content\/uploads\/2021\/12\/cen-9-hellensaito-1-150x150.png' class='img-polaroid img-responsive img-thumbnail' alt='' \/><\/a>\n\t\t\t<\/dt>\n\t\t\t\t<dd class='wp-caption-text gallery-caption'>\n\t\t\t\t\u300c\u3068\u300dHellen Yukari Yamane Saito, 9 (Cenibras, Suzano &#8211; SP)\n\t\t\t\t<\/dd><\/dl><dl class='gallery-item span3'>\n\t\t\t<dt class='gallery-icon'>\n\t\t\t\t<a href='https:\/\/fjsp.org.br\/fjsp\/wp-content\/uploads\/2021\/12\/cen-9-rafaelasarrao-1.png' target='_blank' data-sizes='2406x2406'><img src='https:\/\/fjsp.org.br\/fjsp\/wp-content\/uploads\/2021\/12\/cen-9-rafaelasarrao-1-150x150.png' class='img-polaroid img-responsive img-thumbnail' alt='' \/><\/a>\n\t\t\t<\/dt>\n\t\t\t\t<dd class='wp-caption-text gallery-caption'>\n\t\t\t\t\u300c\u3053\u300dRafaela Silveira Sarr\u00e3o, 9 anos (Cenibras, Suzano &#8211; SP)\n\t\t\t\t<\/dd><\/dl><br style=\"clear: both\" \/><dl class='gallery-item span3'>\n\t\t\t<dt class='gallery-icon'>\n\t\t\t\t<a href='https:\/\/fjsp.org.br\/fjsp\/wp-content\/uploads\/2021\/12\/ecv-8-fhelipehiroyuki-1.png' target='_blank' data-sizes='2406x2406'><img src='https:\/\/fjsp.org.br\/fjsp\/wp-content\/uploads\/2021\/12\/ecv-8-fhelipehiroyuki-1-150x150.png' class='img-polaroid img-responsive img-thumbnail' alt='' \/><\/a>\n\t\t\t<\/dt>\n\t\t\t\t<dd class='wp-caption-text gallery-caption'>\n\t\t\t\t\u300c\u3048\u300dFhelipe Hiroyuki Oshiro Agena, 8 anos (Exatus Col\u00e9gio e Vestibulares, S\u00e3o Paulo &#8211; SP)\n\t\t\t\t<\/dd><\/dl><dl class='gallery-item span3'>\n\t\t\t<dt class='gallery-icon'>\n\t\t\t\t<a href='https:\/\/fjsp.org.br\/fjsp\/wp-content\/uploads\/2021\/12\/ecv-9-leticiahisae-1.png' target='_blank' data-sizes='2406x2406'><img src='https:\/\/fjsp.org.br\/fjsp\/wp-content\/uploads\/2021\/12\/ecv-9-leticiahisae-1-150x150.png' class='img-polaroid img-responsive img-thumbnail' alt='' \/><\/a>\n\t\t\t<\/dt>\n\t\t\t\t<dd class='wp-caption-text gallery-caption'>\n\t\t\t\t\u300c\u3055\u300dLeticia Hisae Abe (Exatus Col\u00e9gio e Vestibulares, S\u00e3o Paulo &#8211; SP)\n\t\t\t\t<\/dd><\/dl><dl class='gallery-item span3'>\n\t\t\t<dt class='gallery-icon'>\n\t\t\t\t<a href='https:\/\/fjsp.org.br\/fjsp\/wp-content\/uploads\/2021\/12\/ejn-9-sophiacosta-1.png' target='_blank' data-sizes='2406x2406'><img src='https:\/\/fjsp.org.br\/fjsp\/wp-content\/uploads\/2021\/12\/ejn-9-sophiacosta-1-150x150.png' class='img-polaroid img-responsive img-thumbnail' alt='' \/><\/a>\n\t\t\t<\/dt>\n\t\t\t\t<dd class='wp-caption-text gallery-caption'>\n\t\t\t\t\u300c\u3064\u300dSophia Costa do Nascimento, 9 anos (Escola Professora Josephina de Melllo, Manaus &#8211; AM)\n\t\t\t\t<\/dd><\/dl><dl class='gallery-item span3'>\n\t\t\t<dt class='gallery-icon'>\n\t\t\t\t<a href='https:\/\/fjsp.org.br\/fjsp\/wp-content\/uploads\/2021\/12\/sok-8-nicolemansberger-1.png' target='_blank' data-sizes='2406x2406'><img src='https:\/\/fjsp.org.br\/fjsp\/wp-content\/uploads\/2021\/12\/sok-8-nicolemansberger-1-150x150.png' class='img-polaroid img-responsive img-thumbnail' alt='' \/><\/a>\n\t\t\t<\/dt>\n\t\t\t\t<dd class='wp-caption-text gallery-caption'>\n\t\t\t\t\u300c\u3044\u300dNicole Mansberger Cairo, 8 anos (Col\u00e9gio Soka do Brasil, S\u00e3o Paulo &#8211; SP)\n\t\t\t\t<\/dd><\/dl><dl class='gallery-item span3'>\n\t\t\t<dt class='gallery-icon'>\n\t\t\t\t<a href='https:\/\/fjsp.org.br\/fjsp\/wp-content\/uploads\/2021\/12\/sok-9-victornishiyama-1.png' target='_blank' data-sizes='2406x2406'><img src='https:\/\/fjsp.org.br\/fjsp\/wp-content\/uploads\/2021\/12\/sok-9-victornishiyama-1-150x150.png' class='img-polaroid img-responsive img-thumbnail' alt='' \/><\/a>\n\t\t\t<\/dt>\n\t\t\t\t<dd class='wp-caption-text gallery-caption'>\n\t\t\t\t\u300c\u304b\u300dVictor Kenzo Nishiyama, 9 anos (Col\u00e9gio Soka do Brasil, S\u00e3o Paulo &#8211; SP)\n\t\t\t\t<\/dd><\/dl><dl class='gallery-item span3'>\n\t\t\t<dt class='gallery-icon'>\n\t\t\t\t<a href='https:\/\/fjsp.org.br\/fjsp\/wp-content\/uploads\/2021\/12\/xav-8-liviamilano-1.png' target='_blank' data-sizes='2406x2406'><img src='https:\/\/fjsp.org.br\/fjsp\/wp-content\/uploads\/2021\/12\/xav-8-liviamilano-1-150x150.png' class='img-polaroid img-responsive img-thumbnail' alt='' \/><\/a>\n\t\t\t<\/dt>\n\t\t\t\t<dd class='wp-caption-text gallery-caption'>\n\t\t\t\t\u300c\u3089\u300dL\u00edvia Milano Rodrigues, 8 anos (Col\u00e9gio S\u00e3o Francisco Xavier, Maring\u00e1 &#8211; PR)\n\t\t\t\t<\/dd><\/dl><br style=\"clear: both\" \/><dl class='gallery-item span3'>\n\t\t\t<dt class='gallery-icon'>\n\t\t\t\t<a href='https:\/\/fjsp.org.br\/fjsp\/wp-content\/uploads\/2021\/12\/xav-9-mariatrovo-1.png' target='_blank' data-sizes='2406x2406'><img src='https:\/\/fjsp.org.br\/fjsp\/wp-content\/uploads\/2021\/12\/xav-9-mariatrovo-1-150x150.png' class='img-polaroid img-responsive img-thumbnail' alt='' \/><\/a>\n\t\t\t<\/dt>\n\t\t\t\t<dd class='wp-caption-text gallery-caption'>\n\t\t\t\t\u300c\u3044\u300dMaria Luiza Trovo Santos, 9 anos (Col\u00e9gio S\u00e3o Francisco Xavier, Maring\u00e1 &#8211; PR)\n\t\t\t\t<\/dd><\/dl><dl class='gallery-item span3'>\n\t\t\t<dt class='gallery-icon'>\n\t\t\t\t<a href='https:\/\/fjsp.org.br\/fjsp\/wp-content\/uploads\/2021\/12\/xav-9-nicolemendes.png' target='_blank' data-sizes='2363x2363'><img src='https:\/\/fjsp.org.br\/fjsp\/wp-content\/uploads\/2021\/12\/xav-9-nicolemendes-150x150.png' class='img-polaroid img-responsive img-thumbnail' alt='' \/><\/a>\n\t\t\t<\/dt>\n\t\t\t\t<dd class='wp-caption-text gallery-caption'>\n\t\t\t\t\u300c\u3042\u300dNicole Aya Mendes, 9 anos (Col\u00e9gio S\u00e3o Francisco Xavier, Maring\u00e1 &#8211; PR)\n\t\t\t\t<\/dd><\/dl><dl class='gallery-item span3'>\n\t\t\t<dt class='gallery-icon'>\n\t\t\t\t<a href='https:\/\/fjsp.org.br\/fjsp\/wp-content\/uploads\/2021\/12\/xav-9-barbaradonato.png' target='_blank' data-sizes='2364x2363'><img src='https:\/\/fjsp.org.br\/fjsp\/wp-content\/uploads\/2021\/12\/xav-9-barbaradonato-150x150.png' class='img-polaroid img-responsive img-thumbnail' alt='' \/><\/a>\n\t\t\t<\/dt>\n\t\t\t\t<dd class='wp-caption-text gallery-caption'>\n\t\t\t\t\u300c\u3053\u300dB\u00e1rbara Maria  Donato Barreto, 9 anos (Col\u00e9gio S\u00e3o Francisco Xavier, Maring\u00e1 &#8211; PR)\n\t\t\t\t<\/dd><\/dl><dl class='gallery-item span3'>\n\t\t\t<dt class='gallery-icon'>\n\t\t\t\t<a href='https:\/\/fjsp.org.br\/fjsp\/wp-content\/uploads\/2021\/12\/xav-8-matheusfranzini.png' target='_blank' data-sizes='2363x2363'><img src='https:\/\/fjsp.org.br\/fjsp\/wp-content\/uploads\/2021\/12\/xav-8-matheusfranzini-150x150.png' class='img-polaroid img-responsive img-thumbnail' alt='' \/><\/a>\n\t\t\t<\/dt>\n\t\t\t\t<dd class='wp-caption-text gallery-caption'>\n\t\t\t\t\u300c\u3054\u300dMatheus Franzini Trist\u00e3o da Rocha, 8 anos (Col\u00e9gio S\u00e3o Francisco Xavier, Maring\u00e1 &#8211; PR)\n\t\t\t\t<\/dd><\/dl><dl class='gallery-item span3'>\n\t\t\t<dt class='gallery-icon'>\n\t\t\t\t<a href='https:\/\/fjsp.org.br\/fjsp\/wp-content\/uploads\/2021\/12\/sok-9-luizayamamoto.png' target='_blank' data-sizes='2363x2363'><img src='https:\/\/fjsp.org.br\/fjsp\/wp-content\/uploads\/2021\/12\/sok-9-luizayamamoto-150x150.png' class='img-polaroid img-responsive img-thumbnail' alt='' \/><\/a>\n\t\t\t<\/dt>\n\t\t\t\t<dd class='wp-caption-text gallery-caption'>\n\t\t\t\t\u300c\u3081\u300dLuiza Kazumi Famelli Yamamoto, 9 anos (Col\u00e9gio Soka do Brasil, S\u00e3o Paulo &#8211; SP)\n\t\t\t\t<\/dd><\/dl><dl class='gallery-item span3'>\n\t\t\t<dt class='gallery-icon'>\n\t\t\t\t<a href='https:\/\/fjsp.org.br\/fjsp\/wp-content\/uploads\/2021\/12\/sok-8-tiffanysenda.png' target='_blank' data-sizes='2363x2363'><img src='https:\/\/fjsp.org.br\/fjsp\/wp-content\/uploads\/2021\/12\/sok-8-tiffanysenda-150x150.png' class='img-polaroid img-responsive img-thumbnail' alt='' \/><\/a>\n\t\t\t<\/dt>\n\t\t\t\t<dd class='wp-caption-text gallery-caption'>\n\t\t\t\t\u300c\u304b\u300dTiffany Senda, 8 anos (Col\u00e9gio Soka do Brasil. S\u00e3o Paulo &#8211; SP)\n\t\t\t\t<\/dd><\/dl><br style=\"clear: both\" \/><dl class='gallery-item span3'>\n\t\t\t<dt class='gallery-icon'>\n\t\t\t\t<a href='https:\/\/fjsp.org.br\/fjsp\/wp-content\/uploads\/2021\/12\/ejn-8-yurisoares.png' target='_blank' data-sizes='2363x2363'><img src='https:\/\/fjsp.org.br\/fjsp\/wp-content\/uploads\/2021\/12\/ejn-8-yurisoares-150x150.png' class='img-polaroid img-responsive img-thumbnail' alt='' \/><\/a>\n\t\t\t<\/dt>\n\t\t\t\t<dd class='wp-caption-text gallery-caption'>\n\t\t\t\t\u300c\u3066\u300dYuri de Amorim Soares, 8 anos (Escola Professora Josephina de Mello, Manaus &#8211; AM)\n\t\t\t\t<\/dd><\/dl><dl class='gallery-item span3'>\n\t\t\t<dt class='gallery-icon'>\n\t\t\t\t<a href='https:\/\/fjsp.org.br\/fjsp\/wp-content\/uploads\/2021\/12\/ecv-9-deborayesi.png' target='_blank' data-sizes='2363x2363'><img src='https:\/\/fjsp.org.br\/fjsp\/wp-content\/uploads\/2021\/12\/ecv-9-deborayesi-150x150.png' class='img-polaroid img-responsive img-thumbnail' alt='' \/><\/a>\n\t\t\t<\/dt>\n\t\t\t\t<dd class='wp-caption-text gallery-caption'>\n\t\t\t\t\u300c\u3071\u300dD\u00e9bora Yesi Choe, 9 anos (Exatus Col\u00e9gio e Vestibulares, S\u00e3o Paulo &#8211; SP)\n\t\t\t\t<\/dd><\/dl><dl class='gallery-item span3'>\n\t\t\t<dt class='gallery-icon'>\n\t\t\t\t<a href='https:\/\/fjsp.org.br\/fjsp\/wp-content\/uploads\/2021\/12\/cen-9-eikiotsuka.png' target='_blank' data-sizes='2363x2363'><img src='https:\/\/fjsp.org.br\/fjsp\/wp-content\/uploads\/2021\/12\/cen-9-eikiotsuka-150x150.png' class='img-polaroid img-responsive img-thumbnail' alt='' \/><\/a>\n\t\t\t<\/dt>\n\t\t\t\t<dd class='wp-caption-text gallery-caption'>\n\t\t\t\t\u300c\u3082\u300dEiki Otsuka, 9 anos (Cenibras, Suzano &#8211; SP)\n\t\t\t\t<\/dd><\/dl>\n\t\t\t<br style='clear: both;' \/>\n\t\t<\/div>\n\n","protected":false},"excerpt":{"rendered":"<p>&nbsp;<\/p>\n","protected":false},"author":1,"featured_media":0,"parent":0,"menu_order":0,"comment_status":"closed","ping_status":"closed","template":"","meta":{"_acf_changed":false,"footnotes":""},"class_list":["post-18576","page","type-page","status-publish","hentry"],"acf":[],"_links":{"self":[{"href":"https:\/\/fjsp.org.br\/fjsp\/wp-json\/wp\/v2\/pages\/18576","targetHints":{"allow":["GET"]}}],"collection":[{"href":"https:\/\/fjsp.org.br\/fjsp\/wp-json\/wp\/v2\/pages"}],"about":[{"href":"https:\/\/fjsp.org.br\/fjsp\/wp-json\/wp\/v2\/types\/page"}],"author":[{"embeddable":true,"href":"https:\/\/fjsp.org.br\/fjsp\/wp-json\/wp\/v2\/users\/1"}],"replies":[{"embeddable":true,"href":"https:\/\/fjsp.org.br\/fjsp\/wp-json\/wp\/v2\/comments?post=18576"}],"version-history":[{"count":3,"href":"https:\/\/fjsp.org.br\/fjsp\/wp-json\/wp\/v2\/pages\/18576\/revisions"}],"predecessor-version":[{"id":18681,"href":"https:\/\/fjsp.org.br\/fjsp\/wp-json\/wp\/v2\/pages\/18576\/revisions\/18681"}],"wp:attachment":[{"href":"https:\/\/fjsp.org.br\/fjsp\/wp-json\/wp\/v2\/media?parent=18576"}],"curies":[{"name":"wp","href":"https:\/\/api.w.org\/{rel}","templated":true}]}}