{"id":18664,"date":"2021-12-15T08:35:34","date_gmt":"2021-12-15T11:35:34","guid":{"rendered":"https:\/\/fjsp.org.br\/fjsp\/?page_id=18664"},"modified":"2021-12-15T16:40:19","modified_gmt":"2021-12-15T19:40:19","slug":"concurso-desenhos-2021-galeria-12selecionados","status":"publish","type":"page","link":"https:\/\/fjsp.org.br\/fjsp\/concurso-desenhos-2021-galeria-12selecionados\/","title":{"rendered":"Os 12 desenhos selecionados"},"content":{"rendered":"<style>.gallery-item{float:left;width:160px;margin-right:10px;padding:0 10px 0 0;!important}.gallery-caption{text-align:justify;font-size:11px;}<\/style>\n\n\t\t<div id='gallery-1' class='gallery galleryid-18664 gallery-columns-6 gallery-size-marugoto_foto row-fluid'><dl class='gallery-item span3'>\n\t\t\t<dt class='gallery-icon'>\n\t\t\t\t<a href='https:\/\/fjsp.org.br\/fjsp\/wp-content\/uploads\/2021\/12\/tir-17-vitorlorenson.png' target='_blank' data-sizes='2362x2362'><img src='https:\/\/fjsp.org.br\/fjsp\/wp-content\/uploads\/2021\/12\/tir-17-vitorlorenson-150x150.png' class='img-polaroid img-responsive img-thumbnail' alt='' \/><\/a>\n\t\t\t<\/dt>\n\t\t\t\t<dd class='wp-caption-text gallery-caption'>\n\t\t\t\tDESENHO VENCEDOR &#8211; \u300c\u305d\u300dVitor Lorenson Bortolini, 17 anos (Col\u00e9gio Tiradentes da Brigada Militar de Passo Fundo, Passo Fundo &#8211; RS)\n\t\t\t\t<\/dd><\/dl><dl class='gallery-item span3'>\n\t\t\t<dt class='gallery-icon'>\n\t\t\t\t<a href='https:\/\/fjsp.org.br\/fjsp\/wp-content\/uploads\/2021\/12\/cap-15-biancaazevedo.png' target='_blank' data-sizes='2362x2362'><img src='https:\/\/fjsp.org.br\/fjsp\/wp-content\/uploads\/2021\/12\/cap-15-biancaazevedo-150x150.png' class='img-polaroid img-responsive img-thumbnail' alt='' \/><\/a>\n\t\t\t<\/dt>\n\t\t\t\t<dd class='wp-caption-text gallery-caption'>\n\t\t\t\t\u300c\u304a\u300dBianca de Azevedo, 15 anos (E.E. Ant\u00f4nio Padilha, Sorocaba &#8211; SP)\n\t\t\t\t<\/dd><\/dl><dl class='gallery-item span3'>\n\t\t\t<dt class='gallery-icon'>\n\t\t\t\t<a href='https:\/\/fjsp.org.br\/fjsp\/wp-content\/uploads\/2021\/12\/cdb-12-alessandrosoares.png' target='_blank' data-sizes='2362x2362'><img src='https:\/\/fjsp.org.br\/fjsp\/wp-content\/uploads\/2021\/12\/cdb-12-alessandrosoares-150x150.png' class='img-polaroid img-responsive img-thumbnail' alt='' \/><\/a>\n\t\t\t<\/dt>\n\t\t\t\t<dd class='wp-caption-text gallery-caption'>\n\t\t\t\t\u300c\u307a\u300dAlessandro Israel Pantoja Soares, 12 anos (E.E.T.I.B. Professor Djalma da Cunha Batista, Manaus &#8211; AM)\n\t\t\t\t<\/dd><\/dl><dl class='gallery-item span3'>\n\t\t\t<dt class='gallery-icon'>\n\t\t\t\t<a href='https:\/\/fjsp.org.br\/fjsp\/wp-content\/uploads\/2021\/12\/cef-15-anacarloto.png' target='_blank' data-sizes='2362x2362'><img src='https:\/\/fjsp.org.br\/fjsp\/wp-content\/uploads\/2021\/12\/cef-15-anacarloto-150x150.png' class='img-polaroid img-responsive img-thumbnail' alt='' \/><\/a>\n\t\t\t<\/dt>\n\t\t\t\t<dd class='wp-caption-text gallery-caption'>\n\t\t\t\t\u300c\u3059\u300dAna Beatriz Alves Carloto, 15 anos (E.E. Estevam Ferri, S\u00e3o Jos\u00e9 dos Campos &#8211; SP)\n\t\t\t\t<\/dd><\/dl><dl class='gallery-item span3'>\n\t\t\t<dt class='gallery-icon'>\n\t\t\t\t<a href='https:\/\/fjsp.org.br\/fjsp\/wp-content\/uploads\/2021\/12\/ceh-10-isabelakanashiro.png' target='_blank' data-sizes='2362x2362'><img src='https:\/\/fjsp.org.br\/fjsp\/wp-content\/uploads\/2021\/12\/ceh-10-isabelakanashiro-150x150.png' class='img-polaroid img-responsive img-thumbnail' alt='' \/><\/a>\n\t\t\t<\/dt>\n\t\t\t\t<dd class='wp-caption-text gallery-caption'>\n\t\t\t\t\u300c\u3042\u300dIsabela Airi Ogata Kanashiro, 10 anos (Col\u00e9gio Harmonia, S\u00e3o Bernardo do Campo &#8211; SP)\n\t\t\t\t<\/dd><\/dl><dl class='gallery-item span3'>\n\t\t\t<dt class='gallery-icon'>\n\t\t\t\t<a href='https:\/\/fjsp.org.br\/fjsp\/wp-content\/uploads\/2021\/12\/ceh-13-laralopes.png' target='_blank' data-sizes='2362x2362'><img src='https:\/\/fjsp.org.br\/fjsp\/wp-content\/uploads\/2021\/12\/ceh-13-laralopes-150x150.png' class='img-polaroid img-responsive img-thumbnail' alt='' \/><\/a>\n\t\t\t<\/dt>\n\t\t\t\t<dd class='wp-caption-text gallery-caption'>\n\t\t\t\t\u300c\u307e\u300dLara do Nascimento Lopes, 13 anos (Col\u00e9gio Harmonia, S\u00e3o Bernardo do Campo &#8211; SP)\n\t\t\t\t<\/dd><\/dl><br style=\"clear: both\" \/><dl class='gallery-item span3'>\n\t\t\t<dt class='gallery-icon'>\n\t\t\t\t<a href='https:\/\/fjsp.org.br\/fjsp\/wp-content\/uploads\/2021\/12\/cen-9-giovannaalvim.png' target='_blank' data-sizes='2362x2362'><img src='https:\/\/fjsp.org.br\/fjsp\/wp-content\/uploads\/2021\/12\/cen-9-giovannaalvim-150x150.png' class='img-polaroid img-responsive img-thumbnail' alt='' \/><\/a>\n\t\t\t<\/dt>\n\t\t\t\t<dd class='wp-caption-text gallery-caption'>\n\t\t\t\t\u300c\u3066\u300dGiovanna Bortoloti, 9 anos (Cenibras, Suzano &#8211; SP)\n\t\t\t\t<\/dd><\/dl><dl class='gallery-item span3'>\n\t\t\t<dt class='gallery-icon'>\n\t\t\t\t<a href='https:\/\/fjsp.org.br\/fjsp\/wp-content\/uploads\/2021\/12\/cjs-16-taianytrajano.png' target='_blank' data-sizes='2362x2362'><img src='https:\/\/fjsp.org.br\/fjsp\/wp-content\/uploads\/2021\/12\/cjs-16-taianytrajano-150x150.png' class='img-polaroid img-responsive img-thumbnail' alt='' \/><\/a>\n\t\t\t<\/dt>\n\t\t\t\t<dd class='wp-caption-text gallery-caption'>\n\t\t\t\t\u300c\u3093\u300dTaiany Costa Trajano, 16 anos (E.E.T.I.B. Profa. Jacimar da Silva Gama, Manaus &#8211; AM)\n\t\t\t\t<\/dd><\/dl><dl class='gallery-item span3'>\n\t\t\t<dt class='gallery-icon'>\n\t\t\t\t<a href='https:\/\/fjsp.org.br\/fjsp\/wp-content\/uploads\/2021\/12\/ecv-9-clarissasayumi.png' target='_blank' data-sizes='2362x2362'><img src='https:\/\/fjsp.org.br\/fjsp\/wp-content\/uploads\/2021\/12\/ecv-9-clarissasayumi-150x150.png' class='img-polaroid img-responsive img-thumbnail' alt='' \/><\/a>\n\t\t\t<\/dt>\n\t\t\t\t<dd class='wp-caption-text gallery-caption'>\n\t\t\t\t\u300c\u3074\u300dClarissa Sayumi Abe, 9 anos (Exatus, S\u00e3o Paulo \u2013 SP)\n\t\t\t\t<\/dd><\/dl><dl class='gallery-item span3'>\n\t\t\t<dt class='gallery-icon'>\n\t\t\t\t<a href='https:\/\/fjsp.org.br\/fjsp\/wp-content\/uploads\/2021\/12\/mic-11-brenosuzuki.png' target='_blank' data-sizes='2362x2362'><img src='https:\/\/fjsp.org.br\/fjsp\/wp-content\/uploads\/2021\/12\/mic-11-brenosuzuki-150x150.png' class='img-polaroid img-responsive img-thumbnail' alt='' \/><\/a>\n\t\t\t<\/dt>\n\t\t\t\t<dd class='wp-caption-text gallery-caption'>\n\t\t\t\t\u300c\u307f\u300dBreno Suzuki Umeji, 11 anos (Instituto Educacional Dona Michie Akama, S\u00e3o Paulo \u2013 SP)\n\t\t\t\t<\/dd><\/dl><dl class='gallery-item span3'>\n\t\t\t<dt class='gallery-icon'>\n\t\t\t\t<a href='https:\/\/fjsp.org.br\/fjsp\/wp-content\/uploads\/2021\/12\/xav-7-rafaeltakizawa.png' target='_blank' data-sizes='2362x2362'><img src='https:\/\/fjsp.org.br\/fjsp\/wp-content\/uploads\/2021\/12\/xav-7-rafaeltakizawa-150x150.png' class='img-polaroid img-responsive img-thumbnail' alt='' \/><\/a>\n\t\t\t<\/dt>\n\t\t\t\t<dd class='wp-caption-text gallery-caption'>\n\t\t\t\t\u300c\u3089\u300dRafael de Carvalho Takizawa, 7 anos (Col\u00e9gio S\u00e3o Francisco Xavier, Maring\u00e1 &#8211; PR)\n\t\t\t\t<\/dd><\/dl><dl class='gallery-item span3'>\n\t\t\t<dt class='gallery-icon'>\n\t\t\t\t<a href='https:\/\/fjsp.org.br\/fjsp\/wp-content\/uploads\/2021\/12\/xav-10-juliakracheski.png' target='_blank' data-sizes='2362x2362'><img src='https:\/\/fjsp.org.br\/fjsp\/wp-content\/uploads\/2021\/12\/xav-10-juliakracheski-150x150.png' class='img-polaroid img-responsive img-thumbnail' alt='' \/><\/a>\n\t\t\t<\/dt>\n\t\t\t\t<dd class='wp-caption-text gallery-caption'>\n\t\t\t\t\u300c\u3093\u300dJulia Kracheski Caetano, 10 anos (Col\u00e9gio S\u00e3o Francisco Xavier, Maring\u00e1 &#8211; PR)\n\t\t\t\t<\/dd><\/dl><br style=\"clear: both\" \/>\n\t\t\t<br style='clear: both;' \/>\n\t\t<\/div>\n\n","protected":false},"excerpt":{"rendered":"","protected":false},"author":1,"featured_media":0,"parent":0,"menu_order":0,"comment_status":"closed","ping_status":"closed","template":"","meta":{"_acf_changed":false,"footnotes":""},"class_list":["post-18664","page","type-page","status-publish","hentry"],"acf":[],"_links":{"self":[{"href":"https:\/\/fjsp.org.br\/fjsp\/wp-json\/wp\/v2\/pages\/18664","targetHints":{"allow":["GET"]}}],"collection":[{"href":"https:\/\/fjsp.org.br\/fjsp\/wp-json\/wp\/v2\/pages"}],"about":[{"href":"https:\/\/fjsp.org.br\/fjsp\/wp-json\/wp\/v2\/types\/page"}],"author":[{"embeddable":true,"href":"https:\/\/fjsp.org.br\/fjsp\/wp-json\/wp\/v2\/users\/1"}],"replies":[{"embeddable":true,"href":"https:\/\/fjsp.org.br\/fjsp\/wp-json\/wp\/v2\/comments?post=18664"}],"version-history":[{"count":2,"href":"https:\/\/fjsp.org.br\/fjsp\/wp-json\/wp\/v2\/pages\/18664\/revisions"}],"predecessor-version":[{"id":18798,"href":"https:\/\/fjsp.org.br\/fjsp\/wp-json\/wp\/v2\/pages\/18664\/revisions\/18798"}],"wp:attachment":[{"href":"https:\/\/fjsp.org.br\/fjsp\/wp-json\/wp\/v2\/media?parent=18664"}],"curies":[{"name":"wp","href":"https:\/\/api.w.org\/{rel}","templated":true}]}}