{"id":18680,"date":"2021-12-15T11:24:20","date_gmt":"2021-12-15T14:24:20","guid":{"rendered":"https:\/\/fjsp.org.br\/fjsp\/?page_id=18680"},"modified":"2021-12-15T16:40:36","modified_gmt":"2021-12-15T19:40:36","slug":"concurso-desenhos-2021-galeria-10-11","status":"publish","type":"page","link":"https:\/\/fjsp.org.br\/fjsp\/concurso-desenhos-2021-galeria-10-11\/","title":{"rendered":"Men\u00e7\u00e3o Honrosa &#8211; Categoria 10 a 11 anos"},"content":{"rendered":"<style><span data-mce-type=\"bookmark\" style=\"display: inline-block; width: 0px; overflow: hidden; line-height: 0;\" class=\"mce_SELRES_start\">\ufeff<\/span>.gallery-item{float:left;width:160px;margin-right:10px;padding:0 10px 0 0;!important}.gallery-caption{text-align:justify;font-size:11px;}<\/style>\n\n\t\t<div id='gallery-1' class='gallery galleryid-18680 gallery-columns-6 gallery-size-marugoto_foto row-fluid'><dl class='gallery-item span3'>\n\t\t\t<dt class='gallery-icon'>\n\t\t\t\t<a href='https:\/\/fjsp.org.br\/fjsp\/wp-content\/uploads\/2021\/12\/eml-11-patriciakamano.png' target='_blank' data-sizes='2363x2363'><img src='https:\/\/fjsp.org.br\/fjsp\/wp-content\/uploads\/2021\/12\/eml-11-patriciakamano-150x150.png' class='img-polaroid img-responsive img-thumbnail' alt='' \/><\/a>\n\t\t\t<\/dt>\n\t\t\t\t<dd class='wp-caption-text gallery-caption'>\n\t\t\t\t\u300c\u3057\u300dPatr\u00edcia Lika Kamano, 11 anos (Escola Vila Monteiro Lobato, S\u00e3o Paulo &#8211; SP)\n\t\t\t\t<\/dd><\/dl><dl class='gallery-item span3'>\n\t\t\t<dt class='gallery-icon'>\n\t\t\t\t<a href='https:\/\/fjsp.org.br\/fjsp\/wp-content\/uploads\/2021\/12\/cen-11-maysakawano.png' target='_blank' data-sizes='2363x2363'><img src='https:\/\/fjsp.org.br\/fjsp\/wp-content\/uploads\/2021\/12\/cen-11-maysakawano-150x150.png' class='img-polaroid img-responsive img-thumbnail' alt='' \/><\/a>\n\t\t\t<\/dt>\n\t\t\t\t<dd class='wp-caption-text gallery-caption'>\n\t\t\t\t\u300c\u3053\u300dMaysa Mayumi Kawano, 11 anos (Cenibras, Suzano \u2013 SP) \n\t\t\t\t<\/dd><\/dl><dl class='gallery-item span3'>\n\t\t\t<dt class='gallery-icon'>\n\t\t\t\t<a href='https:\/\/fjsp.org.br\/fjsp\/wp-content\/uploads\/2021\/12\/cdb-11-murilomartins.png' target='_blank' data-sizes='2363x2363'><img src='https:\/\/fjsp.org.br\/fjsp\/wp-content\/uploads\/2021\/12\/cdb-11-murilomartins-150x150.png' class='img-polaroid img-responsive img-thumbnail' alt='' \/><\/a>\n\t\t\t<\/dt>\n\t\t\t\t<dd class='wp-caption-text gallery-caption'>\n\t\t\t\t\u300c\u304b\u300dMurilo Brand\u00e3o Martins, 11 anos (E.E.T.I.B. Professor Djalma da Cunha Batista, Manaus &#8211; AM)\n\t\t\t\t<\/dd><\/dl><dl class='gallery-item span3'>\n\t\t\t<dt class='gallery-icon'>\n\t\t\t\t<a href='https:\/\/fjsp.org.br\/fjsp\/wp-content\/uploads\/2021\/12\/ceh-10-clariceabreu.png' target='_blank' data-sizes='2363x2363'><img src='https:\/\/fjsp.org.br\/fjsp\/wp-content\/uploads\/2021\/12\/ceh-10-clariceabreu-150x150.png' class='img-polaroid img-responsive img-thumbnail' alt='' \/><\/a>\n\t\t\t<\/dt>\n\t\t\t\t<dd class='wp-caption-text gallery-caption'>\n\t\t\t\t\u300c\u3046\u300dClarice Abreu da Costa, 10 anos (Col\u00e9gio Harmonia, S\u00e3o Bernardo do Campo &#8211; SP)\n\t\t\t\t<\/dd><\/dl><dl class='gallery-item span3'>\n\t\t\t<dt class='gallery-icon'>\n\t\t\t\t<a href='https:\/\/fjsp.org.br\/fjsp\/wp-content\/uploads\/2021\/12\/ceh-10-laurabassani.png' target='_blank' data-sizes='2364x2363'><img src='https:\/\/fjsp.org.br\/fjsp\/wp-content\/uploads\/2021\/12\/ceh-10-laurabassani-150x150.png' class='img-polaroid img-responsive img-thumbnail' alt='' \/><\/a>\n\t\t\t<\/dt>\n\t\t\t\t<dd class='wp-caption-text gallery-caption'>\n\t\t\t\t\u300c\u3089\u300dLaura Naomi Kobayashi Bassani, 10 anos (Col\u00e9gio Harmonia, S\u00e3o Bernardo do Campo &#8211; SP)\n\t\t\t\t<\/dd><\/dl><dl class='gallery-item span3'>\n\t\t\t<dt class='gallery-icon'>\n\t\t\t\t<a href='https:\/\/fjsp.org.br\/fjsp\/wp-content\/uploads\/2021\/12\/ceh-11-beatrizutsumi.png' target='_blank' data-sizes='2406x2406'><img src='https:\/\/fjsp.org.br\/fjsp\/wp-content\/uploads\/2021\/12\/ceh-11-beatrizutsumi-150x150.png' class='img-polaroid img-responsive img-thumbnail' alt='' \/><\/a>\n\t\t\t<\/dt>\n\t\t\t\t<dd class='wp-caption-text gallery-caption'>\n\t\t\t\t\u300c\u3046\u300dBeatriz Yuki Utsumi, 11 anos (Col\u00e9gio Harmonia, S\u00e3o Bernardo do Campo &#8211; SP)\n\t\t\t\t<\/dd><\/dl><br style=\"clear: both\" \/><dl class='gallery-item span3'>\n\t\t\t<dt class='gallery-icon'>\n\t\t\t\t<a href='https:\/\/fjsp.org.br\/fjsp\/wp-content\/uploads\/2021\/12\/ceh-11-ceciliaconrado.png' target='_blank' data-sizes='2406x2406'><img src='https:\/\/fjsp.org.br\/fjsp\/wp-content\/uploads\/2021\/12\/ceh-11-ceciliaconrado-150x150.png' class='img-polaroid img-responsive img-thumbnail' alt='' \/><\/a>\n\t\t\t<\/dt>\n\t\t\t\t<dd class='wp-caption-text gallery-caption'>\n\t\t\t\t\u300c\u3057\u300dCecilia Conrado Leite, 11 anos (Col\u00e9gio Harmonia, S\u00e3o Bernardo do Campo &#8211; SP)\n\t\t\t\t<\/dd><\/dl><dl class='gallery-item span3'>\n\t\t\t<dt class='gallery-icon'>\n\t\t\t\t<a href='https:\/\/fjsp.org.br\/fjsp\/wp-content\/uploads\/2021\/12\/ceh-11-gabrielahina.png' target='_blank' data-sizes='2406x2406'><img src='https:\/\/fjsp.org.br\/fjsp\/wp-content\/uploads\/2021\/12\/ceh-11-gabrielahina-150x150.png' class='img-polaroid img-responsive img-thumbnail' alt='' \/><\/a>\n\t\t\t<\/dt>\n\t\t\t\t<dd class='wp-caption-text gallery-caption'>\n\t\t\t\t\u300c\u3057\u300dGabriela Hina Luders, 11 anos (Col\u00e9gio Harmonia, S\u00e3o Bernardo do Campo &#8211; SP)\n\t\t\t\t<\/dd><\/dl><dl class='gallery-item span3'>\n\t\t\t<dt class='gallery-icon'>\n\t\t\t\t<a href='https:\/\/fjsp.org.br\/fjsp\/wp-content\/uploads\/2021\/12\/ceh-11-laviniaoliveira.png' target='_blank' data-sizes='2363x2363'><img src='https:\/\/fjsp.org.br\/fjsp\/wp-content\/uploads\/2021\/12\/ceh-11-laviniaoliveira-150x150.png' class='img-polaroid img-responsive img-thumbnail' alt='' \/><\/a>\n\t\t\t<\/dt>\n\t\t\t\t<dd class='wp-caption-text gallery-caption'>\n\t\t\t\t\u300c\u3078\u300dLav\u00ednia Oliveira Garbim Gimenes, 11 anos (Col\u00e9gio Harmonia, S\u00e3o Bernardo do Campo &#8211; SP)\n\t\t\t\t<\/dd><\/dl><dl class='gallery-item span3'>\n\t\t\t<dt class='gallery-icon'>\n\t\t\t\t<a href='https:\/\/fjsp.org.br\/fjsp\/wp-content\/uploads\/2021\/12\/ceh-11-leticiathiemi.png' target='_blank' data-sizes='2363x2363'><img src='https:\/\/fjsp.org.br\/fjsp\/wp-content\/uploads\/2021\/12\/ceh-11-leticiathiemi-150x150.png' class='img-polaroid img-responsive img-thumbnail' alt='' \/><\/a>\n\t\t\t<\/dt>\n\t\t\t\t<dd class='wp-caption-text gallery-caption'>\n\t\t\t\t\u300c\u304b\u300dLeticia Thiemi Shintaku Oshiro, 11 anos (Col\u00e9gio Harmonia, S\u00e3o Bernardo do Campo &#8211; SP)\n\t\t\t\t<\/dd><\/dl><dl class='gallery-item span3'>\n\t\t\t<dt class='gallery-icon'>\n\t\t\t\t<a href='https:\/\/fjsp.org.br\/fjsp\/wp-content\/uploads\/2021\/12\/ceh-11-luanafioroto.png' target='_blank' data-sizes='2363x2363'><img src='https:\/\/fjsp.org.br\/fjsp\/wp-content\/uploads\/2021\/12\/ceh-11-luanafioroto-150x150.png' class='img-polaroid img-responsive img-thumbnail' alt='' \/><\/a>\n\t\t\t<\/dt>\n\t\t\t\t<dd class='wp-caption-text gallery-caption'>\n\t\t\t\t\u300c\u3057, \u3084\u300dLuana Fioroto Cepeda, 11 anos (Col\u00e9gio Harmonia, S\u00e3o Bernardo do Campo &#8211; SP)\n\t\t\t\t<\/dd><\/dl><dl class='gallery-item span3'>\n\t\t\t<dt class='gallery-icon'>\n\t\t\t\t<a href='https:\/\/fjsp.org.br\/fjsp\/wp-content\/uploads\/2021\/12\/ceh-11-rafaelafernandes.png' target='_blank' data-sizes='2363x2363'><img src='https:\/\/fjsp.org.br\/fjsp\/wp-content\/uploads\/2021\/12\/ceh-11-rafaelafernandes-150x150.png' class='img-polaroid img-responsive img-thumbnail' alt='' \/><\/a>\n\t\t\t<\/dt>\n\t\t\t\t<dd class='wp-caption-text gallery-caption'>\n\t\t\t\t\u300c\u3053\u300dRafaela Fernandes da Fonseca, 11 anos (Col\u00e9gio Harmonia, S\u00e3o Bernardo do Campo &#8211; SP)\n\t\t\t\t<\/dd><\/dl><br style=\"clear: both\" \/><dl class='gallery-item span3'>\n\t\t\t<dt class='gallery-icon'>\n\t\t\t\t<a href='https:\/\/fjsp.org.br\/fjsp\/wp-content\/uploads\/2021\/12\/ceh-11-renenhedo.png' target='_blank' data-sizes='2364x2363'><img src='https:\/\/fjsp.org.br\/fjsp\/wp-content\/uploads\/2021\/12\/ceh-11-renenhedo-150x150.png' class='img-polaroid img-responsive img-thumbnail' alt='' \/><\/a>\n\t\t\t<\/dt>\n\t\t\t\t<dd class='wp-caption-text gallery-caption'>\n\t\t\t\t\u300c\u3082\u300dRen\u00e9 Nhedo de Souza, 11 anos (Col\u00e9gio Harmonia, S\u00e3o Bernardo do Campo &#8211; SP)\n\t\t\t\t<\/dd><\/dl><dl class='gallery-item span3'>\n\t\t\t<dt class='gallery-icon'>\n\t\t\t\t<a href='https:\/\/fjsp.org.br\/fjsp\/wp-content\/uploads\/2021\/12\/cen-10-isabelalima.png' target='_blank' data-sizes='2406x2406'><img src='https:\/\/fjsp.org.br\/fjsp\/wp-content\/uploads\/2021\/12\/cen-10-isabelalima-150x150.png' class='img-polaroid img-responsive img-thumbnail' alt='' \/><\/a>\n\t\t\t<\/dt>\n\t\t\t\t<dd class='wp-caption-text gallery-caption'>\n\t\t\t\t\u300c\u3058\u300dIsabela do Nascimento Lima, 10 anos (Cenibras, Suzano \u2013 SP) \n\t\t\t\t<\/dd><\/dl><dl class='gallery-item span3'>\n\t\t\t<dt class='gallery-icon'>\n\t\t\t\t<a href='https:\/\/fjsp.org.br\/fjsp\/wp-content\/uploads\/2021\/12\/cen-10-martinanascimento.png' target='_blank' data-sizes='2363x2363'><img src='https:\/\/fjsp.org.br\/fjsp\/wp-content\/uploads\/2021\/12\/cen-10-martinanascimento-150x150.png' class='img-polaroid img-responsive img-thumbnail' alt='' \/><\/a>\n\t\t\t<\/dt>\n\t\t\t\t<dd class='wp-caption-text gallery-caption'>\n\t\t\t\t\u300c\u306c\u300dMartina Amaral Cardoso do Nascimento, 10 anos (Cenibras, Suzano \u2013 SP) \n\t\t\t\t<\/dd><\/dl><dl class='gallery-item span3'>\n\t\t\t<dt class='gallery-icon'>\n\t\t\t\t<a href='https:\/\/fjsp.org.br\/fjsp\/wp-content\/uploads\/2021\/12\/cen-10-melissamello.png' target='_blank' data-sizes='2406x2406'><img src='https:\/\/fjsp.org.br\/fjsp\/wp-content\/uploads\/2021\/12\/cen-10-melissamello-150x150.png' class='img-polaroid img-responsive img-thumbnail' alt='' \/><\/a>\n\t\t\t<\/dt>\n\t\t\t\t<dd class='wp-caption-text gallery-caption'>\n\t\t\t\t\u300c\u3046\u300dMelissa Mello, 10 anos (Cenibras, Suzano \u2013 SP) \n\t\t\t\t<\/dd><\/dl><dl class='gallery-item span3'>\n\t\t\t<dt class='gallery-icon'>\n\t\t\t\t<a href='https:\/\/fjsp.org.br\/fjsp\/wp-content\/uploads\/2021\/12\/cen-10-migueldomingos.png' target='_blank' data-sizes='2363x2363'><img src='https:\/\/fjsp.org.br\/fjsp\/wp-content\/uploads\/2021\/12\/cen-10-migueldomingos-150x150.png' class='img-polaroid img-responsive img-thumbnail' alt='' \/><\/a>\n\t\t\t<\/dt>\n\t\t\t\t<dd class='wp-caption-text gallery-caption'>\n\t\t\t\t\u300c\u3044\u300dMiguel dos Reis Domingos, 10 anos (Cenibras, Suzano \u2013 SP) \n\t\t\t\t<\/dd><\/dl><dl class='gallery-item span3'>\n\t\t\t<dt class='gallery-icon'>\n\t\t\t\t<a href='https:\/\/fjsp.org.br\/fjsp\/wp-content\/uploads\/2021\/12\/mir-10-rafaelnavarrao.png' target='_blank' data-sizes='2406x2406'><img src='https:\/\/fjsp.org.br\/fjsp\/wp-content\/uploads\/2021\/12\/mir-10-rafaelnavarrao-150x150.png' class='img-polaroid img-responsive img-thumbnail' alt='' \/><\/a>\n\t\t\t<\/dt>\n\t\t\t\t<dd class='wp-caption-text gallery-caption'>\n\t\t\t\t\u300c\u306e\u300dRafael Navarrao da Silva Secco, 10 anos (Col\u00e9gio Mirassol, S\u00e3o Paulo \u2013 SP) \n\t\t\t\t<\/dd><\/dl><br style=\"clear: both\" \/><dl class='gallery-item span3'>\n\t\t\t<dt class='gallery-icon'>\n\t\t\t\t<a href='https:\/\/fjsp.org.br\/fjsp\/wp-content\/uploads\/2021\/12\/xav-11-nicolasshiozaki.png' target='_blank' data-sizes='2363x2363'><img src='https:\/\/fjsp.org.br\/fjsp\/wp-content\/uploads\/2021\/12\/xav-11-nicolasshiozaki-150x150.png' class='img-polaroid img-responsive img-thumbnail' alt='' \/><\/a>\n\t\t\t<\/dt>\n\t\t\t\t<dd class='wp-caption-text gallery-caption'>\n\t\t\t\t\u300c\u307a\u300dNicolas Akio Shiozaki Boiko, 11 anos (Col\u00e9gio S\u00e3o Francisco Xavier, Maring\u00e1 &#8211; PR)\n\t\t\t\t<\/dd><\/dl><dl class='gallery-item span3'>\n\t\t\t<dt class='gallery-icon'>\n\t\t\t\t<a href='https:\/\/fjsp.org.br\/fjsp\/wp-content\/uploads\/2021\/12\/xav-11-emilyyonehara.png' target='_blank' data-sizes='2406x2406'><img src='https:\/\/fjsp.org.br\/fjsp\/wp-content\/uploads\/2021\/12\/xav-11-emilyyonehara-150x150.png' class='img-polaroid img-responsive img-thumbnail' alt='' \/><\/a>\n\t\t\t<\/dt>\n\t\t\t\t<dd class='wp-caption-text gallery-caption'>\n\t\t\t\t\u300c\u3068\u300dEmily Yonehara Takagui, 11 anos (Col\u00e9gio S\u00e3o Francisco Xavier, Maring\u00e1 &#8211; PR)\n\t\t\t\t<\/dd><\/dl><dl class='gallery-item span3'>\n\t\t\t<dt class='gallery-icon'>\n\t\t\t\t<a href='https:\/\/fjsp.org.br\/fjsp\/wp-content\/uploads\/2021\/12\/xav-11-luizaravagnani.png' target='_blank' data-sizes='2406x2406'><img src='https:\/\/fjsp.org.br\/fjsp\/wp-content\/uploads\/2021\/12\/xav-11-luizaravagnani-150x150.png' class='img-polaroid img-responsive img-thumbnail' alt='' \/><\/a>\n\t\t\t<\/dt>\n\t\t\t\t<dd class='wp-caption-text gallery-caption'>\n\t\t\t\t\u300c\u3054\u300dLuiza Ravagnani de Barros, 11 anos (Col\u00e9gio S\u00e3o Francisco Xavier, Maring\u00e1 &#8211; PR)\n\t\t\t\t<\/dd><\/dl><dl class='gallery-item span3'>\n\t\t\t<dt class='gallery-icon'>\n\t\t\t\t<a href='https:\/\/fjsp.org.br\/fjsp\/wp-content\/uploads\/2021\/12\/xav-10-marcoalmeida.png' target='_blank' data-sizes='2363x2363'><img src='https:\/\/fjsp.org.br\/fjsp\/wp-content\/uploads\/2021\/12\/xav-10-marcoalmeida-150x150.png' class='img-polaroid img-responsive img-thumbnail' alt='' \/><\/a>\n\t\t\t<\/dt>\n\t\t\t\t<dd class='wp-caption-text gallery-caption'>\n\t\t\t\t\u300c\u3072\u300dMarco Ant\u00f4nio Torrecillas de Almeida Tadim, 10 anos (Col\u00e9gio S\u00e3o Francisco Xavier, Maring\u00e1 &#8211; PR)\n\t\t\t\t<\/dd><\/dl><dl class='gallery-item span3'>\n\t\t\t<dt class='gallery-icon'>\n\t\t\t\t<a href='https:\/\/fjsp.org.br\/fjsp\/wp-content\/uploads\/2021\/12\/ejm-10-joaosales.png' target='_blank' data-sizes='2406x2406'><img src='https:\/\/fjsp.org.br\/fjsp\/wp-content\/uploads\/2021\/12\/ejm-10-joaosales-150x150.png' class='img-polaroid img-responsive img-thumbnail' alt='' \/><\/a>\n\t\t\t<\/dt>\n\t\t\t\t<dd class='wp-caption-text gallery-caption'>\n\t\t\t\t\u300c\u3042\u300dJo\u00e3o Gabriel Sales, 10 anos (Escola Professora Josephina de Mello, Manaus &#8211; AM)\n\t\t\t\t<\/dd><\/dl><dl class='gallery-item span3'>\n\t\t\t<dt class='gallery-icon'>\n\t\t\t\t<a href='https:\/\/fjsp.org.br\/fjsp\/wp-content\/uploads\/2021\/12\/ecv-10-giovanamiwa.png' target='_blank' data-sizes='2363x2363'><img src='https:\/\/fjsp.org.br\/fjsp\/wp-content\/uploads\/2021\/12\/ecv-10-giovanamiwa-150x150.png' class='img-polaroid img-responsive img-thumbnail' alt='' \/><\/a>\n\t\t\t<\/dt>\n\t\t\t\t<dd class='wp-caption-text gallery-caption'>\n\t\t\t\t\u300c\u304f\u3001\u3048\u3001\u3078\u3001\u3072\u300dGiovana Miwa Takara, 10 anos (Exatus, S\u00e3o Paulo \u2013 SP)\n\t\t\t\t<\/dd><\/dl><br style=\"clear: both\" \/><dl class='gallery-item span3'>\n\t\t\t<dt class='gallery-icon'>\n\t\t\t\t<a href='https:\/\/fjsp.org.br\/fjsp\/wp-content\/uploads\/2021\/12\/ecv-10-emilyminoda.png' target='_blank' data-sizes='2364x2363'><img src='https:\/\/fjsp.org.br\/fjsp\/wp-content\/uploads\/2021\/12\/ecv-10-emilyminoda-150x150.png' class='img-polaroid img-responsive img-thumbnail' alt='' \/><\/a>\n\t\t\t<\/dt>\n\t\t\t\t<dd class='wp-caption-text gallery-caption'>\n\t\t\t\t\u300c\u3066\u300dEmily Minoda Vasconcelos, 10 anos (Exatus, S\u00e3o Paulo \u2013 SP)\n\t\t\t\t<\/dd><\/dl><dl class='gallery-item span3'>\n\t\t\t<dt class='gallery-icon'>\n\t\t\t\t<a href='https:\/\/fjsp.org.br\/fjsp\/wp-content\/uploads\/2021\/12\/xav-10-giuliabonacin.png' target='_blank' data-sizes='2363x2363'><img src='https:\/\/fjsp.org.br\/fjsp\/wp-content\/uploads\/2021\/12\/xav-10-giuliabonacin-150x150.png' class='img-polaroid img-responsive img-thumbnail' alt='' \/><\/a>\n\t\t\t<\/dt>\n\t\t\t\t<dd class='wp-caption-text gallery-caption'>\n\t\t\t\t\u300c\u3066\u300dGiulia Bonacin Casavechia, 10 anos (Col\u00e9gio S\u00e3o Francisco Xavier, Maring\u00e1 &#8211; PR)\n\t\t\t\t<\/dd><\/dl>\n\t\t\t<br style='clear: both;' \/>\n\t\t<\/div>\n\n","protected":false},"excerpt":{"rendered":"","protected":false},"author":1,"featured_media":0,"parent":0,"menu_order":0,"comment_status":"closed","ping_status":"closed","template":"","meta":{"_acf_changed":false,"footnotes":""},"class_list":["post-18680","page","type-page","status-publish","hentry"],"acf":[],"_links":{"self":[{"href":"https:\/\/fjsp.org.br\/fjsp\/wp-json\/wp\/v2\/pages\/18680","targetHints":{"allow":["GET"]}}],"collection":[{"href":"https:\/\/fjsp.org.br\/fjsp\/wp-json\/wp\/v2\/pages"}],"about":[{"href":"https:\/\/fjsp.org.br\/fjsp\/wp-json\/wp\/v2\/types\/page"}],"author":[{"embeddable":true,"href":"https:\/\/fjsp.org.br\/fjsp\/wp-json\/wp\/v2\/users\/1"}],"replies":[{"embeddable":true,"href":"https:\/\/fjsp.org.br\/fjsp\/wp-json\/wp\/v2\/comments?post=18680"}],"version-history":[{"count":2,"href":"https:\/\/fjsp.org.br\/fjsp\/wp-json\/wp\/v2\/pages\/18680\/revisions"}],"predecessor-version":[{"id":18799,"href":"https:\/\/fjsp.org.br\/fjsp\/wp-json\/wp\/v2\/pages\/18680\/revisions\/18799"}],"wp:attachment":[{"href":"https:\/\/fjsp.org.br\/fjsp\/wp-json\/wp\/v2\/media?parent=18680"}],"curies":[{"name":"wp","href":"https:\/\/api.w.org\/{rel}","templated":true}]}}