{"id":18745,"date":"2021-12-15T11:39:05","date_gmt":"2021-12-15T14:39:05","guid":{"rendered":"https:\/\/fjsp.org.br\/fjsp\/?page_id=18745"},"modified":"2021-12-15T13:52:29","modified_gmt":"2021-12-15T16:52:29","slug":"concurso-desenhos-2021-galeria-14-15","status":"publish","type":"page","link":"https:\/\/fjsp.org.br\/fjsp\/concurso-desenhos-2021-galeria-14-15\/","title":{"rendered":"Men\u00e7\u00e3o Honrosa &#8211; Categoria 14 a 15 anos"},"content":{"rendered":"<style>.gallery-item{float:left;width:160px;margin-right:10px;padding:0 10px 0 0;!important}.gallery-caption{text-align:justify;font-size:11px;}<\/style>\n\n\t\t<div id='gallery-1' class='gallery galleryid-18745 gallery-columns-6 gallery-size-marugoto_foto row-fluid'><dl class='gallery-item span3'>\n\t\t\t<dt class='gallery-icon'>\n\t\t\t\t<a href='https:\/\/fjsp.org.br\/fjsp\/wp-content\/uploads\/2021\/12\/caj-15-antonio-silva.png' target='_blank' data-sizes='2362x2362'><img src='https:\/\/fjsp.org.br\/fjsp\/wp-content\/uploads\/2021\/12\/caj-15-antonio-silva-150x150.png' class='img-polaroid img-responsive img-thumbnail' alt='' \/><\/a>\n\t\t\t<\/dt>\n\t\t\t\t<dd class='wp-caption-text gallery-caption'>\n\t\t\t\t\u300c\u3053\u300dAntonio Santos Ribeiro Silva, 15 anos (E.E. Ana Maria Junqueira, Franca &#8211; SP)\n\t\t\t\t<\/dd><\/dl><dl class='gallery-item span3'>\n\t\t\t<dt class='gallery-icon'>\n\t\t\t\t<a href='https:\/\/fjsp.org.br\/fjsp\/wp-content\/uploads\/2021\/12\/cap-15-brenda-rosa.png' target='_blank' data-sizes='2362x2362'><img src='https:\/\/fjsp.org.br\/fjsp\/wp-content\/uploads\/2021\/12\/cap-15-brenda-rosa-150x150.png' class='img-polaroid img-responsive img-thumbnail' alt='' \/><\/a>\n\t\t\t<\/dt>\n\t\t\t\t<dd class='wp-caption-text gallery-caption'>\n\t\t\t\t\u300c\u3066\u300dBrenda Targueta Rosa, 15 anos (E.E. Ant\u00f4nio Padilha, Sorocaba &#8211; SP)\n\t\t\t\t<\/dd><\/dl><dl class='gallery-item span3'>\n\t\t\t<dt class='gallery-icon'>\n\t\t\t\t<a href='https:\/\/fjsp.org.br\/fjsp\/wp-content\/uploads\/2021\/12\/cap-15-clarissa-martins.png' target='_blank' data-sizes='2362x2362'><img src='https:\/\/fjsp.org.br\/fjsp\/wp-content\/uploads\/2021\/12\/cap-15-clarissa-martins-150x150.png' class='img-polaroid img-responsive img-thumbnail' alt='' \/><\/a>\n\t\t\t<\/dt>\n\t\t\t\t<dd class='wp-caption-text gallery-caption'>\n\t\t\t\t\u300c\u306c\u300dClarissa Stefany Wincler Berchielli Martins, 15 anos (E.E. Ant\u00f4nio Padilha, Sorocaba &#8211; SP)\n\t\t\t\t<\/dd><\/dl><dl class='gallery-item span3'>\n\t\t\t<dt class='gallery-icon'>\n\t\t\t\t<a href='https:\/\/fjsp.org.br\/fjsp\/wp-content\/uploads\/2021\/12\/cap-15-hanna-zuca.png' target='_blank' data-sizes='2362x2362'><img src='https:\/\/fjsp.org.br\/fjsp\/wp-content\/uploads\/2021\/12\/cap-15-hanna-zuca-150x150.png' class='img-polaroid img-responsive img-thumbnail' alt='' \/><\/a>\n\t\t\t<\/dt>\n\t\t\t\t<dd class='wp-caption-text gallery-caption'>\n\t\t\t\t\u300c\u3072\u300dHanna Call\u00f3 Zuca, 15 anos (E.E. Ant\u00f4nio Padilha, Sorocaba &#8211; SP)\n\t\t\t\t<\/dd><\/dl><dl class='gallery-item span3'>\n\t\t\t<dt class='gallery-icon'>\n\t\t\t\t<a href='https:\/\/fjsp.org.br\/fjsp\/wp-content\/uploads\/2021\/12\/cdb-14-agata-costa.png' target='_blank' data-sizes='2362x2362'><img src='https:\/\/fjsp.org.br\/fjsp\/wp-content\/uploads\/2021\/12\/cdb-14-agata-costa-150x150.png' class='img-polaroid img-responsive img-thumbnail' alt='' \/><\/a>\n\t\t\t<\/dt>\n\t\t\t\t<dd class='wp-caption-text gallery-caption'>\n\t\t\t\t\u300c\u3089\u300d\u00c1gata Cristina da Silva Costa, 14 anos (E.E.T.I.B. Professor Djalma da Cunha Batista, Manaus &#8211; AM)\n\t\t\t\t<\/dd><\/dl><dl class='gallery-item span3'>\n\t\t\t<dt class='gallery-icon'>\n\t\t\t\t<a href='https:\/\/fjsp.org.br\/fjsp\/wp-content\/uploads\/2021\/12\/cdb-14-geovanna-bonfim.png' target='_blank' data-sizes='2362x2362'><img src='https:\/\/fjsp.org.br\/fjsp\/wp-content\/uploads\/2021\/12\/cdb-14-geovanna-bonfim-150x150.png' class='img-polaroid img-responsive img-thumbnail' alt='' \/><\/a>\n\t\t\t<\/dt>\n\t\t\t\t<dd class='wp-caption-text gallery-caption'>\n\t\t\t\t\u300c\u3042\u300dGeovanna da Silva Bonfim, 14 anos (E.E.T.I.B. Professor Djalma da Cunha Batista, Manaus &#8211; AM)\n\t\t\t\t<\/dd><\/dl><br style=\"clear: both\" \/><dl class='gallery-item span3'>\n\t\t\t<dt class='gallery-icon'>\n\t\t\t\t<a href='https:\/\/fjsp.org.br\/fjsp\/wp-content\/uploads\/2021\/12\/cdb-14-julia-araujo.png' target='_blank' data-sizes='2362x2362'><img src='https:\/\/fjsp.org.br\/fjsp\/wp-content\/uploads\/2021\/12\/cdb-14-julia-araujo-150x150.png' class='img-polaroid img-responsive img-thumbnail' alt='' \/><\/a>\n\t\t\t<\/dt>\n\t\t\t\t<dd class='wp-caption-text gallery-caption'>\n\t\t\t\t\u300c\u3066\u300dJulia Wayne Sousa de Araujo, 14 anos (E.E.T.I.B. Professor Djalma da Cunha Batista, Manaus &#8211; AM)\n\t\t\t\t<\/dd><\/dl><dl class='gallery-item span3'>\n\t\t\t<dt class='gallery-icon'>\n\t\t\t\t<a href='https:\/\/fjsp.org.br\/fjsp\/wp-content\/uploads\/2021\/12\/cdb-14-pedro-oliveira.png' target='_blank' data-sizes='2362x2362'><img src='https:\/\/fjsp.org.br\/fjsp\/wp-content\/uploads\/2021\/12\/cdb-14-pedro-oliveira-150x150.png' class='img-polaroid img-responsive img-thumbnail' alt='' \/><\/a>\n\t\t\t<\/dt>\n\t\t\t\t<dd class='wp-caption-text gallery-caption'>\n\t\t\t\t\u300c\u308d\u300dPedro Dalbert Lima de Oliveira, 14 anos (E.E.T.I.B. Professor Djalma da Cunha Batista, Manaus &#8211; AM)\n\t\t\t\t<\/dd><\/dl><dl class='gallery-item span3'>\n\t\t\t<dt class='gallery-icon'>\n\t\t\t\t<a href='https:\/\/fjsp.org.br\/fjsp\/wp-content\/uploads\/2021\/12\/cdb-14-winicius-vale.png' target='_blank' data-sizes='2362x2362'><img src='https:\/\/fjsp.org.br\/fjsp\/wp-content\/uploads\/2021\/12\/cdb-14-winicius-vale-150x150.png' class='img-polaroid img-responsive img-thumbnail' alt='' \/><\/a>\n\t\t\t<\/dt>\n\t\t\t\t<dd class='wp-caption-text gallery-caption'>\n\t\t\t\t\u300c\u3089\u300dWinicius Gabriel Melo do Vale, 14 anos (E.E.T.I.B. Professor Djalma da Cunha Batista, Manaus &#8211; AM)\n\t\t\t\t<\/dd><\/dl><dl class='gallery-item span3'>\n\t\t\t<dt class='gallery-icon'>\n\t\t\t\t<a href='https:\/\/fjsp.org.br\/fjsp\/wp-content\/uploads\/2021\/12\/cdb-15-pedro-carlota.png' target='_blank' data-sizes='2362x2362'><img src='https:\/\/fjsp.org.br\/fjsp\/wp-content\/uploads\/2021\/12\/cdb-15-pedro-carlota-150x150.png' class='img-polaroid img-responsive img-thumbnail' alt='' \/><\/a>\n\t\t\t<\/dt>\n\t\t\t\t<dd class='wp-caption-text gallery-caption'>\n\t\t\t\t\u300c\u3079\u300dPedro Luan dos Santos Carlota, 15 anos (E.E.T.I.B. Professor Djalma da Cunha Batista, Manaus &#8211; AM)\n\t\t\t\t<\/dd><\/dl><dl class='gallery-item span3'>\n\t\t\t<dt class='gallery-icon'>\n\t\t\t\t<a href='https:\/\/fjsp.org.br\/fjsp\/wp-content\/uploads\/2021\/12\/cef-15-jose-santos.png' target='_blank' data-sizes='2362x2362'><img src='https:\/\/fjsp.org.br\/fjsp\/wp-content\/uploads\/2021\/12\/cef-15-jose-santos-150x150.png' class='img-polaroid img-responsive img-thumbnail' alt='' \/><\/a>\n\t\t\t<\/dt>\n\t\t\t\t<dd class='wp-caption-text gallery-caption'>\n\t\t\t\t\u300c\u3068\u300dJos\u00e9 Guilherme Barros Santos, 15 anos (E.E. Estevam Ferri, S\u00e3o Jos\u00e9 dos Campos &#8211; SP)\n\t\t\t\t<\/dd><\/dl><dl class='gallery-item span3'>\n\t\t\t<dt class='gallery-icon'>\n\t\t\t\t<a href='https:\/\/fjsp.org.br\/fjsp\/wp-content\/uploads\/2021\/12\/ceh-15-sophia-toledo.png' target='_blank' data-sizes='2362x2362'><img src='https:\/\/fjsp.org.br\/fjsp\/wp-content\/uploads\/2021\/12\/ceh-15-sophia-toledo-150x150.png' class='img-polaroid img-responsive img-thumbnail' alt='' \/><\/a>\n\t\t\t<\/dt>\n\t\t\t\t<dd class='wp-caption-text gallery-caption'>\n\t\t\t\t\u300c\u3044\u300dSophia Toledo Gameiro, 15 anos (Col\u00e9gio Harmonia, S\u00e3o Bernardo do Campo &#8211; SP)\n\t\t\t\t<\/dd><\/dl><br style=\"clear: both\" \/><dl class='gallery-item span3'>\n\t\t\t<dt class='gallery-icon'>\n\t\t\t\t<a href='https:\/\/fjsp.org.br\/fjsp\/wp-content\/uploads\/2021\/12\/cfh-14-yasmim-verissimo.png' target='_blank' data-sizes='2362x2362'><img src='https:\/\/fjsp.org.br\/fjsp\/wp-content\/uploads\/2021\/12\/cfh-14-yasmim-verissimo-150x150.png' class='img-polaroid img-responsive img-thumbnail' alt='' \/><\/a>\n\t\t\t<\/dt>\n\t\t\t\t<dd class='wp-caption-text gallery-caption'>\n\t\t\t\t\u300c\u3064\u300dYasmim Veriss\u00edmo dos Santos Mota, 14 anos (E.E. Fadlo Haidar, S\u00e3o Paulo &#8211; SP)\n\t\t\t\t<\/dd><\/dl><dl class='gallery-item span3'>\n\t\t\t<dt class='gallery-icon'>\n\t\t\t\t<a href='https:\/\/fjsp.org.br\/fjsp\/wp-content\/uploads\/2021\/12\/cja-14-raissa-pinheiro.png' target='_blank' data-sizes='2362x2362'><img src='https:\/\/fjsp.org.br\/fjsp\/wp-content\/uploads\/2021\/12\/cja-14-raissa-pinheiro-150x150.png' class='img-polaroid img-responsive img-thumbnail' alt='' \/><\/a>\n\t\t\t<\/dt>\n\t\t\t\t<dd class='wp-caption-text gallery-caption'>\n\t\t\t\t\u300c\u304a\u300dRaissa Ribeiro Pinheiro, 14 anos (E.E. Dr. J\u00falio Prestes de Albuquerque, Sorocaba &#8211; SP)\n\t\t\t\t<\/dd><\/dl><dl class='gallery-item span3'>\n\t\t\t<dt class='gallery-icon'>\n\t\t\t\t<a href='https:\/\/fjsp.org.br\/fjsp\/wp-content\/uploads\/2021\/12\/clr-14-stephanie-rodrigues.png' target='_blank' data-sizes='2362x2362'><img src='https:\/\/fjsp.org.br\/fjsp\/wp-content\/uploads\/2021\/12\/clr-14-stephanie-rodrigues-150x150.png' class='img-polaroid img-responsive img-thumbnail' alt='' \/><\/a>\n\t\t\t<\/dt>\n\t\t\t\t<dd class='wp-caption-text gallery-caption'>\n\t\t\t\t\u300c\u3046\u300dStephanie Rodrigues Carvalho, 14 anos (E.E. Prof. Dr. Laerte Ramos de Carvalho, S\u00e3o Paulo &#8211; SP)\n\t\t\t\t<\/dd><\/dl><dl class='gallery-item span3'>\n\t\t\t<dt class='gallery-icon'>\n\t\t\t\t<a href='https:\/\/fjsp.org.br\/fjsp\/wp-content\/uploads\/2021\/12\/cpc-15-mayumi-santana.png' target='_blank' data-sizes='2362x2362'><img src='https:\/\/fjsp.org.br\/fjsp\/wp-content\/uploads\/2021\/12\/cpc-15-mayumi-santana-150x150.png' class='img-polaroid img-responsive img-thumbnail' alt='' \/><\/a>\n\t\t\t<\/dt>\n\t\t\t\t<dd class='wp-caption-text gallery-caption'>\n\t\t\t\t\u300c\u3053\u300dMayumi Maekawa Santana, 15 anos (E.E. Prof. Pedro Casemiro Leite, Cotia &#8211; SP)\n\t\t\t\t<\/dd><\/dl><dl class='gallery-item span3'>\n\t\t\t<dt class='gallery-icon'>\n\t\t\t\t<a href='https:\/\/fjsp.org.br\/fjsp\/wp-content\/uploads\/2021\/12\/cpc-15-sofhiasantos.png' target='_blank' data-sizes='2362x2362'><img src='https:\/\/fjsp.org.br\/fjsp\/wp-content\/uploads\/2021\/12\/cpc-15-sofhiasantos-150x150.png' class='img-polaroid img-responsive img-thumbnail' alt='' \/><\/a>\n\t\t\t<\/dt>\n\t\t\t\t<dd class='wp-caption-text gallery-caption'>\n\t\t\t\t\u300c\u3064\u300dSofhia Massaneia dos Santos, 15 anos (E.E. Prof. Pedro Casemiro Leite, Cotia &#8211; SP)\n\t\t\t\t<\/dd><\/dl><dl class='gallery-item span3'>\n\t\t\t<dt class='gallery-icon'>\n\t\t\t\t<a href='https:\/\/fjsp.org.br\/fjsp\/wp-content\/uploads\/2021\/12\/cpn-15-bruna-santana.png' target='_blank' data-sizes='2362x2362'><img src='https:\/\/fjsp.org.br\/fjsp\/wp-content\/uploads\/2021\/12\/cpn-15-bruna-santana-150x150.png' class='img-polaroid img-responsive img-thumbnail' alt='' \/><\/a>\n\t\t\t<\/dt>\n\t\t\t\t<dd class='wp-caption-text gallery-caption'>\n\t\t\t\t\u300c\u3089\u300dBruna Santana Garilli, 15 anos (E.E. Pl\u00ednio Negr\u00e3o, S\u00e3o Paulo &#8211; SP)\n\t\t\t\t<\/dd><\/dl><br style=\"clear: both\" \/><dl class='gallery-item span3'>\n\t\t\t<dt class='gallery-icon'>\n\t\t\t\t<a href='https:\/\/fjsp.org.br\/fjsp\/wp-content\/uploads\/2021\/12\/crb-15-gustavosantos.png' target='_blank' data-sizes='2406x2406'><img src='https:\/\/fjsp.org.br\/fjsp\/wp-content\/uploads\/2021\/12\/crb-15-gustavosantos-150x150.png' class='img-polaroid img-responsive img-thumbnail' alt='' \/><\/a>\n\t\t\t<\/dt>\n\t\t\t\t<dd class='wp-caption-text gallery-caption'>\n\t\t\t\t\u300c\u304b\u300dGustavo S Santos, 15 anos (E.E. Prof. Raul Brasil, Suzano &#8211; SP)\n\t\t\t\t<\/dd><\/dl>\n\t\t\t<br style='clear: both;' \/>\n\t\t<\/div>\n\n","protected":false},"excerpt":{"rendered":"","protected":false},"author":1,"featured_media":0,"parent":0,"menu_order":0,"comment_status":"closed","ping_status":"closed","template":"","meta":{"_acf_changed":false,"footnotes":""},"class_list":["post-18745","page","type-page","status-publish","hentry"],"acf":[],"_links":{"self":[{"href":"https:\/\/fjsp.org.br\/fjsp\/wp-json\/wp\/v2\/pages\/18745","targetHints":{"allow":["GET"]}}],"collection":[{"href":"https:\/\/fjsp.org.br\/fjsp\/wp-json\/wp\/v2\/pages"}],"about":[{"href":"https:\/\/fjsp.org.br\/fjsp\/wp-json\/wp\/v2\/types\/page"}],"author":[{"embeddable":true,"href":"https:\/\/fjsp.org.br\/fjsp\/wp-json\/wp\/v2\/users\/1"}],"replies":[{"embeddable":true,"href":"https:\/\/fjsp.org.br\/fjsp\/wp-json\/wp\/v2\/comments?post=18745"}],"version-history":[{"count":1,"href":"https:\/\/fjsp.org.br\/fjsp\/wp-json\/wp\/v2\/pages\/18745\/revisions"}],"predecessor-version":[{"id":18767,"href":"https:\/\/fjsp.org.br\/fjsp\/wp-json\/wp\/v2\/pages\/18745\/revisions\/18767"}],"wp:attachment":[{"href":"https:\/\/fjsp.org.br\/fjsp\/wp-json\/wp\/v2\/media?parent=18745"}],"curies":[{"name":"wp","href":"https:\/\/api.w.org\/{rel}","templated":true}]}}