{"id":18748,"date":"2021-12-15T12:45:57","date_gmt":"2021-12-15T15:45:57","guid":{"rendered":"https:\/\/fjsp.org.br\/fjsp\/?page_id=18748"},"modified":"2021-12-15T14:37:17","modified_gmt":"2021-12-15T17:37:17","slug":"concurso-desenhos-2021-galeria-16mais","status":"publish","type":"page","link":"https:\/\/fjsp.org.br\/fjsp\/concurso-desenhos-2021-galeria-16mais\/","title":{"rendered":"Men\u00e7\u00e3o Honrosa &#8211; Categoria 16 anos mais"},"content":{"rendered":"<style>.gallery-item{float:left;width:160px;margin-right:10px;padding:0 10px 0 0;!important}.gallery-caption{text-align:justify;font-size:11px;}<\/style>\n\n\t\t<div id='gallery-1' class='gallery galleryid-18748 gallery-columns-6 gallery-size-marugoto_foto row-fluid'><dl class='gallery-item span3'>\n\t\t\t<dt class='gallery-icon'>\n\t\t\t\t<a href='https:\/\/fjsp.org.br\/fjsp\/wp-content\/uploads\/2021\/12\/cag-19-muriloperez.png' target='_blank' data-sizes='2406x2406'><img src='https:\/\/fjsp.org.br\/fjsp\/wp-content\/uploads\/2021\/12\/cag-19-muriloperez-150x150.png' class='img-polaroid img-responsive img-thumbnail' alt='' \/><\/a>\n\t\t\t<\/dt>\n\t\t\t\t<dd class='wp-caption-text gallery-caption'>\n\t\t\t\t\u300c\u304b\u300dMurilo Perez Lima, 19 anos (E.E. Alexandre de Gusm\u00e3o, S\u00e3o Paulo &#8211; SP)\n\t\t\t\t<\/dd><\/dl><dl class='gallery-item span3'>\n\t\t\t<dt class='gallery-icon'>\n\t\t\t\t<a href='https:\/\/fjsp.org.br\/fjsp\/wp-content\/uploads\/2021\/12\/cag-20-tathianecorradi.png' target='_blank' data-sizes='2406x2406'><img src='https:\/\/fjsp.org.br\/fjsp\/wp-content\/uploads\/2021\/12\/cag-20-tathianecorradi-150x150.png' class='img-polaroid img-responsive img-thumbnail' alt='' \/><\/a>\n\t\t\t<\/dt>\n\t\t\t\t<dd class='wp-caption-text gallery-caption'>\n\t\t\t\t\u300c\u305d\u300dTathiane Corradi da Silva, 20 anos (E.E. Alexandre de Gusm\u00e3o, S\u00e3o Paulo &#8211; SP)\n\t\t\t\t<\/dd><\/dl><dl class='gallery-item span3'>\n\t\t\t<dt class='gallery-icon'>\n\t\t\t\t<a href='https:\/\/fjsp.org.br\/fjsp\/wp-content\/uploads\/2021\/12\/cap-16-camilasilva.png' target='_blank' data-sizes='2406x2406'><img src='https:\/\/fjsp.org.br\/fjsp\/wp-content\/uploads\/2021\/12\/cap-16-camilasilva-150x150.png' class='img-polaroid img-responsive img-thumbnail' alt='' \/><\/a>\n\t\t\t<\/dt>\n\t\t\t\t<dd class='wp-caption-text gallery-caption'>\n\t\t\t\t\u300c\u3075\u300dCamila Almeida da Silva, 16 anos (E.E. Ant\u00f4nio Padilha, Sorocaba &#8211; SP)\n\t\t\t\t<\/dd><\/dl><dl class='gallery-item span3'>\n\t\t\t<dt class='gallery-icon'>\n\t\t\t\t<a href='https:\/\/fjsp.org.br\/fjsp\/wp-content\/uploads\/2021\/12\/cca-16-sabrinasantos.png' target='_blank' data-sizes='2406x2406'><img src='https:\/\/fjsp.org.br\/fjsp\/wp-content\/uploads\/2021\/12\/cca-16-sabrinasantos-150x150.png' class='img-polaroid img-responsive img-thumbnail' alt='' \/><\/a>\n\t\t\t<\/dt>\n\t\t\t\t<dd class='wp-caption-text gallery-caption'>\n\t\t\t\t\u300c\u3089\u300dSabrina dos Santos, 16 anos (E.E. Prof. Carlos Alberto de Oliveira, Assis &#8211; SP)\n\t\t\t\t<\/dd><\/dl><dl class='gallery-item span3'>\n\t\t\t<dt class='gallery-icon'>\n\t\t\t\t<a href='https:\/\/fjsp.org.br\/fjsp\/wp-content\/uploads\/2021\/12\/cef-16-mariaribeiro.png' target='_blank' data-sizes='2406x2406'><img src='https:\/\/fjsp.org.br\/fjsp\/wp-content\/uploads\/2021\/12\/cef-16-mariaribeiro-150x150.png' class='img-polaroid img-responsive img-thumbnail' alt='' \/><\/a>\n\t\t\t<\/dt>\n\t\t\t\t<dd class='wp-caption-text gallery-caption'>\n\t\t\t\t\u300c\u304a\u300dMaria Fernanda Fraga Ribeiro, 16 anos (E.E. Prof. Carlos Alberto de Oliveira, Assis &#8211; SP)\n\t\t\t\t<\/dd><\/dl><dl class='gallery-item span3'>\n\t\t\t<dt class='gallery-icon'>\n\t\t\t\t<a href='https:\/\/fjsp.org.br\/fjsp\/wp-content\/uploads\/2021\/12\/cef-16-miguelsantos.png' target='_blank' data-sizes='2406x2406'><img src='https:\/\/fjsp.org.br\/fjsp\/wp-content\/uploads\/2021\/12\/cef-16-miguelsantos-150x150.png' class='img-polaroid img-responsive img-thumbnail' alt='' \/><\/a>\n\t\t\t<\/dt>\n\t\t\t\t<dd class='wp-caption-text gallery-caption'>\n\t\t\t\t\u300c\u30d8\u300dMiguel Luiz Souza dos Santos, 16 anos (E.E. Estevam Ferri, S\u00e3o Jos\u00e9 dos Campos &#8211; SP)\n\t\t\t\t<\/dd><\/dl><br style=\"clear: both\" \/><dl class='gallery-item span3'>\n\t\t\t<dt class='gallery-icon'>\n\t\t\t\t<a href='https:\/\/fjsp.org.br\/fjsp\/wp-content\/uploads\/2021\/12\/cfh-16-anaodierna.png' target='_blank' data-sizes='2406x2406'><img src='https:\/\/fjsp.org.br\/fjsp\/wp-content\/uploads\/2021\/12\/cfh-16-anaodierna-150x150.png' class='img-polaroid img-responsive img-thumbnail' alt='' \/><\/a>\n\t\t\t<\/dt>\n\t\t\t\t<dd class='wp-caption-text gallery-caption'>\n\t\t\t\t\u300c\u3093\u300dAna Carolina Alves Odierna, 16 anos (E.E. Fadlo Haidar, S\u00e3o Paulo &#8211; SP)\n\t\t\t\t<\/dd><\/dl><dl class='gallery-item span3'>\n\t\t\t<dt class='gallery-icon'>\n\t\t\t\t<a href='https:\/\/fjsp.org.br\/fjsp\/wp-content\/uploads\/2021\/12\/cfh-17-biancacarvalho.png' target='_blank' data-sizes='2406x2406'><img src='https:\/\/fjsp.org.br\/fjsp\/wp-content\/uploads\/2021\/12\/cfh-17-biancacarvalho-150x150.png' class='img-polaroid img-responsive img-thumbnail' alt='' \/><\/a>\n\t\t\t<\/dt>\n\t\t\t\t<dd class='wp-caption-text gallery-caption'>\n\t\t\t\t\u300c\u304b\u300dBianca do Carmo de Carvalho, 17 anos (E.E. Fadlo Haidar, S\u00e3o Paulo &#8211; SP)\n\t\t\t\t<\/dd><\/dl><dl class='gallery-item span3'>\n\t\t\t<dt class='gallery-icon'>\n\t\t\t\t<a href='https:\/\/fjsp.org.br\/fjsp\/wp-content\/uploads\/2021\/12\/cfh-17-estherviante.png' target='_blank' data-sizes='2406x2406'><img src='https:\/\/fjsp.org.br\/fjsp\/wp-content\/uploads\/2021\/12\/cfh-17-estherviante-150x150.png' class='img-polaroid img-responsive img-thumbnail' alt='' \/><\/a>\n\t\t\t<\/dt>\n\t\t\t\t<dd class='wp-caption-text gallery-caption'>\n\t\t\t\t\u300c\u3056\u300dEsther Viante do Prado, 17 anos (E.E. Fadlo Haidar, S\u00e3o Paulo &#8211; SP)\n\t\t\t\t<\/dd><\/dl><dl class='gallery-item span3'>\n\t\t\t<dt class='gallery-icon'>\n\t\t\t\t<a href='https:\/\/fjsp.org.br\/fjsp\/wp-content\/uploads\/2021\/12\/cfh-17-nicolijardim.png' target='_blank' data-sizes='2406x2406'><img src='https:\/\/fjsp.org.br\/fjsp\/wp-content\/uploads\/2021\/12\/cfh-17-nicolijardim-150x150.png' class='img-polaroid img-responsive img-thumbnail' alt='' \/><\/a>\n\t\t\t<\/dt>\n\t\t\t\t<dd class='wp-caption-text gallery-caption'>\n\t\t\t\t\u300c\u308d\u300dNicoli Jardim Herrera, 17 anos (E.E. Fadlo Haidar, S\u00e3o Paulo &#8211; SP)\n\t\t\t\t<\/dd><\/dl><dl class='gallery-item span3'>\n\t\t\t<dt class='gallery-icon'>\n\t\t\t\t<a href='https:\/\/fjsp.org.br\/fjsp\/wp-content\/uploads\/2021\/12\/cim-17-giulianamagarotto.png' target='_blank' data-sizes='2406x2406'><img src='https:\/\/fjsp.org.br\/fjsp\/wp-content\/uploads\/2021\/12\/cim-17-giulianamagarotto-150x150.png' class='img-polaroid img-responsive img-thumbnail' alt='' \/><\/a>\n\t\t\t<\/dt>\n\t\t\t\t<dd class='wp-caption-text gallery-caption'>\n\t\t\t\t\u300c\u3093\u300dGiuliana Ferreira Magarotto, 17 anos (E.E. Dona Idalina Macedo Costa Sodr\u00e9, S\u00e3o Caetano do Sul &#8211; SP)\n\t\t\t\t<\/dd><\/dl><dl class='gallery-item span3'>\n\t\t\t<dt class='gallery-icon'>\n\t\t\t\t<a href='https:\/\/fjsp.org.br\/fjsp\/wp-content\/uploads\/2021\/12\/cjg-19-isadoracarriel.png' target='_blank' data-sizes='2406x2406'><img src='https:\/\/fjsp.org.br\/fjsp\/wp-content\/uploads\/2021\/12\/cjg-19-isadoracarriel-150x150.png' class='img-polaroid img-responsive img-thumbnail' alt='' \/><\/a>\n\t\t\t<\/dt>\n\t\t\t\t<dd class='wp-caption-text gallery-caption'>\n\t\t\t\t\u300c\u3042\u300dIsadora Petrini Carriel, 19 anos (E.E. Dr. Joaquim Guilherme Moreira Porto, Piraju &#8211; SP)\n\t\t\t\t<\/dd><\/dl><br style=\"clear: both\" \/><dl class='gallery-item span3'>\n\t\t\t<dt class='gallery-icon'>\n\t\t\t\t<a href='https:\/\/fjsp.org.br\/fjsp\/wp-content\/uploads\/2021\/12\/cjm-18-kauansilva.png' target='_blank' data-sizes='2406x2406'><img src='https:\/\/fjsp.org.br\/fjsp\/wp-content\/uploads\/2021\/12\/cjm-18-kauansilva-150x150.png' class='img-polaroid img-responsive img-thumbnail' alt='' \/><\/a>\n\t\t\t<\/dt>\n\t\t\t\t<dd class='wp-caption-text gallery-caption'>\n\t\t\t\t\u300c\u306a\u300dKauan Silva, 18 anos (E.E. Profa. Julia Macedo Pantoja, S\u00e3o Paulo &#8211; SP)\n\t\t\t\t<\/dd><\/dl><dl class='gallery-item span3'>\n\t\t\t<dt class='gallery-icon'>\n\t\t\t\t<a href='https:\/\/fjsp.org.br\/fjsp\/wp-content\/uploads\/2021\/12\/cjs-17-vitoroliveira.png' target='_blank' data-sizes='2406x2406'><img src='https:\/\/fjsp.org.br\/fjsp\/wp-content\/uploads\/2021\/12\/cjs-17-vitoroliveira-150x150.png' class='img-polaroid img-responsive img-thumbnail' alt='' \/><\/a>\n\t\t\t<\/dt>\n\t\t\t\t<dd class='wp-caption-text gallery-caption'>\n\t\t\t\t\u300c\u3057\u300dVitor da Silva Oliveira, 17 anos (E.E.T.I.B. Profa. Jacimar da Silva Gama, Manaus &#8211; AM)\n\t\t\t\t<\/dd><\/dl><dl class='gallery-item span3'>\n\t\t\t<dt class='gallery-icon'>\n\t\t\t\t<a href='https:\/\/fjsp.org.br\/fjsp\/wp-content\/uploads\/2021\/12\/cjs-19-israelsouza.png' target='_blank' data-sizes='2406x2406'><img src='https:\/\/fjsp.org.br\/fjsp\/wp-content\/uploads\/2021\/12\/cjs-19-israelsouza-150x150.png' class='img-polaroid img-responsive img-thumbnail' alt='' \/><\/a>\n\t\t\t<\/dt>\n\t\t\t\t<dd class='wp-caption-text gallery-caption'>\n\t\t\t\t\u300c\u3055\u300dIsrael de Souza e Souza, 17 anos (E.E.T.I.B. Profa. Jacimar da Silva Gama, Manaus &#8211; AM)\n\t\t\t\t<\/dd><\/dl><dl class='gallery-item span3'>\n\t\t\t<dt class='gallery-icon'>\n\t\t\t\t<a href='https:\/\/fjsp.org.br\/fjsp\/wp-content\/uploads\/2021\/12\/clc-16-sofiasales.png' target='_blank' data-sizes='2406x2406'><img src='https:\/\/fjsp.org.br\/fjsp\/wp-content\/uploads\/2021\/12\/clc-16-sofiasales-150x150.png' class='img-polaroid img-responsive img-thumbnail' alt='' \/><\/a>\n\t\t\t<\/dt>\n\t\t\t\t<dd class='wp-caption-text gallery-caption'>\n\t\t\t\t\u300c\u3048\u300dSofia de Moura Sales, 16 anos (CIL Ceil\u00e2ndia, Ceil\u00e2ndia &#8211; DF)\n\t\t\t\t<\/dd><\/dl><dl class='gallery-item span3'>\n\t\t\t<dt class='gallery-icon'>\n\t\t\t\t<a href='https:\/\/fjsp.org.br\/fjsp\/wp-content\/uploads\/2021\/12\/clc-17-estherandrade.png' target='_blank' data-sizes='2406x2406'><img src='https:\/\/fjsp.org.br\/fjsp\/wp-content\/uploads\/2021\/12\/clc-17-estherandrade-150x150.png' class='img-polaroid img-responsive img-thumbnail' alt='' \/><\/a>\n\t\t\t<\/dt>\n\t\t\t\t<dd class='wp-caption-text gallery-caption'>\n\t\t\t\t\u300c\u3044\u300dEsther Caroline Oliveira de Andrade, 17 anos (CIL Ceil\u00e2ndia, Ceil\u00e2ndia &#8211; DF)\n\t\t\t\t<\/dd><\/dl><dl class='gallery-item span3'>\n\t\t\t<dt class='gallery-icon'>\n\t\t\t\t<a href='https:\/\/fjsp.org.br\/fjsp\/wp-content\/uploads\/2021\/12\/clc-17-jamillyoliveira.png' target='_blank' data-sizes='2406x2406'><img src='https:\/\/fjsp.org.br\/fjsp\/wp-content\/uploads\/2021\/12\/clc-17-jamillyoliveira-150x150.png' class='img-polaroid img-responsive img-thumbnail' alt='' \/><\/a>\n\t\t\t<\/dt>\n\t\t\t\t<dd class='wp-caption-text gallery-caption'>\n\t\t\t\t\u300c\u306a\u300dJamilly Oliveira, 17 anos (CIL Ceil\u00e2ndia, Ceil\u00e2ndia &#8211; DF)\n\t\t\t\t<\/dd><\/dl><br style=\"clear: both\" \/><dl class='gallery-item span3'>\n\t\t\t<dt class='gallery-icon'>\n\t\t\t\t<a href='https:\/\/fjsp.org.br\/fjsp\/wp-content\/uploads\/2021\/12\/clc-18-ananascimento.png' target='_blank' data-sizes='2406x2406'><img src='https:\/\/fjsp.org.br\/fjsp\/wp-content\/uploads\/2021\/12\/clc-18-ananascimento-150x150.png' class='img-polaroid img-responsive img-thumbnail' alt='' \/><\/a>\n\t\t\t<\/dt>\n\t\t\t\t<dd class='wp-caption-text gallery-caption'>\n\t\t\t\t\u300c\u306e\u300dAna Luiza Curcino do Nascimento, 18 anos (CIL Ceil\u00e2ndia, Ceil\u00e2ndia &#8211; DF)\n\t\t\t\t<\/dd><\/dl><dl class='gallery-item span3'>\n\t\t\t<dt class='gallery-icon'>\n\t\t\t\t<a href='https:\/\/fjsp.org.br\/fjsp\/wp-content\/uploads\/2021\/12\/clc-25-daniela-b-caparelli.png' target='_blank' data-sizes='2406x2406'><img src='https:\/\/fjsp.org.br\/fjsp\/wp-content\/uploads\/2021\/12\/clc-25-daniela-b-caparelli-150x150.png' class='img-polaroid img-responsive img-thumbnail' alt='' \/><\/a>\n\t\t\t<\/dt>\n\t\t\t\t<dd class='wp-caption-text gallery-caption'>\n\t\t\t\t\u300c\u304a\u300dDaniela Barbosa Caparelli, 25 anos (CIL Ceil\u00e2ndia, Ceil\u00e2ndia &#8211; DF)\n\t\t\t\t<\/dd><\/dl><dl class='gallery-item span3'>\n\t\t\t<dt class='gallery-icon'>\n\t\t\t\t<a href='https:\/\/fjsp.org.br\/fjsp\/wp-content\/uploads\/2021\/12\/cls-16-ketlynmartins.png' target='_blank' data-sizes='2406x2406'><img src='https:\/\/fjsp.org.br\/fjsp\/wp-content\/uploads\/2021\/12\/cls-16-ketlynmartins-150x150.png' class='img-polaroid img-responsive img-thumbnail' alt='' \/><\/a>\n\t\t\t<\/dt>\n\t\t\t\t<dd class='wp-caption-text gallery-caption'>\n\t\t\t\t\u300c\u3055\u300dKetlyn S. Martins, 16 anos (CIL Sobradinho, Sobradinho &#8211; DF)\n\t\t\t\t<\/dd><\/dl><dl class='gallery-item span3'>\n\t\t\t<dt class='gallery-icon'>\n\t\t\t\t<a href='https:\/\/fjsp.org.br\/fjsp\/wp-content\/uploads\/2021\/12\/cpn-18-yasminferreira.png' target='_blank' data-sizes='2406x2406'><img src='https:\/\/fjsp.org.br\/fjsp\/wp-content\/uploads\/2021\/12\/cpn-18-yasminferreira-150x150.png' class='img-polaroid img-responsive img-thumbnail' alt='' \/><\/a>\n\t\t\t<\/dt>\n\t\t\t\t<dd class='wp-caption-text gallery-caption'>\n\t\t\t\t\u300c\u3050\u300dYasmin Ferreira dos Anjos, 18 anos (E.E. Pl\u00ednio Negr\u00e3o, S\u00e3o Paulo &#8211; SP)\n\t\t\t\t<\/dd><\/dl><dl class='gallery-item span3'>\n\t\t\t<dt class='gallery-icon'>\n\t\t\t\t<a href='https:\/\/fjsp.org.br\/fjsp\/wp-content\/uploads\/2021\/12\/crb-16-mariapaula.png' target='_blank' data-sizes='2406x2406'><img src='https:\/\/fjsp.org.br\/fjsp\/wp-content\/uploads\/2021\/12\/crb-16-mariapaula-150x150.png' class='img-polaroid img-responsive img-thumbnail' alt='' \/><\/a>\n\t\t\t<\/dt>\n\t\t\t\t<dd class='wp-caption-text gallery-caption'>\n\t\t\t\t\u300c\u307e\u300dMaria L. C. Paula, 16 anos (E.E. Prof. Raul Brasil, Suzano &#8211; SP)\n\t\t\t\t<\/dd><\/dl><dl class='gallery-item span3'>\n\t\t\t<dt class='gallery-icon'>\n\t\t\t\t<a href='https:\/\/fjsp.org.br\/fjsp\/wp-content\/uploads\/2021\/12\/ctc-17-stefanysilva.png' target='_blank' data-sizes='2406x2406'><img src='https:\/\/fjsp.org.br\/fjsp\/wp-content\/uploads\/2021\/12\/ctc-17-stefanysilva-150x150.png' class='img-polaroid img-responsive img-thumbnail' alt='' \/><\/a>\n\t\t\t<\/dt>\n\t\t\t\t<dd class='wp-caption-text gallery-caption'>\n\t\t\t\t\u300c\u307a\u300dStefany Sussumo Silva, 17 anos (E.E. Torquato Caleiro, Franca &#8211; SP)\n\t\t\t\t<\/dd><\/dl><br style=\"clear: both\" \/><dl class='gallery-item span3'>\n\t\t\t<dt class='gallery-icon'>\n\t\t\t\t<a href='https:\/\/fjsp.org.br\/fjsp\/wp-content\/uploads\/2021\/12\/tir-17-juliasilveira.png' target='_blank' data-sizes='2406x2406'><img src='https:\/\/fjsp.org.br\/fjsp\/wp-content\/uploads\/2021\/12\/tir-17-juliasilveira-150x150.png' class='img-polaroid img-responsive img-thumbnail' alt='' \/><\/a>\n\t\t\t<\/dt>\n\t\t\t\t<dd class='wp-caption-text gallery-caption'>\n\t\t\t\t\u300c\u308b\u300dJ\u00falia Silveira Castoldi, 17 anos (Col\u00e9gio Tiradentes da Brigada Militar de Passo Fundo, Passo Fundo &#8211; RS)\n\t\t\t\t<\/dd><\/dl><dl class='gallery-item span3'>\n\t\t\t<dt class='gallery-icon'>\n\t\t\t\t<a href='https:\/\/fjsp.org.br\/fjsp\/wp-content\/uploads\/2021\/12\/tir-17-patricialima.png' target='_blank' data-sizes='2406x2406'><img src='https:\/\/fjsp.org.br\/fjsp\/wp-content\/uploads\/2021\/12\/tir-17-patricialima-150x150.png' class='img-polaroid img-responsive img-thumbnail' alt='' \/><\/a>\n\t\t\t<\/dt>\n\t\t\t\t<dd class='wp-caption-text gallery-caption'>\n\t\t\t\t\u300c\u3081\u300dPatr\u00edcia Lima Massolini, 17 anos (Col\u00e9gio Tiradentes da Brigada Militar de Passo Fundo, Passo Fundo &#8211; RS)\n\t\t\t\t<\/dd><\/dl>\n\t\t\t<br style='clear: both;' \/>\n\t\t<\/div>\n\n","protected":false},"excerpt":{"rendered":"","protected":false},"author":1,"featured_media":0,"parent":0,"menu_order":0,"comment_status":"closed","ping_status":"closed","template":"","meta":{"_acf_changed":false,"footnotes":""},"class_list":["post-18748","page","type-page","status-publish","hentry"],"acf":[],"_links":{"self":[{"href":"https:\/\/fjsp.org.br\/fjsp\/wp-json\/wp\/v2\/pages\/18748","targetHints":{"allow":["GET"]}}],"collection":[{"href":"https:\/\/fjsp.org.br\/fjsp\/wp-json\/wp\/v2\/pages"}],"about":[{"href":"https:\/\/fjsp.org.br\/fjsp\/wp-json\/wp\/v2\/types\/page"}],"author":[{"embeddable":true,"href":"https:\/\/fjsp.org.br\/fjsp\/wp-json\/wp\/v2\/users\/1"}],"replies":[{"embeddable":true,"href":"https:\/\/fjsp.org.br\/fjsp\/wp-json\/wp\/v2\/comments?post=18748"}],"version-history":[{"count":3,"href":"https:\/\/fjsp.org.br\/fjsp\/wp-json\/wp\/v2\/pages\/18748\/revisions"}],"predecessor-version":[{"id":18796,"href":"https:\/\/fjsp.org.br\/fjsp\/wp-json\/wp\/v2\/pages\/18748\/revisions\/18796"}],"wp:attachment":[{"href":"https:\/\/fjsp.org.br\/fjsp\/wp-json\/wp\/v2\/media?parent=18748"}],"curies":[{"name":"wp","href":"https:\/\/api.w.org\/{rel}","templated":true}]}}