{"id":18801,"date":"2021-12-16T16:24:22","date_gmt":"2021-12-16T19:24:22","guid":{"rendered":"https:\/\/fjsp.org.br\/fjsp\/?page_id=18801"},"modified":"2021-12-16T16:24:22","modified_gmt":"2021-12-16T19:24:22","slug":"dossie_osamu_dazai","status":"publish","type":"page","link":"https:\/\/fjsp.org.br\/fjsp\/dossie_osamu_dazai\/","title":{"rendered":"Dossi\u00ea \u2013 Osamu Dazai"},"content":{"rendered":"<p style=\"text-align: right\"><strong><a href=\"https:\/\/fjsp.org.br\/fjsp\/dossie_literario\/\">Dossi\u00ea Liter\u00e1rio<\/a> &gt; Dossi\u00ea &#8211; Osamu Dazai<\/strong><\/p>\n<p>&nbsp;<\/p>\n<div id=\"attachment_18803\" style=\"width: 252px\" class=\"wp-caption alignleft\"><img fetchpriority=\"high\" decoding=\"async\" aria-describedby=\"caption-attachment-18803\" class=\"img-responsive img-fluid wp-image-18803\" src=\"https:\/\/fjsp.org.br\/fjsp\/wp-content\/uploads\/2021\/12\/01-osamu-dazai-photographed-by-tadahiko-hayashi.jpg\" alt=\"\" width=\"242\" height=\"358\" srcset=\"https:\/\/fjsp.org.br\/fjsp\/wp-content\/uploads\/2021\/12\/01-osamu-dazai-photographed-by-tadahiko-hayashi.jpg 1280w, https:\/\/fjsp.org.br\/fjsp\/wp-content\/uploads\/2021\/12\/01-osamu-dazai-photographed-by-tadahiko-hayashi-280x415.jpg 280w, https:\/\/fjsp.org.br\/fjsp\/wp-content\/uploads\/2021\/12\/01-osamu-dazai-photographed-by-tadahiko-hayashi-768x1138.jpg 768w, https:\/\/fjsp.org.br\/fjsp\/wp-content\/uploads\/2021\/12\/01-osamu-dazai-photographed-by-tadahiko-hayashi-1036x1536.jpg 1036w, https:\/\/fjsp.org.br\/fjsp\/wp-content\/uploads\/2021\/12\/01-osamu-dazai-photographed-by-tadahiko-hayashi-340x504.jpg 340w, https:\/\/fjsp.org.br\/fjsp\/wp-content\/uploads\/2021\/12\/01-osamu-dazai-photographed-by-tadahiko-hayashi-220x326.jpg 220w, https:\/\/fjsp.org.br\/fjsp\/wp-content\/uploads\/2021\/12\/01-osamu-dazai-photographed-by-tadahiko-hayashi-100x148.jpg 100w, https:\/\/fjsp.org.br\/fjsp\/wp-content\/uploads\/2021\/12\/01-osamu-dazai-photographed-by-tadahiko-hayashi-130x193.jpg 130w, https:\/\/fjsp.org.br\/fjsp\/wp-content\/uploads\/2021\/12\/01-osamu-dazai-photographed-by-tadahiko-hayashi-460x682.jpg 460w\" sizes=\"(max-width: 242px) 100vw, 242px\" \/><p id=\"caption-attachment-18803\" class=\"wp-caption-text\">Osamu Dazai (1946). Por Tadahiko Hayashi (1918-1990)<br \/>Fonte: <a href=\"https:\/\/commons.wikimedia.org\/wiki\/File:Osamu_Dazai_photographed_by_Tadahiko_Hayashi.jpg\" target=\"_blank\" rel=\"noopener\">wikimedia commons<\/a><\/p><\/div>\n<p><img decoding=\"async\" class=\"img-responsive img-fluid wp-image-18802 alignnone\" src=\"https:\/\/fjsp.org.br\/fjsp\/wp-content\/uploads\/2021\/12\/citacao.jpg\" alt=\"\" width=\"782\" height=\"412\" srcset=\"https:\/\/fjsp.org.br\/fjsp\/wp-content\/uploads\/2021\/12\/citacao.jpg 1279w, https:\/\/fjsp.org.br\/fjsp\/wp-content\/uploads\/2021\/12\/citacao-280x148.jpg 280w, https:\/\/fjsp.org.br\/fjsp\/wp-content\/uploads\/2021\/12\/citacao-768x405.jpg 768w, https:\/\/fjsp.org.br\/fjsp\/wp-content\/uploads\/2021\/12\/citacao-340x179.jpg 340w, https:\/\/fjsp.org.br\/fjsp\/wp-content\/uploads\/2021\/12\/citacao-220x116.jpg 220w, https:\/\/fjsp.org.br\/fjsp\/wp-content\/uploads\/2021\/12\/citacao-100x53.jpg 100w, https:\/\/fjsp.org.br\/fjsp\/wp-content\/uploads\/2021\/12\/citacao-130x69.jpg 130w, https:\/\/fjsp.org.br\/fjsp\/wp-content\/uploads\/2021\/12\/citacao-460x242.jpg 460w\" sizes=\"(max-width: 782px) 100vw, 782px\" \/><\/p>\n<p>&nbsp;<\/p>\n<p>&nbsp;<\/p>\n<hr \/>\n<p>&nbsp;<\/p>\n<p><a href=\"https:\/\/fjsp.org.br\/fjsp\/dossie_osamu_dazai_1_osamu\/\"><img decoding=\"async\" class=\"img-responsive img-fluid alignnone size-full wp-image-18812\" src=\"https:\/\/fjsp.org.br\/fjsp\/wp-content\/uploads\/2021\/12\/botao-site-prancheta-1.png\" alt=\"\" width=\"300\" height=\"286\" srcset=\"https:\/\/fjsp.org.br\/fjsp\/wp-content\/uploads\/2021\/12\/botao-site-prancheta-1.png 300w, https:\/\/fjsp.org.br\/fjsp\/wp-content\/uploads\/2021\/12\/botao-site-prancheta-1-280x267.png 280w, https:\/\/fjsp.org.br\/fjsp\/wp-content\/uploads\/2021\/12\/botao-site-prancheta-1-220x210.png 220w, https:\/\/fjsp.org.br\/fjsp\/wp-content\/uploads\/2021\/12\/botao-site-prancheta-1-100x95.png 100w, https:\/\/fjsp.org.br\/fjsp\/wp-content\/uploads\/2021\/12\/botao-site-prancheta-1-130x124.png 130w\" sizes=\"(max-width: 300px) 100vw, 300px\" \/><\/a> <a href=\"https:\/\/fjsp.org.br\/fjsp\/dossie_osamu_dazai_2_trad_portugues\/\"><img loading=\"lazy\" decoding=\"async\" class=\"img-responsive img-fluid alignnone wp-image-18813 size-full\" src=\"https:\/\/fjsp.org.br\/fjsp\/wp-content\/uploads\/2021\/12\/botao-site-02.png\" alt=\"\" width=\"300\" height=\"286\" srcset=\"https:\/\/fjsp.org.br\/fjsp\/wp-content\/uploads\/2021\/12\/botao-site-02.png 300w, https:\/\/fjsp.org.br\/fjsp\/wp-content\/uploads\/2021\/12\/botao-site-02-280x267.png 280w, https:\/\/fjsp.org.br\/fjsp\/wp-content\/uploads\/2021\/12\/botao-site-02-220x210.png 220w, https:\/\/fjsp.org.br\/fjsp\/wp-content\/uploads\/2021\/12\/botao-site-02-100x95.png 100w, https:\/\/fjsp.org.br\/fjsp\/wp-content\/uploads\/2021\/12\/botao-site-02-130x124.png 130w\" sizes=\"(max-width: 300px) 100vw, 300px\" \/><\/a> <a href=\"https:\/\/fjsp.org.br\/fjsp\/dossie_osamu_dazai_3_destaques\/\"><img loading=\"lazy\" decoding=\"async\" class=\"img-responsive img-fluid alignnone wp-image-18814 size-full\" src=\"https:\/\/fjsp.org.br\/fjsp\/wp-content\/uploads\/2021\/12\/botao-site-03.png\" alt=\"\" width=\"300\" height=\"286\" srcset=\"https:\/\/fjsp.org.br\/fjsp\/wp-content\/uploads\/2021\/12\/botao-site-03.png 300w, https:\/\/fjsp.org.br\/fjsp\/wp-content\/uploads\/2021\/12\/botao-site-03-280x267.png 280w, https:\/\/fjsp.org.br\/fjsp\/wp-content\/uploads\/2021\/12\/botao-site-03-220x210.png 220w, https:\/\/fjsp.org.br\/fjsp\/wp-content\/uploads\/2021\/12\/botao-site-03-100x95.png 100w, https:\/\/fjsp.org.br\/fjsp\/wp-content\/uploads\/2021\/12\/botao-site-03-130x124.png 130w\" sizes=\"(max-width: 300px) 100vw, 300px\" \/><\/a> <a href=\"https:\/\/fjsp.org.br\/fjsp\/dossie_osamu_dazai_4_bibliografia\/\"><img loading=\"lazy\" decoding=\"async\" class=\"img-responsive img-fluid alignnone size-full wp-image-18815\" src=\"https:\/\/fjsp.org.br\/fjsp\/wp-content\/uploads\/2021\/12\/botao-site-04.png\" alt=\"\" width=\"300\" height=\"286\" srcset=\"https:\/\/fjsp.org.br\/fjsp\/wp-content\/uploads\/2021\/12\/botao-site-04.png 300w, https:\/\/fjsp.org.br\/fjsp\/wp-content\/uploads\/2021\/12\/botao-site-04-280x267.png 280w, https:\/\/fjsp.org.br\/fjsp\/wp-content\/uploads\/2021\/12\/botao-site-04-220x210.png 220w, https:\/\/fjsp.org.br\/fjsp\/wp-content\/uploads\/2021\/12\/botao-site-04-100x95.png 100w, https:\/\/fjsp.org.br\/fjsp\/wp-content\/uploads\/2021\/12\/botao-site-04-130x124.png 130w\" sizes=\"(max-width: 300px) 100vw, 300px\" \/><\/a><\/p>\n<p>&nbsp;<\/p>\n<p><img loading=\"lazy\" decoding=\"async\" class=\"img-responsive alignnone wp-image-11642 size-full\" src=\"https:\/\/fjsp.org.br\/fjsp\/wp-content\/uploads\/2020\/07\/pattern-v1-03-1.png\" alt=\"\" width=\"4032\" height=\"223\" srcset=\"https:\/\/fjsp.org.br\/fjsp\/wp-content\/uploads\/2020\/07\/pattern-v1-03-1.png 4032w, https:\/\/fjsp.org.br\/fjsp\/wp-content\/uploads\/2020\/07\/pattern-v1-03-1-280x15.png 280w, https:\/\/fjsp.org.br\/fjsp\/wp-content\/uploads\/2020\/07\/pattern-v1-03-1-768x42.png 768w, https:\/\/fjsp.org.br\/fjsp\/wp-content\/uploads\/2020\/07\/pattern-v1-03-1-340x19.png 340w, https:\/\/fjsp.org.br\/fjsp\/wp-content\/uploads\/2020\/07\/pattern-v1-03-1-220x12.png 220w, https:\/\/fjsp.org.br\/fjsp\/wp-content\/uploads\/2020\/07\/pattern-v1-03-1-100x6.png 100w, https:\/\/fjsp.org.br\/fjsp\/wp-content\/uploads\/2020\/07\/pattern-v1-03-1-130x7.png 130w, https:\/\/fjsp.org.br\/fjsp\/wp-content\/uploads\/2020\/07\/pattern-v1-03-1-460x25.png 460w\" sizes=\"(max-width: 4032px) 100vw, 4032px\" \/><\/p>\n<p>&nbsp;<\/p>\n<p>* Os usos de imagens e conte\u00fado desta p\u00e1gina s\u00e3o exclusivamente para fins educacionais e de divulga\u00e7\u00e3o de cultura japonesa, sem fins comerciais.<\/p>\n","protected":false},"excerpt":{"rendered":"<p>Dossi\u00ea Liter\u00e1rio &gt; Dossi\u00ea &#8211; Osamu Dazai &nbsp; &nbsp; &nbsp; &nbsp; &nbsp; &nbsp; * Os usos de imagens e conte\u00fado desta p\u00e1gina s\u00e3o exclusivamente para fins educacionais e de divulga\u00e7\u00e3o de cultura japonesa, sem fins comerciais.<\/p>\n","protected":false},"author":34,"featured_media":0,"parent":0,"menu_order":0,"comment_status":"closed","ping_status":"closed","template":"","meta":{"_acf_changed":false,"footnotes":""},"class_list":["post-18801","page","type-page","status-publish","hentry"],"acf":[],"_links":{"self":[{"href":"https:\/\/fjsp.org.br\/fjsp\/wp-json\/wp\/v2\/pages\/18801","targetHints":{"allow":["GET"]}}],"collection":[{"href":"https:\/\/fjsp.org.br\/fjsp\/wp-json\/wp\/v2\/pages"}],"about":[{"href":"https:\/\/fjsp.org.br\/fjsp\/wp-json\/wp\/v2\/types\/page"}],"author":[{"embeddable":true,"href":"https:\/\/fjsp.org.br\/fjsp\/wp-json\/wp\/v2\/users\/34"}],"replies":[{"embeddable":true,"href":"https:\/\/fjsp.org.br\/fjsp\/wp-json\/wp\/v2\/comments?post=18801"}],"version-history":[{"count":2,"href":"https:\/\/fjsp.org.br\/fjsp\/wp-json\/wp\/v2\/pages\/18801\/revisions"}],"predecessor-version":[{"id":18853,"href":"https:\/\/fjsp.org.br\/fjsp\/wp-json\/wp\/v2\/pages\/18801\/revisions\/18853"}],"wp:attachment":[{"href":"https:\/\/fjsp.org.br\/fjsp\/wp-json\/wp\/v2\/media?parent=18801"}],"curies":[{"name":"wp","href":"https:\/\/api.w.org\/{rel}","templated":true}]}}