{"id":18818,"date":"2021-12-16T16:24:19","date_gmt":"2021-12-16T19:24:19","guid":{"rendered":"https:\/\/fjsp.org.br\/fjsp\/?page_id=18818"},"modified":"2021-12-16T16:43:01","modified_gmt":"2021-12-16T19:43:01","slug":"dossie_osamu_dazai_1_osamu","status":"publish","type":"page","link":"https:\/\/fjsp.org.br\/fjsp\/dossie_osamu_dazai_1_osamu\/","title":{"rendered":"1. Osamu Dazai"},"content":{"rendered":"<p style=\"text-align: right\"><strong><a href=\"https:\/\/fjsp.org.br\/fjsp\/dossie_literario\/\">Dossi\u00ea Liter\u00e1rio<\/a> &gt; <a href=\"https:\/\/fjsp.org.br\/fjsp\/dossie_dazai_osamu\/\">Dossi\u00ea &#8211; Osamu Dazai<\/a> &gt; 1. Dazai Osamu<\/strong><\/p>\n<p><img fetchpriority=\"high\" decoding=\"async\" class=\"img-responsive alignnone wp-image-11642 size-full\" src=\"https:\/\/fjsp.org.br\/fjsp\/wp-content\/uploads\/2020\/07\/pattern-v1-03-1.png\" alt=\"\" width=\"4032\" height=\"223\" srcset=\"https:\/\/fjsp.org.br\/fjsp\/wp-content\/uploads\/2020\/07\/pattern-v1-03-1.png 4032w, https:\/\/fjsp.org.br\/fjsp\/wp-content\/uploads\/2020\/07\/pattern-v1-03-1-280x15.png 280w, https:\/\/fjsp.org.br\/fjsp\/wp-content\/uploads\/2020\/07\/pattern-v1-03-1-768x42.png 768w, https:\/\/fjsp.org.br\/fjsp\/wp-content\/uploads\/2020\/07\/pattern-v1-03-1-340x19.png 340w, https:\/\/fjsp.org.br\/fjsp\/wp-content\/uploads\/2020\/07\/pattern-v1-03-1-220x12.png 220w, https:\/\/fjsp.org.br\/fjsp\/wp-content\/uploads\/2020\/07\/pattern-v1-03-1-100x6.png 100w, https:\/\/fjsp.org.br\/fjsp\/wp-content\/uploads\/2020\/07\/pattern-v1-03-1-130x7.png 130w, https:\/\/fjsp.org.br\/fjsp\/wp-content\/uploads\/2020\/07\/pattern-v1-03-1-460x25.png 460w\" sizes=\"(max-width: 4032px) 100vw, 4032px\" \/><\/p>\n<p>&nbsp;<\/p>\n<p>Shuji Tsushima (conhecido mais tarde como Osamu Dazai) nasceu em 19 de junho de 1909, dois anos ap\u00f3s a conclus\u00e3o da resid\u00eancia da fam\u00edlia Tsushima, na parte mais setentrional de Honshu, como o d\u00e9cimo filho da fam\u00edlia. A casa inclu\u00eda n\u00e3o apenas os pais e irm\u00e3os, mas outros parentes, desde parentes pr\u00f3ximos at\u00e9 primos distantes, al\u00e9m de serventes e empregados, num total de aproximadamente mais de 30 pessoas.<\/p>\n<p>&nbsp;<\/p>\n<div id=\"attachment_18821\" style=\"width: 460px\" class=\"wp-caption aligncenter\"><img decoding=\"async\" aria-describedby=\"caption-attachment-18821\" class=\"img-responsive img-fluid wp-image-18821\" src=\"https:\/\/fjsp.org.br\/fjsp\/wp-content\/uploads\/2021\/12\/02-shayokan-osamu-dazai-memorial-hall.jpg\" alt=\"\" width=\"450\" height=\"338\" srcset=\"https:\/\/fjsp.org.br\/fjsp\/wp-content\/uploads\/2021\/12\/02-shayokan-osamu-dazai-memorial-hall.jpg 1024w, https:\/\/fjsp.org.br\/fjsp\/wp-content\/uploads\/2021\/12\/02-shayokan-osamu-dazai-memorial-hall-280x210.jpg 280w, https:\/\/fjsp.org.br\/fjsp\/wp-content\/uploads\/2021\/12\/02-shayokan-osamu-dazai-memorial-hall-768x576.jpg 768w, https:\/\/fjsp.org.br\/fjsp\/wp-content\/uploads\/2021\/12\/02-shayokan-osamu-dazai-memorial-hall-340x255.jpg 340w, https:\/\/fjsp.org.br\/fjsp\/wp-content\/uploads\/2021\/12\/02-shayokan-osamu-dazai-memorial-hall-220x165.jpg 220w, https:\/\/fjsp.org.br\/fjsp\/wp-content\/uploads\/2021\/12\/02-shayokan-osamu-dazai-memorial-hall-100x75.jpg 100w, https:\/\/fjsp.org.br\/fjsp\/wp-content\/uploads\/2021\/12\/02-shayokan-osamu-dazai-memorial-hall-130x98.jpg 130w, https:\/\/fjsp.org.br\/fjsp\/wp-content\/uploads\/2021\/12\/02-shayokan-osamu-dazai-memorial-hall-460x345.jpg 460w\" sizes=\"(max-width: 450px) 100vw, 450px\" \/><p id=\"caption-attachment-18821\" class=\"wp-caption-text\">Atual Shayokan, <a href=\"http:\/\/dazai.or.jp\/en\/\" target=\"_blank\" rel=\"noopener\">Osamu Dazai Memorial Museum<\/a> (2007)<br \/>Antiga resid\u00eancia da fam\u00edlia Tsushima<br \/>Fonte: <a href=\"https:\/\/commons.wikimedia.org\/wiki\/File:Shayokan_Osamu_Dazai_Memorial_Hall.jpg\" target=\"_blank\" rel=\"noopener\">wikimedia commons<\/a><\/p><\/div>\n<p>&nbsp;<\/p>\n<p>Devido \u00e0 doen\u00e7a de sua m\u00e3e, logo ap\u00f3s seu nascimento Dazai foi deixado aos cuidados de uma cuidadora, que deixou a fam\u00edlia Tsushima cerca de um ano depois a fim de se casar novamente. Passou, ent\u00e3o, a ser criado essencialmente por sua tia, fato que lhe deixou com um sentimento de abandono materno, contribuindo para sua infelicidade.<\/p>\n<p>&nbsp;<\/p>\n<div id=\"attachment_18819\" style=\"width: 460px\" class=\"wp-caption aligncenter\"><img decoding=\"async\" aria-describedby=\"caption-attachment-18819\" class=\"img-responsive img-fluid wp-image-18819\" src=\"https:\/\/fjsp.org.br\/fjsp\/wp-content\/uploads\/2021\/12\/03-kokkaitoshokan1.jpg\" alt=\"\" width=\"450\" height=\"402\" srcset=\"https:\/\/fjsp.org.br\/fjsp\/wp-content\/uploads\/2021\/12\/03-kokkaitoshokan1.jpg 1347w, https:\/\/fjsp.org.br\/fjsp\/wp-content\/uploads\/2021\/12\/03-kokkaitoshokan1-280x250.jpg 280w, https:\/\/fjsp.org.br\/fjsp\/wp-content\/uploads\/2021\/12\/03-kokkaitoshokan1-768x685.jpg 768w, https:\/\/fjsp.org.br\/fjsp\/wp-content\/uploads\/2021\/12\/03-kokkaitoshokan1-340x303.jpg 340w, https:\/\/fjsp.org.br\/fjsp\/wp-content\/uploads\/2021\/12\/03-kokkaitoshokan1-220x196.jpg 220w, https:\/\/fjsp.org.br\/fjsp\/wp-content\/uploads\/2021\/12\/03-kokkaitoshokan1-100x89.jpg 100w, https:\/\/fjsp.org.br\/fjsp\/wp-content\/uploads\/2021\/12\/03-kokkaitoshokan1-130x116.jpg 130w, https:\/\/fjsp.org.br\/fjsp\/wp-content\/uploads\/2021\/12\/03-kokkaitoshokan1-460x410.jpg 460w\" sizes=\"(max-width: 450px) 100vw, 450px\" \/><p id=\"caption-attachment-18819\" class=\"wp-caption-text\">Osamu Dazai, segundo da esquerda para direita.<br \/>Fonte: Cole\u00e7\u00e3o Digital <a href=\"https:\/\/dl.ndl.go.jp\/info:ndljp\/pid\/1069452\" target=\"_blank\" rel=\"noopener\">National Diet Library Japan<\/a><\/p><\/div>\n<p>&nbsp;<\/p>\n<p>Seus escritos sugerem uma rela\u00e7\u00e3o ambivalente com sua fam\u00edlia. Segundo Donald Keene (1984, p. 1026) \u201cem v\u00e1rias ocasi\u00f5es, Dazai insistiu na for\u00e7a dos la\u00e7os com sua fam\u00edlia, mas seu comportamento err\u00e1tico &#8211; sua indulg\u00eancia com a bebida, suas repetidas tentativas de suic\u00eddio e at\u00e9 mesmo seu interesse no comunismo foi atribu\u00eddo a um desejo deliberado de causar embara\u00e7o \u00e0 fam\u00edlia.\u201d<\/p>\n<p>Ainda conforme Donald Keene (1984, p. 1026), \u201ca fam\u00edlia Tsushima era uma das mais ricas da regi\u00e3o, o fundador da fortuna foi seu bisav\u00f4 que, logo ap\u00f3s a Restaura\u00e7\u00e3o Meiji, estabeleceu uma companhia de com\u00e9rcio que prosperou. Ele usou os lucros para ampliar as propriedades da fam\u00edlia, comprando terras abandonadas pelos samurais, que estavam livres para vend\u00ea-las depois de 1871. O pai de Dazai ampliou ainda mais o patrim\u00f4nio financeiro da fam\u00edlia. Dazai muitas vezes dizia ser filho de fazendeiros, como forma de se desculpar ao mundo pelos privil\u00e9gios que desfrutou quando crian\u00e7a.\u201d<\/p>\n<p>&nbsp;<\/p>\n<div id=\"attachment_18820\" style=\"width: 460px\" class=\"wp-caption aligncenter\"><img loading=\"lazy\" decoding=\"async\" aria-describedby=\"caption-attachment-18820\" class=\"img-responsive img-fluid wp-image-18820\" src=\"https:\/\/fjsp.org.br\/fjsp\/wp-content\/uploads\/2021\/12\/04-osamu-dazai.jpg\" alt=\"\" width=\"450\" height=\"674\" srcset=\"https:\/\/fjsp.org.br\/fjsp\/wp-content\/uploads\/2021\/12\/04-osamu-dazai.jpg 815w, https:\/\/fjsp.org.br\/fjsp\/wp-content\/uploads\/2021\/12\/04-osamu-dazai-280x419.jpg 280w, https:\/\/fjsp.org.br\/fjsp\/wp-content\/uploads\/2021\/12\/04-osamu-dazai-768x1150.jpg 768w, https:\/\/fjsp.org.br\/fjsp\/wp-content\/uploads\/2021\/12\/04-osamu-dazai-340x509.jpg 340w, https:\/\/fjsp.org.br\/fjsp\/wp-content\/uploads\/2021\/12\/04-osamu-dazai-220x329.jpg 220w, https:\/\/fjsp.org.br\/fjsp\/wp-content\/uploads\/2021\/12\/04-osamu-dazai-100x150.jpg 100w, https:\/\/fjsp.org.br\/fjsp\/wp-content\/uploads\/2021\/12\/04-osamu-dazai-130x195.jpg 130w, https:\/\/fjsp.org.br\/fjsp\/wp-content\/uploads\/2021\/12\/04-osamu-dazai-460x689.jpg 460w\" sizes=\"(max-width: 450px) 100vw, 450px\" \/><p id=\"caption-attachment-18820\" class=\"wp-caption-text\">Osamu Dazai (1948), por Shigeru Tamura (1909-1987)<br \/>Publicada em \u201cDazai Osamu Zenshu\u201d, Yakumo Shoten, 1948.<br \/>Fonte: <a href=\"https:\/\/commons.wikimedia.org\/wiki\/File:Osamu_Dazai.jpg\" target=\"_blank\" rel=\"noopener\">wikimedia commons<\/a><\/p><\/div>\n<p>&nbsp;<\/p>\n<p>Antonio Nojiri (apud DAZAI, 1974) no pref\u00e1cio do livro <em>P\u00f4r-do-Sol<\/em>, afirma que \u201cna verdade, (&#8230;) o escritor jamais em sua vida conseguiu livrar-se do complexo de culpa gerado pela sua condi\u00e7\u00e3o de filho de um grande propriet\u00e1rio de terras. (&#8230;) Al\u00e9m disso, esse complexo, mais o convencimento de que era um ser excepcionalmente dotado para a arte liter\u00e1ria, fizeram dele um desse homens com propens\u00e3o para \u00e0 autodestrui\u00e7\u00e3o, isto \u00e9, que sentem fort\u00edssima atra\u00e7\u00e3o do abismo.\u201d<\/p>\n<p>Toda sua obra \u201cgira em torno de quem \u00e9 fraco e vive \u00e0 beira da morte. \u00c9 que, para ele, o forte, por exemplo, nem suspeita da beleza existente nas delicadas flores de campo que se abrem num tempo como o outono, tempo que antecede a morte \u2013 o inverno.\u201d (NOJIRI apud DAZAI, 1974)<\/p>\n<p>Seu irm\u00e3o mais velho assume a lideran\u00e7a da fam\u00edlia em 1923, ap\u00f3s a morte do pai. Em 1930, Dazai parte para T\u00f3quio, recebendo mesadas mensais de seu irm\u00e3o, que tinha a expectativa de que ele se graduasse. Por\u00e9m, Dazai raramente atendia \u00e0s aulas, ao contr\u00e1rio, passava a maior parte do tempo com afazeres ilegais do partido comunista.<\/p>\n<p>Ainda em 1930, Dazai comete sua primeira tentativa de suic\u00eddio amoroso, ou seja, enquanto ainda era um estudante universit\u00e1rio. Tal tentativa permeou ao menos 5 diferentes obras, escritas entre 1932 e 1948.<\/p>\n<p>Dazai, por fim, suicidou-se junto de sua \u00faltima mulher, Tomie Yamazaki, afogando-se no canal Tamagawa no dia 13 de junho de 1948, em um local que ficava pr\u00f3ximo de sua casa. Seus corpos n\u00e3o foram encontrados at\u00e9 o dia 19 de junho, o que coincidiu com o seu anivers\u00e1rio de 39 anos. Ainda hoje, a cada 19 de junho, celebra-se a mem\u00f3ria de uma figura \u00fanica da literatura moderna japonesa.<\/p>\n<p>&nbsp;<\/p>\n<hr \/>\n<p>&nbsp;<\/p>\n<p style=\"text-align: center\"><strong><a href=\"https:\/\/fjsp.org.br\/fjsp\/dossie_osamu_dazai\/\">&lt;&lt; Dossi\u00ea &#8211; Osamu Dazai<\/a>\u00a0\/\/ <\/strong><strong><a href=\"https:\/\/fjsp.org.br\/fjsp\/dossie_osamu_dazai_2_trad_portugues\/\">2. Tradu\u00e7\u00f5es em Portugu\u00eas &gt;&gt;\u00a0<\/a><\/strong><\/p>\n<p>&nbsp;<\/p>\n","protected":false},"excerpt":{"rendered":"<p>Dossi\u00ea Liter\u00e1rio &gt; Dossi\u00ea &#8211; Osamu Dazai &gt; 1. Dazai Osamu &nbsp; Shuji Tsushima (conhecido mais tarde como Osamu Dazai) nasceu em 19 de junho de 1909, dois anos ap\u00f3s a conclus\u00e3o da resid\u00eancia da fam\u00edlia Tsushima, na parte mais setentrional de Honshu, como o d\u00e9cimo filho da fam\u00edlia. A casa inclu\u00eda n\u00e3o apenas os [&hellip;]<\/p>\n","protected":false},"author":34,"featured_media":0,"parent":0,"menu_order":0,"comment_status":"closed","ping_status":"closed","template":"","meta":{"_acf_changed":false,"footnotes":""},"class_list":["post-18818","page","type-page","status-publish","hentry"],"acf":[],"_links":{"self":[{"href":"https:\/\/fjsp.org.br\/fjsp\/wp-json\/wp\/v2\/pages\/18818","targetHints":{"allow":["GET"]}}],"collection":[{"href":"https:\/\/fjsp.org.br\/fjsp\/wp-json\/wp\/v2\/pages"}],"about":[{"href":"https:\/\/fjsp.org.br\/fjsp\/wp-json\/wp\/v2\/types\/page"}],"author":[{"embeddable":true,"href":"https:\/\/fjsp.org.br\/fjsp\/wp-json\/wp\/v2\/users\/34"}],"replies":[{"embeddable":true,"href":"https:\/\/fjsp.org.br\/fjsp\/wp-json\/wp\/v2\/comments?post=18818"}],"version-history":[{"count":2,"href":"https:\/\/fjsp.org.br\/fjsp\/wp-json\/wp\/v2\/pages\/18818\/revisions"}],"predecessor-version":[{"id":18855,"href":"https:\/\/fjsp.org.br\/fjsp\/wp-json\/wp\/v2\/pages\/18818\/revisions\/18855"}],"wp:attachment":[{"href":"https:\/\/fjsp.org.br\/fjsp\/wp-json\/wp\/v2\/media?parent=18818"}],"curies":[{"name":"wp","href":"https:\/\/api.w.org\/{rel}","templated":true}]}}