{"id":19155,"date":"2022-01-28T11:29:09","date_gmt":"2022-01-28T14:29:09","guid":{"rendered":"https:\/\/fjsp.org.br\/fjsp\/?page_id=19155"},"modified":"2022-04-29T11:49:46","modified_gmt":"2022-04-29T14:49:46","slug":"destaques-da-biblioteca-2022-01","status":"publish","type":"page","link":"https:\/\/fjsp.org.br\/fjsp\/destaques-da-biblioteca-2022-01\/","title":{"rendered":"DESTAQUES DA BIBLIOTECA \u2013 Edi\u00e7\u00e3o 01\/22"},"content":{"rendered":"<p><span style=\"font-weight: 400;\">Ao longo deste ano de 2022, a Biblioteca da Funda\u00e7\u00e3o Jap\u00e3o em S\u00e3o Paulo destacar\u00e1 nesta se\u00e7\u00e3o as novas aquisi\u00e7\u00f5es (livros, mang\u00e1s e audiovisuais) que far\u00e3o parte de seu acervo. <\/span><\/p>\n<p>&nbsp;<\/p>\n<h2><span style=\"color: #ff0000;\"><strong>\u25cf <\/strong><strong>LIVROS<\/strong><\/span><\/h2>\n<p><img fetchpriority=\"high\" decoding=\"async\" class=\"img-responsive img-fluid alignnone wp-image-19156 size-full\" src=\"https:\/\/fjsp.org.br\/fjsp\/wp-content\/uploads\/2022\/01\/inventing-the-way-of-the-samurai.png\" alt=\"\" width=\"222\" height=\"335\" srcset=\"https:\/\/fjsp.org.br\/fjsp\/wp-content\/uploads\/2022\/01\/inventing-the-way-of-the-samurai.png 222w, https:\/\/fjsp.org.br\/fjsp\/wp-content\/uploads\/2022\/01\/inventing-the-way-of-the-samurai-220x332.png 220w, https:\/\/fjsp.org.br\/fjsp\/wp-content\/uploads\/2022\/01\/inventing-the-way-of-the-samurai-100x151.png 100w, https:\/\/fjsp.org.br\/fjsp\/wp-content\/uploads\/2022\/01\/inventing-the-way-of-the-samurai-130x196.png 130w\" sizes=\"(max-width: 222px) 100vw, 222px\" \/><\/p>\n<p><span style=\"color: #0000ff;\"><strong><b>Inventing the way of the samurai: nationalism, internationalism, and bushido in Modern Japan.<br \/>\n<\/b><\/strong><\/span><span style=\"font-weight: 400;\"><span style=\"color: #0000ff;\">Oleg Benesch<\/span><br \/>\n<\/span>Oxford University Press, 2016.<br \/>\nEm ingl\u00eas.<br \/>\n<span style=\"font-weight: 400;\">ISBN 978-0-19-875425-1 [952 Be]<\/span><\/p>\n<p><span style=\"font-weight: 400;\">O livro examina o desenvolvimento do <\/span><i><span style=\"font-weight: 400;\">bushido<\/span><\/i><span style=\"font-weight: 400;\"> (caminho do samurai), que \u00e9 popularmente visto como um elemento definidor do car\u00e1ter nacional japon\u00eas e at\u00e9 mesmo da alma do Jap\u00e3o. Relata seu r\u00e1pido crescimento atrav\u00e9s das pessoas, dos eventos e dos escritos, que enfatizavam as virtudes marciais e a lealdade absoluta ao imperador. No in\u00edcio do s\u00e9culo XX, o <\/span><i><span style=\"font-weight: 400;\">bushido<\/span><\/i><span style=\"font-weight: 400;\"> tornou-se a disciplina principal da educa\u00e7\u00e3o civil e militar e o pilar ideol\u00f3gico do estado imperialista at\u00e9 seu colapso em 1945. Explora ainda os fatores por tr\u00e1s do seu ressurgimento que se provou resistente atrav\u00e9s de 130 anos de dramas sociais, pol\u00edticos e mudan\u00e7as culturais.<\/span><\/p>\n<h4><strong>Sobre o autor:<\/strong><\/h4>\n<p><span style=\"font-weight: 400;\">Oleg Benesch \u00e9 pesquisador especializado em hist\u00f3ria do in\u00edcio da era moderna e do Jap\u00e3o moderno. Suas publica\u00e7\u00f5es e seus interesses de ensino cobrem uma variedade de campos incluindo a hist\u00f3ria intelectual, religiosa e social japonesa, a hist\u00f3ria intelectual chinesa, assim como a hist\u00f3ria transnacional da \u00c1sia ocidental moderna.<\/span><\/p>\n<p><a href=\"https:\/\/global.oup.com\/academic\/product\/inventing-the-way-of-the-samurai-9780198754251?q=samurai&amp;lang=en&amp;cc=br\"><span style=\"font-weight: 400;\">Inventing the Way of the Samurai &#8211; Paperback &#8211; Oleg Benesch &#8211; Oxford University Press (oup.com)<\/span><\/a><\/p>\n<hr \/>\n<p>&nbsp;<\/p>\n<p><img decoding=\"async\" class=\"img-responsive img-fluid alignnone wp-image-19157 size-full\" src=\"https:\/\/fjsp.org.br\/fjsp\/wp-content\/uploads\/2022\/01\/playing-in-the-shadows.png\" alt=\"\" width=\"247\" height=\"374\" srcset=\"https:\/\/fjsp.org.br\/fjsp\/wp-content\/uploads\/2022\/01\/playing-in-the-shadows.png 247w, https:\/\/fjsp.org.br\/fjsp\/wp-content\/uploads\/2022\/01\/playing-in-the-shadows-220x333.png 220w, https:\/\/fjsp.org.br\/fjsp\/wp-content\/uploads\/2022\/01\/playing-in-the-shadows-100x151.png 100w, https:\/\/fjsp.org.br\/fjsp\/wp-content\/uploads\/2022\/01\/playing-in-the-shadows-130x197.png 130w\" sizes=\"(max-width: 247px) 100vw, 247px\" \/><\/p>\n<p><span style=\"color: #0000ff;\"><strong>Brincando nas sombras: fic\u00e7\u00f5es de ra\u00e7a e negritude na literatura japonesa do p\u00f3s-guerra<br \/>\n<\/strong><\/span><span style=\"color: #333333;\"><span style=\"color: #0000ff;\">Will Bridges<\/span><br \/>\n<\/span><span style=\"font-weight: 400;\">University of Michigan Press, 2020.<br \/>\nEm ingl\u00eas.<br \/>\n<\/span><span style=\"font-weight: 400;\">ISBN 978-0-472-05442-8 [895.6093529 Br]<\/span><\/p>\n<p><span style=\"font-weight: 400;\">A ocupa\u00e7\u00e3o aliada trouxe uma grande aflu\u00eancia de soldados afro-americanos e sua cultura ao Jap\u00e3o. Este rico meio despertou o interesse dos autores japoneses do p\u00f3s-guerra em ler, interpretar, criticar e incorporar as t\u00e9cnicas da literatura afro-americana e as performances de jazz em seus pr\u00f3prios trabalhos liter\u00e1rios. O autor cita como exemplo dois autores not\u00e1veis, Kenzaburo Oe e Kenji Nakagami, e argumenta que as \u201cfic\u00e7\u00f5es de ra\u00e7a\u201d fornecem vis\u00f5es de como os autores japoneses do p\u00f3s-guerra repensam a atribui\u00e7\u00e3o da ra\u00e7a aos corpos, sejam eles corpos de literatura, a pol\u00edtica corporal ou o pr\u00f3prio corpo humano.<\/span><\/p>\n<h4><strong>Sobre o autor:<\/strong><\/h4>\n<p><span style=\"font-weight: 400;\">Will Bridges \u00e9 professor assistente de japon\u00eas da Universidade de Rochester.<\/span><\/p>\n<p><a href=\"https:\/\/www.press.umich.edu\/11301772\/playing_in_the_shadows\">https:\/\/www.press.umich.edu\/11301772\/playing_in_the_shadows<\/a><\/p>\n<hr \/>\n<p>&nbsp;<\/p>\n<p><img decoding=\"async\" class=\"img-responsive img-fluid alignnone wp-image-19158 size-full\" src=\"https:\/\/fjsp.org.br\/fjsp\/wp-content\/uploads\/2022\/01\/writing-technology-in-meiji-japan.png\" alt=\"\" width=\"303\" height=\"464\" srcset=\"https:\/\/fjsp.org.br\/fjsp\/wp-content\/uploads\/2022\/01\/writing-technology-in-meiji-japan.png 303w, https:\/\/fjsp.org.br\/fjsp\/wp-content\/uploads\/2022\/01\/writing-technology-in-meiji-japan-280x429.png 280w, https:\/\/fjsp.org.br\/fjsp\/wp-content\/uploads\/2022\/01\/writing-technology-in-meiji-japan-220x337.png 220w, https:\/\/fjsp.org.br\/fjsp\/wp-content\/uploads\/2022\/01\/writing-technology-in-meiji-japan-100x153.png 100w, https:\/\/fjsp.org.br\/fjsp\/wp-content\/uploads\/2022\/01\/writing-technology-in-meiji-japan-130x199.png 130w\" sizes=\"(max-width: 303px) 100vw, 303px\" \/><\/p>\n<p><span style=\"color: #0000ff;\"><strong>Tecnologia de escrita no Jap\u00e3o Meiji: uma hist\u00f3ria da m\u00eddia<br \/>\n<\/strong>Seth Jacobowitz<br \/>\n<\/span>Harvard University Asia Center, 2020.<br \/>\nEm ingl\u00eas.<br \/>\nISBN 978-0-674-24449-8 [302.230952 Ja]<\/p>\n<p><span style=\"font-weight: 400;\">O livro repensa, de forma corajosa, as origens da l\u00edngua moderna japonesa, da literatura e da cultura visual sob a perspectiva da hist\u00f3ria dos meios de comunica\u00e7\u00e3o, entre o final do s\u00e9culo 19 e in\u00edcio do s\u00e9culo 20. Documenta a mudan\u00e7a das pr\u00e1ticas discursivas que remodelaram os regimes verbais, visuais e liter\u00e1rios do per\u00edodo Tokugawa, culminando com a descoberta de um novo estilo liter\u00e1rio vernacular a partir das transcri\u00e7\u00f5es curtas de contos teatrais (rakugo), defendido posteriormente por grandes escritores como Masaoka Shiki e Natsume Soseki como base para um novo modo de realismo transparente e objetivo.<\/span><\/p>\n<h4><strong>Sobre o autor:<\/strong><\/h4>\n<p><span style=\"font-weight: 400;\">Seth Jacobowitz \u00e9 professor assistente de L\u00ednguas e Literaturas do Leste Asi\u00e1tico na Universidade de Yale.<\/span><\/p>\n<p><a href=\"https:\/\/asiacenter.harvard.edu\/publications\/writing-technology-in-meiji-japan-a-media-history-of-modern-japanese-literature-and-visual-culture-5aaad73b448a79518ad1dd4e\"><span style=\"font-weight: 400;\">Harvard University Asia Center<\/span><\/a><\/p>\n<hr \/>\n<p>&nbsp;<\/p>\n<p><img loading=\"lazy\" decoding=\"async\" class=\"img-responsive img-fluid alignnone wp-image-19159 size-full\" src=\"https:\/\/fjsp.org.br\/fjsp\/wp-content\/uploads\/2022\/01\/mishima-aesthetic-terrorist.png\" alt=\"\" width=\"323\" height=\"491\" srcset=\"https:\/\/fjsp.org.br\/fjsp\/wp-content\/uploads\/2022\/01\/mishima-aesthetic-terrorist.png 323w, https:\/\/fjsp.org.br\/fjsp\/wp-content\/uploads\/2022\/01\/mishima-aesthetic-terrorist-280x426.png 280w, https:\/\/fjsp.org.br\/fjsp\/wp-content\/uploads\/2022\/01\/mishima-aesthetic-terrorist-220x334.png 220w, https:\/\/fjsp.org.br\/fjsp\/wp-content\/uploads\/2022\/01\/mishima-aesthetic-terrorist-100x152.png 100w, https:\/\/fjsp.org.br\/fjsp\/wp-content\/uploads\/2022\/01\/mishima-aesthetic-terrorist-130x198.png 130w\" sizes=\"(max-width: 323px) 100vw, 323px\" \/><\/p>\n<p><span style=\"color: #3366ff;\"><strong><b>Mishima, aesthetic terrorist: an intellectual portrait<\/b><br \/>\n<\/strong><span style=\"font-weight: 400;\">Andrew Rankin<br \/>\n<\/span><\/span><span style=\"font-weight: 400;\">University of Hawaii Press, 2019.<br \/>\nEm ingl\u00eas.<br \/>\n<\/span><span style=\"font-weight: 400;\">ISBN 978-0-8248-8308-9 [928.956 Mi]<\/span><\/p>\n<p><span style=\"font-weight: 400;\">Mesmo ap\u00f3s meio s\u00e9culo de seu chocante suic\u00eddio ao estilo samurai, Yukio Mishima ainda \u00e9 visto como uma figura extremamente controversa. Seus escritos e sua hist\u00f3ria de vida ainda fascinam seus leitores, ao mesmo tempo em que \u00e9 desprezado por estudiosos que o veem como uma figura fr\u00edvola cujo trabalho expressava sua pr\u00f3pria personalidade m\u00f3rbida.\u00a0 Neste livro, o autor se prop\u00f5e a desafiar essa percep\u00e7\u00e3o, demonstrando a intelig\u00eancia e a seriedade dos trabalhos e pensamentos de Mishima. Cada cap\u00edtulo do livro examina uma das ideias centrais que ele desenvolveu em seus escritos: vida como arte, beleza como mal, cultura como mito, erotismo como transgress\u00e3o, o artista como her\u00f3i tr\u00e1gico, narcisismo como puls\u00e3o de morte. Junto com novas leituras de grandes obras de fic\u00e7\u00e3o, introduz obras menos familiares em diferentes g\u00eaneros. Em sua cr\u00edtica cultural, Mishima faz uma defesa apaixonada da liberdade de express\u00e3o e se posiciona contra todas as formas de autoritarismo e censura. Erudito e autorit\u00e1rio, mas escrito em prosa clara e acess\u00edvel, este livro \u00e9 uma leitura essencial para todos aqueles que buscam uma compreens\u00e3o mais profunda desta figura radical e provocadora.<\/span><\/p>\n<h4><strong>Sobre o autor:<\/strong><\/h4>\n<p><span style=\"font-weight: 400;\">Andrew Rankin \u00e9 um escritor brit\u00e2nico que estudou nas universidades de Londres, Tokyo e Cambridge, e viveu por oito anos no Jap\u00e3o.<\/span><\/p>\n<p><a href=\"https:\/\/uhpress.hawaii.edu\/title\/mishima-aesthetic-terrorist-an-intellectual-portrait\/\"><span style=\"font-weight: 400;\">Mishima, Aesthetic Terrorist: An Intellectual Portrait \u2013 UH Press (hawaii.edu)<\/span><\/a><\/p>\n<hr \/>\n<p>&nbsp;<\/p>\n<p><img loading=\"lazy\" decoding=\"async\" class=\"img-responsive img-fluid alignnone wp-image-19160 size-full\" src=\"https:\/\/fjsp.org.br\/fjsp\/wp-content\/uploads\/2022\/01\/misyhuikmiao-vida-a-venda.png\" alt=\"\" width=\"231\" height=\"357\" srcset=\"https:\/\/fjsp.org.br\/fjsp\/wp-content\/uploads\/2022\/01\/misyhuikmiao-vida-a-venda.png 231w, https:\/\/fjsp.org.br\/fjsp\/wp-content\/uploads\/2022\/01\/misyhuikmiao-vida-a-venda-220x340.png 220w, https:\/\/fjsp.org.br\/fjsp\/wp-content\/uploads\/2022\/01\/misyhuikmiao-vida-a-venda-100x155.png 100w, https:\/\/fjsp.org.br\/fjsp\/wp-content\/uploads\/2022\/01\/misyhuikmiao-vida-a-venda-130x201.png 130w\" sizes=\"(max-width: 231px) 100vw, 231px\" \/><\/p>\n<p><span style=\"color: #3366ff;\"><strong><b>Vida \u00e0 venda (\u547d\u58f2\u308a\u307e\u3059\/Inochi urimasu)<\/b><br \/>\n<\/strong><span style=\"font-weight: 400;\">Yukio Mishima (\u4e09\u5cf6\u7531\u7d00\u592b); tradu\u00e7\u00e3o do japon\u00eas por Shintaro Hayashi.<br \/>\n<\/span><\/span><span style=\"font-weight: 400;\">Esta\u00e7\u00e3o Liberdade, 2020.<br \/>\nEm portugu\u00eas.<br \/>\n<\/span><span style=\"font-weight: 400;\">ISBN 978-85-7448-314-6 [895.63 Mi]<\/span><\/p>\n<p><i><span style=\"font-weight: 400;\">Vida \u00e0 venda<\/span><\/i><span style=\"font-weight: 400;\">, romance de Yukio Mishima, mostra o lado surreal e \u00e1cido do autor. Ap\u00f3s uma tentativa malsucedida de suic\u00eddio, o protagonista Hanio Yamada coloca um an\u00fancio nos classificados: \u201cVendo minha vida. Use-a como quiser\u201d. O personagem estabelece uma rela\u00e7\u00e3o de proximidade e cumplicidade com o leitor numa viagem, ora sombria ora irreverente, pelos c\u00edrculos do submundo dos desiludidos e marginais da estratificada sociedade japonesa. Com personagens bizarros, desfiando hist\u00f3rias dentro de hist\u00f3rias, Mishima cria uma com\u00e9dia barroca carregada de horror (ou um horror g\u00f3tico carregado de ironia e cr\u00edtica social), mergulhando com perspic\u00e1cia nos desejos e inseguran\u00e7as da alma humana.<\/span><\/p>\n<p><span style=\"font-weight: 400;\">O livro foi publicado originalmente na revista <\/span><i><span style=\"font-weight: 400;\">Weekly Playboy<\/span><\/i><span style=\"font-weight: 400;\"> do Jap\u00e3o entre maio e outubro de 1968. O livro se tornou um inesperado best-seller quando relan\u00e7ado em japon\u00eas em 2015 e adaptado para uma s\u00e9rie televisiva em dez epis\u00f3dios em 2018. Foi um dos \u00faltimos publicados pelo autor em vida, escrito enquanto finalizava a sua tetralogia <\/span><i><span style=\"font-weight: 400;\">O mar da fertilidade<\/span><\/i><span style=\"font-weight: 400;\">, que encerrou sua carreira.<\/span><\/p>\n<h4><strong>Sobre o autor:<\/strong><\/h4>\n<p><span style=\"font-weight: 400;\">Yukio Mishima, pseud\u00f4nimo de Kimitake Hiraoka, nasceu em T\u00f3quio em 1925. Estreou na literatura aos dezenove anos, e firmou-se como o grande talento art\u00edstico de sua gera\u00e7\u00e3o ap\u00f3s a publica\u00e7\u00e3o de <\/span><i><span style=\"font-weight: 400;\">Confiss\u00f5es de uma m\u00e1scara <\/span><\/i><span style=\"font-weight: 400;\">(1949) e <\/span><i><span style=\"font-weight: 400;\">Cores proibidas<\/span><\/i><span style=\"font-weight: 400;\"> (1951). Mesclando influ\u00eancias ocidentais e orientais, explorando tabus tem\u00e1ticos, como a homossexualidade e o culto ao corpo masculino, a arte era, para Mishima, indissoci\u00e1vel de suas a\u00e7\u00f5es. Cr\u00edtico contumaz da ocidentaliza\u00e7\u00e3o e degrada\u00e7\u00e3o do Jap\u00e3o moderno, permaneceu sempre em luta pela retomada dos valores cl\u00e1ssicos do seu pa\u00eds, at\u00e9 cometer o <\/span><i><span style=\"font-weight: 400;\">seppuku<\/span><\/i><span style=\"font-weight: 400;\">, o tradicional suic\u00eddio ritual\u00edstico samurai, em 1970.<\/span><\/p>\n<p><a href=\"https:\/\/estacaoliberdade.com.br\/livraria\/livros-de-literatura-japonesa\/vida-a-venda\"><span style=\"font-weight: 400;\">Vida \u00e0 venda (estacaoliberdade.com.br)<\/span><\/a><\/p>\n<p>&nbsp;<\/p>\n<p><a href=\"https:\/\/fjsp.org.br\/fjsp\/destaques-da-biblioteca\/\"><img loading=\"lazy\" decoding=\"async\" class=\"img-responsive img-fluid size-full wp-image-14773 aligncenter\" src=\"https:\/\/fjsp.org.br\/fjsp\/wp-content\/uploads\/2021\/01\/botao-site-destaquebbca-rodape-voltar.jpg\" alt=\"\" width=\"320\" height=\"134\" srcset=\"https:\/\/fjsp.org.br\/fjsp\/wp-content\/uploads\/2021\/01\/botao-site-destaquebbca-rodape-voltar.jpg 320w, https:\/\/fjsp.org.br\/fjsp\/wp-content\/uploads\/2021\/01\/botao-site-destaquebbca-rodape-voltar-280x117.jpg 280w, https:\/\/fjsp.org.br\/fjsp\/wp-content\/uploads\/2021\/01\/botao-site-destaquebbca-rodape-voltar-220x92.jpg 220w, https:\/\/fjsp.org.br\/fjsp\/wp-content\/uploads\/2021\/01\/botao-site-destaquebbca-rodape-voltar-100x42.jpg 100w, https:\/\/fjsp.org.br\/fjsp\/wp-content\/uploads\/2021\/01\/botao-site-destaquebbca-rodape-voltar-130x54.jpg 130w\" sizes=\"(max-width: 320px) 100vw, 320px\" \/><\/a><\/p>\n","protected":false},"excerpt":{"rendered":"<p>Ao longo deste ano de 2022, a Biblioteca da Funda\u00e7\u00e3o Jap\u00e3o em S\u00e3o Paulo destacar\u00e1 nesta se\u00e7\u00e3o as novas aquisi\u00e7\u00f5es (livros, mang\u00e1s e audiovisuais) que far\u00e3o parte de seu acervo. &nbsp; \u25cf LIVROS Inventing the way of the samurai: nationalism, internationalism, and bushido in Modern Japan. Oleg Benesch Oxford University Press, 2016. Em ingl\u00eas. ISBN [&hellip;]<\/p>\n","protected":false},"author":1,"featured_media":0,"parent":0,"menu_order":0,"comment_status":"closed","ping_status":"closed","template":"","meta":{"_acf_changed":false,"footnotes":""},"class_list":["post-19155","page","type-page","status-publish","hentry"],"acf":[],"_links":{"self":[{"href":"https:\/\/fjsp.org.br\/fjsp\/wp-json\/wp\/v2\/pages\/19155","targetHints":{"allow":["GET"]}}],"collection":[{"href":"https:\/\/fjsp.org.br\/fjsp\/wp-json\/wp\/v2\/pages"}],"about":[{"href":"https:\/\/fjsp.org.br\/fjsp\/wp-json\/wp\/v2\/types\/page"}],"author":[{"embeddable":true,"href":"https:\/\/fjsp.org.br\/fjsp\/wp-json\/wp\/v2\/users\/1"}],"replies":[{"embeddable":true,"href":"https:\/\/fjsp.org.br\/fjsp\/wp-json\/wp\/v2\/comments?post=19155"}],"version-history":[{"count":2,"href":"https:\/\/fjsp.org.br\/fjsp\/wp-json\/wp\/v2\/pages\/19155\/revisions"}],"predecessor-version":[{"id":20971,"href":"https:\/\/fjsp.org.br\/fjsp\/wp-json\/wp\/v2\/pages\/19155\/revisions\/20971"}],"wp:attachment":[{"href":"https:\/\/fjsp.org.br\/fjsp\/wp-json\/wp\/v2\/media?parent=19155"}],"curies":[{"name":"wp","href":"https:\/\/api.w.org\/{rel}","templated":true}]}}