{"id":19562,"date":"2022-03-01T15:35:44","date_gmt":"2022-03-01T18:35:44","guid":{"rendered":"https:\/\/fjsp.org.br\/fjsp\/?page_id=19562"},"modified":"2022-06-02T17:09:32","modified_gmt":"2022-06-02T20:09:32","slug":"irodori-regras-de-uso","status":"publish","type":"page","link":"https:\/\/fjsp.org.br\/fjsp\/irodori-regras-de-uso\/","title":{"rendered":"Regras de uso do Irodori"},"content":{"rendered":"<p><a href=\"https:\/\/fjsp.org.br\/fjsp\/irodori\/\"><img fetchpriority=\"high\" decoding=\"async\" class=\"img-responsive img-fluid alignnone size-full wp-image-19564\" src=\"https:\/\/fjsp.org.br\/fjsp\/wp-content\/uploads\/2022\/02\/irodori-testeira.png\" alt=\"\" width=\"1400\" height=\"180\" srcset=\"https:\/\/fjsp.org.br\/fjsp\/wp-content\/uploads\/2022\/02\/irodori-testeira.png 1400w, https:\/\/fjsp.org.br\/fjsp\/wp-content\/uploads\/2022\/02\/irodori-testeira-280x36.png 280w, https:\/\/fjsp.org.br\/fjsp\/wp-content\/uploads\/2022\/02\/irodori-testeira-768x99.png 768w, https:\/\/fjsp.org.br\/fjsp\/wp-content\/uploads\/2022\/02\/irodori-testeira-340x44.png 340w, https:\/\/fjsp.org.br\/fjsp\/wp-content\/uploads\/2022\/02\/irodori-testeira-220x28.png 220w, https:\/\/fjsp.org.br\/fjsp\/wp-content\/uploads\/2022\/02\/irodori-testeira-100x13.png 100w, https:\/\/fjsp.org.br\/fjsp\/wp-content\/uploads\/2022\/02\/irodori-testeira-130x17.png 130w, https:\/\/fjsp.org.br\/fjsp\/wp-content\/uploads\/2022\/02\/irodori-testeira-460x59.png 460w\" sizes=\"(max-width: 1400px) 100vw, 1400px\" \/><\/a><\/p>\n<h4><span style=\"color: #800080\"><strong>1) Posso imprimir, encadernar as c\u00f3pias de \u201cIrodori\u201d e emprest\u00e1-las ou entreg\u00e1-las aos alunos?\u00a0<\/strong><\/span><\/h4>\n<p><span data-contrast=\"auto\">-Sim, pode. N\u00e3o h\u00e1 problema fazer isso se for utiliz\u00e1-lo em suas aulas. Dependendo das regras de sua institui\u00e7\u00e3o, pode-se cobrar o custo real de impress\u00e3o e encaderna\u00e7\u00e3o, mas n\u00e3o se pode obter lucro com a venda dos materiais.<\/span><span data-ccp-props=\"{&quot;335551550&quot;:6,&quot;335551620&quot;:6}\">\u00a0<\/span><\/p>\n<p><span data-ccp-props=\"{&quot;335551550&quot;:6,&quot;335551620&quot;:6}\">\u00a0<\/span><\/p>\n<h4><span style=\"color: #800080\"><strong>2)Posso usar &#8220;Irodori&#8221; como material did\u00e1tico para aulas on-line?\u00a0<\/strong><\/span><\/h4>\n<p><span data-contrast=\"auto\">-Sim, o material pode ser utilizado nas aulas de sua escola ou em aulas particulares.\u00a0<\/span><span data-ccp-props=\"{&quot;335551550&quot;:6,&quot;335551620&quot;:6}\">\u00a0<\/span><\/p>\n<p><span data-ccp-props=\"{&quot;335551550&quot;:6,&quot;335551620&quot;:6}\">\u00a0<\/span><\/p>\n<h4><span style=\"color: #800080\"><strong>3)Posso usar &#8220;Irodori&#8221; como material did\u00e1tico nas aulas com pagamento de taxas pelos alunos?\u00a0<\/strong><\/span><\/h4>\n<p><span data-contrast=\"auto\">-Sim, poder\u00e1 utilizar o material sem problemas em aulas de institui\u00e7\u00f5es de ensino ou em aulas particulares.\u00a0<\/span><span data-ccp-props=\"{&quot;335551550&quot;:6,&quot;335551620&quot;:6}\">\u00a0<\/span><\/p>\n<p><span data-ccp-props=\"{&quot;335551550&quot;:6,&quot;335551620&quot;:6}\">\u00a0<\/span><\/p>\n<h4><span style=\"color: #800080\"><strong>4)Posso usar o PDF do &#8216;Irodori&#8217; em slides de PowerPoint com \u00e1udio para minha aula?\u00a0\u00a0<\/strong><\/span><\/h4>\n<p><span data-contrast=\"auto\">-Sim.\u00a0 O formato do material pode ser livremente modificado, desde que seja para uso em aula.<\/span><span data-ccp-props=\"{&quot;335551550&quot;:6,&quot;335551620&quot;:6}\">\u00a0<\/span><\/p>\n<p>&nbsp;<\/p>\n<h4><span style=\"color: #800080\"><strong>5)Posso adicionar meus pr\u00f3prios exerc\u00edcios \u00e0s atividades contidas no &#8220;Irodori&#8221; para elaborar uma tarefa?\u00a0<\/strong><\/span><\/h4>\n<p><span data-contrast=\"auto\">-Sim.\u00a0 Pode utiliz\u00e1-lo na forma original ou modific\u00e1-lo de acordo com suas necessidades.<\/span><span data-ccp-props=\"{&quot;335551550&quot;:6,&quot;335551620&quot;:6}\">\u00a0<\/span><\/p>\n<p>&nbsp;<\/p>\n<h4><span style=\"color: #800080\"><strong>6)Posso usar as ilustra\u00e7\u00f5es modificando-as?\u00a0<\/strong><\/span><\/h4>\n<p><span data-contrast=\"auto\">-N\u00e3o. Se for utiliz\u00e1-las em sua forma original, pode-se colar nos slides de Power Point, utiliz\u00e1-las livremente na elabora\u00e7\u00e3o de exerc\u00edcios, etc.\u00a0\u00a0 Entretanto, devido \u00e0s restri\u00e7\u00f5es de direitos autorais, as ilustra\u00e7\u00f5es em si n\u00e3o podem ser alteradas ou modificadas em hip\u00f3tese nenhuma.<\/span><span data-ccp-props=\"{&quot;335551550&quot;:6,&quot;335551620&quot;:6}\">\u00a0<\/span><\/p>\n<p><span data-contrast=\"auto\">O uso das ilustra\u00e7\u00f5es \u00e9 limitado ao prop\u00f3sito de ensinar com o \u201cIrodori\u201d. Portanto n\u00e3o \u00e9 poss\u00edvel usar as ilustra\u00e7\u00f5es para aulas ou materiais did\u00e1ticos que n\u00e3o tenham nenhuma rela\u00e7\u00e3o com o \u201cIrodori\u201d.<\/span><span data-ccp-props=\"{&quot;335551550&quot;:6,&quot;335551620&quot;:6}\">\u00a0<\/span><\/p>\n<p><span data-ccp-props=\"{&quot;335551550&quot;:6,&quot;335551620&quot;:6}\">\u00a0<\/span><\/p>\n<h4><span style=\"color: #800080\"><strong>7)Posso publicar os slides, materiais e v\u00eddeos que elaborei com o \u201cIrodori\u201d na internet?\u00a0<\/strong><\/span><\/h4>\n<p><span data-contrast=\"auto\">-Sim. N\u00e3o h\u00e1 restri\u00e7\u00f5es para publicar ou compartilhar os seus materiais. Na verdade, muitos dos materiais elaborados por professores do mundo todo foram compartilhados na internet. Entretanto, estes n\u00e3o podem ser comercializados.<\/span><span data-ccp-props=\"{&quot;335551550&quot;:6,&quot;335551620&quot;:6}\">\u00a0<\/span><\/p>\n<p>&nbsp;<\/p>\n<p><span data-contrast=\"auto\">Para mais informa\u00e7\u00f5es, consulte as &#8220;Diretrizes de uso e direitos autorais&#8221; na se\u00e7\u00e3o <a href=\"https:\/\/www.irodori.jpf.go.jp\/privacy.html\" target=\"_blank\" rel=\"noopener\"><strong>&#8220;Sobre este site&#8221;<\/strong><\/a>.<\/span><span data-ccp-props=\"{&quot;335551550&quot;:6,&quot;335551620&quot;:6}\"> \u00a0(Texto somente em japon\u00eas e ingl\u00eas)<\/span><\/p>\n","protected":false},"excerpt":{"rendered":"<p>1) Posso imprimir, encadernar as c\u00f3pias de \u201cIrodori\u201d e emprest\u00e1-las ou entreg\u00e1-las aos alunos?\u00a0 -Sim, pode. N\u00e3o h\u00e1 problema fazer isso se for utiliz\u00e1-lo em suas aulas. Dependendo das regras de sua institui\u00e7\u00e3o, pode-se cobrar o custo real de impress\u00e3o e encaderna\u00e7\u00e3o, mas n\u00e3o se pode obter lucro com a venda dos materiais.\u00a0 \u00a0 2)Posso [&hellip;]<\/p>\n","protected":false},"author":33,"featured_media":0,"parent":0,"menu_order":0,"comment_status":"closed","ping_status":"closed","template":"","meta":{"_acf_changed":false,"footnotes":""},"class_list":["post-19562","page","type-page","status-publish","hentry"],"acf":[],"_links":{"self":[{"href":"https:\/\/fjsp.org.br\/fjsp\/wp-json\/wp\/v2\/pages\/19562","targetHints":{"allow":["GET"]}}],"collection":[{"href":"https:\/\/fjsp.org.br\/fjsp\/wp-json\/wp\/v2\/pages"}],"about":[{"href":"https:\/\/fjsp.org.br\/fjsp\/wp-json\/wp\/v2\/types\/page"}],"author":[{"embeddable":true,"href":"https:\/\/fjsp.org.br\/fjsp\/wp-json\/wp\/v2\/users\/33"}],"replies":[{"embeddable":true,"href":"https:\/\/fjsp.org.br\/fjsp\/wp-json\/wp\/v2\/comments?post=19562"}],"version-history":[{"count":2,"href":"https:\/\/fjsp.org.br\/fjsp\/wp-json\/wp\/v2\/pages\/19562\/revisions"}],"predecessor-version":[{"id":21660,"href":"https:\/\/fjsp.org.br\/fjsp\/wp-json\/wp\/v2\/pages\/19562\/revisions\/21660"}],"wp:attachment":[{"href":"https:\/\/fjsp.org.br\/fjsp\/wp-json\/wp\/v2\/media?parent=19562"}],"curies":[{"name":"wp","href":"https:\/\/api.w.org\/{rel}","templated":true}]}}