{"id":19611,"date":"2022-03-01T15:55:44","date_gmt":"2022-03-01T18:55:44","guid":{"rendered":"https:\/\/fjsp.org.br\/fjsp\/?page_id=19611"},"modified":"2022-03-11T19:44:10","modified_gmt":"2022-03-11T22:44:10","slug":"irodori-audio-expressoes-em-japones-para-uso-em-aula","status":"publish","type":"page","link":"https:\/\/fjsp.org.br\/fjsp\/irodori-audio-expressoes-em-japones-para-uso-em-aula\/","title":{"rendered":"Irodori \u2013 \u00c1udio Express\u00f5es em japon\u00eas para uso em aula"},"content":{"rendered":"<p>&nbsp;<\/p>\n<p><strong>Express\u00f5es em japon\u00eas para uso em aula 00-01<\/strong><\/p>\n<!--[if lt IE 9]><script>document.createElement('audio');<\/script><![endif]-->\n<audio class=\"wp-audio-shortcode\" id=\"audio-19611-1\" preload=\"none\" style=\"width: 100%;\" controls=\"controls\"><source type=\"audio\/mpeg\" src=\"https:\/\/fjsp.org.br\/fjsp\/wp-content\/uploads\/2022\/02\/x-00-01-kyoshitsu1.mp3?_=1\" \/><a href=\"https:\/\/fjsp.org.br\/fjsp\/wp-content\/uploads\/2022\/02\/x-00-01-kyoshitsu1.mp3\">https:\/\/fjsp.org.br\/fjsp\/wp-content\/uploads\/2022\/02\/x-00-01-kyoshitsu1.mp3<\/a><\/audio>\n<p>&nbsp;<\/p>\n<p><strong>Express\u00f5es em japon\u00eas para uso em aula 00-02<\/strong><\/p>\n<audio class=\"wp-audio-shortcode\" id=\"audio-19611-2\" preload=\"none\" style=\"width: 100%;\" controls=\"controls\"><source type=\"audio\/mpeg\" src=\"https:\/\/fjsp.org.br\/fjsp\/wp-content\/uploads\/2022\/02\/x-00-02-kyoshitsu2.mp3?_=2\" \/><a href=\"https:\/\/fjsp.org.br\/fjsp\/wp-content\/uploads\/2022\/02\/x-00-02-kyoshitsu2.mp3\">https:\/\/fjsp.org.br\/fjsp\/wp-content\/uploads\/2022\/02\/x-00-02-kyoshitsu2.mp3<\/a><\/audio>\n<p>&nbsp;<\/p>\n<p><strong>Express\u00f5es em japon\u00eas para uso em aula 00-03<\/strong><\/p>\n<audio class=\"wp-audio-shortcode\" id=\"audio-19611-3\" preload=\"none\" style=\"width: 100%;\" controls=\"controls\"><source type=\"audio\/mpeg\" src=\"https:\/\/fjsp.org.br\/fjsp\/wp-content\/uploads\/2022\/02\/x-00-03-kyoshitsu3.mp3?_=3\" \/><a href=\"https:\/\/fjsp.org.br\/fjsp\/wp-content\/uploads\/2022\/02\/x-00-03-kyoshitsu3.mp3\">https:\/\/fjsp.org.br\/fjsp\/wp-content\/uploads\/2022\/02\/x-00-03-kyoshitsu3.mp3<\/a><\/audio>\n<p>&nbsp;<\/p>\n<p><strong>Express\u00f5es em japon\u00eas para uso em aula 00-04<\/strong><\/p>\n<audio class=\"wp-audio-shortcode\" id=\"audio-19611-4\" preload=\"none\" style=\"width: 100%;\" controls=\"controls\"><source type=\"audio\/mpeg\" src=\"https:\/\/fjsp.org.br\/fjsp\/wp-content\/uploads\/2022\/02\/x-00-04-kyoshitsu4.mp3?_=4\" \/><a href=\"https:\/\/fjsp.org.br\/fjsp\/wp-content\/uploads\/2022\/02\/x-00-04-kyoshitsu4.mp3\">https:\/\/fjsp.org.br\/fjsp\/wp-content\/uploads\/2022\/02\/x-00-04-kyoshitsu4.mp3<\/a><\/audio>\n<p>&nbsp;<\/p>\n<p><strong>Express\u00f5es em japon\u00eas para uso em aula 00-05<\/strong><\/p>\n<audio class=\"wp-audio-shortcode\" id=\"audio-19611-5\" preload=\"none\" style=\"width: 100%;\" controls=\"controls\"><source type=\"audio\/mpeg\" src=\"https:\/\/fjsp.org.br\/fjsp\/wp-content\/uploads\/2022\/02\/x-00-05-kyoshitsu5.mp3?_=5\" \/><a href=\"https:\/\/fjsp.org.br\/fjsp\/wp-content\/uploads\/2022\/02\/x-00-05-kyoshitsu5.mp3\">https:\/\/fjsp.org.br\/fjsp\/wp-content\/uploads\/2022\/02\/x-00-05-kyoshitsu5.mp3<\/a><\/audio>\n<p>&nbsp;<\/p>\n","protected":false},"excerpt":{"rendered":"<p>&nbsp; Express\u00f5es em japon\u00eas para uso em aula 00-01 https:\/\/fjsp.org.br\/fjsp\/wp-content\/uploads\/2022\/02\/x-00-01-kyoshitsu1.mp3 &nbsp; Express\u00f5es em japon\u00eas para uso em aula 00-02 https:\/\/fjsp.org.br\/fjsp\/wp-content\/uploads\/2022\/02\/x-00-02-kyoshitsu2.mp3 &nbsp; Express\u00f5es em japon\u00eas para uso em aula 00-03 https:\/\/fjsp.org.br\/fjsp\/wp-content\/uploads\/2022\/02\/x-00-03-kyoshitsu3.mp3 &nbsp; Express\u00f5es em japon\u00eas para uso em aula 00-04 https:\/\/fjsp.org.br\/fjsp\/wp-content\/uploads\/2022\/02\/x-00-04-kyoshitsu4.mp3 &nbsp; Express\u00f5es em japon\u00eas para uso em aula 00-05 https:\/\/fjsp.org.br\/fjsp\/wp-content\/uploads\/2022\/02\/x-00-05-kyoshitsu5.mp3 &nbsp;<\/p>\n","protected":false},"author":33,"featured_media":0,"parent":0,"menu_order":0,"comment_status":"closed","ping_status":"closed","template":"","meta":{"_acf_changed":false,"footnotes":""},"class_list":["post-19611","page","type-page","status-publish","hentry"],"acf":[],"_links":{"self":[{"href":"https:\/\/fjsp.org.br\/fjsp\/wp-json\/wp\/v2\/pages\/19611","targetHints":{"allow":["GET"]}}],"collection":[{"href":"https:\/\/fjsp.org.br\/fjsp\/wp-json\/wp\/v2\/pages"}],"about":[{"href":"https:\/\/fjsp.org.br\/fjsp\/wp-json\/wp\/v2\/types\/page"}],"author":[{"embeddable":true,"href":"https:\/\/fjsp.org.br\/fjsp\/wp-json\/wp\/v2\/users\/33"}],"replies":[{"embeddable":true,"href":"https:\/\/fjsp.org.br\/fjsp\/wp-json\/wp\/v2\/comments?post=19611"}],"version-history":[{"count":2,"href":"https:\/\/fjsp.org.br\/fjsp\/wp-json\/wp\/v2\/pages\/19611\/revisions"}],"predecessor-version":[{"id":20369,"href":"https:\/\/fjsp.org.br\/fjsp\/wp-json\/wp\/v2\/pages\/19611\/revisions\/20369"}],"wp:attachment":[{"href":"https:\/\/fjsp.org.br\/fjsp\/wp-json\/wp\/v2\/media?parent=19611"}],"curies":[{"name":"wp","href":"https:\/\/api.w.org\/{rel}","templated":true}]}}