{"id":19869,"date":"2022-03-03T05:49:26","date_gmt":"2022-03-03T08:49:26","guid":{"rendered":"https:\/\/fjsp.org.br\/fjsp\/?page_id=19869"},"modified":"2022-03-11T19:52:49","modified_gmt":"2022-03-11T22:52:49","slug":"irodori-audio-introdutorio-licao-05","status":"publish","type":"page","link":"https:\/\/fjsp.org.br\/fjsp\/irodori-audio-introdutorio-licao-05\/","title":{"rendered":"Irodori \u2013 \u00c1udio Introdut\u00f3rio Li\u00e7\u00e3o 05"},"content":{"rendered":"<p><strong>Li\u00e7\u00e3o 05, 05-01<\/strong><\/p>\n<!--[if lt IE 9]><script>document.createElement('audio');<\/script><![endif]-->\n<audio class=\"wp-audio-shortcode\" id=\"audio-19869-1\" preload=\"none\" style=\"width: 100%;\" controls=\"controls\"><source type=\"audio\/mpeg\" src=\"https:\/\/fjsp.org.br\/fjsp\/wp-content\/uploads\/2022\/03\/x-05-01-kiku1.mp3?_=1\" \/><a href=\"https:\/\/fjsp.org.br\/fjsp\/wp-content\/uploads\/2022\/03\/x-05-01-kiku1.mp3\">https:\/\/fjsp.org.br\/fjsp\/wp-content\/uploads\/2022\/03\/x-05-01-kiku1.mp3<\/a><\/audio>\n<p>&nbsp;<\/p>\n<p><strong>Li\u00e7\u00e3o 05, 05-02<\/strong><\/p>\n<audio class=\"wp-audio-shortcode\" id=\"audio-19869-2\" preload=\"none\" style=\"width: 100%;\" controls=\"controls\"><source type=\"audio\/mpeg\" src=\"https:\/\/fjsp.org.br\/fjsp\/wp-content\/uploads\/2022\/03\/x-05-02-kiku2.mp3?_=2\" \/><a href=\"https:\/\/fjsp.org.br\/fjsp\/wp-content\/uploads\/2022\/03\/x-05-02-kiku2.mp3\">https:\/\/fjsp.org.br\/fjsp\/wp-content\/uploads\/2022\/03\/x-05-02-kiku2.mp3<\/a><\/audio>\n<p>&nbsp;<\/p>\n<p><strong>Li\u00e7\u00e3o 05, 05-03<\/strong><\/p>\n<audio class=\"wp-audio-shortcode\" id=\"audio-19869-3\" preload=\"none\" style=\"width: 100%;\" controls=\"controls\"><source type=\"audio\/mpeg\" src=\"https:\/\/fjsp.org.br\/fjsp\/wp-content\/uploads\/2022\/03\/x-05-03-kiku3.mp3?_=3\" \/><a href=\"https:\/\/fjsp.org.br\/fjsp\/wp-content\/uploads\/2022\/03\/x-05-03-kiku3.mp3\">https:\/\/fjsp.org.br\/fjsp\/wp-content\/uploads\/2022\/03\/x-05-03-kiku3.mp3<\/a><\/audio>\n<p>&nbsp;<\/p>\n<p><strong>Li\u00e7\u00e3o 05, 05-04<\/strong><\/p>\n<audio class=\"wp-audio-shortcode\" id=\"audio-19869-4\" preload=\"none\" style=\"width: 100%;\" controls=\"controls\"><source type=\"audio\/mpeg\" src=\"https:\/\/fjsp.org.br\/fjsp\/wp-content\/uploads\/2022\/03\/x-05-04-kiku4.mp3?_=4\" \/><a href=\"https:\/\/fjsp.org.br\/fjsp\/wp-content\/uploads\/2022\/03\/x-05-04-kiku4.mp3\">https:\/\/fjsp.org.br\/fjsp\/wp-content\/uploads\/2022\/03\/x-05-04-kiku4.mp3<\/a><\/audio>\n<p>&nbsp;<\/p>\n<p><strong>Li\u00e7\u00e3o 05, 05-05<\/strong><\/p>\n<audio class=\"wp-audio-shortcode\" id=\"audio-19869-5\" preload=\"none\" style=\"width: 100%;\" controls=\"controls\"><source type=\"audio\/mpeg\" src=\"https:\/\/fjsp.org.br\/fjsp\/wp-content\/uploads\/2022\/03\/x-05-05-katachi.mp3?_=5\" \/><a href=\"https:\/\/fjsp.org.br\/fjsp\/wp-content\/uploads\/2022\/03\/x-05-05-katachi.mp3\">https:\/\/fjsp.org.br\/fjsp\/wp-content\/uploads\/2022\/03\/x-05-05-katachi.mp3<\/a><\/audio>\n<p>&nbsp;<\/p>\n<p><strong>Li\u00e7\u00e3o 05, 05-06<\/strong><\/p>\n<audio class=\"wp-audio-shortcode\" id=\"audio-19869-6\" preload=\"none\" style=\"width: 100%;\" controls=\"controls\"><source type=\"audio\/mpeg\" src=\"https:\/\/fjsp.org.br\/fjsp\/wp-content\/uploads\/2022\/03\/x-05-06-hanasu1.mp3?_=6\" \/><a href=\"https:\/\/fjsp.org.br\/fjsp\/wp-content\/uploads\/2022\/03\/x-05-06-hanasu1.mp3\">https:\/\/fjsp.org.br\/fjsp\/wp-content\/uploads\/2022\/03\/x-05-06-hanasu1.mp3<\/a><\/audio>\n<p>&nbsp;<\/p>\n<p><strong>Li\u00e7\u00e3o 05, 05-07<\/strong><\/p>\n<audio class=\"wp-audio-shortcode\" id=\"audio-19869-7\" preload=\"none\" style=\"width: 100%;\" controls=\"controls\"><source type=\"audio\/mpeg\" src=\"https:\/\/fjsp.org.br\/fjsp\/wp-content\/uploads\/2022\/03\/x-05-07-hanasu2.mp3?_=7\" \/><a href=\"https:\/\/fjsp.org.br\/fjsp\/wp-content\/uploads\/2022\/03\/x-05-07-hanasu2.mp3\">https:\/\/fjsp.org.br\/fjsp\/wp-content\/uploads\/2022\/03\/x-05-07-hanasu2.mp3<\/a><\/audio>\n<p>&nbsp;<\/p>\n<p><strong>Li\u00e7\u00e3o 05, 05-08<\/strong><\/p>\n<audio class=\"wp-audio-shortcode\" id=\"audio-19869-8\" preload=\"none\" style=\"width: 100%;\" controls=\"controls\"><source type=\"audio\/mpeg\" src=\"https:\/\/fjsp.org.br\/fjsp\/wp-content\/uploads\/2022\/03\/x-05-08-hanasu3.mp3?_=8\" \/><a href=\"https:\/\/fjsp.org.br\/fjsp\/wp-content\/uploads\/2022\/03\/x-05-08-hanasu3.mp3\">https:\/\/fjsp.org.br\/fjsp\/wp-content\/uploads\/2022\/03\/x-05-08-hanasu3.mp3<\/a><\/audio>\n<p>&nbsp;<\/p>\n<p><strong>Li\u00e7\u00e3o 05, 05-09<\/strong><\/p>\n<audio class=\"wp-audio-shortcode\" id=\"audio-19869-9\" preload=\"none\" style=\"width: 100%;\" controls=\"controls\"><source type=\"audio\/mpeg\" src=\"https:\/\/fjsp.org.br\/fjsp\/wp-content\/uploads\/2022\/03\/x-05-09-kotoba1.mp3?_=9\" \/><a href=\"https:\/\/fjsp.org.br\/fjsp\/wp-content\/uploads\/2022\/03\/x-05-09-kotoba1.mp3\">https:\/\/fjsp.org.br\/fjsp\/wp-content\/uploads\/2022\/03\/x-05-09-kotoba1.mp3<\/a><\/audio>\n<p>&nbsp;<\/p>\n<p><strong>Li\u00e7\u00e3o 05, 05-10<\/strong><\/p>\n<audio class=\"wp-audio-shortcode\" id=\"audio-19869-10\" preload=\"none\" style=\"width: 100%;\" controls=\"controls\"><source type=\"audio\/mpeg\" src=\"https:\/\/fjsp.org.br\/fjsp\/wp-content\/uploads\/2022\/03\/x-05-10-kotoba2.mp3?_=10\" \/><a href=\"https:\/\/fjsp.org.br\/fjsp\/wp-content\/uploads\/2022\/03\/x-05-10-kotoba2.mp3\">https:\/\/fjsp.org.br\/fjsp\/wp-content\/uploads\/2022\/03\/x-05-10-kotoba2.mp3<\/a><\/audio>\n<p>&nbsp;<\/p>\n<p><strong>Li\u00e7\u00e3o 05, 05-11<\/strong><\/p>\n<audio class=\"wp-audio-shortcode\" id=\"audio-19869-11\" preload=\"none\" style=\"width: 100%;\" controls=\"controls\"><source type=\"audio\/mpeg\" src=\"https:\/\/fjsp.org.br\/fjsp\/wp-content\/uploads\/2022\/03\/x-05-11-kiku1.mp3?_=11\" \/><a href=\"https:\/\/fjsp.org.br\/fjsp\/wp-content\/uploads\/2022\/03\/x-05-11-kiku1.mp3\">https:\/\/fjsp.org.br\/fjsp\/wp-content\/uploads\/2022\/03\/x-05-11-kiku1.mp3<\/a><\/audio>\n<p>&nbsp;<\/p>\n<p><strong>Li\u00e7\u00e3o 05, 05-12<\/strong><\/p>\n<audio class=\"wp-audio-shortcode\" id=\"audio-19869-12\" preload=\"none\" style=\"width: 100%;\" controls=\"controls\"><source type=\"audio\/mpeg\" src=\"https:\/\/fjsp.org.br\/fjsp\/wp-content\/uploads\/2022\/03\/x-05-12-kiku2.mp3?_=12\" \/><a href=\"https:\/\/fjsp.org.br\/fjsp\/wp-content\/uploads\/2022\/03\/x-05-12-kiku2.mp3\">https:\/\/fjsp.org.br\/fjsp\/wp-content\/uploads\/2022\/03\/x-05-12-kiku2.mp3<\/a><\/audio>\n<p>&nbsp;<\/p>\n<p><strong>Li\u00e7\u00e3o 05, 05-13<\/strong><\/p>\n<audio class=\"wp-audio-shortcode\" id=\"audio-19869-13\" preload=\"none\" style=\"width: 100%;\" controls=\"controls\"><source type=\"audio\/mpeg\" src=\"https:\/\/fjsp.org.br\/fjsp\/wp-content\/uploads\/2022\/03\/x-05-13-kiku3.mp3?_=13\" \/><a href=\"https:\/\/fjsp.org.br\/fjsp\/wp-content\/uploads\/2022\/03\/x-05-13-kiku3.mp3\">https:\/\/fjsp.org.br\/fjsp\/wp-content\/uploads\/2022\/03\/x-05-13-kiku3.mp3<\/a><\/audio>\n<p>&nbsp;<\/p>\n<p><strong>Li\u00e7\u00e3o 05, 05-14<\/strong><\/p>\n<audio class=\"wp-audio-shortcode\" id=\"audio-19869-14\" preload=\"none\" style=\"width: 100%;\" controls=\"controls\"><source type=\"audio\/mpeg\" src=\"https:\/\/fjsp.org.br\/fjsp\/wp-content\/uploads\/2022\/03\/x-05-14-kiku4.mp3?_=14\" \/><a href=\"https:\/\/fjsp.org.br\/fjsp\/wp-content\/uploads\/2022\/03\/x-05-14-kiku4.mp3\">https:\/\/fjsp.org.br\/fjsp\/wp-content\/uploads\/2022\/03\/x-05-14-kiku4.mp3<\/a><\/audio>\n<p>&nbsp;<\/p>\n<p><strong>Li\u00e7\u00e3o 05, 05-15<\/strong><\/p>\n<audio class=\"wp-audio-shortcode\" id=\"audio-19869-15\" preload=\"none\" style=\"width: 100%;\" controls=\"controls\"><source type=\"audio\/mpeg\" src=\"https:\/\/fjsp.org.br\/fjsp\/wp-content\/uploads\/2022\/03\/x-05-15-katachi.mp3?_=15\" \/><a href=\"https:\/\/fjsp.org.br\/fjsp\/wp-content\/uploads\/2022\/03\/x-05-15-katachi.mp3\">https:\/\/fjsp.org.br\/fjsp\/wp-content\/uploads\/2022\/03\/x-05-15-katachi.mp3<\/a><\/audio>\n<p>&nbsp;<\/p>\n<p><strong>Li\u00e7\u00e3o 05, 05-16<\/strong><\/p>\n<audio class=\"wp-audio-shortcode\" id=\"audio-19869-16\" preload=\"none\" style=\"width: 100%;\" controls=\"controls\"><source type=\"audio\/mpeg\" src=\"https:\/\/fjsp.org.br\/fjsp\/wp-content\/uploads\/2022\/03\/x-05-16-hanasu1.mp3?_=16\" \/><a href=\"https:\/\/fjsp.org.br\/fjsp\/wp-content\/uploads\/2022\/03\/x-05-16-hanasu1.mp3\">https:\/\/fjsp.org.br\/fjsp\/wp-content\/uploads\/2022\/03\/x-05-16-hanasu1.mp3<\/a><\/audio>\n<p>&nbsp;<\/p>\n<p><strong>Li\u00e7\u00e3o 05, 05-17<\/strong><\/p>\n<audio class=\"wp-audio-shortcode\" id=\"audio-19869-17\" preload=\"none\" style=\"width: 100%;\" controls=\"controls\"><source type=\"audio\/mpeg\" src=\"https:\/\/fjsp.org.br\/fjsp\/wp-content\/uploads\/2022\/03\/x-05-17-hanasu2.mp3?_=17\" \/><a href=\"https:\/\/fjsp.org.br\/fjsp\/wp-content\/uploads\/2022\/03\/x-05-17-hanasu2.mp3\">https:\/\/fjsp.org.br\/fjsp\/wp-content\/uploads\/2022\/03\/x-05-17-hanasu2.mp3<\/a><\/audio>\n<p>&nbsp;<\/p>\n<p><strong>Li\u00e7\u00e3o 05, 05-18<\/strong><\/p>\n<audio class=\"wp-audio-shortcode\" id=\"audio-19869-18\" preload=\"none\" style=\"width: 100%;\" controls=\"controls\"><source type=\"audio\/mpeg\" src=\"https:\/\/fjsp.org.br\/fjsp\/wp-content\/uploads\/2022\/03\/x-05-18-kotoba1.mp3?_=18\" \/><a href=\"https:\/\/fjsp.org.br\/fjsp\/wp-content\/uploads\/2022\/03\/x-05-18-kotoba1.mp3\">https:\/\/fjsp.org.br\/fjsp\/wp-content\/uploads\/2022\/03\/x-05-18-kotoba1.mp3<\/a><\/audio>\n<p>&nbsp;<\/p>\n<p><strong>Li\u00e7\u00e3o 05, 05-19<\/strong><\/p>\n<audio class=\"wp-audio-shortcode\" id=\"audio-19869-19\" preload=\"none\" style=\"width: 100%;\" controls=\"controls\"><source type=\"audio\/mpeg\" src=\"https:\/\/fjsp.org.br\/fjsp\/wp-content\/uploads\/2022\/03\/x-05-19-kotoba2.mp3?_=19\" \/><a href=\"https:\/\/fjsp.org.br\/fjsp\/wp-content\/uploads\/2022\/03\/x-05-19-kotoba2.mp3\">https:\/\/fjsp.org.br\/fjsp\/wp-content\/uploads\/2022\/03\/x-05-19-kotoba2.mp3<\/a><\/audio>\n<p>&nbsp;<\/p>\n<p><strong>Li\u00e7\u00e3o 05, 05-20<\/strong><\/p>\n<audio class=\"wp-audio-shortcode\" id=\"audio-19869-20\" preload=\"none\" style=\"width: 100%;\" controls=\"controls\"><source type=\"audio\/mpeg\" src=\"https:\/\/fjsp.org.br\/fjsp\/wp-content\/uploads\/2022\/03\/x-05-20-kiku1.mp3?_=20\" \/><a href=\"https:\/\/fjsp.org.br\/fjsp\/wp-content\/uploads\/2022\/03\/x-05-20-kiku1.mp3\">https:\/\/fjsp.org.br\/fjsp\/wp-content\/uploads\/2022\/03\/x-05-20-kiku1.mp3<\/a><\/audio>\n<p>&nbsp;<\/p>\n<p><strong>Li\u00e7\u00e3o 05, 05-21<\/strong><\/p>\n<audio class=\"wp-audio-shortcode\" id=\"audio-19869-21\" preload=\"none\" style=\"width: 100%;\" controls=\"controls\"><source type=\"audio\/mpeg\" src=\"https:\/\/fjsp.org.br\/fjsp\/wp-content\/uploads\/2022\/03\/x-05-21-kiku2.mp3?_=21\" \/><a href=\"https:\/\/fjsp.org.br\/fjsp\/wp-content\/uploads\/2022\/03\/x-05-21-kiku2.mp3\">https:\/\/fjsp.org.br\/fjsp\/wp-content\/uploads\/2022\/03\/x-05-21-kiku2.mp3<\/a><\/audio>\n<p>&nbsp;<\/p>\n<p><strong>Li\u00e7\u00e3o 05, 05-22<\/strong><\/p>\n<audio class=\"wp-audio-shortcode\" id=\"audio-19869-22\" preload=\"none\" style=\"width: 100%;\" controls=\"controls\"><source type=\"audio\/mpeg\" src=\"https:\/\/fjsp.org.br\/fjsp\/wp-content\/uploads\/2022\/03\/x-05-22-kiku3.mp3?_=22\" \/><a href=\"https:\/\/fjsp.org.br\/fjsp\/wp-content\/uploads\/2022\/03\/x-05-22-kiku3.mp3\">https:\/\/fjsp.org.br\/fjsp\/wp-content\/uploads\/2022\/03\/x-05-22-kiku3.mp3<\/a><\/audio>\n<p>&nbsp;<\/p>\n<p><strong>Li\u00e7\u00e3o 05, 05-23<\/strong><\/p>\n<audio class=\"wp-audio-shortcode\" id=\"audio-19869-23\" preload=\"none\" style=\"width: 100%;\" controls=\"controls\"><source type=\"audio\/mpeg\" src=\"https:\/\/fjsp.org.br\/fjsp\/wp-content\/uploads\/2022\/03\/x-05-23-kiku4.mp3?_=23\" \/><a href=\"https:\/\/fjsp.org.br\/fjsp\/wp-content\/uploads\/2022\/03\/x-05-23-kiku4.mp3\">https:\/\/fjsp.org.br\/fjsp\/wp-content\/uploads\/2022\/03\/x-05-23-kiku4.mp3<\/a><\/audio>\n<p>&nbsp;<\/p>\n<p><strong>Li\u00e7\u00e3o 05, 05-24<\/strong><\/p>\n<audio class=\"wp-audio-shortcode\" id=\"audio-19869-24\" preload=\"none\" style=\"width: 100%;\" controls=\"controls\"><source type=\"audio\/mpeg\" src=\"https:\/\/fjsp.org.br\/fjsp\/wp-content\/uploads\/2022\/03\/x-05-24-katachi1.mp3?_=24\" \/><a href=\"https:\/\/fjsp.org.br\/fjsp\/wp-content\/uploads\/2022\/03\/x-05-24-katachi1.mp3\">https:\/\/fjsp.org.br\/fjsp\/wp-content\/uploads\/2022\/03\/x-05-24-katachi1.mp3<\/a><\/audio>\n<p>&nbsp;<\/p>\n<p><strong>Li\u00e7\u00e3o 05, 05-25<\/strong><\/p>\n<audio class=\"wp-audio-shortcode\" id=\"audio-19869-25\" preload=\"none\" style=\"width: 100%;\" controls=\"controls\"><source type=\"audio\/mpeg\" src=\"https:\/\/fjsp.org.br\/fjsp\/wp-content\/uploads\/2022\/03\/x-05-25-katachi2.mp3?_=25\" \/><a href=\"https:\/\/fjsp.org.br\/fjsp\/wp-content\/uploads\/2022\/03\/x-05-25-katachi2.mp3\">https:\/\/fjsp.org.br\/fjsp\/wp-content\/uploads\/2022\/03\/x-05-25-katachi2.mp3<\/a><\/audio>\n<p>&nbsp;<\/p>\n<p><strong>Li\u00e7\u00e3o 05, 05-26<\/strong><\/p>\n<audio class=\"wp-audio-shortcode\" id=\"audio-19869-26\" preload=\"none\" style=\"width: 100%;\" controls=\"controls\"><source type=\"audio\/mpeg\" src=\"https:\/\/fjsp.org.br\/fjsp\/wp-content\/uploads\/2022\/03\/x-05-26-katachi3.mp3?_=26\" \/><a href=\"https:\/\/fjsp.org.br\/fjsp\/wp-content\/uploads\/2022\/03\/x-05-26-katachi3.mp3\">https:\/\/fjsp.org.br\/fjsp\/wp-content\/uploads\/2022\/03\/x-05-26-katachi3.mp3<\/a><\/audio>\n<p>&nbsp;<\/p>\n<p><strong>Li\u00e7\u00e3o 05, 05-27<\/strong><\/p>\n<audio class=\"wp-audio-shortcode\" id=\"audio-19869-27\" preload=\"none\" style=\"width: 100%;\" controls=\"controls\"><source type=\"audio\/mpeg\" src=\"https:\/\/fjsp.org.br\/fjsp\/wp-content\/uploads\/2022\/03\/x-05-27-hanasu1-1.mp3?_=27\" \/><a href=\"https:\/\/fjsp.org.br\/fjsp\/wp-content\/uploads\/2022\/03\/x-05-27-hanasu1-1.mp3\">https:\/\/fjsp.org.br\/fjsp\/wp-content\/uploads\/2022\/03\/x-05-27-hanasu1-1.mp3<\/a><\/audio>\n<p>&nbsp;<\/p>\n<p><strong>Li\u00e7\u00e3o 05, 05-28<\/strong><\/p>\n<audio class=\"wp-audio-shortcode\" id=\"audio-19869-28\" preload=\"none\" style=\"width: 100%;\" controls=\"controls\"><source type=\"audio\/mpeg\" src=\"https:\/\/fjsp.org.br\/fjsp\/wp-content\/uploads\/2022\/03\/x-05-28-hanasu1-2.mp3?_=28\" \/><a href=\"https:\/\/fjsp.org.br\/fjsp\/wp-content\/uploads\/2022\/03\/x-05-28-hanasu1-2.mp3\">https:\/\/fjsp.org.br\/fjsp\/wp-content\/uploads\/2022\/03\/x-05-28-hanasu1-2.mp3<\/a><\/audio>\n<p>&nbsp;<\/p>\n<p><strong>Li\u00e7\u00e3o 05, 05-29<\/strong><\/p>\n<audio class=\"wp-audio-shortcode\" id=\"audio-19869-29\" preload=\"none\" style=\"width: 100%;\" controls=\"controls\"><source type=\"audio\/mpeg\" src=\"https:\/\/fjsp.org.br\/fjsp\/wp-content\/uploads\/2022\/03\/x-05-29-hanasu2.mp3?_=29\" \/><a href=\"https:\/\/fjsp.org.br\/fjsp\/wp-content\/uploads\/2022\/03\/x-05-29-hanasu2.mp3\">https:\/\/fjsp.org.br\/fjsp\/wp-content\/uploads\/2022\/03\/x-05-29-hanasu2.mp3<\/a><\/audio>\n<p>&nbsp;<\/p>\n<p><strong>Li\u00e7\u00e3o 05, 05-30<\/strong><\/p>\n<audio class=\"wp-audio-shortcode\" id=\"audio-19869-30\" preload=\"none\" style=\"width: 100%;\" controls=\"controls\"><source type=\"audio\/mpeg\" src=\"https:\/\/fjsp.org.br\/fjsp\/wp-content\/uploads\/2022\/03\/x-05-30-kotoba1.mp3?_=30\" \/><a href=\"https:\/\/fjsp.org.br\/fjsp\/wp-content\/uploads\/2022\/03\/x-05-30-kotoba1.mp3\">https:\/\/fjsp.org.br\/fjsp\/wp-content\/uploads\/2022\/03\/x-05-30-kotoba1.mp3<\/a><\/audio>\n<p>&nbsp;<\/p>\n<p><strong>Li\u00e7\u00e3o 05, 05-31<\/strong><\/p>\n<audio class=\"wp-audio-shortcode\" id=\"audio-19869-31\" preload=\"none\" style=\"width: 100%;\" controls=\"controls\"><source type=\"audio\/mpeg\" src=\"https:\/\/fjsp.org.br\/fjsp\/wp-content\/uploads\/2022\/03\/x-05-31-kotoba2.mp3?_=31\" \/><a href=\"https:\/\/fjsp.org.br\/fjsp\/wp-content\/uploads\/2022\/03\/x-05-31-kotoba2.mp3\">https:\/\/fjsp.org.br\/fjsp\/wp-content\/uploads\/2022\/03\/x-05-31-kotoba2.mp3<\/a><\/audio>\n<p>&nbsp;<\/p>\n<p><strong>Li\u00e7\u00e3o 05, 05-32<\/strong><\/p>\n<audio class=\"wp-audio-shortcode\" id=\"audio-19869-32\" preload=\"none\" style=\"width: 100%;\" controls=\"controls\"><source type=\"audio\/mpeg\" src=\"https:\/\/fjsp.org.br\/fjsp\/wp-content\/uploads\/2022\/03\/x-05-32-kaiwa.mp3?_=32\" \/><a href=\"https:\/\/fjsp.org.br\/fjsp\/wp-content\/uploads\/2022\/03\/x-05-32-kaiwa.mp3\">https:\/\/fjsp.org.br\/fjsp\/wp-content\/uploads\/2022\/03\/x-05-32-kaiwa.mp3<\/a><\/audio>\n<p>&nbsp;<\/p>\n<p><strong>Li\u00e7\u00e3o 05, 05-33<\/strong><\/p>\n<audio class=\"wp-audio-shortcode\" id=\"audio-19869-33\" preload=\"none\" style=\"width: 100%;\" controls=\"controls\"><source type=\"audio\/mpeg\" src=\"https:\/\/fjsp.org.br\/fjsp\/wp-content\/uploads\/2022\/03\/x-05-33-katachi1.mp3?_=33\" \/><a href=\"https:\/\/fjsp.org.br\/fjsp\/wp-content\/uploads\/2022\/03\/x-05-33-katachi1.mp3\">https:\/\/fjsp.org.br\/fjsp\/wp-content\/uploads\/2022\/03\/x-05-33-katachi1.mp3<\/a><\/audio>\n<p>&nbsp;<\/p>\n<p><strong>Li\u00e7\u00e3o\u00a005, 05-34<\/strong><\/p>\n<audio class=\"wp-audio-shortcode\" id=\"audio-19869-34\" preload=\"none\" style=\"width: 100%;\" controls=\"controls\"><source type=\"audio\/mpeg\" src=\"https:\/\/fjsp.org.br\/fjsp\/wp-content\/uploads\/2022\/03\/x-05-34-katachi2.mp3?_=34\" \/><a href=\"https:\/\/fjsp.org.br\/fjsp\/wp-content\/uploads\/2022\/03\/x-05-34-katachi2.mp3\">https:\/\/fjsp.org.br\/fjsp\/wp-content\/uploads\/2022\/03\/x-05-34-katachi2.mp3<\/a><\/audio>\n<p>&nbsp;<\/p>\n<p><strong>Li\u00e7\u00e3o 05, 05-35<\/strong><\/p>\n<audio class=\"wp-audio-shortcode\" id=\"audio-19869-35\" preload=\"none\" style=\"width: 100%;\" controls=\"controls\"><source type=\"audio\/mpeg\" src=\"https:\/\/fjsp.org.br\/fjsp\/wp-content\/uploads\/2022\/03\/x-05-35-hanasu.mp3?_=35\" \/><a href=\"https:\/\/fjsp.org.br\/fjsp\/wp-content\/uploads\/2022\/03\/x-05-35-hanasu.mp3\">https:\/\/fjsp.org.br\/fjsp\/wp-content\/uploads\/2022\/03\/x-05-35-hanasu.mp3<\/a><\/audio>\n<p>&nbsp;<\/p>\n","protected":false},"excerpt":{"rendered":"<p>Li\u00e7\u00e3o 05, 05-01 &nbsp; Li\u00e7\u00e3o 05, 05-02 &nbsp; Li\u00e7\u00e3o 05, 05-03 &nbsp; Li\u00e7\u00e3o 05, 05-04 &nbsp; Li\u00e7\u00e3o 05, 05-05 &nbsp; Li\u00e7\u00e3o 05, 05-06 &nbsp; Li\u00e7\u00e3o 05, 05-07 &nbsp; Li\u00e7\u00e3o 05, 05-08 &nbsp; Li\u00e7\u00e3o 05, 05-09 &nbsp; Li\u00e7\u00e3o 05, 05-10 &nbsp; Li\u00e7\u00e3o 05, 05-11 &nbsp; Li\u00e7\u00e3o 05, 05-12 &nbsp; Li\u00e7\u00e3o 05, 05-13 &nbsp; Li\u00e7\u00e3o 05, 05-14 [&hellip;]<\/p>\n","protected":false},"author":33,"featured_media":0,"parent":0,"menu_order":0,"comment_status":"closed","ping_status":"closed","template":"","meta":{"_acf_changed":false,"footnotes":""},"class_list":["post-19869","page","type-page","status-publish","hentry"],"acf":[],"_links":{"self":[{"href":"https:\/\/fjsp.org.br\/fjsp\/wp-json\/wp\/v2\/pages\/19869","targetHints":{"allow":["GET"]}}],"collection":[{"href":"https:\/\/fjsp.org.br\/fjsp\/wp-json\/wp\/v2\/pages"}],"about":[{"href":"https:\/\/fjsp.org.br\/fjsp\/wp-json\/wp\/v2\/types\/page"}],"author":[{"embeddable":true,"href":"https:\/\/fjsp.org.br\/fjsp\/wp-json\/wp\/v2\/users\/33"}],"replies":[{"embeddable":true,"href":"https:\/\/fjsp.org.br\/fjsp\/wp-json\/wp\/v2\/comments?post=19869"}],"version-history":[{"count":2,"href":"https:\/\/fjsp.org.br\/fjsp\/wp-json\/wp\/v2\/pages\/19869\/revisions"}],"predecessor-version":[{"id":20362,"href":"https:\/\/fjsp.org.br\/fjsp\/wp-json\/wp\/v2\/pages\/19869\/revisions\/20362"}],"wp:attachment":[{"href":"https:\/\/fjsp.org.br\/fjsp\/wp-json\/wp\/v2\/media?parent=19869"}],"curies":[{"name":"wp","href":"https:\/\/api.w.org\/{rel}","templated":true}]}}