{"id":19931,"date":"2022-03-03T05:45:47","date_gmt":"2022-03-03T08:45:47","guid":{"rendered":"https:\/\/fjsp.org.br\/fjsp\/?page_id=19931"},"modified":"2022-03-11T19:55:38","modified_gmt":"2022-03-11T22:55:38","slug":"irodori-audio-introdutorio-licao-09","status":"publish","type":"page","link":"https:\/\/fjsp.org.br\/fjsp\/irodori-audio-introdutorio-licao-09\/","title":{"rendered":"Irodori \u2013 \u00c1udio Introdut\u00f3rio Li\u00e7\u00e3o 09"},"content":{"rendered":"<p><strong>Li\u00e7\u00e3o 09, 09-01<\/strong><\/p>\n<!--[if lt IE 9]><script>document.createElement('audio');<\/script><![endif]-->\n<audio class=\"wp-audio-shortcode\" id=\"audio-19931-1\" preload=\"none\" style=\"width: 100%;\" controls=\"controls\"><source type=\"audio\/mpeg\" src=\"https:\/\/fjsp.org.br\/fjsp\/wp-content\/uploads\/2022\/03\/x-09-01-kotoba1.mp3?_=1\" \/><a href=\"https:\/\/fjsp.org.br\/fjsp\/wp-content\/uploads\/2022\/03\/x-09-01-kotoba1.mp3\">https:\/\/fjsp.org.br\/fjsp\/wp-content\/uploads\/2022\/03\/x-09-01-kotoba1.mp3<\/a><\/audio>\n<p>&nbsp;<\/p>\n<p><strong>Li\u00e7\u00e3o 09, 09-02<\/strong><\/p>\n<audio class=\"wp-audio-shortcode\" id=\"audio-19931-2\" preload=\"none\" style=\"width: 100%;\" controls=\"controls\"><source type=\"audio\/mpeg\" src=\"https:\/\/fjsp.org.br\/fjsp\/wp-content\/uploads\/2022\/03\/x-09-02-kotoba2.mp3?_=2\" \/><a href=\"https:\/\/fjsp.org.br\/fjsp\/wp-content\/uploads\/2022\/03\/x-09-02-kotoba2.mp3\">https:\/\/fjsp.org.br\/fjsp\/wp-content\/uploads\/2022\/03\/x-09-02-kotoba2.mp3<\/a><\/audio>\n<p>&nbsp;<\/p>\n<p><strong>Li\u00e7\u00e3o 09, 09-03<\/strong><\/p>\n<audio class=\"wp-audio-shortcode\" id=\"audio-19931-3\" preload=\"none\" style=\"width: 100%;\" controls=\"controls\"><source type=\"audio\/mpeg\" src=\"https:\/\/fjsp.org.br\/fjsp\/wp-content\/uploads\/2022\/03\/x-09-03-kiku1.mp3?_=3\" \/><a href=\"https:\/\/fjsp.org.br\/fjsp\/wp-content\/uploads\/2022\/03\/x-09-03-kiku1.mp3\">https:\/\/fjsp.org.br\/fjsp\/wp-content\/uploads\/2022\/03\/x-09-03-kiku1.mp3<\/a><\/audio>\n<p>&nbsp;<\/p>\n<p><strong>Li\u00e7\u00e3o 09, 09-04<\/strong><\/p>\n<audio class=\"wp-audio-shortcode\" id=\"audio-19931-4\" preload=\"none\" style=\"width: 100%;\" controls=\"controls\"><source type=\"audio\/mpeg\" src=\"https:\/\/fjsp.org.br\/fjsp\/wp-content\/uploads\/2022\/03\/x-09-04-kiku2.mp3?_=4\" \/><a href=\"https:\/\/fjsp.org.br\/fjsp\/wp-content\/uploads\/2022\/03\/x-09-04-kiku2.mp3\">https:\/\/fjsp.org.br\/fjsp\/wp-content\/uploads\/2022\/03\/x-09-04-kiku2.mp3<\/a><\/audio>\n<p>&nbsp;<\/p>\n<p><strong>Li\u00e7\u00e3o 09, 09-05<\/strong><\/p>\n<audio class=\"wp-audio-shortcode\" id=\"audio-19931-5\" preload=\"none\" style=\"width: 100%;\" controls=\"controls\"><source type=\"audio\/mpeg\" src=\"https:\/\/fjsp.org.br\/fjsp\/wp-content\/uploads\/2022\/03\/x-09-05-kiku3.mp3?_=5\" \/><a href=\"https:\/\/fjsp.org.br\/fjsp\/wp-content\/uploads\/2022\/03\/x-09-05-kiku3.mp3\">https:\/\/fjsp.org.br\/fjsp\/wp-content\/uploads\/2022\/03\/x-09-05-kiku3.mp3<\/a><\/audio>\n<p>&nbsp;<\/p>\n<p><strong>Li\u00e7\u00e3o 09, 09-06<\/strong><\/p>\n<audio class=\"wp-audio-shortcode\" id=\"audio-19931-6\" preload=\"none\" style=\"width: 100%;\" controls=\"controls\"><source type=\"audio\/mpeg\" src=\"https:\/\/fjsp.org.br\/fjsp\/wp-content\/uploads\/2022\/03\/x-09-06-katachi.mp3?_=6\" \/><a href=\"https:\/\/fjsp.org.br\/fjsp\/wp-content\/uploads\/2022\/03\/x-09-06-katachi.mp3\">https:\/\/fjsp.org.br\/fjsp\/wp-content\/uploads\/2022\/03\/x-09-06-katachi.mp3<\/a><\/audio>\n<p>&nbsp;<\/p>\n<p><strong>Li\u00e7\u00e3o 09, 09-07<\/strong><\/p>\n<audio class=\"wp-audio-shortcode\" id=\"audio-19931-7\" preload=\"none\" style=\"width: 100%;\" controls=\"controls\"><source type=\"audio\/mpeg\" src=\"https:\/\/fjsp.org.br\/fjsp\/wp-content\/uploads\/2022\/03\/x-09-07-hanasu1.mp3?_=7\" \/><a href=\"https:\/\/fjsp.org.br\/fjsp\/wp-content\/uploads\/2022\/03\/x-09-07-hanasu1.mp3\">https:\/\/fjsp.org.br\/fjsp\/wp-content\/uploads\/2022\/03\/x-09-07-hanasu1.mp3<\/a><\/audio>\n<p>&nbsp;<\/p>\n<p><strong>Li\u00e7\u00e3o 09, 09-08<\/strong><\/p>\n<audio class=\"wp-audio-shortcode\" id=\"audio-19931-8\" preload=\"none\" style=\"width: 100%;\" controls=\"controls\"><source type=\"audio\/mpeg\" src=\"https:\/\/fjsp.org.br\/fjsp\/wp-content\/uploads\/2022\/03\/x-09-08-hanasu2.mp3?_=8\" \/><a href=\"https:\/\/fjsp.org.br\/fjsp\/wp-content\/uploads\/2022\/03\/x-09-08-hanasu2.mp3\">https:\/\/fjsp.org.br\/fjsp\/wp-content\/uploads\/2022\/03\/x-09-08-hanasu2.mp3<\/a><\/audio>\n<p>&nbsp;<\/p>\n<p><strong>Li\u00e7\u00e3o 09, 09-09<\/strong><\/p>\n<audio class=\"wp-audio-shortcode\" id=\"audio-19931-9\" preload=\"none\" style=\"width: 100%;\" controls=\"controls\"><source type=\"audio\/mpeg\" src=\"https:\/\/fjsp.org.br\/fjsp\/wp-content\/uploads\/2022\/03\/x-09-09-kiku.mp3?_=9\" \/><a href=\"https:\/\/fjsp.org.br\/fjsp\/wp-content\/uploads\/2022\/03\/x-09-09-kiku.mp3\">https:\/\/fjsp.org.br\/fjsp\/wp-content\/uploads\/2022\/03\/x-09-09-kiku.mp3<\/a><\/audio>\n<p>&nbsp;<\/p>\n<p><strong>Li\u00e7\u00e3o 09, 09-10<\/strong><\/p>\n<audio class=\"wp-audio-shortcode\" id=\"audio-19931-10\" preload=\"none\" style=\"width: 100%;\" controls=\"controls\"><source type=\"audio\/mpeg\" src=\"https:\/\/fjsp.org.br\/fjsp\/wp-content\/uploads\/2022\/03\/x-09-10-katachi.mp3?_=10\" \/><a href=\"https:\/\/fjsp.org.br\/fjsp\/wp-content\/uploads\/2022\/03\/x-09-10-katachi.mp3\">https:\/\/fjsp.org.br\/fjsp\/wp-content\/uploads\/2022\/03\/x-09-10-katachi.mp3<\/a><\/audio>\n<p>&nbsp;<\/p>\n<p><strong>Li\u00e7\u00e3o 09, 09-11<\/strong><\/p>\n<audio class=\"wp-audio-shortcode\" id=\"audio-19931-11\" preload=\"none\" style=\"width: 100%;\" controls=\"controls\"><source type=\"audio\/mpeg\" src=\"https:\/\/fjsp.org.br\/fjsp\/wp-content\/uploads\/2022\/03\/x-09-11-kotoba1.mp3?_=11\" \/><a href=\"https:\/\/fjsp.org.br\/fjsp\/wp-content\/uploads\/2022\/03\/x-09-11-kotoba1.mp3\">https:\/\/fjsp.org.br\/fjsp\/wp-content\/uploads\/2022\/03\/x-09-11-kotoba1.mp3<\/a><\/audio>\n<p>&nbsp;<\/p>\n<p><strong>Li\u00e7\u00e3o 09, 09-12<\/strong><\/p>\n<audio class=\"wp-audio-shortcode\" id=\"audio-19931-12\" preload=\"none\" style=\"width: 100%;\" controls=\"controls\"><source type=\"audio\/mpeg\" src=\"https:\/\/fjsp.org.br\/fjsp\/wp-content\/uploads\/2022\/03\/x-09-12-kotoba2.mp3?_=12\" \/><a href=\"https:\/\/fjsp.org.br\/fjsp\/wp-content\/uploads\/2022\/03\/x-09-12-kotoba2.mp3\">https:\/\/fjsp.org.br\/fjsp\/wp-content\/uploads\/2022\/03\/x-09-12-kotoba2.mp3<\/a><\/audio>\n<p>&nbsp;<\/p>\n<p><strong>Li\u00e7\u00e3o 09, 09-<\/strong><strong>1<\/strong><strong>3<\/strong><\/p>\n<audio class=\"wp-audio-shortcode\" id=\"audio-19931-13\" preload=\"none\" style=\"width: 100%;\" controls=\"controls\"><source type=\"audio\/mpeg\" src=\"https:\/\/fjsp.org.br\/fjsp\/wp-content\/uploads\/2022\/03\/x-09-13-kiku1.mp3?_=13\" \/><a href=\"https:\/\/fjsp.org.br\/fjsp\/wp-content\/uploads\/2022\/03\/x-09-13-kiku1.mp3\">https:\/\/fjsp.org.br\/fjsp\/wp-content\/uploads\/2022\/03\/x-09-13-kiku1.mp3<\/a><\/audio>\n<p>&nbsp;<\/p>\n<p><strong>Li\u00e7\u00e3o 09, 09-14<\/strong><\/p>\n<audio class=\"wp-audio-shortcode\" id=\"audio-19931-14\" preload=\"none\" style=\"width: 100%;\" controls=\"controls\"><source type=\"audio\/mpeg\" src=\"https:\/\/fjsp.org.br\/fjsp\/wp-content\/uploads\/2022\/03\/x-09-14-kiku2.mp3?_=14\" \/><a href=\"https:\/\/fjsp.org.br\/fjsp\/wp-content\/uploads\/2022\/03\/x-09-14-kiku2.mp3\">https:\/\/fjsp.org.br\/fjsp\/wp-content\/uploads\/2022\/03\/x-09-14-kiku2.mp3<\/a><\/audio>\n<p>&nbsp;<\/p>\n<p><strong>Li\u00e7\u00e3o 09, 09-15<\/strong><\/p>\n<audio class=\"wp-audio-shortcode\" id=\"audio-19931-15\" preload=\"none\" style=\"width: 100%;\" controls=\"controls\"><source type=\"audio\/mpeg\" src=\"https:\/\/fjsp.org.br\/fjsp\/wp-content\/uploads\/2022\/03\/x-09-15-kiku3.mp3?_=15\" \/><a href=\"https:\/\/fjsp.org.br\/fjsp\/wp-content\/uploads\/2022\/03\/x-09-15-kiku3.mp3\">https:\/\/fjsp.org.br\/fjsp\/wp-content\/uploads\/2022\/03\/x-09-15-kiku3.mp3<\/a><\/audio>\n<p>&nbsp;<\/p>\n<p><strong>Li\u00e7\u00e3o 09, 09-16<\/strong><\/p>\n<audio class=\"wp-audio-shortcode\" id=\"audio-19931-16\" preload=\"none\" style=\"width: 100%;\" controls=\"controls\"><source type=\"audio\/mpeg\" src=\"https:\/\/fjsp.org.br\/fjsp\/wp-content\/uploads\/2022\/03\/x-09-16-katachi.mp3?_=16\" \/><a href=\"https:\/\/fjsp.org.br\/fjsp\/wp-content\/uploads\/2022\/03\/x-09-16-katachi.mp3\">https:\/\/fjsp.org.br\/fjsp\/wp-content\/uploads\/2022\/03\/x-09-16-katachi.mp3<\/a><\/audio>\n<p>&nbsp;<\/p>\n<p><strong>Li\u00e7\u00e3o 09, 09-17<\/strong><\/p>\n<audio class=\"wp-audio-shortcode\" id=\"audio-19931-17\" preload=\"none\" style=\"width: 100%;\" controls=\"controls\"><source type=\"audio\/mpeg\" src=\"https:\/\/fjsp.org.br\/fjsp\/wp-content\/uploads\/2022\/03\/x-09-17-hanasu1.mp3?_=17\" \/><a href=\"https:\/\/fjsp.org.br\/fjsp\/wp-content\/uploads\/2022\/03\/x-09-17-hanasu1.mp3\">https:\/\/fjsp.org.br\/fjsp\/wp-content\/uploads\/2022\/03\/x-09-17-hanasu1.mp3<\/a><\/audio>\n<p>&nbsp;<\/p>\n<p><strong>Li\u00e7\u00e3o 09, 09-18<\/strong><\/p>\n<audio class=\"wp-audio-shortcode\" id=\"audio-19931-18\" preload=\"none\" style=\"width: 100%;\" controls=\"controls\"><source type=\"audio\/mpeg\" src=\"https:\/\/fjsp.org.br\/fjsp\/wp-content\/uploads\/2022\/03\/x-09-18-hanasu2.mp3?_=18\" \/><a href=\"https:\/\/fjsp.org.br\/fjsp\/wp-content\/uploads\/2022\/03\/x-09-18-hanasu2.mp3\">https:\/\/fjsp.org.br\/fjsp\/wp-content\/uploads\/2022\/03\/x-09-18-hanasu2.mp3<\/a><\/audio>\n<p>&nbsp;<\/p>\n<p><strong>Li\u00e7\u00e3o 09, 09-19<\/strong><\/p>\n<audio class=\"wp-audio-shortcode\" id=\"audio-19931-19\" preload=\"none\" style=\"width: 100%;\" controls=\"controls\"><source type=\"audio\/mpeg\" src=\"https:\/\/fjsp.org.br\/fjsp\/wp-content\/uploads\/2022\/03\/x-09-19-hanasu3.mp3?_=19\" \/><a href=\"https:\/\/fjsp.org.br\/fjsp\/wp-content\/uploads\/2022\/03\/x-09-19-hanasu3.mp3\">https:\/\/fjsp.org.br\/fjsp\/wp-content\/uploads\/2022\/03\/x-09-19-hanasu3.mp3<\/a><\/audio>\n<p>&nbsp;<\/p>\n","protected":false},"excerpt":{"rendered":"<p>Li\u00e7\u00e3o 09, 09-01 &nbsp; Li\u00e7\u00e3o 09, 09-02 &nbsp; Li\u00e7\u00e3o 09, 09-03 &nbsp; Li\u00e7\u00e3o 09, 09-04 &nbsp; Li\u00e7\u00e3o 09, 09-05 &nbsp; Li\u00e7\u00e3o 09, 09-06 &nbsp; Li\u00e7\u00e3o 09, 09-07 &nbsp; Li\u00e7\u00e3o 09, 09-08 &nbsp; Li\u00e7\u00e3o 09, 09-09 &nbsp; Li\u00e7\u00e3o 09, 09-10 &nbsp; Li\u00e7\u00e3o 09, 09-11 &nbsp; Li\u00e7\u00e3o 09, 09-12 &nbsp; Li\u00e7\u00e3o 09, 09-13 &nbsp; Li\u00e7\u00e3o 09, 09-14 [&hellip;]<\/p>\n","protected":false},"author":33,"featured_media":0,"parent":0,"menu_order":0,"comment_status":"closed","ping_status":"closed","template":"","meta":{"_acf_changed":false,"footnotes":""},"class_list":["post-19931","page","type-page","status-publish","hentry"],"acf":[],"_links":{"self":[{"href":"https:\/\/fjsp.org.br\/fjsp\/wp-json\/wp\/v2\/pages\/19931","targetHints":{"allow":["GET"]}}],"collection":[{"href":"https:\/\/fjsp.org.br\/fjsp\/wp-json\/wp\/v2\/pages"}],"about":[{"href":"https:\/\/fjsp.org.br\/fjsp\/wp-json\/wp\/v2\/types\/page"}],"author":[{"embeddable":true,"href":"https:\/\/fjsp.org.br\/fjsp\/wp-json\/wp\/v2\/users\/33"}],"replies":[{"embeddable":true,"href":"https:\/\/fjsp.org.br\/fjsp\/wp-json\/wp\/v2\/comments?post=19931"}],"version-history":[{"count":2,"href":"https:\/\/fjsp.org.br\/fjsp\/wp-json\/wp\/v2\/pages\/19931\/revisions"}],"predecessor-version":[{"id":20366,"href":"https:\/\/fjsp.org.br\/fjsp\/wp-json\/wp\/v2\/pages\/19931\/revisions\/20366"}],"wp:attachment":[{"href":"https:\/\/fjsp.org.br\/fjsp\/wp-json\/wp\/v2\/media?parent=19931"}],"curies":[{"name":"wp","href":"https:\/\/api.w.org\/{rel}","templated":true}]}}