{"id":19954,"date":"2022-03-03T05:43:09","date_gmt":"2022-03-03T08:43:09","guid":{"rendered":"https:\/\/fjsp.org.br\/fjsp\/?page_id=19954"},"modified":"2022-03-11T19:56:35","modified_gmt":"2022-03-11T22:56:35","slug":"irodori-audio-introdutorio-licao-10","status":"publish","type":"page","link":"https:\/\/fjsp.org.br\/fjsp\/irodori-audio-introdutorio-licao-10\/","title":{"rendered":"Irodori \u2013 \u00c1udio Introdut\u00f3rio Li\u00e7\u00e3o 10"},"content":{"rendered":"<p><strong>Li\u00e7\u00e3o 10, 10-01<\/strong><\/p>\n<!--[if lt IE 9]><script>document.createElement('audio');<\/script><![endif]-->\n<audio class=\"wp-audio-shortcode\" id=\"audio-19954-1\" preload=\"none\" style=\"width: 100%;\" controls=\"controls\"><source type=\"audio\/mpeg\" src=\"https:\/\/fjsp.org.br\/fjsp\/wp-content\/uploads\/2022\/03\/x-10-01-kiku1.mp3?_=1\" \/><a href=\"https:\/\/fjsp.org.br\/fjsp\/wp-content\/uploads\/2022\/03\/x-10-01-kiku1.mp3\">https:\/\/fjsp.org.br\/fjsp\/wp-content\/uploads\/2022\/03\/x-10-01-kiku1.mp3<\/a><\/audio>\n<p>&nbsp;<\/p>\n<p><strong>Li\u00e7\u00e3o 10, 10-02<\/strong><\/p>\n<audio class=\"wp-audio-shortcode\" id=\"audio-19954-2\" preload=\"none\" style=\"width: 100%;\" controls=\"controls\"><source type=\"audio\/mpeg\" src=\"https:\/\/fjsp.org.br\/fjsp\/wp-content\/uploads\/2022\/03\/x-10-02-kiku2.mp3?_=2\" \/><a href=\"https:\/\/fjsp.org.br\/fjsp\/wp-content\/uploads\/2022\/03\/x-10-02-kiku2.mp3\">https:\/\/fjsp.org.br\/fjsp\/wp-content\/uploads\/2022\/03\/x-10-02-kiku2.mp3<\/a><\/audio>\n<p>&nbsp;<\/p>\n<p><strong>Li\u00e7\u00e3o 10, 10-03<\/strong><\/p>\n<audio class=\"wp-audio-shortcode\" id=\"audio-19954-3\" preload=\"none\" style=\"width: 100%;\" controls=\"controls\"><source type=\"audio\/mpeg\" src=\"https:\/\/fjsp.org.br\/fjsp\/wp-content\/uploads\/2022\/03\/x-10-03-kiku3.mp3?_=3\" \/><a href=\"https:\/\/fjsp.org.br\/fjsp\/wp-content\/uploads\/2022\/03\/x-10-03-kiku3.mp3\">https:\/\/fjsp.org.br\/fjsp\/wp-content\/uploads\/2022\/03\/x-10-03-kiku3.mp3<\/a><\/audio>\n<p>&nbsp;<\/p>\n<p><strong>Li\u00e7\u00e3o 10, 10-04<\/strong><\/p>\n<audio class=\"wp-audio-shortcode\" id=\"audio-19954-4\" preload=\"none\" style=\"width: 100%;\" controls=\"controls\"><source type=\"audio\/mpeg\" src=\"https:\/\/fjsp.org.br\/fjsp\/wp-content\/uploads\/2022\/03\/x-10-04-kiku4.mp3?_=4\" \/><a href=\"https:\/\/fjsp.org.br\/fjsp\/wp-content\/uploads\/2022\/03\/x-10-04-kiku4.mp3\">https:\/\/fjsp.org.br\/fjsp\/wp-content\/uploads\/2022\/03\/x-10-04-kiku4.mp3<\/a><\/audio>\n<p>&nbsp;<\/p>\n<p><strong>Li\u00e7\u00e3o 10, 10-05<\/strong><\/p>\n<audio class=\"wp-audio-shortcode\" id=\"audio-19954-5\" preload=\"none\" style=\"width: 100%;\" controls=\"controls\"><source type=\"audio\/mpeg\" src=\"https:\/\/fjsp.org.br\/fjsp\/wp-content\/uploads\/2022\/03\/x-10-05-kiku5.mp3?_=5\" \/><a href=\"https:\/\/fjsp.org.br\/fjsp\/wp-content\/uploads\/2022\/03\/x-10-05-kiku5.mp3\">https:\/\/fjsp.org.br\/fjsp\/wp-content\/uploads\/2022\/03\/x-10-05-kiku5.mp3<\/a><\/audio>\n<p>&nbsp;<\/p>\n<p><strong>Li\u00e7\u00e3o 10, 10-06<\/strong><\/p>\n<audio class=\"wp-audio-shortcode\" id=\"audio-19954-6\" preload=\"none\" style=\"width: 100%;\" controls=\"controls\"><source type=\"audio\/mpeg\" src=\"https:\/\/fjsp.org.br\/fjsp\/wp-content\/uploads\/2022\/03\/x-10-06-kiku6.mp3?_=6\" \/><a href=\"https:\/\/fjsp.org.br\/fjsp\/wp-content\/uploads\/2022\/03\/x-10-06-kiku6.mp3\">https:\/\/fjsp.org.br\/fjsp\/wp-content\/uploads\/2022\/03\/x-10-06-kiku6.mp3<\/a><\/audio>\n<p>&nbsp;<\/p>\n<p><strong>Li\u00e7\u00e3o 10, 10-07<\/strong><\/p>\n<audio class=\"wp-audio-shortcode\" id=\"audio-19954-7\" preload=\"none\" style=\"width: 100%;\" controls=\"controls\"><source type=\"audio\/mpeg\" src=\"https:\/\/fjsp.org.br\/fjsp\/wp-content\/uploads\/2022\/03\/x-10-07-kiku7.mp3?_=7\" \/><a href=\"https:\/\/fjsp.org.br\/fjsp\/wp-content\/uploads\/2022\/03\/x-10-07-kiku7.mp3\">https:\/\/fjsp.org.br\/fjsp\/wp-content\/uploads\/2022\/03\/x-10-07-kiku7.mp3<\/a><\/audio>\n<p>&nbsp;<\/p>\n<p><strong>Li\u00e7\u00e3o 10, 10-08<\/strong><\/p>\n<audio class=\"wp-audio-shortcode\" id=\"audio-19954-8\" preload=\"none\" style=\"width: 100%;\" controls=\"controls\"><source type=\"audio\/mpeg\" src=\"https:\/\/fjsp.org.br\/fjsp\/wp-content\/uploads\/2022\/03\/x-10-08-kiku8.mp3?_=8\" \/><a href=\"https:\/\/fjsp.org.br\/fjsp\/wp-content\/uploads\/2022\/03\/x-10-08-kiku8.mp3\">https:\/\/fjsp.org.br\/fjsp\/wp-content\/uploads\/2022\/03\/x-10-08-kiku8.mp3<\/a><\/audio>\n<p>&nbsp;<\/p>\n<p><strong>Li\u00e7\u00e3o 10, 10-09<\/strong><\/p>\n<audio class=\"wp-audio-shortcode\" id=\"audio-19954-9\" preload=\"none\" style=\"width: 100%;\" controls=\"controls\"><source type=\"audio\/mpeg\" src=\"https:\/\/fjsp.org.br\/fjsp\/wp-content\/uploads\/2022\/03\/x-10-09-kiku9.mp3?_=9\" \/><a href=\"https:\/\/fjsp.org.br\/fjsp\/wp-content\/uploads\/2022\/03\/x-10-09-kiku9.mp3\">https:\/\/fjsp.org.br\/fjsp\/wp-content\/uploads\/2022\/03\/x-10-09-kiku9.mp3<\/a><\/audio>\n<p>&nbsp;<\/p>\n<p><strong>Li\u00e7\u00e3o 10, 10-10<\/strong><\/p>\n<audio class=\"wp-audio-shortcode\" id=\"audio-19954-10\" preload=\"none\" style=\"width: 100%;\" controls=\"controls\"><source type=\"audio\/mpeg\" src=\"https:\/\/fjsp.org.br\/fjsp\/wp-content\/uploads\/2022\/03\/x-10-10-katachi.mp3?_=10\" \/><a href=\"https:\/\/fjsp.org.br\/fjsp\/wp-content\/uploads\/2022\/03\/x-10-10-katachi.mp3\">https:\/\/fjsp.org.br\/fjsp\/wp-content\/uploads\/2022\/03\/x-10-10-katachi.mp3<\/a><\/audio>\n<p>&nbsp;<\/p>\n<p><strong>Li\u00e7\u00e3o 10, 10-11<\/strong><\/p>\n<audio class=\"wp-audio-shortcode\" id=\"audio-19954-11\" preload=\"none\" style=\"width: 100%;\" controls=\"controls\"><source type=\"audio\/mpeg\" src=\"https:\/\/fjsp.org.br\/fjsp\/wp-content\/uploads\/2022\/03\/x-10-11-kiku1.mp3?_=11\" \/><a href=\"https:\/\/fjsp.org.br\/fjsp\/wp-content\/uploads\/2022\/03\/x-10-11-kiku1.mp3\">https:\/\/fjsp.org.br\/fjsp\/wp-content\/uploads\/2022\/03\/x-10-11-kiku1.mp3<\/a><\/audio>\n<p>&nbsp;<\/p>\n<p><strong>Li\u00e7\u00e3o 10, 10-12<\/strong><\/p>\n<audio class=\"wp-audio-shortcode\" id=\"audio-19954-12\" preload=\"none\" style=\"width: 100%;\" controls=\"controls\"><source type=\"audio\/mpeg\" src=\"https:\/\/fjsp.org.br\/fjsp\/wp-content\/uploads\/2022\/03\/x-10-12-kiku2.mp3?_=12\" \/><a href=\"https:\/\/fjsp.org.br\/fjsp\/wp-content\/uploads\/2022\/03\/x-10-12-kiku2.mp3\">https:\/\/fjsp.org.br\/fjsp\/wp-content\/uploads\/2022\/03\/x-10-12-kiku2.mp3<\/a><\/audio>\n<p>&nbsp;<\/p>\n<p><strong>Li\u00e7\u00e3o 10, 10-13<\/strong><\/p>\n<audio class=\"wp-audio-shortcode\" id=\"audio-19954-13\" preload=\"none\" style=\"width: 100%;\" controls=\"controls\"><source type=\"audio\/mpeg\" src=\"https:\/\/fjsp.org.br\/fjsp\/wp-content\/uploads\/2022\/03\/x-10-13-kiku3.mp3?_=13\" \/><a href=\"https:\/\/fjsp.org.br\/fjsp\/wp-content\/uploads\/2022\/03\/x-10-13-kiku3.mp3\">https:\/\/fjsp.org.br\/fjsp\/wp-content\/uploads\/2022\/03\/x-10-13-kiku3.mp3<\/a><\/audio>\n<p>&nbsp;<\/p>\n<p><strong>Li\u00e7\u00e3o 10, 10-14<\/strong><\/p>\n<audio class=\"wp-audio-shortcode\" id=\"audio-19954-14\" preload=\"none\" style=\"width: 100%;\" controls=\"controls\"><source type=\"audio\/mpeg\" src=\"https:\/\/fjsp.org.br\/fjsp\/wp-content\/uploads\/2022\/03\/x-10-14-kiku4.mp3?_=14\" \/><a href=\"https:\/\/fjsp.org.br\/fjsp\/wp-content\/uploads\/2022\/03\/x-10-14-kiku4.mp3\">https:\/\/fjsp.org.br\/fjsp\/wp-content\/uploads\/2022\/03\/x-10-14-kiku4.mp3<\/a><\/audio>\n<p>&nbsp;<\/p>\n<p><strong>Li\u00e7\u00e3o 10, 10-15<\/strong><\/p>\n<audio class=\"wp-audio-shortcode\" id=\"audio-19954-15\" preload=\"none\" style=\"width: 100%;\" controls=\"controls\"><source type=\"audio\/mpeg\" src=\"https:\/\/fjsp.org.br\/fjsp\/wp-content\/uploads\/2022\/03\/x-10-15-katachi1.mp3?_=15\" \/><a href=\"https:\/\/fjsp.org.br\/fjsp\/wp-content\/uploads\/2022\/03\/x-10-15-katachi1.mp3\">https:\/\/fjsp.org.br\/fjsp\/wp-content\/uploads\/2022\/03\/x-10-15-katachi1.mp3<\/a><\/audio>\n<p>&nbsp;<\/p>\n<p><strong>Li\u00e7\u00e3o 10, 10-16<\/strong><\/p>\n<audio class=\"wp-audio-shortcode\" id=\"audio-19954-16\" preload=\"none\" style=\"width: 100%;\" controls=\"controls\"><source type=\"audio\/mpeg\" src=\"https:\/\/fjsp.org.br\/fjsp\/wp-content\/uploads\/2022\/03\/x-10-16-katachi2-time.mp3?_=16\" \/><a href=\"https:\/\/fjsp.org.br\/fjsp\/wp-content\/uploads\/2022\/03\/x-10-16-katachi2-time.mp3\">https:\/\/fjsp.org.br\/fjsp\/wp-content\/uploads\/2022\/03\/x-10-16-katachi2-time.mp3<\/a><\/audio>\n<p>&nbsp;<\/p>\n<p><strong>Li\u00e7\u00e3o 10, 10-17<\/strong><\/p>\n<audio class=\"wp-audio-shortcode\" id=\"audio-19954-17\" preload=\"none\" style=\"width: 100%;\" controls=\"controls\"><source type=\"audio\/mpeg\" src=\"https:\/\/fjsp.org.br\/fjsp\/wp-content\/uploads\/2022\/03\/x-10-17-hanasu1-1.mp3?_=17\" \/><a href=\"https:\/\/fjsp.org.br\/fjsp\/wp-content\/uploads\/2022\/03\/x-10-17-hanasu1-1.mp3\">https:\/\/fjsp.org.br\/fjsp\/wp-content\/uploads\/2022\/03\/x-10-17-hanasu1-1.mp3<\/a><\/audio>\n<p>&nbsp;<\/p>\n<p><strong>Li\u00e7\u00e3o 10, 10-18<\/strong><\/p>\n<audio class=\"wp-audio-shortcode\" id=\"audio-19954-18\" preload=\"none\" style=\"width: 100%;\" controls=\"controls\"><source type=\"audio\/mpeg\" src=\"https:\/\/fjsp.org.br\/fjsp\/wp-content\/uploads\/2022\/03\/x-10-18-hanasu1-2.mp3?_=18\" \/><a href=\"https:\/\/fjsp.org.br\/fjsp\/wp-content\/uploads\/2022\/03\/x-10-18-hanasu1-2.mp3\">https:\/\/fjsp.org.br\/fjsp\/wp-content\/uploads\/2022\/03\/x-10-18-hanasu1-2.mp3<\/a><\/audio>\n<p>&nbsp;<\/p>\n<p><strong>Li\u00e7\u00e3o 10, 10-19<\/strong><\/p>\n<audio class=\"wp-audio-shortcode\" id=\"audio-19954-19\" preload=\"none\" style=\"width: 100%;\" controls=\"controls\"><source type=\"audio\/mpeg\" src=\"https:\/\/fjsp.org.br\/fjsp\/wp-content\/uploads\/2022\/03\/x-10-19-hanasu2-1.mp3?_=19\" \/><a href=\"https:\/\/fjsp.org.br\/fjsp\/wp-content\/uploads\/2022\/03\/x-10-19-hanasu2-1.mp3\">https:\/\/fjsp.org.br\/fjsp\/wp-content\/uploads\/2022\/03\/x-10-19-hanasu2-1.mp3<\/a><\/audio>\n<p>&nbsp;<\/p>\n<p><strong>Li\u00e7\u00e3o 10, 10-20<\/strong><\/p>\n<audio class=\"wp-audio-shortcode\" id=\"audio-19954-20\" preload=\"none\" style=\"width: 100%;\" controls=\"controls\"><source type=\"audio\/mpeg\" src=\"https:\/\/fjsp.org.br\/fjsp\/wp-content\/uploads\/2022\/03\/x-10-20-hanasu2-2.mp3?_=20\" \/><a href=\"https:\/\/fjsp.org.br\/fjsp\/wp-content\/uploads\/2022\/03\/x-10-20-hanasu2-2.mp3\">https:\/\/fjsp.org.br\/fjsp\/wp-content\/uploads\/2022\/03\/x-10-20-hanasu2-2.mp3<\/a><\/audio>\n<p>&nbsp;<\/p>\n<p><strong>Li\u00e7\u00e3o 10, 10-21<\/strong><\/p>\n<audio class=\"wp-audio-shortcode\" id=\"audio-19954-21\" preload=\"none\" style=\"width: 100%;\" controls=\"controls\"><source type=\"audio\/mpeg\" src=\"https:\/\/fjsp.org.br\/fjsp\/wp-content\/uploads\/2022\/03\/x-10-21-kotoba1.mp3?_=21\" \/><a href=\"https:\/\/fjsp.org.br\/fjsp\/wp-content\/uploads\/2022\/03\/x-10-21-kotoba1.mp3\">https:\/\/fjsp.org.br\/fjsp\/wp-content\/uploads\/2022\/03\/x-10-21-kotoba1.mp3<\/a><\/audio>\n<p>&nbsp;<\/p>\n<p><strong>Li\u00e7\u00e3o 10, 10-22<\/strong><\/p>\n<audio class=\"wp-audio-shortcode\" id=\"audio-19954-22\" preload=\"none\" style=\"width: 100%;\" controls=\"controls\"><source type=\"audio\/mpeg\" src=\"https:\/\/fjsp.org.br\/fjsp\/wp-content\/uploads\/2022\/03\/x-10-22-kotoba2.mp3?_=22\" \/><a href=\"https:\/\/fjsp.org.br\/fjsp\/wp-content\/uploads\/2022\/03\/x-10-22-kotoba2.mp3\">https:\/\/fjsp.org.br\/fjsp\/wp-content\/uploads\/2022\/03\/x-10-22-kotoba2.mp3<\/a><\/audio>\n<p>&nbsp;<\/p>\n<p><strong>Li\u00e7\u00e3o 10, 10-23<\/strong><\/p>\n<audio class=\"wp-audio-shortcode\" id=\"audio-19954-23\" preload=\"none\" style=\"width: 100%;\" controls=\"controls\"><source type=\"audio\/mpeg\" src=\"https:\/\/fjsp.org.br\/fjsp\/wp-content\/uploads\/2022\/03\/x-10-23-kiku1.mp3?_=23\" \/><a href=\"https:\/\/fjsp.org.br\/fjsp\/wp-content\/uploads\/2022\/03\/x-10-23-kiku1.mp3\">https:\/\/fjsp.org.br\/fjsp\/wp-content\/uploads\/2022\/03\/x-10-23-kiku1.mp3<\/a><\/audio>\n<p>&nbsp;<\/p>\n<p><strong>Li\u00e7\u00e3o 10, 10-24<\/strong><\/p>\n<audio class=\"wp-audio-shortcode\" id=\"audio-19954-24\" preload=\"none\" style=\"width: 100%;\" controls=\"controls\"><source type=\"audio\/mpeg\" src=\"https:\/\/fjsp.org.br\/fjsp\/wp-content\/uploads\/2022\/03\/x-10-24-kiku2.mp3?_=24\" \/><a href=\"https:\/\/fjsp.org.br\/fjsp\/wp-content\/uploads\/2022\/03\/x-10-24-kiku2.mp3\">https:\/\/fjsp.org.br\/fjsp\/wp-content\/uploads\/2022\/03\/x-10-24-kiku2.mp3<\/a><\/audio>\n<p>&nbsp;<\/p>\n<p><strong>Li\u00e7\u00e3o 10, 10-25<\/strong><\/p>\n<audio class=\"wp-audio-shortcode\" id=\"audio-19954-25\" preload=\"none\" style=\"width: 100%;\" controls=\"controls\"><source type=\"audio\/mpeg\" src=\"https:\/\/fjsp.org.br\/fjsp\/wp-content\/uploads\/2022\/03\/x-10-25-kiku3.mp3?_=25\" \/><a href=\"https:\/\/fjsp.org.br\/fjsp\/wp-content\/uploads\/2022\/03\/x-10-25-kiku3.mp3\">https:\/\/fjsp.org.br\/fjsp\/wp-content\/uploads\/2022\/03\/x-10-25-kiku3.mp3<\/a><\/audio>\n<p>&nbsp;<\/p>\n<p><strong>Li\u00e7\u00e3o 10, 10-26<\/strong><\/p>\n<audio class=\"wp-audio-shortcode\" id=\"audio-19954-26\" preload=\"none\" style=\"width: 100%;\" controls=\"controls\"><source type=\"audio\/mpeg\" src=\"https:\/\/fjsp.org.br\/fjsp\/wp-content\/uploads\/2022\/03\/x-10-26-kiku4.mp3?_=26\" \/><a href=\"https:\/\/fjsp.org.br\/fjsp\/wp-content\/uploads\/2022\/03\/x-10-26-kiku4.mp3\">https:\/\/fjsp.org.br\/fjsp\/wp-content\/uploads\/2022\/03\/x-10-26-kiku4.mp3<\/a><\/audio>\n<p>&nbsp;<\/p>\n<p><strong>Li\u00e7\u00e3o 10, 10-27<\/strong><\/p>\n<audio class=\"wp-audio-shortcode\" id=\"audio-19954-27\" preload=\"none\" style=\"width: 100%;\" controls=\"controls\"><source type=\"audio\/mpeg\" src=\"https:\/\/fjsp.org.br\/fjsp\/wp-content\/uploads\/2022\/03\/x-10-27-katachi.mp3?_=27\" \/><a href=\"https:\/\/fjsp.org.br\/fjsp\/wp-content\/uploads\/2022\/03\/x-10-27-katachi.mp3\">https:\/\/fjsp.org.br\/fjsp\/wp-content\/uploads\/2022\/03\/x-10-27-katachi.mp3<\/a><\/audio>\n<p>&nbsp;<\/p>\n<p><strong>Li\u00e7\u00e3o 10, 10-28<\/strong><\/p>\n<audio class=\"wp-audio-shortcode\" id=\"audio-19954-28\" preload=\"none\" style=\"width: 100%;\" controls=\"controls\"><source type=\"audio\/mpeg\" src=\"https:\/\/fjsp.org.br\/fjsp\/wp-content\/uploads\/2022\/03\/x-10-28-hanasu1-1.mp3?_=28\" \/><a href=\"https:\/\/fjsp.org.br\/fjsp\/wp-content\/uploads\/2022\/03\/x-10-28-hanasu1-1.mp3\">https:\/\/fjsp.org.br\/fjsp\/wp-content\/uploads\/2022\/03\/x-10-28-hanasu1-1.mp3<\/a><\/audio>\n<p>&nbsp;<\/p>\n<p><strong>Li\u00e7\u00e3o 10, 10-29<\/strong><\/p>\n<audio class=\"wp-audio-shortcode\" id=\"audio-19954-29\" preload=\"none\" style=\"width: 100%;\" controls=\"controls\"><source type=\"audio\/mpeg\" src=\"https:\/\/fjsp.org.br\/fjsp\/wp-content\/uploads\/2022\/03\/x-10-29-hanasu1-2.mp3?_=29\" \/><a href=\"https:\/\/fjsp.org.br\/fjsp\/wp-content\/uploads\/2022\/03\/x-10-29-hanasu1-2.mp3\">https:\/\/fjsp.org.br\/fjsp\/wp-content\/uploads\/2022\/03\/x-10-29-hanasu1-2.mp3<\/a><\/audio>\n<p>&nbsp;<\/p>\n<p><strong>Li\u00e7\u00e3o 10, 10-30<\/strong><\/p>\n<audio class=\"wp-audio-shortcode\" id=\"audio-19954-30\" preload=\"none\" style=\"width: 100%;\" controls=\"controls\"><source type=\"audio\/mpeg\" src=\"https:\/\/fjsp.org.br\/fjsp\/wp-content\/uploads\/2022\/03\/x-10-30-hanasu1-3.mp3?_=30\" \/><a href=\"https:\/\/fjsp.org.br\/fjsp\/wp-content\/uploads\/2022\/03\/x-10-30-hanasu1-3.mp3\">https:\/\/fjsp.org.br\/fjsp\/wp-content\/uploads\/2022\/03\/x-10-30-hanasu1-3.mp3<\/a><\/audio>\n<p>&nbsp;<\/p>\n<p><strong>Li\u00e7\u00e3o 10, 10-31<\/strong><\/p>\n<audio class=\"wp-audio-shortcode\" id=\"audio-19954-31\" preload=\"none\" style=\"width: 100%;\" controls=\"controls\"><source type=\"audio\/mpeg\" src=\"https:\/\/fjsp.org.br\/fjsp\/wp-content\/uploads\/2022\/03\/x-10-31-hanasu2.mp3?_=31\" \/><a href=\"https:\/\/fjsp.org.br\/fjsp\/wp-content\/uploads\/2022\/03\/x-10-31-hanasu2.mp3\">https:\/\/fjsp.org.br\/fjsp\/wp-content\/uploads\/2022\/03\/x-10-31-hanasu2.mp3<\/a><\/audio>\n<p>&nbsp;<\/p>\n","protected":false},"excerpt":{"rendered":"<p>Li\u00e7\u00e3o 10, 10-01 &nbsp; Li\u00e7\u00e3o 10, 10-02 &nbsp; Li\u00e7\u00e3o 10, 10-03 &nbsp; Li\u00e7\u00e3o 10, 10-04 &nbsp; Li\u00e7\u00e3o 10, 10-05 &nbsp; Li\u00e7\u00e3o 10, 10-06 &nbsp; Li\u00e7\u00e3o 10, 10-07 &nbsp; Li\u00e7\u00e3o 10, 10-08 &nbsp; Li\u00e7\u00e3o 10, 10-09 &nbsp; Li\u00e7\u00e3o 10, 10-10 &nbsp; Li\u00e7\u00e3o 10, 10-11 &nbsp; Li\u00e7\u00e3o 10, 10-12 &nbsp; Li\u00e7\u00e3o 10, 10-13 &nbsp; Li\u00e7\u00e3o 10, 10-14 [&hellip;]<\/p>\n","protected":false},"author":33,"featured_media":0,"parent":0,"menu_order":0,"comment_status":"closed","ping_status":"closed","template":"","meta":{"_acf_changed":false,"footnotes":""},"class_list":["post-19954","page","type-page","status-publish","hentry"],"acf":[],"_links":{"self":[{"href":"https:\/\/fjsp.org.br\/fjsp\/wp-json\/wp\/v2\/pages\/19954","targetHints":{"allow":["GET"]}}],"collection":[{"href":"https:\/\/fjsp.org.br\/fjsp\/wp-json\/wp\/v2\/pages"}],"about":[{"href":"https:\/\/fjsp.org.br\/fjsp\/wp-json\/wp\/v2\/types\/page"}],"author":[{"embeddable":true,"href":"https:\/\/fjsp.org.br\/fjsp\/wp-json\/wp\/v2\/users\/33"}],"replies":[{"embeddable":true,"href":"https:\/\/fjsp.org.br\/fjsp\/wp-json\/wp\/v2\/comments?post=19954"}],"version-history":[{"count":2,"href":"https:\/\/fjsp.org.br\/fjsp\/wp-json\/wp\/v2\/pages\/19954\/revisions"}],"predecessor-version":[{"id":20367,"href":"https:\/\/fjsp.org.br\/fjsp\/wp-json\/wp\/v2\/pages\/19954\/revisions\/20367"}],"wp:attachment":[{"href":"https:\/\/fjsp.org.br\/fjsp\/wp-json\/wp\/v2\/media?parent=19954"}],"curies":[{"name":"wp","href":"https:\/\/api.w.org\/{rel}","templated":true}]}}