{"id":20179,"date":"2022-03-03T08:07:12","date_gmt":"2022-03-03T11:07:12","guid":{"rendered":"https:\/\/fjsp.org.br\/fjsp\/?page_id=20179"},"modified":"2022-03-11T20:04:01","modified_gmt":"2022-03-11T23:04:01","slug":"irodori-audio-introdutorio-licao-17","status":"publish","type":"page","link":"https:\/\/fjsp.org.br\/fjsp\/irodori-audio-introdutorio-licao-17\/","title":{"rendered":"Irodori \u2013 \u00c1udio Introdut\u00f3rio Li\u00e7\u00e3o 17"},"content":{"rendered":"<p><strong>Li\u00e7\u00e3o 17, 17-01<\/strong><\/p>\n<!--[if lt IE 9]><script>document.createElement('audio');<\/script><![endif]-->\n<audio class=\"wp-audio-shortcode\" id=\"audio-20179-1\" preload=\"none\" style=\"width: 100%;\" controls=\"controls\"><source type=\"audio\/mpeg\" src=\"https:\/\/fjsp.org.br\/fjsp\/wp-content\/uploads\/2022\/03\/x-17-01-kiku1.mp3?_=1\" \/><a href=\"https:\/\/fjsp.org.br\/fjsp\/wp-content\/uploads\/2022\/03\/x-17-01-kiku1.mp3\">https:\/\/fjsp.org.br\/fjsp\/wp-content\/uploads\/2022\/03\/x-17-01-kiku1.mp3<\/a><\/audio>\n<p>&nbsp;<\/p>\n<p><strong>Li\u00e7\u00e3o 17, 17-02<\/strong><\/p>\n<audio class=\"wp-audio-shortcode\" id=\"audio-20179-2\" preload=\"none\" style=\"width: 100%;\" controls=\"controls\"><source type=\"audio\/mpeg\" src=\"https:\/\/fjsp.org.br\/fjsp\/wp-content\/uploads\/2022\/03\/x-17-02-kiku2.mp3?_=2\" \/><a href=\"https:\/\/fjsp.org.br\/fjsp\/wp-content\/uploads\/2022\/03\/x-17-02-kiku2.mp3\">https:\/\/fjsp.org.br\/fjsp\/wp-content\/uploads\/2022\/03\/x-17-02-kiku2.mp3<\/a><\/audio>\n<p>&nbsp;<\/p>\n<p><strong>Li\u00e7\u00e3o 17, 17-03<\/strong><\/p>\n<audio class=\"wp-audio-shortcode\" id=\"audio-20179-3\" preload=\"none\" style=\"width: 100%;\" controls=\"controls\"><source type=\"audio\/mpeg\" src=\"https:\/\/fjsp.org.br\/fjsp\/wp-content\/uploads\/2022\/03\/x-17-03-kiku3.mp3?_=3\" \/><a href=\"https:\/\/fjsp.org.br\/fjsp\/wp-content\/uploads\/2022\/03\/x-17-03-kiku3.mp3\">https:\/\/fjsp.org.br\/fjsp\/wp-content\/uploads\/2022\/03\/x-17-03-kiku3.mp3<\/a><\/audio>\n<p>&nbsp;<\/p>\n<p><strong>Li\u00e7\u00e3o 17, 17-04<\/strong><\/p>\n<audio class=\"wp-audio-shortcode\" id=\"audio-20179-4\" preload=\"none\" style=\"width: 100%;\" controls=\"controls\"><source type=\"audio\/mpeg\" src=\"https:\/\/fjsp.org.br\/fjsp\/wp-content\/uploads\/2022\/03\/x-17-04-kiku4.mp3?_=4\" \/><a href=\"https:\/\/fjsp.org.br\/fjsp\/wp-content\/uploads\/2022\/03\/x-17-04-kiku4.mp3\">https:\/\/fjsp.org.br\/fjsp\/wp-content\/uploads\/2022\/03\/x-17-04-kiku4.mp3<\/a><\/audio>\n<p>&nbsp;<\/p>\n<p><strong>Li\u00e7\u00e3o 17, 17-05<\/strong><\/p>\n<audio class=\"wp-audio-shortcode\" id=\"audio-20179-5\" preload=\"none\" style=\"width: 100%;\" controls=\"controls\"><source type=\"audio\/mpeg\" src=\"https:\/\/fjsp.org.br\/fjsp\/wp-content\/uploads\/2022\/03\/x-17-05-kiku5.mp3?_=5\" \/><a href=\"https:\/\/fjsp.org.br\/fjsp\/wp-content\/uploads\/2022\/03\/x-17-05-kiku5.mp3\">https:\/\/fjsp.org.br\/fjsp\/wp-content\/uploads\/2022\/03\/x-17-05-kiku5.mp3<\/a><\/audio>\n<p>&nbsp;<\/p>\n<p><strong>Li\u00e7\u00e3o 17, 17-06<\/strong><\/p>\n<audio class=\"wp-audio-shortcode\" id=\"audio-20179-6\" preload=\"none\" style=\"width: 100%;\" controls=\"controls\"><source type=\"audio\/mpeg\" src=\"https:\/\/fjsp.org.br\/fjsp\/wp-content\/uploads\/2022\/03\/x-17-06-kiku6.mp3?_=6\" \/><a href=\"https:\/\/fjsp.org.br\/fjsp\/wp-content\/uploads\/2022\/03\/x-17-06-kiku6.mp3\">https:\/\/fjsp.org.br\/fjsp\/wp-content\/uploads\/2022\/03\/x-17-06-kiku6.mp3<\/a><\/audio>\n<p>&nbsp;<\/p>\n<p><strong>Li\u00e7\u00e3o 17, 17-07<\/strong><\/p>\n<audio class=\"wp-audio-shortcode\" id=\"audio-20179-7\" preload=\"none\" style=\"width: 100%;\" controls=\"controls\"><source type=\"audio\/mpeg\" src=\"https:\/\/fjsp.org.br\/fjsp\/wp-content\/uploads\/2022\/03\/x-17-07-katachi.mp3?_=7\" \/><a href=\"https:\/\/fjsp.org.br\/fjsp\/wp-content\/uploads\/2022\/03\/x-17-07-katachi.mp3\">https:\/\/fjsp.org.br\/fjsp\/wp-content\/uploads\/2022\/03\/x-17-07-katachi.mp3<\/a><\/audio>\n<p>&nbsp;<\/p>\n<p><strong>Li\u00e7\u00e3o 17, 17-08<\/strong><\/p>\n<audio class=\"wp-audio-shortcode\" id=\"audio-20179-8\" preload=\"none\" style=\"width: 100%;\" controls=\"controls\"><source type=\"audio\/mpeg\" src=\"https:\/\/fjsp.org.br\/fjsp\/wp-content\/uploads\/2022\/03\/x-17-08-hanasu1.mp3?_=8\" \/><a href=\"https:\/\/fjsp.org.br\/fjsp\/wp-content\/uploads\/2022\/03\/x-17-08-hanasu1.mp3\">https:\/\/fjsp.org.br\/fjsp\/wp-content\/uploads\/2022\/03\/x-17-08-hanasu1.mp3<\/a><\/audio>\n<p>&nbsp;<\/p>\n<p><strong>Li\u00e7\u00e3o 17, 17-09<\/strong><\/p>\n<audio class=\"wp-audio-shortcode\" id=\"audio-20179-9\" preload=\"none\" style=\"width: 100%;\" controls=\"controls\"><source type=\"audio\/mpeg\" src=\"https:\/\/fjsp.org.br\/fjsp\/wp-content\/uploads\/2022\/03\/x-17-09-hanasu2.mp3?_=9\" \/><a href=\"https:\/\/fjsp.org.br\/fjsp\/wp-content\/uploads\/2022\/03\/x-17-09-hanasu2.mp3\">https:\/\/fjsp.org.br\/fjsp\/wp-content\/uploads\/2022\/03\/x-17-09-hanasu2.mp3<\/a><\/audio>\n<p>&nbsp;<\/p>\n<p><strong>Li\u00e7\u00e3o 17, 17-10<\/strong><\/p>\n<audio class=\"wp-audio-shortcode\" id=\"audio-20179-10\" preload=\"none\" style=\"width: 100%;\" controls=\"controls\"><source type=\"audio\/mpeg\" src=\"https:\/\/fjsp.org.br\/fjsp\/wp-content\/uploads\/2022\/03\/x-17-10-kaiwa.mp3?_=10\" \/><a href=\"https:\/\/fjsp.org.br\/fjsp\/wp-content\/uploads\/2022\/03\/x-17-10-kaiwa.mp3\">https:\/\/fjsp.org.br\/fjsp\/wp-content\/uploads\/2022\/03\/x-17-10-kaiwa.mp3<\/a><\/audio>\n<p>&nbsp;<\/p>\n<p><strong>Li\u00e7\u00e3o 17, 17-11<\/strong><\/p>\n<audio class=\"wp-audio-shortcode\" id=\"audio-20179-11\" preload=\"none\" style=\"width: 100%;\" controls=\"controls\"><source type=\"audio\/mpeg\" src=\"https:\/\/fjsp.org.br\/fjsp\/wp-content\/uploads\/2022\/03\/x-17-11-katachi1.mp3?_=11\" \/><a href=\"https:\/\/fjsp.org.br\/fjsp\/wp-content\/uploads\/2022\/03\/x-17-11-katachi1.mp3\">https:\/\/fjsp.org.br\/fjsp\/wp-content\/uploads\/2022\/03\/x-17-11-katachi1.mp3<\/a><\/audio>\n<p>&nbsp;<\/p>\n<p><strong>Li\u00e7\u00e3o 17, 17-12<\/strong><\/p>\n<audio class=\"wp-audio-shortcode\" id=\"audio-20179-12\" preload=\"none\" style=\"width: 100%;\" controls=\"controls\"><source type=\"audio\/mpeg\" src=\"https:\/\/fjsp.org.br\/fjsp\/wp-content\/uploads\/2022\/03\/x-17-12-katachi2.mp3?_=12\" \/><a href=\"https:\/\/fjsp.org.br\/fjsp\/wp-content\/uploads\/2022\/03\/x-17-12-katachi2.mp3\">https:\/\/fjsp.org.br\/fjsp\/wp-content\/uploads\/2022\/03\/x-17-12-katachi2.mp3<\/a><\/audio>\n<p>&nbsp;<\/p>\n<p><strong>Li\u00e7\u00e3o 17, 17-13<\/strong><\/p>\n<audio class=\"wp-audio-shortcode\" id=\"audio-20179-13\" preload=\"none\" style=\"width: 100%;\" controls=\"controls\"><source type=\"audio\/mpeg\" src=\"https:\/\/fjsp.org.br\/fjsp\/wp-content\/uploads\/2022\/03\/x-17-13-hanasu1.mp3?_=13\" \/><a href=\"https:\/\/fjsp.org.br\/fjsp\/wp-content\/uploads\/2022\/03\/x-17-13-hanasu1.mp3\">https:\/\/fjsp.org.br\/fjsp\/wp-content\/uploads\/2022\/03\/x-17-13-hanasu1.mp3<\/a><\/audio>\n<p>&nbsp;<\/p>\n<p><strong>Li\u00e7\u00e3o 17, 17-14<\/strong><\/p>\n<audio class=\"wp-audio-shortcode\" id=\"audio-20179-14\" preload=\"none\" style=\"width: 100%;\" controls=\"controls\"><source type=\"audio\/mpeg\" src=\"https:\/\/fjsp.org.br\/fjsp\/wp-content\/uploads\/2022\/03\/x-17-14-hanasu2.mp3?_=14\" \/><a href=\"https:\/\/fjsp.org.br\/fjsp\/wp-content\/uploads\/2022\/03\/x-17-14-hanasu2.mp3\">https:\/\/fjsp.org.br\/fjsp\/wp-content\/uploads\/2022\/03\/x-17-14-hanasu2.mp3<\/a><\/audio>\n<p>&nbsp;<\/p>\n","protected":false},"excerpt":{"rendered":"<p>Li\u00e7\u00e3o 17, 17-01 &nbsp; Li\u00e7\u00e3o 17, 17-02 &nbsp; Li\u00e7\u00e3o 17, 17-03 &nbsp; Li\u00e7\u00e3o 17, 17-04 &nbsp; Li\u00e7\u00e3o 17, 17-05 &nbsp; Li\u00e7\u00e3o 17, 17-06 &nbsp; Li\u00e7\u00e3o 17, 17-07 &nbsp; Li\u00e7\u00e3o 17, 17-08 &nbsp; Li\u00e7\u00e3o 17, 17-09 &nbsp; Li\u00e7\u00e3o 17, 17-10 &nbsp; Li\u00e7\u00e3o 17, 17-11 &nbsp; Li\u00e7\u00e3o 17, 17-12 &nbsp; Li\u00e7\u00e3o 17, 17-13 &nbsp; Li\u00e7\u00e3o 17, 17-14 [&hellip;]<\/p>\n","protected":false},"author":33,"featured_media":0,"parent":0,"menu_order":0,"comment_status":"closed","ping_status":"closed","template":"","meta":{"_acf_changed":false,"footnotes":""},"class_list":["post-20179","page","type-page","status-publish","hentry"],"acf":[],"_links":{"self":[{"href":"https:\/\/fjsp.org.br\/fjsp\/wp-json\/wp\/v2\/pages\/20179","targetHints":{"allow":["GET"]}}],"collection":[{"href":"https:\/\/fjsp.org.br\/fjsp\/wp-json\/wp\/v2\/pages"}],"about":[{"href":"https:\/\/fjsp.org.br\/fjsp\/wp-json\/wp\/v2\/types\/page"}],"author":[{"embeddable":true,"href":"https:\/\/fjsp.org.br\/fjsp\/wp-json\/wp\/v2\/users\/33"}],"replies":[{"embeddable":true,"href":"https:\/\/fjsp.org.br\/fjsp\/wp-json\/wp\/v2\/comments?post=20179"}],"version-history":[{"count":2,"href":"https:\/\/fjsp.org.br\/fjsp\/wp-json\/wp\/v2\/pages\/20179\/revisions"}],"predecessor-version":[{"id":20376,"href":"https:\/\/fjsp.org.br\/fjsp\/wp-json\/wp\/v2\/pages\/20179\/revisions\/20376"}],"wp:attachment":[{"href":"https:\/\/fjsp.org.br\/fjsp\/wp-json\/wp\/v2\/media?parent=20179"}],"curies":[{"name":"wp","href":"https:\/\/api.w.org\/{rel}","templated":true}]}}